{"id":4159,"date":"2020-08-04T15:33:44","date_gmt":"2020-08-04T13:33:44","guid":{"rendered":"https:\/\/bolting.eu\/?post_type=product&#038;p=4159"},"modified":"2025-08-17T22:19:53","modified_gmt":"2025-08-17T20:19:53","slug":"mini-trittanker-verzinkt","status":"publish","type":"product","link":"https:\/\/bolting.eu\/en\/shop\/mini-trittanker-verzinkt\/","title":{"rendered":"Mini Trittanker verzinkt 18mm"},"content":{"rendered":"<p>Unser Mini Trittanker verzinkt ist das Standard Produkt f\u00fcr den <a href=\"https:\/\/bolting.eu\/klettersteig-bau\/\">Klettersteigbau<\/a> bzw. den <a href=\"https:\/\/bolting.eu\/alpiner-wegebau\/\">alpinen Wegebau<\/a>. Der Trittanker ist aus verzinktem Stahl und somit recht korrosionsbest\u00e4ndig.<\/p>\n<p>Mit seiner Einbindetiefe von 150mm (Granit, Gneis, Schiefer) oder 250mm (Kalk, Konglomerat, Sandstein) ist er einerseits f\u00fcr alle Gesteinsarten bzw. Felsqualit\u00e4ten geeignet. Denn bei dieser Verankerungstiefe ist fester Halt garantiert. Zum anderen hat der Bewehrungsstahl durch die 18mm eine gute Haptik bzw. Reibung.<\/p>\n<h2>Eigenschaften Mini Trittanker verzinkt<\/h2>\n<ul>\n<li>Hersteller: <a href=\"https:\/\/bolting.eu\/produkt-kategorie\/vertical-evolution\/\">Vertical Evolution<\/a><\/li>\n<li>Material: verzinkter Bewehrungsstahl<\/li>\n<li>Durchmesser: 18mm<\/li>\n<li>Breite: immer 150mm<\/li>\n<li>Tiefe: 300mm oder 400mm<\/li>\n<li>Verankerungstiefe: 150mm bzw. 250mm<\/li>\n<li>konform EN 16869<\/li>\n<li>konform EN 16968<\/li>\n<li>super Haptik bzw. Reibung<\/li>\n<li>ideal auch f\u00fcr den Wegebau<\/li>\n<li>ben\u00f6tigter Bohrdurchmesser: 22mm<\/li>\n<li>empfohlene Bohrer: <a href=\"https:\/\/bolting.eu\/shop\/felsbohrer-fischer-sds-plus-quattric\/\">SDS plus Felsbohrer<\/a> oder <a href=\"https:\/\/bolting.eu\/shop\/gesteinsbohrer-fischer-sds-max-iv\/\">SDS Max Gesteinsbohrer<\/a><\/li>\n<li>L\u00e4nge 300mm = Einbindetiefe 150mm empfohlen f\u00fcr: Granit, Gneis, Schiefer sowie sehr &#8220;festes&#8221; bzw. &#8220;hartes&#8221; Gestein<\/li>\n<li>L\u00e4nge 400mm = Einbindetiefe 250mm empfohlen f\u00fcr: Kalk, Konglomerat, Sandstein sowie &#8220;schlechtes&#8221; bzw. &#8220;weiches&#8221; Gestein<\/li>\n<\/ul>\n<h3>Qualit\u00e4tskriterien<\/h3>\n<p>Gemeinsam mit Vertical Evolution haben wir folgende Qualit\u00e4tskriterien bei diesem Mini Trittanker umgesetzt.<\/p>\n<p>Erstens sind alle Anker sauber geschnitten und entgratet. D.h. es gibt keine spitzen oder gef\u00e4hrlichen &#8220;Splitter&#8221; die irgendwo abstehen.<\/p>\n<p>Zweitens sind alle geschnittenen Enden sauber abgeschliffen. D.h. es gibt keine \u00fcberstehenden R\u00e4nder. Folglich ist der angegebene Durchmesser garantiert! Beispielsweise bedeuten 18mm auch ganz exakt 18mm. Keinen Millimeter mehr!<\/p>\n<p>Drittens befinden sich die Rippen des Bewehrungsstahl in der richtigen Position. Anders ausgedr\u00fcckt. Die produktionsbedingte, durchgehende L\u00e4ngsrippe ist nie auf der Oberseite. Somit steigt man bei der Ben\u00fctzung als Tritt immer auf die griffigen kleinen Rippen.<\/p>\n<h3>Mini Trittanker verzinkt &#8211; Sonderw\u00fcnsche<\/h3>\n<p>Gerne erf\u00fcllen wir jeden Sonderwunsch unserer Kunden. Beispielsweise sind tiefere Setztiefen f\u00fcr besonders splittrigen Fels kein Problem. Ebenso fertigen wir gerne auch breitere Durchmesser f\u00fcr schneelastgeplagte Klettersteigabschnitte.<\/p>\n<p>Sendet uns einfach ein <a href=\"mailto:order@bolting.eu\" target=\"_blank\" rel=\"noopener noreferrer\">E-Mail<\/a> mit Eurer Anfrage bitte!<\/p>\n<h3>Passendes Zubeh\u00f6r<\/h3>\n<p>Um den schmalen Trittanker verzinkt verarbeiten zu k\u00f6nnen bieten wir nat\u00fcrlich auch gleich das passende Zubeh\u00f6r. Folgende Produkte wirst du noch ben\u00f6tigen:<\/p>\n<p>Erstens einen SDS plus Bohrer mit mind. 18mm Durchmesser. Gib dem Schaft unbedingt gen\u00fcgend Platz um ihn ordentlich verkleben zu k\u00f6nnen.<\/p>\n<p>Zweitens das richtige Zubeh\u00f6r f\u00fcr die Reinigung des Bohrlochs. Eine Stahl Lochb\u00fcrste sowie einen Ausbl\u00e4ser.<\/p>\n<p>Drittens ben\u00f6tigst du einen Hochleistungs Injektionsm\u00f6rtel inkl. Auspressistole und Statikmischer.<\/p>\n<h4><strong>Link Tipp<\/strong><\/h4>\n<p>Die <a href=\"https:\/\/www.tirol.gv.at\/fileadmin\/themen\/sport\/berg-und-ski\/downloads_berg_und_ski\/2019_Beilage_Klettersteig-Bauempfehlung.pdf\" target=\"_blank\" rel=\"noopener noreferrer\">Beilage zur Broch\u00fcre<\/a> &#8220;Kletter:Steige &#8211; Errichtung, Wartung, Sanierung (2014) informiert \u00fcber die aktuellen \u00c4nderungen zum Klettersteigbau aufgrund der Einf\u00fchrung der Klettersteignorm 16860:2018<\/p>\n<p>Darin enthalten sind auch Infos, was bei der Verarbeitung des Griffanker verzinkt zu beachten ist.<\/p>\n","protected":false},"excerpt":{"rendered":"<ul>\n<li>Hersteller: <a href=\"https:\/\/bolting.eu\/produkt-kategorie\/vertical-evolution\/\">Vertical Evolution<\/a><\/li>\n<li>Material: verzinkter Bewehrungsstahl<\/li>\n<li>Durchmesser 18mm<\/li>\n<li>Breite: immer 150mm<\/li>\n<li>Tiefe: 300mm oder 40mm<\/li>\n<li>Verankerungstiefe: 150mm bzw. 250mm<\/li>\n<li>konform EN 16869<\/li>\n<li>konform EN 16968<\/li>\n<li>super Haptik bzw. Reibung<\/li>\n<li>ideal auch f\u00fcr den Wegebau<\/li>\n<\/ul>\n","protected":false},"featured_media":4162,"comment_status":"open","ping_status":"closed","template":"","meta":[],"product_brand":[],"product_cat":[13407,260,14189,482],"product_tag":[],"class_list":{"0":"post-4159","1":"product","2":"type-product","3":"status-publish","4":"has-post-thumbnail","6":"product_cat-klettersteig-trittbuegel","7":"product_cat-material-fuer-klettersteigbau","8":"product_cat-materialien-fuer-wegebau","9":"product_cat-vertical-evolution","11":"first","12":"instock","13":"taxable","14":"shipping-taxable","15":"purchasable","16":"product-type-variable"},"yoast_head":"<!-- This site is optimized with the Yoast SEO Premium plugin v26.9 (Yoast SEO v26.9) - https:\/\/yoast.com\/product\/yoast-seo-premium-wordpress\/ -->\n<title>Mini Trittanker verzinkt 18mm online kaufen | bolting.eu<\/title>\n<meta name=\"description\" content=\"Hier findest Du den MINI TRITTANKER verzinkt zum Klettersteig- &amp; Wegebau. Ein 150mm breiter Klettersteig Tritt vom Kletterprofi aus \ud83c\udde6\ud83c\uddf9!\" \/>\n<meta name=\"robots\" content=\"index, follow, max-snippet:-1, max-image-preview:large, max-video-preview:-1\" \/>\n<link rel=\"canonical\" href=\"https:\/\/bolting.eu\/en\/shop\/mini-trittanker-verzinkt\/\" \/>\n<meta property=\"og:locale\" content=\"en_US\" \/>\n<meta property=\"og:type\" content=\"article\" \/>\n<meta property=\"og:title\" content=\"Mini Trittanker verzinkt 18mm\" \/>\n<meta property=\"og:description\" content=\"Hier findest Du den MINI TRITTANKER verzinkt zum Klettersteig- &amp; Wegebau. Ein 150mm breiter Klettersteig Tritt vom Kletterprofi aus \ud83c\udde6\ud83c\uddf9!\" \/>\n<meta property=\"og:url\" content=\"https:\/\/bolting.eu\/en\/shop\/mini-trittanker-verzinkt\/\" \/>\n<meta property=\"og:site_name\" content=\"bolting.eu\" \/>\n<meta property=\"article:publisher\" content=\"https:\/\/www.facebook.com\/bolting.eu\" \/>\n<meta property=\"article:modified_time\" content=\"2025-08-17T20:19:53+00:00\" \/>\n<meta property=\"og:image\" content=\"https:\/\/bolting.eu\/wp-content\/uploads\/2020\/08\/bolting.eu-Klettersteig-Trittbuegel-1.jpg\" \/>\n\t<meta property=\"og:image:width\" content=\"700\" \/>\n\t<meta property=\"og:image:height\" content=\"700\" \/>\n\t<meta property=\"og:image:type\" content=\"image\/jpeg\" \/>\n<meta name=\"twitter:card\" content=\"summary_large_image\" \/>\n<meta name=\"twitter:label1\" content=\"Availability\" \/>\n\t<meta name=\"twitter:data1\" content=\"In stock\" \/>\n<script type=\"application\/ld+json\" class=\"yoast-schema-graph\">{\"@context\":\"https:\/\/schema.org\",\"@graph\":[{\"@type\":[\"WebPage\",\"ItemPage\"],\"@id\":\"https:\/\/bolting.eu\/en\/shop\/mini-trittanker-verzinkt\/\",\"url\":\"https:\/\/bolting.eu\/en\/shop\/mini-trittanker-verzinkt\/\",\"name\":\"Mini Trittanker verzinkt 18mm online kaufen | bolting.eu\",\"isPartOf\":{\"@id\":\"https:\/\/bolting.eu\/en\/#website\"},\"primaryImageOfPage\":{\"@id\":\"https:\/\/bolting.eu\/en\/shop\/mini-trittanker-verzinkt\/#primaryimage\"},\"image\":{\"@id\":\"https:\/\/bolting.eu\/en\/shop\/mini-trittanker-verzinkt\/#primaryimage\"},\"thumbnailUrl\":\"https:\/\/bolting.eu\/wp-content\/uploads\/2020\/08\/bolting.eu-Klettersteig-Trittbuegel-1.jpg\",\"datePublished\":\"2020-08-04T13:33:44+00:00\",\"dateModified\":\"2025-08-17T20:19:53+00:00\",\"description\":\"Hier findest Du den MINI TRITTANKER verzinkt zum Klettersteig- & Wegebau. Ein 150mm breiter Klettersteig Tritt vom Kletterprofi aus \ud83c\udde6\ud83c\uddf9!\",\"breadcrumb\":{\"@id\":\"https:\/\/bolting.eu\/en\/shop\/mini-trittanker-verzinkt\/#breadcrumb\"},\"inLanguage\":\"en-US\",\"potentialAction\":[{\"@type\":\"ReadAction\",\"target\":[\"https:\/\/bolting.eu\/en\/shop\/mini-trittanker-verzinkt\/\"]}]},{\"@type\":\"ImageObject\",\"inLanguage\":\"en-US\",\"@id\":\"https:\/\/bolting.eu\/en\/shop\/mini-trittanker-verzinkt\/#primaryimage\",\"url\":\"https:\/\/bolting.eu\/wp-content\/uploads\/2020\/08\/bolting.eu-Klettersteig-Trittbuegel-1.jpg\",\"contentUrl\":\"https:\/\/bolting.eu\/wp-content\/uploads\/2020\/08\/bolting.eu-Klettersteig-Trittbuegel-1.jpg\",\"width\":700,\"height\":700,\"caption\":\"Das Bild zeigt einen Mini Trittanker verzinkt auf einem wei\u00dfem Quadrat. Man erkennt den Bewehrungsstahl mit seinen Rillen sowie die Dimensionen des silbernen Klettersteiganker sehr gut.\"},{\"@type\":\"BreadcrumbList\",\"@id\":\"https:\/\/bolting.eu\/en\/shop\/mini-trittanker-verzinkt\/#breadcrumb\",\"itemListElement\":[{\"@type\":\"ListItem\",\"position\":1,\"name\":\"Shop\",\"item\":\"https:\/\/bolting.eu\/en\/shop\/\"},{\"@type\":\"ListItem\",\"position\":2,\"name\":\"bolting products\",\"item\":\"https:\/\/bolting.eu\/en\/produkt-kategorie\/bolting-products\/\"},{\"@type\":\"ListItem\",\"position\":3,\"name\":\"Material f\u00fcr Klettersteigbau\",\"item\":\"https:\/\/bolting.eu\/produkt-kategorie\/einbohrartikel\/material-fuer-klettersteigbau\/\"},{\"@type\":\"ListItem\",\"position\":4,\"name\":\"Mini Trittanker verzinkt 18mm\"}]},{\"@type\":\"WebSite\",\"@id\":\"https:\/\/bolting.eu\/en\/#website\",\"url\":\"https:\/\/bolting.eu\/en\/\",\"name\":\"bolting.eu\",\"description\":\"we make climbs happen\",\"publisher\":{\"@id\":\"https:\/\/bolting.eu\/en\/#organization\"},\"potentialAction\":[{\"@type\":\"SearchAction\",\"target\":{\"@type\":\"EntryPoint\",\"urlTemplate\":\"https:\/\/bolting.eu\/en\/?s={search_term_string}\"},\"query-input\":{\"@type\":\"PropertyValueSpecification\",\"valueRequired\":true,\"valueName\":\"search_term_string\"}}],\"inLanguage\":\"en-US\"},{\"@type\":[\"Organization\",\"Place\",\"SportingGoodsStore\"],\"@id\":\"https:\/\/bolting.eu\/en\/#organization\",\"name\":\"bolting.eu\",\"url\":\"https:\/\/bolting.eu\/en\/\",\"logo\":{\"@id\":\"https:\/\/bolting.eu\/en\/shop\/mini-trittanker-verzinkt\/#local-main-organization-logo\"},\"image\":{\"@id\":\"https:\/\/bolting.eu\/en\/shop\/mini-trittanker-verzinkt\/#local-main-organization-logo\"},\"sameAs\":[\"https:\/\/www.facebook.com\/bolting.eu\",\"https:\/\/www.instagram.com\/bolting.eu\/\"],\"address\":{\"@id\":\"https:\/\/bolting.eu\/en\/shop\/mini-trittanker-verzinkt\/#local-main-place-address\"},\"geo\":{\"@type\":\"GeoCoordinates\",\"latitude\":\"47.264176340396226\",\"longitude\":\"11.380109057672346\"},\"telephone\":[\"+43 699 19083372\"],\"openingHoursSpecification\":[{\"@type\":\"OpeningHoursSpecification\",\"dayOfWeek\":[\"Monday\",\"Wednesday\",\"Friday\"],\"opens\":\"14:00\",\"closes\":\"18:00\"},{\"@type\":\"OpeningHoursSpecification\",\"dayOfWeek\":[\"Tuesday\",\"Thursday\",\"Saturday\",\"Sunday\"],\"opens\":\"00:00\",\"closes\":\"00:00\"}],\"email\":\"office@bolting.eu\",\"vatID\":\"ATU59999728\",\"priceRange\":\"$$\",\"currenciesAccepted\":\"Euro\"},{\"@type\":\"PostalAddress\",\"@id\":\"https:\/\/bolting.eu\/en\/shop\/mini-trittanker-verzinkt\/#local-main-place-address\",\"streetAddress\":\"Fischnalerstra\u00dfe 4\",\"addressLocality\":\"Innsbruck\",\"postalCode\":\"6020\",\"addressRegion\":\"Tirol\",\"addressCountry\":\"AT\"},{\"@type\":\"ImageObject\",\"inLanguage\":\"en-US\",\"@id\":\"https:\/\/bolting.eu\/en\/shop\/mini-trittanker-verzinkt\/#local-main-organization-logo\",\"url\":\"https:\/\/bolting.eu\/wp-content\/uploads\/2019\/09\/bolting-logo.png\",\"contentUrl\":\"https:\/\/bolting.eu\/wp-content\/uploads\/2019\/09\/bolting-logo.png\",\"width\":400,\"height\":211,\"caption\":\"bolting.eu\"}]}<\/script>\n<meta property=\"og:availability\" content=\"instock\" \/>\n<meta property=\"product:availability\" content=\"instock\" \/>\n<meta property=\"product:retailer_item_id\" content=\"VE023vz\" \/>\n<meta property=\"product:condition\" content=\"new\" \/>\n<meta name=\"geo.placename\" content=\"Innsbruck\" \/>\n<meta name=\"geo.position\" content=\"47.264176340396226;11.380109057672346\" \/>\n<meta name=\"geo.region\" content=\"Austria\" \/>\n<!-- \/ Yoast SEO Premium plugin. -->","yoast_head_json":{"title":"Mini Trittanker verzinkt 18mm online kaufen | bolting.eu","description":"Hier findest Du den MINI TRITTANKER verzinkt zum Klettersteig- & Wegebau. Ein 150mm breiter Klettersteig Tritt vom Kletterprofi aus \ud83c\udde6\ud83c\uddf9!","robots":{"index":"index","follow":"follow","max-snippet":"max-snippet:-1","max-image-preview":"max-image-preview:large","max-video-preview":"max-video-preview:-1"},"canonical":"https:\/\/bolting.eu\/en\/shop\/mini-trittanker-verzinkt\/","og_locale":"en_US","og_type":"article","og_title":"Mini Trittanker verzinkt 18mm","og_description":"Hier findest Du den MINI TRITTANKER verzinkt zum Klettersteig- & Wegebau. Ein 150mm breiter Klettersteig Tritt vom Kletterprofi aus \ud83c\udde6\ud83c\uddf9!","og_url":"https:\/\/bolting.eu\/en\/shop\/mini-trittanker-verzinkt\/","og_site_name":"bolting.eu","article_publisher":"https:\/\/www.facebook.com\/bolting.eu","article_modified_time":"2025-08-17T20:19:53+00:00","og_image":[{"width":700,"height":700,"url":"https:\/\/bolting.eu\/wp-content\/uploads\/2020\/08\/bolting.eu-Klettersteig-Trittbuegel-1.jpg","type":"image\/jpeg"}],"twitter_card":"summary_large_image","twitter_misc":{"Availability":"In stock"},"schema":{"@context":"https:\/\/schema.org","@graph":[{"@type":["WebPage","ItemPage"],"@id":"https:\/\/bolting.eu\/en\/shop\/mini-trittanker-verzinkt\/","url":"https:\/\/bolting.eu\/en\/shop\/mini-trittanker-verzinkt\/","name":"Mini Trittanker verzinkt 18mm online kaufen | bolting.eu","isPartOf":{"@id":"https:\/\/bolting.eu\/en\/#website"},"primaryImageOfPage":{"@id":"https:\/\/bolting.eu\/en\/shop\/mini-trittanker-verzinkt\/#primaryimage"},"image":{"@id":"https:\/\/bolting.eu\/en\/shop\/mini-trittanker-verzinkt\/#primaryimage"},"thumbnailUrl":"https:\/\/bolting.eu\/wp-content\/uploads\/2020\/08\/bolting.eu-Klettersteig-Trittbuegel-1.jpg","datePublished":"2020-08-04T13:33:44+00:00","dateModified":"2025-08-17T20:19:53+00:00","description":"Hier findest Du den MINI TRITTANKER verzinkt zum Klettersteig- & Wegebau. Ein 150mm breiter Klettersteig Tritt vom Kletterprofi aus \ud83c\udde6\ud83c\uddf9!","breadcrumb":{"@id":"https:\/\/bolting.eu\/en\/shop\/mini-trittanker-verzinkt\/#breadcrumb"},"inLanguage":"en-US","potentialAction":[{"@type":"ReadAction","target":["https:\/\/bolting.eu\/en\/shop\/mini-trittanker-verzinkt\/"]}]},{"@type":"ImageObject","inLanguage":"en-US","@id":"https:\/\/bolting.eu\/en\/shop\/mini-trittanker-verzinkt\/#primaryimage","url":"https:\/\/bolting.eu\/wp-content\/uploads\/2020\/08\/bolting.eu-Klettersteig-Trittbuegel-1.jpg","contentUrl":"https:\/\/bolting.eu\/wp-content\/uploads\/2020\/08\/bolting.eu-Klettersteig-Trittbuegel-1.jpg","width":700,"height":700,"caption":"Das Bild zeigt einen Mini Trittanker verzinkt auf einem wei\u00dfem Quadrat. Man erkennt den Bewehrungsstahl mit seinen Rillen sowie die Dimensionen des silbernen Klettersteiganker sehr gut."},{"@type":"BreadcrumbList","@id":"https:\/\/bolting.eu\/en\/shop\/mini-trittanker-verzinkt\/#breadcrumb","itemListElement":[{"@type":"ListItem","position":1,"name":"Shop","item":"https:\/\/bolting.eu\/en\/shop\/"},{"@type":"ListItem","position":2,"name":"bolting products","item":"https:\/\/bolting.eu\/en\/produkt-kategorie\/bolting-products\/"},{"@type":"ListItem","position":3,"name":"Material f\u00fcr Klettersteigbau","item":"https:\/\/bolting.eu\/produkt-kategorie\/einbohrartikel\/material-fuer-klettersteigbau\/"},{"@type":"ListItem","position":4,"name":"Mini Trittanker verzinkt 18mm"}]},{"@type":"WebSite","@id":"https:\/\/bolting.eu\/en\/#website","url":"https:\/\/bolting.eu\/en\/","name":"bolting.eu","description":"we make climbs happen","publisher":{"@id":"https:\/\/bolting.eu\/en\/#organization"},"potentialAction":[{"@type":"SearchAction","target":{"@type":"EntryPoint","urlTemplate":"https:\/\/bolting.eu\/en\/?s={search_term_string}"},"query-input":{"@type":"PropertyValueSpecification","valueRequired":true,"valueName":"search_term_string"}}],"inLanguage":"en-US"},{"@type":["Organization","Place","SportingGoodsStore"],"@id":"https:\/\/bolting.eu\/en\/#organization","name":"bolting.eu","url":"https:\/\/bolting.eu\/en\/","logo":{"@id":"https:\/\/bolting.eu\/en\/shop\/mini-trittanker-verzinkt\/#local-main-organization-logo"},"image":{"@id":"https:\/\/bolting.eu\/en\/shop\/mini-trittanker-verzinkt\/#local-main-organization-logo"},"sameAs":["https:\/\/www.facebook.com\/bolting.eu","https:\/\/www.instagram.com\/bolting.eu\/"],"address":{"@id":"https:\/\/bolting.eu\/en\/shop\/mini-trittanker-verzinkt\/#local-main-place-address"},"geo":{"@type":"GeoCoordinates","latitude":"47.264176340396226","longitude":"11.380109057672346"},"telephone":["+43 699 19083372"],"openingHoursSpecification":[{"@type":"OpeningHoursSpecification","dayOfWeek":["Monday","Wednesday","Friday"],"opens":"14:00","closes":"18:00"},{"@type":"OpeningHoursSpecification","dayOfWeek":["Tuesday","Thursday","Saturday","Sunday"],"opens":"00:00","closes":"00:00"}],"email":"office@bolting.eu","vatID":"ATU59999728","priceRange":"$$","currenciesAccepted":"Euro"},{"@type":"PostalAddress","@id":"https:\/\/bolting.eu\/en\/shop\/mini-trittanker-verzinkt\/#local-main-place-address","streetAddress":"Fischnalerstra\u00dfe 4","addressLocality":"Innsbruck","postalCode":"6020","addressRegion":"Tirol","addressCountry":"AT"},{"@type":"ImageObject","inLanguage":"en-US","@id":"https:\/\/bolting.eu\/en\/shop\/mini-trittanker-verzinkt\/#local-main-organization-logo","url":"https:\/\/bolting.eu\/wp-content\/uploads\/2019\/09\/bolting-logo.png","contentUrl":"https:\/\/bolting.eu\/wp-content\/uploads\/2019\/09\/bolting-logo.png","width":400,"height":211,"caption":"bolting.eu"}]},"og_availability":"instock","product_availability":"instock","product_retailer_item_id":"VE023vz","product_condition":"new","geo.placename":"Innsbruck","geo.position":{"lat":"47.264176340396226","long":"11.380109057672346"},"geo.region":"Austria"},"_links":{"self":[{"href":"https:\/\/bolting.eu\/en\/wp-json\/wp\/v2\/product\/4159","targetHints":{"allow":["GET"]}}],"collection":[{"href":"https:\/\/bolting.eu\/en\/wp-json\/wp\/v2\/product"}],"about":[{"href":"https:\/\/bolting.eu\/en\/wp-json\/wp\/v2\/types\/product"}],"replies":[{"embeddable":true,"href":"https:\/\/bolting.eu\/en\/wp-json\/wp\/v2\/comments?post=4159"}],"wp:featuredmedia":[{"embeddable":true,"href":"https:\/\/bolting.eu\/en\/wp-json\/wp\/v2\/media\/4162"}],"wp:attachment":[{"href":"https:\/\/bolting.eu\/en\/wp-json\/wp\/v2\/media?parent=4159"}],"wp:term":[{"taxonomy":"product_brand","embeddable":true,"href":"https:\/\/bolting.eu\/en\/wp-json\/wp\/v2\/product_brand?post=4159"},{"taxonomy":"product_cat","embeddable":true,"href":"https:\/\/bolting.eu\/en\/wp-json\/wp\/v2\/product_cat?post=4159"},{"taxonomy":"product_tag","embeddable":true,"href":"https:\/\/bolting.eu\/en\/wp-json\/wp\/v2\/product_tag?post=4159"}],"curies":[{"name":"wp","href":"https:\/\/api.w.org\/{rel}","templated":true}]}}