{"id":4153,"date":"2020-08-04T15:19:29","date_gmt":"2020-08-04T13:19:29","guid":{"rendered":"https:\/\/bolting.eu\/?post_type=product&#038;p=4153"},"modified":"2025-09-29T21:45:58","modified_gmt":"2025-09-29T19:45:58","slug":"mini-trittanker-edelstahl","status":"publish","type":"product","link":"https:\/\/bolting.eu\/en\/shop\/mini-trittanker-edelstahl\/","title":{"rendered":"Mini Trittanker Edelstahl 20mm"},"content":{"rendered":"<p>Unser Mini Trittanker Edelstahl mit 20mm Durchmesser ist das Standard Produkt f\u00fcr den hochwertigen <a href=\"https:\/\/bolting.eu\/klettersteig-bau\/\">Klettersteigbau<\/a> in AISI 304L bzw. A2 Stahl. Der Trittb\u00fcgel ist folglich sehr korrosionsbest\u00e4ndig.<\/p>\n<p>Mit seiner Einbindetiefe von 150mm ist er einerseits f\u00fcr alle Gesteinsarten bzw. Felsqualit\u00e4ten geeignet. Denn bei dieser Verankerungstiefe ist fester Halt garantiert. Zum anderen hat der Bewehrungsstahl durch die 20mm eine gute Haptik bzw. Reibung.<\/p>\n<h2>Eigenschaften Mini Trittanker Edelstahl<\/h2>\n<ul>\n<li>Hersteller: <a href=\"https:\/\/bolting.eu\/produkt-kategorie\/vertical-evolution\/\">Vertical Evolution<\/a><\/li>\n<li>Material: A2 Stahl &#8211; Bewehrungsstahl<\/li>\n<li>Durchmesser 20mm<\/li>\n<li>Breite: 150mm<\/li>\n<li>Tiefe: 300mm<\/li>\n<li>Verankerungstiefe: 150mm<\/li>\n<li>konform EN 16869<\/li>\n<li>konform EN 16968<\/li>\n<li>super Haptik bzw. Reibung<\/li>\n<li>ben\u00f6tigter Bohrloch Durchmesser: 24mm<\/li>\n<li>empfohlene Bohrer: <a href=\"https:\/\/bolting.eu\/shop\/felsbohrer-fischer-sds-plus-quattric\/\">SDS plus Felsbohrer<\/a> oder <a href=\"https:\/\/bolting.eu\/shop\/gesteinsbohrer-fischer-sds-max-iv\/\">SDS max Gesteinsbohrer<\/a><\/li>\n<\/ul>\n<h3>Qualit\u00e4tskriterien<\/h3>\n<p>Gemeinsam mit Vertical Evolution haben wir folgende Qualit\u00e4tskriterien bei diesem Edelstahl Trittanker umgesetzt.<\/p>\n<p>Erstens sind alle Anker sauber geschnitten und entgratet. D.h. es gibt keine spitzen oder gef\u00e4hrlichen &#8220;Splitter&#8221; die irgendwo abstehen.<\/p>\n<p>Zweitens sind alle geschnittenen Enden sauber abgeschliffen. D.h. es gibt keine \u00fcberstehenden R\u00e4nder. Folglich ist der angegebene Durchmesser garantiert! Beispielsweise bedeuten 20mm auch ganz exakt 20mm. Keinen Millimeter mehr!<\/p>\n<p>Drittens befinden sich die Rippen des Bewehrungsstahl in der richtigen Position. Anders ausgedr\u00fcckt. Die produktionsbedingte, durchgehende L\u00e4ngsrippe ist nie auf der Oberseite. Somit steigt man bei der Ben\u00fctzung als Tritt immer auf die griffigen kleinen Rippen.<\/p>\n<h3>Mini Trittanker Edelstahl &#8211; Sonderw\u00fcnsche<\/h3>\n<p>Gerne erf\u00fcllen wir jeden Sonderwunsch unserer Kunden. Beispielsweise sind tiefere Setztiefen f\u00fcr besonders splittrigen Fels kein Problem. Ebenso fertigen wir gerne auch breitere Durchmesser f\u00fcr schneelastgeplagte Klettersteigabschnitte.<\/p>\n<p>Sendet uns einfach ein <a href=\"mailto:order@bolting.eu\" target=\"_blank\" rel=\"noopener noreferrer\">E-Mail<\/a> mit Eurer Anfrage bitte!<\/p>\n<h3>Passendes Zubeh\u00f6r<\/h3>\n<p>Um den Mini Trittanker aus Edelstahl verarbeiten zu k\u00f6nnen bieten wir nat\u00fcrlich auch gleich das passende Zubeh\u00f6r. Folgende Produkte wirst du noch ben\u00f6tigen:<\/p>\n<p>Erstens einen SDS plus Bohrer mit mind. 24mm Durchmesser. Gib dem Schaft unbedingt gen\u00fcgend Platz um ihn ordentlich verkleben zu k\u00f6nnen. 22mm z.B. reichen unserer Erfahrung z.B. nicht aus.<\/p>\n<p>Zweitens das richtige Zubeh\u00f6r f\u00fcr die Reinigung des Bohrlochs. Eine Stahl Lochb\u00fcrste sowie einen Ausbl\u00e4ser.<\/p>\n<p>Drittens ben\u00f6tigst du einen Hochleistungs Injektionsm\u00f6rtel inkl. Auspressistole und Statikmischer.<\/p>\n<h4><strong>Link Tipp<\/strong><\/h4>\n<p>Die <a href=\"https:\/\/www.tirol.gv.at\/fileadmin\/themen\/sport\/berg-und-ski\/downloads_berg_und_ski\/2019_Beilage_Klettersteig-Bauempfehlung.pdf\" target=\"_blank\" rel=\"noopener noreferrer\">Beilage zur Broch\u00fcre<\/a> &#8220;Kletter:Steige &#8211; Errichtung, Wartung, Sanierung (2014) informiert \u00fcber die aktuellen \u00c4nderungen zum Klettersteigbau aufgrund der Einf\u00fchrung der Klettersteignorm 16860:2018<\/p>\n<p>Darin enthalten sind auch Infos, was bei der Verarbeitung des Griffanker verzinkt zu beachten ist.<\/p>\n","protected":false},"excerpt":{"rendered":"<ul>\n<li>Hersteller: <a href=\"https:\/\/bolting.eu\/produkt-kategorie\/vertical-evolution\/\">Vertical Evolution<\/a><\/li>\n<li>Material: A2 Stahl &#8211; Bewehrungsstahl<\/li>\n<li>Durchmesser 16mm<\/li>\n<li>Breite: 150mm<\/li>\n<li>Tiefe: 300mm<\/li>\n<li>Verankerungstiefe: 150mm<\/li>\n<li>konform EN 16869<\/li>\n<li>konform EN 16968<\/li>\n<li>super Haptik bzw. Reibung<\/li>\n<li>auch ideal im Wegebau<\/li>\n<\/ul>\n","protected":false},"featured_media":4157,"comment_status":"open","ping_status":"closed","template":"","meta":[],"product_brand":[],"product_cat":[260,482,13407],"product_tag":[],"class_list":{"0":"post-4153","1":"product","2":"type-product","3":"status-publish","4":"has-post-thumbnail","6":"product_cat-material-fuer-klettersteigbau","7":"product_cat-vertical-evolution","8":"product_cat-klettersteig-trittbuegel","10":"first","11":"instock","12":"taxable","13":"shipping-taxable","14":"purchasable","15":"product-type-simple"},"yoast_head":"<!-- This site is optimized with the Yoast SEO Premium plugin v26.9 (Yoast SEO v26.9) - https:\/\/yoast.com\/product\/yoast-seo-premium-wordpress\/ -->\n<title>Mini Trittanker Edelstahl 20mm f\u00fcr den Klettersteigbau | bolting.eu<\/title>\n<meta name=\"description\" content=\"Hier gibt\u00b4s den 20mm MINI TRITTANKER Edelstahl zum Klettersteigbau. Ein Klettersteig Tritt mit 150mm Breite vom Kletterprofi aus \ud83c\udde6\ud83c\uddf9!\" \/>\n<meta name=\"robots\" content=\"index, follow, max-snippet:-1, max-image-preview:large, max-video-preview:-1\" \/>\n<link rel=\"canonical\" href=\"https:\/\/bolting.eu\/en\/shop\/mini-trittanker-edelstahl\/\" \/>\n<meta property=\"og:locale\" content=\"en_US\" \/>\n<meta property=\"og:type\" content=\"article\" \/>\n<meta property=\"og:title\" content=\"Mini Trittanker Edelstahl 20mm\" \/>\n<meta property=\"og:description\" content=\"Hier gibt\u00b4s den 20mm MINI TRITTANKER Edelstahl zum Klettersteigbau. Ein Klettersteig Tritt mit 150mm Breite vom Kletterprofi aus \ud83c\udde6\ud83c\uddf9!\" \/>\n<meta property=\"og:url\" content=\"https:\/\/bolting.eu\/en\/shop\/mini-trittanker-edelstahl\/\" \/>\n<meta property=\"og:site_name\" content=\"bolting.eu\" \/>\n<meta property=\"article:publisher\" content=\"https:\/\/www.facebook.com\/bolting.eu\" \/>\n<meta property=\"article:modified_time\" content=\"2025-09-29T19:45:58+00:00\" \/>\n<meta property=\"og:image\" content=\"https:\/\/bolting.eu\/wp-content\/uploads\/2020\/08\/bolting.eu-Klettersteig-Trittbuegel.jpg\" \/>\n\t<meta property=\"og:image:width\" content=\"700\" \/>\n\t<meta property=\"og:image:height\" content=\"700\" \/>\n\t<meta property=\"og:image:type\" content=\"image\/jpeg\" \/>\n<meta name=\"twitter:card\" content=\"summary_large_image\" \/>\n<meta name=\"twitter:label1\" content=\"Price\" \/>\n\t<meta name=\"twitter:data1\" content=\"&euro;&nbsp;23,90\" \/>\n\t<meta name=\"twitter:label2\" content=\"Availability\" \/>\n\t<meta name=\"twitter:data2\" content=\"In stock\" \/>\n<script type=\"application\/ld+json\" class=\"yoast-schema-graph\">{\"@context\":\"https:\/\/schema.org\",\"@graph\":[{\"@type\":[\"WebPage\",\"ItemPage\"],\"@id\":\"https:\/\/bolting.eu\/en\/shop\/mini-trittanker-edelstahl\/\",\"url\":\"https:\/\/bolting.eu\/en\/shop\/mini-trittanker-edelstahl\/\",\"name\":\"Mini Trittanker Edelstahl 20mm f\u00fcr den Klettersteigbau | bolting.eu\",\"isPartOf\":{\"@id\":\"https:\/\/bolting.eu\/en\/#website\"},\"primaryImageOfPage\":{\"@id\":\"https:\/\/bolting.eu\/en\/shop\/mini-trittanker-edelstahl\/#primaryimage\"},\"image\":{\"@id\":\"https:\/\/bolting.eu\/en\/shop\/mini-trittanker-edelstahl\/#primaryimage\"},\"thumbnailUrl\":\"https:\/\/bolting.eu\/wp-content\/uploads\/2020\/08\/bolting.eu-Klettersteig-Trittbuegel.jpg\",\"datePublished\":\"2020-08-04T13:19:29+00:00\",\"dateModified\":\"2025-09-29T19:45:58+00:00\",\"description\":\"Hier gibt\u00b4s den 20mm MINI TRITTANKER Edelstahl zum Klettersteigbau. Ein Klettersteig Tritt mit 150mm Breite vom Kletterprofi aus \ud83c\udde6\ud83c\uddf9!\",\"breadcrumb\":{\"@id\":\"https:\/\/bolting.eu\/en\/shop\/mini-trittanker-edelstahl\/#breadcrumb\"},\"inLanguage\":\"en-US\",\"potentialAction\":[{\"@type\":\"ReadAction\",\"target\":[\"https:\/\/bolting.eu\/en\/shop\/mini-trittanker-edelstahl\/\"]}]},{\"@type\":\"ImageObject\",\"inLanguage\":\"en-US\",\"@id\":\"https:\/\/bolting.eu\/en\/shop\/mini-trittanker-edelstahl\/#primaryimage\",\"url\":\"https:\/\/bolting.eu\/wp-content\/uploads\/2020\/08\/bolting.eu-Klettersteig-Trittbuegel.jpg\",\"contentUrl\":\"https:\/\/bolting.eu\/wp-content\/uploads\/2020\/08\/bolting.eu-Klettersteig-Trittbuegel.jpg\",\"width\":700,\"height\":700,\"caption\":\"Das Bild zeigt einen Mini Trittanker Edelstahl auf einem wei\u00dfem Quadrat. Man erkennt den Bewehrungsstahl mit seinen Rillen sowie die Dimensionen des silbernen Klettersteiganker sehr gut.\"},{\"@type\":\"BreadcrumbList\",\"@id\":\"https:\/\/bolting.eu\/en\/shop\/mini-trittanker-edelstahl\/#breadcrumb\",\"itemListElement\":[{\"@type\":\"ListItem\",\"position\":1,\"name\":\"Shop\",\"item\":\"https:\/\/bolting.eu\/en\/shop\/\"},{\"@type\":\"ListItem\",\"position\":2,\"name\":\"bolting products\",\"item\":\"https:\/\/bolting.eu\/en\/produkt-kategorie\/bolting-products\/\"},{\"@type\":\"ListItem\",\"position\":3,\"name\":\"Material f\u00fcr Klettersteigbau\",\"item\":\"https:\/\/bolting.eu\/produkt-kategorie\/einbohrartikel\/material-fuer-klettersteigbau\/\"},{\"@type\":\"ListItem\",\"position\":4,\"name\":\"Mini Trittanker Edelstahl 20mm\"}]},{\"@type\":\"WebSite\",\"@id\":\"https:\/\/bolting.eu\/en\/#website\",\"url\":\"https:\/\/bolting.eu\/en\/\",\"name\":\"bolting.eu\",\"description\":\"we make climbs happen\",\"publisher\":{\"@id\":\"https:\/\/bolting.eu\/en\/#organization\"},\"potentialAction\":[{\"@type\":\"SearchAction\",\"target\":{\"@type\":\"EntryPoint\",\"urlTemplate\":\"https:\/\/bolting.eu\/en\/?s={search_term_string}\"},\"query-input\":{\"@type\":\"PropertyValueSpecification\",\"valueRequired\":true,\"valueName\":\"search_term_string\"}}],\"inLanguage\":\"en-US\"},{\"@type\":[\"Organization\",\"Place\",\"SportingGoodsStore\"],\"@id\":\"https:\/\/bolting.eu\/en\/#organization\",\"name\":\"bolting.eu\",\"url\":\"https:\/\/bolting.eu\/en\/\",\"logo\":{\"@id\":\"https:\/\/bolting.eu\/en\/shop\/mini-trittanker-edelstahl\/#local-main-organization-logo\"},\"image\":{\"@id\":\"https:\/\/bolting.eu\/en\/shop\/mini-trittanker-edelstahl\/#local-main-organization-logo\"},\"sameAs\":[\"https:\/\/www.facebook.com\/bolting.eu\",\"https:\/\/www.instagram.com\/bolting.eu\/\"],\"address\":{\"@id\":\"https:\/\/bolting.eu\/en\/shop\/mini-trittanker-edelstahl\/#local-main-place-address\"},\"geo\":{\"@type\":\"GeoCoordinates\",\"latitude\":\"47.264176340396226\",\"longitude\":\"11.380109057672346\"},\"telephone\":[\"+43 699 19083372\"],\"openingHoursSpecification\":[{\"@type\":\"OpeningHoursSpecification\",\"dayOfWeek\":[\"Monday\",\"Wednesday\",\"Friday\"],\"opens\":\"14:00\",\"closes\":\"18:00\"},{\"@type\":\"OpeningHoursSpecification\",\"dayOfWeek\":[\"Tuesday\",\"Thursday\",\"Saturday\",\"Sunday\"],\"opens\":\"00:00\",\"closes\":\"00:00\"}],\"email\":\"office@bolting.eu\",\"vatID\":\"ATU59999728\",\"priceRange\":\"$$\",\"currenciesAccepted\":\"Euro\"},{\"@type\":\"PostalAddress\",\"@id\":\"https:\/\/bolting.eu\/en\/shop\/mini-trittanker-edelstahl\/#local-main-place-address\",\"streetAddress\":\"Fischnalerstra\u00dfe 4\",\"addressLocality\":\"Innsbruck\",\"postalCode\":\"6020\",\"addressRegion\":\"Tirol\",\"addressCountry\":\"AT\"},{\"@type\":\"ImageObject\",\"inLanguage\":\"en-US\",\"@id\":\"https:\/\/bolting.eu\/en\/shop\/mini-trittanker-edelstahl\/#local-main-organization-logo\",\"url\":\"https:\/\/bolting.eu\/wp-content\/uploads\/2019\/09\/bolting-logo.png\",\"contentUrl\":\"https:\/\/bolting.eu\/wp-content\/uploads\/2019\/09\/bolting-logo.png\",\"width\":400,\"height\":211,\"caption\":\"bolting.eu\"}]}<\/script>\n<meta property=\"product:price:amount\" content=\"23.90\" \/>\n<meta property=\"product:price:currency\" content=\"EUR\" \/>\n<meta property=\"og:availability\" content=\"instock\" \/>\n<meta property=\"product:availability\" content=\"instock\" \/>\n<meta property=\"product:retailer_item_id\" content=\"VE023\" \/>\n<meta property=\"product:condition\" content=\"new\" \/>\n<meta name=\"geo.placename\" content=\"Innsbruck\" \/>\n<meta name=\"geo.position\" content=\"47.264176340396226;11.380109057672346\" \/>\n<meta name=\"geo.region\" content=\"Austria\" \/>\n<!-- \/ Yoast SEO Premium plugin. -->","yoast_head_json":{"title":"Mini Trittanker Edelstahl 20mm f\u00fcr den Klettersteigbau | bolting.eu","description":"Hier gibt\u00b4s den 20mm MINI TRITTANKER Edelstahl zum Klettersteigbau. Ein Klettersteig Tritt mit 150mm Breite vom Kletterprofi aus \ud83c\udde6\ud83c\uddf9!","robots":{"index":"index","follow":"follow","max-snippet":"max-snippet:-1","max-image-preview":"max-image-preview:large","max-video-preview":"max-video-preview:-1"},"canonical":"https:\/\/bolting.eu\/en\/shop\/mini-trittanker-edelstahl\/","og_locale":"en_US","og_type":"article","og_title":"Mini Trittanker Edelstahl 20mm","og_description":"Hier gibt\u00b4s den 20mm MINI TRITTANKER Edelstahl zum Klettersteigbau. Ein Klettersteig Tritt mit 150mm Breite vom Kletterprofi aus \ud83c\udde6\ud83c\uddf9!","og_url":"https:\/\/bolting.eu\/en\/shop\/mini-trittanker-edelstahl\/","og_site_name":"bolting.eu","article_publisher":"https:\/\/www.facebook.com\/bolting.eu","article_modified_time":"2025-09-29T19:45:58+00:00","og_image":[{"width":700,"height":700,"url":"https:\/\/bolting.eu\/wp-content\/uploads\/2020\/08\/bolting.eu-Klettersteig-Trittbuegel.jpg","type":"image\/jpeg"}],"twitter_card":"summary_large_image","twitter_misc":{"Price":"&euro;&nbsp;23,90","Availability":"In stock"},"schema":{"@context":"https:\/\/schema.org","@graph":[{"@type":["WebPage","ItemPage"],"@id":"https:\/\/bolting.eu\/en\/shop\/mini-trittanker-edelstahl\/","url":"https:\/\/bolting.eu\/en\/shop\/mini-trittanker-edelstahl\/","name":"Mini Trittanker Edelstahl 20mm f\u00fcr den Klettersteigbau | bolting.eu","isPartOf":{"@id":"https:\/\/bolting.eu\/en\/#website"},"primaryImageOfPage":{"@id":"https:\/\/bolting.eu\/en\/shop\/mini-trittanker-edelstahl\/#primaryimage"},"image":{"@id":"https:\/\/bolting.eu\/en\/shop\/mini-trittanker-edelstahl\/#primaryimage"},"thumbnailUrl":"https:\/\/bolting.eu\/wp-content\/uploads\/2020\/08\/bolting.eu-Klettersteig-Trittbuegel.jpg","datePublished":"2020-08-04T13:19:29+00:00","dateModified":"2025-09-29T19:45:58+00:00","description":"Hier gibt\u00b4s den 20mm MINI TRITTANKER Edelstahl zum Klettersteigbau. Ein Klettersteig Tritt mit 150mm Breite vom Kletterprofi aus \ud83c\udde6\ud83c\uddf9!","breadcrumb":{"@id":"https:\/\/bolting.eu\/en\/shop\/mini-trittanker-edelstahl\/#breadcrumb"},"inLanguage":"en-US","potentialAction":[{"@type":"ReadAction","target":["https:\/\/bolting.eu\/en\/shop\/mini-trittanker-edelstahl\/"]}]},{"@type":"ImageObject","inLanguage":"en-US","@id":"https:\/\/bolting.eu\/en\/shop\/mini-trittanker-edelstahl\/#primaryimage","url":"https:\/\/bolting.eu\/wp-content\/uploads\/2020\/08\/bolting.eu-Klettersteig-Trittbuegel.jpg","contentUrl":"https:\/\/bolting.eu\/wp-content\/uploads\/2020\/08\/bolting.eu-Klettersteig-Trittbuegel.jpg","width":700,"height":700,"caption":"Das Bild zeigt einen Mini Trittanker Edelstahl auf einem wei\u00dfem Quadrat. Man erkennt den Bewehrungsstahl mit seinen Rillen sowie die Dimensionen des silbernen Klettersteiganker sehr gut."},{"@type":"BreadcrumbList","@id":"https:\/\/bolting.eu\/en\/shop\/mini-trittanker-edelstahl\/#breadcrumb","itemListElement":[{"@type":"ListItem","position":1,"name":"Shop","item":"https:\/\/bolting.eu\/en\/shop\/"},{"@type":"ListItem","position":2,"name":"bolting products","item":"https:\/\/bolting.eu\/en\/produkt-kategorie\/bolting-products\/"},{"@type":"ListItem","position":3,"name":"Material f\u00fcr Klettersteigbau","item":"https:\/\/bolting.eu\/produkt-kategorie\/einbohrartikel\/material-fuer-klettersteigbau\/"},{"@type":"ListItem","position":4,"name":"Mini Trittanker Edelstahl 20mm"}]},{"@type":"WebSite","@id":"https:\/\/bolting.eu\/en\/#website","url":"https:\/\/bolting.eu\/en\/","name":"bolting.eu","description":"we make climbs happen","publisher":{"@id":"https:\/\/bolting.eu\/en\/#organization"},"potentialAction":[{"@type":"SearchAction","target":{"@type":"EntryPoint","urlTemplate":"https:\/\/bolting.eu\/en\/?s={search_term_string}"},"query-input":{"@type":"PropertyValueSpecification","valueRequired":true,"valueName":"search_term_string"}}],"inLanguage":"en-US"},{"@type":["Organization","Place","SportingGoodsStore"],"@id":"https:\/\/bolting.eu\/en\/#organization","name":"bolting.eu","url":"https:\/\/bolting.eu\/en\/","logo":{"@id":"https:\/\/bolting.eu\/en\/shop\/mini-trittanker-edelstahl\/#local-main-organization-logo"},"image":{"@id":"https:\/\/bolting.eu\/en\/shop\/mini-trittanker-edelstahl\/#local-main-organization-logo"},"sameAs":["https:\/\/www.facebook.com\/bolting.eu","https:\/\/www.instagram.com\/bolting.eu\/"],"address":{"@id":"https:\/\/bolting.eu\/en\/shop\/mini-trittanker-edelstahl\/#local-main-place-address"},"geo":{"@type":"GeoCoordinates","latitude":"47.264176340396226","longitude":"11.380109057672346"},"telephone":["+43 699 19083372"],"openingHoursSpecification":[{"@type":"OpeningHoursSpecification","dayOfWeek":["Monday","Wednesday","Friday"],"opens":"14:00","closes":"18:00"},{"@type":"OpeningHoursSpecification","dayOfWeek":["Tuesday","Thursday","Saturday","Sunday"],"opens":"00:00","closes":"00:00"}],"email":"office@bolting.eu","vatID":"ATU59999728","priceRange":"$$","currenciesAccepted":"Euro"},{"@type":"PostalAddress","@id":"https:\/\/bolting.eu\/en\/shop\/mini-trittanker-edelstahl\/#local-main-place-address","streetAddress":"Fischnalerstra\u00dfe 4","addressLocality":"Innsbruck","postalCode":"6020","addressRegion":"Tirol","addressCountry":"AT"},{"@type":"ImageObject","inLanguage":"en-US","@id":"https:\/\/bolting.eu\/en\/shop\/mini-trittanker-edelstahl\/#local-main-organization-logo","url":"https:\/\/bolting.eu\/wp-content\/uploads\/2019\/09\/bolting-logo.png","contentUrl":"https:\/\/bolting.eu\/wp-content\/uploads\/2019\/09\/bolting-logo.png","width":400,"height":211,"caption":"bolting.eu"}]},"product_price_amount":"23.90","product_price_currency":"EUR","og_availability":"instock","product_availability":"instock","product_retailer_item_id":"VE023","product_condition":"new","geo.placename":"Innsbruck","geo.position":{"lat":"47.264176340396226","long":"11.380109057672346"},"geo.region":"Austria"},"_links":{"self":[{"href":"https:\/\/bolting.eu\/en\/wp-json\/wp\/v2\/product\/4153","targetHints":{"allow":["GET"]}}],"collection":[{"href":"https:\/\/bolting.eu\/en\/wp-json\/wp\/v2\/product"}],"about":[{"href":"https:\/\/bolting.eu\/en\/wp-json\/wp\/v2\/types\/product"}],"replies":[{"embeddable":true,"href":"https:\/\/bolting.eu\/en\/wp-json\/wp\/v2\/comments?post=4153"}],"wp:featuredmedia":[{"embeddable":true,"href":"https:\/\/bolting.eu\/en\/wp-json\/wp\/v2\/media\/4157"}],"wp:attachment":[{"href":"https:\/\/bolting.eu\/en\/wp-json\/wp\/v2\/media?parent=4153"}],"wp:term":[{"taxonomy":"product_brand","embeddable":true,"href":"https:\/\/bolting.eu\/en\/wp-json\/wp\/v2\/product_brand?post=4153"},{"taxonomy":"product_cat","embeddable":true,"href":"https:\/\/bolting.eu\/en\/wp-json\/wp\/v2\/product_cat?post=4153"},{"taxonomy":"product_tag","embeddable":true,"href":"https:\/\/bolting.eu\/en\/wp-json\/wp\/v2\/product_tag?post=4153"}],"curies":[{"name":"wp","href":"https:\/\/api.w.org\/{rel}","templated":true}]}}