{"id":4136,"date":"2020-08-04T14:52:44","date_gmt":"2020-08-04T12:52:44","guid":{"rendered":"https:\/\/bolting.eu\/?post_type=product&#038;p=4136"},"modified":"2026-03-22T20:36:53","modified_gmt":"2026-03-22T19:36:53","slug":"trittanker-verzinkt-18mm","status":"publish","type":"product","link":"https:\/\/bolting.eu\/en\/shop\/trittanker-verzinkt-18mm\/","title":{"rendered":"Trittanker verzinkt 18mm"},"content":{"rendered":"<p>Unser Trittanker verzinkt 18mm ist das Standard Produkt f\u00fcr den <a href=\"https:\/\/bolting.eu\/klettersteig-bau\/\">Klettersteigbau<\/a> bzw. <a href=\"https:\/\/bolting.eu\/alpiner-wegebau\/\">alpinen Wegebau<\/a>. Folglich ist er einer unserer Bestseller in der Kategorie &#8220;<a href=\"https:\/\/bolting.eu\/produkt-kategorie\/material-fuer-klettersteigbau\/\">Material f\u00fcr Klettersteigbau<\/a>&#8220;.<\/p>\n<p>Mit seiner Einbindetiefe von 150mm ist er einerseits f\u00fcr alle Gesteinsarten bzw. Felsqualit\u00e4ten geeignet. Denn bei dieser Verankerungstiefe ist fester Halt garantiert. Zum anderen hat der Bewehrungsstahl durch die 18mm eine gute Haptik bzw. Reibung bei der Verwendung als Tritt.<\/p>\n<p>Den Trittanker gibt es in zwei Breiten. Erstens 300mm. Und zweitens 400mm. Somit kann man beim Bau auf die Verarbeitungs- bzw. nat\u00fcrlichen Felsformationen bestens reagieren.<\/p>\n<h2>Eigenschaften Trittanker verzinkt 18mm<\/h2>\n<ul>\n<li>Hersteller: <a href=\"https:\/\/bolting.eu\/produkt-kategorie\/vertical-evolution\/\">Vertical Evolution<\/a><\/li>\n<li>Material: verzinkter Bewehrungsstahl<\/li>\n<li>Durchmesser: 18mm<\/li>\n<li>Tiefe: immer 300mm<\/li>\n<li>Verankerungstiefe: immer 150mm<\/li>\n<li>Breiten: 300mm oder 400mm<\/li>\n<li>konform EN 16869<\/li>\n<li>konform EN 16968<\/li>\n<li>super Haptik bzw. Reibung<\/li>\n<li>ben\u00f6tigter Bohrloch Durchmesser: 22mm<\/li>\n<li>empfohlener Bohrer: <a href=\"https:\/\/bolting.eu\/shop\/felsbohrer-fischer-sds-plus-quattric\/\">SDS plus Felsbohrer <\/a>oder <a href=\"https:\/\/bolting.eu\/shop\/gesteinsbohrer-fischer-sds-max-iv\/\">SDS max Gesteinsbohrer<\/a><\/li>\n<\/ul>\n<h3>Qualit\u00e4tskriterien<\/h3>\n<p>Gemeinsam mit Vertical Evolution haben wir folgende Qualit\u00e4tskriterien bei diesem Trittanker umgesetzt.<\/p>\n<p>Erstens sind alle Anker sauber geschnitten und entgratet. D.h. es gibt keine spitzen oder gef\u00e4hrlichen &#8220;Splitter&#8221; die irgendwo abstehen.<\/p>\n<p>Zweitens sind alle geschnittenen Enden sauber abgeschliffen. D.h. es gibt keine \u00fcberstehenden R\u00e4nder. Folglich ist der angegebene Durchmesser garantiert! Beispielsweise bedeuten 18mm auch ganz exakt 18mm. Keinen Millimeter mehr!<\/p>\n<p>Drittens befinden sich die Rippen des Bewehrungsstahl in der richtigen Position. Anders ausgedr\u00fcckt. Die produktionsbedingte, durchgehende L\u00e4ngsrippe ist nie auf der Oberseite. Somit steigt man bei der Ben\u00fctzung als Tritt immer auf die griffigen kleinen Rippen.<\/p>\n<h3>Trittanker verzinkt 18mm &#8211; Sonderw\u00fcnsche<\/h3>\n<p>Gerne erf\u00fcllen wir jeden Sonderwunsch unserer Kunden. Beispielsweise sind l\u00e4ngere Setztiefen f\u00fcr besonders splittrigen Fels kein Problem. Ebenso fertigen wir gerne auch breitere Durchmesser f\u00fcr schneelastgeplagte Klettersteigabschnitte.<\/p>\n<p>Sendet uns einfach ein <a href=\"mailto:order@bolting.eu\" target=\"_blank\" rel=\"noopener noreferrer\">E-Mail<\/a> mit Eurer Anfrage bitte!<\/p>\n<h3>Passendes Zubeh\u00f6r<\/h3>\n<p>Um den Trittanker verzinkt mit 18mm Durchmesser verarbeiten zu k\u00f6nnen bieten wir nat\u00fcrlich auch gleich das passende Zubeh\u00f6r. Folgende Produkte wirst du noch ben\u00f6tigen:<\/p>\n<p>Erstens einen SDS plus Bohrer mit mind. 22mm Durchmesser. Gib dem Schaft unbedingt gen\u00fcgend Platz um ihn ordentlich verkleben zu k\u00f6nnen. 20mm reichen unserer Erfahrung da z.B. nicht aus.<\/p>\n<p>Zweitens das richtige Zubeh\u00f6r f\u00fcr die Reinigung des Bohrlochs. Eine Stahl Lochb\u00fcrste sowie einen Bohrloch <a href=\"https:\/\/bolting.eu\/shop\/fischer-ausblaeser\/\">Ausbl\u00e4ser<\/a>.<\/p>\n<p>Drittens ben\u00f6tigst du einen Hochleistungs Injektionsm\u00f6rtel inkl. Auspressistole und Statikmischer.<\/p>\n<h4><strong>Link Tipp<\/strong><\/h4>\n<p>Die <a href=\"https:\/\/www.tirol.gv.at\/fileadmin\/themen\/sport\/berg-und-ski\/downloads_berg_und_ski\/2019_Beilage_Klettersteig-Bauempfehlung.pdf\" target=\"_blank\" rel=\"noopener noreferrer\">Beilage zur Broch\u00fcre<\/a> &#8220;Kletter:Steige &#8211; Errichtung, Wartung, Sanierung (2014) informiert \u00fcber die aktuellen \u00c4nderungen zum Klettersteigbau aufgrund der Einf\u00fchrung der Klettersteignorm 16860:2018<\/p>\n<p>Darin enthalten sind auch Infos, was bei der Verarbeitung des Griffanker verzinkt zu beachten ist.<\/p>\n","protected":false},"excerpt":{"rendered":"<ul>\n<li>Hersteller: <a href=\"https:\/\/bolting.eu\/produkt-kategorie\/vertical-evolution\/\">Vertical Evolution<\/a><\/li>\n<li>Material: verzinkter Bewehrungsstahl<\/li>\n<li>Durchmesser: 18mm<\/li>\n<li>Tiefe: immer 300mm<\/li>\n<li>Verankerungstiefe: immer 150mm<\/li>\n<li>Breiten: 300mm oder 400mm<\/li>\n<li>konform EN 16869<\/li>\n<li>konform EN 16968<\/li>\n<li>super Haptik bzw. Reibung<\/li>\n<li>auch ideal im Wegebau<\/li>\n<\/ul>\n","protected":false},"featured_media":4134,"comment_status":"open","ping_status":"closed","template":"","meta":[],"product_brand":[],"product_cat":[13407,260,14189,482],"product_tag":[],"class_list":{"0":"post-4136","1":"product","2":"type-product","3":"status-publish","4":"has-post-thumbnail","6":"product_cat-klettersteig-trittbuegel","7":"product_cat-material-fuer-klettersteigbau","8":"product_cat-materialien-fuer-wegebau","9":"product_cat-vertical-evolution","11":"first","12":"instock","13":"taxable","14":"shipping-taxable","15":"purchasable","16":"product-type-variable"},"yoast_head":"<!-- This site is optimized with the Yoast SEO Premium plugin v26.9 (Yoast SEO v26.9) - https:\/\/yoast.com\/product\/yoast-seo-premium-wordpress\/ -->\n<title>Trittanker verzinkt 18mm zum Klettersteigbau kaufen | bolting.eu<\/title>\n<meta name=\"description\" content=\"Hier gibt\u00b4s den TRITTANKER VERZINKT 18mm zum Klettersteigbau. Ein Klettersteig Tritt mit 300mm oder 400mm Breite vom Kletterprofi aus \ud83c\udde6\ud83c\uddf9!\" \/>\n<meta name=\"robots\" content=\"index, follow, max-snippet:-1, max-image-preview:large, max-video-preview:-1\" \/>\n<link rel=\"canonical\" href=\"https:\/\/bolting.eu\/en\/shop\/trittanker-verzinkt-18mm\/\" \/>\n<meta property=\"og:locale\" content=\"en_US\" \/>\n<meta property=\"og:type\" content=\"article\" \/>\n<meta property=\"og:title\" content=\"Trittanker verzinkt 18mm\" \/>\n<meta property=\"og:description\" content=\"Hier gibt\u00b4s den TRITTANKER VERZINKT 18mm zum Klettersteigbau. Ein Klettersteig Tritt mit 300mm oder 400mm Breite vom Kletterprofi aus \ud83c\udde6\ud83c\uddf9!\" \/>\n<meta property=\"og:url\" content=\"https:\/\/bolting.eu\/en\/shop\/trittanker-verzinkt-18mm\/\" \/>\n<meta property=\"og:site_name\" content=\"bolting.eu\" \/>\n<meta property=\"article:publisher\" content=\"https:\/\/www.facebook.com\/bolting.eu\" \/>\n<meta property=\"article:modified_time\" content=\"2026-03-22T19:36:53+00:00\" \/>\n<meta property=\"og:image\" content=\"https:\/\/bolting.eu\/wp-content\/uploads\/2020\/08\/Trittanker-Edelstahl.jpg\" \/>\n\t<meta property=\"og:image:width\" content=\"700\" \/>\n\t<meta property=\"og:image:height\" content=\"700\" \/>\n\t<meta property=\"og:image:type\" content=\"image\/jpeg\" \/>\n<meta name=\"twitter:card\" content=\"summary_large_image\" \/>\n<meta name=\"twitter:label1\" content=\"Availability\" \/>\n\t<meta name=\"twitter:data1\" content=\"In stock\" \/>\n<script type=\"application\/ld+json\" class=\"yoast-schema-graph\">{\"@context\":\"https:\/\/schema.org\",\"@graph\":[{\"@type\":[\"WebPage\",\"ItemPage\"],\"@id\":\"https:\/\/bolting.eu\/en\/shop\/trittanker-verzinkt-18mm\/\",\"url\":\"https:\/\/bolting.eu\/en\/shop\/trittanker-verzinkt-18mm\/\",\"name\":\"Trittanker verzinkt 18mm zum Klettersteigbau kaufen | bolting.eu\",\"isPartOf\":{\"@id\":\"https:\/\/bolting.eu\/en\/#website\"},\"primaryImageOfPage\":{\"@id\":\"https:\/\/bolting.eu\/en\/shop\/trittanker-verzinkt-18mm\/#primaryimage\"},\"image\":{\"@id\":\"https:\/\/bolting.eu\/en\/shop\/trittanker-verzinkt-18mm\/#primaryimage\"},\"thumbnailUrl\":\"https:\/\/bolting.eu\/wp-content\/uploads\/2020\/08\/Trittanker-Edelstahl.jpg\",\"datePublished\":\"2020-08-04T12:52:44+00:00\",\"dateModified\":\"2026-03-22T19:36:53+00:00\",\"description\":\"Hier gibt\u00b4s den TRITTANKER VERZINKT 18mm zum Klettersteigbau. Ein Klettersteig Tritt mit 300mm oder 400mm Breite vom Kletterprofi aus \ud83c\udde6\ud83c\uddf9!\",\"breadcrumb\":{\"@id\":\"https:\/\/bolting.eu\/en\/shop\/trittanker-verzinkt-18mm\/#breadcrumb\"},\"inLanguage\":\"en-US\",\"potentialAction\":[{\"@type\":\"ReadAction\",\"target\":[\"https:\/\/bolting.eu\/en\/shop\/trittanker-verzinkt-18mm\/\"]}]},{\"@type\":\"ImageObject\",\"inLanguage\":\"en-US\",\"@id\":\"https:\/\/bolting.eu\/en\/shop\/trittanker-verzinkt-18mm\/#primaryimage\",\"url\":\"https:\/\/bolting.eu\/wp-content\/uploads\/2020\/08\/Trittanker-Edelstahl.jpg\",\"contentUrl\":\"https:\/\/bolting.eu\/wp-content\/uploads\/2020\/08\/Trittanker-Edelstahl.jpg\",\"width\":700,\"height\":700,\"caption\":\"Das Bild zeigt einen Trittanker verzinkt auf einem wei\u00dfem Quadrat. Man erkennt den Bewehrungsstahl mit seinen Rillen sowie die Dimensionen des silbernen Klettersteiganker sehr gut.\"},{\"@type\":\"BreadcrumbList\",\"@id\":\"https:\/\/bolting.eu\/en\/shop\/trittanker-verzinkt-18mm\/#breadcrumb\",\"itemListElement\":[{\"@type\":\"ListItem\",\"position\":1,\"name\":\"Shop\",\"item\":\"https:\/\/bolting.eu\/en\/shop\/\"},{\"@type\":\"ListItem\",\"position\":2,\"name\":\"bolting products\",\"item\":\"https:\/\/bolting.eu\/en\/produkt-kategorie\/bolting-products\/\"},{\"@type\":\"ListItem\",\"position\":3,\"name\":\"Material f\u00fcr Klettersteigbau\",\"item\":\"https:\/\/bolting.eu\/produkt-kategorie\/einbohrartikel\/material-fuer-klettersteigbau\/\"},{\"@type\":\"ListItem\",\"position\":4,\"name\":\"Trittanker verzinkt 18mm\"}]},{\"@type\":\"WebSite\",\"@id\":\"https:\/\/bolting.eu\/en\/#website\",\"url\":\"https:\/\/bolting.eu\/en\/\",\"name\":\"bolting.eu\",\"description\":\"we make climbs happen\",\"publisher\":{\"@id\":\"https:\/\/bolting.eu\/en\/#organization\"},\"potentialAction\":[{\"@type\":\"SearchAction\",\"target\":{\"@type\":\"EntryPoint\",\"urlTemplate\":\"https:\/\/bolting.eu\/en\/?s={search_term_string}\"},\"query-input\":{\"@type\":\"PropertyValueSpecification\",\"valueRequired\":true,\"valueName\":\"search_term_string\"}}],\"inLanguage\":\"en-US\"},{\"@type\":[\"Organization\",\"Place\",\"SportingGoodsStore\"],\"@id\":\"https:\/\/bolting.eu\/en\/#organization\",\"name\":\"bolting.eu\",\"url\":\"https:\/\/bolting.eu\/en\/\",\"logo\":{\"@id\":\"https:\/\/bolting.eu\/en\/shop\/trittanker-verzinkt-18mm\/#local-main-organization-logo\"},\"image\":{\"@id\":\"https:\/\/bolting.eu\/en\/shop\/trittanker-verzinkt-18mm\/#local-main-organization-logo\"},\"sameAs\":[\"https:\/\/www.facebook.com\/bolting.eu\",\"https:\/\/www.instagram.com\/bolting.eu\/\"],\"address\":{\"@id\":\"https:\/\/bolting.eu\/en\/shop\/trittanker-verzinkt-18mm\/#local-main-place-address\"},\"geo\":{\"@type\":\"GeoCoordinates\",\"latitude\":\"47.264176340396226\",\"longitude\":\"11.380109057672346\"},\"telephone\":[\"+43 699 19083372\"],\"openingHoursSpecification\":[{\"@type\":\"OpeningHoursSpecification\",\"dayOfWeek\":[\"Monday\",\"Wednesday\",\"Friday\"],\"opens\":\"14:00\",\"closes\":\"18:00\"},{\"@type\":\"OpeningHoursSpecification\",\"dayOfWeek\":[\"Tuesday\",\"Thursday\",\"Saturday\",\"Sunday\"],\"opens\":\"00:00\",\"closes\":\"00:00\"}],\"email\":\"office@bolting.eu\",\"vatID\":\"ATU59999728\",\"priceRange\":\"$$\",\"currenciesAccepted\":\"Euro\"},{\"@type\":\"PostalAddress\",\"@id\":\"https:\/\/bolting.eu\/en\/shop\/trittanker-verzinkt-18mm\/#local-main-place-address\",\"streetAddress\":\"Fischnalerstra\u00dfe 4\",\"addressLocality\":\"Innsbruck\",\"postalCode\":\"6020\",\"addressRegion\":\"Tirol\",\"addressCountry\":\"AT\"},{\"@type\":\"ImageObject\",\"inLanguage\":\"en-US\",\"@id\":\"https:\/\/bolting.eu\/en\/shop\/trittanker-verzinkt-18mm\/#local-main-organization-logo\",\"url\":\"https:\/\/bolting.eu\/wp-content\/uploads\/2019\/09\/bolting-logo.png\",\"contentUrl\":\"https:\/\/bolting.eu\/wp-content\/uploads\/2019\/09\/bolting-logo.png\",\"width\":400,\"height\":211,\"caption\":\"bolting.eu\"}]}<\/script>\n<meta property=\"og:availability\" content=\"instock\" \/>\n<meta property=\"product:availability\" content=\"instock\" \/>\n<meta property=\"product:retailer_item_id\" content=\"VE351NF-2-1\" \/>\n<meta property=\"product:condition\" content=\"new\" \/>\n<meta name=\"geo.placename\" content=\"Innsbruck\" \/>\n<meta name=\"geo.position\" content=\"47.264176340396226;11.380109057672346\" \/>\n<meta name=\"geo.region\" content=\"Austria\" \/>\n<!-- \/ Yoast SEO Premium plugin. -->","yoast_head_json":{"title":"Trittanker verzinkt 18mm zum Klettersteigbau kaufen | bolting.eu","description":"Hier gibt\u00b4s den TRITTANKER VERZINKT 18mm zum Klettersteigbau. Ein Klettersteig Tritt mit 300mm oder 400mm Breite vom Kletterprofi aus \ud83c\udde6\ud83c\uddf9!","robots":{"index":"index","follow":"follow","max-snippet":"max-snippet:-1","max-image-preview":"max-image-preview:large","max-video-preview":"max-video-preview:-1"},"canonical":"https:\/\/bolting.eu\/en\/shop\/trittanker-verzinkt-18mm\/","og_locale":"en_US","og_type":"article","og_title":"Trittanker verzinkt 18mm","og_description":"Hier gibt\u00b4s den TRITTANKER VERZINKT 18mm zum Klettersteigbau. Ein Klettersteig Tritt mit 300mm oder 400mm Breite vom Kletterprofi aus \ud83c\udde6\ud83c\uddf9!","og_url":"https:\/\/bolting.eu\/en\/shop\/trittanker-verzinkt-18mm\/","og_site_name":"bolting.eu","article_publisher":"https:\/\/www.facebook.com\/bolting.eu","article_modified_time":"2026-03-22T19:36:53+00:00","og_image":[{"width":700,"height":700,"url":"https:\/\/bolting.eu\/wp-content\/uploads\/2020\/08\/Trittanker-Edelstahl.jpg","type":"image\/jpeg"}],"twitter_card":"summary_large_image","twitter_misc":{"Availability":"In stock"},"schema":{"@context":"https:\/\/schema.org","@graph":[{"@type":["WebPage","ItemPage"],"@id":"https:\/\/bolting.eu\/en\/shop\/trittanker-verzinkt-18mm\/","url":"https:\/\/bolting.eu\/en\/shop\/trittanker-verzinkt-18mm\/","name":"Trittanker verzinkt 18mm zum Klettersteigbau kaufen | bolting.eu","isPartOf":{"@id":"https:\/\/bolting.eu\/en\/#website"},"primaryImageOfPage":{"@id":"https:\/\/bolting.eu\/en\/shop\/trittanker-verzinkt-18mm\/#primaryimage"},"image":{"@id":"https:\/\/bolting.eu\/en\/shop\/trittanker-verzinkt-18mm\/#primaryimage"},"thumbnailUrl":"https:\/\/bolting.eu\/wp-content\/uploads\/2020\/08\/Trittanker-Edelstahl.jpg","datePublished":"2020-08-04T12:52:44+00:00","dateModified":"2026-03-22T19:36:53+00:00","description":"Hier gibt\u00b4s den TRITTANKER VERZINKT 18mm zum Klettersteigbau. Ein Klettersteig Tritt mit 300mm oder 400mm Breite vom Kletterprofi aus \ud83c\udde6\ud83c\uddf9!","breadcrumb":{"@id":"https:\/\/bolting.eu\/en\/shop\/trittanker-verzinkt-18mm\/#breadcrumb"},"inLanguage":"en-US","potentialAction":[{"@type":"ReadAction","target":["https:\/\/bolting.eu\/en\/shop\/trittanker-verzinkt-18mm\/"]}]},{"@type":"ImageObject","inLanguage":"en-US","@id":"https:\/\/bolting.eu\/en\/shop\/trittanker-verzinkt-18mm\/#primaryimage","url":"https:\/\/bolting.eu\/wp-content\/uploads\/2020\/08\/Trittanker-Edelstahl.jpg","contentUrl":"https:\/\/bolting.eu\/wp-content\/uploads\/2020\/08\/Trittanker-Edelstahl.jpg","width":700,"height":700,"caption":"Das Bild zeigt einen Trittanker verzinkt auf einem wei\u00dfem Quadrat. Man erkennt den Bewehrungsstahl mit seinen Rillen sowie die Dimensionen des silbernen Klettersteiganker sehr gut."},{"@type":"BreadcrumbList","@id":"https:\/\/bolting.eu\/en\/shop\/trittanker-verzinkt-18mm\/#breadcrumb","itemListElement":[{"@type":"ListItem","position":1,"name":"Shop","item":"https:\/\/bolting.eu\/en\/shop\/"},{"@type":"ListItem","position":2,"name":"bolting products","item":"https:\/\/bolting.eu\/en\/produkt-kategorie\/bolting-products\/"},{"@type":"ListItem","position":3,"name":"Material f\u00fcr Klettersteigbau","item":"https:\/\/bolting.eu\/produkt-kategorie\/einbohrartikel\/material-fuer-klettersteigbau\/"},{"@type":"ListItem","position":4,"name":"Trittanker verzinkt 18mm"}]},{"@type":"WebSite","@id":"https:\/\/bolting.eu\/en\/#website","url":"https:\/\/bolting.eu\/en\/","name":"bolting.eu","description":"we make climbs happen","publisher":{"@id":"https:\/\/bolting.eu\/en\/#organization"},"potentialAction":[{"@type":"SearchAction","target":{"@type":"EntryPoint","urlTemplate":"https:\/\/bolting.eu\/en\/?s={search_term_string}"},"query-input":{"@type":"PropertyValueSpecification","valueRequired":true,"valueName":"search_term_string"}}],"inLanguage":"en-US"},{"@type":["Organization","Place","SportingGoodsStore"],"@id":"https:\/\/bolting.eu\/en\/#organization","name":"bolting.eu","url":"https:\/\/bolting.eu\/en\/","logo":{"@id":"https:\/\/bolting.eu\/en\/shop\/trittanker-verzinkt-18mm\/#local-main-organization-logo"},"image":{"@id":"https:\/\/bolting.eu\/en\/shop\/trittanker-verzinkt-18mm\/#local-main-organization-logo"},"sameAs":["https:\/\/www.facebook.com\/bolting.eu","https:\/\/www.instagram.com\/bolting.eu\/"],"address":{"@id":"https:\/\/bolting.eu\/en\/shop\/trittanker-verzinkt-18mm\/#local-main-place-address"},"geo":{"@type":"GeoCoordinates","latitude":"47.264176340396226","longitude":"11.380109057672346"},"telephone":["+43 699 19083372"],"openingHoursSpecification":[{"@type":"OpeningHoursSpecification","dayOfWeek":["Monday","Wednesday","Friday"],"opens":"14:00","closes":"18:00"},{"@type":"OpeningHoursSpecification","dayOfWeek":["Tuesday","Thursday","Saturday","Sunday"],"opens":"00:00","closes":"00:00"}],"email":"office@bolting.eu","vatID":"ATU59999728","priceRange":"$$","currenciesAccepted":"Euro"},{"@type":"PostalAddress","@id":"https:\/\/bolting.eu\/en\/shop\/trittanker-verzinkt-18mm\/#local-main-place-address","streetAddress":"Fischnalerstra\u00dfe 4","addressLocality":"Innsbruck","postalCode":"6020","addressRegion":"Tirol","addressCountry":"AT"},{"@type":"ImageObject","inLanguage":"en-US","@id":"https:\/\/bolting.eu\/en\/shop\/trittanker-verzinkt-18mm\/#local-main-organization-logo","url":"https:\/\/bolting.eu\/wp-content\/uploads\/2019\/09\/bolting-logo.png","contentUrl":"https:\/\/bolting.eu\/wp-content\/uploads\/2019\/09\/bolting-logo.png","width":400,"height":211,"caption":"bolting.eu"}]},"og_availability":"instock","product_availability":"instock","product_retailer_item_id":"VE351NF-2-1","product_condition":"new","geo.placename":"Innsbruck","geo.position":{"lat":"47.264176340396226","long":"11.380109057672346"},"geo.region":"Austria"},"_links":{"self":[{"href":"https:\/\/bolting.eu\/en\/wp-json\/wp\/v2\/product\/4136","targetHints":{"allow":["GET"]}}],"collection":[{"href":"https:\/\/bolting.eu\/en\/wp-json\/wp\/v2\/product"}],"about":[{"href":"https:\/\/bolting.eu\/en\/wp-json\/wp\/v2\/types\/product"}],"replies":[{"embeddable":true,"href":"https:\/\/bolting.eu\/en\/wp-json\/wp\/v2\/comments?post=4136"}],"wp:featuredmedia":[{"embeddable":true,"href":"https:\/\/bolting.eu\/en\/wp-json\/wp\/v2\/media\/4134"}],"wp:attachment":[{"href":"https:\/\/bolting.eu\/en\/wp-json\/wp\/v2\/media?parent=4136"}],"wp:term":[{"taxonomy":"product_brand","embeddable":true,"href":"https:\/\/bolting.eu\/en\/wp-json\/wp\/v2\/product_brand?post=4136"},{"taxonomy":"product_cat","embeddable":true,"href":"https:\/\/bolting.eu\/en\/wp-json\/wp\/v2\/product_cat?post=4136"},{"taxonomy":"product_tag","embeddable":true,"href":"https:\/\/bolting.eu\/en\/wp-json\/wp\/v2\/product_tag?post=4136"}],"curies":[{"name":"wp","href":"https:\/\/api.w.org\/{rel}","templated":true}]}}