{"id":4005,"date":"2020-07-01T10:14:58","date_gmt":"2020-07-01T08:14:58","guid":{"rendered":"https:\/\/bolting.eu\/?post_type=product&#038;p=4005"},"modified":"2025-06-23T09:40:34","modified_gmt":"2025-06-23T07:40:34","slug":"bolting-eu-10mm-superbolt-a4-2-expansionsglieder","status":"publish","type":"product","link":"https:\/\/bolting.eu\/en\/shop\/bolting-eu-10mm-superbolt-a4-2-expansionsglieder\/","title":{"rendered":"bolting.eu 10mm Superbolt A4 &#8211; 2 Expansionsglieder"},"content":{"rendered":"<p>Der bolting.eu 10mm Superbolt ist DIE L\u00f6sung f\u00fcr etwas weicheren Fels. Den <a href=\"https:\/\/bolting.eu\/produkt-kategorie\/bohrhaken\/\">Bohrhaken<\/a> haben wir gemeinsam mit unserem italienischen Hersteller speziell f\u00fcr\u00b4s Klettern entwickelt.<\/p>\n<p>Dieser Bolt vereint gleich einige tolle Features. Deswegen haben wir ihn &#8220;Superbolt&#8221; genannt.<\/p>\n<p>Erstens besteht er aus A4 Stahl \/ AISI 316 Stahl. D.h. er kann mit allen am Markt erh\u00e4ltlichen Bohrhakenlaschen verwendet werden. Denn diese bestehen in der Regel aus dem selben Material. Zweitens hat dieser Bolt 10mm Durchmesser. Folglich hat er den Standard Durchmesser f\u00fcr die meisten Einbohrprojekte. Und drittens ist das Kern Merkmal seine zwei Expansionsringe. Somit ist dieser Bohrhaken ideal f\u00fcr etwas weichere Gesteinsarten.<\/p>\n<h2>Eigenschaften bolting.eu 10mm Superbolt<\/h2>\n<ul>\n<li>Hersteller: von unserem italienischen Partner hergestellt f\u00fcr bolting.eu<\/li>\n<li>Stahl Qualit\u00e4t: A4 \/ AISI 316L Stahl<\/li>\n<li>Durchmesser: 10mm<\/li>\n<li>L\u00e4nge: 90mm<\/li>\n<li>Expansionsglieder: 2<\/li>\n<li>Drehmoment: 35kN<\/li>\n<li>max. Ausstandsl\u00e4nge: 10mm<\/li>\n<li>erforderliche Bohrdurchmesser: 10mm<\/li>\n<li>empfohlener Bohrer: Fischer SDS Quattric II<\/li>\n<\/ul>\n<p>&nbsp;<\/p>\n<h2>bolting.eu 10mm Superbolt &#8211; 2 Expansionsglieder<\/h2>\n<p>Durch seine 2 Expansionsglieder eignet sich der Superbolt ideal f\u00fcr weicheres Gestein. D.h. die Expansionsringe schieben sich in zweifacher Ausf\u00fchrung \u00fcber zwei unterschiedliche Konus Abschnitte. Somit entsteht eine gr\u00f6\u00dfere Reibung und gibt dem Bohrhaken extra mehr an Halt.<\/p>\n<p>Aber beachtet bitte. Ist das Gestein zu weich, kann auch der beste Expansionsanker nicht anziehen. Oder besser ausgedr\u00fcckt. Wenn das Gestein von Grund auf sehr weich ist, m\u00fcsst ihr <a href=\"https:\/\/bolting.eu\/produkt-kategorie\/klebehaken-buehlerhaken\/\">Klebehaken<\/a> verwenden. Wie z.B. im Sandstein, im Mergel oder im Tuff. Auch Urgesteine k\u00f6nnen sehr weiche Einschl\u00fcsse haben, ihr erkennt dies meist an extrem dunklem Bohrmehl und dass sich das Gestein ganz leicht bohren l\u00e4sst.<\/p>\n<h3>Praxis Tipp &#8211; Loch \u00fcberbohren<\/h3>\n<p>Wir empfehlen bei Expansionshaken generell das Loch zu &#8220;\u00fcberbohren&#8221;. D.h. das Loch ca. 1cm tiefer zu machen als den Bohrhaken. Denn so hat man sp\u00e4ter die Option, den Haken zu versenken wenn n\u00f6tig. \u00dcberdies kann man dann das Loch gegebenenfalls auch noch mit Kleber zuschmieren. Das ist die perfekte L\u00f6sung f\u00fcr die optische Erhaltung des Felsen.<\/p>\n<h4><strong>Link Tipp<\/strong><\/h4>\n<p>Besuche eines der sch\u00f6nsten Klettergebiete der Alpen. Schaue dir an welche tollen Gebiete man mit dem Superbolt eingerichtet wurden f\u00fcr das <a href=\"https:\/\/maltatal.rocks\" target=\"_blank\" rel=\"noopener noreferrer\">Klettern im Maltatal<\/a>.<\/p>\n","protected":false},"excerpt":{"rendered":"<ul>\n<li>Hersteller: von unserem italienischen Partner hergestellt f\u00fcr bolting.eu<\/li>\n<li>Stahl Qualit\u00e4t: A4 \/ AISI 316L Stahl<\/li>\n<li>Durchmesser: 10mm<\/li>\n<li>L\u00e4nge: 90mm<\/li>\n<li>Expansionsglieder: 2<\/li>\n<li>Drehmoment: 35kN<\/li>\n<li>max. Ausstandsl\u00e4nge: 10mm<\/li>\n<li>erforderliche Bohrdurchmesser: 10mm<\/li>\n<li>empfohlener Bohrer: <a href=\"https:\/\/bolting.eu\/shop\/bohrer-sds-quattric-ii\/\">Fischer SDS Quattric II<\/a><\/li>\n<\/ul>\n","protected":false},"featured_media":4006,"comment_status":"open","ping_status":"closed","template":"","meta":[],"product_brand":[],"product_cat":[32,4670],"product_tag":[1984],"class_list":{"0":"post-4005","1":"product","2":"type-product","3":"status-publish","4":"has-post-thumbnail","6":"product_cat-bohrhaken","7":"product_cat-eigenmarke","8":"product_tag-a4-stahl","10":"first","11":"outofstock","12":"taxable","13":"shipping-taxable","14":"purchasable","15":"product-type-simple"},"yoast_head":"<!-- This site is optimized with the Yoast SEO Premium plugin v26.9 (Yoast SEO v26.9) - https:\/\/yoast.com\/product\/yoast-seo-premium-wordpress\/ -->\n<title>bolting.eu 10mm Superbolt A4 - 2 Expansionsglieder kaufen | bolting.eu<\/title>\n<meta name=\"description\" content=\"Hier findest Du den bolting.eu 10mm SUPERBOLT A4 Stahl mit 2 Expansionsgliedern. Der perfekte Bohrhaken f\u00fcr weicheren Fels und extra starken Halt!\" \/>\n<meta name=\"robots\" content=\"index, follow, max-snippet:-1, max-image-preview:large, max-video-preview:-1\" \/>\n<link rel=\"canonical\" href=\"https:\/\/bolting.eu\/en\/shop\/bolting-eu-10mm-superbolt-a4-2-expansionsglieder\/\" \/>\n<meta property=\"og:locale\" content=\"en_US\" \/>\n<meta property=\"og:type\" content=\"article\" \/>\n<meta property=\"og:title\" content=\"bolting.eu 10mm Superbolt A4 - 2 Expansionsglieder\" \/>\n<meta property=\"og:description\" content=\"Hier findest Du den bolting.eu 10mm SUPERBOLT A4 Stahl mit 2 Expansionsgliedern. Der perfekte Bohrhaken f\u00fcr weicheren Fels und extra starken Halt!\" \/>\n<meta property=\"og:url\" content=\"https:\/\/bolting.eu\/en\/shop\/bolting-eu-10mm-superbolt-a4-2-expansionsglieder\/\" \/>\n<meta property=\"og:site_name\" content=\"bolting.eu\" \/>\n<meta property=\"article:publisher\" content=\"https:\/\/www.facebook.com\/bolting.eu\" \/>\n<meta property=\"article:modified_time\" content=\"2025-06-23T07:40:34+00:00\" \/>\n<meta property=\"og:image\" content=\"https:\/\/bolting.eu\/wp-content\/uploads\/2020\/07\/bolting.eu-10mm-Superbolt.jpg\" \/>\n\t<meta property=\"og:image:width\" content=\"700\" \/>\n\t<meta property=\"og:image:height\" content=\"700\" \/>\n\t<meta property=\"og:image:type\" content=\"image\/jpeg\" \/>\n<meta name=\"twitter:card\" content=\"summary_large_image\" \/>\n<meta name=\"twitter:label1\" content=\"Price\" \/>\n\t<meta name=\"twitter:data1\" content=\"&euro;&nbsp;3,39\" \/>\n\t<meta name=\"twitter:label2\" content=\"Availability\" \/>\n\t<meta name=\"twitter:data2\" content=\"Out of stock\" \/>\n<script type=\"application\/ld+json\" class=\"yoast-schema-graph\">{\"@context\":\"https:\/\/schema.org\",\"@graph\":[{\"@type\":[\"WebPage\",\"ItemPage\"],\"@id\":\"https:\/\/bolting.eu\/en\/shop\/bolting-eu-10mm-superbolt-a4-2-expansionsglieder\/\",\"url\":\"https:\/\/bolting.eu\/en\/shop\/bolting-eu-10mm-superbolt-a4-2-expansionsglieder\/\",\"name\":\"bolting.eu 10mm Superbolt A4 - 2 Expansionsglieder kaufen | bolting.eu\",\"isPartOf\":{\"@id\":\"https:\/\/bolting.eu\/en\/#website\"},\"primaryImageOfPage\":{\"@id\":\"https:\/\/bolting.eu\/en\/shop\/bolting-eu-10mm-superbolt-a4-2-expansionsglieder\/#primaryimage\"},\"image\":{\"@id\":\"https:\/\/bolting.eu\/en\/shop\/bolting-eu-10mm-superbolt-a4-2-expansionsglieder\/#primaryimage\"},\"thumbnailUrl\":\"https:\/\/bolting.eu\/wp-content\/uploads\/2020\/07\/bolting.eu-10mm-Superbolt.jpg\",\"datePublished\":\"2020-07-01T08:14:58+00:00\",\"dateModified\":\"2025-06-23T07:40:34+00:00\",\"description\":\"Hier findest Du den bolting.eu 10mm SUPERBOLT A4 Stahl mit 2 Expansionsgliedern. Der perfekte Bohrhaken f\u00fcr weicheren Fels und extra starken Halt!\",\"breadcrumb\":{\"@id\":\"https:\/\/bolting.eu\/en\/shop\/bolting-eu-10mm-superbolt-a4-2-expansionsglieder\/#breadcrumb\"},\"inLanguage\":\"en-US\",\"potentialAction\":[{\"@type\":\"ReadAction\",\"target\":[\"https:\/\/bolting.eu\/en\/shop\/bolting-eu-10mm-superbolt-a4-2-expansionsglieder\/\"]}]},{\"@type\":\"ImageObject\",\"inLanguage\":\"en-US\",\"@id\":\"https:\/\/bolting.eu\/en\/shop\/bolting-eu-10mm-superbolt-a4-2-expansionsglieder\/#primaryimage\",\"url\":\"https:\/\/bolting.eu\/wp-content\/uploads\/2020\/07\/bolting.eu-10mm-Superbolt.jpg\",\"contentUrl\":\"https:\/\/bolting.eu\/wp-content\/uploads\/2020\/07\/bolting.eu-10mm-Superbolt.jpg\",\"width\":700,\"height\":700,\"caption\":\"Das Bild zeigt den bolting.eu 10mm Superbolt. Der Bohrhaken liegt in Bildmitte waagrecht mit der Mutter links und den Expansionsgliedern rechts.\"},{\"@type\":\"BreadcrumbList\",\"@id\":\"https:\/\/bolting.eu\/en\/shop\/bolting-eu-10mm-superbolt-a4-2-expansionsglieder\/#breadcrumb\",\"itemListElement\":[{\"@type\":\"ListItem\",\"position\":1,\"name\":\"Shop\",\"item\":\"https:\/\/bolting.eu\/en\/shop\/\"},{\"@type\":\"ListItem\",\"position\":2,\"name\":\"Own brand\",\"item\":\"https:\/\/bolting.eu\/en\/produkt-kategorie\/own-brand\/\"},{\"@type\":\"ListItem\",\"position\":3,\"name\":\"bolting.eu 10mm Superbolt A4 &#8211; 2 Expansionsglieder\"}]},{\"@type\":\"WebSite\",\"@id\":\"https:\/\/bolting.eu\/en\/#website\",\"url\":\"https:\/\/bolting.eu\/en\/\",\"name\":\"bolting.eu\",\"description\":\"we make climbs happen\",\"publisher\":{\"@id\":\"https:\/\/bolting.eu\/en\/#organization\"},\"potentialAction\":[{\"@type\":\"SearchAction\",\"target\":{\"@type\":\"EntryPoint\",\"urlTemplate\":\"https:\/\/bolting.eu\/en\/?s={search_term_string}\"},\"query-input\":{\"@type\":\"PropertyValueSpecification\",\"valueRequired\":true,\"valueName\":\"search_term_string\"}}],\"inLanguage\":\"en-US\"},{\"@type\":[\"Organization\",\"Place\",\"SportingGoodsStore\"],\"@id\":\"https:\/\/bolting.eu\/en\/#organization\",\"name\":\"bolting.eu\",\"url\":\"https:\/\/bolting.eu\/en\/\",\"logo\":{\"@id\":\"https:\/\/bolting.eu\/en\/shop\/bolting-eu-10mm-superbolt-a4-2-expansionsglieder\/#local-main-organization-logo\"},\"image\":{\"@id\":\"https:\/\/bolting.eu\/en\/shop\/bolting-eu-10mm-superbolt-a4-2-expansionsglieder\/#local-main-organization-logo\"},\"sameAs\":[\"https:\/\/www.facebook.com\/bolting.eu\",\"https:\/\/www.instagram.com\/bolting.eu\/\"],\"address\":{\"@id\":\"https:\/\/bolting.eu\/en\/shop\/bolting-eu-10mm-superbolt-a4-2-expansionsglieder\/#local-main-place-address\"},\"geo\":{\"@type\":\"GeoCoordinates\",\"latitude\":\"47.264176340396226\",\"longitude\":\"11.380109057672346\"},\"telephone\":[\"+43 699 19083372\"],\"openingHoursSpecification\":[{\"@type\":\"OpeningHoursSpecification\",\"dayOfWeek\":[\"Monday\",\"Wednesday\",\"Friday\"],\"opens\":\"14:00\",\"closes\":\"18:00\"},{\"@type\":\"OpeningHoursSpecification\",\"dayOfWeek\":[\"Tuesday\",\"Thursday\",\"Saturday\",\"Sunday\"],\"opens\":\"00:00\",\"closes\":\"00:00\"}],\"email\":\"office@bolting.eu\",\"vatID\":\"ATU59999728\",\"priceRange\":\"$$\",\"currenciesAccepted\":\"Euro\"},{\"@type\":\"PostalAddress\",\"@id\":\"https:\/\/bolting.eu\/en\/shop\/bolting-eu-10mm-superbolt-a4-2-expansionsglieder\/#local-main-place-address\",\"streetAddress\":\"Fischnalerstra\u00dfe 4\",\"addressLocality\":\"Innsbruck\",\"postalCode\":\"6020\",\"addressRegion\":\"Tirol\",\"addressCountry\":\"AT\"},{\"@type\":\"ImageObject\",\"inLanguage\":\"en-US\",\"@id\":\"https:\/\/bolting.eu\/en\/shop\/bolting-eu-10mm-superbolt-a4-2-expansionsglieder\/#local-main-organization-logo\",\"url\":\"https:\/\/bolting.eu\/wp-content\/uploads\/2019\/09\/bolting-logo.png\",\"contentUrl\":\"https:\/\/bolting.eu\/wp-content\/uploads\/2019\/09\/bolting-logo.png\",\"width\":400,\"height\":211,\"caption\":\"bolting.eu\"}]}<\/script>\n<meta property=\"product:price:amount\" content=\"3.39\" \/>\n<meta property=\"product:price:currency\" content=\"EUR\" \/>\n<meta property=\"og:availability\" content=\"out of stock\" \/>\n<meta property=\"product:availability\" content=\"out of stock\" \/>\n<meta property=\"product:retailer_item_id\" content=\"SB10-190\" \/>\n<meta property=\"product:condition\" content=\"new\" \/>\n<meta name=\"geo.placename\" content=\"Innsbruck\" \/>\n<meta name=\"geo.position\" content=\"47.264176340396226;11.380109057672346\" \/>\n<meta name=\"geo.region\" content=\"Austria\" \/>\n<!-- \/ Yoast SEO Premium plugin. -->","yoast_head_json":{"title":"bolting.eu 10mm Superbolt A4 - 2 Expansionsglieder kaufen | bolting.eu","description":"Hier findest Du den bolting.eu 10mm SUPERBOLT A4 Stahl mit 2 Expansionsgliedern. Der perfekte Bohrhaken f\u00fcr weicheren Fels und extra starken Halt!","robots":{"index":"index","follow":"follow","max-snippet":"max-snippet:-1","max-image-preview":"max-image-preview:large","max-video-preview":"max-video-preview:-1"},"canonical":"https:\/\/bolting.eu\/en\/shop\/bolting-eu-10mm-superbolt-a4-2-expansionsglieder\/","og_locale":"en_US","og_type":"article","og_title":"bolting.eu 10mm Superbolt A4 - 2 Expansionsglieder","og_description":"Hier findest Du den bolting.eu 10mm SUPERBOLT A4 Stahl mit 2 Expansionsgliedern. Der perfekte Bohrhaken f\u00fcr weicheren Fels und extra starken Halt!","og_url":"https:\/\/bolting.eu\/en\/shop\/bolting-eu-10mm-superbolt-a4-2-expansionsglieder\/","og_site_name":"bolting.eu","article_publisher":"https:\/\/www.facebook.com\/bolting.eu","article_modified_time":"2025-06-23T07:40:34+00:00","og_image":[{"width":700,"height":700,"url":"https:\/\/bolting.eu\/wp-content\/uploads\/2020\/07\/bolting.eu-10mm-Superbolt.jpg","type":"image\/jpeg"}],"twitter_card":"summary_large_image","twitter_misc":{"Price":"&euro;&nbsp;3,39","Availability":"Out of stock"},"schema":{"@context":"https:\/\/schema.org","@graph":[{"@type":["WebPage","ItemPage"],"@id":"https:\/\/bolting.eu\/en\/shop\/bolting-eu-10mm-superbolt-a4-2-expansionsglieder\/","url":"https:\/\/bolting.eu\/en\/shop\/bolting-eu-10mm-superbolt-a4-2-expansionsglieder\/","name":"bolting.eu 10mm Superbolt A4 - 2 Expansionsglieder kaufen | bolting.eu","isPartOf":{"@id":"https:\/\/bolting.eu\/en\/#website"},"primaryImageOfPage":{"@id":"https:\/\/bolting.eu\/en\/shop\/bolting-eu-10mm-superbolt-a4-2-expansionsglieder\/#primaryimage"},"image":{"@id":"https:\/\/bolting.eu\/en\/shop\/bolting-eu-10mm-superbolt-a4-2-expansionsglieder\/#primaryimage"},"thumbnailUrl":"https:\/\/bolting.eu\/wp-content\/uploads\/2020\/07\/bolting.eu-10mm-Superbolt.jpg","datePublished":"2020-07-01T08:14:58+00:00","dateModified":"2025-06-23T07:40:34+00:00","description":"Hier findest Du den bolting.eu 10mm SUPERBOLT A4 Stahl mit 2 Expansionsgliedern. Der perfekte Bohrhaken f\u00fcr weicheren Fels und extra starken Halt!","breadcrumb":{"@id":"https:\/\/bolting.eu\/en\/shop\/bolting-eu-10mm-superbolt-a4-2-expansionsglieder\/#breadcrumb"},"inLanguage":"en-US","potentialAction":[{"@type":"ReadAction","target":["https:\/\/bolting.eu\/en\/shop\/bolting-eu-10mm-superbolt-a4-2-expansionsglieder\/"]}]},{"@type":"ImageObject","inLanguage":"en-US","@id":"https:\/\/bolting.eu\/en\/shop\/bolting-eu-10mm-superbolt-a4-2-expansionsglieder\/#primaryimage","url":"https:\/\/bolting.eu\/wp-content\/uploads\/2020\/07\/bolting.eu-10mm-Superbolt.jpg","contentUrl":"https:\/\/bolting.eu\/wp-content\/uploads\/2020\/07\/bolting.eu-10mm-Superbolt.jpg","width":700,"height":700,"caption":"Das Bild zeigt den bolting.eu 10mm Superbolt. Der Bohrhaken liegt in Bildmitte waagrecht mit der Mutter links und den Expansionsgliedern rechts."},{"@type":"BreadcrumbList","@id":"https:\/\/bolting.eu\/en\/shop\/bolting-eu-10mm-superbolt-a4-2-expansionsglieder\/#breadcrumb","itemListElement":[{"@type":"ListItem","position":1,"name":"Shop","item":"https:\/\/bolting.eu\/en\/shop\/"},{"@type":"ListItem","position":2,"name":"Own brand","item":"https:\/\/bolting.eu\/en\/produkt-kategorie\/own-brand\/"},{"@type":"ListItem","position":3,"name":"bolting.eu 10mm Superbolt A4 &#8211; 2 Expansionsglieder"}]},{"@type":"WebSite","@id":"https:\/\/bolting.eu\/en\/#website","url":"https:\/\/bolting.eu\/en\/","name":"bolting.eu","description":"we make climbs happen","publisher":{"@id":"https:\/\/bolting.eu\/en\/#organization"},"potentialAction":[{"@type":"SearchAction","target":{"@type":"EntryPoint","urlTemplate":"https:\/\/bolting.eu\/en\/?s={search_term_string}"},"query-input":{"@type":"PropertyValueSpecification","valueRequired":true,"valueName":"search_term_string"}}],"inLanguage":"en-US"},{"@type":["Organization","Place","SportingGoodsStore"],"@id":"https:\/\/bolting.eu\/en\/#organization","name":"bolting.eu","url":"https:\/\/bolting.eu\/en\/","logo":{"@id":"https:\/\/bolting.eu\/en\/shop\/bolting-eu-10mm-superbolt-a4-2-expansionsglieder\/#local-main-organization-logo"},"image":{"@id":"https:\/\/bolting.eu\/en\/shop\/bolting-eu-10mm-superbolt-a4-2-expansionsglieder\/#local-main-organization-logo"},"sameAs":["https:\/\/www.facebook.com\/bolting.eu","https:\/\/www.instagram.com\/bolting.eu\/"],"address":{"@id":"https:\/\/bolting.eu\/en\/shop\/bolting-eu-10mm-superbolt-a4-2-expansionsglieder\/#local-main-place-address"},"geo":{"@type":"GeoCoordinates","latitude":"47.264176340396226","longitude":"11.380109057672346"},"telephone":["+43 699 19083372"],"openingHoursSpecification":[{"@type":"OpeningHoursSpecification","dayOfWeek":["Monday","Wednesday","Friday"],"opens":"14:00","closes":"18:00"},{"@type":"OpeningHoursSpecification","dayOfWeek":["Tuesday","Thursday","Saturday","Sunday"],"opens":"00:00","closes":"00:00"}],"email":"office@bolting.eu","vatID":"ATU59999728","priceRange":"$$","currenciesAccepted":"Euro"},{"@type":"PostalAddress","@id":"https:\/\/bolting.eu\/en\/shop\/bolting-eu-10mm-superbolt-a4-2-expansionsglieder\/#local-main-place-address","streetAddress":"Fischnalerstra\u00dfe 4","addressLocality":"Innsbruck","postalCode":"6020","addressRegion":"Tirol","addressCountry":"AT"},{"@type":"ImageObject","inLanguage":"en-US","@id":"https:\/\/bolting.eu\/en\/shop\/bolting-eu-10mm-superbolt-a4-2-expansionsglieder\/#local-main-organization-logo","url":"https:\/\/bolting.eu\/wp-content\/uploads\/2019\/09\/bolting-logo.png","contentUrl":"https:\/\/bolting.eu\/wp-content\/uploads\/2019\/09\/bolting-logo.png","width":400,"height":211,"caption":"bolting.eu"}]},"product_price_amount":"3.39","product_price_currency":"EUR","og_availability":"out of stock","product_availability":"out of stock","product_retailer_item_id":"SB10-190","product_condition":"new","geo.placename":"Innsbruck","geo.position":{"lat":"47.264176340396226","long":"11.380109057672346"},"geo.region":"Austria"},"_links":{"self":[{"href":"https:\/\/bolting.eu\/en\/wp-json\/wp\/v2\/product\/4005","targetHints":{"allow":["GET"]}}],"collection":[{"href":"https:\/\/bolting.eu\/en\/wp-json\/wp\/v2\/product"}],"about":[{"href":"https:\/\/bolting.eu\/en\/wp-json\/wp\/v2\/types\/product"}],"replies":[{"embeddable":true,"href":"https:\/\/bolting.eu\/en\/wp-json\/wp\/v2\/comments?post=4005"}],"wp:featuredmedia":[{"embeddable":true,"href":"https:\/\/bolting.eu\/en\/wp-json\/wp\/v2\/media\/4006"}],"wp:attachment":[{"href":"https:\/\/bolting.eu\/en\/wp-json\/wp\/v2\/media?parent=4005"}],"wp:term":[{"taxonomy":"product_brand","embeddable":true,"href":"https:\/\/bolting.eu\/en\/wp-json\/wp\/v2\/product_brand?post=4005"},{"taxonomy":"product_cat","embeddable":true,"href":"https:\/\/bolting.eu\/en\/wp-json\/wp\/v2\/product_cat?post=4005"},{"taxonomy":"product_tag","embeddable":true,"href":"https:\/\/bolting.eu\/en\/wp-json\/wp\/v2\/product_tag?post=4005"}],"curies":[{"name":"wp","href":"https:\/\/api.w.org\/{rel}","templated":true}]}}