{"id":3997,"date":"2020-06-26T16:54:18","date_gmt":"2020-06-26T14:54:18","guid":{"rendered":"https:\/\/bolting.eu\/?post_type=product&#038;p=3997"},"modified":"2026-04-28T10:55:21","modified_gmt":"2026-04-28T08:55:21","slug":"edelrid-aramid-cord-sling-6mm","status":"publish","type":"product","link":"https:\/\/bolting.eu\/en\/shop\/edelrid-aramid-cord-sling-6mm\/","title":{"rendered":"Edelrid Aramid Cord Sling 6mm"},"content":{"rendered":"<p>Die Edelrid Aramid Cord Sling 6mm ist etwas f\u00fcr Alpinkletterer. Denn diese Aramid Schlinge ist super vielseitig einsetzbar. Sie kann einerseits als Express bzw. Zwischensicherung verwendet werden. Und andererseits zum Abbinden von Sanduhren und Felsk\u00f6pfen. Somit sind die zwei wichtigsten Verwendungszwecke abgedeckt.<\/p>\n<p>Dar\u00fcber hinaus wird die Schlinge aber auch oft als Abseilschlinge verwendet.<\/p>\n<p>Wie ein entsprechender <a href=\"https:\/\/bolting.eu\/produkt-kategorie\/kletterhelme\/\">Kletterhelm<\/a>, sollte sie in keiner Alpinausr\u00fcstung fehlen.<\/p>\n<h2>Eigenschaften Edelrid Aramid Cord Sling 6mm<\/h2>\n<ul>\n<li>Hersteller: Edelrid<\/li>\n<li>Material Kern: Aramid (Kevlar)<\/li>\n<li>Material Mantel: Polyamid<\/li>\n<li>Normen EN 566, EN 354, CE 0123<\/li>\n<li>Durchmesser: 6mm<\/li>\n<li>Gewicht: 28 &#8211; 67 Gramm<\/li>\n<li><strong>L\u00e4ngen (Umfang)<\/strong>: 40cm (80cm), 60cm (120cm), 90cm (180cm), 120cm (240cm)<\/li>\n<li>Zugfestigkeit: 22 kN<\/li>\n<li>besonders steif geflochten<\/li>\n<li>ideal zum F\u00e4deln von Sanduhren<\/li>\n<li>Gebrauchsanweisung beachten<\/li>\n<\/ul>\n<h3>Super steif geflochten<\/h3>\n<p>Die Aramid Schlinge wird extra steif geflochten. Denn somit kann man auch tiefe Sanduhren noch gezielt durchf\u00e4deln. Zudem gibt die Steifheit der Schlinge eine perfekte Haptik. Sie l\u00e4sst sich super angreifen, eben tief stecken und gut abbinden.<\/p>\n<h3>L\u00e4ngen Edelrid Aramid Cord Sling 6mm<\/h3>\n<p>Bei bolting.eu ist diese Aramid Schlinge in vier L\u00e4ngen erh\u00e4ltlich. Erstens in 40cm. Zweitens in 60cm. Drittens in 90cm und viertens in 120cm.<\/p>\n<p>Somit k\u00f6nnen wir alle Anwendungsf\u00e4lle ideal abdecken. Einerseits die Verwendung als verl\u00e4ngerbare <a href=\"https:\/\/bolting.eu\/produkt-kategorie\/expressschlingen\/\">Expressschlinge.<\/a> Und andererseits zum F\u00e4deln von Sanduhren oder das &#8220;Dr\u00fcberlegen&#8221; \u00fcber Felsk\u00f6pfe.<\/p>\n<h4><strong>40cm Schlinge<\/strong><\/h4>\n<p>Die ideale Dimension f\u00fcr &#8220;kleine&#8221; verl\u00e4ngerbare Expressschlingen bzw. Mini Sanduhren. Mit 80cm Umfang lassen sich mit der Edelrid Aramid Cord Sling 6mm zudem auch kleine Felsk\u00f6pfe als Zwischensicherung nutzen. Die kleinste Gr\u00f6\u00dfe in unserem Sortiment.<\/p>\n<h4><strong>60cm Schlinge<\/strong><\/h4>\n<p>DIE klassische Gr\u00f6\u00dfe f\u00fcr alpine Unternehmungen. Einerseits perfekt als <a href=\"https:\/\/bolting.eu\/verlaengerbare-expressschlinge\/\">verl\u00e4ngerbare Expressschlinge<\/a>. Andererseits ideal zum F\u00e4deln mittelgro\u00dfer Sanduhren.<\/p>\n<p>Zudem kann diese Edelrid Aramid Cord Sling 6mm auch f\u00fcr den Standplatz verwendet werden. Z.B. um zwei Sicherungspunkte in Serie zu schalten.<\/p>\n<p>Des weiteren kann man sie zum Abseilen verwenden. Sowohl als Schlinge f\u00fcr das Abseilger\u00e4t, als auch &#8220;abgebunden&#8221; als Prusikschlinge.<\/p>\n<h4><strong>90cm &#8211; Edelrid Aramid Cord Sling 6mm<\/strong><\/h4>\n<p>Diese Aramid Schlinge ist ideal um sie \u00fcber Felsk\u00f6pfe zu legen. Deshalb sollte sie in keiner Alpinausr\u00fcstung fehlen. Zudem kann man sie beim Standplatzbau verwenden. \u00dcberdies macht sie bei sehr gro\u00dfen Sanduhren ebenfalls eine gute Figur.<\/p>\n<h4><strong>120cm Schlinge<\/strong><\/h4>\n<p>Die l\u00e4ngste Version ist zum einen zum F\u00e4deln gro\u00dfer Sanduhren gedacht. D.h. dort, wo man eben eine l\u00e4ngere Schlinge braucht. Nat\u00fcrlich kann man sie auch \u00fcber gr\u00f6\u00dfere Felsk\u00f6pfe legen.<\/p>\n<p>Und zum anderen ist sie f\u00fcr den Standplatzbau sehr handy. Z.B. wenn die Fixpunkte nah aneinander liegen. Dann kann man sie wunderbar f\u00fcr eine Serienschaltung oder Ausgleichsverankerung verwenden.<\/p>\n","protected":false},"excerpt":{"rendered":"<p>Fix vern\u00e4hte 6mm Aramid Reepschnur Schlinge. Erh\u00e4ltlich mit 40cm, 60cm, 90cm und 120cm.<\/p>\n<p>Sie ist besonders schnittfest und\u00a0steif geflochten. Folglich ist sie ideal zum F\u00e4deln von Sanduhren bzw. Legen um Felsk\u00f6pfe.<\/p>\n<p>Versandkostenfrei bis 2kg in <img decoding=\"async\" class=\"emoji\" role=\"img\" draggable=\"false\" src=\"https:\/\/s.w.org\/images\/core\/emoji\/14.0.0\/svg\/1f1e6-1f1f9.svg\" alt=\"\ud83c\udde6\ud83c\uddf9\" \/> ab \u20ac 100,- und <img decoding=\"async\" class=\"emoji\" role=\"img\" draggable=\"false\" src=\"https:\/\/s.w.org\/images\/core\/emoji\/14.0.0\/svg\/1f1e9-1f1ea.svg\" alt=\"\ud83c\udde9\ud83c\uddea\" \/> ab \u20ac 200,-!<\/p>\n","protected":false},"featured_media":4000,"comment_status":"open","ping_status":"closed","template":"","meta":[],"product_brand":[],"product_cat":[14692,4655,29,55,259,9947],"product_tag":[9945,9946],"class_list":{"0":"post-3997","1":"product","2":"type-product","3":"status-publish","4":"has-post-thumbnail","6":"product_cat-seilschlingen","7":"product_cat-edelrid","8":"product_cat-kletterausruestung","9":"product_cat-reepschnur","10":"product_cat-bandschlinge","11":"product_cat-kevlar-reepschnur","12":"product_tag-aramid","13":"product_tag-kevlar","15":"first","16":"instock","17":"taxable","18":"shipping-taxable","19":"purchasable","20":"product-type-variable"},"yoast_head":"<!-- This site is optimized with the Yoast SEO Premium plugin v26.9 (Yoast SEO v26.9) - https:\/\/yoast.com\/product\/yoast-seo-premium-wordpress\/ -->\n<title>Edelrid Aramid Cord Sling 6mm: 40cm, 60cm und 90cm kaufen | bolting.eu<\/title>\n<meta name=\"description\" content=\"Hier findest Du die EDELRID ARAMID CORD SLING 6mm. Die perfekte Aramid Schlinge zum F\u00e4deln von Sanduhren mit 40cm, 60cm und 90cm L\u00e4nge jetzt online kaufen!\" \/>\n<meta name=\"robots\" content=\"index, follow, max-snippet:-1, max-image-preview:large, max-video-preview:-1\" \/>\n<link rel=\"canonical\" href=\"https:\/\/bolting.eu\/en\/shop\/edelrid-aramid-cord-sling-6mm\/\" \/>\n<meta property=\"og:locale\" content=\"en_US\" \/>\n<meta property=\"og:type\" content=\"article\" \/>\n<meta property=\"og:title\" content=\"Edelrid Aramid Cord Sling 6mm\" \/>\n<meta property=\"og:description\" content=\"Hier findest Du die EDELRID ARAMID CORD SLING 6mm. Die perfekte Aramid Schlinge zum F\u00e4deln von Sanduhren mit 40cm, 60cm und 90cm L\u00e4nge jetzt online kaufen!\" \/>\n<meta property=\"og:url\" content=\"https:\/\/bolting.eu\/en\/shop\/edelrid-aramid-cord-sling-6mm\/\" \/>\n<meta property=\"og:site_name\" content=\"bolting.eu\" \/>\n<meta property=\"article:publisher\" content=\"https:\/\/www.facebook.com\/bolting.eu\" \/>\n<meta property=\"article:modified_time\" content=\"2026-04-28T08:55:21+00:00\" \/>\n<meta property=\"og:image\" content=\"https:\/\/bolting.eu\/wp-content\/uploads\/2020\/06\/Edelrid-Aramid-Cord-Sling-6mm-40cm.jpg\" \/>\n\t<meta property=\"og:image:width\" content=\"700\" \/>\n\t<meta property=\"og:image:height\" content=\"700\" \/>\n\t<meta property=\"og:image:type\" content=\"image\/jpeg\" \/>\n<meta name=\"twitter:card\" content=\"summary_large_image\" \/>\n<meta name=\"twitter:label1\" content=\"Availability\" \/>\n\t<meta name=\"twitter:data1\" content=\"In stock\" \/>\n<script type=\"application\/ld+json\" class=\"yoast-schema-graph\">{\"@context\":\"https:\/\/schema.org\",\"@graph\":[{\"@type\":[\"WebPage\",\"ItemPage\"],\"@id\":\"https:\/\/bolting.eu\/en\/shop\/edelrid-aramid-cord-sling-6mm\/\",\"url\":\"https:\/\/bolting.eu\/en\/shop\/edelrid-aramid-cord-sling-6mm\/\",\"name\":\"Edelrid Aramid Cord Sling 6mm: 40cm, 60cm und 90cm kaufen | bolting.eu\",\"isPartOf\":{\"@id\":\"https:\/\/bolting.eu\/en\/#website\"},\"primaryImageOfPage\":{\"@id\":\"https:\/\/bolting.eu\/en\/shop\/edelrid-aramid-cord-sling-6mm\/#primaryimage\"},\"image\":{\"@id\":\"https:\/\/bolting.eu\/en\/shop\/edelrid-aramid-cord-sling-6mm\/#primaryimage\"},\"thumbnailUrl\":\"https:\/\/bolting.eu\/wp-content\/uploads\/2020\/06\/Edelrid-Aramid-Cord-Sling-6mm-40cm.jpg\",\"datePublished\":\"2020-06-26T14:54:18+00:00\",\"dateModified\":\"2026-04-28T08:55:21+00:00\",\"description\":\"Hier findest Du die EDELRID ARAMID CORD SLING 6mm. Die perfekte Aramid Schlinge zum F\u00e4deln von Sanduhren mit 40cm, 60cm und 90cm L\u00e4nge jetzt online kaufen!\",\"breadcrumb\":{\"@id\":\"https:\/\/bolting.eu\/en\/shop\/edelrid-aramid-cord-sling-6mm\/#breadcrumb\"},\"inLanguage\":\"en-US\",\"potentialAction\":[{\"@type\":\"ReadAction\",\"target\":[\"https:\/\/bolting.eu\/en\/shop\/edelrid-aramid-cord-sling-6mm\/\"]}]},{\"@type\":\"ImageObject\",\"inLanguage\":\"en-US\",\"@id\":\"https:\/\/bolting.eu\/en\/shop\/edelrid-aramid-cord-sling-6mm\/#primaryimage\",\"url\":\"https:\/\/bolting.eu\/wp-content\/uploads\/2020\/06\/Edelrid-Aramid-Cord-Sling-6mm-40cm.jpg\",\"contentUrl\":\"https:\/\/bolting.eu\/wp-content\/uploads\/2020\/06\/Edelrid-Aramid-Cord-Sling-6mm-40cm.jpg\",\"width\":700,\"height\":700,\"caption\":\"Das Bild zeigt die Edelrid Aramid Cord Sling 6mm. Zu sehen ist die blaue Aramid Schlinge mit einem Loop nach oben auf einem wei\u00dfem Quadrat.\"},{\"@type\":\"BreadcrumbList\",\"@id\":\"https:\/\/bolting.eu\/en\/shop\/edelrid-aramid-cord-sling-6mm\/#breadcrumb\",\"itemListElement\":[{\"@type\":\"ListItem\",\"position\":1,\"name\":\"Shop\",\"item\":\"https:\/\/bolting.eu\/en\/shop\/\"},{\"@type\":\"ListItem\",\"position\":2,\"name\":\"climbing equipment\",\"item\":\"https:\/\/bolting.eu\/en\/produkt-kategorie\/climbing-equipment\/\"},{\"@type\":\"ListItem\",\"position\":3,\"name\":\"Reepschnur\",\"item\":\"https:\/\/bolting.eu\/produkt-kategorie\/kletterausruestung\/reepschnur\/\"},{\"@type\":\"ListItem\",\"position\":4,\"name\":\"Kevlar Reepschnur\",\"item\":\"https:\/\/bolting.eu\/produkt-kategorie\/kletterausruestung\/reepschnur\/kevlar-reepschnur\/\"},{\"@type\":\"ListItem\",\"position\":5,\"name\":\"Edelrid Aramid Cord Sling 6mm\"}]},{\"@type\":\"WebSite\",\"@id\":\"https:\/\/bolting.eu\/en\/#website\",\"url\":\"https:\/\/bolting.eu\/en\/\",\"name\":\"bolting.eu\",\"description\":\"we make climbs happen\",\"publisher\":{\"@id\":\"https:\/\/bolting.eu\/en\/#organization\"},\"potentialAction\":[{\"@type\":\"SearchAction\",\"target\":{\"@type\":\"EntryPoint\",\"urlTemplate\":\"https:\/\/bolting.eu\/en\/?s={search_term_string}\"},\"query-input\":{\"@type\":\"PropertyValueSpecification\",\"valueRequired\":true,\"valueName\":\"search_term_string\"}}],\"inLanguage\":\"en-US\"},{\"@type\":[\"Organization\",\"Place\",\"SportingGoodsStore\"],\"@id\":\"https:\/\/bolting.eu\/en\/#organization\",\"name\":\"bolting.eu\",\"url\":\"https:\/\/bolting.eu\/en\/\",\"logo\":{\"@id\":\"https:\/\/bolting.eu\/en\/shop\/edelrid-aramid-cord-sling-6mm\/#local-main-organization-logo\"},\"image\":{\"@id\":\"https:\/\/bolting.eu\/en\/shop\/edelrid-aramid-cord-sling-6mm\/#local-main-organization-logo\"},\"sameAs\":[\"https:\/\/www.facebook.com\/bolting.eu\",\"https:\/\/www.instagram.com\/bolting.eu\/\"],\"address\":{\"@id\":\"https:\/\/bolting.eu\/en\/shop\/edelrid-aramid-cord-sling-6mm\/#local-main-place-address\"},\"geo\":{\"@type\":\"GeoCoordinates\",\"latitude\":\"47.264176340396226\",\"longitude\":\"11.380109057672346\"},\"telephone\":[\"+43 699 19083372\"],\"openingHoursSpecification\":[{\"@type\":\"OpeningHoursSpecification\",\"dayOfWeek\":[\"Monday\",\"Wednesday\",\"Friday\"],\"opens\":\"14:00\",\"closes\":\"18:00\"},{\"@type\":\"OpeningHoursSpecification\",\"dayOfWeek\":[\"Tuesday\",\"Thursday\",\"Saturday\",\"Sunday\"],\"opens\":\"00:00\",\"closes\":\"00:00\"}],\"email\":\"office@bolting.eu\",\"vatID\":\"ATU59999728\",\"priceRange\":\"$$\",\"currenciesAccepted\":\"Euro\"},{\"@type\":\"PostalAddress\",\"@id\":\"https:\/\/bolting.eu\/en\/shop\/edelrid-aramid-cord-sling-6mm\/#local-main-place-address\",\"streetAddress\":\"Fischnalerstra\u00dfe 4\",\"addressLocality\":\"Innsbruck\",\"postalCode\":\"6020\",\"addressRegion\":\"Tirol\",\"addressCountry\":\"AT\"},{\"@type\":\"ImageObject\",\"inLanguage\":\"en-US\",\"@id\":\"https:\/\/bolting.eu\/en\/shop\/edelrid-aramid-cord-sling-6mm\/#local-main-organization-logo\",\"url\":\"https:\/\/bolting.eu\/wp-content\/uploads\/2019\/09\/bolting-logo.png\",\"contentUrl\":\"https:\/\/bolting.eu\/wp-content\/uploads\/2019\/09\/bolting-logo.png\",\"width\":400,\"height\":211,\"caption\":\"bolting.eu\"}]}<\/script>\n<meta property=\"og:availability\" content=\"instock\" \/>\n<meta property=\"product:availability\" content=\"instock\" \/>\n<meta property=\"product:condition\" content=\"new\" \/>\n<meta name=\"geo.placename\" content=\"Innsbruck\" \/>\n<meta name=\"geo.position\" content=\"47.264176340396226;11.380109057672346\" \/>\n<meta name=\"geo.region\" content=\"Austria\" \/>\n<!-- \/ Yoast SEO Premium plugin. -->","yoast_head_json":{"title":"Edelrid Aramid Cord Sling 6mm: 40cm, 60cm und 90cm kaufen | bolting.eu","description":"Hier findest Du die EDELRID ARAMID CORD SLING 6mm. Die perfekte Aramid Schlinge zum F\u00e4deln von Sanduhren mit 40cm, 60cm und 90cm L\u00e4nge jetzt online kaufen!","robots":{"index":"index","follow":"follow","max-snippet":"max-snippet:-1","max-image-preview":"max-image-preview:large","max-video-preview":"max-video-preview:-1"},"canonical":"https:\/\/bolting.eu\/en\/shop\/edelrid-aramid-cord-sling-6mm\/","og_locale":"en_US","og_type":"article","og_title":"Edelrid Aramid Cord Sling 6mm","og_description":"Hier findest Du die EDELRID ARAMID CORD SLING 6mm. Die perfekte Aramid Schlinge zum F\u00e4deln von Sanduhren mit 40cm, 60cm und 90cm L\u00e4nge jetzt online kaufen!","og_url":"https:\/\/bolting.eu\/en\/shop\/edelrid-aramid-cord-sling-6mm\/","og_site_name":"bolting.eu","article_publisher":"https:\/\/www.facebook.com\/bolting.eu","article_modified_time":"2026-04-28T08:55:21+00:00","og_image":[{"width":700,"height":700,"url":"https:\/\/bolting.eu\/wp-content\/uploads\/2020\/06\/Edelrid-Aramid-Cord-Sling-6mm-40cm.jpg","type":"image\/jpeg"}],"twitter_card":"summary_large_image","twitter_misc":{"Availability":"In stock"},"schema":{"@context":"https:\/\/schema.org","@graph":[{"@type":["WebPage","ItemPage"],"@id":"https:\/\/bolting.eu\/en\/shop\/edelrid-aramid-cord-sling-6mm\/","url":"https:\/\/bolting.eu\/en\/shop\/edelrid-aramid-cord-sling-6mm\/","name":"Edelrid Aramid Cord Sling 6mm: 40cm, 60cm und 90cm kaufen | bolting.eu","isPartOf":{"@id":"https:\/\/bolting.eu\/en\/#website"},"primaryImageOfPage":{"@id":"https:\/\/bolting.eu\/en\/shop\/edelrid-aramid-cord-sling-6mm\/#primaryimage"},"image":{"@id":"https:\/\/bolting.eu\/en\/shop\/edelrid-aramid-cord-sling-6mm\/#primaryimage"},"thumbnailUrl":"https:\/\/bolting.eu\/wp-content\/uploads\/2020\/06\/Edelrid-Aramid-Cord-Sling-6mm-40cm.jpg","datePublished":"2020-06-26T14:54:18+00:00","dateModified":"2026-04-28T08:55:21+00:00","description":"Hier findest Du die EDELRID ARAMID CORD SLING 6mm. Die perfekte Aramid Schlinge zum F\u00e4deln von Sanduhren mit 40cm, 60cm und 90cm L\u00e4nge jetzt online kaufen!","breadcrumb":{"@id":"https:\/\/bolting.eu\/en\/shop\/edelrid-aramid-cord-sling-6mm\/#breadcrumb"},"inLanguage":"en-US","potentialAction":[{"@type":"ReadAction","target":["https:\/\/bolting.eu\/en\/shop\/edelrid-aramid-cord-sling-6mm\/"]}]},{"@type":"ImageObject","inLanguage":"en-US","@id":"https:\/\/bolting.eu\/en\/shop\/edelrid-aramid-cord-sling-6mm\/#primaryimage","url":"https:\/\/bolting.eu\/wp-content\/uploads\/2020\/06\/Edelrid-Aramid-Cord-Sling-6mm-40cm.jpg","contentUrl":"https:\/\/bolting.eu\/wp-content\/uploads\/2020\/06\/Edelrid-Aramid-Cord-Sling-6mm-40cm.jpg","width":700,"height":700,"caption":"Das Bild zeigt die Edelrid Aramid Cord Sling 6mm. Zu sehen ist die blaue Aramid Schlinge mit einem Loop nach oben auf einem wei\u00dfem Quadrat."},{"@type":"BreadcrumbList","@id":"https:\/\/bolting.eu\/en\/shop\/edelrid-aramid-cord-sling-6mm\/#breadcrumb","itemListElement":[{"@type":"ListItem","position":1,"name":"Shop","item":"https:\/\/bolting.eu\/en\/shop\/"},{"@type":"ListItem","position":2,"name":"climbing equipment","item":"https:\/\/bolting.eu\/en\/produkt-kategorie\/climbing-equipment\/"},{"@type":"ListItem","position":3,"name":"Reepschnur","item":"https:\/\/bolting.eu\/produkt-kategorie\/kletterausruestung\/reepschnur\/"},{"@type":"ListItem","position":4,"name":"Kevlar Reepschnur","item":"https:\/\/bolting.eu\/produkt-kategorie\/kletterausruestung\/reepschnur\/kevlar-reepschnur\/"},{"@type":"ListItem","position":5,"name":"Edelrid Aramid Cord Sling 6mm"}]},{"@type":"WebSite","@id":"https:\/\/bolting.eu\/en\/#website","url":"https:\/\/bolting.eu\/en\/","name":"bolting.eu","description":"we make climbs happen","publisher":{"@id":"https:\/\/bolting.eu\/en\/#organization"},"potentialAction":[{"@type":"SearchAction","target":{"@type":"EntryPoint","urlTemplate":"https:\/\/bolting.eu\/en\/?s={search_term_string}"},"query-input":{"@type":"PropertyValueSpecification","valueRequired":true,"valueName":"search_term_string"}}],"inLanguage":"en-US"},{"@type":["Organization","Place","SportingGoodsStore"],"@id":"https:\/\/bolting.eu\/en\/#organization","name":"bolting.eu","url":"https:\/\/bolting.eu\/en\/","logo":{"@id":"https:\/\/bolting.eu\/en\/shop\/edelrid-aramid-cord-sling-6mm\/#local-main-organization-logo"},"image":{"@id":"https:\/\/bolting.eu\/en\/shop\/edelrid-aramid-cord-sling-6mm\/#local-main-organization-logo"},"sameAs":["https:\/\/www.facebook.com\/bolting.eu","https:\/\/www.instagram.com\/bolting.eu\/"],"address":{"@id":"https:\/\/bolting.eu\/en\/shop\/edelrid-aramid-cord-sling-6mm\/#local-main-place-address"},"geo":{"@type":"GeoCoordinates","latitude":"47.264176340396226","longitude":"11.380109057672346"},"telephone":["+43 699 19083372"],"openingHoursSpecification":[{"@type":"OpeningHoursSpecification","dayOfWeek":["Monday","Wednesday","Friday"],"opens":"14:00","closes":"18:00"},{"@type":"OpeningHoursSpecification","dayOfWeek":["Tuesday","Thursday","Saturday","Sunday"],"opens":"00:00","closes":"00:00"}],"email":"office@bolting.eu","vatID":"ATU59999728","priceRange":"$$","currenciesAccepted":"Euro"},{"@type":"PostalAddress","@id":"https:\/\/bolting.eu\/en\/shop\/edelrid-aramid-cord-sling-6mm\/#local-main-place-address","streetAddress":"Fischnalerstra\u00dfe 4","addressLocality":"Innsbruck","postalCode":"6020","addressRegion":"Tirol","addressCountry":"AT"},{"@type":"ImageObject","inLanguage":"en-US","@id":"https:\/\/bolting.eu\/en\/shop\/edelrid-aramid-cord-sling-6mm\/#local-main-organization-logo","url":"https:\/\/bolting.eu\/wp-content\/uploads\/2019\/09\/bolting-logo.png","contentUrl":"https:\/\/bolting.eu\/wp-content\/uploads\/2019\/09\/bolting-logo.png","width":400,"height":211,"caption":"bolting.eu"}]},"og_availability":"instock","product_availability":"instock","product_condition":"new","geo.placename":"Innsbruck","geo.position":{"lat":"47.264176340396226","long":"11.380109057672346"},"geo.region":"Austria"},"_links":{"self":[{"href":"https:\/\/bolting.eu\/en\/wp-json\/wp\/v2\/product\/3997","targetHints":{"allow":["GET"]}}],"collection":[{"href":"https:\/\/bolting.eu\/en\/wp-json\/wp\/v2\/product"}],"about":[{"href":"https:\/\/bolting.eu\/en\/wp-json\/wp\/v2\/types\/product"}],"replies":[{"embeddable":true,"href":"https:\/\/bolting.eu\/en\/wp-json\/wp\/v2\/comments?post=3997"}],"wp:featuredmedia":[{"embeddable":true,"href":"https:\/\/bolting.eu\/en\/wp-json\/wp\/v2\/media\/4000"}],"wp:attachment":[{"href":"https:\/\/bolting.eu\/en\/wp-json\/wp\/v2\/media?parent=3997"}],"wp:term":[{"taxonomy":"product_brand","embeddable":true,"href":"https:\/\/bolting.eu\/en\/wp-json\/wp\/v2\/product_brand?post=3997"},{"taxonomy":"product_cat","embeddable":true,"href":"https:\/\/bolting.eu\/en\/wp-json\/wp\/v2\/product_cat?post=3997"},{"taxonomy":"product_tag","embeddable":true,"href":"https:\/\/bolting.eu\/en\/wp-json\/wp\/v2\/product_tag?post=3997"}],"curies":[{"name":"wp","href":"https:\/\/api.w.org\/{rel}","templated":true}]}}