{"id":3982,"date":"2020-06-21T13:07:21","date_gmt":"2020-06-21T11:07:21","guid":{"rendered":"https:\/\/bolting.eu\/?post_type=product&#038;p=3982"},"modified":"2025-03-23T05:29:05","modified_gmt":"2025-03-23T04:29:05","slug":"skylotec-skyriser-klettersteigset","status":"publish","type":"product","link":"https:\/\/bolting.eu\/en\/shop\/skylotec-skyriser-klettersteigset\/","title":{"rendered":"Skylotec Skyriser Klettersteigset"},"content":{"rendered":"<p>Ihr begeht viele Klettersteige mit gem\u00e4\u00dfigter Schwierigkeit? Dann ist das Skylotec Skyriser Klettersteigset genau richtig f\u00fcr Euch. Denn dieses Set weist einige richtige coole Features auf.<\/p>\n<p>Erstens die ergonomischen Karabiner. Sie liegen zum einen toll in der Hand und sind leicht zu bedienen. Zum anderen haben sie eine Einlage aus Edelstahl im Scheitel. Somit kommt es dort zu keinem Abrieb durch die Stahlseile.<\/p>\n<p>Zweitens hat dieses Klettersteigset vern\u00fcnftig dimensionierte Arme. Zudem haben diese einen idealen Zugwiderstand f\u00fcr ein perfektes Handling.<\/p>\n<p>Und drittens ist das Set mit einem super abgestimmten Bandfalld\u00e4mpfer ausgestattet. Einerseits hat er eine angenehme Gr\u00f6\u00dfe. Andererseits hat er einen progressiven Aufrei\u00df-Mechanismus. So ist man je nach Gewicht bzw. Fallh\u00f6he perfekt gesch\u00fctzt.<\/p>\n<p>Kurzum. Ein tolles Klettersteigset welches wie ein perfekter <a href=\"https:\/\/bolting.eu\/produkt-kategorie\/kletterhelme\/\">Kletterhelm<\/a>, Handschuhe und passende Schuhe zu einem tollen Erlebnis beitragen k\u00f6nnen!<\/p>\n<h2>Eigenschaften Skylotec Skyriser Klettersteigset<\/h2>\n<ul>\n<li>Hersteller: Skylotec<\/li>\n<li>EN Norm 958:2017<\/li>\n<li>Gewicht: 610 Gramm<\/li>\n<li>f\u00fcr Personen bis max. 120kg K\u00f6rpergewicht<\/li>\n<li>leichtg\u00e4ngige, robuste Karabiner<\/li>\n<li>Resistor Karabiner mit Edelstahl Einsatz im Scheitel gegen Abrieb<\/li>\n<li>Flex-Arme mit angenehmen Zug-Widerstand<\/li>\n<li>progressiver Bandfalld\u00e4mpfer<\/li>\n<li>ideal f\u00fcr alle die viele Klettersteige gehen<\/li>\n<\/ul>\n<h3>Tolle Funktionalit\u00e4t<\/h3>\n<p>Alle Klettersteigsets schauen irgendwie gleich aus. Und doch ist ihr Handling \u00fcberraschend unterschiedlich. Im positiven Sinne trifft das auf das Skylotec Skyriser Klettersteigset zu. Denn dieses Set \u00fcberrascht mit einer unglaublich smoothen Performance.<\/p>\n<p>D.h. aus unserer Sicht. Erstens nat\u00fcrliches Feeling beim Klippen der Klettersteigkarabiner. Zweitens angenehmen Zug der Flex Arme. Und drittens kein st\u00f6rendes Herumwabbern des Bandfalld\u00e4mpfers vor dem K\u00f6rper.<\/p>\n<h3>Skylotec Skyriser Klettersteigset &#8211; die Karabiner machen es!<\/h3>\n<p>Das Herzst\u00fcck dieses Sets ist definitiv der Resistor Karabiner. Denn zum einen hat er extrem hohe Sicherheitsreserven. Und dies bei tollem Design und perfektem Handling. Denn die Handballensicherung ist sowohl intuitiv als auch leicht auszul\u00f6sen.<\/p>\n<p>Zum anderen hat dieser Karabiner aber auch einen Edelstahl Einsatz im Scheitel. Somit k\u00f6nnen die Stahlseile nicht direkt am Aluminium reiben. Der A2 Stahl Einsatz sorgt f\u00fcr maximalen Abriebschutz. Deshalb ist dieses Set auch sehr langlebig!<\/p>\n<p>Details zu den Karabinern gibt es im folgenden Video:<\/p>\n<p><iframe loading=\"lazy\" src=\"https:\/\/www.youtube.com\/embed\/s_U_En2V4Ro\" width=\"90%\" height=\"400\" frameborder=\"0\" allowfullscreen=\"allowfullscreen\"><\/iframe><\/p>\n<h3>Wann sollte ein Klettersteig Set ausgetauscht werden?<\/h3>\n<p>Die maximale Lebensdauer des Skylotec Skyriser Klettersteigset betr\u00e4gt 10 Jahre (Lagerfrist). Bei entsprechend regelm\u00e4\u00dfiger Verwendung ist das Set wesentlich fr\u00fcher auszutauschen. Wir empfehlen bei regelm\u00e4\u00dfigen Gebrauch einen Austausch nach 5 Jahren. Wer sehr viel unterwegs ist, sollte das Set bereits nach 3 Jahren ausscheiden.<\/p>\n<p>Ist der Bandfalld\u00e4mpfer auch nur leicht eingerissen, muss das Set sofort ausgetauscht werden. Nat\u00fcrlich ebenso bei einem Sturz!<\/p>\n<h3>Kann ich direkt in den Flex-Armen rasten?<\/h3>\n<p>Die Antwort ist klar: NEIN! Regelm\u00e4\u00dfiges Rasten in den Armen des Klettersteigsets f\u00fchrt zu Einrissen im Bandfalld\u00e4mpfer. D.h. er kann irgendwann bereits bei viel geringeren Kr\u00e4ften als einem Sturz aufrei\u00dfen. Zudem entwickelt euer Skylotec Skyriser Klettersteigset im Fall eines Sturzes dann auch nicht mehr den richtigen (niedrigen) Fangsto\u00df.<\/p>\n<p>Wir empfehlen eine unserer Klettersteig Rastschlingen. Diese bestehen aus einer 60cm Bandschlinge und einem HMS Karabiner. Dieser wird mit einem Mastwurf befestigt, die Vorrichtung wird wie das Klettersteigset mit einem Ankerstich an der Sicherungsschlaufe des Gurtes befestigt.<\/p>\n<h4><strong>Link Tipp<\/strong><\/h4>\n<p>Besucht den <a href=\"https:\/\/maltatal.rocks\/klettergebiete-posts\/kanzianiberg-klettersteig\/\" target=\"_blank\" rel=\"noopener noreferrer\">Kanzianiberg Klettersteig<\/a> in K\u00e4rnten. Eine tolle Gelegenheit f\u00fcr Klettersteig mit Badeurlaub zu kombinieren!<\/p>\n<p>&nbsp;<\/p>\n","protected":false},"excerpt":{"rendered":"<ul>\n<li>Hersteller: Skylotec<\/li>\n<li>EN Norm 958:2017<\/li>\n<li>Gewicht: 610 Gramm<\/li>\n<li>f\u00fcr Personen bis max. 120kg K\u00f6rpergewicht<\/li>\n<li>leichtg\u00e4ngige, robuste Karabiner<\/li>\n<li>Resistor Karabiner mit Edelstahl Einsatz im Scheitel gegen Abrieb<\/li>\n<li>Flex-Arme mit angenehmen Zug-Widerstand<\/li>\n<li>progressiver Bandfalld\u00e4mpfer<\/li>\n<li>ideal f\u00fcr alle die viele Klettersteige gehen<\/li>\n<\/ul>\n","protected":false},"featured_media":3979,"comment_status":"open","ping_status":"closed","template":"","meta":[],"product_brand":[],"product_cat":[14744,29,9668],"product_tag":[],"class_list":{"0":"post-3982","1":"product","2":"type-product","3":"status-publish","4":"has-post-thumbnail","6":"product_cat-klettersteigsets","7":"product_cat-kletterausruestung","8":"product_cat-skylotec","10":"first","11":"outofstock","12":"sale","13":"taxable","14":"shipping-taxable","15":"purchasable","16":"product-type-simple"},"yoast_head":"<!-- This site is optimized with the Yoast SEO Premium plugin v26.9 (Yoast SEO v26.9) - https:\/\/yoast.com\/product\/yoast-seo-premium-wordpress\/ -->\n<title>Skylotec Skyriser Klettersteigset - jetzt online kaufen | bolting.eu<\/title>\n<meta name=\"description\" content=\"Hier gibt\u00b4s das langlebige SKYLOTEC SKYRISER Klettersteigset. F\u00fcr Viel-Klettersteig-Geher, mit Edelstahleins\u00e4tzen am Karabiner f\u00fcr maximalen Abriebschutz!\" \/>\n<meta name=\"robots\" content=\"index, follow, max-snippet:-1, max-image-preview:large, max-video-preview:-1\" \/>\n<link rel=\"canonical\" href=\"https:\/\/bolting.eu\/en\/shop\/skylotec-skyriser-klettersteigset\/\" \/>\n<meta property=\"og:locale\" content=\"en_US\" \/>\n<meta property=\"og:type\" content=\"article\" \/>\n<meta property=\"og:title\" content=\"Skylotec Skyriser Klettersteigset\" \/>\n<meta property=\"og:description\" content=\"Hier gibt\u00b4s das langlebige SKYLOTEC SKYRISER Klettersteigset. F\u00fcr Viel-Klettersteig-Geher, mit Edelstahleins\u00e4tzen am Karabiner f\u00fcr maximalen Abriebschutz!\" \/>\n<meta property=\"og:url\" content=\"https:\/\/bolting.eu\/en\/shop\/skylotec-skyriser-klettersteigset\/\" \/>\n<meta property=\"og:site_name\" content=\"bolting.eu\" \/>\n<meta property=\"article:publisher\" content=\"https:\/\/www.facebook.com\/bolting.eu\" \/>\n<meta property=\"article:modified_time\" content=\"2025-03-23T04:29:05+00:00\" \/>\n<meta property=\"og:image\" content=\"https:\/\/bolting.eu\/wp-content\/uploads\/2020\/06\/Skylotec-Klettersteigset-Skyrise.jpg\" \/>\n\t<meta property=\"og:image:width\" content=\"700\" \/>\n\t<meta property=\"og:image:height\" content=\"700\" \/>\n\t<meta property=\"og:image:type\" content=\"image\/jpeg\" \/>\n<meta name=\"twitter:card\" content=\"summary_large_image\" \/>\n<meta name=\"twitter:label1\" content=\"Price\" \/>\n\t<meta name=\"twitter:data1\" content=\"&euro;&nbsp;95,00\" \/>\n\t<meta name=\"twitter:label2\" content=\"Availability\" \/>\n\t<meta name=\"twitter:data2\" content=\"Out of stock\" \/>\n<script type=\"application\/ld+json\" class=\"yoast-schema-graph\">{\"@context\":\"https:\/\/schema.org\",\"@graph\":[{\"@type\":[\"WebPage\",\"ItemPage\"],\"@id\":\"https:\/\/bolting.eu\/en\/shop\/skylotec-skyriser-klettersteigset\/\",\"url\":\"https:\/\/bolting.eu\/en\/shop\/skylotec-skyriser-klettersteigset\/\",\"name\":\"Skylotec Skyriser Klettersteigset - jetzt online kaufen | bolting.eu\",\"isPartOf\":{\"@id\":\"https:\/\/bolting.eu\/en\/#website\"},\"primaryImageOfPage\":{\"@id\":\"https:\/\/bolting.eu\/en\/shop\/skylotec-skyriser-klettersteigset\/#primaryimage\"},\"image\":{\"@id\":\"https:\/\/bolting.eu\/en\/shop\/skylotec-skyriser-klettersteigset\/#primaryimage\"},\"thumbnailUrl\":\"https:\/\/bolting.eu\/wp-content\/uploads\/2020\/06\/Skylotec-Klettersteigset-Skyrise.jpg\",\"datePublished\":\"2020-06-21T11:07:21+00:00\",\"dateModified\":\"2025-03-23T04:29:05+00:00\",\"description\":\"Hier gibt\u00b4s das langlebige SKYLOTEC SKYRISER Klettersteigset. F\u00fcr Viel-Klettersteig-Geher, mit Edelstahleins\u00e4tzen am Karabiner f\u00fcr maximalen Abriebschutz!\",\"breadcrumb\":{\"@id\":\"https:\/\/bolting.eu\/en\/shop\/skylotec-skyriser-klettersteigset\/#breadcrumb\"},\"inLanguage\":\"en-US\",\"potentialAction\":[{\"@type\":\"ReadAction\",\"target\":[\"https:\/\/bolting.eu\/en\/shop\/skylotec-skyriser-klettersteigset\/\"]}]},{\"@type\":\"ImageObject\",\"inLanguage\":\"en-US\",\"@id\":\"https:\/\/bolting.eu\/en\/shop\/skylotec-skyriser-klettersteigset\/#primaryimage\",\"url\":\"https:\/\/bolting.eu\/wp-content\/uploads\/2020\/06\/Skylotec-Klettersteigset-Skyrise.jpg\",\"contentUrl\":\"https:\/\/bolting.eu\/wp-content\/uploads\/2020\/06\/Skylotec-Klettersteigset-Skyrise.jpg\",\"width\":700,\"height\":700,\"caption\":\"Das Bild zeigt das Skylotec Skyriser Klettersteigset. Das Klettersteig Komplettset liegt in Bildmitte mit den Fangarmen und Karabinern nach links in Bildmitte.\"},{\"@type\":\"BreadcrumbList\",\"@id\":\"https:\/\/bolting.eu\/en\/shop\/skylotec-skyriser-klettersteigset\/#breadcrumb\",\"itemListElement\":[{\"@type\":\"ListItem\",\"position\":1,\"name\":\"Shop\",\"item\":\"https:\/\/bolting.eu\/en\/shop\/\"},{\"@type\":\"ListItem\",\"position\":2,\"name\":\"climbing equipment\",\"item\":\"https:\/\/bolting.eu\/en\/produkt-kategorie\/climbing-equipment\/\"},{\"@type\":\"ListItem\",\"position\":3,\"name\":\"Klettersteigsets\",\"item\":\"https:\/\/bolting.eu\/produkt-kategorie\/kletterausruestung\/klettersteigsets\/\"},{\"@type\":\"ListItem\",\"position\":4,\"name\":\"Skylotec Skyriser Klettersteigset\"}]},{\"@type\":\"WebSite\",\"@id\":\"https:\/\/bolting.eu\/en\/#website\",\"url\":\"https:\/\/bolting.eu\/en\/\",\"name\":\"bolting.eu\",\"description\":\"we make climbs happen\",\"publisher\":{\"@id\":\"https:\/\/bolting.eu\/en\/#organization\"},\"potentialAction\":[{\"@type\":\"SearchAction\",\"target\":{\"@type\":\"EntryPoint\",\"urlTemplate\":\"https:\/\/bolting.eu\/en\/?s={search_term_string}\"},\"query-input\":{\"@type\":\"PropertyValueSpecification\",\"valueRequired\":true,\"valueName\":\"search_term_string\"}}],\"inLanguage\":\"en-US\"},{\"@type\":[\"Organization\",\"Place\",\"SportingGoodsStore\"],\"@id\":\"https:\/\/bolting.eu\/en\/#organization\",\"name\":\"bolting.eu\",\"url\":\"https:\/\/bolting.eu\/en\/\",\"logo\":{\"@id\":\"https:\/\/bolting.eu\/en\/shop\/skylotec-skyriser-klettersteigset\/#local-main-organization-logo\"},\"image\":{\"@id\":\"https:\/\/bolting.eu\/en\/shop\/skylotec-skyriser-klettersteigset\/#local-main-organization-logo\"},\"sameAs\":[\"https:\/\/www.facebook.com\/bolting.eu\",\"https:\/\/www.instagram.com\/bolting.eu\/\"],\"address\":{\"@id\":\"https:\/\/bolting.eu\/en\/shop\/skylotec-skyriser-klettersteigset\/#local-main-place-address\"},\"geo\":{\"@type\":\"GeoCoordinates\",\"latitude\":\"47.264176340396226\",\"longitude\":\"11.380109057672346\"},\"telephone\":[\"+43 699 19083372\"],\"openingHoursSpecification\":[{\"@type\":\"OpeningHoursSpecification\",\"dayOfWeek\":[\"Monday\",\"Wednesday\",\"Friday\"],\"opens\":\"14:00\",\"closes\":\"18:00\"},{\"@type\":\"OpeningHoursSpecification\",\"dayOfWeek\":[\"Tuesday\",\"Thursday\",\"Saturday\",\"Sunday\"],\"opens\":\"00:00\",\"closes\":\"00:00\"}],\"email\":\"office@bolting.eu\",\"vatID\":\"ATU59999728\",\"priceRange\":\"$$\",\"currenciesAccepted\":\"Euro\"},{\"@type\":\"PostalAddress\",\"@id\":\"https:\/\/bolting.eu\/en\/shop\/skylotec-skyriser-klettersteigset\/#local-main-place-address\",\"streetAddress\":\"Fischnalerstra\u00dfe 4\",\"addressLocality\":\"Innsbruck\",\"postalCode\":\"6020\",\"addressRegion\":\"Tirol\",\"addressCountry\":\"AT\"},{\"@type\":\"ImageObject\",\"inLanguage\":\"en-US\",\"@id\":\"https:\/\/bolting.eu\/en\/shop\/skylotec-skyriser-klettersteigset\/#local-main-organization-logo\",\"url\":\"https:\/\/bolting.eu\/wp-content\/uploads\/2019\/09\/bolting-logo.png\",\"contentUrl\":\"https:\/\/bolting.eu\/wp-content\/uploads\/2019\/09\/bolting-logo.png\",\"width\":400,\"height\":211,\"caption\":\"bolting.eu\"}]}<\/script>\n<meta property=\"og:video\" content=\"https:\/\/www.youtube.com\/embed\/s_U_En2V4Ro\" \/>\n<meta property=\"og:video:type\" content=\"text\/html\" \/>\n<meta property=\"og:video:duration\" content=\"236\" \/>\n<meta property=\"og:video:width\" content=\"480\" \/>\n<meta property=\"og:video:height\" content=\"270\" \/>\n<meta property=\"ya:ovs:adult\" content=\"false\" \/>\n<meta property=\"ya:ovs:upload_date\" content=\"2020-06-21T11:07:21+00:00\" \/>\n<meta property=\"ya:ovs:allow_embed\" content=\"true\" \/>\n<meta property=\"product:price:amount\" content=\"95.00\" \/>\n<meta property=\"product:price:currency\" content=\"EUR\" \/>\n<meta property=\"og:availability\" content=\"out of stock\" \/>\n<meta property=\"product:availability\" content=\"out of stock\" \/>\n<meta property=\"product:retailer_item_id\" content=\"L-1006-920-000\" \/>\n<meta property=\"product:condition\" content=\"new\" \/>\n<meta name=\"geo.placename\" content=\"Innsbruck\" \/>\n<meta name=\"geo.position\" content=\"47.264176340396226;11.380109057672346\" \/>\n<meta name=\"geo.region\" content=\"Austria\" \/>\n<!-- \/ Yoast SEO Premium plugin. -->","yoast_head_json":{"title":"Skylotec Skyriser Klettersteigset - jetzt online kaufen | bolting.eu","description":"Hier gibt\u00b4s das langlebige SKYLOTEC SKYRISER Klettersteigset. F\u00fcr Viel-Klettersteig-Geher, mit Edelstahleins\u00e4tzen am Karabiner f\u00fcr maximalen Abriebschutz!","robots":{"index":"index","follow":"follow","max-snippet":"max-snippet:-1","max-image-preview":"max-image-preview:large","max-video-preview":"max-video-preview:-1"},"canonical":"https:\/\/bolting.eu\/en\/shop\/skylotec-skyriser-klettersteigset\/","og_locale":"en_US","og_type":"article","og_title":"Skylotec Skyriser Klettersteigset","og_description":"Hier gibt\u00b4s das langlebige SKYLOTEC SKYRISER Klettersteigset. F\u00fcr Viel-Klettersteig-Geher, mit Edelstahleins\u00e4tzen am Karabiner f\u00fcr maximalen Abriebschutz!","og_url":"https:\/\/bolting.eu\/en\/shop\/skylotec-skyriser-klettersteigset\/","og_site_name":"bolting.eu","article_publisher":"https:\/\/www.facebook.com\/bolting.eu","article_modified_time":"2025-03-23T04:29:05+00:00","og_image":[{"width":700,"height":700,"url":"https:\/\/bolting.eu\/wp-content\/uploads\/2020\/06\/Skylotec-Klettersteigset-Skyrise.jpg","type":"image\/jpeg"}],"twitter_card":"summary_large_image","twitter_misc":{"Price":"&euro;&nbsp;95,00","Availability":"Out of stock"},"schema":{"@context":"https:\/\/schema.org","@graph":[{"@type":["WebPage","ItemPage"],"@id":"https:\/\/bolting.eu\/en\/shop\/skylotec-skyriser-klettersteigset\/","url":"https:\/\/bolting.eu\/en\/shop\/skylotec-skyriser-klettersteigset\/","name":"Skylotec Skyriser Klettersteigset - jetzt online kaufen | bolting.eu","isPartOf":{"@id":"https:\/\/bolting.eu\/en\/#website"},"primaryImageOfPage":{"@id":"https:\/\/bolting.eu\/en\/shop\/skylotec-skyriser-klettersteigset\/#primaryimage"},"image":{"@id":"https:\/\/bolting.eu\/en\/shop\/skylotec-skyriser-klettersteigset\/#primaryimage"},"thumbnailUrl":"https:\/\/bolting.eu\/wp-content\/uploads\/2020\/06\/Skylotec-Klettersteigset-Skyrise.jpg","datePublished":"2020-06-21T11:07:21+00:00","dateModified":"2025-03-23T04:29:05+00:00","description":"Hier gibt\u00b4s das langlebige SKYLOTEC SKYRISER Klettersteigset. F\u00fcr Viel-Klettersteig-Geher, mit Edelstahleins\u00e4tzen am Karabiner f\u00fcr maximalen Abriebschutz!","breadcrumb":{"@id":"https:\/\/bolting.eu\/en\/shop\/skylotec-skyriser-klettersteigset\/#breadcrumb"},"inLanguage":"en-US","potentialAction":[{"@type":"ReadAction","target":["https:\/\/bolting.eu\/en\/shop\/skylotec-skyriser-klettersteigset\/"]}]},{"@type":"ImageObject","inLanguage":"en-US","@id":"https:\/\/bolting.eu\/en\/shop\/skylotec-skyriser-klettersteigset\/#primaryimage","url":"https:\/\/bolting.eu\/wp-content\/uploads\/2020\/06\/Skylotec-Klettersteigset-Skyrise.jpg","contentUrl":"https:\/\/bolting.eu\/wp-content\/uploads\/2020\/06\/Skylotec-Klettersteigset-Skyrise.jpg","width":700,"height":700,"caption":"Das Bild zeigt das Skylotec Skyriser Klettersteigset. Das Klettersteig Komplettset liegt in Bildmitte mit den Fangarmen und Karabinern nach links in Bildmitte."},{"@type":"BreadcrumbList","@id":"https:\/\/bolting.eu\/en\/shop\/skylotec-skyriser-klettersteigset\/#breadcrumb","itemListElement":[{"@type":"ListItem","position":1,"name":"Shop","item":"https:\/\/bolting.eu\/en\/shop\/"},{"@type":"ListItem","position":2,"name":"climbing equipment","item":"https:\/\/bolting.eu\/en\/produkt-kategorie\/climbing-equipment\/"},{"@type":"ListItem","position":3,"name":"Klettersteigsets","item":"https:\/\/bolting.eu\/produkt-kategorie\/kletterausruestung\/klettersteigsets\/"},{"@type":"ListItem","position":4,"name":"Skylotec Skyriser Klettersteigset"}]},{"@type":"WebSite","@id":"https:\/\/bolting.eu\/en\/#website","url":"https:\/\/bolting.eu\/en\/","name":"bolting.eu","description":"we make climbs happen","publisher":{"@id":"https:\/\/bolting.eu\/en\/#organization"},"potentialAction":[{"@type":"SearchAction","target":{"@type":"EntryPoint","urlTemplate":"https:\/\/bolting.eu\/en\/?s={search_term_string}"},"query-input":{"@type":"PropertyValueSpecification","valueRequired":true,"valueName":"search_term_string"}}],"inLanguage":"en-US"},{"@type":["Organization","Place","SportingGoodsStore"],"@id":"https:\/\/bolting.eu\/en\/#organization","name":"bolting.eu","url":"https:\/\/bolting.eu\/en\/","logo":{"@id":"https:\/\/bolting.eu\/en\/shop\/skylotec-skyriser-klettersteigset\/#local-main-organization-logo"},"image":{"@id":"https:\/\/bolting.eu\/en\/shop\/skylotec-skyriser-klettersteigset\/#local-main-organization-logo"},"sameAs":["https:\/\/www.facebook.com\/bolting.eu","https:\/\/www.instagram.com\/bolting.eu\/"],"address":{"@id":"https:\/\/bolting.eu\/en\/shop\/skylotec-skyriser-klettersteigset\/#local-main-place-address"},"geo":{"@type":"GeoCoordinates","latitude":"47.264176340396226","longitude":"11.380109057672346"},"telephone":["+43 699 19083372"],"openingHoursSpecification":[{"@type":"OpeningHoursSpecification","dayOfWeek":["Monday","Wednesday","Friday"],"opens":"14:00","closes":"18:00"},{"@type":"OpeningHoursSpecification","dayOfWeek":["Tuesday","Thursday","Saturday","Sunday"],"opens":"00:00","closes":"00:00"}],"email":"office@bolting.eu","vatID":"ATU59999728","priceRange":"$$","currenciesAccepted":"Euro"},{"@type":"PostalAddress","@id":"https:\/\/bolting.eu\/en\/shop\/skylotec-skyriser-klettersteigset\/#local-main-place-address","streetAddress":"Fischnalerstra\u00dfe 4","addressLocality":"Innsbruck","postalCode":"6020","addressRegion":"Tirol","addressCountry":"AT"},{"@type":"ImageObject","inLanguage":"en-US","@id":"https:\/\/bolting.eu\/en\/shop\/skylotec-skyriser-klettersteigset\/#local-main-organization-logo","url":"https:\/\/bolting.eu\/wp-content\/uploads\/2019\/09\/bolting-logo.png","contentUrl":"https:\/\/bolting.eu\/wp-content\/uploads\/2019\/09\/bolting-logo.png","width":400,"height":211,"caption":"bolting.eu"}]},"og_video":"https:\/\/www.youtube.com\/embed\/s_U_En2V4Ro","og_video_type":"text\/html","og_video_duration":"236","og_video_width":"480","og_video_height":"270","ya_ovs_adult":"false","ya_ovs_upload_date":"2020-06-21T11:07:21+00:00","ya_ovs_allow_embed":"true","product_price_amount":"95.00","product_price_currency":"EUR","og_availability":"out of stock","product_availability":"out of stock","product_retailer_item_id":"L-1006-920-000","product_condition":"new","geo.placename":"Innsbruck","geo.position":{"lat":"47.264176340396226","long":"11.380109057672346"},"geo.region":"Austria"},"_links":{"self":[{"href":"https:\/\/bolting.eu\/en\/wp-json\/wp\/v2\/product\/3982","targetHints":{"allow":["GET"]}}],"collection":[{"href":"https:\/\/bolting.eu\/en\/wp-json\/wp\/v2\/product"}],"about":[{"href":"https:\/\/bolting.eu\/en\/wp-json\/wp\/v2\/types\/product"}],"replies":[{"embeddable":true,"href":"https:\/\/bolting.eu\/en\/wp-json\/wp\/v2\/comments?post=3982"}],"wp:featuredmedia":[{"embeddable":true,"href":"https:\/\/bolting.eu\/en\/wp-json\/wp\/v2\/media\/3979"}],"wp:attachment":[{"href":"https:\/\/bolting.eu\/en\/wp-json\/wp\/v2\/media?parent=3982"}],"wp:term":[{"taxonomy":"product_brand","embeddable":true,"href":"https:\/\/bolting.eu\/en\/wp-json\/wp\/v2\/product_brand?post=3982"},{"taxonomy":"product_cat","embeddable":true,"href":"https:\/\/bolting.eu\/en\/wp-json\/wp\/v2\/product_cat?post=3982"},{"taxonomy":"product_tag","embeddable":true,"href":"https:\/\/bolting.eu\/en\/wp-json\/wp\/v2\/product_tag?post=3982"}],"curies":[{"name":"wp","href":"https:\/\/api.w.org\/{rel}","templated":true}]}}