{"id":3971,"date":"2020-06-20T18:56:44","date_gmt":"2020-06-20T16:56:44","guid":{"rendered":"https:\/\/bolting.eu\/?post_type=product&#038;p=3971"},"modified":"2023-01-04T11:56:27","modified_gmt":"2023-01-04T10:56:27","slug":"skylotec-transporter-100","status":"publish","type":"product","link":"https:\/\/bolting.eu\/en\/shop\/skylotec-transporter-100\/","title":{"rendered":"Skylotec Transporter 100"},"content":{"rendered":"<p>Der Skylotec Transporter 100 ist eine gelungene Mischung aus Seilsack und Gym Bag. In ihm hat sowohl ein 80m <a href=\"https:\/\/bolting.eu\/produkt-kategorie\/kletterseil\/\">Kletterseil<\/a> locker Platz, als auch Kletterschuhe, <a href=\"https:\/\/bolting.eu\/produkt-kategorie\/chalkbag\/\">Chalkbag<\/a> und <a href=\"https:\/\/bolting.eu\/produkt-kategorie\/kletterausruestung\/klettergurte\/\">Klettergurt<\/a>.<\/p>\n<p>Eine tolle Alternative die viel in die Kletterhalle gehen!<\/p>\n<h2>Eigenschaften Skylotec Transporter 100<\/h2>\n<ul>\n<li>Hersteller: <a href=\"https:\/\/bolting.eu\/produkt-kategorie\/skylotec\/\">Skylotec<\/a><\/li>\n<li>Material: Polyamid (Nylon)<\/li>\n<li>Gr\u00f6\u00dfe: ca. 50 x 35 x 35 cm<\/li>\n<li>Seilplane: 110 x 120cm<\/li>\n<li>Gewicht: 520 Gramm<\/li>\n<li>Trichter Konstruktion zum schnellen Zusammenpacken<\/li>\n<li>Plane leicht PU beschichtet<\/li>\n<li>unzerst\u00f6rbare Metallschnalle<\/li>\n<li>Trageriemen bzw. Schulterriemen<\/li>\n<\/ul>\n<h3>Grooooooo\u00df<\/h3>\n<p>Der Skylotec Transporter 100 ist eine perfekte Mischung aus Seilsack und Gymbag. Denn hier passt jede Menge Kletterausr\u00fcstung hinein. 60m Seil, Schuhe, Chalkbag, Gurt, <a href=\"https:\/\/bolting.eu\/produkt-kategorie\/kletterausruestung\/sicherungsgeraete-klettern\/\">Sicherungsger\u00e4t<\/a> und <a href=\"https:\/\/bolting.eu\/produkt-kategorie\/kletterausruestung\/kletterhandschuhe\/\">Kletterhandschuhe<\/a> zum Sichern? Kein Problem.<\/p>\n<p>Diese Eigenschaft macht den Bag zu einem treuen Begleiter in die Kletterhalle. Denn da hat man alles gleich mit dabei. Zudem bietet die gro\u00dfe Plane massig Schutz vor dem Staub am Boden.<\/p>\n<p>Der Bag ist so konstruiert, dass beim Zusammenpacken alles wie in einem Trichter in den Packsack f\u00e4llt. D.h. man ist nach Kletterende super schnell wieder aus der Halle.<\/p>\n<p>Mit den robusten Trageriemen bzw. dem gro\u00dfen Schulterriemen f\u00e4llt das Tragen zudem leicht. Die Riemen rei\u00dfen auch nicht wie bei billigen Produkten aus. Alles fest in der Hand!<\/p>\n<h3>Gro\u00dfe Plane f\u00fcr den Skylotec Transporter 100<\/h3>\n<p>Mit 110 x 120cm hat die Plane dieses Seilsacks eine tolle Gr\u00f6\u00dfe. Denn hier liegen auch 80m Seile komfortabel am Boden, ohne im Schmutz zu landen. Die leichte Beschichtung h\u00e4lt Feuchtigkeit fern. Was will man mehr.<\/p>\n<h3>Seile regelm\u00e4\u00dfig waschen<\/h3>\n<p>Es lohnt sich den Seilsack sowie das Seil in regelm\u00e4\u00dfigen Abst\u00e4nden zu waschen. Den Skylotec Transporter 100 leeren und den ganzen Sand, Steinchen und Schmutz heraussch\u00fctteln. Das verhindert ein Eindringen durch den Seilmantel ins Seilinnere.<\/p>\n<p>Dann empfehlen wir das Seil zu waschen. Am besten mit einem <a href=\"https:\/\/bolting.eu\/shop\/beal-seilwaschmittel-rope-cleaner\/\">Seilwaschmittel<\/a> bzw. der <a href=\"https:\/\/bolting.eu\/shop\/beal-seilbuerste-rope-brush\/\">Beal Rope-Brush<\/a> in der Badewanne. Im verbleibenden Wasser den Seilsack kurz aussp\u00fclen. Fertig!<\/p>\n<h4><strong>Link Tipp<\/strong><\/h4>\n<p>Fahrt mit Eurem neuen Skylotec Transporter doch gleich mal auf Kletterurlaub! Beispielsweise zum Klettern &amp; Baden am Faaker See in der N\u00e4he vom <a href=\"https:\/\/maltatal.rocks\/klettergebiete-posts\/klettergarten-kanzianiberg\/\" target=\"_blank\" rel=\"noopener noreferrer\">Klettergarten Kanzianiberg<\/a>!<\/p>\n","protected":false},"excerpt":{"rendered":"<ul>\n<li>Hersteller: Skylotec<\/li>\n<li>Material: Polyamid (Nylon)<\/li>\n<li>Gr\u00f6\u00dfe: ca. 50 x 35 x 35 cm<\/li>\n<li>Seilplane: 110 x 120cm<\/li>\n<li>Gewicht: 520 Gramm<\/li>\n<li>Trichter Konstruktion zum schnellen Zusammenpacken<\/li>\n<li>Plane leicht PU beschichtet<\/li>\n<li>unzerst\u00f6rbare Metallschnalle<\/li>\n<li>Trageriemen bzw. Schulterriemen<\/li>\n<\/ul>\n","protected":false},"featured_media":3972,"comment_status":"open","ping_status":"closed","template":"","meta":[],"product_brand":[],"product_cat":[5416,9668,29],"product_tag":[],"class_list":{"0":"post-3971","1":"product","2":"type-product","3":"status-publish","4":"has-post-thumbnail","6":"product_cat-seilsaecke","7":"product_cat-skylotec","8":"product_cat-kletterausruestung","10":"first","11":"instock","12":"taxable","13":"shipping-taxable","14":"purchasable","15":"product-type-simple"},"yoast_head":"<!-- This site is optimized with the Yoast SEO Premium plugin v26.9 (Yoast SEO v26.9) - https:\/\/yoast.com\/product\/yoast-seo-premium-wordpress\/ -->\n<title>Skylotec Transporter 100 - perfekte Seilsack-Gymbag Kombi | bolting.eu<\/title>\n<meta name=\"description\" content=\"Hier gibt\u00b4s den SKYLOTEC TRANSPORTER 100. Eine perfekte Seilsack-Gymbag Kombi f\u00fcr Seil, Schuhe und Gurt! Jetzt kaufen beim Kletterprofi aus \ud83c\udde6\ud83c\uddf9 !\" \/>\n<meta name=\"robots\" content=\"index, follow, max-snippet:-1, max-image-preview:large, max-video-preview:-1\" \/>\n<link rel=\"canonical\" href=\"https:\/\/bolting.eu\/en\/shop\/skylotec-transporter-100\/\" \/>\n<meta property=\"og:locale\" content=\"en_US\" \/>\n<meta property=\"og:type\" content=\"article\" \/>\n<meta property=\"og:title\" content=\"Skylotec Transporter 100\" \/>\n<meta property=\"og:description\" content=\"Hier gibt\u00b4s den SKYLOTEC TRANSPORTER 100. Eine perfekte Seilsack-Gymbag Kombi f\u00fcr Seil, Schuhe und Gurt! Jetzt kaufen beim Kletterprofi aus \ud83c\udde6\ud83c\uddf9 !\" \/>\n<meta property=\"og:url\" content=\"https:\/\/bolting.eu\/en\/shop\/skylotec-transporter-100\/\" \/>\n<meta property=\"og:site_name\" content=\"bolting.eu\" \/>\n<meta property=\"article:publisher\" content=\"https:\/\/www.facebook.com\/bolting.eu\" \/>\n<meta property=\"article:modified_time\" content=\"2023-01-04T10:56:27+00:00\" \/>\n<meta property=\"og:image\" content=\"https:\/\/bolting.eu\/wp-content\/uploads\/2020\/06\/Skylotec-Transporter-100.jpg\" \/>\n\t<meta property=\"og:image:width\" content=\"700\" \/>\n\t<meta property=\"og:image:height\" content=\"700\" \/>\n\t<meta property=\"og:image:type\" content=\"image\/jpeg\" \/>\n<meta name=\"twitter:card\" content=\"summary_large_image\" \/>\n<meta name=\"twitter:label1\" content=\"Price\" \/>\n\t<meta name=\"twitter:data1\" content=\"&euro;&nbsp;49,90\" \/>\n\t<meta name=\"twitter:label2\" content=\"Availability\" \/>\n\t<meta name=\"twitter:data2\" content=\"In stock\" \/>\n<script type=\"application\/ld+json\" class=\"yoast-schema-graph\">{\"@context\":\"https:\/\/schema.org\",\"@graph\":[{\"@type\":[\"WebPage\",\"ItemPage\"],\"@id\":\"https:\/\/bolting.eu\/en\/shop\/skylotec-transporter-100\/\",\"url\":\"https:\/\/bolting.eu\/en\/shop\/skylotec-transporter-100\/\",\"name\":\"Skylotec Transporter 100 - perfekte Seilsack-Gymbag Kombi | bolting.eu\",\"isPartOf\":{\"@id\":\"https:\/\/bolting.eu\/en\/#website\"},\"primaryImageOfPage\":{\"@id\":\"https:\/\/bolting.eu\/en\/shop\/skylotec-transporter-100\/#primaryimage\"},\"image\":{\"@id\":\"https:\/\/bolting.eu\/en\/shop\/skylotec-transporter-100\/#primaryimage\"},\"thumbnailUrl\":\"https:\/\/bolting.eu\/wp-content\/uploads\/2020\/06\/Skylotec-Transporter-100.jpg\",\"datePublished\":\"2020-06-20T16:56:44+00:00\",\"dateModified\":\"2023-01-04T10:56:27+00:00\",\"description\":\"Hier gibt\u00b4s den SKYLOTEC TRANSPORTER 100. Eine perfekte Seilsack-Gymbag Kombi f\u00fcr Seil, Schuhe und Gurt! Jetzt kaufen beim Kletterprofi aus \ud83c\udde6\ud83c\uddf9 !\",\"breadcrumb\":{\"@id\":\"https:\/\/bolting.eu\/en\/shop\/skylotec-transporter-100\/#breadcrumb\"},\"inLanguage\":\"en-US\",\"potentialAction\":[{\"@type\":\"ReadAction\",\"target\":[\"https:\/\/bolting.eu\/en\/shop\/skylotec-transporter-100\/\"]}]},{\"@type\":\"ImageObject\",\"inLanguage\":\"en-US\",\"@id\":\"https:\/\/bolting.eu\/en\/shop\/skylotec-transporter-100\/#primaryimage\",\"url\":\"https:\/\/bolting.eu\/wp-content\/uploads\/2020\/06\/Skylotec-Transporter-100.jpg\",\"contentUrl\":\"https:\/\/bolting.eu\/wp-content\/uploads\/2020\/06\/Skylotec-Transporter-100.jpg\",\"width\":700,\"height\":700,\"caption\":\"Das Bild zeigt den Skylotec Transporter 100 Seilsack. Der schwarze Seilsack ist leicht schr\u00e4g in Bildmitte zu sehen. Man erkennt seine Form und Funktion.\"},{\"@type\":\"BreadcrumbList\",\"@id\":\"https:\/\/bolting.eu\/en\/shop\/skylotec-transporter-100\/#breadcrumb\",\"itemListElement\":[{\"@type\":\"ListItem\",\"position\":1,\"name\":\"Shop\",\"item\":\"https:\/\/bolting.eu\/en\/shop\/\"},{\"@type\":\"ListItem\",\"position\":2,\"name\":\"climbing equipment\",\"item\":\"https:\/\/bolting.eu\/en\/produkt-kategorie\/climbing-equipment\/\"},{\"@type\":\"ListItem\",\"position\":3,\"name\":\"Seils\u00e4cke\",\"item\":\"https:\/\/bolting.eu\/produkt-kategorie\/kletterausruestung\/seilsaecke\/\"},{\"@type\":\"ListItem\",\"position\":4,\"name\":\"Skylotec Transporter 100\"}]},{\"@type\":\"WebSite\",\"@id\":\"https:\/\/bolting.eu\/en\/#website\",\"url\":\"https:\/\/bolting.eu\/en\/\",\"name\":\"bolting.eu\",\"description\":\"we make climbs happen\",\"publisher\":{\"@id\":\"https:\/\/bolting.eu\/en\/#organization\"},\"potentialAction\":[{\"@type\":\"SearchAction\",\"target\":{\"@type\":\"EntryPoint\",\"urlTemplate\":\"https:\/\/bolting.eu\/en\/?s={search_term_string}\"},\"query-input\":{\"@type\":\"PropertyValueSpecification\",\"valueRequired\":true,\"valueName\":\"search_term_string\"}}],\"inLanguage\":\"en-US\"},{\"@type\":[\"Organization\",\"Place\",\"SportingGoodsStore\"],\"@id\":\"https:\/\/bolting.eu\/en\/#organization\",\"name\":\"bolting.eu\",\"url\":\"https:\/\/bolting.eu\/en\/\",\"logo\":{\"@id\":\"https:\/\/bolting.eu\/en\/shop\/skylotec-transporter-100\/#local-main-organization-logo\"},\"image\":{\"@id\":\"https:\/\/bolting.eu\/en\/shop\/skylotec-transporter-100\/#local-main-organization-logo\"},\"sameAs\":[\"https:\/\/www.facebook.com\/bolting.eu\",\"https:\/\/www.instagram.com\/bolting.eu\/\"],\"address\":{\"@id\":\"https:\/\/bolting.eu\/en\/shop\/skylotec-transporter-100\/#local-main-place-address\"},\"geo\":{\"@type\":\"GeoCoordinates\",\"latitude\":\"47.264176340396226\",\"longitude\":\"11.380109057672346\"},\"telephone\":[\"+43 699 19083372\"],\"openingHoursSpecification\":[{\"@type\":\"OpeningHoursSpecification\",\"dayOfWeek\":[\"Monday\",\"Wednesday\",\"Friday\"],\"opens\":\"14:00\",\"closes\":\"18:00\"},{\"@type\":\"OpeningHoursSpecification\",\"dayOfWeek\":[\"Tuesday\",\"Thursday\",\"Saturday\",\"Sunday\"],\"opens\":\"00:00\",\"closes\":\"00:00\"}],\"email\":\"office@bolting.eu\",\"vatID\":\"ATU59999728\",\"priceRange\":\"$$\",\"currenciesAccepted\":\"Euro\"},{\"@type\":\"PostalAddress\",\"@id\":\"https:\/\/bolting.eu\/en\/shop\/skylotec-transporter-100\/#local-main-place-address\",\"streetAddress\":\"Fischnalerstra\u00dfe 4\",\"addressLocality\":\"Innsbruck\",\"postalCode\":\"6020\",\"addressRegion\":\"Tirol\",\"addressCountry\":\"AT\"},{\"@type\":\"ImageObject\",\"inLanguage\":\"en-US\",\"@id\":\"https:\/\/bolting.eu\/en\/shop\/skylotec-transporter-100\/#local-main-organization-logo\",\"url\":\"https:\/\/bolting.eu\/wp-content\/uploads\/2019\/09\/bolting-logo.png\",\"contentUrl\":\"https:\/\/bolting.eu\/wp-content\/uploads\/2019\/09\/bolting-logo.png\",\"width\":400,\"height\":211,\"caption\":\"bolting.eu\"}]}<\/script>\n<meta property=\"product:price:amount\" content=\"49.90\" \/>\n<meta property=\"product:price:currency\" content=\"EUR\" \/>\n<meta property=\"og:availability\" content=\"instock\" \/>\n<meta property=\"product:availability\" content=\"instock\" \/>\n<meta property=\"product:retailer_item_id\" content=\"ACS-1006-900-000\" \/>\n<meta property=\"product:condition\" content=\"new\" \/>\n<meta name=\"geo.placename\" content=\"Innsbruck\" \/>\n<meta name=\"geo.position\" content=\"47.264176340396226;11.380109057672346\" \/>\n<meta name=\"geo.region\" content=\"Austria\" \/>\n<!-- \/ Yoast SEO Premium plugin. -->","yoast_head_json":{"title":"Skylotec Transporter 100 - perfekte Seilsack-Gymbag Kombi | bolting.eu","description":"Hier gibt\u00b4s den SKYLOTEC TRANSPORTER 100. Eine perfekte Seilsack-Gymbag Kombi f\u00fcr Seil, Schuhe und Gurt! Jetzt kaufen beim Kletterprofi aus \ud83c\udde6\ud83c\uddf9 !","robots":{"index":"index","follow":"follow","max-snippet":"max-snippet:-1","max-image-preview":"max-image-preview:large","max-video-preview":"max-video-preview:-1"},"canonical":"https:\/\/bolting.eu\/en\/shop\/skylotec-transporter-100\/","og_locale":"en_US","og_type":"article","og_title":"Skylotec Transporter 100","og_description":"Hier gibt\u00b4s den SKYLOTEC TRANSPORTER 100. Eine perfekte Seilsack-Gymbag Kombi f\u00fcr Seil, Schuhe und Gurt! Jetzt kaufen beim Kletterprofi aus \ud83c\udde6\ud83c\uddf9 !","og_url":"https:\/\/bolting.eu\/en\/shop\/skylotec-transporter-100\/","og_site_name":"bolting.eu","article_publisher":"https:\/\/www.facebook.com\/bolting.eu","article_modified_time":"2023-01-04T10:56:27+00:00","og_image":[{"width":700,"height":700,"url":"https:\/\/bolting.eu\/wp-content\/uploads\/2020\/06\/Skylotec-Transporter-100.jpg","type":"image\/jpeg"}],"twitter_card":"summary_large_image","twitter_misc":{"Price":"&euro;&nbsp;49,90","Availability":"In stock"},"schema":{"@context":"https:\/\/schema.org","@graph":[{"@type":["WebPage","ItemPage"],"@id":"https:\/\/bolting.eu\/en\/shop\/skylotec-transporter-100\/","url":"https:\/\/bolting.eu\/en\/shop\/skylotec-transporter-100\/","name":"Skylotec Transporter 100 - perfekte Seilsack-Gymbag Kombi | bolting.eu","isPartOf":{"@id":"https:\/\/bolting.eu\/en\/#website"},"primaryImageOfPage":{"@id":"https:\/\/bolting.eu\/en\/shop\/skylotec-transporter-100\/#primaryimage"},"image":{"@id":"https:\/\/bolting.eu\/en\/shop\/skylotec-transporter-100\/#primaryimage"},"thumbnailUrl":"https:\/\/bolting.eu\/wp-content\/uploads\/2020\/06\/Skylotec-Transporter-100.jpg","datePublished":"2020-06-20T16:56:44+00:00","dateModified":"2023-01-04T10:56:27+00:00","description":"Hier gibt\u00b4s den SKYLOTEC TRANSPORTER 100. Eine perfekte Seilsack-Gymbag Kombi f\u00fcr Seil, Schuhe und Gurt! Jetzt kaufen beim Kletterprofi aus \ud83c\udde6\ud83c\uddf9 !","breadcrumb":{"@id":"https:\/\/bolting.eu\/en\/shop\/skylotec-transporter-100\/#breadcrumb"},"inLanguage":"en-US","potentialAction":[{"@type":"ReadAction","target":["https:\/\/bolting.eu\/en\/shop\/skylotec-transporter-100\/"]}]},{"@type":"ImageObject","inLanguage":"en-US","@id":"https:\/\/bolting.eu\/en\/shop\/skylotec-transporter-100\/#primaryimage","url":"https:\/\/bolting.eu\/wp-content\/uploads\/2020\/06\/Skylotec-Transporter-100.jpg","contentUrl":"https:\/\/bolting.eu\/wp-content\/uploads\/2020\/06\/Skylotec-Transporter-100.jpg","width":700,"height":700,"caption":"Das Bild zeigt den Skylotec Transporter 100 Seilsack. Der schwarze Seilsack ist leicht schr\u00e4g in Bildmitte zu sehen. Man erkennt seine Form und Funktion."},{"@type":"BreadcrumbList","@id":"https:\/\/bolting.eu\/en\/shop\/skylotec-transporter-100\/#breadcrumb","itemListElement":[{"@type":"ListItem","position":1,"name":"Shop","item":"https:\/\/bolting.eu\/en\/shop\/"},{"@type":"ListItem","position":2,"name":"climbing equipment","item":"https:\/\/bolting.eu\/en\/produkt-kategorie\/climbing-equipment\/"},{"@type":"ListItem","position":3,"name":"Seils\u00e4cke","item":"https:\/\/bolting.eu\/produkt-kategorie\/kletterausruestung\/seilsaecke\/"},{"@type":"ListItem","position":4,"name":"Skylotec Transporter 100"}]},{"@type":"WebSite","@id":"https:\/\/bolting.eu\/en\/#website","url":"https:\/\/bolting.eu\/en\/","name":"bolting.eu","description":"we make climbs happen","publisher":{"@id":"https:\/\/bolting.eu\/en\/#organization"},"potentialAction":[{"@type":"SearchAction","target":{"@type":"EntryPoint","urlTemplate":"https:\/\/bolting.eu\/en\/?s={search_term_string}"},"query-input":{"@type":"PropertyValueSpecification","valueRequired":true,"valueName":"search_term_string"}}],"inLanguage":"en-US"},{"@type":["Organization","Place","SportingGoodsStore"],"@id":"https:\/\/bolting.eu\/en\/#organization","name":"bolting.eu","url":"https:\/\/bolting.eu\/en\/","logo":{"@id":"https:\/\/bolting.eu\/en\/shop\/skylotec-transporter-100\/#local-main-organization-logo"},"image":{"@id":"https:\/\/bolting.eu\/en\/shop\/skylotec-transporter-100\/#local-main-organization-logo"},"sameAs":["https:\/\/www.facebook.com\/bolting.eu","https:\/\/www.instagram.com\/bolting.eu\/"],"address":{"@id":"https:\/\/bolting.eu\/en\/shop\/skylotec-transporter-100\/#local-main-place-address"},"geo":{"@type":"GeoCoordinates","latitude":"47.264176340396226","longitude":"11.380109057672346"},"telephone":["+43 699 19083372"],"openingHoursSpecification":[{"@type":"OpeningHoursSpecification","dayOfWeek":["Monday","Wednesday","Friday"],"opens":"14:00","closes":"18:00"},{"@type":"OpeningHoursSpecification","dayOfWeek":["Tuesday","Thursday","Saturday","Sunday"],"opens":"00:00","closes":"00:00"}],"email":"office@bolting.eu","vatID":"ATU59999728","priceRange":"$$","currenciesAccepted":"Euro"},{"@type":"PostalAddress","@id":"https:\/\/bolting.eu\/en\/shop\/skylotec-transporter-100\/#local-main-place-address","streetAddress":"Fischnalerstra\u00dfe 4","addressLocality":"Innsbruck","postalCode":"6020","addressRegion":"Tirol","addressCountry":"AT"},{"@type":"ImageObject","inLanguage":"en-US","@id":"https:\/\/bolting.eu\/en\/shop\/skylotec-transporter-100\/#local-main-organization-logo","url":"https:\/\/bolting.eu\/wp-content\/uploads\/2019\/09\/bolting-logo.png","contentUrl":"https:\/\/bolting.eu\/wp-content\/uploads\/2019\/09\/bolting-logo.png","width":400,"height":211,"caption":"bolting.eu"}]},"product_price_amount":"49.90","product_price_currency":"EUR","og_availability":"instock","product_availability":"instock","product_retailer_item_id":"ACS-1006-900-000","product_condition":"new","geo.placename":"Innsbruck","geo.position":{"lat":"47.264176340396226","long":"11.380109057672346"},"geo.region":"Austria"},"_links":{"self":[{"href":"https:\/\/bolting.eu\/en\/wp-json\/wp\/v2\/product\/3971","targetHints":{"allow":["GET"]}}],"collection":[{"href":"https:\/\/bolting.eu\/en\/wp-json\/wp\/v2\/product"}],"about":[{"href":"https:\/\/bolting.eu\/en\/wp-json\/wp\/v2\/types\/product"}],"replies":[{"embeddable":true,"href":"https:\/\/bolting.eu\/en\/wp-json\/wp\/v2\/comments?post=3971"}],"wp:featuredmedia":[{"embeddable":true,"href":"https:\/\/bolting.eu\/en\/wp-json\/wp\/v2\/media\/3972"}],"wp:attachment":[{"href":"https:\/\/bolting.eu\/en\/wp-json\/wp\/v2\/media?parent=3971"}],"wp:term":[{"taxonomy":"product_brand","embeddable":true,"href":"https:\/\/bolting.eu\/en\/wp-json\/wp\/v2\/product_brand?post=3971"},{"taxonomy":"product_cat","embeddable":true,"href":"https:\/\/bolting.eu\/en\/wp-json\/wp\/v2\/product_cat?post=3971"},{"taxonomy":"product_tag","embeddable":true,"href":"https:\/\/bolting.eu\/en\/wp-json\/wp\/v2\/product_tag?post=3971"}],"curies":[{"name":"wp","href":"https:\/\/api.w.org\/{rel}","templated":true}]}}