{"id":3953,"date":"2020-06-20T15:05:44","date_gmt":"2020-06-20T13:05:44","guid":{"rendered":"https:\/\/bolting.eu\/?post_type=product&#038;p=3953"},"modified":"2024-11-28T13:27:23","modified_gmt":"2024-11-28T12:27:23","slug":"reepschnur-skylotec-cord-4-0","status":"publish","type":"product","link":"https:\/\/bolting.eu\/en\/shop\/reepschnur-skylotec-cord-4-0\/","title":{"rendered":"Reepschnur Skylotec Cord 4.0"},"content":{"rendered":"<p>Die Reepschnur Skylotec Cord 4.0 ist eine Schnur f\u00fcr viele Anwendungen. Die 4mm Reepschnur besitzt eine EN Norm 564 und kann somit auch als PSA verwendet werden.<\/p>\n<p>Ihren Einsatz findet diese Schnur vor allem in alpinen Bereichen. Sie ist zum einen perfekt f\u00fcr das Anbinden wichtiger Ausr\u00fcstung. Beispielsweise von <a href=\"https:\/\/bolting.eu\/produkt-kategorie\/big-wall-ausruestung\/\">Big Wall Ausr\u00fcstung<\/a>, wie Felshammer, Trittleiter, etc&#8230;<\/p>\n<p>Zum anderen in vielen Bereichen wie Camping, Haushalt und Hobbys.<\/p>\n<figure id=\"attachment_3940\" aria-describedby=\"caption-attachment-3940\" style=\"width: 762px\" class=\"wp-caption alignnone\"><a href=\"https:\/\/bolting.eu\/wp-content\/uploads\/2020\/06\/Skylotec-Reepschnur-Cord-5m-Pack.jpg\"><img loading=\"lazy\" decoding=\"async\" class=\"wp-image-3940 size-medium\" src=\"https:\/\/bolting.eu\/wp-content\/uploads\/2020\/06\/Skylotec-Reepschnur-Cord-5m-Pack-762x400.jpg\" alt=\"Das Bild zeigt f\u00fcnf Varianten des Produktes Skylotec Reepschnur. In einem wei\u00dfem Balken sind von 2mm bis 6mm alle Varianten nebeneinander mit Beschriftung abgebildet.\" width=\"762\" height=\"400\" srcset=\"https:\/\/bolting.eu\/wp-content\/uploads\/2020\/06\/Skylotec-Reepschnur-Cord-5m-Pack-762x400.jpg 762w, https:\/\/bolting.eu\/wp-content\/uploads\/2020\/06\/Skylotec-Reepschnur-Cord-5m-Pack-510x268.jpg 510w, https:\/\/bolting.eu\/wp-content\/uploads\/2020\/06\/Skylotec-Reepschnur-Cord-5m-Pack-768x403.jpg 768w, https:\/\/bolting.eu\/wp-content\/uploads\/2020\/06\/Skylotec-Reepschnur-Cord-5m-Pack-600x315.jpg 600w, https:\/\/bolting.eu\/wp-content\/uploads\/2020\/06\/Skylotec-Reepschnur-Cord-5m-Pack.jpg 1200w\" sizes=\"auto, (max-width: 762px) 100vw, 762px\" \/><\/a><figcaption id=\"caption-attachment-3940\" class=\"wp-caption-text\">Die Skylotec Reepschn\u00fcre gibt es mit 5 Durchmessern von 2mm bis 6mm.<\/figcaption><\/figure>\n<h2>Eigenschaften Reepschnur Skylotec Cord 4.0<\/h2>\n<ul>\n<li>Hersteller: <a href=\"https:\/\/bolting.eu\/produkt-kategorie\/skylotec\/\">Skylotec<\/a><\/li>\n<li>Material: Polyamid (Nylon)<\/li>\n<li>Durchmesser: 4mm<\/li>\n<li>L\u00e4nge: 5m<\/li>\n<li>Gewicht: 60 Gramm<\/li>\n<li>Tragf\u00e4higkeit: 4,1 kN (410kg)<\/li>\n<li>Normen: EN 564:2014<\/li>\n<li>als PSA geeignet<\/li>\n<\/ul>\n<h3>Praktischer 5m Pack<\/h3>\n<p>Die Reepschnur Skylotec Cord 4.0 wird im praktischen 5m Pack geliefert. Somit hat man immer eine gen\u00fcgend lange Schnur um vern\u00fcnftig arbeiten zu k\u00f6nnen. Egal ob zum Abspannen einer Plane. Oder zum Bau einer W\u00e4scheleine. Mit 5 Metern l\u00e4sst sich gut arbeiten.<\/p>\n<p>Deswegen kommt die Schnur aufgerollt und \u00fcbersichtlich verpackt. So soll es sein!<\/p>\n<h3>Praxis Tipp Reepschnur Skylotec Cord 4.0<\/h3>\n<p>Beachtet beim Abschneiden der Schnur. Sie franst aus, wenn man sie nur mit einem Messer schnell mal durchtrennt. Verwendet danach einfach ein Feuerzeug und versengt kurz die Enden. Das Polyamid schmilzt und somit gibt es keine Fransen.<\/p>\n<p>Wer m\u00f6chte, kann auch ein kleines St\u00fcck Tape um die Schnur wickeln und sie dann abschneiden. Dies verhindert ebenso die Fransenbildung.<\/p>\n<h3>Lagerung<\/h3>\n<p>Reepschn\u00fcre sollten immer dunkel gelagert werden. Denn andauernde UV Strahlung schadet dem Polyamid Gewebe. Folglich mus sbei der Lagerung auch auf diese Dinge geachtet werden:<\/p>\n<ul>\n<li>niemals gro\u00dfer Hitze aussetzen, wie z.B. Trocknen auf einer Heizung<\/li>\n<li>nie in der Prallen Sonne oder im Auto hinter der Scheibe liegen lassen<\/li>\n<li>Kontakt mit S\u00e4uren oder Treibstoffen vermeiden<\/li>\n<li>niemals mit sehr scharfen Gegenst\u00e4nden zusammen verstauen<\/li>\n<\/ul>\n<h4><strong>Lebensdauer Reepschnur Skylotec Cord 4.0<\/strong><\/h4>\n<p>Die maximale Lebensdauer von Skylotec Schn\u00fcren betr\u00e4gt 10 Jahre (Lagerfrist). Da diese Schnur auch als PSA verwendet wird, empfehlen wir einen Austausch schon nach 3 Jahren.<\/p>\n<p>\u00dcberdies muss eine Reepschnur ausgeschieden werden, wenn sie sichtbare Sch\u00e4den hat. Deshalb sollte in regelm\u00e4\u00dfigen Abst\u00e4nde eine Kontrolle durchgef\u00fchrt werden. Sowohl haptisch, als auch optisch.<\/p>\n<p>Bei intensiver Verwendung ist eine Reepschnur ebenso weit vor Ende der regul\u00e4ren Gebrauchsdauer auszuscheiden.<\/p>\n<p>&nbsp;<\/p>\n","protected":false},"excerpt":{"rendered":"<ul>\n<li>Hersteller: Skylotec<\/li>\n<li>Material: Polyamid (Nylon)<\/li>\n<li>Durchmesser: 4mm<\/li>\n<li>L\u00e4nge: 5m<\/li>\n<li>Gewicht: 60 Gramm<\/li>\n<li>Tragf\u00e4higkeit: 4,1 kN (410kg)<\/li>\n<li>Normen: keine<\/li>\n<li>als PSA geeignet<\/li>\n<\/ul>\n","protected":false},"featured_media":3937,"comment_status":"open","ping_status":"closed","template":"","meta":[],"product_brand":[],"product_cat":[9667,9668,29,55],"product_tag":[],"class_list":{"0":"post-3953","1":"product","2":"type-product","3":"status-publish","4":"has-post-thumbnail","6":"product_cat-skylotec-reepschnur","7":"product_cat-skylotec","8":"product_cat-kletterausruestung","9":"product_cat-reepschnur","11":"first","12":"outofstock","13":"taxable","14":"shipping-taxable","15":"purchasable","16":"product-type-simple"},"yoast_head":"<!-- This site is optimized with the Yoast SEO Premium plugin v26.9 (Yoast SEO v26.9) - https:\/\/yoast.com\/product\/yoast-seo-premium-wordpress\/ -->\n<title>Reepschnur Skylotec Cord 4.0: Zubeh\u00f6r Reepschnur kaufen | bolting.eu<\/title>\n<meta name=\"description\" content=\"Hier gibt\u00b4s die 4mm REEPSCHNUR SKYLOTEC CORD 4.0 im praktischen 5m Pack. Eine geniale Zubeh\u00f6r Schnur mit 410kg Tragf\u00e4higkeit. Jetzt online kaufen in \ud83c\udde6\ud83c\uddf9!\" \/>\n<meta name=\"robots\" content=\"index, follow, max-snippet:-1, max-image-preview:large, max-video-preview:-1\" \/>\n<link rel=\"canonical\" href=\"https:\/\/bolting.eu\/en\/shop\/reepschnur-skylotec-cord-4-0\/\" \/>\n<meta property=\"og:locale\" content=\"en_US\" \/>\n<meta property=\"og:type\" content=\"article\" \/>\n<meta property=\"og:title\" content=\"Reepschnur Skylotec Cord 4.0\" \/>\n<meta property=\"og:description\" content=\"Hier gibt\u00b4s die 4mm REEPSCHNUR SKYLOTEC CORD 4.0 im praktischen 5m Pack. Eine geniale Zubeh\u00f6r Schnur mit 410kg Tragf\u00e4higkeit. Jetzt online kaufen in \ud83c\udde6\ud83c\uddf9!\" \/>\n<meta property=\"og:url\" content=\"https:\/\/bolting.eu\/en\/shop\/reepschnur-skylotec-cord-4-0\/\" \/>\n<meta property=\"og:site_name\" content=\"bolting.eu\" \/>\n<meta property=\"article:publisher\" content=\"https:\/\/www.facebook.com\/bolting.eu\" \/>\n<meta property=\"article:modified_time\" content=\"2024-11-28T12:27:23+00:00\" \/>\n<meta property=\"og:image\" content=\"https:\/\/bolting.eu\/wp-content\/uploads\/2020\/06\/Reepschnur-Skylotec-Cord-4.0.jpg\" \/>\n\t<meta property=\"og:image:width\" content=\"700\" \/>\n\t<meta property=\"og:image:height\" content=\"700\" \/>\n\t<meta property=\"og:image:type\" content=\"image\/jpeg\" \/>\n<meta name=\"twitter:card\" content=\"summary_large_image\" \/>\n<meta name=\"twitter:label1\" content=\"Price\" \/>\n\t<meta name=\"twitter:data1\" content=\"&euro;&nbsp;6,49\" \/>\n\t<meta name=\"twitter:label2\" content=\"Availability\" \/>\n\t<meta name=\"twitter:data2\" content=\"Out of stock\" \/>\n<script type=\"application\/ld+json\" class=\"yoast-schema-graph\">{\"@context\":\"https:\/\/schema.org\",\"@graph\":[{\"@type\":[\"WebPage\",\"ItemPage\"],\"@id\":\"https:\/\/bolting.eu\/en\/shop\/reepschnur-skylotec-cord-4-0\/\",\"url\":\"https:\/\/bolting.eu\/en\/shop\/reepschnur-skylotec-cord-4-0\/\",\"name\":\"Reepschnur Skylotec Cord 4.0: Zubeh\u00f6r Reepschnur kaufen | bolting.eu\",\"isPartOf\":{\"@id\":\"https:\/\/bolting.eu\/en\/#website\"},\"primaryImageOfPage\":{\"@id\":\"https:\/\/bolting.eu\/en\/shop\/reepschnur-skylotec-cord-4-0\/#primaryimage\"},\"image\":{\"@id\":\"https:\/\/bolting.eu\/en\/shop\/reepschnur-skylotec-cord-4-0\/#primaryimage\"},\"thumbnailUrl\":\"https:\/\/bolting.eu\/wp-content\/uploads\/2020\/06\/Reepschnur-Skylotec-Cord-4.0.jpg\",\"datePublished\":\"2020-06-20T13:05:44+00:00\",\"dateModified\":\"2024-11-28T12:27:23+00:00\",\"description\":\"Hier gibt\u00b4s die 4mm REEPSCHNUR SKYLOTEC CORD 4.0 im praktischen 5m Pack. Eine geniale Zubeh\u00f6r Schnur mit 410kg Tragf\u00e4higkeit. Jetzt online kaufen in \ud83c\udde6\ud83c\uddf9!\",\"breadcrumb\":{\"@id\":\"https:\/\/bolting.eu\/en\/shop\/reepschnur-skylotec-cord-4-0\/#breadcrumb\"},\"inLanguage\":\"en-US\",\"potentialAction\":[{\"@type\":\"ReadAction\",\"target\":[\"https:\/\/bolting.eu\/en\/shop\/reepschnur-skylotec-cord-4-0\/\"]}]},{\"@type\":\"ImageObject\",\"inLanguage\":\"en-US\",\"@id\":\"https:\/\/bolting.eu\/en\/shop\/reepschnur-skylotec-cord-4-0\/#primaryimage\",\"url\":\"https:\/\/bolting.eu\/wp-content\/uploads\/2020\/06\/Reepschnur-Skylotec-Cord-4.0.jpg\",\"contentUrl\":\"https:\/\/bolting.eu\/wp-content\/uploads\/2020\/06\/Reepschnur-Skylotec-Cord-4.0.jpg\",\"width\":700,\"height\":700,\"caption\":\"Das Bild zeigt eine Skylotec Reepschnur Cord 4.0. Die rote Schnur ist einem durchsichtigen S\u00e4ckchen mit schwarzem Label aus Karton zu sehen.\"},{\"@type\":\"BreadcrumbList\",\"@id\":\"https:\/\/bolting.eu\/en\/shop\/reepschnur-skylotec-cord-4-0\/#breadcrumb\",\"itemListElement\":[{\"@type\":\"ListItem\",\"position\":1,\"name\":\"Shop\",\"item\":\"https:\/\/bolting.eu\/en\/shop\/\"},{\"@type\":\"ListItem\",\"position\":2,\"name\":\"Skylotec\",\"item\":\"https:\/\/bolting.eu\/produkt-kategorie\/skylotec\/\"},{\"@type\":\"ListItem\",\"position\":3,\"name\":\"Reepschnur Skylotec Cord 4.0\"}]},{\"@type\":\"WebSite\",\"@id\":\"https:\/\/bolting.eu\/en\/#website\",\"url\":\"https:\/\/bolting.eu\/en\/\",\"name\":\"bolting.eu\",\"description\":\"we make climbs happen\",\"publisher\":{\"@id\":\"https:\/\/bolting.eu\/en\/#organization\"},\"potentialAction\":[{\"@type\":\"SearchAction\",\"target\":{\"@type\":\"EntryPoint\",\"urlTemplate\":\"https:\/\/bolting.eu\/en\/?s={search_term_string}\"},\"query-input\":{\"@type\":\"PropertyValueSpecification\",\"valueRequired\":true,\"valueName\":\"search_term_string\"}}],\"inLanguage\":\"en-US\"},{\"@type\":[\"Organization\",\"Place\",\"SportingGoodsStore\"],\"@id\":\"https:\/\/bolting.eu\/en\/#organization\",\"name\":\"bolting.eu\",\"url\":\"https:\/\/bolting.eu\/en\/\",\"logo\":{\"@id\":\"https:\/\/bolting.eu\/en\/shop\/reepschnur-skylotec-cord-4-0\/#local-main-organization-logo\"},\"image\":{\"@id\":\"https:\/\/bolting.eu\/en\/shop\/reepschnur-skylotec-cord-4-0\/#local-main-organization-logo\"},\"sameAs\":[\"https:\/\/www.facebook.com\/bolting.eu\",\"https:\/\/www.instagram.com\/bolting.eu\/\"],\"address\":{\"@id\":\"https:\/\/bolting.eu\/en\/shop\/reepschnur-skylotec-cord-4-0\/#local-main-place-address\"},\"geo\":{\"@type\":\"GeoCoordinates\",\"latitude\":\"47.264176340396226\",\"longitude\":\"11.380109057672346\"},\"telephone\":[\"+43 699 19083372\"],\"openingHoursSpecification\":[{\"@type\":\"OpeningHoursSpecification\",\"dayOfWeek\":[\"Monday\",\"Wednesday\",\"Friday\"],\"opens\":\"14:00\",\"closes\":\"18:00\"},{\"@type\":\"OpeningHoursSpecification\",\"dayOfWeek\":[\"Tuesday\",\"Thursday\",\"Saturday\",\"Sunday\"],\"opens\":\"00:00\",\"closes\":\"00:00\"}],\"email\":\"office@bolting.eu\",\"vatID\":\"ATU59999728\",\"priceRange\":\"$$\",\"currenciesAccepted\":\"Euro\"},{\"@type\":\"PostalAddress\",\"@id\":\"https:\/\/bolting.eu\/en\/shop\/reepschnur-skylotec-cord-4-0\/#local-main-place-address\",\"streetAddress\":\"Fischnalerstra\u00dfe 4\",\"addressLocality\":\"Innsbruck\",\"postalCode\":\"6020\",\"addressRegion\":\"Tirol\",\"addressCountry\":\"AT\"},{\"@type\":\"ImageObject\",\"inLanguage\":\"en-US\",\"@id\":\"https:\/\/bolting.eu\/en\/shop\/reepschnur-skylotec-cord-4-0\/#local-main-organization-logo\",\"url\":\"https:\/\/bolting.eu\/wp-content\/uploads\/2019\/09\/bolting-logo.png\",\"contentUrl\":\"https:\/\/bolting.eu\/wp-content\/uploads\/2019\/09\/bolting-logo.png\",\"width\":400,\"height\":211,\"caption\":\"bolting.eu\"}]}<\/script>\n<meta property=\"product:price:amount\" content=\"6.49\" \/>\n<meta property=\"product:price:currency\" content=\"EUR\" \/>\n<meta property=\"og:availability\" content=\"out of stock\" \/>\n<meta property=\"product:availability\" content=\"out of stock\" \/>\n<meta property=\"product:retailer_item_id\" content=\"L-0633-SW-5\" \/>\n<meta property=\"product:condition\" content=\"new\" \/>\n<meta name=\"geo.placename\" content=\"Innsbruck\" \/>\n<meta name=\"geo.position\" content=\"47.264176340396226;11.380109057672346\" \/>\n<meta name=\"geo.region\" content=\"Austria\" \/>\n<!-- \/ Yoast SEO Premium plugin. -->","yoast_head_json":{"title":"Reepschnur Skylotec Cord 4.0: Zubeh\u00f6r Reepschnur kaufen | bolting.eu","description":"Hier gibt\u00b4s die 4mm REEPSCHNUR SKYLOTEC CORD 4.0 im praktischen 5m Pack. Eine geniale Zubeh\u00f6r Schnur mit 410kg Tragf\u00e4higkeit. Jetzt online kaufen in \ud83c\udde6\ud83c\uddf9!","robots":{"index":"index","follow":"follow","max-snippet":"max-snippet:-1","max-image-preview":"max-image-preview:large","max-video-preview":"max-video-preview:-1"},"canonical":"https:\/\/bolting.eu\/en\/shop\/reepschnur-skylotec-cord-4-0\/","og_locale":"en_US","og_type":"article","og_title":"Reepschnur Skylotec Cord 4.0","og_description":"Hier gibt\u00b4s die 4mm REEPSCHNUR SKYLOTEC CORD 4.0 im praktischen 5m Pack. Eine geniale Zubeh\u00f6r Schnur mit 410kg Tragf\u00e4higkeit. Jetzt online kaufen in \ud83c\udde6\ud83c\uddf9!","og_url":"https:\/\/bolting.eu\/en\/shop\/reepschnur-skylotec-cord-4-0\/","og_site_name":"bolting.eu","article_publisher":"https:\/\/www.facebook.com\/bolting.eu","article_modified_time":"2024-11-28T12:27:23+00:00","og_image":[{"width":700,"height":700,"url":"https:\/\/bolting.eu\/wp-content\/uploads\/2020\/06\/Reepschnur-Skylotec-Cord-4.0.jpg","type":"image\/jpeg"}],"twitter_card":"summary_large_image","twitter_misc":{"Price":"&euro;&nbsp;6,49","Availability":"Out of stock"},"schema":{"@context":"https:\/\/schema.org","@graph":[{"@type":["WebPage","ItemPage"],"@id":"https:\/\/bolting.eu\/en\/shop\/reepschnur-skylotec-cord-4-0\/","url":"https:\/\/bolting.eu\/en\/shop\/reepschnur-skylotec-cord-4-0\/","name":"Reepschnur Skylotec Cord 4.0: Zubeh\u00f6r Reepschnur kaufen | bolting.eu","isPartOf":{"@id":"https:\/\/bolting.eu\/en\/#website"},"primaryImageOfPage":{"@id":"https:\/\/bolting.eu\/en\/shop\/reepschnur-skylotec-cord-4-0\/#primaryimage"},"image":{"@id":"https:\/\/bolting.eu\/en\/shop\/reepschnur-skylotec-cord-4-0\/#primaryimage"},"thumbnailUrl":"https:\/\/bolting.eu\/wp-content\/uploads\/2020\/06\/Reepschnur-Skylotec-Cord-4.0.jpg","datePublished":"2020-06-20T13:05:44+00:00","dateModified":"2024-11-28T12:27:23+00:00","description":"Hier gibt\u00b4s die 4mm REEPSCHNUR SKYLOTEC CORD 4.0 im praktischen 5m Pack. Eine geniale Zubeh\u00f6r Schnur mit 410kg Tragf\u00e4higkeit. Jetzt online kaufen in \ud83c\udde6\ud83c\uddf9!","breadcrumb":{"@id":"https:\/\/bolting.eu\/en\/shop\/reepschnur-skylotec-cord-4-0\/#breadcrumb"},"inLanguage":"en-US","potentialAction":[{"@type":"ReadAction","target":["https:\/\/bolting.eu\/en\/shop\/reepschnur-skylotec-cord-4-0\/"]}]},{"@type":"ImageObject","inLanguage":"en-US","@id":"https:\/\/bolting.eu\/en\/shop\/reepschnur-skylotec-cord-4-0\/#primaryimage","url":"https:\/\/bolting.eu\/wp-content\/uploads\/2020\/06\/Reepschnur-Skylotec-Cord-4.0.jpg","contentUrl":"https:\/\/bolting.eu\/wp-content\/uploads\/2020\/06\/Reepschnur-Skylotec-Cord-4.0.jpg","width":700,"height":700,"caption":"Das Bild zeigt eine Skylotec Reepschnur Cord 4.0. Die rote Schnur ist einem durchsichtigen S\u00e4ckchen mit schwarzem Label aus Karton zu sehen."},{"@type":"BreadcrumbList","@id":"https:\/\/bolting.eu\/en\/shop\/reepschnur-skylotec-cord-4-0\/#breadcrumb","itemListElement":[{"@type":"ListItem","position":1,"name":"Shop","item":"https:\/\/bolting.eu\/en\/shop\/"},{"@type":"ListItem","position":2,"name":"Skylotec","item":"https:\/\/bolting.eu\/produkt-kategorie\/skylotec\/"},{"@type":"ListItem","position":3,"name":"Reepschnur Skylotec Cord 4.0"}]},{"@type":"WebSite","@id":"https:\/\/bolting.eu\/en\/#website","url":"https:\/\/bolting.eu\/en\/","name":"bolting.eu","description":"we make climbs happen","publisher":{"@id":"https:\/\/bolting.eu\/en\/#organization"},"potentialAction":[{"@type":"SearchAction","target":{"@type":"EntryPoint","urlTemplate":"https:\/\/bolting.eu\/en\/?s={search_term_string}"},"query-input":{"@type":"PropertyValueSpecification","valueRequired":true,"valueName":"search_term_string"}}],"inLanguage":"en-US"},{"@type":["Organization","Place","SportingGoodsStore"],"@id":"https:\/\/bolting.eu\/en\/#organization","name":"bolting.eu","url":"https:\/\/bolting.eu\/en\/","logo":{"@id":"https:\/\/bolting.eu\/en\/shop\/reepschnur-skylotec-cord-4-0\/#local-main-organization-logo"},"image":{"@id":"https:\/\/bolting.eu\/en\/shop\/reepschnur-skylotec-cord-4-0\/#local-main-organization-logo"},"sameAs":["https:\/\/www.facebook.com\/bolting.eu","https:\/\/www.instagram.com\/bolting.eu\/"],"address":{"@id":"https:\/\/bolting.eu\/en\/shop\/reepschnur-skylotec-cord-4-0\/#local-main-place-address"},"geo":{"@type":"GeoCoordinates","latitude":"47.264176340396226","longitude":"11.380109057672346"},"telephone":["+43 699 19083372"],"openingHoursSpecification":[{"@type":"OpeningHoursSpecification","dayOfWeek":["Monday","Wednesday","Friday"],"opens":"14:00","closes":"18:00"},{"@type":"OpeningHoursSpecification","dayOfWeek":["Tuesday","Thursday","Saturday","Sunday"],"opens":"00:00","closes":"00:00"}],"email":"office@bolting.eu","vatID":"ATU59999728","priceRange":"$$","currenciesAccepted":"Euro"},{"@type":"PostalAddress","@id":"https:\/\/bolting.eu\/en\/shop\/reepschnur-skylotec-cord-4-0\/#local-main-place-address","streetAddress":"Fischnalerstra\u00dfe 4","addressLocality":"Innsbruck","postalCode":"6020","addressRegion":"Tirol","addressCountry":"AT"},{"@type":"ImageObject","inLanguage":"en-US","@id":"https:\/\/bolting.eu\/en\/shop\/reepschnur-skylotec-cord-4-0\/#local-main-organization-logo","url":"https:\/\/bolting.eu\/wp-content\/uploads\/2019\/09\/bolting-logo.png","contentUrl":"https:\/\/bolting.eu\/wp-content\/uploads\/2019\/09\/bolting-logo.png","width":400,"height":211,"caption":"bolting.eu"}]},"product_price_amount":"6.49","product_price_currency":"EUR","og_availability":"out of stock","product_availability":"out of stock","product_retailer_item_id":"L-0633-SW-5","product_condition":"new","geo.placename":"Innsbruck","geo.position":{"lat":"47.264176340396226","long":"11.380109057672346"},"geo.region":"Austria"},"_links":{"self":[{"href":"https:\/\/bolting.eu\/en\/wp-json\/wp\/v2\/product\/3953","targetHints":{"allow":["GET"]}}],"collection":[{"href":"https:\/\/bolting.eu\/en\/wp-json\/wp\/v2\/product"}],"about":[{"href":"https:\/\/bolting.eu\/en\/wp-json\/wp\/v2\/types\/product"}],"replies":[{"embeddable":true,"href":"https:\/\/bolting.eu\/en\/wp-json\/wp\/v2\/comments?post=3953"}],"wp:featuredmedia":[{"embeddable":true,"href":"https:\/\/bolting.eu\/en\/wp-json\/wp\/v2\/media\/3937"}],"wp:attachment":[{"href":"https:\/\/bolting.eu\/en\/wp-json\/wp\/v2\/media?parent=3953"}],"wp:term":[{"taxonomy":"product_brand","embeddable":true,"href":"https:\/\/bolting.eu\/en\/wp-json\/wp\/v2\/product_brand?post=3953"},{"taxonomy":"product_cat","embeddable":true,"href":"https:\/\/bolting.eu\/en\/wp-json\/wp\/v2\/product_cat?post=3953"},{"taxonomy":"product_tag","embeddable":true,"href":"https:\/\/bolting.eu\/en\/wp-json\/wp\/v2\/product_tag?post=3953"}],"curies":[{"name":"wp","href":"https:\/\/api.w.org\/{rel}","templated":true}]}}