{"id":3902,"date":"2020-06-04T11:27:31","date_gmt":"2020-06-04T09:27:31","guid":{"rendered":"https:\/\/bolting.eu\/?post_type=product&#038;p=3902"},"modified":"2026-03-27T10:10:30","modified_gmt":"2026-03-27T09:10:30","slug":"dyna-mit-reepschnur-set","status":"publish","type":"product","link":"https:\/\/bolting.eu\/en\/shop\/dyna-mit-reepschnur-set\/","title":{"rendered":"DYNA.MIT Reepschnur Set"},"content":{"rendered":"<p>Das DYNA.MIT Reepschnur Set ist ein Kit f\u00fcr Alpinisten und Bergretter.<\/p>\n<p>Denn dieses Set erm\u00f6glicht mit den vier Schn\u00fcren und Karabinern eine gro\u00dfe Bandbreite an Eins\u00e4tzen.<\/p>\n<p>Zum einen f\u00fcr Alpinisten beim Standplatzbau, der Spaltenbergung sowie bei Big Wallwalls. Zum anderen f\u00fcr Bergretter bei einer Vielzahl an Rettungstechniken.<\/p>\n<h2>DYNA.MIT Reepschnur Set &#8211; alles Kern-Mantel Kontruktionen<\/h2>\n<p>Diese Schn\u00fcre sind alle in Kern-Mantelkonstruktion gefertigt. D.h. um einen Dyneema Kern befindet sich eine Polyamid H\u00fclle. Somit vereinen sich die St\u00e4rken der jeweiligen Materialien. Zum einen die extreme Rei\u00dffestigkeit und Bruchfestigkeit von Dyneema. Und zum anderen die raue Oberfl\u00e4che (Knotbarkeit) und der hohe Schmelzpunkt von Polyamid.<\/p>\n<p>\u00dcberdies sind die Enden auf 5cm abgen\u00e4ht. Folglich gibt es bei diesem Produkt keinerlei Mantelverschiebung bzw. keine \u00fcberstehende Mantelh\u00fclle.<\/p>\n<p>Diese Schlinge wird in erster Linie f\u00fcr den alpinen Standplatzbau eingesetzt. Dar\u00fcber hinaus findet sie in der Bergrettung breite Verwendung.<\/p>\n<h2>Eigenschaften DYNA.MIT Reepschnur Set<\/h2>\n<ul>\n<li>Hersteller: Austrialpin<\/li>\n<li>Material Kern: Dyneema<\/li>\n<li>Material Mantel: Polyamid<\/li>\n<li>L\u00e4ngen: 170cm, 2 x 290cn, 530cm<\/li>\n<li>Durchmesser: 6mm<\/li>\n<li>Gewicht: 46 Gr., 76 Gr. und 135 Gramm<\/li>\n<li>Enden alle vern\u00e4ht<\/li>\n<li>unterschiedliche Farben<\/li>\n<li>Normen: EN 564:2015<\/li>\n<li>Bruchlast: 22 kN<\/li>\n<li>Bedienungsanleitung beachten<\/li>\n<\/ul>\n<h2>DYNA.MIT Reepschnur Set &#8211; regelm\u00e4\u00dfig kontrollieren!<\/h2>\n<p>Wie jede Reepschnur solltet ihr auch die Schn\u00fcre eures Sets regelm\u00e4\u00dfig inspizieren. Lasst jede Schnur durch die Finger gleiten. Versucht dabei Unregelm\u00e4\u00dfigkeiten zu ersp\u00fcren. Dar\u00fcber hinaus ist auch die optische Kontrolle wichtig. Sind sichtbare Sch\u00e4den erkennbar?<\/p>\n<p>Bei entsprechenden Sch\u00e4den ist diese Reepschnur umgehend auszutauschen.<\/p>\n<h2>Austausch nach 3 Jahren empfohlen<\/h2>\n<p>In jedem Fall solltet ihr eure DYNA.MIT Reepschnur Set nach 3 Jahren Verwendung austauschen. So wird es im Artikel \u201e<a href=\"https:\/\/bolting.eu\/wp-content\/uploads\/2020\/05\/Gebrauchsdauer-von-Bandschlingen-DAV-Panorama-4-2015.pdf\" target=\"_blank\" rel=\"noopener noreferrer\">Gebrauchsdauer von Bandschlingen<\/a>\u201c im DAV Panorama 4 \/ 2015 empfohlen. Wer seine Schn\u00fcre ganz wenig n\u00fctzt, sollte diese nach sp\u00e4testens 5 Jahren austauschen.<\/p>\n<p>Diese Empfehlungen fu\u00dfen auf dem Materialverhalten von Dyneema. Vereinfacht dargestellt sorgt das Verknoten, Schmutz, Belastungen, Reibung an der Materialoberfl\u00e4che, UV Strahlung etc. f\u00fcr die Alterung des Polyethylens. Folglich nimmt die Festigkeit stetig ab. Je st\u00e4rker eine Reepschnur genutzt und verschmutzt ist, desto fr\u00fcher fallen die Bruchwerte unter die Normgrenze.<\/p>\n<h4><strong>Video Ausgleichsverankerung<\/strong><\/h4>\n<p>Eine der h\u00e4ufigsten Anwendungen des DYNA.MIT Reepschnur Set ist die Ausgleichsverankerung. Das folgende Video erkl\u00e4rt ganz wunderbar wie diese gebaut wird.<\/p>\n<p><iframe loading=\"lazy\" src=\"https:\/\/www.youtube.com\/embed\/sL55xf0jCDc\" width=\"100%\" height=\"450\" frameborder=\"0\" allowfullscreen=\"allowfullscreen\"><\/iframe><\/p>\n","protected":false},"excerpt":{"rendered":"<p>6mm Dyneema Reepschnur Set mit diesen L\u00e4ngen: 170cm, 2 x 290cm, 530cm. Der Kern ist Dyneema, der Mantel f\u00fcr bessere Knotbarkeit und Schutz aus Polyamid.<\/p>\n<p>Ideal f\u00fcr Hochtouren- oder Felskurse.<\/p>\n<p>Versandkostenfrei bis 2kg in <img decoding=\"async\" class=\"emoji\" role=\"img\" draggable=\"false\" src=\"https:\/\/s.w.org\/images\/core\/emoji\/14.0.0\/svg\/1f1e6-1f1f9.svg\" alt=\"\ud83c\udde6\ud83c\uddf9\" \/> ab \u20ac 100,- und <img decoding=\"async\" class=\"emoji\" role=\"img\" draggable=\"false\" src=\"https:\/\/s.w.org\/images\/core\/emoji\/14.0.0\/svg\/1f1e9-1f1ea.svg\" alt=\"\ud83c\udde9\ud83c\uddea\" \/> ab \u20ac 200,-!<\/p>\n","protected":false},"featured_media":3888,"comment_status":"open","ping_status":"closed","template":"","meta":[],"product_brand":[],"product_cat":[4649,9509,9500,55],"product_tag":[1565,7730],"class_list":{"0":"post-3902","1":"product","2":"type-product","3":"status-publish","4":"has-post-thumbnail","6":"product_cat-austrialpin","7":"product_cat-austrialpin-dynamit","8":"product_cat-dyneema-reepschnur","9":"product_cat-reepschnur","10":"product_tag-bergrettung","11":"product_tag-dyneema","13":"first","14":"instock","15":"sale","16":"taxable","17":"shipping-taxable","18":"purchasable","19":"product-type-simple"},"yoast_head":"<!-- This site is optimized with the Yoast SEO Premium plugin v26.9 (Yoast SEO v26.9) - https:\/\/yoast.com\/product\/yoast-seo-premium-wordpress\/ -->\n<title>DYNA.MIT Reepschnur Set: 170cm, 2 x 290cm und 530cm | bolting.eu<\/title>\n<meta name=\"description\" content=\"DYNA.MIT Reepschnur Set Austrialpin beim Kletterprofi kaufen \u2705 Trusted Shop \u2705 kostenloser Versand* \u2705 14 Tage R\u00fcckgaberecht \u2705 Co2 neutrale Zustellung\" \/>\n<meta name=\"robots\" content=\"index, follow, max-snippet:-1, max-image-preview:large, max-video-preview:-1\" \/>\n<link rel=\"canonical\" href=\"https:\/\/bolting.eu\/en\/shop\/dyna-mit-reepschnur-set\/\" \/>\n<meta property=\"og:locale\" content=\"en_US\" \/>\n<meta property=\"og:type\" content=\"article\" \/>\n<meta property=\"og:title\" content=\"DYNA.MIT Reepschnur Set\" \/>\n<meta property=\"og:description\" content=\"DYNA.MIT Reepschnur Set Austrialpin beim Kletterprofi kaufen \u2705 Trusted Shop \u2705 kostenloser Versand* \u2705 14 Tage R\u00fcckgaberecht \u2705 Co2 neutrale Zustellung\" \/>\n<meta property=\"og:url\" content=\"https:\/\/bolting.eu\/en\/shop\/dyna-mit-reepschnur-set\/\" \/>\n<meta property=\"og:site_name\" content=\"bolting.eu\" \/>\n<meta property=\"article:publisher\" content=\"https:\/\/www.facebook.com\/bolting.eu\" \/>\n<meta property=\"article:modified_time\" content=\"2026-03-27T09:10:30+00:00\" \/>\n<meta property=\"og:image\" content=\"https:\/\/bolting.eu\/wp-content\/uploads\/2020\/06\/Dyneema-Reepschnur-Set-Austrialpin.jpg\" \/>\n\t<meta property=\"og:image:width\" content=\"1024\" \/>\n\t<meta property=\"og:image:height\" content=\"1024\" \/>\n\t<meta property=\"og:image:type\" content=\"image\/jpeg\" \/>\n<meta name=\"twitter:card\" content=\"summary_large_image\" \/>\n<meta name=\"twitter:label1\" content=\"Price\" \/>\n\t<meta name=\"twitter:data1\" content=\"&euro;&nbsp;124,90\" \/>\n\t<meta name=\"twitter:label2\" content=\"Availability\" \/>\n\t<meta name=\"twitter:data2\" content=\"In stock\" \/>\n<script type=\"application\/ld+json\" class=\"yoast-schema-graph\">{\"@context\":\"https:\/\/schema.org\",\"@graph\":[{\"@type\":[\"WebPage\",\"ItemPage\"],\"@id\":\"https:\/\/bolting.eu\/en\/shop\/dyna-mit-reepschnur-set\/\",\"url\":\"https:\/\/bolting.eu\/en\/shop\/dyna-mit-reepschnur-set\/\",\"name\":\"DYNA.MIT Reepschnur Set: 170cm, 2 x 290cm und 530cm | bolting.eu\",\"isPartOf\":{\"@id\":\"https:\/\/bolting.eu\/en\/#website\"},\"primaryImageOfPage\":{\"@id\":\"https:\/\/bolting.eu\/en\/shop\/dyna-mit-reepschnur-set\/#primaryimage\"},\"image\":{\"@id\":\"https:\/\/bolting.eu\/en\/shop\/dyna-mit-reepschnur-set\/#primaryimage\"},\"thumbnailUrl\":\"https:\/\/bolting.eu\/wp-content\/uploads\/2020\/06\/Dyneema-Reepschnur-Set-Austrialpin.jpg\",\"datePublished\":\"2020-06-04T09:27:31+00:00\",\"dateModified\":\"2026-03-27T09:10:30+00:00\",\"description\":\"DYNA.MIT Reepschnur Set Austrialpin beim Kletterprofi kaufen \u2705 Trusted Shop \u2705 kostenloser Versand* \u2705 14 Tage R\u00fcckgaberecht \u2705 Co2 neutrale Zustellung\",\"breadcrumb\":{\"@id\":\"https:\/\/bolting.eu\/en\/shop\/dyna-mit-reepschnur-set\/#breadcrumb\"},\"inLanguage\":\"en-US\",\"potentialAction\":[{\"@type\":\"ReadAction\",\"target\":[\"https:\/\/bolting.eu\/en\/shop\/dyna-mit-reepschnur-set\/\"]}]},{\"@type\":\"ImageObject\",\"inLanguage\":\"en-US\",\"@id\":\"https:\/\/bolting.eu\/en\/shop\/dyna-mit-reepschnur-set\/#primaryimage\",\"url\":\"https:\/\/bolting.eu\/wp-content\/uploads\/2020\/06\/Dyneema-Reepschnur-Set-Austrialpin.jpg\",\"contentUrl\":\"https:\/\/bolting.eu\/wp-content\/uploads\/2020\/06\/Dyneema-Reepschnur-Set-Austrialpin.jpg\",\"width\":1024,\"height\":1024,\"caption\":\"Das Bild zeigt das Dyna.mit Reepschnur Set mit vier verschiedenen L\u00e4ngen und Farben. Die vier Modelle der Dyneema Reepschnur von Austrialpin liegen wie Schnecken nebeneinander, davor jeweils ein Karabiner in passender Farbe.\"},{\"@type\":\"BreadcrumbList\",\"@id\":\"https:\/\/bolting.eu\/en\/shop\/dyna-mit-reepschnur-set\/#breadcrumb\",\"itemListElement\":[{\"@type\":\"ListItem\",\"position\":1,\"name\":\"Shop\",\"item\":\"https:\/\/bolting.eu\/en\/shop\/\"},{\"@type\":\"ListItem\",\"position\":2,\"name\":\"climbing equipment\",\"item\":\"https:\/\/bolting.eu\/en\/produkt-kategorie\/climbing-equipment\/\"},{\"@type\":\"ListItem\",\"position\":3,\"name\":\"Reepschnur\",\"item\":\"https:\/\/bolting.eu\/produkt-kategorie\/kletterausruestung\/reepschnur\/\"},{\"@type\":\"ListItem\",\"position\":4,\"name\":\"DYNA.MIT Reepschnur Set\"}]},{\"@type\":\"WebSite\",\"@id\":\"https:\/\/bolting.eu\/en\/#website\",\"url\":\"https:\/\/bolting.eu\/en\/\",\"name\":\"bolting.eu\",\"description\":\"we make climbs happen\",\"publisher\":{\"@id\":\"https:\/\/bolting.eu\/en\/#organization\"},\"potentialAction\":[{\"@type\":\"SearchAction\",\"target\":{\"@type\":\"EntryPoint\",\"urlTemplate\":\"https:\/\/bolting.eu\/en\/?s={search_term_string}\"},\"query-input\":{\"@type\":\"PropertyValueSpecification\",\"valueRequired\":true,\"valueName\":\"search_term_string\"}}],\"inLanguage\":\"en-US\"},{\"@type\":[\"Organization\",\"Place\",\"SportingGoodsStore\"],\"@id\":\"https:\/\/bolting.eu\/en\/#organization\",\"name\":\"bolting.eu\",\"url\":\"https:\/\/bolting.eu\/en\/\",\"logo\":{\"@id\":\"https:\/\/bolting.eu\/en\/shop\/dyna-mit-reepschnur-set\/#local-main-organization-logo\"},\"image\":{\"@id\":\"https:\/\/bolting.eu\/en\/shop\/dyna-mit-reepschnur-set\/#local-main-organization-logo\"},\"sameAs\":[\"https:\/\/www.facebook.com\/bolting.eu\",\"https:\/\/www.instagram.com\/bolting.eu\/\"],\"address\":{\"@id\":\"https:\/\/bolting.eu\/en\/shop\/dyna-mit-reepschnur-set\/#local-main-place-address\"},\"geo\":{\"@type\":\"GeoCoordinates\",\"latitude\":\"47.264176340396226\",\"longitude\":\"11.380109057672346\"},\"telephone\":[\"+43 699 19083372\"],\"openingHoursSpecification\":[{\"@type\":\"OpeningHoursSpecification\",\"dayOfWeek\":[\"Monday\",\"Wednesday\",\"Friday\"],\"opens\":\"14:00\",\"closes\":\"18:00\"},{\"@type\":\"OpeningHoursSpecification\",\"dayOfWeek\":[\"Tuesday\",\"Thursday\",\"Saturday\",\"Sunday\"],\"opens\":\"00:00\",\"closes\":\"00:00\"}],\"email\":\"office@bolting.eu\",\"vatID\":\"ATU59999728\",\"priceRange\":\"$$\",\"currenciesAccepted\":\"Euro\"},{\"@type\":\"PostalAddress\",\"@id\":\"https:\/\/bolting.eu\/en\/shop\/dyna-mit-reepschnur-set\/#local-main-place-address\",\"streetAddress\":\"Fischnalerstra\u00dfe 4\",\"addressLocality\":\"Innsbruck\",\"postalCode\":\"6020\",\"addressRegion\":\"Tirol\",\"addressCountry\":\"AT\"},{\"@type\":\"ImageObject\",\"inLanguage\":\"en-US\",\"@id\":\"https:\/\/bolting.eu\/en\/shop\/dyna-mit-reepschnur-set\/#local-main-organization-logo\",\"url\":\"https:\/\/bolting.eu\/wp-content\/uploads\/2019\/09\/bolting-logo.png\",\"contentUrl\":\"https:\/\/bolting.eu\/wp-content\/uploads\/2019\/09\/bolting-logo.png\",\"width\":400,\"height\":211,\"caption\":\"bolting.eu\"}]}<\/script>\n<meta property=\"og:video\" content=\"https:\/\/www.youtube.com\/embed\/sL55xf0jCDc\" \/>\n<meta property=\"og:video:type\" content=\"text\/html\" \/>\n<meta property=\"og:video:duration\" content=\"235\" \/>\n<meta property=\"og:video:width\" content=\"480\" \/>\n<meta property=\"og:video:height\" content=\"270\" \/>\n<meta property=\"ya:ovs:adult\" content=\"false\" \/>\n<meta property=\"ya:ovs:upload_date\" content=\"2020-06-04T09:27:31+00:00\" \/>\n<meta property=\"ya:ovs:allow_embed\" content=\"true\" \/>\n<meta property=\"product:price:amount\" content=\"124.90\" \/>\n<meta property=\"product:price:currency\" content=\"EUR\" \/>\n<meta property=\"og:availability\" content=\"instock\" \/>\n<meta property=\"product:availability\" content=\"instock\" \/>\n<meta property=\"product:retailer_item_id\" content=\"ZS04RY-SET\" \/>\n<meta property=\"product:condition\" content=\"new\" \/>\n<meta name=\"geo.placename\" content=\"Innsbruck\" \/>\n<meta name=\"geo.position\" content=\"47.264176340396226;11.380109057672346\" \/>\n<meta name=\"geo.region\" content=\"Austria\" \/>\n<!-- \/ Yoast SEO Premium plugin. -->","yoast_head_json":{"title":"DYNA.MIT Reepschnur Set: 170cm, 2 x 290cm und 530cm | bolting.eu","description":"DYNA.MIT Reepschnur Set Austrialpin beim Kletterprofi kaufen \u2705 Trusted Shop \u2705 kostenloser Versand* \u2705 14 Tage R\u00fcckgaberecht \u2705 Co2 neutrale Zustellung","robots":{"index":"index","follow":"follow","max-snippet":"max-snippet:-1","max-image-preview":"max-image-preview:large","max-video-preview":"max-video-preview:-1"},"canonical":"https:\/\/bolting.eu\/en\/shop\/dyna-mit-reepschnur-set\/","og_locale":"en_US","og_type":"article","og_title":"DYNA.MIT Reepschnur Set","og_description":"DYNA.MIT Reepschnur Set Austrialpin beim Kletterprofi kaufen \u2705 Trusted Shop \u2705 kostenloser Versand* \u2705 14 Tage R\u00fcckgaberecht \u2705 Co2 neutrale Zustellung","og_url":"https:\/\/bolting.eu\/en\/shop\/dyna-mit-reepschnur-set\/","og_site_name":"bolting.eu","article_publisher":"https:\/\/www.facebook.com\/bolting.eu","article_modified_time":"2026-03-27T09:10:30+00:00","og_image":[{"width":1024,"height":1024,"url":"https:\/\/bolting.eu\/wp-content\/uploads\/2020\/06\/Dyneema-Reepschnur-Set-Austrialpin.jpg","type":"image\/jpeg"}],"twitter_card":"summary_large_image","twitter_misc":{"Price":"&euro;&nbsp;124,90","Availability":"In stock"},"schema":{"@context":"https:\/\/schema.org","@graph":[{"@type":["WebPage","ItemPage"],"@id":"https:\/\/bolting.eu\/en\/shop\/dyna-mit-reepschnur-set\/","url":"https:\/\/bolting.eu\/en\/shop\/dyna-mit-reepschnur-set\/","name":"DYNA.MIT Reepschnur Set: 170cm, 2 x 290cm und 530cm | bolting.eu","isPartOf":{"@id":"https:\/\/bolting.eu\/en\/#website"},"primaryImageOfPage":{"@id":"https:\/\/bolting.eu\/en\/shop\/dyna-mit-reepschnur-set\/#primaryimage"},"image":{"@id":"https:\/\/bolting.eu\/en\/shop\/dyna-mit-reepschnur-set\/#primaryimage"},"thumbnailUrl":"https:\/\/bolting.eu\/wp-content\/uploads\/2020\/06\/Dyneema-Reepschnur-Set-Austrialpin.jpg","datePublished":"2020-06-04T09:27:31+00:00","dateModified":"2026-03-27T09:10:30+00:00","description":"DYNA.MIT Reepschnur Set Austrialpin beim Kletterprofi kaufen \u2705 Trusted Shop \u2705 kostenloser Versand* \u2705 14 Tage R\u00fcckgaberecht \u2705 Co2 neutrale Zustellung","breadcrumb":{"@id":"https:\/\/bolting.eu\/en\/shop\/dyna-mit-reepschnur-set\/#breadcrumb"},"inLanguage":"en-US","potentialAction":[{"@type":"ReadAction","target":["https:\/\/bolting.eu\/en\/shop\/dyna-mit-reepschnur-set\/"]}]},{"@type":"ImageObject","inLanguage":"en-US","@id":"https:\/\/bolting.eu\/en\/shop\/dyna-mit-reepschnur-set\/#primaryimage","url":"https:\/\/bolting.eu\/wp-content\/uploads\/2020\/06\/Dyneema-Reepschnur-Set-Austrialpin.jpg","contentUrl":"https:\/\/bolting.eu\/wp-content\/uploads\/2020\/06\/Dyneema-Reepschnur-Set-Austrialpin.jpg","width":1024,"height":1024,"caption":"Das Bild zeigt das Dyna.mit Reepschnur Set mit vier verschiedenen L\u00e4ngen und Farben. Die vier Modelle der Dyneema Reepschnur von Austrialpin liegen wie Schnecken nebeneinander, davor jeweils ein Karabiner in passender Farbe."},{"@type":"BreadcrumbList","@id":"https:\/\/bolting.eu\/en\/shop\/dyna-mit-reepschnur-set\/#breadcrumb","itemListElement":[{"@type":"ListItem","position":1,"name":"Shop","item":"https:\/\/bolting.eu\/en\/shop\/"},{"@type":"ListItem","position":2,"name":"climbing equipment","item":"https:\/\/bolting.eu\/en\/produkt-kategorie\/climbing-equipment\/"},{"@type":"ListItem","position":3,"name":"Reepschnur","item":"https:\/\/bolting.eu\/produkt-kategorie\/kletterausruestung\/reepschnur\/"},{"@type":"ListItem","position":4,"name":"DYNA.MIT Reepschnur Set"}]},{"@type":"WebSite","@id":"https:\/\/bolting.eu\/en\/#website","url":"https:\/\/bolting.eu\/en\/","name":"bolting.eu","description":"we make climbs happen","publisher":{"@id":"https:\/\/bolting.eu\/en\/#organization"},"potentialAction":[{"@type":"SearchAction","target":{"@type":"EntryPoint","urlTemplate":"https:\/\/bolting.eu\/en\/?s={search_term_string}"},"query-input":{"@type":"PropertyValueSpecification","valueRequired":true,"valueName":"search_term_string"}}],"inLanguage":"en-US"},{"@type":["Organization","Place","SportingGoodsStore"],"@id":"https:\/\/bolting.eu\/en\/#organization","name":"bolting.eu","url":"https:\/\/bolting.eu\/en\/","logo":{"@id":"https:\/\/bolting.eu\/en\/shop\/dyna-mit-reepschnur-set\/#local-main-organization-logo"},"image":{"@id":"https:\/\/bolting.eu\/en\/shop\/dyna-mit-reepschnur-set\/#local-main-organization-logo"},"sameAs":["https:\/\/www.facebook.com\/bolting.eu","https:\/\/www.instagram.com\/bolting.eu\/"],"address":{"@id":"https:\/\/bolting.eu\/en\/shop\/dyna-mit-reepschnur-set\/#local-main-place-address"},"geo":{"@type":"GeoCoordinates","latitude":"47.264176340396226","longitude":"11.380109057672346"},"telephone":["+43 699 19083372"],"openingHoursSpecification":[{"@type":"OpeningHoursSpecification","dayOfWeek":["Monday","Wednesday","Friday"],"opens":"14:00","closes":"18:00"},{"@type":"OpeningHoursSpecification","dayOfWeek":["Tuesday","Thursday","Saturday","Sunday"],"opens":"00:00","closes":"00:00"}],"email":"office@bolting.eu","vatID":"ATU59999728","priceRange":"$$","currenciesAccepted":"Euro"},{"@type":"PostalAddress","@id":"https:\/\/bolting.eu\/en\/shop\/dyna-mit-reepschnur-set\/#local-main-place-address","streetAddress":"Fischnalerstra\u00dfe 4","addressLocality":"Innsbruck","postalCode":"6020","addressRegion":"Tirol","addressCountry":"AT"},{"@type":"ImageObject","inLanguage":"en-US","@id":"https:\/\/bolting.eu\/en\/shop\/dyna-mit-reepschnur-set\/#local-main-organization-logo","url":"https:\/\/bolting.eu\/wp-content\/uploads\/2019\/09\/bolting-logo.png","contentUrl":"https:\/\/bolting.eu\/wp-content\/uploads\/2019\/09\/bolting-logo.png","width":400,"height":211,"caption":"bolting.eu"}]},"og_video":"https:\/\/www.youtube.com\/embed\/sL55xf0jCDc","og_video_type":"text\/html","og_video_duration":"235","og_video_width":"480","og_video_height":"270","ya_ovs_adult":"false","ya_ovs_upload_date":"2020-06-04T09:27:31+00:00","ya_ovs_allow_embed":"true","product_price_amount":"124.90","product_price_currency":"EUR","og_availability":"instock","product_availability":"instock","product_retailer_item_id":"ZS04RY-SET","product_condition":"new","geo.placename":"Innsbruck","geo.position":{"lat":"47.264176340396226","long":"11.380109057672346"},"geo.region":"Austria"},"_links":{"self":[{"href":"https:\/\/bolting.eu\/en\/wp-json\/wp\/v2\/product\/3902","targetHints":{"allow":["GET"]}}],"collection":[{"href":"https:\/\/bolting.eu\/en\/wp-json\/wp\/v2\/product"}],"about":[{"href":"https:\/\/bolting.eu\/en\/wp-json\/wp\/v2\/types\/product"}],"replies":[{"embeddable":true,"href":"https:\/\/bolting.eu\/en\/wp-json\/wp\/v2\/comments?post=3902"}],"wp:featuredmedia":[{"embeddable":true,"href":"https:\/\/bolting.eu\/en\/wp-json\/wp\/v2\/media\/3888"}],"wp:attachment":[{"href":"https:\/\/bolting.eu\/en\/wp-json\/wp\/v2\/media?parent=3902"}],"wp:term":[{"taxonomy":"product_brand","embeddable":true,"href":"https:\/\/bolting.eu\/en\/wp-json\/wp\/v2\/product_brand?post=3902"},{"taxonomy":"product_cat","embeddable":true,"href":"https:\/\/bolting.eu\/en\/wp-json\/wp\/v2\/product_cat?post=3902"},{"taxonomy":"product_tag","embeddable":true,"href":"https:\/\/bolting.eu\/en\/wp-json\/wp\/v2\/product_tag?post=3902"}],"curies":[{"name":"wp","href":"https:\/\/api.w.org\/{rel}","templated":true}]}}