{"id":3889,"date":"2020-06-04T09:14:33","date_gmt":"2020-06-04T07:14:33","guid":{"rendered":"https:\/\/bolting.eu\/?post_type=product&#038;p=3889"},"modified":"2025-12-31T16:58:15","modified_gmt":"2025-12-31T15:58:15","slug":"dyna-mit-reepschnur-170cm","status":"publish","type":"product","link":"https:\/\/bolting.eu\/en\/shop\/dyna-mit-reepschnur-170cm\/","title":{"rendered":"DYNA.MIT Reepschnur 170cm"},"content":{"rendered":"<p>Die DYNA.MIT Reepschnur 170cm ist ein Produkt der <a href=\"https:\/\/bolting.eu\/produkt-kategorie\/reepschnur\/austrialpin-dynamit\/\">Austrialpin DYNA.MIT<\/a> Serie.<\/p>\n<p>Diese Schnur ist in Kern-Mantelkonstruktion gefertigt. D.h. um einen Dyneema Kern befindet sich eine Polyamid H\u00fclle. Somit vereinen sich die St\u00e4rken der jeweiligen Materialien. Zum einen die extreme Rei\u00dffestigkeit und Bruchfestigkeit von Dyneema. Und zum anderen die raue Oberfl\u00e4che (Knotbarkeit) und der hohe Schmelzpunkt von Polyamid.<\/p>\n<p>\u00dcberdies sind die Enden auf 5cm abgen\u00e4ht. Folglich gibt es bei diesem Produkt keinerlei Mantelverschiebung bzw. keine \u00fcberstehende Mantelh\u00fclle.<\/p>\n<p>Diese Schlinge wird in erster Linie f\u00fcr den alpinen Standplatzbau eingesetzt. Dar\u00fcber hinaus findet sie in der Bergrettung breite Verwendung.<\/p>\n<h2>Eigenschaften DYNA.MIT Reepschnur 170cm<\/h2>\n<ul>\n<li>Hersteller: Austrialpin<\/li>\n<li>Material Kern: Dyneema<\/li>\n<li>Material Mantel: Polyamid<\/li>\n<li>L\u00e4nge: 170cm<\/li>\n<li>Durchmesser: 6mm<\/li>\n<li>Gewicht: 46 Gramm<\/li>\n<li>Normen: EN 564:2015<\/li>\n<li>Bruchlast: 22 kN<\/li>\n<li>Bedienungsanleitung beachten<\/li>\n<\/ul>\n<h2>DYNA.MIT Reepschnur 170cm &#8211; regelm\u00e4\u00dfig kontrollieren!<\/h2>\n<p>Wie jede Reepschnur solltet ihr auch eure DYNA.MIT Schn\u00fcre regelm\u00e4\u00dfig inspizieren. Lasst die Schnur durch die Finger gleiten. Versucht dabei Unregelm\u00e4\u00dfigkeiten zu ersp\u00fcren. Dar\u00fcber hinaus ist auch die optische Kontrolle wichtig. Sind sichtbare Sch\u00e4den erkennbar?<\/p>\n<p>Bei entsprechenden Sch\u00e4den ist die Reepschnur umgehend auszutauschen.<\/p>\n<h2>Austausch nach 3 Jahren empfohlen<\/h2>\n<p>In jedem Fall solltet ihr eure DYNA.MIT Reepschnur 170cm nach 3 Jahren Verwendung austauschen. So wird es im Artikel \u201e<a href=\"https:\/\/bolting.eu\/wp-content\/uploads\/2020\/05\/Gebrauchsdauer-von-Bandschlingen-DAV-Panorama-4-2015.pdf\" target=\"_blank\" rel=\"noopener noreferrer\">Gebrauchsdauer von Bandschlingen<\/a>\u201c im DAV Panorama 4 \/ 2015 empfohlen. Wer seine Schn\u00fcre ganz wenig n\u00fctzt, sollte diese nach sp\u00e4testens 5 Jahren austauschen.<\/p>\n<p>Diese Empfehlungen fu\u00dfen auf dem Materialverhalten von Dyneema. Vereinfacht dargestellt sorgt das Verknoten, Schmutz, Belastungen, Reibung an der Materialoberfl\u00e4che, UV Strahlung etc. f\u00fcr die Alterung des Polyethylens. Folglich nimmt die Festigkeit stetig ab. Je st\u00e4rker eine Reepschnur genutzt und verschmutzt ist, desto fr\u00fcher fallen die Bruchwerte unter die Normgrenze.<\/p>\n<h4><strong>Video Ausgleichsverankerung<\/strong><\/h4>\n<p>Eine der h\u00e4ufigsten Anwendungen der DYNA.MIT Reepschnur 170cm ist die Ausgleichsverankerung. Das folgende Video erkl\u00e4rt ganz wunderbar wie diese gebaut wird.<\/p>\n<p><iframe loading=\"lazy\" src=\"https:\/\/www.youtube.com\/embed\/sL55xf0jCDc\" width=\"100%\" height=\"450\" frameborder=\"0\" allowfullscreen=\"allowfullscreen\"><\/iframe><\/p>\n","protected":false},"excerpt":{"rendered":"<p>6mm Reepschnur mit 170cm L\u00e4nge. Kern aus Dyneema und Mantel aus Polyamid.<\/p>\n<p>Ideal f\u00fcr Standplatzbau und Bergrettungstechniken durch die abgen\u00e4hten Enden.<\/p>\n<p>Versandkostenfrei bis 2kg in <img decoding=\"async\" class=\"emoji\" role=\"img\" draggable=\"false\" src=\"https:\/\/s.w.org\/images\/core\/emoji\/14.0.0\/svg\/1f1e6-1f1f9.svg\" alt=\"\ud83c\udde6\ud83c\uddf9\" \/> ab \u20ac 100,- und <img decoding=\"async\" class=\"emoji\" role=\"img\" draggable=\"false\" src=\"https:\/\/s.w.org\/images\/core\/emoji\/14.0.0\/svg\/1f1e9-1f1ea.svg\" alt=\"\ud83c\udde9\ud83c\uddea\" \/> ab \u20ac 200,-!<\/p>\n","protected":false},"featured_media":3893,"comment_status":"open","ping_status":"closed","template":"","meta":[],"product_brand":[],"product_cat":[9509,4649,55,9500],"product_tag":[1565,7730],"class_list":{"0":"post-3889","1":"product","2":"type-product","3":"status-publish","4":"has-post-thumbnail","6":"product_cat-austrialpin-dynamit","7":"product_cat-austrialpin","8":"product_cat-reepschnur","9":"product_cat-dyneema-reepschnur","10":"product_tag-bergrettung","11":"product_tag-dyneema","13":"first","14":"instock","15":"taxable","16":"shipping-taxable","17":"purchasable","18":"product-type-simple"},"yoast_head":"<!-- This site is optimized with the Yoast SEO Premium plugin v26.9 (Yoast SEO v26.9) - https:\/\/yoast.com\/product\/yoast-seo-premium-wordpress\/ -->\n<title>DYNA.MIT Reepschnur 170cm: jetzt online kaufen | bolting.eu<\/title>\n<meta name=\"description\" content=\"DYNA.MIT Reepschnur 170cm von Austrialpin beim Kletterprofi aus Innsbruck kaufen \u2705 kostenloser Versand* \u2705 14 Tage R\u00fcckgaberecht \u2705 Co2 neutraler Versand\" \/>\n<meta name=\"robots\" content=\"index, follow, max-snippet:-1, max-image-preview:large, max-video-preview:-1\" \/>\n<link rel=\"canonical\" href=\"https:\/\/bolting.eu\/en\/shop\/dyna-mit-reepschnur-170cm\/\" \/>\n<meta property=\"og:locale\" content=\"en_US\" \/>\n<meta property=\"og:type\" content=\"article\" \/>\n<meta property=\"og:title\" content=\"DYNA.MIT Reepschnur 170cm\" \/>\n<meta property=\"og:description\" content=\"DYNA.MIT Reepschnur 170cm von Austrialpin beim Kletterprofi aus Innsbruck kaufen \u2705 kostenloser Versand* \u2705 14 Tage R\u00fcckgaberecht \u2705 Co2 neutraler Versand\" \/>\n<meta property=\"og:url\" content=\"https:\/\/bolting.eu\/en\/shop\/dyna-mit-reepschnur-170cm\/\" \/>\n<meta property=\"og:site_name\" content=\"bolting.eu\" \/>\n<meta property=\"article:publisher\" content=\"https:\/\/www.facebook.com\/bolting.eu\" \/>\n<meta property=\"article:modified_time\" content=\"2025-12-31T15:58:15+00:00\" \/>\n<meta property=\"og:image\" content=\"https:\/\/bolting.eu\/wp-content\/uploads\/2020\/06\/DYNA.MIT-Reepschnur-170cm.jpg\" \/>\n\t<meta property=\"og:image:width\" content=\"700\" \/>\n\t<meta property=\"og:image:height\" content=\"700\" \/>\n\t<meta property=\"og:image:type\" content=\"image\/jpeg\" \/>\n<meta name=\"twitter:card\" content=\"summary_large_image\" \/>\n<meta name=\"twitter:label1\" content=\"Price\" \/>\n\t<meta name=\"twitter:data1\" content=\"&euro;&nbsp;20,00\" \/>\n\t<meta name=\"twitter:label2\" content=\"Availability\" \/>\n\t<meta name=\"twitter:data2\" content=\"In stock\" \/>\n<script type=\"application\/ld+json\" class=\"yoast-schema-graph\">{\"@context\":\"https:\/\/schema.org\",\"@graph\":[{\"@type\":[\"WebPage\",\"ItemPage\"],\"@id\":\"https:\/\/bolting.eu\/en\/shop\/dyna-mit-reepschnur-170cm\/\",\"url\":\"https:\/\/bolting.eu\/en\/shop\/dyna-mit-reepschnur-170cm\/\",\"name\":\"DYNA.MIT Reepschnur 170cm: jetzt online kaufen | bolting.eu\",\"isPartOf\":{\"@id\":\"https:\/\/bolting.eu\/en\/#website\"},\"primaryImageOfPage\":{\"@id\":\"https:\/\/bolting.eu\/en\/shop\/dyna-mit-reepschnur-170cm\/#primaryimage\"},\"image\":{\"@id\":\"https:\/\/bolting.eu\/en\/shop\/dyna-mit-reepschnur-170cm\/#primaryimage\"},\"thumbnailUrl\":\"https:\/\/bolting.eu\/wp-content\/uploads\/2020\/06\/DYNA.MIT-Reepschnur-170cm.jpg\",\"datePublished\":\"2020-06-04T07:14:33+00:00\",\"dateModified\":\"2025-12-31T15:58:15+00:00\",\"description\":\"DYNA.MIT Reepschnur 170cm von Austrialpin beim Kletterprofi aus Innsbruck kaufen \u2705 kostenloser Versand* \u2705 14 Tage R\u00fcckgaberecht \u2705 Co2 neutraler Versand\",\"breadcrumb\":{\"@id\":\"https:\/\/bolting.eu\/en\/shop\/dyna-mit-reepschnur-170cm\/#breadcrumb\"},\"inLanguage\":\"en-US\",\"potentialAction\":[{\"@type\":\"ReadAction\",\"target\":[\"https:\/\/bolting.eu\/en\/shop\/dyna-mit-reepschnur-170cm\/\"]}]},{\"@type\":\"ImageObject\",\"inLanguage\":\"en-US\",\"@id\":\"https:\/\/bolting.eu\/en\/shop\/dyna-mit-reepschnur-170cm\/#primaryimage\",\"url\":\"https:\/\/bolting.eu\/wp-content\/uploads\/2020\/06\/DYNA.MIT-Reepschnur-170cm.jpg\",\"contentUrl\":\"https:\/\/bolting.eu\/wp-content\/uploads\/2020\/06\/DYNA.MIT-Reepschnur-170cm.jpg\",\"width\":700,\"height\":700,\"caption\":\"das Bild zeigt die DYNA.MIT Reepschnur 170cm. Die schwarze Reepschnur ist als Schnecke gewickelt in Bildmitte zu sehen. Man erkennt deutlich die abstehenden, abgen\u00e4hten Enden.\"},{\"@type\":\"BreadcrumbList\",\"@id\":\"https:\/\/bolting.eu\/en\/shop\/dyna-mit-reepschnur-170cm\/#breadcrumb\",\"itemListElement\":[{\"@type\":\"ListItem\",\"position\":1,\"name\":\"Shop\",\"item\":\"https:\/\/bolting.eu\/en\/shop\/\"},{\"@type\":\"ListItem\",\"position\":2,\"name\":\"climbing equipment\",\"item\":\"https:\/\/bolting.eu\/en\/produkt-kategorie\/climbing-equipment\/\"},{\"@type\":\"ListItem\",\"position\":3,\"name\":\"Reepschnur\",\"item\":\"https:\/\/bolting.eu\/produkt-kategorie\/kletterausruestung\/reepschnur\/\"},{\"@type\":\"ListItem\",\"position\":4,\"name\":\"DYNA.MIT Reepschnur 170cm\"}]},{\"@type\":\"WebSite\",\"@id\":\"https:\/\/bolting.eu\/en\/#website\",\"url\":\"https:\/\/bolting.eu\/en\/\",\"name\":\"bolting.eu\",\"description\":\"we make climbs happen\",\"publisher\":{\"@id\":\"https:\/\/bolting.eu\/en\/#organization\"},\"potentialAction\":[{\"@type\":\"SearchAction\",\"target\":{\"@type\":\"EntryPoint\",\"urlTemplate\":\"https:\/\/bolting.eu\/en\/?s={search_term_string}\"},\"query-input\":{\"@type\":\"PropertyValueSpecification\",\"valueRequired\":true,\"valueName\":\"search_term_string\"}}],\"inLanguage\":\"en-US\"},{\"@type\":[\"Organization\",\"Place\",\"SportingGoodsStore\"],\"@id\":\"https:\/\/bolting.eu\/en\/#organization\",\"name\":\"bolting.eu\",\"url\":\"https:\/\/bolting.eu\/en\/\",\"logo\":{\"@id\":\"https:\/\/bolting.eu\/en\/shop\/dyna-mit-reepschnur-170cm\/#local-main-organization-logo\"},\"image\":{\"@id\":\"https:\/\/bolting.eu\/en\/shop\/dyna-mit-reepschnur-170cm\/#local-main-organization-logo\"},\"sameAs\":[\"https:\/\/www.facebook.com\/bolting.eu\",\"https:\/\/www.instagram.com\/bolting.eu\/\"],\"address\":{\"@id\":\"https:\/\/bolting.eu\/en\/shop\/dyna-mit-reepschnur-170cm\/#local-main-place-address\"},\"geo\":{\"@type\":\"GeoCoordinates\",\"latitude\":\"47.264176340396226\",\"longitude\":\"11.380109057672346\"},\"telephone\":[\"+43 699 19083372\"],\"openingHoursSpecification\":[{\"@type\":\"OpeningHoursSpecification\",\"dayOfWeek\":[\"Monday\",\"Wednesday\",\"Friday\"],\"opens\":\"14:00\",\"closes\":\"18:00\"},{\"@type\":\"OpeningHoursSpecification\",\"dayOfWeek\":[\"Tuesday\",\"Thursday\",\"Saturday\",\"Sunday\"],\"opens\":\"00:00\",\"closes\":\"00:00\"}],\"email\":\"office@bolting.eu\",\"vatID\":\"ATU59999728\",\"priceRange\":\"$$\",\"currenciesAccepted\":\"Euro\"},{\"@type\":\"PostalAddress\",\"@id\":\"https:\/\/bolting.eu\/en\/shop\/dyna-mit-reepschnur-170cm\/#local-main-place-address\",\"streetAddress\":\"Fischnalerstra\u00dfe 4\",\"addressLocality\":\"Innsbruck\",\"postalCode\":\"6020\",\"addressRegion\":\"Tirol\",\"addressCountry\":\"AT\"},{\"@type\":\"ImageObject\",\"inLanguage\":\"en-US\",\"@id\":\"https:\/\/bolting.eu\/en\/shop\/dyna-mit-reepschnur-170cm\/#local-main-organization-logo\",\"url\":\"https:\/\/bolting.eu\/wp-content\/uploads\/2019\/09\/bolting-logo.png\",\"contentUrl\":\"https:\/\/bolting.eu\/wp-content\/uploads\/2019\/09\/bolting-logo.png\",\"width\":400,\"height\":211,\"caption\":\"bolting.eu\"}]}<\/script>\n<meta property=\"og:video\" content=\"https:\/\/www.youtube.com\/embed\/sL55xf0jCDc\" \/>\n<meta property=\"og:video:type\" content=\"text\/html\" \/>\n<meta property=\"og:video:duration\" content=\"235\" \/>\n<meta property=\"og:video:width\" content=\"480\" \/>\n<meta property=\"og:video:height\" content=\"270\" \/>\n<meta property=\"ya:ovs:adult\" content=\"false\" \/>\n<meta property=\"ya:ovs:upload_date\" content=\"2020-06-04T07:14:33+00:00\" \/>\n<meta property=\"ya:ovs:allow_embed\" content=\"true\" \/>\n<meta property=\"product:price:amount\" content=\"20.00\" \/>\n<meta property=\"product:price:currency\" content=\"EUR\" \/>\n<meta property=\"og:availability\" content=\"instock\" \/>\n<meta property=\"product:availability\" content=\"instock\" \/>\n<meta property=\"product:retailer_item_id\" content=\"ZS17RY-Z\" \/>\n<meta property=\"product:condition\" content=\"new\" \/>\n<meta name=\"geo.placename\" content=\"Innsbruck\" \/>\n<meta name=\"geo.position\" content=\"47.264176340396226;11.380109057672346\" \/>\n<meta name=\"geo.region\" content=\"Austria\" \/>\n<!-- \/ Yoast SEO Premium plugin. -->","yoast_head_json":{"title":"DYNA.MIT Reepschnur 170cm: jetzt online kaufen | bolting.eu","description":"DYNA.MIT Reepschnur 170cm von Austrialpin beim Kletterprofi aus Innsbruck kaufen \u2705 kostenloser Versand* \u2705 14 Tage R\u00fcckgaberecht \u2705 Co2 neutraler Versand","robots":{"index":"index","follow":"follow","max-snippet":"max-snippet:-1","max-image-preview":"max-image-preview:large","max-video-preview":"max-video-preview:-1"},"canonical":"https:\/\/bolting.eu\/en\/shop\/dyna-mit-reepschnur-170cm\/","og_locale":"en_US","og_type":"article","og_title":"DYNA.MIT Reepschnur 170cm","og_description":"DYNA.MIT Reepschnur 170cm von Austrialpin beim Kletterprofi aus Innsbruck kaufen \u2705 kostenloser Versand* \u2705 14 Tage R\u00fcckgaberecht \u2705 Co2 neutraler Versand","og_url":"https:\/\/bolting.eu\/en\/shop\/dyna-mit-reepschnur-170cm\/","og_site_name":"bolting.eu","article_publisher":"https:\/\/www.facebook.com\/bolting.eu","article_modified_time":"2025-12-31T15:58:15+00:00","og_image":[{"width":700,"height":700,"url":"https:\/\/bolting.eu\/wp-content\/uploads\/2020\/06\/DYNA.MIT-Reepschnur-170cm.jpg","type":"image\/jpeg"}],"twitter_card":"summary_large_image","twitter_misc":{"Price":"&euro;&nbsp;20,00","Availability":"In stock"},"schema":{"@context":"https:\/\/schema.org","@graph":[{"@type":["WebPage","ItemPage"],"@id":"https:\/\/bolting.eu\/en\/shop\/dyna-mit-reepschnur-170cm\/","url":"https:\/\/bolting.eu\/en\/shop\/dyna-mit-reepschnur-170cm\/","name":"DYNA.MIT Reepschnur 170cm: jetzt online kaufen | bolting.eu","isPartOf":{"@id":"https:\/\/bolting.eu\/en\/#website"},"primaryImageOfPage":{"@id":"https:\/\/bolting.eu\/en\/shop\/dyna-mit-reepschnur-170cm\/#primaryimage"},"image":{"@id":"https:\/\/bolting.eu\/en\/shop\/dyna-mit-reepschnur-170cm\/#primaryimage"},"thumbnailUrl":"https:\/\/bolting.eu\/wp-content\/uploads\/2020\/06\/DYNA.MIT-Reepschnur-170cm.jpg","datePublished":"2020-06-04T07:14:33+00:00","dateModified":"2025-12-31T15:58:15+00:00","description":"DYNA.MIT Reepschnur 170cm von Austrialpin beim Kletterprofi aus Innsbruck kaufen \u2705 kostenloser Versand* \u2705 14 Tage R\u00fcckgaberecht \u2705 Co2 neutraler Versand","breadcrumb":{"@id":"https:\/\/bolting.eu\/en\/shop\/dyna-mit-reepschnur-170cm\/#breadcrumb"},"inLanguage":"en-US","potentialAction":[{"@type":"ReadAction","target":["https:\/\/bolting.eu\/en\/shop\/dyna-mit-reepschnur-170cm\/"]}]},{"@type":"ImageObject","inLanguage":"en-US","@id":"https:\/\/bolting.eu\/en\/shop\/dyna-mit-reepschnur-170cm\/#primaryimage","url":"https:\/\/bolting.eu\/wp-content\/uploads\/2020\/06\/DYNA.MIT-Reepschnur-170cm.jpg","contentUrl":"https:\/\/bolting.eu\/wp-content\/uploads\/2020\/06\/DYNA.MIT-Reepschnur-170cm.jpg","width":700,"height":700,"caption":"das Bild zeigt die DYNA.MIT Reepschnur 170cm. Die schwarze Reepschnur ist als Schnecke gewickelt in Bildmitte zu sehen. Man erkennt deutlich die abstehenden, abgen\u00e4hten Enden."},{"@type":"BreadcrumbList","@id":"https:\/\/bolting.eu\/en\/shop\/dyna-mit-reepschnur-170cm\/#breadcrumb","itemListElement":[{"@type":"ListItem","position":1,"name":"Shop","item":"https:\/\/bolting.eu\/en\/shop\/"},{"@type":"ListItem","position":2,"name":"climbing equipment","item":"https:\/\/bolting.eu\/en\/produkt-kategorie\/climbing-equipment\/"},{"@type":"ListItem","position":3,"name":"Reepschnur","item":"https:\/\/bolting.eu\/produkt-kategorie\/kletterausruestung\/reepschnur\/"},{"@type":"ListItem","position":4,"name":"DYNA.MIT Reepschnur 170cm"}]},{"@type":"WebSite","@id":"https:\/\/bolting.eu\/en\/#website","url":"https:\/\/bolting.eu\/en\/","name":"bolting.eu","description":"we make climbs happen","publisher":{"@id":"https:\/\/bolting.eu\/en\/#organization"},"potentialAction":[{"@type":"SearchAction","target":{"@type":"EntryPoint","urlTemplate":"https:\/\/bolting.eu\/en\/?s={search_term_string}"},"query-input":{"@type":"PropertyValueSpecification","valueRequired":true,"valueName":"search_term_string"}}],"inLanguage":"en-US"},{"@type":["Organization","Place","SportingGoodsStore"],"@id":"https:\/\/bolting.eu\/en\/#organization","name":"bolting.eu","url":"https:\/\/bolting.eu\/en\/","logo":{"@id":"https:\/\/bolting.eu\/en\/shop\/dyna-mit-reepschnur-170cm\/#local-main-organization-logo"},"image":{"@id":"https:\/\/bolting.eu\/en\/shop\/dyna-mit-reepschnur-170cm\/#local-main-organization-logo"},"sameAs":["https:\/\/www.facebook.com\/bolting.eu","https:\/\/www.instagram.com\/bolting.eu\/"],"address":{"@id":"https:\/\/bolting.eu\/en\/shop\/dyna-mit-reepschnur-170cm\/#local-main-place-address"},"geo":{"@type":"GeoCoordinates","latitude":"47.264176340396226","longitude":"11.380109057672346"},"telephone":["+43 699 19083372"],"openingHoursSpecification":[{"@type":"OpeningHoursSpecification","dayOfWeek":["Monday","Wednesday","Friday"],"opens":"14:00","closes":"18:00"},{"@type":"OpeningHoursSpecification","dayOfWeek":["Tuesday","Thursday","Saturday","Sunday"],"opens":"00:00","closes":"00:00"}],"email":"office@bolting.eu","vatID":"ATU59999728","priceRange":"$$","currenciesAccepted":"Euro"},{"@type":"PostalAddress","@id":"https:\/\/bolting.eu\/en\/shop\/dyna-mit-reepschnur-170cm\/#local-main-place-address","streetAddress":"Fischnalerstra\u00dfe 4","addressLocality":"Innsbruck","postalCode":"6020","addressRegion":"Tirol","addressCountry":"AT"},{"@type":"ImageObject","inLanguage":"en-US","@id":"https:\/\/bolting.eu\/en\/shop\/dyna-mit-reepschnur-170cm\/#local-main-organization-logo","url":"https:\/\/bolting.eu\/wp-content\/uploads\/2019\/09\/bolting-logo.png","contentUrl":"https:\/\/bolting.eu\/wp-content\/uploads\/2019\/09\/bolting-logo.png","width":400,"height":211,"caption":"bolting.eu"}]},"og_video":"https:\/\/www.youtube.com\/embed\/sL55xf0jCDc","og_video_type":"text\/html","og_video_duration":"235","og_video_width":"480","og_video_height":"270","ya_ovs_adult":"false","ya_ovs_upload_date":"2020-06-04T07:14:33+00:00","ya_ovs_allow_embed":"true","product_price_amount":"20.00","product_price_currency":"EUR","og_availability":"instock","product_availability":"instock","product_retailer_item_id":"ZS17RY-Z","product_condition":"new","geo.placename":"Innsbruck","geo.position":{"lat":"47.264176340396226","long":"11.380109057672346"},"geo.region":"Austria"},"_links":{"self":[{"href":"https:\/\/bolting.eu\/en\/wp-json\/wp\/v2\/product\/3889","targetHints":{"allow":["GET"]}}],"collection":[{"href":"https:\/\/bolting.eu\/en\/wp-json\/wp\/v2\/product"}],"about":[{"href":"https:\/\/bolting.eu\/en\/wp-json\/wp\/v2\/types\/product"}],"replies":[{"embeddable":true,"href":"https:\/\/bolting.eu\/en\/wp-json\/wp\/v2\/comments?post=3889"}],"wp:featuredmedia":[{"embeddable":true,"href":"https:\/\/bolting.eu\/en\/wp-json\/wp\/v2\/media\/3893"}],"wp:attachment":[{"href":"https:\/\/bolting.eu\/en\/wp-json\/wp\/v2\/media?parent=3889"}],"wp:term":[{"taxonomy":"product_brand","embeddable":true,"href":"https:\/\/bolting.eu\/en\/wp-json\/wp\/v2\/product_brand?post=3889"},{"taxonomy":"product_cat","embeddable":true,"href":"https:\/\/bolting.eu\/en\/wp-json\/wp\/v2\/product_cat?post=3889"},{"taxonomy":"product_tag","embeddable":true,"href":"https:\/\/bolting.eu\/en\/wp-json\/wp\/v2\/product_tag?post=3889"}],"curies":[{"name":"wp","href":"https:\/\/api.w.org\/{rel}","templated":true}]}}