{"id":3884,"date":"2020-06-03T16:02:50","date_gmt":"2020-06-03T14:02:50","guid":{"rendered":"https:\/\/bolting.eu\/?post_type=product&#038;p=3884"},"modified":"2026-02-06T09:58:07","modified_gmt":"2026-02-06T08:58:07","slug":"alpinschlinge-dyneema-austrialpin-120cm","status":"publish","type":"product","link":"https:\/\/bolting.eu\/en\/shop\/alpinschlinge-dyneema-austrialpin-120cm\/","title":{"rendered":"Alpinschlinge Dyneema Austrialpin 120cm"},"content":{"rendered":"<p>Die Alpinschlinge Dyneema Austrialpin 120cm ist f\u00fcr das Alpinklettern entwickelt worden. Denn die 6mm Dyneema Schlinge hat ihr St\u00e4rken im alpinen Gel\u00e4nde.<\/p>\n<p>Zum einen ist sie extrem leicht und rei\u00dffest. Sie wiegt gerade einmal 56 Gramm bzw. hat eine Bruchlast von 22kN. Deshalb wird sie sehr oft als Standplatzschlinge verwendet.<\/p>\n<p>Zum anderen bietet sie mit den fixen Karabinerschlaufen einige Vorteile gegen\u00fcber <a href=\"https:\/\/bolting.eu\/produkt-kategorie\/bandschlinge\/\">Bandschlingen<\/a>. Beispielsweise ein leichteres Bauen einer Reihenschaltung am Standplatz.<\/p>\n<p>Kurzum. Diese Schlinge ist ein Ausr\u00fcstungsgegenstand er in jeder <a href=\"https:\/\/bolting.eu\/produkt-kategorie\/kletterausruestung\/\">Kletterausr\u00fcstung<\/a> mit dabei sein sollte!<\/p>\n<h2>Eigenschaften Alpinschlinge Dyneema Austrialpin 120cm<\/h2>\n<ul>\n<li>Hersteller: hergestellt in der Slowakei f\u00fcr Austrialpin<\/li>\n<li>Material: Dyneema<\/li>\n<li>L\u00e4nge: 120cm<\/li>\n<li>Durchmesser: 6mm<\/li>\n<li>Gewicht: 35 Gramm<\/li>\n<li>2 versplei\u00dfte Karabinerschlaufen<\/li>\n<li>Normen: EN 566:2007; EN 354:2011<\/li>\n<li>Bedienungsanleitung beachten<\/li>\n<\/ul>\n<h3>Versplei\u00dfte Karabinerschlaufen<\/h3>\n<p>Die Alpinschlinge Dyneema Austrialpin 120cm wird meistens als Standplatzschlinge verwendet. Denn die beiden gesplei\u00dften Schlaufen sorgen f\u00fcr einen festen Sitz der Karabiner. D.h. sie k\u00f6nnen direkt eingeh\u00e4ngt werden. Man muss sie also nicht extra abbinden.<\/p>\n<p>Gesplei\u00dft bedeutet, dass die Enden der Schlinge in den Rest der Schlinge verwoben werden. Diese Art der Verbindung ist extrem bruchfest. Folglich ist eine solche Schlinge auch ideal, um sie in Reihe zu schalten.<\/p>\n<h3>Alpinschlinge Dyneema Austrialpin 120cm &#8211; eine von 3 Gr\u00f6\u00dfen<\/h3>\n<p>Diese Schlinge ist nur eine von drei dieser Serie. Die Produktreihe umfasst die folgenden L\u00e4ngen:<\/p>\n<ul>\n<li>45cm<\/li>\n<li>120cm<\/li>\n<li>240cm<\/li>\n<\/ul>\n<p>Sie alle haben eine etwas andere Verwendung. Was sie allerdings gemein haben sind die gesplei\u00dften Enden. W\u00e4hrend die k\u00fcrzeste Variante als Expressschlinge verwendet wird, sind die beiden anderen eher f\u00fcr den Standplatzbau gedacht. Dort k\u00f6nnen sie sowohl f\u00fcr Reihenverankerung als auch Ausgleichsverankerung genutzt werden.<\/p>\n<p><a href=\"https:\/\/bolting.eu\/wp-content\/uploads\/2020\/06\/Alpinschlinge-Dyneema-Austrialpin.jpg\"><img loading=\"lazy\" decoding=\"async\" class=\"alignnone size-full wp-image-3880\" src=\"https:\/\/bolting.eu\/wp-content\/uploads\/2020\/06\/Alpinschlinge-Dyneema-Austrialpin.jpg\" alt=\"Das Bild zeigt drei modelle der Alpinschlinge Dyneema Austrialpin. Von links nach rechts sind zu sehen: die wei\u00dfe 45cm Schlinge, die gelbe 120cm und die rote 240cm Schlinge.\" width=\"1200\" height=\"630\" srcset=\"https:\/\/bolting.eu\/wp-content\/uploads\/2020\/06\/Alpinschlinge-Dyneema-Austrialpin.jpg 1200w, https:\/\/bolting.eu\/wp-content\/uploads\/2020\/06\/Alpinschlinge-Dyneema-Austrialpin-510x268.jpg 510w, https:\/\/bolting.eu\/wp-content\/uploads\/2020\/06\/Alpinschlinge-Dyneema-Austrialpin-762x400.jpg 762w, https:\/\/bolting.eu\/wp-content\/uploads\/2020\/06\/Alpinschlinge-Dyneema-Austrialpin-768x403.jpg 768w, https:\/\/bolting.eu\/wp-content\/uploads\/2020\/06\/Alpinschlinge-Dyneema-Austrialpin-600x315.jpg 600w\" sizes=\"auto, (max-width: 1200px) 100vw, 1200px\" \/><\/a><\/p>\n<h2>Austausch nach 3 Jahren empfohlen<\/h2>\n<p>In jedem Fall solltet ihr eure Alpinschlinge Dyneema Austrialpin 120cm nach 3 Jahren Verwendung austauschen. So wird es im Artikel \u201e<a href=\"https:\/\/bolting.eu\/wp-content\/uploads\/2020\/05\/Gebrauchsdauer-von-Bandschlingen-DAV-Panorama-4-2015.pdf\" target=\"_blank\" rel=\"noopener noreferrer\">Gebrauchsdauer von Bandschlingen<\/a>\u201c im DAV Panorama 4 \/ 2015 empfohlen. Wer seine Schlingen ganz wenig n\u00fctzt, sollte diese nach sp\u00e4testens 5 Jahren austauschen.<\/p>\n<p>Diese Empfehlungen fu\u00dfen auf dem Materialverhalten von Dyneema. Vereinfacht dargestellt sorgt das Verknoten, Schmutz, Belastungen, Reibung an der Materialoberfl\u00e4che, UV Strahlung etc. f\u00fcr die Alterung des Polyethylens. Folglich nimmt die Festigkeit stetig ab. Je st\u00e4rker eine Schlinge genutzt und verschmutzt ist, desto fr\u00fcher fallen die Bruchwerte unter die Normgrenze.<\/p>\n<h4><strong>Link Tipp<\/strong><\/h4>\n<p>Wer seine Alpinschlinge Dyneema Austrialpin 120cm mal ordentlich auf die Probe stellen will, kann eine der wundersch\u00f6nen Granit <a href=\"https:\/\/maltatal.rocks\/2018\/02\/07\/mehrseillaengen-routen-im-maltatal\/\" target=\"_blank\" rel=\"noopener noreferrer\">Mehrseill\u00e4ngenrouten im Maltatal<\/a> erkunden.<\/p>\n","protected":false},"excerpt":{"rendered":"<ul>\n<li>Hersteller: hergestellt in der Slowakei f\u00fcr <a href=\"https:\/\/bolting.eu\/produkt-kategorie\/austrialpin\/\">Austrialpin<\/a><\/li>\n<li>Material: Dyneema<\/li>\n<li>L\u00e4nge: 120cm<\/li>\n<li>Durchmesser: 6mm<\/li>\n<li>Gewicht: 35 Gramm<\/li>\n<li>2 versplei\u00dfte Karabinerschlaufen<\/li>\n<li>Normen: EN 566:2007; EN 354:2011<\/li>\n<li><a href=\"https:\/\/www.austrialpin.at\/fileadmin\/anleitungen\/AA_instruction-manual_carabiner-slings.pdf\">Bedienungsanleitung<\/a> beachten<\/li>\n<\/ul>\n","protected":false},"featured_media":3883,"comment_status":"open","ping_status":"closed","template":"","meta":[],"product_brand":[],"product_cat":[259,9500,4649,7707,55],"product_tag":[7730],"class_list":{"0":"post-3884","1":"product","2":"type-product","3":"status-publish","4":"has-post-thumbnail","6":"product_cat-bandschlinge","7":"product_cat-dyneema-reepschnur","8":"product_cat-austrialpin","9":"product_cat-dyneema-bandschlingen","10":"product_cat-reepschnur","11":"product_tag-dyneema","13":"first","14":"outofstock","15":"taxable","16":"shipping-taxable","17":"purchasable","18":"product-type-simple"},"yoast_head":"<!-- This site is optimized with the Yoast SEO Premium plugin v26.9 (Yoast SEO v26.9) - https:\/\/yoast.com\/product\/yoast-seo-premium-wordpress\/ -->\n<title>Alpinschlinge Dyneema Austrialpin 120cm jetzt online kaufen | bolting.eu<\/title>\n<meta name=\"description\" content=\"Hier findet ihr die Alpinschlinge Dyneema Austrialpin 120cm mit versplei\u00dften Karabinerschlaufen. Jetzt online kaufen beim Kletterprofi aus \ud83c\udde6\ud83c\uddf9 !\" \/>\n<meta name=\"robots\" content=\"index, follow, max-snippet:-1, max-image-preview:large, max-video-preview:-1\" \/>\n<link rel=\"canonical\" href=\"https:\/\/bolting.eu\/en\/shop\/alpinschlinge-dyneema-austrialpin-120cm\/\" \/>\n<meta property=\"og:locale\" content=\"en_US\" \/>\n<meta property=\"og:type\" content=\"article\" \/>\n<meta property=\"og:title\" content=\"Alpinschlinge Dyneema Austrialpin 120cm\" \/>\n<meta property=\"og:description\" content=\"Hier findet ihr die Alpinschlinge Dyneema Austrialpin 120cm mit versplei\u00dften Karabinerschlaufen. Jetzt online kaufen beim Kletterprofi aus \ud83c\udde6\ud83c\uddf9 !\" \/>\n<meta property=\"og:url\" content=\"https:\/\/bolting.eu\/en\/shop\/alpinschlinge-dyneema-austrialpin-120cm\/\" \/>\n<meta property=\"og:site_name\" content=\"bolting.eu\" \/>\n<meta property=\"article:publisher\" content=\"https:\/\/www.facebook.com\/bolting.eu\" \/>\n<meta property=\"article:modified_time\" content=\"2026-02-06T08:58:07+00:00\" \/>\n<meta property=\"og:image\" content=\"https:\/\/bolting.eu\/wp-content\/uploads\/2020\/06\/Alpinschlinge-Dyneema-Austrialpin-120cm.jpg\" \/>\n\t<meta property=\"og:image:width\" content=\"700\" \/>\n\t<meta property=\"og:image:height\" content=\"700\" \/>\n\t<meta property=\"og:image:type\" content=\"image\/jpeg\" \/>\n<meta name=\"twitter:card\" content=\"summary_large_image\" \/>\n<meta name=\"twitter:label1\" content=\"Price\" \/>\n\t<meta name=\"twitter:data1\" content=\"&euro;&nbsp;34,50\" \/>\n\t<meta name=\"twitter:label2\" content=\"Availability\" \/>\n\t<meta name=\"twitter:data2\" content=\"Out of stock\" \/>\n<script type=\"application\/ld+json\" class=\"yoast-schema-graph\">{\"@context\":\"https:\/\/schema.org\",\"@graph\":[{\"@type\":[\"WebPage\",\"ItemPage\"],\"@id\":\"https:\/\/bolting.eu\/en\/shop\/alpinschlinge-dyneema-austrialpin-120cm\/\",\"url\":\"https:\/\/bolting.eu\/en\/shop\/alpinschlinge-dyneema-austrialpin-120cm\/\",\"name\":\"Alpinschlinge Dyneema Austrialpin 120cm jetzt online kaufen | bolting.eu\",\"isPartOf\":{\"@id\":\"https:\/\/bolting.eu\/en\/#website\"},\"primaryImageOfPage\":{\"@id\":\"https:\/\/bolting.eu\/en\/shop\/alpinschlinge-dyneema-austrialpin-120cm\/#primaryimage\"},\"image\":{\"@id\":\"https:\/\/bolting.eu\/en\/shop\/alpinschlinge-dyneema-austrialpin-120cm\/#primaryimage\"},\"thumbnailUrl\":\"https:\/\/bolting.eu\/wp-content\/uploads\/2020\/06\/Alpinschlinge-Dyneema-Austrialpin-120cm.jpg\",\"datePublished\":\"2020-06-03T14:02:50+00:00\",\"dateModified\":\"2026-02-06T08:58:07+00:00\",\"description\":\"Hier findet ihr die Alpinschlinge Dyneema Austrialpin 120cm mit versplei\u00dften Karabinerschlaufen. Jetzt online kaufen beim Kletterprofi aus \ud83c\udde6\ud83c\uddf9 !\",\"breadcrumb\":{\"@id\":\"https:\/\/bolting.eu\/en\/shop\/alpinschlinge-dyneema-austrialpin-120cm\/#breadcrumb\"},\"inLanguage\":\"en-US\",\"potentialAction\":[{\"@type\":\"ReadAction\",\"target\":[\"https:\/\/bolting.eu\/en\/shop\/alpinschlinge-dyneema-austrialpin-120cm\/\"]}]},{\"@type\":\"ImageObject\",\"inLanguage\":\"en-US\",\"@id\":\"https:\/\/bolting.eu\/en\/shop\/alpinschlinge-dyneema-austrialpin-120cm\/#primaryimage\",\"url\":\"https:\/\/bolting.eu\/wp-content\/uploads\/2020\/06\/Alpinschlinge-Dyneema-Austrialpin-120cm.jpg\",\"contentUrl\":\"https:\/\/bolting.eu\/wp-content\/uploads\/2020\/06\/Alpinschlinge-Dyneema-Austrialpin-120cm.jpg\",\"width\":700,\"height\":700,\"caption\":\"Das Bild zeigt die Alpinschlinge Dyneema Austrialpin 120cm. Die Schlinge ist in einem zick-zack im Bild zu sehen. Die Karabinerschlaufen schauen einmal nach unten und einmal nach oben.\"},{\"@type\":\"BreadcrumbList\",\"@id\":\"https:\/\/bolting.eu\/en\/shop\/alpinschlinge-dyneema-austrialpin-120cm\/#breadcrumb\",\"itemListElement\":[{\"@type\":\"ListItem\",\"position\":1,\"name\":\"Shop\",\"item\":\"https:\/\/bolting.eu\/en\/shop\/\"},{\"@type\":\"ListItem\",\"position\":2,\"name\":\"Austrialpin\",\"item\":\"https:\/\/bolting.eu\/en\/produkt-kategorie\/austrialpin-en\/\"},{\"@type\":\"ListItem\",\"position\":3,\"name\":\"Alpinschlinge Dyneema Austrialpin 120cm\"}]},{\"@type\":\"WebSite\",\"@id\":\"https:\/\/bolting.eu\/en\/#website\",\"url\":\"https:\/\/bolting.eu\/en\/\",\"name\":\"bolting.eu\",\"description\":\"we make climbs happen\",\"publisher\":{\"@id\":\"https:\/\/bolting.eu\/en\/#organization\"},\"potentialAction\":[{\"@type\":\"SearchAction\",\"target\":{\"@type\":\"EntryPoint\",\"urlTemplate\":\"https:\/\/bolting.eu\/en\/?s={search_term_string}\"},\"query-input\":{\"@type\":\"PropertyValueSpecification\",\"valueRequired\":true,\"valueName\":\"search_term_string\"}}],\"inLanguage\":\"en-US\"},{\"@type\":[\"Organization\",\"Place\",\"SportingGoodsStore\"],\"@id\":\"https:\/\/bolting.eu\/en\/#organization\",\"name\":\"bolting.eu\",\"url\":\"https:\/\/bolting.eu\/en\/\",\"logo\":{\"@id\":\"https:\/\/bolting.eu\/en\/shop\/alpinschlinge-dyneema-austrialpin-120cm\/#local-main-organization-logo\"},\"image\":{\"@id\":\"https:\/\/bolting.eu\/en\/shop\/alpinschlinge-dyneema-austrialpin-120cm\/#local-main-organization-logo\"},\"sameAs\":[\"https:\/\/www.facebook.com\/bolting.eu\",\"https:\/\/www.instagram.com\/bolting.eu\/\"],\"address\":{\"@id\":\"https:\/\/bolting.eu\/en\/shop\/alpinschlinge-dyneema-austrialpin-120cm\/#local-main-place-address\"},\"geo\":{\"@type\":\"GeoCoordinates\",\"latitude\":\"47.264176340396226\",\"longitude\":\"11.380109057672346\"},\"telephone\":[\"+43 699 19083372\"],\"openingHoursSpecification\":[{\"@type\":\"OpeningHoursSpecification\",\"dayOfWeek\":[\"Monday\",\"Wednesday\",\"Friday\"],\"opens\":\"14:00\",\"closes\":\"18:00\"},{\"@type\":\"OpeningHoursSpecification\",\"dayOfWeek\":[\"Tuesday\",\"Thursday\",\"Saturday\",\"Sunday\"],\"opens\":\"00:00\",\"closes\":\"00:00\"}],\"email\":\"office@bolting.eu\",\"vatID\":\"ATU59999728\",\"priceRange\":\"$$\",\"currenciesAccepted\":\"Euro\"},{\"@type\":\"PostalAddress\",\"@id\":\"https:\/\/bolting.eu\/en\/shop\/alpinschlinge-dyneema-austrialpin-120cm\/#local-main-place-address\",\"streetAddress\":\"Fischnalerstra\u00dfe 4\",\"addressLocality\":\"Innsbruck\",\"postalCode\":\"6020\",\"addressRegion\":\"Tirol\",\"addressCountry\":\"AT\"},{\"@type\":\"ImageObject\",\"inLanguage\":\"en-US\",\"@id\":\"https:\/\/bolting.eu\/en\/shop\/alpinschlinge-dyneema-austrialpin-120cm\/#local-main-organization-logo\",\"url\":\"https:\/\/bolting.eu\/wp-content\/uploads\/2019\/09\/bolting-logo.png\",\"contentUrl\":\"https:\/\/bolting.eu\/wp-content\/uploads\/2019\/09\/bolting-logo.png\",\"width\":400,\"height\":211,\"caption\":\"bolting.eu\"}]}<\/script>\n<meta property=\"product:price:amount\" content=\"34.50\" \/>\n<meta property=\"product:price:currency\" content=\"EUR\" \/>\n<meta property=\"og:availability\" content=\"out of stock\" \/>\n<meta property=\"product:availability\" content=\"out of stock\" \/>\n<meta property=\"product:retailer_item_id\" content=\"ZS12DG\" \/>\n<meta property=\"product:condition\" content=\"new\" \/>\n<meta name=\"geo.placename\" content=\"Innsbruck\" \/>\n<meta name=\"geo.position\" content=\"47.264176340396226;11.380109057672346\" \/>\n<meta name=\"geo.region\" content=\"Austria\" \/>\n<!-- \/ Yoast SEO Premium plugin. -->","yoast_head_json":{"title":"Alpinschlinge Dyneema Austrialpin 120cm jetzt online kaufen | bolting.eu","description":"Hier findet ihr die Alpinschlinge Dyneema Austrialpin 120cm mit versplei\u00dften Karabinerschlaufen. Jetzt online kaufen beim Kletterprofi aus \ud83c\udde6\ud83c\uddf9 !","robots":{"index":"index","follow":"follow","max-snippet":"max-snippet:-1","max-image-preview":"max-image-preview:large","max-video-preview":"max-video-preview:-1"},"canonical":"https:\/\/bolting.eu\/en\/shop\/alpinschlinge-dyneema-austrialpin-120cm\/","og_locale":"en_US","og_type":"article","og_title":"Alpinschlinge Dyneema Austrialpin 120cm","og_description":"Hier findet ihr die Alpinschlinge Dyneema Austrialpin 120cm mit versplei\u00dften Karabinerschlaufen. Jetzt online kaufen beim Kletterprofi aus \ud83c\udde6\ud83c\uddf9 !","og_url":"https:\/\/bolting.eu\/en\/shop\/alpinschlinge-dyneema-austrialpin-120cm\/","og_site_name":"bolting.eu","article_publisher":"https:\/\/www.facebook.com\/bolting.eu","article_modified_time":"2026-02-06T08:58:07+00:00","og_image":[{"width":700,"height":700,"url":"https:\/\/bolting.eu\/wp-content\/uploads\/2020\/06\/Alpinschlinge-Dyneema-Austrialpin-120cm.jpg","type":"image\/jpeg"}],"twitter_card":"summary_large_image","twitter_misc":{"Price":"&euro;&nbsp;34,50","Availability":"Out of stock"},"schema":{"@context":"https:\/\/schema.org","@graph":[{"@type":["WebPage","ItemPage"],"@id":"https:\/\/bolting.eu\/en\/shop\/alpinschlinge-dyneema-austrialpin-120cm\/","url":"https:\/\/bolting.eu\/en\/shop\/alpinschlinge-dyneema-austrialpin-120cm\/","name":"Alpinschlinge Dyneema Austrialpin 120cm jetzt online kaufen | bolting.eu","isPartOf":{"@id":"https:\/\/bolting.eu\/en\/#website"},"primaryImageOfPage":{"@id":"https:\/\/bolting.eu\/en\/shop\/alpinschlinge-dyneema-austrialpin-120cm\/#primaryimage"},"image":{"@id":"https:\/\/bolting.eu\/en\/shop\/alpinschlinge-dyneema-austrialpin-120cm\/#primaryimage"},"thumbnailUrl":"https:\/\/bolting.eu\/wp-content\/uploads\/2020\/06\/Alpinschlinge-Dyneema-Austrialpin-120cm.jpg","datePublished":"2020-06-03T14:02:50+00:00","dateModified":"2026-02-06T08:58:07+00:00","description":"Hier findet ihr die Alpinschlinge Dyneema Austrialpin 120cm mit versplei\u00dften Karabinerschlaufen. Jetzt online kaufen beim Kletterprofi aus \ud83c\udde6\ud83c\uddf9 !","breadcrumb":{"@id":"https:\/\/bolting.eu\/en\/shop\/alpinschlinge-dyneema-austrialpin-120cm\/#breadcrumb"},"inLanguage":"en-US","potentialAction":[{"@type":"ReadAction","target":["https:\/\/bolting.eu\/en\/shop\/alpinschlinge-dyneema-austrialpin-120cm\/"]}]},{"@type":"ImageObject","inLanguage":"en-US","@id":"https:\/\/bolting.eu\/en\/shop\/alpinschlinge-dyneema-austrialpin-120cm\/#primaryimage","url":"https:\/\/bolting.eu\/wp-content\/uploads\/2020\/06\/Alpinschlinge-Dyneema-Austrialpin-120cm.jpg","contentUrl":"https:\/\/bolting.eu\/wp-content\/uploads\/2020\/06\/Alpinschlinge-Dyneema-Austrialpin-120cm.jpg","width":700,"height":700,"caption":"Das Bild zeigt die Alpinschlinge Dyneema Austrialpin 120cm. Die Schlinge ist in einem zick-zack im Bild zu sehen. Die Karabinerschlaufen schauen einmal nach unten und einmal nach oben."},{"@type":"BreadcrumbList","@id":"https:\/\/bolting.eu\/en\/shop\/alpinschlinge-dyneema-austrialpin-120cm\/#breadcrumb","itemListElement":[{"@type":"ListItem","position":1,"name":"Shop","item":"https:\/\/bolting.eu\/en\/shop\/"},{"@type":"ListItem","position":2,"name":"Austrialpin","item":"https:\/\/bolting.eu\/en\/produkt-kategorie\/austrialpin-en\/"},{"@type":"ListItem","position":3,"name":"Alpinschlinge Dyneema Austrialpin 120cm"}]},{"@type":"WebSite","@id":"https:\/\/bolting.eu\/en\/#website","url":"https:\/\/bolting.eu\/en\/","name":"bolting.eu","description":"we make climbs happen","publisher":{"@id":"https:\/\/bolting.eu\/en\/#organization"},"potentialAction":[{"@type":"SearchAction","target":{"@type":"EntryPoint","urlTemplate":"https:\/\/bolting.eu\/en\/?s={search_term_string}"},"query-input":{"@type":"PropertyValueSpecification","valueRequired":true,"valueName":"search_term_string"}}],"inLanguage":"en-US"},{"@type":["Organization","Place","SportingGoodsStore"],"@id":"https:\/\/bolting.eu\/en\/#organization","name":"bolting.eu","url":"https:\/\/bolting.eu\/en\/","logo":{"@id":"https:\/\/bolting.eu\/en\/shop\/alpinschlinge-dyneema-austrialpin-120cm\/#local-main-organization-logo"},"image":{"@id":"https:\/\/bolting.eu\/en\/shop\/alpinschlinge-dyneema-austrialpin-120cm\/#local-main-organization-logo"},"sameAs":["https:\/\/www.facebook.com\/bolting.eu","https:\/\/www.instagram.com\/bolting.eu\/"],"address":{"@id":"https:\/\/bolting.eu\/en\/shop\/alpinschlinge-dyneema-austrialpin-120cm\/#local-main-place-address"},"geo":{"@type":"GeoCoordinates","latitude":"47.264176340396226","longitude":"11.380109057672346"},"telephone":["+43 699 19083372"],"openingHoursSpecification":[{"@type":"OpeningHoursSpecification","dayOfWeek":["Monday","Wednesday","Friday"],"opens":"14:00","closes":"18:00"},{"@type":"OpeningHoursSpecification","dayOfWeek":["Tuesday","Thursday","Saturday","Sunday"],"opens":"00:00","closes":"00:00"}],"email":"office@bolting.eu","vatID":"ATU59999728","priceRange":"$$","currenciesAccepted":"Euro"},{"@type":"PostalAddress","@id":"https:\/\/bolting.eu\/en\/shop\/alpinschlinge-dyneema-austrialpin-120cm\/#local-main-place-address","streetAddress":"Fischnalerstra\u00dfe 4","addressLocality":"Innsbruck","postalCode":"6020","addressRegion":"Tirol","addressCountry":"AT"},{"@type":"ImageObject","inLanguage":"en-US","@id":"https:\/\/bolting.eu\/en\/shop\/alpinschlinge-dyneema-austrialpin-120cm\/#local-main-organization-logo","url":"https:\/\/bolting.eu\/wp-content\/uploads\/2019\/09\/bolting-logo.png","contentUrl":"https:\/\/bolting.eu\/wp-content\/uploads\/2019\/09\/bolting-logo.png","width":400,"height":211,"caption":"bolting.eu"}]},"product_price_amount":"34.50","product_price_currency":"EUR","og_availability":"out of stock","product_availability":"out of stock","product_retailer_item_id":"ZS12DG","product_condition":"new","geo.placename":"Innsbruck","geo.position":{"lat":"47.264176340396226","long":"11.380109057672346"},"geo.region":"Austria"},"_links":{"self":[{"href":"https:\/\/bolting.eu\/en\/wp-json\/wp\/v2\/product\/3884","targetHints":{"allow":["GET"]}}],"collection":[{"href":"https:\/\/bolting.eu\/en\/wp-json\/wp\/v2\/product"}],"about":[{"href":"https:\/\/bolting.eu\/en\/wp-json\/wp\/v2\/types\/product"}],"replies":[{"embeddable":true,"href":"https:\/\/bolting.eu\/en\/wp-json\/wp\/v2\/comments?post=3884"}],"wp:featuredmedia":[{"embeddable":true,"href":"https:\/\/bolting.eu\/en\/wp-json\/wp\/v2\/media\/3883"}],"wp:attachment":[{"href":"https:\/\/bolting.eu\/en\/wp-json\/wp\/v2\/media?parent=3884"}],"wp:term":[{"taxonomy":"product_brand","embeddable":true,"href":"https:\/\/bolting.eu\/en\/wp-json\/wp\/v2\/product_brand?post=3884"},{"taxonomy":"product_cat","embeddable":true,"href":"https:\/\/bolting.eu\/en\/wp-json\/wp\/v2\/product_cat?post=3884"},{"taxonomy":"product_tag","embeddable":true,"href":"https:\/\/bolting.eu\/en\/wp-json\/wp\/v2\/product_tag?post=3884"}],"curies":[{"name":"wp","href":"https:\/\/api.w.org\/{rel}","templated":true}]}}