{"id":38774,"date":"2026-04-27T14:25:05","date_gmt":"2026-04-27T12:25:05","guid":{"rendered":"https:\/\/bolting.eu\/?post_type=product&#038;p=38774"},"modified":"2026-04-27T16:17:34","modified_gmt":"2026-04-27T14:17:34","slug":"la-sportiva-cosmosis-legging-w","status":"publish","type":"product","link":"https:\/\/bolting.eu\/en\/shop\/la-sportiva-cosmosis-legging-w\/","title":{"rendered":"La Sportiva Cosmosis Legging W"},"content":{"rendered":"<p>Die Cosmosis Legging W von La Sportiva ist eine klasse Kletterhose. Denn der Nylon-Lycra Stoff ist sowohl angenehm zu tragen als auch leicht komprimierend.<\/p>\n<p>Somit hat dieses Model eine super Passform f\u00fcr die meisten K\u00f6rpertypen. Dar\u00fcber hinaus leitet sie Feuchtigkeit schnell ab und trocknen schnell.<\/p>\n<p>Weiters ist der hochgezogene Bund ideal, um dar\u00fcber den <a href=\"https:\/\/bolting.eu\/produkt-kategorie\/kletterausruestung\/klettergurte\/\">Klettergurt<\/a> zu tragen. Die 7\/8 L\u00e4nge sorgt daf\u00fcr, dass ihr abschlie\u00dfend die <a href=\"https:\/\/bolting.eu\/produkt-kategorie\/kletterausruestung\/kletterschuhe\/\">Kletterschuhe<\/a> immer gut im Blick habt.<\/p>\n<h2>Eigenschaften Cosmosis Legging W<\/h2>\n<ul>\n<li>Hersteller: <a href=\"https:\/\/bolting.eu\/produkt-kategorie\/la-sportiva\/\">La Sportiva<\/a><\/li>\n<li>Material: 37% Nylon, 37% Lycra, 26% Elastan<\/li>\n<li>Gewicht: 260 Gramm (Gr\u00f6\u00dfe M)<\/li>\n<li>Farbe: night sky \/ limestone (dunkelblau \/ t\u00fcrkis)<\/li>\n<li>7\/8 lange Kletterlegging<\/li>\n<li>sehr dehnbar &#8211; 4 Wege Stretch<\/li>\n<li>angenehm weicher Stoff<\/li>\n<li>leicht komprimierend<\/li>\n<li>unauff\u00e4llige Tasche am Oberschenkel<\/li>\n<li>kleine Schl\u00fcsseltasche am hinteren Bund<\/li>\n<li>als Thermal Layer oder auch Mid Layer<\/li>\n<li>zum <a href=\"https:\/\/www.lasportiva.com\" target=\"_blank\" rel=\"noopener\">Hersteller<\/a><\/li>\n<\/ul>\n<h3>Gr\u00f6\u00dfentabelle<\/h3>\n<p>Im Folgenden findet ihr eine La Sportiva Gr\u00f6\u00dfentabelle, um die ideale Gr\u00f6\u00dfe eurer Cosmosis Kletterlegging W zu finden.<\/p>\n<p><a href=\"https:\/\/bolting.eu\/wp-content\/uploads\/2025\/12\/Groessentabelle-La-Sportiva-Bekleidung-Damen.jpg\"><img loading=\"lazy\" decoding=\"async\" class=\"alignnone size-full wp-image-35940\" src=\"https:\/\/bolting.eu\/wp-content\/uploads\/2025\/12\/Groessentabelle-La-Sportiva-Bekleidung-Damen.jpg\" alt=\"Tabelle mit den Gr\u00f6\u00dfendetails f\u00fcr La Sportiva Damen Bekleidung.\" width=\"1024\" height=\"351\" srcset=\"https:\/\/bolting.eu\/wp-content\/uploads\/2025\/12\/Groessentabelle-La-Sportiva-Bekleidung-Damen.jpg 1024w, https:\/\/bolting.eu\/wp-content\/uploads\/2025\/12\/Groessentabelle-La-Sportiva-Bekleidung-Damen-800x274.jpg 800w, https:\/\/bolting.eu\/wp-content\/uploads\/2025\/12\/Groessentabelle-La-Sportiva-Bekleidung-Damen-768x263.jpg 768w, https:\/\/bolting.eu\/wp-content\/uploads\/2025\/12\/Groessentabelle-La-Sportiva-Bekleidung-Damen-510x175.jpg 510w, https:\/\/bolting.eu\/wp-content\/uploads\/2025\/12\/Groessentabelle-La-Sportiva-Bekleidung-Damen-100x34.jpg 100w\" sizes=\"auto, (max-width: 1024px) 100vw, 1024px\" \/><\/a><\/p>\n","protected":false},"excerpt":{"rendered":"<p>Extrem feine 7\/8 lange Kletter Leggings. Ideal f\u00fcr Drinnen &amp; Drau\u00dfen.<\/p>\n<p>Leicht komprimierend, super dehnbar und schnell trocknend.<\/p>\n<p>Versandkostenfrei bis 2kg in\u00a0<img decoding=\"async\" class=\"emoji\" role=\"img\" draggable=\"false\" src=\"https:\/\/s.w.org\/images\/core\/emoji\/14.0.0\/svg\/1f1e6-1f1f9.svg\" alt=\"\ud83c\udde6\ud83c\uddf9\" \/>\u00a0ab \u20ac 100,- und\u00a0<img decoding=\"async\" class=\"emoji\" role=\"img\" draggable=\"false\" src=\"https:\/\/s.w.org\/images\/core\/emoji\/14.0.0\/svg\/1f1e9-1f1ea.svg\" alt=\"\ud83c\udde9\ud83c\uddea\" \/>\u00a0ab \u20ac 200,-!<\/p>\n","protected":false},"featured_media":38785,"comment_status":"closed","ping_status":"closed","template":"","meta":[],"product_brand":[],"product_cat":[15224,15228,12383],"product_tag":[],"class_list":{"0":"post-38774","1":"product","2":"type-product","3":"status-publish","4":"has-post-thumbnail","6":"product_cat-kletterbekleidung","7":"product_cat-kletterhosen","8":"product_cat-ocun","10":"first","11":"instock","12":"taxable","13":"shipping-taxable","14":"purchasable","15":"product-type-variable"},"yoast_head":"<!-- This site is optimized with the Yoast SEO Premium plugin v26.9 (Yoast SEO v26.9) - https:\/\/yoast.com\/product\/yoast-seo-premium-wordpress\/ -->\n<title>La Sportiva Cosmosis Legging W | bolting.eu<\/title>\n<meta name=\"description\" content=\"La Sportiva Cosmosis Kletterlegging W beim Kletterprofi kaufen \u2705 Trusted Shop \u2705 kostenloser Versand* \u2705 14 Tage R\u00fcckgaberecht \u2705 Co2 neutrale Zustellung\" \/>\n<meta name=\"robots\" content=\"index, follow, max-snippet:-1, max-image-preview:large, max-video-preview:-1\" \/>\n<link rel=\"canonical\" href=\"https:\/\/bolting.eu\/en\/shop\/la-sportiva-cosmosis-legging-w\/\" \/>\n<meta property=\"og:locale\" content=\"en_US\" \/>\n<meta property=\"og:type\" content=\"article\" \/>\n<meta property=\"og:title\" content=\"La Sportiva Cosmosis Legging W\" \/>\n<meta property=\"og:description\" content=\"La Sportiva Cosmosis Kletterlegging W beim Kletterprofi kaufen \u2705 Trusted Shop \u2705 kostenloser Versand* \u2705 14 Tage R\u00fcckgaberecht \u2705 Co2 neutrale Zustellung\" \/>\n<meta property=\"og:url\" content=\"https:\/\/bolting.eu\/en\/shop\/la-sportiva-cosmosis-legging-w\/\" \/>\n<meta property=\"og:site_name\" content=\"bolting.eu\" \/>\n<meta property=\"article:publisher\" content=\"https:\/\/www.facebook.com\/bolting.eu\" \/>\n<meta property=\"article:modified_time\" content=\"2026-04-27T14:17:34+00:00\" \/>\n<meta property=\"og:image\" content=\"https:\/\/bolting.eu\/wp-content\/uploads\/2026\/04\/LaSpo-Cosmosis-Legging-W-2.jpg\" \/>\n\t<meta property=\"og:image:width\" content=\"700\" \/>\n\t<meta property=\"og:image:height\" content=\"700\" \/>\n\t<meta property=\"og:image:type\" content=\"image\/jpeg\" \/>\n<meta name=\"twitter:card\" content=\"summary_large_image\" \/>\n<meta name=\"twitter:label1\" content=\"Availability\" \/>\n\t<meta name=\"twitter:data1\" content=\"In stock\" \/>\n<script type=\"application\/ld+json\" class=\"yoast-schema-graph\">{\"@context\":\"https:\/\/schema.org\",\"@graph\":[{\"@type\":[\"WebPage\",\"ItemPage\"],\"@id\":\"https:\/\/bolting.eu\/en\/shop\/la-sportiva-cosmosis-legging-w\/\",\"url\":\"https:\/\/bolting.eu\/en\/shop\/la-sportiva-cosmosis-legging-w\/\",\"name\":\"La Sportiva Cosmosis Legging W | bolting.eu\",\"isPartOf\":{\"@id\":\"https:\/\/bolting.eu\/en\/#website\"},\"primaryImageOfPage\":{\"@id\":\"https:\/\/bolting.eu\/en\/shop\/la-sportiva-cosmosis-legging-w\/#primaryimage\"},\"image\":{\"@id\":\"https:\/\/bolting.eu\/en\/shop\/la-sportiva-cosmosis-legging-w\/#primaryimage\"},\"thumbnailUrl\":\"https:\/\/bolting.eu\/wp-content\/uploads\/2026\/04\/LaSpo-Cosmosis-Legging-W-2.jpg\",\"datePublished\":\"2026-04-27T12:25:05+00:00\",\"dateModified\":\"2026-04-27T14:17:34+00:00\",\"description\":\"La Sportiva Cosmosis Kletterlegging W beim Kletterprofi kaufen \u2705 Trusted Shop \u2705 kostenloser Versand* \u2705 14 Tage R\u00fcckgaberecht \u2705 Co2 neutrale Zustellung\",\"breadcrumb\":{\"@id\":\"https:\/\/bolting.eu\/en\/shop\/la-sportiva-cosmosis-legging-w\/#breadcrumb\"},\"inLanguage\":\"en-US\",\"potentialAction\":[{\"@type\":\"ReadAction\",\"target\":[\"https:\/\/bolting.eu\/en\/shop\/la-sportiva-cosmosis-legging-w\/\"]}]},{\"@type\":\"ImageObject\",\"inLanguage\":\"en-US\",\"@id\":\"https:\/\/bolting.eu\/en\/shop\/la-sportiva-cosmosis-legging-w\/#primaryimage\",\"url\":\"https:\/\/bolting.eu\/wp-content\/uploads\/2026\/04\/LaSpo-Cosmosis-Legging-W-2.jpg\",\"contentUrl\":\"https:\/\/bolting.eu\/wp-content\/uploads\/2026\/04\/LaSpo-Cosmosis-Legging-W-2.jpg\",\"width\":700,\"height\":700,\"caption\":\"Dunkelblaue La Sportiva Cosmosis Leggings W von vorne.\"},{\"@type\":\"BreadcrumbList\",\"@id\":\"https:\/\/bolting.eu\/en\/shop\/la-sportiva-cosmosis-legging-w\/#breadcrumb\",\"itemListElement\":[{\"@type\":\"ListItem\",\"position\":1,\"name\":\"Shop\",\"item\":\"https:\/\/bolting.eu\/en\/shop\/\"},{\"@type\":\"ListItem\",\"position\":2,\"name\":\"Kletterbekleidung\",\"item\":\"https:\/\/bolting.eu\/produkt-kategorie\/kletterbekleidung\/\"},{\"@type\":\"ListItem\",\"position\":3,\"name\":\"Kletterhosen\",\"item\":\"https:\/\/bolting.eu\/produkt-kategorie\/kletterbekleidung\/kletterhosen\/\"},{\"@type\":\"ListItem\",\"position\":4,\"name\":\"La Sportiva Cosmosis Legging W\"}]},{\"@type\":\"WebSite\",\"@id\":\"https:\/\/bolting.eu\/en\/#website\",\"url\":\"https:\/\/bolting.eu\/en\/\",\"name\":\"bolting.eu\",\"description\":\"we make climbs happen\",\"publisher\":{\"@id\":\"https:\/\/bolting.eu\/en\/#organization\"},\"potentialAction\":[{\"@type\":\"SearchAction\",\"target\":{\"@type\":\"EntryPoint\",\"urlTemplate\":\"https:\/\/bolting.eu\/en\/?s={search_term_string}\"},\"query-input\":{\"@type\":\"PropertyValueSpecification\",\"valueRequired\":true,\"valueName\":\"search_term_string\"}}],\"inLanguage\":\"en-US\"},{\"@type\":[\"Organization\",\"Place\",\"SportingGoodsStore\"],\"@id\":\"https:\/\/bolting.eu\/en\/#organization\",\"name\":\"bolting.eu\",\"url\":\"https:\/\/bolting.eu\/en\/\",\"logo\":{\"@id\":\"https:\/\/bolting.eu\/en\/shop\/la-sportiva-cosmosis-legging-w\/#local-main-organization-logo\"},\"image\":{\"@id\":\"https:\/\/bolting.eu\/en\/shop\/la-sportiva-cosmosis-legging-w\/#local-main-organization-logo\"},\"sameAs\":[\"https:\/\/www.facebook.com\/bolting.eu\",\"https:\/\/www.instagram.com\/bolting.eu\/\"],\"address\":{\"@id\":\"https:\/\/bolting.eu\/en\/shop\/la-sportiva-cosmosis-legging-w\/#local-main-place-address\"},\"geo\":{\"@type\":\"GeoCoordinates\",\"latitude\":\"47.264176340396226\",\"longitude\":\"11.380109057672346\"},\"telephone\":[\"+43 699 19083372\"],\"openingHoursSpecification\":[{\"@type\":\"OpeningHoursSpecification\",\"dayOfWeek\":[\"Monday\",\"Wednesday\",\"Friday\"],\"opens\":\"14:00\",\"closes\":\"18:00\"},{\"@type\":\"OpeningHoursSpecification\",\"dayOfWeek\":[\"Tuesday\",\"Thursday\",\"Saturday\",\"Sunday\"],\"opens\":\"00:00\",\"closes\":\"00:00\"}],\"email\":\"office@bolting.eu\",\"vatID\":\"ATU59999728\",\"priceRange\":\"$$\",\"currenciesAccepted\":\"Euro\"},{\"@type\":\"PostalAddress\",\"@id\":\"https:\/\/bolting.eu\/en\/shop\/la-sportiva-cosmosis-legging-w\/#local-main-place-address\",\"streetAddress\":\"Fischnalerstra\u00dfe 4\",\"addressLocality\":\"Innsbruck\",\"postalCode\":\"6020\",\"addressRegion\":\"Tirol\",\"addressCountry\":\"AT\"},{\"@type\":\"ImageObject\",\"inLanguage\":\"en-US\",\"@id\":\"https:\/\/bolting.eu\/en\/shop\/la-sportiva-cosmosis-legging-w\/#local-main-organization-logo\",\"url\":\"https:\/\/bolting.eu\/wp-content\/uploads\/2019\/09\/bolting-logo.png\",\"contentUrl\":\"https:\/\/bolting.eu\/wp-content\/uploads\/2019\/09\/bolting-logo.png\",\"width\":400,\"height\":211,\"caption\":\"bolting.eu\"}]}<\/script>\n<meta property=\"og:availability\" content=\"instock\" \/>\n<meta property=\"product:availability\" content=\"instock\" \/>\n<meta property=\"product:condition\" content=\"new\" \/>\n<meta name=\"geo.placename\" content=\"Innsbruck\" \/>\n<meta name=\"geo.position\" content=\"47.264176340396226;11.380109057672346\" \/>\n<meta name=\"geo.region\" content=\"Austria\" \/>\n<!-- \/ Yoast SEO Premium plugin. -->","yoast_head_json":{"title":"La Sportiva Cosmosis Legging W | bolting.eu","description":"La Sportiva Cosmosis Kletterlegging W beim Kletterprofi kaufen \u2705 Trusted Shop \u2705 kostenloser Versand* \u2705 14 Tage R\u00fcckgaberecht \u2705 Co2 neutrale Zustellung","robots":{"index":"index","follow":"follow","max-snippet":"max-snippet:-1","max-image-preview":"max-image-preview:large","max-video-preview":"max-video-preview:-1"},"canonical":"https:\/\/bolting.eu\/en\/shop\/la-sportiva-cosmosis-legging-w\/","og_locale":"en_US","og_type":"article","og_title":"La Sportiva Cosmosis Legging W","og_description":"La Sportiva Cosmosis Kletterlegging W beim Kletterprofi kaufen \u2705 Trusted Shop \u2705 kostenloser Versand* \u2705 14 Tage R\u00fcckgaberecht \u2705 Co2 neutrale Zustellung","og_url":"https:\/\/bolting.eu\/en\/shop\/la-sportiva-cosmosis-legging-w\/","og_site_name":"bolting.eu","article_publisher":"https:\/\/www.facebook.com\/bolting.eu","article_modified_time":"2026-04-27T14:17:34+00:00","og_image":[{"width":700,"height":700,"url":"https:\/\/bolting.eu\/wp-content\/uploads\/2026\/04\/LaSpo-Cosmosis-Legging-W-2.jpg","type":"image\/jpeg"}],"twitter_card":"summary_large_image","twitter_misc":{"Availability":"In stock"},"schema":{"@context":"https:\/\/schema.org","@graph":[{"@type":["WebPage","ItemPage"],"@id":"https:\/\/bolting.eu\/en\/shop\/la-sportiva-cosmosis-legging-w\/","url":"https:\/\/bolting.eu\/en\/shop\/la-sportiva-cosmosis-legging-w\/","name":"La Sportiva Cosmosis Legging W | bolting.eu","isPartOf":{"@id":"https:\/\/bolting.eu\/en\/#website"},"primaryImageOfPage":{"@id":"https:\/\/bolting.eu\/en\/shop\/la-sportiva-cosmosis-legging-w\/#primaryimage"},"image":{"@id":"https:\/\/bolting.eu\/en\/shop\/la-sportiva-cosmosis-legging-w\/#primaryimage"},"thumbnailUrl":"https:\/\/bolting.eu\/wp-content\/uploads\/2026\/04\/LaSpo-Cosmosis-Legging-W-2.jpg","datePublished":"2026-04-27T12:25:05+00:00","dateModified":"2026-04-27T14:17:34+00:00","description":"La Sportiva Cosmosis Kletterlegging W beim Kletterprofi kaufen \u2705 Trusted Shop \u2705 kostenloser Versand* \u2705 14 Tage R\u00fcckgaberecht \u2705 Co2 neutrale Zustellung","breadcrumb":{"@id":"https:\/\/bolting.eu\/en\/shop\/la-sportiva-cosmosis-legging-w\/#breadcrumb"},"inLanguage":"en-US","potentialAction":[{"@type":"ReadAction","target":["https:\/\/bolting.eu\/en\/shop\/la-sportiva-cosmosis-legging-w\/"]}]},{"@type":"ImageObject","inLanguage":"en-US","@id":"https:\/\/bolting.eu\/en\/shop\/la-sportiva-cosmosis-legging-w\/#primaryimage","url":"https:\/\/bolting.eu\/wp-content\/uploads\/2026\/04\/LaSpo-Cosmosis-Legging-W-2.jpg","contentUrl":"https:\/\/bolting.eu\/wp-content\/uploads\/2026\/04\/LaSpo-Cosmosis-Legging-W-2.jpg","width":700,"height":700,"caption":"Dunkelblaue La Sportiva Cosmosis Leggings W von vorne."},{"@type":"BreadcrumbList","@id":"https:\/\/bolting.eu\/en\/shop\/la-sportiva-cosmosis-legging-w\/#breadcrumb","itemListElement":[{"@type":"ListItem","position":1,"name":"Shop","item":"https:\/\/bolting.eu\/en\/shop\/"},{"@type":"ListItem","position":2,"name":"Kletterbekleidung","item":"https:\/\/bolting.eu\/produkt-kategorie\/kletterbekleidung\/"},{"@type":"ListItem","position":3,"name":"Kletterhosen","item":"https:\/\/bolting.eu\/produkt-kategorie\/kletterbekleidung\/kletterhosen\/"},{"@type":"ListItem","position":4,"name":"La Sportiva Cosmosis Legging W"}]},{"@type":"WebSite","@id":"https:\/\/bolting.eu\/en\/#website","url":"https:\/\/bolting.eu\/en\/","name":"bolting.eu","description":"we make climbs happen","publisher":{"@id":"https:\/\/bolting.eu\/en\/#organization"},"potentialAction":[{"@type":"SearchAction","target":{"@type":"EntryPoint","urlTemplate":"https:\/\/bolting.eu\/en\/?s={search_term_string}"},"query-input":{"@type":"PropertyValueSpecification","valueRequired":true,"valueName":"search_term_string"}}],"inLanguage":"en-US"},{"@type":["Organization","Place","SportingGoodsStore"],"@id":"https:\/\/bolting.eu\/en\/#organization","name":"bolting.eu","url":"https:\/\/bolting.eu\/en\/","logo":{"@id":"https:\/\/bolting.eu\/en\/shop\/la-sportiva-cosmosis-legging-w\/#local-main-organization-logo"},"image":{"@id":"https:\/\/bolting.eu\/en\/shop\/la-sportiva-cosmosis-legging-w\/#local-main-organization-logo"},"sameAs":["https:\/\/www.facebook.com\/bolting.eu","https:\/\/www.instagram.com\/bolting.eu\/"],"address":{"@id":"https:\/\/bolting.eu\/en\/shop\/la-sportiva-cosmosis-legging-w\/#local-main-place-address"},"geo":{"@type":"GeoCoordinates","latitude":"47.264176340396226","longitude":"11.380109057672346"},"telephone":["+43 699 19083372"],"openingHoursSpecification":[{"@type":"OpeningHoursSpecification","dayOfWeek":["Monday","Wednesday","Friday"],"opens":"14:00","closes":"18:00"},{"@type":"OpeningHoursSpecification","dayOfWeek":["Tuesday","Thursday","Saturday","Sunday"],"opens":"00:00","closes":"00:00"}],"email":"office@bolting.eu","vatID":"ATU59999728","priceRange":"$$","currenciesAccepted":"Euro"},{"@type":"PostalAddress","@id":"https:\/\/bolting.eu\/en\/shop\/la-sportiva-cosmosis-legging-w\/#local-main-place-address","streetAddress":"Fischnalerstra\u00dfe 4","addressLocality":"Innsbruck","postalCode":"6020","addressRegion":"Tirol","addressCountry":"AT"},{"@type":"ImageObject","inLanguage":"en-US","@id":"https:\/\/bolting.eu\/en\/shop\/la-sportiva-cosmosis-legging-w\/#local-main-organization-logo","url":"https:\/\/bolting.eu\/wp-content\/uploads\/2019\/09\/bolting-logo.png","contentUrl":"https:\/\/bolting.eu\/wp-content\/uploads\/2019\/09\/bolting-logo.png","width":400,"height":211,"caption":"bolting.eu"}]},"og_availability":"instock","product_availability":"instock","product_condition":"new","geo.placename":"Innsbruck","geo.position":{"lat":"47.264176340396226","long":"11.380109057672346"},"geo.region":"Austria"},"_links":{"self":[{"href":"https:\/\/bolting.eu\/en\/wp-json\/wp\/v2\/product\/38774","targetHints":{"allow":["GET"]}}],"collection":[{"href":"https:\/\/bolting.eu\/en\/wp-json\/wp\/v2\/product"}],"about":[{"href":"https:\/\/bolting.eu\/en\/wp-json\/wp\/v2\/types\/product"}],"replies":[{"embeddable":true,"href":"https:\/\/bolting.eu\/en\/wp-json\/wp\/v2\/comments?post=38774"}],"wp:featuredmedia":[{"embeddable":true,"href":"https:\/\/bolting.eu\/en\/wp-json\/wp\/v2\/media\/38785"}],"wp:attachment":[{"href":"https:\/\/bolting.eu\/en\/wp-json\/wp\/v2\/media?parent=38774"}],"wp:term":[{"taxonomy":"product_brand","embeddable":true,"href":"https:\/\/bolting.eu\/en\/wp-json\/wp\/v2\/product_brand?post=38774"},{"taxonomy":"product_cat","embeddable":true,"href":"https:\/\/bolting.eu\/en\/wp-json\/wp\/v2\/product_cat?post=38774"},{"taxonomy":"product_tag","embeddable":true,"href":"https:\/\/bolting.eu\/en\/wp-json\/wp\/v2\/product_tag?post=38774"}],"curies":[{"name":"wp","href":"https:\/\/api.w.org\/{rel}","templated":true}]}}