{"id":3874,"date":"2020-06-03T09:01:22","date_gmt":"2020-06-03T07:01:22","guid":{"rendered":"https:\/\/bolting.eu\/?post_type=product&#038;p=3874"},"modified":"2026-04-08T18:15:27","modified_gmt":"2026-04-08T16:15:27","slug":"bandschlinge-180cm-11mm-dyneema","status":"publish","type":"product","link":"https:\/\/bolting.eu\/en\/shop\/bandschlinge-180cm-11mm-dyneema\/","title":{"rendered":"Bandschlinge 180cm &#8211; 11mm Dyneema"},"content":{"rendered":"<p>Unsere Bandschlinge 180cm &#8211; 11mm Dyneema ist von Austrialpin. Diese Dyneema Rundschlinge ist f\u00fcr das Alpinklettern gedacht. Denn sie wird vor allem beim Standplatzbau eingesetzt.<\/p>\n<p>Erstens ist diese Schlingengr\u00f6\u00dfe perfekt f\u00fcr das Zusammenh\u00e4ngen mehrerer Fixpunkte. Zweitens hat Dyneema ja eine sehr hohe Schnittfestigkeit. Somit kann man diese B\u00e4nder auch sicher \u00fcber Felsk\u00f6pfe legen bzw. Felshaken abbinden. Drittens sind die Schlingen bei allen erdenklichen Situationen als Anschlagpunkt verwendbar. Beispielsweise beim F\u00e4deln durch Ringhaken, Abbinden von Sanduhren, usw&#8230;<\/p>\n<p>Kurzum: Mit dieser Dyneema Bandschlinge ist man \u00fcberall Herr der Lage!<\/p>\n<h2>Eigenschaften Bandschlinge 180cm &#8211; 11mm Dyneema<\/h2>\n<ul>\n<li>Hersteller: hergestellt in Tschechien f\u00fcr <a href=\"https:\/\/bolting.eu\/produkt-kategorie\/austrialpin\/\">Austrialpin<\/a><\/li>\n<li>Material: Dyneema<\/li>\n<li>Gewicht: 73 Gramm<\/li>\n<li>Normen: EN 566:2017<\/li>\n<li>L\u00e4nge: 180cm (Umfang 360cm)<\/li>\n<li>Farbe: t\u00fcrkisblau-weiss<\/li>\n<li>Bruchlast: 22kN<\/li>\n<li><a href=\"https:\/\/www.austrialpin.at\/fileadmin\/anleitungen\/AA_instruction-manual_carabiner-slings.pdf\">Bedienungsanleitung beachten<\/a>\n<div class=\"mceTemp\"><\/div>\n<\/li>\n<\/ul>\n<h2>Bandschlinge 180cm &#8211; 11mm Dyneema &#8211; hohe Schnittfestigkeit<\/h2>\n<p>Die hohe Schnittfestigkeit bzw. L\u00e4nge pr\u00e4destiniert diese Bandschlinge als Standplatzschlinge. Denn zum einen kann man mit ihnen bedenkenlos Felshaken abbinden. Sie k\u00f6nnen sowohl um den Schaft gebunden, als auch durch die Karabiner\u00f6se gef\u00e4delt werden. Und zum anderen kann man diese Schlinge super f\u00e4deln und z.B. ein weiches Auge binden. \u00dcberdies kann man sie wie erw\u00e4hnt auch als &#8220;K\u00f6pfl-Schlinge&#8221; perfekt verwenden.<\/p>\n<p>Mit der gro\u00dfen L\u00e4nge kann man zudem auch weiter entfernte Fixpunkte verbinden. Deshalb sollte man eine dieser Schlingen in seiner Kletterausr\u00fcstung haben.<\/p>\n<h4><strong>&#8220;weiches Auge&#8221; mit Bandschlinge 120cm &#8211; 11mm Dyneema binden<\/strong><\/h4>\n<figure id=\"attachment_3449\" aria-describedby=\"caption-attachment-3449\" style=\"width: 206px\" class=\"wp-caption alignnone\"><a href=\"https:\/\/bolting.eu\/wp-content\/uploads\/2020\/05\/Dyneema-Bandschlinge-weiches-Auge.jpg\"><img loading=\"lazy\" decoding=\"async\" class=\"size-full wp-image-3449\" src=\"https:\/\/bolting.eu\/wp-content\/uploads\/2020\/05\/Dyneema-Bandschlinge-weiches-Auge.jpg\" alt=\"Das Bild zeigt eine Grafik, welche das F\u00e4deln des sogenannten &quot;weichen Auge&quot; mit Dyneema Bandschlingen in vier Schritten erkl\u00e4rt. Die einzeoilnen Schritte werden untereinander gezeigt.\" width=\"206\" height=\"245\" \/><\/a><figcaption id=\"caption-attachment-3449\" class=\"wp-caption-text\">entnommen aus: &#8220;Sicherungstechnik Fels \u2013 Vertiefung&#8221; &#8211; Kursskript f\u00fcr die Sektion Pei\u00dfenberg im Deutschen Alpenverein, Seite 4;<\/figcaption><\/figure>\n<div class=\"mceTemp\"><\/div>\n<p>&nbsp;<\/p>\n<h2>Bandschlingen regelm\u00e4\u00dfig kontrollieren!<\/h2>\n<p>Wie jede Bandschlinge solltet ihr auch eure Bandschlinge 180cm &#8211; 11mm Dyneema regelm\u00e4\u00dfig inspizieren. Lasst die Schlinge durch die Finger gleiten. Versucht dabei Unregelm\u00e4\u00dfigkeiten zu ersp\u00fcren. Dar\u00fcber hinaus ist auch die optische Kontrolle wichtig. Sind sichtbare Sch\u00e4den erkennbar?<\/p>\n<p>Bei entsprechenden Sch\u00e4den sind die Schlingen umgehend auszutauschen.<\/p>\n<h2>Austausch nach 3 Jahren empfohlen<\/h2>\n<p>In jedem Fall solltet ihr eure Bandschlinge 180cm &#8211; 11mm Dyneema nach 3 Jahren Verwendung austauschen. So wird es im Artikel \u201e<a href=\"https:\/\/bolting.eu\/wp-content\/uploads\/2020\/05\/Gebrauchsdauer-von-Bandschlingen-DAV-Panorama-4-2015.pdf\" target=\"_blank\" rel=\"noopener noreferrer\">Gebrauchsdauer von Bandschlingen<\/a>\u201c im DAV Panorama 4 \/ 2015 empfohlen. Wer seine Schlingen ganz wenig n\u00fctzt, sollte diese nach sp\u00e4testens 5 Jahren austauschen.<\/p>\n<p>Diese Empfehlungen fu\u00dfen auf dem Materialverhalten von Dyneema. Vereinfacht dargestellt sorgt das Verknoten, Schmutz, Belastungen, Reibung an der Materialoberfl\u00e4che, UV Strahlung etc. f\u00fcr die Alterung des Polyethylens. Folglich nimmt die Festigkeit stetig ab. Je st\u00e4rker eine Schlinge genutzt und verschmutzt ist, desto fr\u00fcher fallen die Bruchwerte unter die Normgrenze.<\/p>\n","protected":false},"excerpt":{"rendered":"<ul>\n<li>Hersteller: hergestellt in Tschechien f\u00fcr <a href=\"https:\/\/bolting.eu\/produkt-kategorie\/austrialpin\/\">Austrialpin<\/a><\/li>\n<li>Material: Dyneema<\/li>\n<li>Gewicht: 49 Gramm<\/li>\n<li>Normen: EN 566:2017<\/li>\n<li>L\u00e4nge: 120cm (Umfang 240cm)<\/li>\n<li>Farbe: rot-weiss<\/li>\n<li>Bruchlast: 22kN<\/li>\n<li><a href=\"https:\/\/www.austrialpin.at\/fileadmin\/anleitungen\/AA_instruction-manual_carabiner-slings.pdf\">Bedienungsanleitung beachten<\/a><\/li>\n<\/ul>\n","protected":false},"featured_media":3869,"comment_status":"open","ping_status":"closed","template":"","meta":[],"product_brand":[],"product_cat":[4649,259,6620,7707,14319],"product_tag":[262,7730],"class_list":{"0":"post-3874","1":"product","2":"type-product","3":"status-publish","4":"has-post-thumbnail","6":"product_cat-austrialpin","7":"product_cat-bandschlinge","8":"product_cat-hochtouren-ausruestung","9":"product_cat-dyneema-bandschlingen","10":"product_cat-sale-klettern","11":"product_tag-alpinklettern","12":"product_tag-dyneema","14":"first","15":"instock","16":"sale","17":"taxable","18":"shipping-taxable","19":"purchasable","20":"product-type-simple"},"yoast_head":"<!-- This site is optimized with the Yoast SEO Premium plugin v26.9 (Yoast SEO v26.9) - https:\/\/yoast.com\/product\/yoast-seo-premium-wordpress\/ -->\n<title>Bandschlinge 180cm - 11mm Dyneema von Austrialpin kaufen | bolting.eu<\/title>\n<meta name=\"description\" content=\"Hiergibt\u00b4s die BANDSCHLINGE 180cm -11mm DYNEEMA von AUSTRIALPIN. Eine 11mm breite Rundschlinge zum top Preis beim Kletterprofi!\" \/>\n<meta name=\"robots\" content=\"index, follow, max-snippet:-1, max-image-preview:large, max-video-preview:-1\" \/>\n<link rel=\"canonical\" href=\"https:\/\/bolting.eu\/en\/shop\/bandschlinge-180cm-11mm-dyneema\/\" \/>\n<meta property=\"og:locale\" content=\"en_US\" \/>\n<meta property=\"og:type\" content=\"article\" \/>\n<meta property=\"og:title\" content=\"Bandschlinge 180cm - 11mm Dyneema\" \/>\n<meta property=\"og:description\" content=\"Hiergibt\u00b4s die BANDSCHLINGE 180cm -11mm DYNEEMA von AUSTRIALPIN. Eine 11mm breite Rundschlinge zum top Preis beim Kletterprofi!\" \/>\n<meta property=\"og:url\" content=\"https:\/\/bolting.eu\/en\/shop\/bandschlinge-180cm-11mm-dyneema\/\" \/>\n<meta property=\"og:site_name\" content=\"bolting.eu\" \/>\n<meta property=\"article:publisher\" content=\"https:\/\/www.facebook.com\/bolting.eu\" \/>\n<meta property=\"article:modified_time\" content=\"2026-04-08T16:15:27+00:00\" \/>\n<meta property=\"og:image\" content=\"https:\/\/bolting.eu\/wp-content\/uploads\/2020\/06\/Bandschlinge-180cm-11mm-Dyneema.jpg\" \/>\n\t<meta property=\"og:image:width\" content=\"700\" \/>\n\t<meta property=\"og:image:height\" content=\"700\" \/>\n\t<meta property=\"og:image:type\" content=\"image\/jpeg\" \/>\n<meta name=\"twitter:card\" content=\"summary_large_image\" \/>\n<meta name=\"twitter:label1\" content=\"Price\" \/>\n\t<meta name=\"twitter:data1\" content=\"&euro;&nbsp;10,00\" \/>\n\t<meta name=\"twitter:label2\" content=\"Availability\" \/>\n\t<meta name=\"twitter:data2\" content=\"In stock\" \/>\n<script type=\"application\/ld+json\" class=\"yoast-schema-graph\">{\"@context\":\"https:\/\/schema.org\",\"@graph\":[{\"@type\":[\"WebPage\",\"ItemPage\"],\"@id\":\"https:\/\/bolting.eu\/en\/shop\/bandschlinge-180cm-11mm-dyneema\/\",\"url\":\"https:\/\/bolting.eu\/en\/shop\/bandschlinge-180cm-11mm-dyneema\/\",\"name\":\"Bandschlinge 180cm - 11mm Dyneema von Austrialpin kaufen | bolting.eu\",\"isPartOf\":{\"@id\":\"https:\/\/bolting.eu\/en\/#website\"},\"primaryImageOfPage\":{\"@id\":\"https:\/\/bolting.eu\/en\/shop\/bandschlinge-180cm-11mm-dyneema\/#primaryimage\"},\"image\":{\"@id\":\"https:\/\/bolting.eu\/en\/shop\/bandschlinge-180cm-11mm-dyneema\/#primaryimage\"},\"thumbnailUrl\":\"https:\/\/bolting.eu\/wp-content\/uploads\/2020\/06\/Bandschlinge-180cm-11mm-Dyneema.jpg\",\"datePublished\":\"2020-06-03T07:01:22+00:00\",\"dateModified\":\"2026-04-08T16:15:27+00:00\",\"description\":\"Hiergibt\u00b4s die BANDSCHLINGE 180cm -11mm DYNEEMA von AUSTRIALPIN. Eine 11mm breite Rundschlinge zum top Preis beim Kletterprofi!\",\"breadcrumb\":{\"@id\":\"https:\/\/bolting.eu\/en\/shop\/bandschlinge-180cm-11mm-dyneema\/#breadcrumb\"},\"inLanguage\":\"en-US\",\"potentialAction\":[{\"@type\":\"ReadAction\",\"target\":[\"https:\/\/bolting.eu\/en\/shop\/bandschlinge-180cm-11mm-dyneema\/\"]}]},{\"@type\":\"ImageObject\",\"inLanguage\":\"en-US\",\"@id\":\"https:\/\/bolting.eu\/en\/shop\/bandschlinge-180cm-11mm-dyneema\/#primaryimage\",\"url\":\"https:\/\/bolting.eu\/wp-content\/uploads\/2020\/06\/Bandschlinge-180cm-11mm-Dyneema.jpg\",\"contentUrl\":\"https:\/\/bolting.eu\/wp-content\/uploads\/2020\/06\/Bandschlinge-180cm-11mm-Dyneema.jpg\",\"width\":700,\"height\":700,\"caption\":\"Das Bild zeigt eine Bandschlinge 180cm-11mm Dyneema von Austrialpin. Auf einem wei\u00dfem Quadrat liegt die weiss-blaue Schlinge schr\u00e4g im Bild zu einer Rolle zusammengerollt.\"},{\"@type\":\"BreadcrumbList\",\"@id\":\"https:\/\/bolting.eu\/en\/shop\/bandschlinge-180cm-11mm-dyneema\/#breadcrumb\",\"itemListElement\":[{\"@type\":\"ListItem\",\"position\":1,\"name\":\"Shop\",\"item\":\"https:\/\/bolting.eu\/en\/shop\/\"},{\"@type\":\"ListItem\",\"position\":2,\"name\":\"climbing equipment\",\"item\":\"https:\/\/bolting.eu\/en\/produkt-kategorie\/climbing-equipment\/\"},{\"@type\":\"ListItem\",\"position\":3,\"name\":\"Bandschlinge\",\"item\":\"https:\/\/bolting.eu\/produkt-kategorie\/kletterausruestung\/bandschlinge\/\"},{\"@type\":\"ListItem\",\"position\":4,\"name\":\"Dyneema Bandschlingen\",\"item\":\"https:\/\/bolting.eu\/produkt-kategorie\/kletterausruestung\/bandschlinge\/dyneema-bandschlingen\/\"},{\"@type\":\"ListItem\",\"position\":5,\"name\":\"Bandschlinge 180cm &#8211; 11mm Dyneema\"}]},{\"@type\":\"WebSite\",\"@id\":\"https:\/\/bolting.eu\/en\/#website\",\"url\":\"https:\/\/bolting.eu\/en\/\",\"name\":\"bolting.eu\",\"description\":\"we make climbs happen\",\"publisher\":{\"@id\":\"https:\/\/bolting.eu\/en\/#organization\"},\"potentialAction\":[{\"@type\":\"SearchAction\",\"target\":{\"@type\":\"EntryPoint\",\"urlTemplate\":\"https:\/\/bolting.eu\/en\/?s={search_term_string}\"},\"query-input\":{\"@type\":\"PropertyValueSpecification\",\"valueRequired\":true,\"valueName\":\"search_term_string\"}}],\"inLanguage\":\"en-US\"},{\"@type\":[\"Organization\",\"Place\",\"SportingGoodsStore\"],\"@id\":\"https:\/\/bolting.eu\/en\/#organization\",\"name\":\"bolting.eu\",\"url\":\"https:\/\/bolting.eu\/en\/\",\"logo\":{\"@id\":\"https:\/\/bolting.eu\/en\/shop\/bandschlinge-180cm-11mm-dyneema\/#local-main-organization-logo\"},\"image\":{\"@id\":\"https:\/\/bolting.eu\/en\/shop\/bandschlinge-180cm-11mm-dyneema\/#local-main-organization-logo\"},\"sameAs\":[\"https:\/\/www.facebook.com\/bolting.eu\",\"https:\/\/www.instagram.com\/bolting.eu\/\"],\"address\":{\"@id\":\"https:\/\/bolting.eu\/en\/shop\/bandschlinge-180cm-11mm-dyneema\/#local-main-place-address\"},\"geo\":{\"@type\":\"GeoCoordinates\",\"latitude\":\"47.264176340396226\",\"longitude\":\"11.380109057672346\"},\"telephone\":[\"+43 699 19083372\"],\"openingHoursSpecification\":[{\"@type\":\"OpeningHoursSpecification\",\"dayOfWeek\":[\"Monday\",\"Wednesday\",\"Friday\"],\"opens\":\"14:00\",\"closes\":\"18:00\"},{\"@type\":\"OpeningHoursSpecification\",\"dayOfWeek\":[\"Tuesday\",\"Thursday\",\"Saturday\",\"Sunday\"],\"opens\":\"00:00\",\"closes\":\"00:00\"}],\"email\":\"office@bolting.eu\",\"vatID\":\"ATU59999728\",\"priceRange\":\"$$\",\"currenciesAccepted\":\"Euro\"},{\"@type\":\"PostalAddress\",\"@id\":\"https:\/\/bolting.eu\/en\/shop\/bandschlinge-180cm-11mm-dyneema\/#local-main-place-address\",\"streetAddress\":\"Fischnalerstra\u00dfe 4\",\"addressLocality\":\"Innsbruck\",\"postalCode\":\"6020\",\"addressRegion\":\"Tirol\",\"addressCountry\":\"AT\"},{\"@type\":\"ImageObject\",\"inLanguage\":\"en-US\",\"@id\":\"https:\/\/bolting.eu\/en\/shop\/bandschlinge-180cm-11mm-dyneema\/#local-main-organization-logo\",\"url\":\"https:\/\/bolting.eu\/wp-content\/uploads\/2019\/09\/bolting-logo.png\",\"contentUrl\":\"https:\/\/bolting.eu\/wp-content\/uploads\/2019\/09\/bolting-logo.png\",\"width\":400,\"height\":211,\"caption\":\"bolting.eu\"}]}<\/script>\n<meta property=\"product:price:amount\" content=\"10.00\" \/>\n<meta property=\"product:price:currency\" content=\"EUR\" \/>\n<meta property=\"og:availability\" content=\"instock\" \/>\n<meta property=\"product:availability\" content=\"instock\" \/>\n<meta property=\"product:retailer_item_id\" content=\"ZS18BY-B\" \/>\n<meta property=\"product:condition\" content=\"new\" \/>\n<meta name=\"geo.placename\" content=\"Innsbruck\" \/>\n<meta name=\"geo.position\" content=\"47.264176340396226;11.380109057672346\" \/>\n<meta name=\"geo.region\" content=\"Austria\" \/>\n<!-- \/ Yoast SEO Premium plugin. -->","yoast_head_json":{"title":"Bandschlinge 180cm - 11mm Dyneema von Austrialpin kaufen | bolting.eu","description":"Hiergibt\u00b4s die BANDSCHLINGE 180cm -11mm DYNEEMA von AUSTRIALPIN. Eine 11mm breite Rundschlinge zum top Preis beim Kletterprofi!","robots":{"index":"index","follow":"follow","max-snippet":"max-snippet:-1","max-image-preview":"max-image-preview:large","max-video-preview":"max-video-preview:-1"},"canonical":"https:\/\/bolting.eu\/en\/shop\/bandschlinge-180cm-11mm-dyneema\/","og_locale":"en_US","og_type":"article","og_title":"Bandschlinge 180cm - 11mm Dyneema","og_description":"Hiergibt\u00b4s die BANDSCHLINGE 180cm -11mm DYNEEMA von AUSTRIALPIN. Eine 11mm breite Rundschlinge zum top Preis beim Kletterprofi!","og_url":"https:\/\/bolting.eu\/en\/shop\/bandschlinge-180cm-11mm-dyneema\/","og_site_name":"bolting.eu","article_publisher":"https:\/\/www.facebook.com\/bolting.eu","article_modified_time":"2026-04-08T16:15:27+00:00","og_image":[{"width":700,"height":700,"url":"https:\/\/bolting.eu\/wp-content\/uploads\/2020\/06\/Bandschlinge-180cm-11mm-Dyneema.jpg","type":"image\/jpeg"}],"twitter_card":"summary_large_image","twitter_misc":{"Price":"&euro;&nbsp;10,00","Availability":"In stock"},"schema":{"@context":"https:\/\/schema.org","@graph":[{"@type":["WebPage","ItemPage"],"@id":"https:\/\/bolting.eu\/en\/shop\/bandschlinge-180cm-11mm-dyneema\/","url":"https:\/\/bolting.eu\/en\/shop\/bandschlinge-180cm-11mm-dyneema\/","name":"Bandschlinge 180cm - 11mm Dyneema von Austrialpin kaufen | bolting.eu","isPartOf":{"@id":"https:\/\/bolting.eu\/en\/#website"},"primaryImageOfPage":{"@id":"https:\/\/bolting.eu\/en\/shop\/bandschlinge-180cm-11mm-dyneema\/#primaryimage"},"image":{"@id":"https:\/\/bolting.eu\/en\/shop\/bandschlinge-180cm-11mm-dyneema\/#primaryimage"},"thumbnailUrl":"https:\/\/bolting.eu\/wp-content\/uploads\/2020\/06\/Bandschlinge-180cm-11mm-Dyneema.jpg","datePublished":"2020-06-03T07:01:22+00:00","dateModified":"2026-04-08T16:15:27+00:00","description":"Hiergibt\u00b4s die BANDSCHLINGE 180cm -11mm DYNEEMA von AUSTRIALPIN. Eine 11mm breite Rundschlinge zum top Preis beim Kletterprofi!","breadcrumb":{"@id":"https:\/\/bolting.eu\/en\/shop\/bandschlinge-180cm-11mm-dyneema\/#breadcrumb"},"inLanguage":"en-US","potentialAction":[{"@type":"ReadAction","target":["https:\/\/bolting.eu\/en\/shop\/bandschlinge-180cm-11mm-dyneema\/"]}]},{"@type":"ImageObject","inLanguage":"en-US","@id":"https:\/\/bolting.eu\/en\/shop\/bandschlinge-180cm-11mm-dyneema\/#primaryimage","url":"https:\/\/bolting.eu\/wp-content\/uploads\/2020\/06\/Bandschlinge-180cm-11mm-Dyneema.jpg","contentUrl":"https:\/\/bolting.eu\/wp-content\/uploads\/2020\/06\/Bandschlinge-180cm-11mm-Dyneema.jpg","width":700,"height":700,"caption":"Das Bild zeigt eine Bandschlinge 180cm-11mm Dyneema von Austrialpin. Auf einem wei\u00dfem Quadrat liegt die weiss-blaue Schlinge schr\u00e4g im Bild zu einer Rolle zusammengerollt."},{"@type":"BreadcrumbList","@id":"https:\/\/bolting.eu\/en\/shop\/bandschlinge-180cm-11mm-dyneema\/#breadcrumb","itemListElement":[{"@type":"ListItem","position":1,"name":"Shop","item":"https:\/\/bolting.eu\/en\/shop\/"},{"@type":"ListItem","position":2,"name":"climbing equipment","item":"https:\/\/bolting.eu\/en\/produkt-kategorie\/climbing-equipment\/"},{"@type":"ListItem","position":3,"name":"Bandschlinge","item":"https:\/\/bolting.eu\/produkt-kategorie\/kletterausruestung\/bandschlinge\/"},{"@type":"ListItem","position":4,"name":"Dyneema Bandschlingen","item":"https:\/\/bolting.eu\/produkt-kategorie\/kletterausruestung\/bandschlinge\/dyneema-bandschlingen\/"},{"@type":"ListItem","position":5,"name":"Bandschlinge 180cm &#8211; 11mm Dyneema"}]},{"@type":"WebSite","@id":"https:\/\/bolting.eu\/en\/#website","url":"https:\/\/bolting.eu\/en\/","name":"bolting.eu","description":"we make climbs happen","publisher":{"@id":"https:\/\/bolting.eu\/en\/#organization"},"potentialAction":[{"@type":"SearchAction","target":{"@type":"EntryPoint","urlTemplate":"https:\/\/bolting.eu\/en\/?s={search_term_string}"},"query-input":{"@type":"PropertyValueSpecification","valueRequired":true,"valueName":"search_term_string"}}],"inLanguage":"en-US"},{"@type":["Organization","Place","SportingGoodsStore"],"@id":"https:\/\/bolting.eu\/en\/#organization","name":"bolting.eu","url":"https:\/\/bolting.eu\/en\/","logo":{"@id":"https:\/\/bolting.eu\/en\/shop\/bandschlinge-180cm-11mm-dyneema\/#local-main-organization-logo"},"image":{"@id":"https:\/\/bolting.eu\/en\/shop\/bandschlinge-180cm-11mm-dyneema\/#local-main-organization-logo"},"sameAs":["https:\/\/www.facebook.com\/bolting.eu","https:\/\/www.instagram.com\/bolting.eu\/"],"address":{"@id":"https:\/\/bolting.eu\/en\/shop\/bandschlinge-180cm-11mm-dyneema\/#local-main-place-address"},"geo":{"@type":"GeoCoordinates","latitude":"47.264176340396226","longitude":"11.380109057672346"},"telephone":["+43 699 19083372"],"openingHoursSpecification":[{"@type":"OpeningHoursSpecification","dayOfWeek":["Monday","Wednesday","Friday"],"opens":"14:00","closes":"18:00"},{"@type":"OpeningHoursSpecification","dayOfWeek":["Tuesday","Thursday","Saturday","Sunday"],"opens":"00:00","closes":"00:00"}],"email":"office@bolting.eu","vatID":"ATU59999728","priceRange":"$$","currenciesAccepted":"Euro"},{"@type":"PostalAddress","@id":"https:\/\/bolting.eu\/en\/shop\/bandschlinge-180cm-11mm-dyneema\/#local-main-place-address","streetAddress":"Fischnalerstra\u00dfe 4","addressLocality":"Innsbruck","postalCode":"6020","addressRegion":"Tirol","addressCountry":"AT"},{"@type":"ImageObject","inLanguage":"en-US","@id":"https:\/\/bolting.eu\/en\/shop\/bandschlinge-180cm-11mm-dyneema\/#local-main-organization-logo","url":"https:\/\/bolting.eu\/wp-content\/uploads\/2019\/09\/bolting-logo.png","contentUrl":"https:\/\/bolting.eu\/wp-content\/uploads\/2019\/09\/bolting-logo.png","width":400,"height":211,"caption":"bolting.eu"}]},"product_price_amount":"10.00","product_price_currency":"EUR","og_availability":"instock","product_availability":"instock","product_retailer_item_id":"ZS18BY-B","product_condition":"new","geo.placename":"Innsbruck","geo.position":{"lat":"47.264176340396226","long":"11.380109057672346"},"geo.region":"Austria"},"_links":{"self":[{"href":"https:\/\/bolting.eu\/en\/wp-json\/wp\/v2\/product\/3874","targetHints":{"allow":["GET"]}}],"collection":[{"href":"https:\/\/bolting.eu\/en\/wp-json\/wp\/v2\/product"}],"about":[{"href":"https:\/\/bolting.eu\/en\/wp-json\/wp\/v2\/types\/product"}],"replies":[{"embeddable":true,"href":"https:\/\/bolting.eu\/en\/wp-json\/wp\/v2\/comments?post=3874"}],"wp:featuredmedia":[{"embeddable":true,"href":"https:\/\/bolting.eu\/en\/wp-json\/wp\/v2\/media\/3869"}],"wp:attachment":[{"href":"https:\/\/bolting.eu\/en\/wp-json\/wp\/v2\/media?parent=3874"}],"wp:term":[{"taxonomy":"product_brand","embeddable":true,"href":"https:\/\/bolting.eu\/en\/wp-json\/wp\/v2\/product_brand?post=3874"},{"taxonomy":"product_cat","embeddable":true,"href":"https:\/\/bolting.eu\/en\/wp-json\/wp\/v2\/product_cat?post=3874"},{"taxonomy":"product_tag","embeddable":true,"href":"https:\/\/bolting.eu\/en\/wp-json\/wp\/v2\/product_tag?post=3874"}],"curies":[{"name":"wp","href":"https:\/\/api.w.org\/{rel}","templated":true}]}}