{"id":3865,"date":"2020-06-02T19:47:16","date_gmt":"2020-06-02T17:47:16","guid":{"rendered":"https:\/\/bolting.eu\/?post_type=product&#038;p=3865"},"modified":"2024-02-26T11:46:58","modified_gmt":"2024-02-26T10:46:58","slug":"kong-extra-roll-seilrolle","status":"publish","type":"product","link":"https:\/\/bolting.eu\/en\/shop\/kong-extra-roll-seilrolle\/","title":{"rendered":"Kong Extra Roll Seilrolle"},"content":{"rendered":"<p>Die Kong Extra Roll Seilrolle ist ein starkes St\u00fcck. Denn diese Rolle weist wirklich gewaltige Werte auf. Erstens hat sie eine bruchlast von 30kN. Zweitens einen Effizienzgrad von 96%. Und drittens wiegt sie gerade einmal 260 Gramm.<\/p>\n<p>All diese Eigenschaften machen diese Rolle zu einem gefragten Bestseller. Zum einen bei vielen Slacklinern. Und zum anderen bei vielen Rettungsorganisationen. Beispielsweise Bergrettung, H\u00f6hlenrettung und Feuerwehren.<\/p>\n<p>Kurzum. Diese <a href=\"https:\/\/bolting.eu\/produkt-kategorie\/seilrollen\/\">Seilrolle<\/a> ist ein Tool f\u00fcr den mannigfaltigen Einsatz wenn hoch effiziente Flaschenz\u00fcge gebraucht werden!<\/p>\n<h2>Eigenschaften Kong Extra Roll Seilrolle<\/h2>\n<ul>\n<li>Hersteller: <a href=\"https:\/\/bolting.eu\/produkt-kategorie\/kong\/\">Kong Italy<\/a><\/li>\n<li>Effizienzgrad 96%<\/li>\n<li>Rollenlager<\/li>\n<li>aufklappbare Seitenteile<\/li>\n<li>f\u00fcr Seile bis zu 16mm<\/li>\n<li>Normen: <a href=\"https:\/\/bolting.eu\/en-12278-norm-fuer-seilrollen\/\">EN 12278<\/a><\/li>\n<li>Gewicht: 260 Gramm<\/li>\n<li>Bruchlast: 30KN<\/li>\n<li>WLL: 15kN auf jedem Strang<\/li>\n<li>Material K\u00f6rper: Aluminium<\/li>\n<li>Material Rolle: Aluminium<\/li>\n<li><a href=\"https:\/\/www.kong.it\/media\/Component\/CatalogProduct\/p286-extra-roll\/attachments\/I_KONG_PULLEYS_2018.pdf\">Bedienungsanleitung beachten<\/a><\/li>\n<\/ul>\n<h2>Kong Extra Roll Seilrolle mit Kugellager<\/h2>\n<p>Was den hohen Effizienzgrad dieser Rolle ausmacht, ist das hochwertige Stahl Kugellager. Denn auf diesem sitz die Alu Rolle auf. Folglich verleiht das Lager dieser Rolle diesen extrem niedrigen Widerstand.<\/p>\n<p>Des weiteren verleiht das starke Lager der Rolle auch eine gro\u00dfe Langlebigkeit. Sie sollte viele Jahre gute Arbeit leisten.<\/p>\n<h3>Aufklappbare Seitenteile<\/h3>\n<p>Beide Alu-Seitenteile der Kong Extra Roll Seilrolle sind vollbeweglich. Das bringt beim Handling mehr Spielraum mit sich. Denn egal auf welcher Seite man, es ist egal. Die Rolle klappt eben beiderseits auf. Der Mechanismus \u00f6ffnet und schlie\u00dft auch nach Jahren sehr gut. Somit ist gesichert, dass man die zentrale Karabiner\u00f6se mit gro\u00dfen Verbindungsmitteln nutzen kann.<\/p>\n<h3>Wartung<\/h3>\n<p>Seine Rolle sollte man regelm\u00e4\u00dfig warten. Erstens sauber mit Wasser abwaschen. Zweitens mehrmals in der Hand &#8220;auspeitschen&#8221;. Denn dies l\u00f6st den ganz feinen Schmutz und sorgt durch die Tr\u00e4gheit, dass er herausgeworfen wird.<\/p>\n<p>Drittens dann gut an der Luft trocknen lassen. Viertens die beweglichen Teile der Kong Extra Roll Seilrolle mit einem <a href=\"https:\/\/bolting.eu\/shop\/kong-kletterausruestung-pflegeoel\/\">Karabiner Pflege\u00f6l<\/a> schmieren. Fertig!<\/p>\n","protected":false},"excerpt":{"rendered":"<ul>\n<li>Hersteller: <a href=\"https:\/\/bolting.eu\/produkt-kategorie\/kong\/\">Kong Italy<\/a><\/li>\n<li>Effizienzgrad 96%<\/li>\n<li>Rollenlager<\/li>\n<li>aufklappbare Seitenteile<\/li>\n<li>f\u00fcr Seile bis zu 16mm<\/li>\n<li>Normen: EN 12278<\/li>\n<li>Gewicht: 260 Gramm<\/li>\n<li>Material K\u00f6rper: Aluminium<\/li>\n<li>Material Rolle: Aluminium<\/li>\n<li><a href=\"https:\/\/www.kong.it\/media\/Component\/CatalogProduct\/p286-extra-roll\/attachments\/I_KONG_PULLEYS_2018.pdf\">Bedienungsanleitung beachten<\/a><\/li>\n<\/ul>\n","protected":false},"featured_media":3866,"comment_status":"open","ping_status":"closed","template":"","meta":[],"product_brand":[],"product_cat":[4586,4651,31,3828],"product_tag":[1565,2188],"class_list":{"0":"post-3865","1":"product","2":"type-product","3":"status-publish","4":"has-post-thumbnail","6":"product_cat-seilrollen","7":"product_cat-kong","8":"product_cat-big-wall-ausruestung","9":"product_cat-hoehlenforscher-ausruestung","10":"product_tag-bergrettung","11":"product_tag-hoehlenrettung","13":"first","14":"instock","15":"sale","16":"taxable","17":"shipping-taxable","18":"purchasable","19":"product-type-simple"},"yoast_head":"<!-- This site is optimized with the Yoast SEO Premium plugin v26.9 (Yoast SEO v26.9) - https:\/\/yoast.com\/product\/yoast-seo-premium-wordpress\/ -->\n<title>Kong Extra Roll Seilrolle: jetzt online kaufen | bolting.eu<\/title>\n<meta name=\"description\" content=\"KONG EXTRA ROLL SEILROLLE. Eine Rolle aus Alu mit Kugellager und 96% Effizienz. Jetzt beim Kletterprofi online kaufen!\" \/>\n<meta name=\"robots\" content=\"index, follow, max-snippet:-1, max-image-preview:large, max-video-preview:-1\" \/>\n<link rel=\"canonical\" href=\"https:\/\/bolting.eu\/en\/shop\/kong-extra-roll-seilrolle\/\" \/>\n<meta property=\"og:locale\" content=\"en_US\" \/>\n<meta property=\"og:type\" content=\"article\" \/>\n<meta property=\"og:title\" content=\"Kong Extra Roll Seilrolle\" \/>\n<meta property=\"og:description\" content=\"KONG EXTRA ROLL SEILROLLE. Eine Rolle aus Alu mit Kugellager und 96% Effizienz. Jetzt beim Kletterprofi online kaufen!\" \/>\n<meta property=\"og:url\" content=\"https:\/\/bolting.eu\/en\/shop\/kong-extra-roll-seilrolle\/\" \/>\n<meta property=\"og:site_name\" content=\"bolting.eu\" \/>\n<meta property=\"article:publisher\" content=\"https:\/\/www.facebook.com\/bolting.eu\" \/>\n<meta property=\"article:modified_time\" content=\"2024-02-26T10:46:58+00:00\" \/>\n<meta property=\"og:image\" content=\"https:\/\/bolting.eu\/wp-content\/uploads\/2020\/06\/Kong-Extra-Roll-Seilrolle-1.jpg\" \/>\n\t<meta property=\"og:image:width\" content=\"700\" \/>\n\t<meta property=\"og:image:height\" content=\"700\" \/>\n\t<meta property=\"og:image:type\" content=\"image\/jpeg\" \/>\n<meta name=\"twitter:card\" content=\"summary_large_image\" \/>\n<meta name=\"twitter:label1\" content=\"Price\" \/>\n\t<meta name=\"twitter:data1\" content=\"&euro;&nbsp;58,00\" \/>\n\t<meta name=\"twitter:label2\" content=\"Availability\" \/>\n\t<meta name=\"twitter:data2\" content=\"In stock\" \/>\n<script type=\"application\/ld+json\" class=\"yoast-schema-graph\">{\"@context\":\"https:\/\/schema.org\",\"@graph\":[{\"@type\":[\"WebPage\",\"ItemPage\"],\"@id\":\"https:\/\/bolting.eu\/en\/shop\/kong-extra-roll-seilrolle\/\",\"url\":\"https:\/\/bolting.eu\/en\/shop\/kong-extra-roll-seilrolle\/\",\"name\":\"Kong Extra Roll Seilrolle: jetzt online kaufen | bolting.eu\",\"isPartOf\":{\"@id\":\"https:\/\/bolting.eu\/en\/#website\"},\"primaryImageOfPage\":{\"@id\":\"https:\/\/bolting.eu\/en\/shop\/kong-extra-roll-seilrolle\/#primaryimage\"},\"image\":{\"@id\":\"https:\/\/bolting.eu\/en\/shop\/kong-extra-roll-seilrolle\/#primaryimage\"},\"thumbnailUrl\":\"https:\/\/bolting.eu\/wp-content\/uploads\/2020\/06\/Kong-Extra-Roll-Seilrolle-1.jpg\",\"datePublished\":\"2020-06-02T17:47:16+00:00\",\"dateModified\":\"2024-02-26T10:46:58+00:00\",\"description\":\"KONG EXTRA ROLL SEILROLLE. Eine Rolle aus Alu mit Kugellager und 96% Effizienz. Jetzt beim Kletterprofi online kaufen!\",\"breadcrumb\":{\"@id\":\"https:\/\/bolting.eu\/en\/shop\/kong-extra-roll-seilrolle\/#breadcrumb\"},\"inLanguage\":\"en-US\",\"potentialAction\":[{\"@type\":\"ReadAction\",\"target\":[\"https:\/\/bolting.eu\/en\/shop\/kong-extra-roll-seilrolle\/\"]}]},{\"@type\":\"ImageObject\",\"inLanguage\":\"en-US\",\"@id\":\"https:\/\/bolting.eu\/en\/shop\/kong-extra-roll-seilrolle\/#primaryimage\",\"url\":\"https:\/\/bolting.eu\/wp-content\/uploads\/2020\/06\/Kong-Extra-Roll-Seilrolle-1.jpg\",\"contentUrl\":\"https:\/\/bolting.eu\/wp-content\/uploads\/2020\/06\/Kong-Extra-Roll-Seilrolle-1.jpg\",\"width\":700,\"height\":700,\"caption\":\"Das bild zeigt die Kong Extra Roll Seilrolle. Die orange Rolle ist von der Seite zu sehen, man erkennt den Alu K\u00f6rper, die silberne Alu Rolle sowie diverse BEschriftungen und die gro\u00dfe Karabiner\u00f6se.\"},{\"@type\":\"BreadcrumbList\",\"@id\":\"https:\/\/bolting.eu\/en\/shop\/kong-extra-roll-seilrolle\/#breadcrumb\",\"itemListElement\":[{\"@type\":\"ListItem\",\"position\":1,\"name\":\"Shop\",\"item\":\"https:\/\/bolting.eu\/en\/shop\/\"},{\"@type\":\"ListItem\",\"position\":2,\"name\":\"climbing equipment\",\"item\":\"https:\/\/bolting.eu\/en\/produkt-kategorie\/climbing-equipment\/\"},{\"@type\":\"ListItem\",\"position\":3,\"name\":\"Seilrollen\",\"item\":\"https:\/\/bolting.eu\/produkt-kategorie\/kletterausruestung\/seilrollen\/\"},{\"@type\":\"ListItem\",\"position\":4,\"name\":\"Kong Extra Roll Seilrolle\"}]},{\"@type\":\"WebSite\",\"@id\":\"https:\/\/bolting.eu\/en\/#website\",\"url\":\"https:\/\/bolting.eu\/en\/\",\"name\":\"bolting.eu\",\"description\":\"we make climbs happen\",\"publisher\":{\"@id\":\"https:\/\/bolting.eu\/en\/#organization\"},\"potentialAction\":[{\"@type\":\"SearchAction\",\"target\":{\"@type\":\"EntryPoint\",\"urlTemplate\":\"https:\/\/bolting.eu\/en\/?s={search_term_string}\"},\"query-input\":{\"@type\":\"PropertyValueSpecification\",\"valueRequired\":true,\"valueName\":\"search_term_string\"}}],\"inLanguage\":\"en-US\"},{\"@type\":[\"Organization\",\"Place\",\"SportingGoodsStore\"],\"@id\":\"https:\/\/bolting.eu\/en\/#organization\",\"name\":\"bolting.eu\",\"url\":\"https:\/\/bolting.eu\/en\/\",\"logo\":{\"@id\":\"https:\/\/bolting.eu\/en\/shop\/kong-extra-roll-seilrolle\/#local-main-organization-logo\"},\"image\":{\"@id\":\"https:\/\/bolting.eu\/en\/shop\/kong-extra-roll-seilrolle\/#local-main-organization-logo\"},\"sameAs\":[\"https:\/\/www.facebook.com\/bolting.eu\",\"https:\/\/www.instagram.com\/bolting.eu\/\"],\"address\":{\"@id\":\"https:\/\/bolting.eu\/en\/shop\/kong-extra-roll-seilrolle\/#local-main-place-address\"},\"geo\":{\"@type\":\"GeoCoordinates\",\"latitude\":\"47.264176340396226\",\"longitude\":\"11.380109057672346\"},\"telephone\":[\"+43 699 19083372\"],\"openingHoursSpecification\":[{\"@type\":\"OpeningHoursSpecification\",\"dayOfWeek\":[\"Monday\",\"Wednesday\",\"Friday\"],\"opens\":\"14:00\",\"closes\":\"18:00\"},{\"@type\":\"OpeningHoursSpecification\",\"dayOfWeek\":[\"Tuesday\",\"Thursday\",\"Saturday\",\"Sunday\"],\"opens\":\"00:00\",\"closes\":\"00:00\"}],\"email\":\"office@bolting.eu\",\"vatID\":\"ATU59999728\",\"priceRange\":\"$$\",\"currenciesAccepted\":\"Euro\"},{\"@type\":\"PostalAddress\",\"@id\":\"https:\/\/bolting.eu\/en\/shop\/kong-extra-roll-seilrolle\/#local-main-place-address\",\"streetAddress\":\"Fischnalerstra\u00dfe 4\",\"addressLocality\":\"Innsbruck\",\"postalCode\":\"6020\",\"addressRegion\":\"Tirol\",\"addressCountry\":\"AT\"},{\"@type\":\"ImageObject\",\"inLanguage\":\"en-US\",\"@id\":\"https:\/\/bolting.eu\/en\/shop\/kong-extra-roll-seilrolle\/#local-main-organization-logo\",\"url\":\"https:\/\/bolting.eu\/wp-content\/uploads\/2019\/09\/bolting-logo.png\",\"contentUrl\":\"https:\/\/bolting.eu\/wp-content\/uploads\/2019\/09\/bolting-logo.png\",\"width\":400,\"height\":211,\"caption\":\"bolting.eu\"}]}<\/script>\n<meta property=\"product:price:amount\" content=\"58.00\" \/>\n<meta property=\"product:price:currency\" content=\"EUR\" \/>\n<meta property=\"og:availability\" content=\"instock\" \/>\n<meta property=\"product:availability\" content=\"instock\" \/>\n<meta property=\"product:retailer_item_id\" content=\"82000OP00KK\" \/>\n<meta property=\"product:condition\" content=\"new\" \/>\n<meta name=\"geo.placename\" content=\"Innsbruck\" \/>\n<meta name=\"geo.position\" content=\"47.264176340396226;11.380109057672346\" \/>\n<meta name=\"geo.region\" content=\"Austria\" \/>\n<!-- \/ Yoast SEO Premium plugin. -->","yoast_head_json":{"title":"Kong Extra Roll Seilrolle: jetzt online kaufen | bolting.eu","description":"KONG EXTRA ROLL SEILROLLE. Eine Rolle aus Alu mit Kugellager und 96% Effizienz. Jetzt beim Kletterprofi online kaufen!","robots":{"index":"index","follow":"follow","max-snippet":"max-snippet:-1","max-image-preview":"max-image-preview:large","max-video-preview":"max-video-preview:-1"},"canonical":"https:\/\/bolting.eu\/en\/shop\/kong-extra-roll-seilrolle\/","og_locale":"en_US","og_type":"article","og_title":"Kong Extra Roll Seilrolle","og_description":"KONG EXTRA ROLL SEILROLLE. Eine Rolle aus Alu mit Kugellager und 96% Effizienz. Jetzt beim Kletterprofi online kaufen!","og_url":"https:\/\/bolting.eu\/en\/shop\/kong-extra-roll-seilrolle\/","og_site_name":"bolting.eu","article_publisher":"https:\/\/www.facebook.com\/bolting.eu","article_modified_time":"2024-02-26T10:46:58+00:00","og_image":[{"width":700,"height":700,"url":"https:\/\/bolting.eu\/wp-content\/uploads\/2020\/06\/Kong-Extra-Roll-Seilrolle-1.jpg","type":"image\/jpeg"}],"twitter_card":"summary_large_image","twitter_misc":{"Price":"&euro;&nbsp;58,00","Availability":"In stock"},"schema":{"@context":"https:\/\/schema.org","@graph":[{"@type":["WebPage","ItemPage"],"@id":"https:\/\/bolting.eu\/en\/shop\/kong-extra-roll-seilrolle\/","url":"https:\/\/bolting.eu\/en\/shop\/kong-extra-roll-seilrolle\/","name":"Kong Extra Roll Seilrolle: jetzt online kaufen | bolting.eu","isPartOf":{"@id":"https:\/\/bolting.eu\/en\/#website"},"primaryImageOfPage":{"@id":"https:\/\/bolting.eu\/en\/shop\/kong-extra-roll-seilrolle\/#primaryimage"},"image":{"@id":"https:\/\/bolting.eu\/en\/shop\/kong-extra-roll-seilrolle\/#primaryimage"},"thumbnailUrl":"https:\/\/bolting.eu\/wp-content\/uploads\/2020\/06\/Kong-Extra-Roll-Seilrolle-1.jpg","datePublished":"2020-06-02T17:47:16+00:00","dateModified":"2024-02-26T10:46:58+00:00","description":"KONG EXTRA ROLL SEILROLLE. Eine Rolle aus Alu mit Kugellager und 96% Effizienz. Jetzt beim Kletterprofi online kaufen!","breadcrumb":{"@id":"https:\/\/bolting.eu\/en\/shop\/kong-extra-roll-seilrolle\/#breadcrumb"},"inLanguage":"en-US","potentialAction":[{"@type":"ReadAction","target":["https:\/\/bolting.eu\/en\/shop\/kong-extra-roll-seilrolle\/"]}]},{"@type":"ImageObject","inLanguage":"en-US","@id":"https:\/\/bolting.eu\/en\/shop\/kong-extra-roll-seilrolle\/#primaryimage","url":"https:\/\/bolting.eu\/wp-content\/uploads\/2020\/06\/Kong-Extra-Roll-Seilrolle-1.jpg","contentUrl":"https:\/\/bolting.eu\/wp-content\/uploads\/2020\/06\/Kong-Extra-Roll-Seilrolle-1.jpg","width":700,"height":700,"caption":"Das bild zeigt die Kong Extra Roll Seilrolle. Die orange Rolle ist von der Seite zu sehen, man erkennt den Alu K\u00f6rper, die silberne Alu Rolle sowie diverse BEschriftungen und die gro\u00dfe Karabiner\u00f6se."},{"@type":"BreadcrumbList","@id":"https:\/\/bolting.eu\/en\/shop\/kong-extra-roll-seilrolle\/#breadcrumb","itemListElement":[{"@type":"ListItem","position":1,"name":"Shop","item":"https:\/\/bolting.eu\/en\/shop\/"},{"@type":"ListItem","position":2,"name":"climbing equipment","item":"https:\/\/bolting.eu\/en\/produkt-kategorie\/climbing-equipment\/"},{"@type":"ListItem","position":3,"name":"Seilrollen","item":"https:\/\/bolting.eu\/produkt-kategorie\/kletterausruestung\/seilrollen\/"},{"@type":"ListItem","position":4,"name":"Kong Extra Roll Seilrolle"}]},{"@type":"WebSite","@id":"https:\/\/bolting.eu\/en\/#website","url":"https:\/\/bolting.eu\/en\/","name":"bolting.eu","description":"we make climbs happen","publisher":{"@id":"https:\/\/bolting.eu\/en\/#organization"},"potentialAction":[{"@type":"SearchAction","target":{"@type":"EntryPoint","urlTemplate":"https:\/\/bolting.eu\/en\/?s={search_term_string}"},"query-input":{"@type":"PropertyValueSpecification","valueRequired":true,"valueName":"search_term_string"}}],"inLanguage":"en-US"},{"@type":["Organization","Place","SportingGoodsStore"],"@id":"https:\/\/bolting.eu\/en\/#organization","name":"bolting.eu","url":"https:\/\/bolting.eu\/en\/","logo":{"@id":"https:\/\/bolting.eu\/en\/shop\/kong-extra-roll-seilrolle\/#local-main-organization-logo"},"image":{"@id":"https:\/\/bolting.eu\/en\/shop\/kong-extra-roll-seilrolle\/#local-main-organization-logo"},"sameAs":["https:\/\/www.facebook.com\/bolting.eu","https:\/\/www.instagram.com\/bolting.eu\/"],"address":{"@id":"https:\/\/bolting.eu\/en\/shop\/kong-extra-roll-seilrolle\/#local-main-place-address"},"geo":{"@type":"GeoCoordinates","latitude":"47.264176340396226","longitude":"11.380109057672346"},"telephone":["+43 699 19083372"],"openingHoursSpecification":[{"@type":"OpeningHoursSpecification","dayOfWeek":["Monday","Wednesday","Friday"],"opens":"14:00","closes":"18:00"},{"@type":"OpeningHoursSpecification","dayOfWeek":["Tuesday","Thursday","Saturday","Sunday"],"opens":"00:00","closes":"00:00"}],"email":"office@bolting.eu","vatID":"ATU59999728","priceRange":"$$","currenciesAccepted":"Euro"},{"@type":"PostalAddress","@id":"https:\/\/bolting.eu\/en\/shop\/kong-extra-roll-seilrolle\/#local-main-place-address","streetAddress":"Fischnalerstra\u00dfe 4","addressLocality":"Innsbruck","postalCode":"6020","addressRegion":"Tirol","addressCountry":"AT"},{"@type":"ImageObject","inLanguage":"en-US","@id":"https:\/\/bolting.eu\/en\/shop\/kong-extra-roll-seilrolle\/#local-main-organization-logo","url":"https:\/\/bolting.eu\/wp-content\/uploads\/2019\/09\/bolting-logo.png","contentUrl":"https:\/\/bolting.eu\/wp-content\/uploads\/2019\/09\/bolting-logo.png","width":400,"height":211,"caption":"bolting.eu"}]},"product_price_amount":"58.00","product_price_currency":"EUR","og_availability":"instock","product_availability":"instock","product_retailer_item_id":"82000OP00KK","product_condition":"new","geo.placename":"Innsbruck","geo.position":{"lat":"47.264176340396226","long":"11.380109057672346"},"geo.region":"Austria"},"_links":{"self":[{"href":"https:\/\/bolting.eu\/en\/wp-json\/wp\/v2\/product\/3865","targetHints":{"allow":["GET"]}}],"collection":[{"href":"https:\/\/bolting.eu\/en\/wp-json\/wp\/v2\/product"}],"about":[{"href":"https:\/\/bolting.eu\/en\/wp-json\/wp\/v2\/types\/product"}],"replies":[{"embeddable":true,"href":"https:\/\/bolting.eu\/en\/wp-json\/wp\/v2\/comments?post=3865"}],"wp:featuredmedia":[{"embeddable":true,"href":"https:\/\/bolting.eu\/en\/wp-json\/wp\/v2\/media\/3866"}],"wp:attachment":[{"href":"https:\/\/bolting.eu\/en\/wp-json\/wp\/v2\/media?parent=3865"}],"wp:term":[{"taxonomy":"product_brand","embeddable":true,"href":"https:\/\/bolting.eu\/en\/wp-json\/wp\/v2\/product_brand?post=3865"},{"taxonomy":"product_cat","embeddable":true,"href":"https:\/\/bolting.eu\/en\/wp-json\/wp\/v2\/product_cat?post=3865"},{"taxonomy":"product_tag","embeddable":true,"href":"https:\/\/bolting.eu\/en\/wp-json\/wp\/v2\/product_tag?post=3865"}],"curies":[{"name":"wp","href":"https:\/\/api.w.org\/{rel}","templated":true}]}}