{"id":38594,"date":"2026-04-21T19:47:15","date_gmt":"2026-04-21T17:47:15","guid":{"rendered":"https:\/\/bolting.eu\/?post_type=product&#038;p=38594"},"modified":"2026-04-21T21:09:53","modified_gmt":"2026-04-21T19:09:53","slug":"scarpa-drago","status":"publish","type":"product","link":"https:\/\/bolting.eu\/en\/shop\/scarpa-drago\/","title":{"rendered":"Scarpa Drago"},"content":{"rendered":"<p>Der <a href=\"https:\/\/bolting.eu\/produkt-kategorie\/scarpa\/\">Scarpa<\/a> Drago ist ein extrem weicher und sensibler Boulderschuh. Denn er ist auf Bouldern, Indoor Klettern und stark \u00fcberh\u00e4ngende Routen ausgerichtet.<\/p>\n<p>M\u00f6glich macht dies eine aufwendige Konstruktion mit weicher Zehenbox. Folglich kannst Du damit perfekte Toe Hooks setzen.<\/p>\n<p>Das Active Randing gew\u00e4hrleistet zudem h\u00f6chste Flexibilit\u00e4t und Formerhalt. Abschlie\u00dfend h\u00e4lt ein starkes Fersenband den Schuh am Fu\u00df wenn Heel Hooks zum Einsatz kommen.<\/p>\n<p>Das noch engere Modell ist die LV (low volume) Version.<\/p>\n<h2>Eigenschaften Scarpa Drago<\/h2>\n<ul>\n<li>Schuhtyp: Klettverschluss Modell<\/li>\n<li>Einsatzbereiche: Boulderschuh f\u00fcr Indoor und Outdoor bzw. stark \u00fcberh\u00e4ngendes Sportklettern<\/li>\n<li>Gewicht: 200 Gramm (Gr. EU 40)<\/li>\n<li>Sohle: 3,5mm <a href=\"https:\/\/bolting.eu\/vibram-xs-grip-2\/\">Vibram XS Grip 2<\/a><\/li>\n<li>Flexan Zwischensohle mit Auskerbung zwischen gro\u00dfem Zeh und den vier restlichen Zehen<\/li>\n<li>Schnitt: stark asymmetrisch<\/li>\n<li>Schuhbreite: schmal<\/li>\n<li>Downturn: sehr stark<\/li>\n<li>Obermaterial: Microfaser, M50 Gummi f\u00fcr Zehenbox<\/li>\n<li>PCB Tension System<\/li>\n<li>SRT Surround Rubber<\/li>\n<li>l\u00e4sst sich dieser <a href=\"https:\/\/bolting.eu\/kletterschuhe-neu-besohlen-innsbruck\/\">Kletterschuh neu besohlen<\/a>: ja<\/li>\n<li>ideale Passform f\u00fcr diese Fu\u00dfform<\/li>\n<\/ul>\n<p><a href=\"https:\/\/bolting.eu\/wp-content\/uploads\/2026\/04\/Classic-Narrow.webp\"><img loading=\"lazy\" decoding=\"async\" class=\"alignnone size-full wp-image-38592\" src=\"https:\/\/bolting.eu\/wp-content\/uploads\/2026\/04\/Classic-Narrow.webp\" alt=\"Grafiken mit zwei Symbolen f\u00fcr schmale und auf gro\u00dfen Zeh zugeschnittenen Scarpa Boostic Kletterschuh.\" width=\"663\" height=\"200\" srcset=\"https:\/\/bolting.eu\/wp-content\/uploads\/2026\/04\/Classic-Narrow.webp 663w, https:\/\/bolting.eu\/wp-content\/uploads\/2026\/04\/Classic-Narrow-510x154.webp 510w, https:\/\/bolting.eu\/wp-content\/uploads\/2026\/04\/Classic-Narrow-100x30.webp 100w\" sizes=\"auto, (max-width: 663px) 100vw, 663px\" \/><\/a><\/p>\n<h3>Produktvideo zum Boulderschuh<\/h3>\n<p><iframe loading=\"lazy\" title=\"The Official review of SCARPA Drago Family\" width=\"1020\" height=\"574\" src=\"https:\/\/www.youtube.com\/embed\/pIFhWZfe4ds?feature=oembed\" frameborder=\"0\" allow=\"accelerometer; autoplay; clipboard-write; encrypted-media; gyroscope; picture-in-picture; web-share\" referrerpolicy=\"strict-origin-when-cross-origin\" allowfullscreen><\/iframe><\/p>\n<p>&nbsp;<\/p>\n<h3>Gr\u00f6\u00dfentabelle<\/h3>\n<p>Der Drago wird in EU Gr\u00f6\u00dfen produziert. Falls du nur deine UK Schuhgr\u00f6\u00dfe bzw. US Gr\u00f6\u00dfe kennst, findest Du hier eine <a href=\"https:\/\/bolting.eu\/umrechnungstabelle-schuhroessen-eu-us-uk\/\">Umrechnungstabelle f\u00fcr Schuhgr\u00f6\u00dfen<\/a>.<\/p>\n<p>&nbsp;<\/p>\n","protected":false},"excerpt":{"rendered":"<p>Sehr weicher Boulderschuh f\u00fcr stark \u00fcberh\u00e4ngendes Bouldern, Sportklettern und die Halle.<\/p>\n<p>Dieses Modell zeichnet sich durch enorme Sensibilit\u00e4t, Downturn und Asymmetrie aus.<\/p>\n<p>Versandkostenfrei bis 2kg in\u00a0<img decoding=\"async\" class=\"emoji\" role=\"img\" draggable=\"false\" src=\"https:\/\/s.w.org\/images\/core\/emoji\/14.0.0\/svg\/1f1e6-1f1f9.svg\" alt=\"\ud83c\udde6\ud83c\uddf9\" \/>\u00a0ab \u20ac 100,- und\u00a0<img decoding=\"async\" class=\"emoji\" role=\"img\" draggable=\"false\" src=\"https:\/\/s.w.org\/images\/core\/emoji\/14.0.0\/svg\/1f1e9-1f1ea.svg\" alt=\"\ud83c\udde9\ud83c\uddea\" \/>\u00a0ab \u20ac 200,-!<\/p>\n","protected":false},"featured_media":38621,"comment_status":"closed","ping_status":"closed","template":"","meta":[],"product_brand":[],"product_cat":[29,15247,14556],"product_tag":[],"class_list":{"0":"post-38594","1":"product","2":"type-product","3":"status-publish","4":"has-post-thumbnail","6":"product_cat-kletterausruestung","7":"product_cat-scarpa","8":"product_cat-kletterschuhe","10":"first","11":"instock","12":"sale","13":"taxable","14":"shipping-taxable","15":"purchasable","16":"product-type-variable"},"yoast_head":"<!-- This site is optimized with the Yoast SEO Premium plugin v26.9 (Yoast SEO v26.9) - https:\/\/yoast.com\/product\/yoast-seo-premium-wordpress\/ -->\n<title>Scarpa Drago | bolting.eu<\/title>\n<meta name=\"description\" content=\"Scarpa Drago Boulderschuh beim Innsbrucker Kletterprofi kaufen \u2705 Trusted Shop \u2705 kostenloser Versand* \u2705 14 Tage R\u00fcckgaberecht \u2705 Co2 neutraler Versand\" \/>\n<meta name=\"robots\" content=\"index, follow, max-snippet:-1, max-image-preview:large, max-video-preview:-1\" \/>\n<link rel=\"canonical\" href=\"https:\/\/bolting.eu\/en\/shop\/scarpa-drago\/\" \/>\n<meta property=\"og:locale\" content=\"en_US\" \/>\n<meta property=\"og:type\" content=\"article\" \/>\n<meta property=\"og:title\" content=\"Scarpa Drago\" \/>\n<meta property=\"og:description\" content=\"Scarpa Drago Boulderschuh beim Innsbrucker Kletterprofi kaufen \u2705 Trusted Shop \u2705 kostenloser Versand* \u2705 14 Tage R\u00fcckgaberecht \u2705 Co2 neutraler Versand\" \/>\n<meta property=\"og:url\" content=\"https:\/\/bolting.eu\/en\/shop\/scarpa-drago\/\" \/>\n<meta property=\"og:site_name\" content=\"bolting.eu\" \/>\n<meta property=\"article:publisher\" content=\"https:\/\/www.facebook.com\/bolting.eu\" \/>\n<meta property=\"article:modified_time\" content=\"2026-04-21T19:09:53+00:00\" \/>\n<meta property=\"og:image\" content=\"https:\/\/bolting.eu\/wp-content\/uploads\/2026\/04\/Scarpa-Drago-4.jpg\" \/>\n\t<meta property=\"og:image:width\" content=\"700\" \/>\n\t<meta property=\"og:image:height\" content=\"700\" \/>\n\t<meta property=\"og:image:type\" content=\"image\/jpeg\" \/>\n<meta name=\"twitter:card\" content=\"summary_large_image\" \/>\n<meta name=\"twitter:label1\" content=\"Availability\" \/>\n\t<meta name=\"twitter:data1\" content=\"In stock\" \/>\n<script type=\"application\/ld+json\" class=\"yoast-schema-graph\">{\"@context\":\"https:\/\/schema.org\",\"@graph\":[{\"@type\":[\"WebPage\",\"ItemPage\"],\"@id\":\"https:\/\/bolting.eu\/en\/shop\/scarpa-drago\/\",\"url\":\"https:\/\/bolting.eu\/en\/shop\/scarpa-drago\/\",\"name\":\"Scarpa Drago | bolting.eu\",\"isPartOf\":{\"@id\":\"https:\/\/bolting.eu\/en\/#website\"},\"primaryImageOfPage\":{\"@id\":\"https:\/\/bolting.eu\/en\/shop\/scarpa-drago\/#primaryimage\"},\"image\":{\"@id\":\"https:\/\/bolting.eu\/en\/shop\/scarpa-drago\/#primaryimage\"},\"thumbnailUrl\":\"https:\/\/bolting.eu\/wp-content\/uploads\/2026\/04\/Scarpa-Drago-4.jpg\",\"datePublished\":\"2026-04-21T17:47:15+00:00\",\"dateModified\":\"2026-04-21T19:09:53+00:00\",\"description\":\"Scarpa Drago Boulderschuh beim Innsbrucker Kletterprofi kaufen \u2705 Trusted Shop \u2705 kostenloser Versand* \u2705 14 Tage R\u00fcckgaberecht \u2705 Co2 neutraler Versand\",\"breadcrumb\":{\"@id\":\"https:\/\/bolting.eu\/en\/shop\/scarpa-drago\/#breadcrumb\"},\"inLanguage\":\"en-US\",\"potentialAction\":[{\"@type\":\"ReadAction\",\"target\":[\"https:\/\/bolting.eu\/en\/shop\/scarpa-drago\/\"]}]},{\"@type\":\"ImageObject\",\"inLanguage\":\"en-US\",\"@id\":\"https:\/\/bolting.eu\/en\/shop\/scarpa-drago\/#primaryimage\",\"url\":\"https:\/\/bolting.eu\/wp-content\/uploads\/2026\/04\/Scarpa-Drago-4.jpg\",\"contentUrl\":\"https:\/\/bolting.eu\/wp-content\/uploads\/2026\/04\/Scarpa-Drago-4.jpg\",\"width\":700,\"height\":700,\"caption\":\"Gelb schwarzer Scarpa Drago Kletterschuh von der Seite mit Markenname und Velcro.\"},{\"@type\":\"BreadcrumbList\",\"@id\":\"https:\/\/bolting.eu\/en\/shop\/scarpa-drago\/#breadcrumb\",\"itemListElement\":[{\"@type\":\"ListItem\",\"position\":1,\"name\":\"Shop\",\"item\":\"https:\/\/bolting.eu\/en\/shop\/\"},{\"@type\":\"ListItem\",\"position\":2,\"name\":\"climbing equipment\",\"item\":\"https:\/\/bolting.eu\/en\/produkt-kategorie\/climbing-equipment\/\"},{\"@type\":\"ListItem\",\"position\":3,\"name\":\"Kletterschuhe\",\"item\":\"https:\/\/bolting.eu\/produkt-kategorie\/kletterausruestung\/kletterschuhe\/\"},{\"@type\":\"ListItem\",\"position\":4,\"name\":\"Scarpa Drago\"}]},{\"@type\":\"WebSite\",\"@id\":\"https:\/\/bolting.eu\/en\/#website\",\"url\":\"https:\/\/bolting.eu\/en\/\",\"name\":\"bolting.eu\",\"description\":\"we make climbs happen\",\"publisher\":{\"@id\":\"https:\/\/bolting.eu\/en\/#organization\"},\"potentialAction\":[{\"@type\":\"SearchAction\",\"target\":{\"@type\":\"EntryPoint\",\"urlTemplate\":\"https:\/\/bolting.eu\/en\/?s={search_term_string}\"},\"query-input\":{\"@type\":\"PropertyValueSpecification\",\"valueRequired\":true,\"valueName\":\"search_term_string\"}}],\"inLanguage\":\"en-US\"},{\"@type\":[\"Organization\",\"Place\",\"SportingGoodsStore\"],\"@id\":\"https:\/\/bolting.eu\/en\/#organization\",\"name\":\"bolting.eu\",\"url\":\"https:\/\/bolting.eu\/en\/\",\"logo\":{\"@id\":\"https:\/\/bolting.eu\/en\/shop\/scarpa-drago\/#local-main-organization-logo\"},\"image\":{\"@id\":\"https:\/\/bolting.eu\/en\/shop\/scarpa-drago\/#local-main-organization-logo\"},\"sameAs\":[\"https:\/\/www.facebook.com\/bolting.eu\",\"https:\/\/www.instagram.com\/bolting.eu\/\"],\"address\":{\"@id\":\"https:\/\/bolting.eu\/en\/shop\/scarpa-drago\/#local-main-place-address\"},\"geo\":{\"@type\":\"GeoCoordinates\",\"latitude\":\"47.264176340396226\",\"longitude\":\"11.380109057672346\"},\"telephone\":[\"+43 699 19083372\"],\"openingHoursSpecification\":[{\"@type\":\"OpeningHoursSpecification\",\"dayOfWeek\":[\"Monday\",\"Wednesday\",\"Friday\"],\"opens\":\"14:00\",\"closes\":\"18:00\"},{\"@type\":\"OpeningHoursSpecification\",\"dayOfWeek\":[\"Tuesday\",\"Thursday\",\"Saturday\",\"Sunday\"],\"opens\":\"00:00\",\"closes\":\"00:00\"}],\"email\":\"office@bolting.eu\",\"vatID\":\"ATU59999728\",\"priceRange\":\"$$\",\"currenciesAccepted\":\"Euro\"},{\"@type\":\"PostalAddress\",\"@id\":\"https:\/\/bolting.eu\/en\/shop\/scarpa-drago\/#local-main-place-address\",\"streetAddress\":\"Fischnalerstra\u00dfe 4\",\"addressLocality\":\"Innsbruck\",\"postalCode\":\"6020\",\"addressRegion\":\"Tirol\",\"addressCountry\":\"AT\"},{\"@type\":\"ImageObject\",\"inLanguage\":\"en-US\",\"@id\":\"https:\/\/bolting.eu\/en\/shop\/scarpa-drago\/#local-main-organization-logo\",\"url\":\"https:\/\/bolting.eu\/wp-content\/uploads\/2019\/09\/bolting-logo.png\",\"contentUrl\":\"https:\/\/bolting.eu\/wp-content\/uploads\/2019\/09\/bolting-logo.png\",\"width\":400,\"height\":211,\"caption\":\"bolting.eu\"}]}<\/script>\n<meta property=\"og:video\" content=\"https:\/\/www.youtube.com\/embed\/pIFhWZfe4ds\" \/>\n<meta property=\"og:video:type\" content=\"text\/html\" \/>\n<meta property=\"og:video:duration\" content=\"130\" \/>\n<meta property=\"og:video:width\" content=\"480\" \/>\n<meta property=\"og:video:height\" content=\"270\" \/>\n<meta property=\"ya:ovs:adult\" content=\"false\" \/>\n<meta property=\"ya:ovs:upload_date\" content=\"2026-04-21T17:47:15+00:00\" \/>\n<meta property=\"ya:ovs:allow_embed\" content=\"true\" \/>\n<meta property=\"og:availability\" content=\"instock\" \/>\n<meta property=\"product:availability\" content=\"instock\" \/>\n<meta property=\"product:condition\" content=\"new\" \/>\n<meta name=\"geo.placename\" content=\"Innsbruck\" \/>\n<meta name=\"geo.position\" content=\"47.264176340396226;11.380109057672346\" \/>\n<meta name=\"geo.region\" content=\"Austria\" \/>\n<!-- \/ Yoast SEO Premium plugin. -->","yoast_head_json":{"title":"Scarpa Drago | bolting.eu","description":"Scarpa Drago Boulderschuh beim Innsbrucker Kletterprofi kaufen \u2705 Trusted Shop \u2705 kostenloser Versand* \u2705 14 Tage R\u00fcckgaberecht \u2705 Co2 neutraler Versand","robots":{"index":"index","follow":"follow","max-snippet":"max-snippet:-1","max-image-preview":"max-image-preview:large","max-video-preview":"max-video-preview:-1"},"canonical":"https:\/\/bolting.eu\/en\/shop\/scarpa-drago\/","og_locale":"en_US","og_type":"article","og_title":"Scarpa Drago","og_description":"Scarpa Drago Boulderschuh beim Innsbrucker Kletterprofi kaufen \u2705 Trusted Shop \u2705 kostenloser Versand* \u2705 14 Tage R\u00fcckgaberecht \u2705 Co2 neutraler Versand","og_url":"https:\/\/bolting.eu\/en\/shop\/scarpa-drago\/","og_site_name":"bolting.eu","article_publisher":"https:\/\/www.facebook.com\/bolting.eu","article_modified_time":"2026-04-21T19:09:53+00:00","og_image":[{"width":700,"height":700,"url":"https:\/\/bolting.eu\/wp-content\/uploads\/2026\/04\/Scarpa-Drago-4.jpg","type":"image\/jpeg"}],"twitter_card":"summary_large_image","twitter_misc":{"Availability":"In stock"},"schema":{"@context":"https:\/\/schema.org","@graph":[{"@type":["WebPage","ItemPage"],"@id":"https:\/\/bolting.eu\/en\/shop\/scarpa-drago\/","url":"https:\/\/bolting.eu\/en\/shop\/scarpa-drago\/","name":"Scarpa Drago | bolting.eu","isPartOf":{"@id":"https:\/\/bolting.eu\/en\/#website"},"primaryImageOfPage":{"@id":"https:\/\/bolting.eu\/en\/shop\/scarpa-drago\/#primaryimage"},"image":{"@id":"https:\/\/bolting.eu\/en\/shop\/scarpa-drago\/#primaryimage"},"thumbnailUrl":"https:\/\/bolting.eu\/wp-content\/uploads\/2026\/04\/Scarpa-Drago-4.jpg","datePublished":"2026-04-21T17:47:15+00:00","dateModified":"2026-04-21T19:09:53+00:00","description":"Scarpa Drago Boulderschuh beim Innsbrucker Kletterprofi kaufen \u2705 Trusted Shop \u2705 kostenloser Versand* \u2705 14 Tage R\u00fcckgaberecht \u2705 Co2 neutraler Versand","breadcrumb":{"@id":"https:\/\/bolting.eu\/en\/shop\/scarpa-drago\/#breadcrumb"},"inLanguage":"en-US","potentialAction":[{"@type":"ReadAction","target":["https:\/\/bolting.eu\/en\/shop\/scarpa-drago\/"]}]},{"@type":"ImageObject","inLanguage":"en-US","@id":"https:\/\/bolting.eu\/en\/shop\/scarpa-drago\/#primaryimage","url":"https:\/\/bolting.eu\/wp-content\/uploads\/2026\/04\/Scarpa-Drago-4.jpg","contentUrl":"https:\/\/bolting.eu\/wp-content\/uploads\/2026\/04\/Scarpa-Drago-4.jpg","width":700,"height":700,"caption":"Gelb schwarzer Scarpa Drago Kletterschuh von der Seite mit Markenname und Velcro."},{"@type":"BreadcrumbList","@id":"https:\/\/bolting.eu\/en\/shop\/scarpa-drago\/#breadcrumb","itemListElement":[{"@type":"ListItem","position":1,"name":"Shop","item":"https:\/\/bolting.eu\/en\/shop\/"},{"@type":"ListItem","position":2,"name":"climbing equipment","item":"https:\/\/bolting.eu\/en\/produkt-kategorie\/climbing-equipment\/"},{"@type":"ListItem","position":3,"name":"Kletterschuhe","item":"https:\/\/bolting.eu\/produkt-kategorie\/kletterausruestung\/kletterschuhe\/"},{"@type":"ListItem","position":4,"name":"Scarpa Drago"}]},{"@type":"WebSite","@id":"https:\/\/bolting.eu\/en\/#website","url":"https:\/\/bolting.eu\/en\/","name":"bolting.eu","description":"we make climbs happen","publisher":{"@id":"https:\/\/bolting.eu\/en\/#organization"},"potentialAction":[{"@type":"SearchAction","target":{"@type":"EntryPoint","urlTemplate":"https:\/\/bolting.eu\/en\/?s={search_term_string}"},"query-input":{"@type":"PropertyValueSpecification","valueRequired":true,"valueName":"search_term_string"}}],"inLanguage":"en-US"},{"@type":["Organization","Place","SportingGoodsStore"],"@id":"https:\/\/bolting.eu\/en\/#organization","name":"bolting.eu","url":"https:\/\/bolting.eu\/en\/","logo":{"@id":"https:\/\/bolting.eu\/en\/shop\/scarpa-drago\/#local-main-organization-logo"},"image":{"@id":"https:\/\/bolting.eu\/en\/shop\/scarpa-drago\/#local-main-organization-logo"},"sameAs":["https:\/\/www.facebook.com\/bolting.eu","https:\/\/www.instagram.com\/bolting.eu\/"],"address":{"@id":"https:\/\/bolting.eu\/en\/shop\/scarpa-drago\/#local-main-place-address"},"geo":{"@type":"GeoCoordinates","latitude":"47.264176340396226","longitude":"11.380109057672346"},"telephone":["+43 699 19083372"],"openingHoursSpecification":[{"@type":"OpeningHoursSpecification","dayOfWeek":["Monday","Wednesday","Friday"],"opens":"14:00","closes":"18:00"},{"@type":"OpeningHoursSpecification","dayOfWeek":["Tuesday","Thursday","Saturday","Sunday"],"opens":"00:00","closes":"00:00"}],"email":"office@bolting.eu","vatID":"ATU59999728","priceRange":"$$","currenciesAccepted":"Euro"},{"@type":"PostalAddress","@id":"https:\/\/bolting.eu\/en\/shop\/scarpa-drago\/#local-main-place-address","streetAddress":"Fischnalerstra\u00dfe 4","addressLocality":"Innsbruck","postalCode":"6020","addressRegion":"Tirol","addressCountry":"AT"},{"@type":"ImageObject","inLanguage":"en-US","@id":"https:\/\/bolting.eu\/en\/shop\/scarpa-drago\/#local-main-organization-logo","url":"https:\/\/bolting.eu\/wp-content\/uploads\/2019\/09\/bolting-logo.png","contentUrl":"https:\/\/bolting.eu\/wp-content\/uploads\/2019\/09\/bolting-logo.png","width":400,"height":211,"caption":"bolting.eu"}]},"og_video":"https:\/\/www.youtube.com\/embed\/pIFhWZfe4ds","og_video_type":"text\/html","og_video_duration":"130","og_video_width":"480","og_video_height":"270","ya_ovs_adult":"false","ya_ovs_upload_date":"2026-04-21T17:47:15+00:00","ya_ovs_allow_embed":"true","og_availability":"instock","product_availability":"instock","product_condition":"new","geo.placename":"Innsbruck","geo.position":{"lat":"47.264176340396226","long":"11.380109057672346"},"geo.region":"Austria"},"_links":{"self":[{"href":"https:\/\/bolting.eu\/en\/wp-json\/wp\/v2\/product\/38594","targetHints":{"allow":["GET"]}}],"collection":[{"href":"https:\/\/bolting.eu\/en\/wp-json\/wp\/v2\/product"}],"about":[{"href":"https:\/\/bolting.eu\/en\/wp-json\/wp\/v2\/types\/product"}],"replies":[{"embeddable":true,"href":"https:\/\/bolting.eu\/en\/wp-json\/wp\/v2\/comments?post=38594"}],"wp:featuredmedia":[{"embeddable":true,"href":"https:\/\/bolting.eu\/en\/wp-json\/wp\/v2\/media\/38621"}],"wp:attachment":[{"href":"https:\/\/bolting.eu\/en\/wp-json\/wp\/v2\/media?parent=38594"}],"wp:term":[{"taxonomy":"product_brand","embeddable":true,"href":"https:\/\/bolting.eu\/en\/wp-json\/wp\/v2\/product_brand?post=38594"},{"taxonomy":"product_cat","embeddable":true,"href":"https:\/\/bolting.eu\/en\/wp-json\/wp\/v2\/product_cat?post=38594"},{"taxonomy":"product_tag","embeddable":true,"href":"https:\/\/bolting.eu\/en\/wp-json\/wp\/v2\/product_tag?post=38594"}],"curies":[{"name":"wp","href":"https:\/\/api.w.org\/{rel}","templated":true}]}}