{"id":38537,"date":"2026-04-21T17:07:19","date_gmt":"2026-04-21T15:07:19","guid":{"rendered":"https:\/\/bolting.eu\/?post_type=product&#038;p=38537"},"modified":"2026-04-22T12:40:10","modified_gmt":"2026-04-22T10:40:10","slug":"scarpa-boostic","status":"publish","type":"product","link":"https:\/\/bolting.eu\/en\/shop\/scarpa-boostic\/","title":{"rendered":"Scarpa Boostic"},"content":{"rendered":"<p>Der Scarpa Boostic ist ein etwas h\u00e4rterer Kletterschuh f\u00fcr technische Wandkletterei. Denn dank seiner &#8220;steiferen&#8221; Konstruktion und des <a href=\"https:\/\/bolting.eu\/vibram-xs-edge\/\">XS Edge Gummis<\/a> ist er ideal f\u00fcr kleine Tritte.<\/p>\n<p>Folglich ist dieses Modell mit seinen Features star auf Pr\u00e4zision ausgerichtet.<\/p>\n<p>Der Schnitt des Schuhs ist schmal und auf eine klassische Fu\u00dfform ausgerichtet. D.h. die Kraft wird stark auf den gro\u00dfen Zeh \u00fcbertragen. Somit werdet ihr auch in langen Routen eine gro\u00dfe Freude damit haben.<\/p>\n<h2>Eigenschaften Scarpa Boostic<\/h2>\n<ul>\n<li>Schuhtyp: Klettverschluss Modell<\/li>\n<li>Einsatzbereiche: harter Kletterschuh f\u00fcr technische Wandkletterei, Platten, kleinen Tritte<\/li>\n<li>Gewicht: 230 Gramm (Gr. EU 41)<\/li>\n<li>Sohle: 3,5mm <a href=\"https:\/\/bolting.eu\/vibram-xs-edge\/\">Vibram XS Edge<\/a><\/li>\n<li>Schnitt: leicht asymmetrisch<\/li>\n<li>Schuhbreite: schmal<\/li>\n<li>Downturn: stark<\/li>\n<li>Obermaterial: Microfaser, Alcantara im Zehenbereich<\/li>\n<li>DTS &#8211; Differentiating Tension System<\/li>\n<li><a href=\"https:\/\/bolting.eu\/scarpa-paf-system\/\">PAF System Fersenband<\/a><\/li>\n<li><a href=\"https:\/\/bolting.eu\/v-tension-system-scarpa\/\">V-Tension System<\/a><\/li>\n<li>Zwischensohle: 1mm Dynamic Flexan Insert<\/li>\n<li>l\u00e4sst sich dieser <a href=\"https:\/\/bolting.eu\/kletterschuhe-neu-besohlen-innsbruck\/\">Kletterschuh neu besohlen<\/a>: ja<\/li>\n<li>ideale Passform f\u00fcr diese Fu\u00dfform<\/li>\n<\/ul>\n<p><a href=\"https:\/\/bolting.eu\/wp-content\/uploads\/2026\/04\/Classic-Narrow.webp\"><img loading=\"lazy\" decoding=\"async\" class=\"alignnone size-full wp-image-38592\" src=\"https:\/\/bolting.eu\/wp-content\/uploads\/2026\/04\/Classic-Narrow.webp\" alt=\"Grafiken mit zwei Symbolen f\u00fcr schmale und auf gro\u00dfen Zeh zugeschnittenen Scarpa Boostic Kletterschuh.\" width=\"663\" height=\"200\" srcset=\"https:\/\/bolting.eu\/wp-content\/uploads\/2026\/04\/Classic-Narrow.webp 663w, https:\/\/bolting.eu\/wp-content\/uploads\/2026\/04\/Classic-Narrow-510x154.webp 510w, https:\/\/bolting.eu\/wp-content\/uploads\/2026\/04\/Classic-Narrow-100x30.webp 100w\" sizes=\"auto, (max-width: 663px) 100vw, 663px\" \/><\/a><\/p>\n<h3>Produktvideo<\/h3>\n<p><iframe loading=\"lazy\" title=\"The official review of SCARPA Precision climbing line\" width=\"1020\" height=\"574\" src=\"https:\/\/www.youtube.com\/embed\/68xmGkBxU9g?feature=oembed\" frameborder=\"0\" allow=\"accelerometer; autoplay; clipboard-write; encrypted-media; gyroscope; picture-in-picture; web-share\" referrerpolicy=\"strict-origin-when-cross-origin\" allowfullscreen><\/iframe><\/p>\n<p>&nbsp;<\/p>\n<h3>Gr\u00f6\u00dfentabelle<\/h3>\n<p>Der Boostic wird in EU Gr\u00f6\u00dfen produziert. Falls du nur deine UK Schuhgr\u00f6\u00dfe bzw. US Gr\u00f6\u00dfe kennst, findest Du hier eine <a href=\"https:\/\/bolting.eu\/umrechnungstabelle-schuhroessen-eu-us-uk\/\">Umrechnungstabelle f\u00fcr Schuhgr\u00f6\u00dfen<\/a>.<\/p>\n<p>&nbsp;<\/p>\n","protected":false},"excerpt":{"rendered":"<p>Etwas h\u00e4rterer Kletterschuh f\u00fcr enorme Pr\u00e4zision.<\/p>\n<p>Er zeichnet sich durch mittlere Asymmetrie, starken Downturn und die 3,5mm XS Edge Grip Sohle aus.<\/p>\n<p>Gleicherma\u00dfen ideal f\u00fcr Sportklettern, Bouldern und Mehrseill\u00e4ngen mit kleinen Tritten.<\/p>\n<p>Versandkostenfrei bis 2kg in\u00a0<img decoding=\"async\" class=\"emoji\" role=\"img\" draggable=\"false\" src=\"https:\/\/s.w.org\/images\/core\/emoji\/14.0.0\/svg\/1f1e6-1f1f9.svg\" alt=\"\ud83c\udde6\ud83c\uddf9\" \/>\u00a0ab \u20ac 100,- und\u00a0<img decoding=\"async\" class=\"emoji\" role=\"img\" draggable=\"false\" src=\"https:\/\/s.w.org\/images\/core\/emoji\/14.0.0\/svg\/1f1e9-1f1ea.svg\" alt=\"\ud83c\udde9\ud83c\uddea\" \/>\u00a0ab \u20ac 200,-!<\/p>\n","protected":false},"featured_media":38558,"comment_status":"closed","ping_status":"closed","template":"","meta":[],"product_brand":[],"product_cat":[15247,29,14556],"product_tag":[],"class_list":{"0":"post-38537","1":"product","2":"type-product","3":"status-publish","4":"has-post-thumbnail","6":"product_cat-scarpa","7":"product_cat-kletterausruestung","8":"product_cat-kletterschuhe","10":"first","11":"instock","12":"sale","13":"taxable","14":"shipping-taxable","15":"purchasable","16":"product-type-variable"},"yoast_head":"<!-- This site is optimized with the Yoast SEO Premium plugin v26.9 (Yoast SEO v26.9) - https:\/\/yoast.com\/product\/yoast-seo-premium-wordpress\/ -->\n<title>Scarpa Boostic | bolting.eu<\/title>\n<meta name=\"description\" content=\"Scarpa Boostic Allround Kletterschuh beim Kletterprofi kaufen \u2705 Trusted Shop \u2705 kostenloser Versand* \u2705 14 Tage R\u00fcckgaberecht \u2705 Co2 neutraler Versand\" \/>\n<meta name=\"robots\" content=\"index, follow, max-snippet:-1, max-image-preview:large, max-video-preview:-1\" \/>\n<link rel=\"canonical\" href=\"https:\/\/bolting.eu\/en\/shop\/scarpa-boostic\/\" \/>\n<meta property=\"og:locale\" content=\"en_US\" \/>\n<meta property=\"og:type\" content=\"article\" \/>\n<meta property=\"og:title\" content=\"Scarpa Boostic\" \/>\n<meta property=\"og:description\" content=\"Scarpa Boostic Allround Kletterschuh beim Kletterprofi kaufen \u2705 Trusted Shop \u2705 kostenloser Versand* \u2705 14 Tage R\u00fcckgaberecht \u2705 Co2 neutraler Versand\" \/>\n<meta property=\"og:url\" content=\"https:\/\/bolting.eu\/en\/shop\/scarpa-boostic\/\" \/>\n<meta property=\"og:site_name\" content=\"bolting.eu\" \/>\n<meta property=\"article:publisher\" content=\"https:\/\/www.facebook.com\/bolting.eu\" \/>\n<meta property=\"article:modified_time\" content=\"2026-04-22T10:40:10+00:00\" \/>\n<meta property=\"og:image\" content=\"https:\/\/bolting.eu\/wp-content\/uploads\/2026\/04\/Scarpa-Boostic-7.jpg\" \/>\n\t<meta property=\"og:image:width\" content=\"700\" \/>\n\t<meta property=\"og:image:height\" content=\"700\" \/>\n\t<meta property=\"og:image:type\" content=\"image\/jpeg\" \/>\n<meta name=\"twitter:card\" content=\"summary_large_image\" \/>\n<meta name=\"twitter:label1\" content=\"Availability\" \/>\n\t<meta name=\"twitter:data1\" content=\"In stock\" \/>\n<script type=\"application\/ld+json\" class=\"yoast-schema-graph\">{\"@context\":\"https:\/\/schema.org\",\"@graph\":[{\"@type\":[\"WebPage\",\"ItemPage\"],\"@id\":\"https:\/\/bolting.eu\/en\/shop\/scarpa-boostic\/\",\"url\":\"https:\/\/bolting.eu\/en\/shop\/scarpa-boostic\/\",\"name\":\"Scarpa Boostic | bolting.eu\",\"isPartOf\":{\"@id\":\"https:\/\/bolting.eu\/en\/#website\"},\"primaryImageOfPage\":{\"@id\":\"https:\/\/bolting.eu\/en\/shop\/scarpa-boostic\/#primaryimage\"},\"image\":{\"@id\":\"https:\/\/bolting.eu\/en\/shop\/scarpa-boostic\/#primaryimage\"},\"thumbnailUrl\":\"https:\/\/bolting.eu\/wp-content\/uploads\/2026\/04\/Scarpa-Boostic-7.jpg\",\"datePublished\":\"2026-04-21T15:07:19+00:00\",\"dateModified\":\"2026-04-22T10:40:10+00:00\",\"description\":\"Scarpa Boostic Allround Kletterschuh beim Kletterprofi kaufen \u2705 Trusted Shop \u2705 kostenloser Versand* \u2705 14 Tage R\u00fcckgaberecht \u2705 Co2 neutraler Versand\",\"breadcrumb\":{\"@id\":\"https:\/\/bolting.eu\/en\/shop\/scarpa-boostic\/#breadcrumb\"},\"inLanguage\":\"en-US\",\"potentialAction\":[{\"@type\":\"ReadAction\",\"target\":[\"https:\/\/bolting.eu\/en\/shop\/scarpa-boostic\/\"]}]},{\"@type\":\"ImageObject\",\"inLanguage\":\"en-US\",\"@id\":\"https:\/\/bolting.eu\/en\/shop\/scarpa-boostic\/#primaryimage\",\"url\":\"https:\/\/bolting.eu\/wp-content\/uploads\/2026\/04\/Scarpa-Boostic-7.jpg\",\"contentUrl\":\"https:\/\/bolting.eu\/wp-content\/uploads\/2026\/04\/Scarpa-Boostic-7.jpg\",\"width\":700,\"height\":700,\"caption\":\"Blau schwarzer Scarpa Boostic Kletterschuh von der Seite mit zwei Velcro Verschl\u00fcssen und Markenname.\"},{\"@type\":\"BreadcrumbList\",\"@id\":\"https:\/\/bolting.eu\/en\/shop\/scarpa-boostic\/#breadcrumb\",\"itemListElement\":[{\"@type\":\"ListItem\",\"position\":1,\"name\":\"Shop\",\"item\":\"https:\/\/bolting.eu\/en\/shop\/\"},{\"@type\":\"ListItem\",\"position\":2,\"name\":\"climbing equipment\",\"item\":\"https:\/\/bolting.eu\/en\/produkt-kategorie\/climbing-equipment\/\"},{\"@type\":\"ListItem\",\"position\":3,\"name\":\"Kletterschuhe\",\"item\":\"https:\/\/bolting.eu\/produkt-kategorie\/kletterausruestung\/kletterschuhe\/\"},{\"@type\":\"ListItem\",\"position\":4,\"name\":\"Scarpa Boostic\"}]},{\"@type\":\"WebSite\",\"@id\":\"https:\/\/bolting.eu\/en\/#website\",\"url\":\"https:\/\/bolting.eu\/en\/\",\"name\":\"bolting.eu\",\"description\":\"we make climbs happen\",\"publisher\":{\"@id\":\"https:\/\/bolting.eu\/en\/#organization\"},\"potentialAction\":[{\"@type\":\"SearchAction\",\"target\":{\"@type\":\"EntryPoint\",\"urlTemplate\":\"https:\/\/bolting.eu\/en\/?s={search_term_string}\"},\"query-input\":{\"@type\":\"PropertyValueSpecification\",\"valueRequired\":true,\"valueName\":\"search_term_string\"}}],\"inLanguage\":\"en-US\"},{\"@type\":[\"Organization\",\"Place\",\"SportingGoodsStore\"],\"@id\":\"https:\/\/bolting.eu\/en\/#organization\",\"name\":\"bolting.eu\",\"url\":\"https:\/\/bolting.eu\/en\/\",\"logo\":{\"@id\":\"https:\/\/bolting.eu\/en\/shop\/scarpa-boostic\/#local-main-organization-logo\"},\"image\":{\"@id\":\"https:\/\/bolting.eu\/en\/shop\/scarpa-boostic\/#local-main-organization-logo\"},\"sameAs\":[\"https:\/\/www.facebook.com\/bolting.eu\",\"https:\/\/www.instagram.com\/bolting.eu\/\"],\"address\":{\"@id\":\"https:\/\/bolting.eu\/en\/shop\/scarpa-boostic\/#local-main-place-address\"},\"geo\":{\"@type\":\"GeoCoordinates\",\"latitude\":\"47.264176340396226\",\"longitude\":\"11.380109057672346\"},\"telephone\":[\"+43 699 19083372\"],\"openingHoursSpecification\":[{\"@type\":\"OpeningHoursSpecification\",\"dayOfWeek\":[\"Monday\",\"Wednesday\",\"Friday\"],\"opens\":\"14:00\",\"closes\":\"18:00\"},{\"@type\":\"OpeningHoursSpecification\",\"dayOfWeek\":[\"Tuesday\",\"Thursday\",\"Saturday\",\"Sunday\"],\"opens\":\"00:00\",\"closes\":\"00:00\"}],\"email\":\"office@bolting.eu\",\"vatID\":\"ATU59999728\",\"priceRange\":\"$$\",\"currenciesAccepted\":\"Euro\"},{\"@type\":\"PostalAddress\",\"@id\":\"https:\/\/bolting.eu\/en\/shop\/scarpa-boostic\/#local-main-place-address\",\"streetAddress\":\"Fischnalerstra\u00dfe 4\",\"addressLocality\":\"Innsbruck\",\"postalCode\":\"6020\",\"addressRegion\":\"Tirol\",\"addressCountry\":\"AT\"},{\"@type\":\"ImageObject\",\"inLanguage\":\"en-US\",\"@id\":\"https:\/\/bolting.eu\/en\/shop\/scarpa-boostic\/#local-main-organization-logo\",\"url\":\"https:\/\/bolting.eu\/wp-content\/uploads\/2019\/09\/bolting-logo.png\",\"contentUrl\":\"https:\/\/bolting.eu\/wp-content\/uploads\/2019\/09\/bolting-logo.png\",\"width\":400,\"height\":211,\"caption\":\"bolting.eu\"}]}<\/script>\n<meta property=\"og:video\" content=\"https:\/\/www.youtube.com\/embed\/68xmGkBxU9g\" \/>\n<meta property=\"og:video:type\" content=\"text\/html\" \/>\n<meta property=\"og:video:duration\" content=\"130\" \/>\n<meta property=\"og:video:width\" content=\"480\" \/>\n<meta property=\"og:video:height\" content=\"270\" \/>\n<meta property=\"ya:ovs:adult\" content=\"false\" \/>\n<meta property=\"ya:ovs:upload_date\" content=\"2026-04-21T15:07:19+00:00\" \/>\n<meta property=\"ya:ovs:allow_embed\" content=\"true\" \/>\n<meta property=\"og:availability\" content=\"instock\" \/>\n<meta property=\"product:availability\" content=\"instock\" \/>\n<meta property=\"product:condition\" content=\"new\" \/>\n<meta name=\"geo.placename\" content=\"Innsbruck\" \/>\n<meta name=\"geo.position\" content=\"47.264176340396226;11.380109057672346\" \/>\n<meta name=\"geo.region\" content=\"Austria\" \/>\n<!-- \/ Yoast SEO Premium plugin. -->","yoast_head_json":{"title":"Scarpa Boostic | bolting.eu","description":"Scarpa Boostic Allround Kletterschuh beim Kletterprofi kaufen \u2705 Trusted Shop \u2705 kostenloser Versand* \u2705 14 Tage R\u00fcckgaberecht \u2705 Co2 neutraler Versand","robots":{"index":"index","follow":"follow","max-snippet":"max-snippet:-1","max-image-preview":"max-image-preview:large","max-video-preview":"max-video-preview:-1"},"canonical":"https:\/\/bolting.eu\/en\/shop\/scarpa-boostic\/","og_locale":"en_US","og_type":"article","og_title":"Scarpa Boostic","og_description":"Scarpa Boostic Allround Kletterschuh beim Kletterprofi kaufen \u2705 Trusted Shop \u2705 kostenloser Versand* \u2705 14 Tage R\u00fcckgaberecht \u2705 Co2 neutraler Versand","og_url":"https:\/\/bolting.eu\/en\/shop\/scarpa-boostic\/","og_site_name":"bolting.eu","article_publisher":"https:\/\/www.facebook.com\/bolting.eu","article_modified_time":"2026-04-22T10:40:10+00:00","og_image":[{"width":700,"height":700,"url":"https:\/\/bolting.eu\/wp-content\/uploads\/2026\/04\/Scarpa-Boostic-7.jpg","type":"image\/jpeg"}],"twitter_card":"summary_large_image","twitter_misc":{"Availability":"In stock"},"schema":{"@context":"https:\/\/schema.org","@graph":[{"@type":["WebPage","ItemPage"],"@id":"https:\/\/bolting.eu\/en\/shop\/scarpa-boostic\/","url":"https:\/\/bolting.eu\/en\/shop\/scarpa-boostic\/","name":"Scarpa Boostic | bolting.eu","isPartOf":{"@id":"https:\/\/bolting.eu\/en\/#website"},"primaryImageOfPage":{"@id":"https:\/\/bolting.eu\/en\/shop\/scarpa-boostic\/#primaryimage"},"image":{"@id":"https:\/\/bolting.eu\/en\/shop\/scarpa-boostic\/#primaryimage"},"thumbnailUrl":"https:\/\/bolting.eu\/wp-content\/uploads\/2026\/04\/Scarpa-Boostic-7.jpg","datePublished":"2026-04-21T15:07:19+00:00","dateModified":"2026-04-22T10:40:10+00:00","description":"Scarpa Boostic Allround Kletterschuh beim Kletterprofi kaufen \u2705 Trusted Shop \u2705 kostenloser Versand* \u2705 14 Tage R\u00fcckgaberecht \u2705 Co2 neutraler Versand","breadcrumb":{"@id":"https:\/\/bolting.eu\/en\/shop\/scarpa-boostic\/#breadcrumb"},"inLanguage":"en-US","potentialAction":[{"@type":"ReadAction","target":["https:\/\/bolting.eu\/en\/shop\/scarpa-boostic\/"]}]},{"@type":"ImageObject","inLanguage":"en-US","@id":"https:\/\/bolting.eu\/en\/shop\/scarpa-boostic\/#primaryimage","url":"https:\/\/bolting.eu\/wp-content\/uploads\/2026\/04\/Scarpa-Boostic-7.jpg","contentUrl":"https:\/\/bolting.eu\/wp-content\/uploads\/2026\/04\/Scarpa-Boostic-7.jpg","width":700,"height":700,"caption":"Blau schwarzer Scarpa Boostic Kletterschuh von der Seite mit zwei Velcro Verschl\u00fcssen und Markenname."},{"@type":"BreadcrumbList","@id":"https:\/\/bolting.eu\/en\/shop\/scarpa-boostic\/#breadcrumb","itemListElement":[{"@type":"ListItem","position":1,"name":"Shop","item":"https:\/\/bolting.eu\/en\/shop\/"},{"@type":"ListItem","position":2,"name":"climbing equipment","item":"https:\/\/bolting.eu\/en\/produkt-kategorie\/climbing-equipment\/"},{"@type":"ListItem","position":3,"name":"Kletterschuhe","item":"https:\/\/bolting.eu\/produkt-kategorie\/kletterausruestung\/kletterschuhe\/"},{"@type":"ListItem","position":4,"name":"Scarpa Boostic"}]},{"@type":"WebSite","@id":"https:\/\/bolting.eu\/en\/#website","url":"https:\/\/bolting.eu\/en\/","name":"bolting.eu","description":"we make climbs happen","publisher":{"@id":"https:\/\/bolting.eu\/en\/#organization"},"potentialAction":[{"@type":"SearchAction","target":{"@type":"EntryPoint","urlTemplate":"https:\/\/bolting.eu\/en\/?s={search_term_string}"},"query-input":{"@type":"PropertyValueSpecification","valueRequired":true,"valueName":"search_term_string"}}],"inLanguage":"en-US"},{"@type":["Organization","Place","SportingGoodsStore"],"@id":"https:\/\/bolting.eu\/en\/#organization","name":"bolting.eu","url":"https:\/\/bolting.eu\/en\/","logo":{"@id":"https:\/\/bolting.eu\/en\/shop\/scarpa-boostic\/#local-main-organization-logo"},"image":{"@id":"https:\/\/bolting.eu\/en\/shop\/scarpa-boostic\/#local-main-organization-logo"},"sameAs":["https:\/\/www.facebook.com\/bolting.eu","https:\/\/www.instagram.com\/bolting.eu\/"],"address":{"@id":"https:\/\/bolting.eu\/en\/shop\/scarpa-boostic\/#local-main-place-address"},"geo":{"@type":"GeoCoordinates","latitude":"47.264176340396226","longitude":"11.380109057672346"},"telephone":["+43 699 19083372"],"openingHoursSpecification":[{"@type":"OpeningHoursSpecification","dayOfWeek":["Monday","Wednesday","Friday"],"opens":"14:00","closes":"18:00"},{"@type":"OpeningHoursSpecification","dayOfWeek":["Tuesday","Thursday","Saturday","Sunday"],"opens":"00:00","closes":"00:00"}],"email":"office@bolting.eu","vatID":"ATU59999728","priceRange":"$$","currenciesAccepted":"Euro"},{"@type":"PostalAddress","@id":"https:\/\/bolting.eu\/en\/shop\/scarpa-boostic\/#local-main-place-address","streetAddress":"Fischnalerstra\u00dfe 4","addressLocality":"Innsbruck","postalCode":"6020","addressRegion":"Tirol","addressCountry":"AT"},{"@type":"ImageObject","inLanguage":"en-US","@id":"https:\/\/bolting.eu\/en\/shop\/scarpa-boostic\/#local-main-organization-logo","url":"https:\/\/bolting.eu\/wp-content\/uploads\/2019\/09\/bolting-logo.png","contentUrl":"https:\/\/bolting.eu\/wp-content\/uploads\/2019\/09\/bolting-logo.png","width":400,"height":211,"caption":"bolting.eu"}]},"og_video":"https:\/\/www.youtube.com\/embed\/68xmGkBxU9g","og_video_type":"text\/html","og_video_duration":"130","og_video_width":"480","og_video_height":"270","ya_ovs_adult":"false","ya_ovs_upload_date":"2026-04-21T15:07:19+00:00","ya_ovs_allow_embed":"true","og_availability":"instock","product_availability":"instock","product_condition":"new","geo.placename":"Innsbruck","geo.position":{"lat":"47.264176340396226","long":"11.380109057672346"},"geo.region":"Austria"},"_links":{"self":[{"href":"https:\/\/bolting.eu\/en\/wp-json\/wp\/v2\/product\/38537","targetHints":{"allow":["GET"]}}],"collection":[{"href":"https:\/\/bolting.eu\/en\/wp-json\/wp\/v2\/product"}],"about":[{"href":"https:\/\/bolting.eu\/en\/wp-json\/wp\/v2\/types\/product"}],"replies":[{"embeddable":true,"href":"https:\/\/bolting.eu\/en\/wp-json\/wp\/v2\/comments?post=38537"}],"wp:featuredmedia":[{"embeddable":true,"href":"https:\/\/bolting.eu\/en\/wp-json\/wp\/v2\/media\/38558"}],"wp:attachment":[{"href":"https:\/\/bolting.eu\/en\/wp-json\/wp\/v2\/media?parent=38537"}],"wp:term":[{"taxonomy":"product_brand","embeddable":true,"href":"https:\/\/bolting.eu\/en\/wp-json\/wp\/v2\/product_brand?post=38537"},{"taxonomy":"product_cat","embeddable":true,"href":"https:\/\/bolting.eu\/en\/wp-json\/wp\/v2\/product_cat?post=38537"},{"taxonomy":"product_tag","embeddable":true,"href":"https:\/\/bolting.eu\/en\/wp-json\/wp\/v2\/product_tag?post=38537"}],"curies":[{"name":"wp","href":"https:\/\/api.w.org\/{rel}","templated":true}]}}