{"id":3843,"date":"2020-06-02T11:57:23","date_gmt":"2020-06-02T09:57:23","guid":{"rendered":"https:\/\/bolting.eu\/?post_type=product&#038;p=3843"},"modified":"2024-10-05T13:00:03","modified_gmt":"2024-10-05T11:00:03","slug":"kong-futura-handsteigklemme","status":"publish","type":"product","link":"https:\/\/bolting.eu\/en\/shop\/kong-futura-handsteigklemme\/","title":{"rendered":"Kong Futura Handsteigklemme"},"content":{"rendered":"<p>Die Kong Futura Handsteigklemme ist ein Winzling. Denn der Mini-Jumar bringt bei nur 140mm L\u00e4nge gerade einmal 125 Gramm auf die Waage. Folglich ist diese leichte Handsteigklemme ideal wo zu viel Gewicht vermieden werden soll. Beispielsweise bei der Spaltenbergung, bei leichten H\u00f6henarbeiten sowie beim <a href=\"https:\/\/bolting.eu\/kletterroute-einbohren\/\">Kletterroute einbohren<\/a>.<\/p>\n<p>Dabei punktet dieses Produkt noch mit folgenden weiteren Features. Erstens ist das Handling erstaunlich gut f\u00fcr die Gr\u00f6\u00dfe. Zweitens finden wir den Aush\u00e4ngeschutz klasse. Denn die Klemmnocken sind so angeordnet, dass sich das Kletterseil nicht aush\u00e4ngen kann. Drittens wirkt eine Seil F\u00fchrung entlang der gesamten L\u00e4nge als Anti Kipp Schutz. Abschlie\u00dfend ist sogar noch Platz f\u00fcr eine Karabiner\u00f6se. Hier kann beispielsweise eine Trittleiter eingeh\u00e4ngt werden.<\/p>\n<h2>Eigenschaften Kong Futura Handsteigklemme<\/h2>\n<ul>\n<li>Hersteller: Kong Italy<\/li>\n<li>Gewicht: 125 Gramm<\/li>\n<li>L\u00e4nge: 140mm<\/li>\n<li>Normen: EN 1284\/B<\/li>\n<li>f\u00fcr Seildurchmesser 8-12mm<\/li>\n<li>Farbe: Titan \/ Gelb<\/li>\n<li>Material: Aluminium<\/li>\n<li>f\u00fcr rechte bzw. linke Hand<\/li>\n<li>f\u00fcr schnelleres Jumaren<\/li>\n<li>Bedienungsanleitung beachten<\/li>\n<\/ul>\n<h3>Produkt Video Kong Futura Handsteigklemme<\/h3>\n<p>Im folgenden Video wird euch die Verwendung erkl\u00e4rt. Die Steigklemme funktioniert im Prinzip wie jeder andere Jumar auch Abgesehen von der Gr\u00f6\u00dfe eben.<\/p>\n<p><iframe loading=\"lazy\" src=\"https:\/\/www.youtube.com\/embed\/TIUYkFeYuOA\" width=\"100%\" height=\"450\" frameborder=\"0\" allowfullscreen=\"allowfullscreen\"><span data-mce-type=\"bookmark\" style=\"display: inline-block; width: 0px; overflow: hidden; line-height: 0;\" class=\"mce_SELRES_start\">\ufeff<\/span><\/iframe><\/p>\n<h3>Wartung<\/h3>\n<p>Von Zeit zu Zeit m\u00fcsst ihr eure Kong Futura Hand Steigklemme warten. Erstens sauber mit Wasser abwaschen. Zweitens gut an der Luft trocknen lassen. Drittens die beweglichen teile mit einem <a href=\"https:\/\/bolting.eu\/shop\/kong-kletterausruestung-pflegeoel\/\">Karabiner Pflege\u00f6l<\/a> schmieren. Fertig!<\/p>\n<h3>Aus der Futura Serie<\/h3>\n<p>Diese Klemme ist aus der Serie von Kong. Diese besteht aus der Hand- der Fu\u00df- sowie der Brust Steigklemme. Diese Serie ist auf minimales Gewicht, h\u00f6chste Funktionalit\u00e4t sowie entsprechende Sicherheit ausgelegt.<\/p>\n<p>Die Futura Produkte finden in vielen Anwendungsgebieten Einsatz. Von der Speleologie \u00fcber das Rettungswesen bis hin zum Alpinismus. Wie die Kong Futura Handsteigklemme sind auch alle anderen Produkte extrem hochwertig. Folglich erlauben sie ein schnelles und sicheres Vorw\u00e4rtskommen an Fixseilen.<\/p>\n<h3>Praxis Tipp<\/h3>\n<p>Habt ihr euch das schon mal \u00fcberlegt? Die Anbringung von Trittschlingen und\u00a0 Bandschlingen in den Jumars mit Rapidgliedern? Probiert es doch aus und seht selbst. Z.B. bei Eurer neuen Kong Futura Handsteigklemme. Gegen\u00fcber gro\u00dfen Karabinern sind kleine Schraubglieder erstens leichter. Zweitens k\u00f6nnen sie sich nicht dauernd \u00f6ffnen bzw. etwas darin einh\u00e4ngen. Und drittens sind sie auch physisch nicht so im Weg.<\/p>\n<p>Mit 4mm Gliedern lassen sich Trittschlingen perfekt einh\u00e4ngen. Mit 6mm Gliedern auch Selbstsicherungsschlingen!<\/p>\n<p>&nbsp;<\/p>\n","protected":false},"excerpt":{"rendered":"<ul>\n<li>Hersteller: <a href=\"https:\/\/bolting.eu\/produkt-kategorie\/kong\/\">Kong Italy<\/a><\/li>\n<li>Gewicht: 125 Gramm<\/li>\n<li>L\u00e4nge: 140mm<\/li>\n<li>Normen: EN 1284\/B<\/li>\n<li>f\u00fcr Seildurchmesser 8-12mm<\/li>\n<li>Farbe: Titan \/ Gelb<\/li>\n<li>Material: Aluminium<\/li>\n<li>f\u00fcr rechte bzw. linke Hand<\/li>\n<li>f\u00fcr schnelleres Jumaren<\/li>\n<li><a href=\"https:\/\/www.kong.it\/media\/Component\/CatalogProduct\/p404-futurahand\/attachments\/I_KONG_ROPE_CLAMPS_2018.pdf\">Bedienungsanleitung beachten<\/a><\/li>\n<\/ul>\n","protected":false},"featured_media":3845,"comment_status":"open","ping_status":"closed","template":"","meta":[],"product_brand":[],"product_cat":[14056,3660,3828,4651],"product_tag":[],"class_list":{"0":"post-3843","1":"product","2":"type-product","3":"status-publish","4":"has-post-thumbnail","6":"product_cat-seil-auf-abstieg","7":"product_cat-steigklemmen-seilklemmen","8":"product_cat-hoehlenforscher-ausruestung","9":"product_cat-kong","11":"first","12":"instock","13":"sale","14":"taxable","15":"shipping-taxable","16":"purchasable","17":"product-type-variable"},"yoast_head":"<!-- This site is optimized with the Yoast SEO Premium plugin v26.9 (Yoast SEO v26.9) - https:\/\/yoast.com\/product\/yoast-seo-premium-wordpress\/ -->\n<title>Kong Futura Handsteigklemme: Mini-Jumar online kaufen | bolting.eu<\/title>\n<meta name=\"description\" content=\"Hier findest du die KONG FUTURA HANDSTEIGKLEMME. Einen Mini Jumar f\u00fcr die Fortbewegung an Fixseilen beim Caven, Rettungseins\u00e4tzen oder H\u00f6henarbeiten.\" \/>\n<meta name=\"robots\" content=\"index, follow, max-snippet:-1, max-image-preview:large, max-video-preview:-1\" \/>\n<link rel=\"canonical\" href=\"https:\/\/bolting.eu\/en\/shop\/kong-futura-handsteigklemme\/\" \/>\n<meta property=\"og:locale\" content=\"en_US\" \/>\n<meta property=\"og:type\" content=\"article\" \/>\n<meta property=\"og:title\" content=\"Kong Futura Handsteigklemme\" \/>\n<meta property=\"og:description\" content=\"Hier findest du die KONG FUTURA HANDSTEIGKLEMME. Einen Mini Jumar f\u00fcr die Fortbewegung an Fixseilen beim Caven, Rettungseins\u00e4tzen oder H\u00f6henarbeiten.\" \/>\n<meta property=\"og:url\" content=\"https:\/\/bolting.eu\/en\/shop\/kong-futura-handsteigklemme\/\" \/>\n<meta property=\"og:site_name\" content=\"bolting.eu\" \/>\n<meta property=\"article:publisher\" content=\"https:\/\/www.facebook.com\/bolting.eu\" \/>\n<meta property=\"article:modified_time\" content=\"2024-10-05T11:00:03+00:00\" \/>\n<meta property=\"og:image\" content=\"https:\/\/bolting.eu\/wp-content\/uploads\/2020\/06\/Kong-Futura-Hand-Steigklemme-2.jpg\" \/>\n\t<meta property=\"og:image:width\" content=\"700\" \/>\n\t<meta property=\"og:image:height\" content=\"700\" \/>\n\t<meta property=\"og:image:type\" content=\"image\/jpeg\" \/>\n<meta name=\"twitter:card\" content=\"summary_large_image\" \/>\n<meta name=\"twitter:label1\" content=\"Availability\" \/>\n\t<meta name=\"twitter:data1\" content=\"In stock\" \/>\n<script type=\"application\/ld+json\" class=\"yoast-schema-graph\">{\"@context\":\"https:\/\/schema.org\",\"@graph\":[{\"@type\":[\"WebPage\",\"ItemPage\"],\"@id\":\"https:\/\/bolting.eu\/en\/shop\/kong-futura-handsteigklemme\/\",\"url\":\"https:\/\/bolting.eu\/en\/shop\/kong-futura-handsteigklemme\/\",\"name\":\"Kong Futura Handsteigklemme: Mini-Jumar online kaufen | bolting.eu\",\"isPartOf\":{\"@id\":\"https:\/\/bolting.eu\/en\/#website\"},\"primaryImageOfPage\":{\"@id\":\"https:\/\/bolting.eu\/en\/shop\/kong-futura-handsteigklemme\/#primaryimage\"},\"image\":{\"@id\":\"https:\/\/bolting.eu\/en\/shop\/kong-futura-handsteigklemme\/#primaryimage\"},\"thumbnailUrl\":\"https:\/\/bolting.eu\/wp-content\/uploads\/2020\/06\/Kong-Futura-Hand-Steigklemme-2.jpg\",\"datePublished\":\"2020-06-02T09:57:23+00:00\",\"dateModified\":\"2024-10-05T11:00:03+00:00\",\"description\":\"Hier findest du die KONG FUTURA HANDSTEIGKLEMME. Einen Mini Jumar f\u00fcr die Fortbewegung an Fixseilen beim Caven, Rettungseins\u00e4tzen oder H\u00f6henarbeiten.\",\"breadcrumb\":{\"@id\":\"https:\/\/bolting.eu\/en\/shop\/kong-futura-handsteigklemme\/#breadcrumb\"},\"inLanguage\":\"en-US\",\"potentialAction\":[{\"@type\":\"ReadAction\",\"target\":[\"https:\/\/bolting.eu\/en\/shop\/kong-futura-handsteigklemme\/\"]}]},{\"@type\":\"ImageObject\",\"inLanguage\":\"en-US\",\"@id\":\"https:\/\/bolting.eu\/en\/shop\/kong-futura-handsteigklemme\/#primaryimage\",\"url\":\"https:\/\/bolting.eu\/wp-content\/uploads\/2020\/06\/Kong-Futura-Hand-Steigklemme-2.jpg\",\"contentUrl\":\"https:\/\/bolting.eu\/wp-content\/uploads\/2020\/06\/Kong-Futura-Hand-Steigklemme-2.jpg\",\"width\":700,\"height\":700,\"caption\":\"Das Bild zeigt die Kong Futura Handsteigklemme. Der Mini Jumar ist in Bildmitte. Man erkennt den gelben Griff, den grauen Steg sowie den goldenen Trigger der Klemmnocken.\"},{\"@type\":\"BreadcrumbList\",\"@id\":\"https:\/\/bolting.eu\/en\/shop\/kong-futura-handsteigklemme\/#breadcrumb\",\"itemListElement\":[{\"@type\":\"ListItem\",\"position\":1,\"name\":\"Shop\",\"item\":\"https:\/\/bolting.eu\/en\/shop\/\"},{\"@type\":\"ListItem\",\"position\":2,\"name\":\"climbing equipment\",\"item\":\"https:\/\/bolting.eu\/en\/produkt-kategorie\/climbing-equipment\/\"},{\"@type\":\"ListItem\",\"position\":3,\"name\":\"Steigklemmen - Seilklemmen\",\"item\":\"https:\/\/bolting.eu\/produkt-kategorie\/kletterausruestung\/steigklemmen-seilklemmen\/\"},{\"@type\":\"ListItem\",\"position\":4,\"name\":\"Kong Futura Handsteigklemme\"}]},{\"@type\":\"WebSite\",\"@id\":\"https:\/\/bolting.eu\/en\/#website\",\"url\":\"https:\/\/bolting.eu\/en\/\",\"name\":\"bolting.eu\",\"description\":\"we make climbs happen\",\"publisher\":{\"@id\":\"https:\/\/bolting.eu\/en\/#organization\"},\"potentialAction\":[{\"@type\":\"SearchAction\",\"target\":{\"@type\":\"EntryPoint\",\"urlTemplate\":\"https:\/\/bolting.eu\/en\/?s={search_term_string}\"},\"query-input\":{\"@type\":\"PropertyValueSpecification\",\"valueRequired\":true,\"valueName\":\"search_term_string\"}}],\"inLanguage\":\"en-US\"},{\"@type\":[\"Organization\",\"Place\",\"SportingGoodsStore\"],\"@id\":\"https:\/\/bolting.eu\/en\/#organization\",\"name\":\"bolting.eu\",\"url\":\"https:\/\/bolting.eu\/en\/\",\"logo\":{\"@id\":\"https:\/\/bolting.eu\/en\/shop\/kong-futura-handsteigklemme\/#local-main-organization-logo\"},\"image\":{\"@id\":\"https:\/\/bolting.eu\/en\/shop\/kong-futura-handsteigklemme\/#local-main-organization-logo\"},\"sameAs\":[\"https:\/\/www.facebook.com\/bolting.eu\",\"https:\/\/www.instagram.com\/bolting.eu\/\"],\"address\":{\"@id\":\"https:\/\/bolting.eu\/en\/shop\/kong-futura-handsteigklemme\/#local-main-place-address\"},\"geo\":{\"@type\":\"GeoCoordinates\",\"latitude\":\"47.264176340396226\",\"longitude\":\"11.380109057672346\"},\"telephone\":[\"+43 699 19083372\"],\"openingHoursSpecification\":[{\"@type\":\"OpeningHoursSpecification\",\"dayOfWeek\":[\"Monday\",\"Wednesday\",\"Friday\"],\"opens\":\"14:00\",\"closes\":\"18:00\"},{\"@type\":\"OpeningHoursSpecification\",\"dayOfWeek\":[\"Tuesday\",\"Thursday\",\"Saturday\",\"Sunday\"],\"opens\":\"00:00\",\"closes\":\"00:00\"}],\"email\":\"office@bolting.eu\",\"vatID\":\"ATU59999728\",\"priceRange\":\"$$\",\"currenciesAccepted\":\"Euro\"},{\"@type\":\"PostalAddress\",\"@id\":\"https:\/\/bolting.eu\/en\/shop\/kong-futura-handsteigklemme\/#local-main-place-address\",\"streetAddress\":\"Fischnalerstra\u00dfe 4\",\"addressLocality\":\"Innsbruck\",\"postalCode\":\"6020\",\"addressRegion\":\"Tirol\",\"addressCountry\":\"AT\"},{\"@type\":\"ImageObject\",\"inLanguage\":\"en-US\",\"@id\":\"https:\/\/bolting.eu\/en\/shop\/kong-futura-handsteigklemme\/#local-main-organization-logo\",\"url\":\"https:\/\/bolting.eu\/wp-content\/uploads\/2019\/09\/bolting-logo.png\",\"contentUrl\":\"https:\/\/bolting.eu\/wp-content\/uploads\/2019\/09\/bolting-logo.png\",\"width\":400,\"height\":211,\"caption\":\"bolting.eu\"}]}<\/script>\n<meta property=\"og:availability\" content=\"instock\" \/>\n<meta property=\"product:availability\" content=\"instock\" \/>\n<meta property=\"product:condition\" content=\"new\" \/>\n<meta name=\"geo.placename\" content=\"Innsbruck\" \/>\n<meta name=\"geo.position\" content=\"47.264176340396226;11.380109057672346\" \/>\n<meta name=\"geo.region\" content=\"Austria\" \/>\n<!-- \/ Yoast SEO Premium plugin. -->","yoast_head_json":{"title":"Kong Futura Handsteigklemme: Mini-Jumar online kaufen | bolting.eu","description":"Hier findest du die KONG FUTURA HANDSTEIGKLEMME. Einen Mini Jumar f\u00fcr die Fortbewegung an Fixseilen beim Caven, Rettungseins\u00e4tzen oder H\u00f6henarbeiten.","robots":{"index":"index","follow":"follow","max-snippet":"max-snippet:-1","max-image-preview":"max-image-preview:large","max-video-preview":"max-video-preview:-1"},"canonical":"https:\/\/bolting.eu\/en\/shop\/kong-futura-handsteigklemme\/","og_locale":"en_US","og_type":"article","og_title":"Kong Futura Handsteigklemme","og_description":"Hier findest du die KONG FUTURA HANDSTEIGKLEMME. Einen Mini Jumar f\u00fcr die Fortbewegung an Fixseilen beim Caven, Rettungseins\u00e4tzen oder H\u00f6henarbeiten.","og_url":"https:\/\/bolting.eu\/en\/shop\/kong-futura-handsteigklemme\/","og_site_name":"bolting.eu","article_publisher":"https:\/\/www.facebook.com\/bolting.eu","article_modified_time":"2024-10-05T11:00:03+00:00","og_image":[{"width":700,"height":700,"url":"https:\/\/bolting.eu\/wp-content\/uploads\/2020\/06\/Kong-Futura-Hand-Steigklemme-2.jpg","type":"image\/jpeg"}],"twitter_card":"summary_large_image","twitter_misc":{"Availability":"In stock"},"schema":{"@context":"https:\/\/schema.org","@graph":[{"@type":["WebPage","ItemPage"],"@id":"https:\/\/bolting.eu\/en\/shop\/kong-futura-handsteigklemme\/","url":"https:\/\/bolting.eu\/en\/shop\/kong-futura-handsteigklemme\/","name":"Kong Futura Handsteigklemme: Mini-Jumar online kaufen | bolting.eu","isPartOf":{"@id":"https:\/\/bolting.eu\/en\/#website"},"primaryImageOfPage":{"@id":"https:\/\/bolting.eu\/en\/shop\/kong-futura-handsteigklemme\/#primaryimage"},"image":{"@id":"https:\/\/bolting.eu\/en\/shop\/kong-futura-handsteigklemme\/#primaryimage"},"thumbnailUrl":"https:\/\/bolting.eu\/wp-content\/uploads\/2020\/06\/Kong-Futura-Hand-Steigklemme-2.jpg","datePublished":"2020-06-02T09:57:23+00:00","dateModified":"2024-10-05T11:00:03+00:00","description":"Hier findest du die KONG FUTURA HANDSTEIGKLEMME. Einen Mini Jumar f\u00fcr die Fortbewegung an Fixseilen beim Caven, Rettungseins\u00e4tzen oder H\u00f6henarbeiten.","breadcrumb":{"@id":"https:\/\/bolting.eu\/en\/shop\/kong-futura-handsteigklemme\/#breadcrumb"},"inLanguage":"en-US","potentialAction":[{"@type":"ReadAction","target":["https:\/\/bolting.eu\/en\/shop\/kong-futura-handsteigklemme\/"]}]},{"@type":"ImageObject","inLanguage":"en-US","@id":"https:\/\/bolting.eu\/en\/shop\/kong-futura-handsteigklemme\/#primaryimage","url":"https:\/\/bolting.eu\/wp-content\/uploads\/2020\/06\/Kong-Futura-Hand-Steigklemme-2.jpg","contentUrl":"https:\/\/bolting.eu\/wp-content\/uploads\/2020\/06\/Kong-Futura-Hand-Steigklemme-2.jpg","width":700,"height":700,"caption":"Das Bild zeigt die Kong Futura Handsteigklemme. Der Mini Jumar ist in Bildmitte. Man erkennt den gelben Griff, den grauen Steg sowie den goldenen Trigger der Klemmnocken."},{"@type":"BreadcrumbList","@id":"https:\/\/bolting.eu\/en\/shop\/kong-futura-handsteigklemme\/#breadcrumb","itemListElement":[{"@type":"ListItem","position":1,"name":"Shop","item":"https:\/\/bolting.eu\/en\/shop\/"},{"@type":"ListItem","position":2,"name":"climbing equipment","item":"https:\/\/bolting.eu\/en\/produkt-kategorie\/climbing-equipment\/"},{"@type":"ListItem","position":3,"name":"Steigklemmen - Seilklemmen","item":"https:\/\/bolting.eu\/produkt-kategorie\/kletterausruestung\/steigklemmen-seilklemmen\/"},{"@type":"ListItem","position":4,"name":"Kong Futura Handsteigklemme"}]},{"@type":"WebSite","@id":"https:\/\/bolting.eu\/en\/#website","url":"https:\/\/bolting.eu\/en\/","name":"bolting.eu","description":"we make climbs happen","publisher":{"@id":"https:\/\/bolting.eu\/en\/#organization"},"potentialAction":[{"@type":"SearchAction","target":{"@type":"EntryPoint","urlTemplate":"https:\/\/bolting.eu\/en\/?s={search_term_string}"},"query-input":{"@type":"PropertyValueSpecification","valueRequired":true,"valueName":"search_term_string"}}],"inLanguage":"en-US"},{"@type":["Organization","Place","SportingGoodsStore"],"@id":"https:\/\/bolting.eu\/en\/#organization","name":"bolting.eu","url":"https:\/\/bolting.eu\/en\/","logo":{"@id":"https:\/\/bolting.eu\/en\/shop\/kong-futura-handsteigklemme\/#local-main-organization-logo"},"image":{"@id":"https:\/\/bolting.eu\/en\/shop\/kong-futura-handsteigklemme\/#local-main-organization-logo"},"sameAs":["https:\/\/www.facebook.com\/bolting.eu","https:\/\/www.instagram.com\/bolting.eu\/"],"address":{"@id":"https:\/\/bolting.eu\/en\/shop\/kong-futura-handsteigklemme\/#local-main-place-address"},"geo":{"@type":"GeoCoordinates","latitude":"47.264176340396226","longitude":"11.380109057672346"},"telephone":["+43 699 19083372"],"openingHoursSpecification":[{"@type":"OpeningHoursSpecification","dayOfWeek":["Monday","Wednesday","Friday"],"opens":"14:00","closes":"18:00"},{"@type":"OpeningHoursSpecification","dayOfWeek":["Tuesday","Thursday","Saturday","Sunday"],"opens":"00:00","closes":"00:00"}],"email":"office@bolting.eu","vatID":"ATU59999728","priceRange":"$$","currenciesAccepted":"Euro"},{"@type":"PostalAddress","@id":"https:\/\/bolting.eu\/en\/shop\/kong-futura-handsteigklemme\/#local-main-place-address","streetAddress":"Fischnalerstra\u00dfe 4","addressLocality":"Innsbruck","postalCode":"6020","addressRegion":"Tirol","addressCountry":"AT"},{"@type":"ImageObject","inLanguage":"en-US","@id":"https:\/\/bolting.eu\/en\/shop\/kong-futura-handsteigklemme\/#local-main-organization-logo","url":"https:\/\/bolting.eu\/wp-content\/uploads\/2019\/09\/bolting-logo.png","contentUrl":"https:\/\/bolting.eu\/wp-content\/uploads\/2019\/09\/bolting-logo.png","width":400,"height":211,"caption":"bolting.eu"}]},"og_availability":"instock","product_availability":"instock","product_condition":"new","geo.placename":"Innsbruck","geo.position":{"lat":"47.264176340396226","long":"11.380109057672346"},"geo.region":"Austria"},"_links":{"self":[{"href":"https:\/\/bolting.eu\/en\/wp-json\/wp\/v2\/product\/3843","targetHints":{"allow":["GET"]}}],"collection":[{"href":"https:\/\/bolting.eu\/en\/wp-json\/wp\/v2\/product"}],"about":[{"href":"https:\/\/bolting.eu\/en\/wp-json\/wp\/v2\/types\/product"}],"replies":[{"embeddable":true,"href":"https:\/\/bolting.eu\/en\/wp-json\/wp\/v2\/comments?post=3843"}],"wp:featuredmedia":[{"embeddable":true,"href":"https:\/\/bolting.eu\/en\/wp-json\/wp\/v2\/media\/3845"}],"wp:attachment":[{"href":"https:\/\/bolting.eu\/en\/wp-json\/wp\/v2\/media?parent=3843"}],"wp:term":[{"taxonomy":"product_brand","embeddable":true,"href":"https:\/\/bolting.eu\/en\/wp-json\/wp\/v2\/product_brand?post=3843"},{"taxonomy":"product_cat","embeddable":true,"href":"https:\/\/bolting.eu\/en\/wp-json\/wp\/v2\/product_cat?post=3843"},{"taxonomy":"product_tag","embeddable":true,"href":"https:\/\/bolting.eu\/en\/wp-json\/wp\/v2\/product_tag?post=3843"}],"curies":[{"name":"wp","href":"https:\/\/api.w.org\/{rel}","templated":true}]}}