{"id":38363,"date":"2026-04-14T15:50:25","date_gmt":"2026-04-14T13:50:25","guid":{"rendered":"https:\/\/bolting.eu\/?post_type=product&#038;p=38363"},"modified":"2026-04-14T15:50:27","modified_gmt":"2026-04-14T13:50:27","slug":"cousin-aramid-cord-55mm","status":"publish","type":"product","link":"https:\/\/bolting.eu\/en\/shop\/cousin-aramid-cord-55mm\/","title":{"rendered":"Cousin Aramid Cord 5,5mm"},"content":{"rendered":"<p>Die Cousin Aramid Cord 5,5mm ist eine klasse Reepschnur. Denn dank der extrem schnittfesten und rei\u00dffesten Fasern ist sie perfekt f\u00fcr den Alpinismus.<\/p>\n<p>Hierbei findet sie Anwendung als Standplatzschlinge, &#8220;K\u00f6pfchenschlinge&#8221; oder <a href=\"https:\/\/bolting.eu\/shop\/beal-jammy-prusikschlinge\/\">Prusikschlinge<\/a>.<\/p>\n<p>Dank des enorm hohen Schmelzpunktes ist diese Art von Reepschnur ideal f\u00fcr Reibungsknoten. Wie z.B. den Prusik beim Abseilen.<\/p>\n<p>Der Mantel ist aus Polyamid. Somit l\u00e4sst sich diese Schnur bestens knoten.<\/p>\n<h2>Eigenschaften Cousin Aramid Cord<\/h2>\n<ul>\n<li>Hersteller: Cousin Trestec<\/li>\n<li>Material: Aramid (a.k.a. Kevlar) im Kern, Polyamid im MAntel<\/li>\n<li>Durchmesser: 5,5mm<\/li>\n<li>Farben: blau oder rot<\/li>\n<li>100% statisch<\/li>\n<li>Bruchlast 17,5 kN<\/li>\n<li>Normen: EN 564<\/li>\n<li>Gewicht \/ Meter: 25 Gramm<\/li>\n<li>Verkaufseinheit: 1 Meter<\/li>\n<li><strong>bitte Gesamtl\u00e4nge bestellen und ggf. L\u00e4ngenw\u00fcnsche einzelner Schn\u00fcre in den Bestellkommentar schreiben<\/strong><\/li>\n<\/ul>\n","protected":false},"excerpt":{"rendered":"<p>Extrem rei\u00dffeste und schnittfeste 5,5mm Aramid Cord von Cousin.<\/p>\n<p>Ideal f\u00fcr den Alpinismus. Erh\u00e4ltlich in zwei gut unterscheidbaren Farben, blau und rot.<\/p>\n<p>Versandkostenfrei bis 2kg in\u00a0<img decoding=\"async\" class=\"emoji\" role=\"img\" draggable=\"false\" src=\"https:\/\/s.w.org\/images\/core\/emoji\/14.0.0\/svg\/1f1e6-1f1f9.svg\" alt=\"\ud83c\udde6\ud83c\uddf9\" \/>\u00a0ab \u20ac 100,- und\u00a0<img decoding=\"async\" class=\"emoji\" role=\"img\" draggable=\"false\" src=\"https:\/\/s.w.org\/images\/core\/emoji\/14.0.0\/svg\/1f1e9-1f1ea.svg\" alt=\"\ud83c\udde9\ud83c\uddea\" \/>\u00a0ab \u20ac 200,-!<\/p>\n","protected":false},"featured_media":38366,"comment_status":"closed","ping_status":"closed","template":"","meta":[],"product_brand":[],"product_cat":[9947,29,55],"product_tag":[],"class_list":{"0":"post-38363","1":"product","2":"type-product","3":"status-publish","4":"has-post-thumbnail","6":"product_cat-kevlar-reepschnur","7":"product_cat-kletterausruestung","8":"product_cat-reepschnur","10":"first","11":"instock","12":"taxable","13":"shipping-taxable","14":"purchasable","15":"product-type-variable"},"yoast_head":"<!-- This site is optimized with the Yoast SEO Premium plugin v26.9 (Yoast SEO v26.9) - https:\/\/yoast.com\/product\/yoast-seo-premium-wordpress\/ -->\n<title>Cousin Aramid Cord 5,5mm | bolting.eu<\/title>\n<meta name=\"description\" content=\"Cousin Aramid Cord 5,5mm beim Innsbrucker Kletterprofi kaufen \u2705 Trusted Shop \u2705 kostenloser Versand* \u2705 14 Tage R\u00fcckgaberecht \u2705 Co2 neutrale Zustellung\" \/>\n<meta name=\"robots\" content=\"index, follow, max-snippet:-1, max-image-preview:large, max-video-preview:-1\" \/>\n<link rel=\"canonical\" href=\"https:\/\/bolting.eu\/en\/shop\/cousin-aramid-cord-55mm\/\" \/>\n<meta property=\"og:locale\" content=\"en_US\" \/>\n<meta property=\"og:type\" content=\"article\" \/>\n<meta property=\"og:title\" content=\"Cousin Aramid Cord 5,5mm\" \/>\n<meta property=\"og:description\" content=\"Cousin Aramid Cord 5,5mm beim Innsbrucker Kletterprofi kaufen \u2705 Trusted Shop \u2705 kostenloser Versand* \u2705 14 Tage R\u00fcckgaberecht \u2705 Co2 neutrale Zustellung\" \/>\n<meta property=\"og:url\" content=\"https:\/\/bolting.eu\/en\/shop\/cousin-aramid-cord-55mm\/\" \/>\n<meta property=\"og:site_name\" content=\"bolting.eu\" \/>\n<meta property=\"article:publisher\" content=\"https:\/\/www.facebook.com\/bolting.eu\" \/>\n<meta property=\"article:modified_time\" content=\"2026-04-14T13:50:27+00:00\" \/>\n<meta property=\"og:image\" content=\"https:\/\/bolting.eu\/wp-content\/uploads\/2026\/04\/Cousin-Aramid-blau.jpg\" \/>\n\t<meta property=\"og:image:width\" content=\"700\" \/>\n\t<meta property=\"og:image:height\" content=\"700\" \/>\n\t<meta property=\"og:image:type\" content=\"image\/jpeg\" \/>\n<meta name=\"twitter:card\" content=\"summary_large_image\" \/>\n<meta name=\"twitter:label1\" content=\"Availability\" \/>\n\t<meta name=\"twitter:data1\" content=\"In stock\" \/>\n<script type=\"application\/ld+json\" class=\"yoast-schema-graph\">{\"@context\":\"https:\/\/schema.org\",\"@graph\":[{\"@type\":[\"WebPage\",\"ItemPage\"],\"@id\":\"https:\/\/bolting.eu\/en\/shop\/cousin-aramid-cord-55mm\/\",\"url\":\"https:\/\/bolting.eu\/en\/shop\/cousin-aramid-cord-55mm\/\",\"name\":\"Cousin Aramid Cord 5,5mm | bolting.eu\",\"isPartOf\":{\"@id\":\"https:\/\/bolting.eu\/en\/#website\"},\"primaryImageOfPage\":{\"@id\":\"https:\/\/bolting.eu\/en\/shop\/cousin-aramid-cord-55mm\/#primaryimage\"},\"image\":{\"@id\":\"https:\/\/bolting.eu\/en\/shop\/cousin-aramid-cord-55mm\/#primaryimage\"},\"thumbnailUrl\":\"https:\/\/bolting.eu\/wp-content\/uploads\/2026\/04\/Cousin-Aramid-blau.jpg\",\"datePublished\":\"2026-04-14T13:50:25+00:00\",\"dateModified\":\"2026-04-14T13:50:27+00:00\",\"description\":\"Cousin Aramid Cord 5,5mm beim Innsbrucker Kletterprofi kaufen \u2705 Trusted Shop \u2705 kostenloser Versand* \u2705 14 Tage R\u00fcckgaberecht \u2705 Co2 neutrale Zustellung\",\"breadcrumb\":{\"@id\":\"https:\/\/bolting.eu\/en\/shop\/cousin-aramid-cord-55mm\/#breadcrumb\"},\"inLanguage\":\"en-US\",\"potentialAction\":[{\"@type\":\"ReadAction\",\"target\":[\"https:\/\/bolting.eu\/en\/shop\/cousin-aramid-cord-55mm\/\"]}]},{\"@type\":\"ImageObject\",\"inLanguage\":\"en-US\",\"@id\":\"https:\/\/bolting.eu\/en\/shop\/cousin-aramid-cord-55mm\/#primaryimage\",\"url\":\"https:\/\/bolting.eu\/wp-content\/uploads\/2026\/04\/Cousin-Aramid-blau.jpg\",\"contentUrl\":\"https:\/\/bolting.eu\/wp-content\/uploads\/2026\/04\/Cousin-Aramid-blau.jpg\",\"width\":700,\"height\":700,\"caption\":\"Eine Rolle blaue Cousin Aramid Cord 5,5mm aufrecht vor wei\u00dfem Hintergrund.\"},{\"@type\":\"BreadcrumbList\",\"@id\":\"https:\/\/bolting.eu\/en\/shop\/cousin-aramid-cord-55mm\/#breadcrumb\",\"itemListElement\":[{\"@type\":\"ListItem\",\"position\":1,\"name\":\"Shop\",\"item\":\"https:\/\/bolting.eu\/en\/shop\/\"},{\"@type\":\"ListItem\",\"position\":2,\"name\":\"climbing equipment\",\"item\":\"https:\/\/bolting.eu\/en\/produkt-kategorie\/climbing-equipment\/\"},{\"@type\":\"ListItem\",\"position\":3,\"name\":\"Reepschnur\",\"item\":\"https:\/\/bolting.eu\/produkt-kategorie\/kletterausruestung\/reepschnur\/\"},{\"@type\":\"ListItem\",\"position\":4,\"name\":\"Kevlar Reepschnur\",\"item\":\"https:\/\/bolting.eu\/produkt-kategorie\/kletterausruestung\/reepschnur\/kevlar-reepschnur\/\"},{\"@type\":\"ListItem\",\"position\":5,\"name\":\"Cousin Aramid Cord 5,5mm\"}]},{\"@type\":\"WebSite\",\"@id\":\"https:\/\/bolting.eu\/en\/#website\",\"url\":\"https:\/\/bolting.eu\/en\/\",\"name\":\"bolting.eu\",\"description\":\"we make climbs happen\",\"publisher\":{\"@id\":\"https:\/\/bolting.eu\/en\/#organization\"},\"potentialAction\":[{\"@type\":\"SearchAction\",\"target\":{\"@type\":\"EntryPoint\",\"urlTemplate\":\"https:\/\/bolting.eu\/en\/?s={search_term_string}\"},\"query-input\":{\"@type\":\"PropertyValueSpecification\",\"valueRequired\":true,\"valueName\":\"search_term_string\"}}],\"inLanguage\":\"en-US\"},{\"@type\":[\"Organization\",\"Place\",\"SportingGoodsStore\"],\"@id\":\"https:\/\/bolting.eu\/en\/#organization\",\"name\":\"bolting.eu\",\"url\":\"https:\/\/bolting.eu\/en\/\",\"logo\":{\"@id\":\"https:\/\/bolting.eu\/en\/shop\/cousin-aramid-cord-55mm\/#local-main-organization-logo\"},\"image\":{\"@id\":\"https:\/\/bolting.eu\/en\/shop\/cousin-aramid-cord-55mm\/#local-main-organization-logo\"},\"sameAs\":[\"https:\/\/www.facebook.com\/bolting.eu\",\"https:\/\/www.instagram.com\/bolting.eu\/\"],\"address\":{\"@id\":\"https:\/\/bolting.eu\/en\/shop\/cousin-aramid-cord-55mm\/#local-main-place-address\"},\"geo\":{\"@type\":\"GeoCoordinates\",\"latitude\":\"47.264176340396226\",\"longitude\":\"11.380109057672346\"},\"telephone\":[\"+43 699 19083372\"],\"openingHoursSpecification\":[{\"@type\":\"OpeningHoursSpecification\",\"dayOfWeek\":[\"Monday\",\"Wednesday\",\"Friday\"],\"opens\":\"14:00\",\"closes\":\"18:00\"},{\"@type\":\"OpeningHoursSpecification\",\"dayOfWeek\":[\"Tuesday\",\"Thursday\",\"Saturday\",\"Sunday\"],\"opens\":\"00:00\",\"closes\":\"00:00\"}],\"email\":\"office@bolting.eu\",\"vatID\":\"ATU59999728\",\"priceRange\":\"$$\",\"currenciesAccepted\":\"Euro\"},{\"@type\":\"PostalAddress\",\"@id\":\"https:\/\/bolting.eu\/en\/shop\/cousin-aramid-cord-55mm\/#local-main-place-address\",\"streetAddress\":\"Fischnalerstra\u00dfe 4\",\"addressLocality\":\"Innsbruck\",\"postalCode\":\"6020\",\"addressRegion\":\"Tirol\",\"addressCountry\":\"AT\"},{\"@type\":\"ImageObject\",\"inLanguage\":\"en-US\",\"@id\":\"https:\/\/bolting.eu\/en\/shop\/cousin-aramid-cord-55mm\/#local-main-organization-logo\",\"url\":\"https:\/\/bolting.eu\/wp-content\/uploads\/2019\/09\/bolting-logo.png\",\"contentUrl\":\"https:\/\/bolting.eu\/wp-content\/uploads\/2019\/09\/bolting-logo.png\",\"width\":400,\"height\":211,\"caption\":\"bolting.eu\"}]}<\/script>\n<meta property=\"og:availability\" content=\"instock\" \/>\n<meta property=\"product:availability\" content=\"instock\" \/>\n<meta property=\"product:condition\" content=\"new\" \/>\n<meta name=\"geo.placename\" content=\"Innsbruck\" \/>\n<meta name=\"geo.position\" content=\"47.264176340396226;11.380109057672346\" \/>\n<meta name=\"geo.region\" content=\"Austria\" \/>\n<!-- \/ Yoast SEO Premium plugin. -->","yoast_head_json":{"title":"Cousin Aramid Cord 5,5mm | bolting.eu","description":"Cousin Aramid Cord 5,5mm beim Innsbrucker Kletterprofi kaufen \u2705 Trusted Shop \u2705 kostenloser Versand* \u2705 14 Tage R\u00fcckgaberecht \u2705 Co2 neutrale Zustellung","robots":{"index":"index","follow":"follow","max-snippet":"max-snippet:-1","max-image-preview":"max-image-preview:large","max-video-preview":"max-video-preview:-1"},"canonical":"https:\/\/bolting.eu\/en\/shop\/cousin-aramid-cord-55mm\/","og_locale":"en_US","og_type":"article","og_title":"Cousin Aramid Cord 5,5mm","og_description":"Cousin Aramid Cord 5,5mm beim Innsbrucker Kletterprofi kaufen \u2705 Trusted Shop \u2705 kostenloser Versand* \u2705 14 Tage R\u00fcckgaberecht \u2705 Co2 neutrale Zustellung","og_url":"https:\/\/bolting.eu\/en\/shop\/cousin-aramid-cord-55mm\/","og_site_name":"bolting.eu","article_publisher":"https:\/\/www.facebook.com\/bolting.eu","article_modified_time":"2026-04-14T13:50:27+00:00","og_image":[{"width":700,"height":700,"url":"https:\/\/bolting.eu\/wp-content\/uploads\/2026\/04\/Cousin-Aramid-blau.jpg","type":"image\/jpeg"}],"twitter_card":"summary_large_image","twitter_misc":{"Availability":"In stock"},"schema":{"@context":"https:\/\/schema.org","@graph":[{"@type":["WebPage","ItemPage"],"@id":"https:\/\/bolting.eu\/en\/shop\/cousin-aramid-cord-55mm\/","url":"https:\/\/bolting.eu\/en\/shop\/cousin-aramid-cord-55mm\/","name":"Cousin Aramid Cord 5,5mm | bolting.eu","isPartOf":{"@id":"https:\/\/bolting.eu\/en\/#website"},"primaryImageOfPage":{"@id":"https:\/\/bolting.eu\/en\/shop\/cousin-aramid-cord-55mm\/#primaryimage"},"image":{"@id":"https:\/\/bolting.eu\/en\/shop\/cousin-aramid-cord-55mm\/#primaryimage"},"thumbnailUrl":"https:\/\/bolting.eu\/wp-content\/uploads\/2026\/04\/Cousin-Aramid-blau.jpg","datePublished":"2026-04-14T13:50:25+00:00","dateModified":"2026-04-14T13:50:27+00:00","description":"Cousin Aramid Cord 5,5mm beim Innsbrucker Kletterprofi kaufen \u2705 Trusted Shop \u2705 kostenloser Versand* \u2705 14 Tage R\u00fcckgaberecht \u2705 Co2 neutrale Zustellung","breadcrumb":{"@id":"https:\/\/bolting.eu\/en\/shop\/cousin-aramid-cord-55mm\/#breadcrumb"},"inLanguage":"en-US","potentialAction":[{"@type":"ReadAction","target":["https:\/\/bolting.eu\/en\/shop\/cousin-aramid-cord-55mm\/"]}]},{"@type":"ImageObject","inLanguage":"en-US","@id":"https:\/\/bolting.eu\/en\/shop\/cousin-aramid-cord-55mm\/#primaryimage","url":"https:\/\/bolting.eu\/wp-content\/uploads\/2026\/04\/Cousin-Aramid-blau.jpg","contentUrl":"https:\/\/bolting.eu\/wp-content\/uploads\/2026\/04\/Cousin-Aramid-blau.jpg","width":700,"height":700,"caption":"Eine Rolle blaue Cousin Aramid Cord 5,5mm aufrecht vor wei\u00dfem Hintergrund."},{"@type":"BreadcrumbList","@id":"https:\/\/bolting.eu\/en\/shop\/cousin-aramid-cord-55mm\/#breadcrumb","itemListElement":[{"@type":"ListItem","position":1,"name":"Shop","item":"https:\/\/bolting.eu\/en\/shop\/"},{"@type":"ListItem","position":2,"name":"climbing equipment","item":"https:\/\/bolting.eu\/en\/produkt-kategorie\/climbing-equipment\/"},{"@type":"ListItem","position":3,"name":"Reepschnur","item":"https:\/\/bolting.eu\/produkt-kategorie\/kletterausruestung\/reepschnur\/"},{"@type":"ListItem","position":4,"name":"Kevlar Reepschnur","item":"https:\/\/bolting.eu\/produkt-kategorie\/kletterausruestung\/reepschnur\/kevlar-reepschnur\/"},{"@type":"ListItem","position":5,"name":"Cousin Aramid Cord 5,5mm"}]},{"@type":"WebSite","@id":"https:\/\/bolting.eu\/en\/#website","url":"https:\/\/bolting.eu\/en\/","name":"bolting.eu","description":"we make climbs happen","publisher":{"@id":"https:\/\/bolting.eu\/en\/#organization"},"potentialAction":[{"@type":"SearchAction","target":{"@type":"EntryPoint","urlTemplate":"https:\/\/bolting.eu\/en\/?s={search_term_string}"},"query-input":{"@type":"PropertyValueSpecification","valueRequired":true,"valueName":"search_term_string"}}],"inLanguage":"en-US"},{"@type":["Organization","Place","SportingGoodsStore"],"@id":"https:\/\/bolting.eu\/en\/#organization","name":"bolting.eu","url":"https:\/\/bolting.eu\/en\/","logo":{"@id":"https:\/\/bolting.eu\/en\/shop\/cousin-aramid-cord-55mm\/#local-main-organization-logo"},"image":{"@id":"https:\/\/bolting.eu\/en\/shop\/cousin-aramid-cord-55mm\/#local-main-organization-logo"},"sameAs":["https:\/\/www.facebook.com\/bolting.eu","https:\/\/www.instagram.com\/bolting.eu\/"],"address":{"@id":"https:\/\/bolting.eu\/en\/shop\/cousin-aramid-cord-55mm\/#local-main-place-address"},"geo":{"@type":"GeoCoordinates","latitude":"47.264176340396226","longitude":"11.380109057672346"},"telephone":["+43 699 19083372"],"openingHoursSpecification":[{"@type":"OpeningHoursSpecification","dayOfWeek":["Monday","Wednesday","Friday"],"opens":"14:00","closes":"18:00"},{"@type":"OpeningHoursSpecification","dayOfWeek":["Tuesday","Thursday","Saturday","Sunday"],"opens":"00:00","closes":"00:00"}],"email":"office@bolting.eu","vatID":"ATU59999728","priceRange":"$$","currenciesAccepted":"Euro"},{"@type":"PostalAddress","@id":"https:\/\/bolting.eu\/en\/shop\/cousin-aramid-cord-55mm\/#local-main-place-address","streetAddress":"Fischnalerstra\u00dfe 4","addressLocality":"Innsbruck","postalCode":"6020","addressRegion":"Tirol","addressCountry":"AT"},{"@type":"ImageObject","inLanguage":"en-US","@id":"https:\/\/bolting.eu\/en\/shop\/cousin-aramid-cord-55mm\/#local-main-organization-logo","url":"https:\/\/bolting.eu\/wp-content\/uploads\/2019\/09\/bolting-logo.png","contentUrl":"https:\/\/bolting.eu\/wp-content\/uploads\/2019\/09\/bolting-logo.png","width":400,"height":211,"caption":"bolting.eu"}]},"og_availability":"instock","product_availability":"instock","product_condition":"new","geo.placename":"Innsbruck","geo.position":{"lat":"47.264176340396226","long":"11.380109057672346"},"geo.region":"Austria"},"_links":{"self":[{"href":"https:\/\/bolting.eu\/en\/wp-json\/wp\/v2\/product\/38363","targetHints":{"allow":["GET"]}}],"collection":[{"href":"https:\/\/bolting.eu\/en\/wp-json\/wp\/v2\/product"}],"about":[{"href":"https:\/\/bolting.eu\/en\/wp-json\/wp\/v2\/types\/product"}],"replies":[{"embeddable":true,"href":"https:\/\/bolting.eu\/en\/wp-json\/wp\/v2\/comments?post=38363"}],"wp:featuredmedia":[{"embeddable":true,"href":"https:\/\/bolting.eu\/en\/wp-json\/wp\/v2\/media\/38366"}],"wp:attachment":[{"href":"https:\/\/bolting.eu\/en\/wp-json\/wp\/v2\/media?parent=38363"}],"wp:term":[{"taxonomy":"product_brand","embeddable":true,"href":"https:\/\/bolting.eu\/en\/wp-json\/wp\/v2\/product_brand?post=38363"},{"taxonomy":"product_cat","embeddable":true,"href":"https:\/\/bolting.eu\/en\/wp-json\/wp\/v2\/product_cat?post=38363"},{"taxonomy":"product_tag","embeddable":true,"href":"https:\/\/bolting.eu\/en\/wp-json\/wp\/v2\/product_tag?post=38363"}],"curies":[{"name":"wp","href":"https:\/\/api.w.org\/{rel}","templated":true}]}}