{"id":38261,"date":"2026-04-13T09:54:09","date_gmt":"2026-04-13T07:54:09","guid":{"rendered":"https:\/\/bolting.eu\/?post_type=product&#038;p=38261"},"modified":"2026-04-13T17:16:56","modified_gmt":"2026-04-13T15:16:56","slug":"la-sportiva-bolt-short-woman","status":"publish","type":"product","link":"https:\/\/bolting.eu\/en\/shop\/la-sportiva-bolt-short-woman\/","title":{"rendered":"La Sportiva Bolt Short Woman"},"content":{"rendered":"<p>Die La Sportiva Bolt Short Woman wird euch sowohl im Sommer als auch Ganzjahr in der Halle viel Freude bereiten. Denn diese kurze Kletterhose hat hierf\u00fcr die richtigen Features.<\/p>\n<p>Erstens den robusten Bio Baumwoll &#8211; Hanf &#8211; Elastan Stoff. Somit ist dieses Modell super atmungsaktiv und sch\u00f6n dehnbar.<\/p>\n<p>Zweitens ist der Regular Fit Schnitt ideal f\u00fcr viele K\u00f6rpertypen.<\/p>\n<p>Und drittens sind die simplen Details stimmig hinsichtlich der tollen Funktionalit\u00e4t. Wie die Seitentaschen und der hoch gezogene Bund zum Anziehen eines <a href=\"https:\/\/bolting.eu\/produkt-kategorie\/kletterausruestung\/klettergurte\/\">Klettergurtes<\/a>.<\/p>\n<p>Folglich unser einfaches Fazit: Simpel, funktionell und langlebig!<\/p>\n<h2>Eigenschaften Bolt Short Woman<\/h2>\n<ul>\n<li>Hersteller: <a href=\"https:\/\/bolting.eu\/produkt-kategorie\/la-sportiva\/\">La Sportiva<\/a><\/li>\n<li>Damen Klettershort<\/li>\n<li>Material au\u00dfen: 66% Bio Baumwolle, 32% Hanf, 2% Elastan<\/li>\n<li>Schnitt: Regular Fit<\/li>\n<li>Farbe: dunkelblau-hellblau, pink<\/li>\n<li>Gr\u00f6\u00dfen: XS, S, M, L<\/li>\n<li>Gewicht: 185 Gramm (S)<\/li>\n<li>robuster, aber weicher und angenehm zu tragender Stoff<\/li>\n<li>hochgezogener, elastischer Bund mit Kordelzug erlaubt Tragen eines Klettergurtes<\/li>\n<li>2 Front Taschen<\/li>\n<li>1 Ges\u00e4\u00dftasche<\/li>\n<li>Zwickel im Schritt f\u00fcr optimale Bewegungsfreiheit<\/li>\n<li>Schrittl\u00e4nge: 9cm<\/li>\n<li>Schlaufe zum Anbringen eines <a href=\"https:\/\/bolting.eu\/produkt-kategorie\/kletterausruestung\/chalkbag\/\">Chalkbag<\/a><\/li>\n<\/ul>\n<h3>Regular Fit f\u00fcr viele K\u00f6rpertypen<\/h3>\n<p>Die Bolt Short Woman von La Sportiva hat einen &#8220;regular fit&#8221;.<\/p>\n<p>D.h. diese Damen Klettershort ist vom Schnitt her f\u00fcr viele K\u00f6rpertypen geeignet.<\/p>\n<p>Im Folgenden die Gr\u00f6\u00dfentabelle, damit ihr eure Dimensionen findet.<\/p>\n<p><a href=\"https:\/\/bolting.eu\/wp-content\/uploads\/2025\/12\/Groessentabelle-La-Sportiva-Bekleidung-Damen.jpg\"><img loading=\"lazy\" decoding=\"async\" class=\"alignnone size-full wp-image-35940\" src=\"https:\/\/bolting.eu\/wp-content\/uploads\/2025\/12\/Groessentabelle-La-Sportiva-Bekleidung-Damen.jpg\" alt=\"Tabelle mit den Gr\u00f6\u00dfendetails f\u00fcr La Sportiva Damen Bekleidung.\" width=\"1024\" height=\"351\" srcset=\"https:\/\/bolting.eu\/wp-content\/uploads\/2025\/12\/Groessentabelle-La-Sportiva-Bekleidung-Damen.jpg 1024w, https:\/\/bolting.eu\/wp-content\/uploads\/2025\/12\/Groessentabelle-La-Sportiva-Bekleidung-Damen-800x274.jpg 800w, https:\/\/bolting.eu\/wp-content\/uploads\/2025\/12\/Groessentabelle-La-Sportiva-Bekleidung-Damen-768x263.jpg 768w, https:\/\/bolting.eu\/wp-content\/uploads\/2025\/12\/Groessentabelle-La-Sportiva-Bekleidung-Damen-510x175.jpg 510w, https:\/\/bolting.eu\/wp-content\/uploads\/2025\/12\/Groessentabelle-La-Sportiva-Bekleidung-Damen-100x34.jpg 100w\" sizes=\"auto, (max-width: 1024px) 100vw, 1024px\" \/><\/a><\/p>\n<p>&nbsp;<\/p>\n","protected":false},"excerpt":{"rendered":"<p>Simpel gehaltene La Sportiva Damen Klettershort mit hochgezogenem Bund und Kordelzug<\/p>\n<p>Ideal f\u00fcr den Sommer oder die Halle durch luftigen Bio Baumwoll &#8211; Hanf &#8211; Elastan Stoff.<\/p>\n<p>Versandkostenfrei bis 2kg in\u00a0<img decoding=\"async\" class=\"emoji\" role=\"img\" draggable=\"false\" src=\"https:\/\/s.w.org\/images\/core\/emoji\/14.0.0\/svg\/1f1e6-1f1f9.svg\" alt=\"\ud83c\udde6\ud83c\uddf9\" \/>\u00a0ab \u20ac 100,- und\u00a0<img decoding=\"async\" class=\"emoji\" role=\"img\" draggable=\"false\" src=\"https:\/\/s.w.org\/images\/core\/emoji\/14.0.0\/svg\/1f1e9-1f1ea.svg\" alt=\"\ud83c\udde9\ud83c\uddea\" \/>\u00a0ab \u20ac 200,-!<\/p>\n","protected":false},"featured_media":38268,"comment_status":"closed","ping_status":"closed","template":"","meta":[],"product_brand":[],"product_cat":[15224,15228,15274],"product_tag":[],"class_list":{"0":"post-38261","1":"product","2":"type-product","3":"status-publish","4":"has-post-thumbnail","6":"product_cat-kletterbekleidung","7":"product_cat-kletterhosen","8":"product_cat-la-sportiva","10":"first","11":"instock","12":"taxable","13":"shipping-taxable","14":"purchasable","15":"product-type-variable"},"yoast_head":"<!-- This site is optimized with the Yoast SEO Premium plugin v26.9 (Yoast SEO v26.9) - https:\/\/yoast.com\/product\/yoast-seo-premium-wordpress\/ -->\n<title>La Sportiva Bolt Short Woman | bolting.eu<\/title>\n<meta name=\"description\" content=\"La Sportiva Bolt Short Woman beim Kletterprofi kaufen \u2705 Trusted Shop \u2705 kostenloser Versand* \u2705 14 Tage R\u00fcckgaberecht \u2705 Co2 neutrale Zustellung\" \/>\n<meta name=\"robots\" content=\"index, follow, max-snippet:-1, max-image-preview:large, max-video-preview:-1\" \/>\n<link rel=\"canonical\" href=\"https:\/\/bolting.eu\/en\/shop\/la-sportiva-bolt-short-woman\/\" \/>\n<meta property=\"og:locale\" content=\"en_US\" \/>\n<meta property=\"og:type\" content=\"article\" \/>\n<meta property=\"og:title\" content=\"La Sportiva Bolt Short Woman\" \/>\n<meta property=\"og:description\" content=\"La Sportiva Bolt Short Woman beim Kletterprofi kaufen \u2705 Trusted Shop \u2705 kostenloser Versand* \u2705 14 Tage R\u00fcckgaberecht \u2705 Co2 neutrale Zustellung\" \/>\n<meta property=\"og:url\" content=\"https:\/\/bolting.eu\/en\/shop\/la-sportiva-bolt-short-woman\/\" \/>\n<meta property=\"og:site_name\" content=\"bolting.eu\" \/>\n<meta property=\"article:publisher\" content=\"https:\/\/www.facebook.com\/bolting.eu\" \/>\n<meta property=\"article:modified_time\" content=\"2026-04-13T15:16:56+00:00\" \/>\n<meta property=\"og:image\" content=\"https:\/\/bolting.eu\/wp-content\/uploads\/2026\/04\/La-Spo-Bolt-Short-W-blau-3.jpg\" \/>\n\t<meta property=\"og:image:width\" content=\"700\" \/>\n\t<meta property=\"og:image:height\" content=\"700\" \/>\n\t<meta property=\"og:image:type\" content=\"image\/jpeg\" \/>\n<meta name=\"twitter:card\" content=\"summary_large_image\" \/>\n<meta name=\"twitter:label1\" content=\"Availability\" \/>\n\t<meta name=\"twitter:data1\" content=\"In stock\" \/>\n<script type=\"application\/ld+json\" class=\"yoast-schema-graph\">{\"@context\":\"https:\/\/schema.org\",\"@graph\":[{\"@type\":[\"WebPage\",\"ItemPage\"],\"@id\":\"https:\/\/bolting.eu\/en\/shop\/la-sportiva-bolt-short-woman\/\",\"url\":\"https:\/\/bolting.eu\/en\/shop\/la-sportiva-bolt-short-woman\/\",\"name\":\"La Sportiva Bolt Short Woman | bolting.eu\",\"isPartOf\":{\"@id\":\"https:\/\/bolting.eu\/en\/#website\"},\"primaryImageOfPage\":{\"@id\":\"https:\/\/bolting.eu\/en\/shop\/la-sportiva-bolt-short-woman\/#primaryimage\"},\"image\":{\"@id\":\"https:\/\/bolting.eu\/en\/shop\/la-sportiva-bolt-short-woman\/#primaryimage\"},\"thumbnailUrl\":\"https:\/\/bolting.eu\/wp-content\/uploads\/2026\/04\/La-Spo-Bolt-Short-W-blau-3.jpg\",\"datePublished\":\"2026-04-13T07:54:09+00:00\",\"dateModified\":\"2026-04-13T15:16:56+00:00\",\"description\":\"La Sportiva Bolt Short Woman beim Kletterprofi kaufen \u2705 Trusted Shop \u2705 kostenloser Versand* \u2705 14 Tage R\u00fcckgaberecht \u2705 Co2 neutrale Zustellung\",\"breadcrumb\":{\"@id\":\"https:\/\/bolting.eu\/en\/shop\/la-sportiva-bolt-short-woman\/#breadcrumb\"},\"inLanguage\":\"en-US\",\"potentialAction\":[{\"@type\":\"ReadAction\",\"target\":[\"https:\/\/bolting.eu\/en\/shop\/la-sportiva-bolt-short-woman\/\"]}]},{\"@type\":\"ImageObject\",\"inLanguage\":\"en-US\",\"@id\":\"https:\/\/bolting.eu\/en\/shop\/la-sportiva-bolt-short-woman\/#primaryimage\",\"url\":\"https:\/\/bolting.eu\/wp-content\/uploads\/2026\/04\/La-Spo-Bolt-Short-W-blau-3.jpg\",\"contentUrl\":\"https:\/\/bolting.eu\/wp-content\/uploads\/2026\/04\/La-Spo-Bolt-Short-W-blau-3.jpg\",\"width\":700,\"height\":700,\"caption\":\"Modell mit blauer Damen Kletter Short und Kletterschuhen vor wei\u00dfem Hintergrund.\"},{\"@type\":\"BreadcrumbList\",\"@id\":\"https:\/\/bolting.eu\/en\/shop\/la-sportiva-bolt-short-woman\/#breadcrumb\",\"itemListElement\":[{\"@type\":\"ListItem\",\"position\":1,\"name\":\"Shop\",\"item\":\"https:\/\/bolting.eu\/en\/shop\/\"},{\"@type\":\"ListItem\",\"position\":2,\"name\":\"Kletterbekleidung\",\"item\":\"https:\/\/bolting.eu\/produkt-kategorie\/kletterbekleidung\/\"},{\"@type\":\"ListItem\",\"position\":3,\"name\":\"Kletterhosen\",\"item\":\"https:\/\/bolting.eu\/produkt-kategorie\/kletterbekleidung\/kletterhosen\/\"},{\"@type\":\"ListItem\",\"position\":4,\"name\":\"La Sportiva Bolt Short Woman\"}]},{\"@type\":\"WebSite\",\"@id\":\"https:\/\/bolting.eu\/en\/#website\",\"url\":\"https:\/\/bolting.eu\/en\/\",\"name\":\"bolting.eu\",\"description\":\"we make climbs happen\",\"publisher\":{\"@id\":\"https:\/\/bolting.eu\/en\/#organization\"},\"potentialAction\":[{\"@type\":\"SearchAction\",\"target\":{\"@type\":\"EntryPoint\",\"urlTemplate\":\"https:\/\/bolting.eu\/en\/?s={search_term_string}\"},\"query-input\":{\"@type\":\"PropertyValueSpecification\",\"valueRequired\":true,\"valueName\":\"search_term_string\"}}],\"inLanguage\":\"en-US\"},{\"@type\":[\"Organization\",\"Place\",\"SportingGoodsStore\"],\"@id\":\"https:\/\/bolting.eu\/en\/#organization\",\"name\":\"bolting.eu\",\"url\":\"https:\/\/bolting.eu\/en\/\",\"logo\":{\"@id\":\"https:\/\/bolting.eu\/en\/shop\/la-sportiva-bolt-short-woman\/#local-main-organization-logo\"},\"image\":{\"@id\":\"https:\/\/bolting.eu\/en\/shop\/la-sportiva-bolt-short-woman\/#local-main-organization-logo\"},\"sameAs\":[\"https:\/\/www.facebook.com\/bolting.eu\",\"https:\/\/www.instagram.com\/bolting.eu\/\"],\"address\":{\"@id\":\"https:\/\/bolting.eu\/en\/shop\/la-sportiva-bolt-short-woman\/#local-main-place-address\"},\"geo\":{\"@type\":\"GeoCoordinates\",\"latitude\":\"47.264176340396226\",\"longitude\":\"11.380109057672346\"},\"telephone\":[\"+43 699 19083372\"],\"openingHoursSpecification\":[{\"@type\":\"OpeningHoursSpecification\",\"dayOfWeek\":[\"Monday\",\"Wednesday\",\"Friday\"],\"opens\":\"14:00\",\"closes\":\"18:00\"},{\"@type\":\"OpeningHoursSpecification\",\"dayOfWeek\":[\"Tuesday\",\"Thursday\",\"Saturday\",\"Sunday\"],\"opens\":\"00:00\",\"closes\":\"00:00\"}],\"email\":\"office@bolting.eu\",\"vatID\":\"ATU59999728\",\"priceRange\":\"$$\",\"currenciesAccepted\":\"Euro\"},{\"@type\":\"PostalAddress\",\"@id\":\"https:\/\/bolting.eu\/en\/shop\/la-sportiva-bolt-short-woman\/#local-main-place-address\",\"streetAddress\":\"Fischnalerstra\u00dfe 4\",\"addressLocality\":\"Innsbruck\",\"postalCode\":\"6020\",\"addressRegion\":\"Tirol\",\"addressCountry\":\"AT\"},{\"@type\":\"ImageObject\",\"inLanguage\":\"en-US\",\"@id\":\"https:\/\/bolting.eu\/en\/shop\/la-sportiva-bolt-short-woman\/#local-main-organization-logo\",\"url\":\"https:\/\/bolting.eu\/wp-content\/uploads\/2019\/09\/bolting-logo.png\",\"contentUrl\":\"https:\/\/bolting.eu\/wp-content\/uploads\/2019\/09\/bolting-logo.png\",\"width\":400,\"height\":211,\"caption\":\"bolting.eu\"}]}<\/script>\n<meta property=\"og:availability\" content=\"instock\" \/>\n<meta property=\"product:availability\" content=\"instock\" \/>\n<meta property=\"product:condition\" content=\"new\" \/>\n<meta name=\"geo.placename\" content=\"Innsbruck\" \/>\n<meta name=\"geo.position\" content=\"47.264176340396226;11.380109057672346\" \/>\n<meta name=\"geo.region\" content=\"Austria\" \/>\n<!-- \/ Yoast SEO Premium plugin. -->","yoast_head_json":{"title":"La Sportiva Bolt Short Woman | bolting.eu","description":"La Sportiva Bolt Short Woman beim Kletterprofi kaufen \u2705 Trusted Shop \u2705 kostenloser Versand* \u2705 14 Tage R\u00fcckgaberecht \u2705 Co2 neutrale Zustellung","robots":{"index":"index","follow":"follow","max-snippet":"max-snippet:-1","max-image-preview":"max-image-preview:large","max-video-preview":"max-video-preview:-1"},"canonical":"https:\/\/bolting.eu\/en\/shop\/la-sportiva-bolt-short-woman\/","og_locale":"en_US","og_type":"article","og_title":"La Sportiva Bolt Short Woman","og_description":"La Sportiva Bolt Short Woman beim Kletterprofi kaufen \u2705 Trusted Shop \u2705 kostenloser Versand* \u2705 14 Tage R\u00fcckgaberecht \u2705 Co2 neutrale Zustellung","og_url":"https:\/\/bolting.eu\/en\/shop\/la-sportiva-bolt-short-woman\/","og_site_name":"bolting.eu","article_publisher":"https:\/\/www.facebook.com\/bolting.eu","article_modified_time":"2026-04-13T15:16:56+00:00","og_image":[{"width":700,"height":700,"url":"https:\/\/bolting.eu\/wp-content\/uploads\/2026\/04\/La-Spo-Bolt-Short-W-blau-3.jpg","type":"image\/jpeg"}],"twitter_card":"summary_large_image","twitter_misc":{"Availability":"In stock"},"schema":{"@context":"https:\/\/schema.org","@graph":[{"@type":["WebPage","ItemPage"],"@id":"https:\/\/bolting.eu\/en\/shop\/la-sportiva-bolt-short-woman\/","url":"https:\/\/bolting.eu\/en\/shop\/la-sportiva-bolt-short-woman\/","name":"La Sportiva Bolt Short Woman | bolting.eu","isPartOf":{"@id":"https:\/\/bolting.eu\/en\/#website"},"primaryImageOfPage":{"@id":"https:\/\/bolting.eu\/en\/shop\/la-sportiva-bolt-short-woman\/#primaryimage"},"image":{"@id":"https:\/\/bolting.eu\/en\/shop\/la-sportiva-bolt-short-woman\/#primaryimage"},"thumbnailUrl":"https:\/\/bolting.eu\/wp-content\/uploads\/2026\/04\/La-Spo-Bolt-Short-W-blau-3.jpg","datePublished":"2026-04-13T07:54:09+00:00","dateModified":"2026-04-13T15:16:56+00:00","description":"La Sportiva Bolt Short Woman beim Kletterprofi kaufen \u2705 Trusted Shop \u2705 kostenloser Versand* \u2705 14 Tage R\u00fcckgaberecht \u2705 Co2 neutrale Zustellung","breadcrumb":{"@id":"https:\/\/bolting.eu\/en\/shop\/la-sportiva-bolt-short-woman\/#breadcrumb"},"inLanguage":"en-US","potentialAction":[{"@type":"ReadAction","target":["https:\/\/bolting.eu\/en\/shop\/la-sportiva-bolt-short-woman\/"]}]},{"@type":"ImageObject","inLanguage":"en-US","@id":"https:\/\/bolting.eu\/en\/shop\/la-sportiva-bolt-short-woman\/#primaryimage","url":"https:\/\/bolting.eu\/wp-content\/uploads\/2026\/04\/La-Spo-Bolt-Short-W-blau-3.jpg","contentUrl":"https:\/\/bolting.eu\/wp-content\/uploads\/2026\/04\/La-Spo-Bolt-Short-W-blau-3.jpg","width":700,"height":700,"caption":"Modell mit blauer Damen Kletter Short und Kletterschuhen vor wei\u00dfem Hintergrund."},{"@type":"BreadcrumbList","@id":"https:\/\/bolting.eu\/en\/shop\/la-sportiva-bolt-short-woman\/#breadcrumb","itemListElement":[{"@type":"ListItem","position":1,"name":"Shop","item":"https:\/\/bolting.eu\/en\/shop\/"},{"@type":"ListItem","position":2,"name":"Kletterbekleidung","item":"https:\/\/bolting.eu\/produkt-kategorie\/kletterbekleidung\/"},{"@type":"ListItem","position":3,"name":"Kletterhosen","item":"https:\/\/bolting.eu\/produkt-kategorie\/kletterbekleidung\/kletterhosen\/"},{"@type":"ListItem","position":4,"name":"La Sportiva Bolt Short Woman"}]},{"@type":"WebSite","@id":"https:\/\/bolting.eu\/en\/#website","url":"https:\/\/bolting.eu\/en\/","name":"bolting.eu","description":"we make climbs happen","publisher":{"@id":"https:\/\/bolting.eu\/en\/#organization"},"potentialAction":[{"@type":"SearchAction","target":{"@type":"EntryPoint","urlTemplate":"https:\/\/bolting.eu\/en\/?s={search_term_string}"},"query-input":{"@type":"PropertyValueSpecification","valueRequired":true,"valueName":"search_term_string"}}],"inLanguage":"en-US"},{"@type":["Organization","Place","SportingGoodsStore"],"@id":"https:\/\/bolting.eu\/en\/#organization","name":"bolting.eu","url":"https:\/\/bolting.eu\/en\/","logo":{"@id":"https:\/\/bolting.eu\/en\/shop\/la-sportiva-bolt-short-woman\/#local-main-organization-logo"},"image":{"@id":"https:\/\/bolting.eu\/en\/shop\/la-sportiva-bolt-short-woman\/#local-main-organization-logo"},"sameAs":["https:\/\/www.facebook.com\/bolting.eu","https:\/\/www.instagram.com\/bolting.eu\/"],"address":{"@id":"https:\/\/bolting.eu\/en\/shop\/la-sportiva-bolt-short-woman\/#local-main-place-address"},"geo":{"@type":"GeoCoordinates","latitude":"47.264176340396226","longitude":"11.380109057672346"},"telephone":["+43 699 19083372"],"openingHoursSpecification":[{"@type":"OpeningHoursSpecification","dayOfWeek":["Monday","Wednesday","Friday"],"opens":"14:00","closes":"18:00"},{"@type":"OpeningHoursSpecification","dayOfWeek":["Tuesday","Thursday","Saturday","Sunday"],"opens":"00:00","closes":"00:00"}],"email":"office@bolting.eu","vatID":"ATU59999728","priceRange":"$$","currenciesAccepted":"Euro"},{"@type":"PostalAddress","@id":"https:\/\/bolting.eu\/en\/shop\/la-sportiva-bolt-short-woman\/#local-main-place-address","streetAddress":"Fischnalerstra\u00dfe 4","addressLocality":"Innsbruck","postalCode":"6020","addressRegion":"Tirol","addressCountry":"AT"},{"@type":"ImageObject","inLanguage":"en-US","@id":"https:\/\/bolting.eu\/en\/shop\/la-sportiva-bolt-short-woman\/#local-main-organization-logo","url":"https:\/\/bolting.eu\/wp-content\/uploads\/2019\/09\/bolting-logo.png","contentUrl":"https:\/\/bolting.eu\/wp-content\/uploads\/2019\/09\/bolting-logo.png","width":400,"height":211,"caption":"bolting.eu"}]},"og_availability":"instock","product_availability":"instock","product_condition":"new","geo.placename":"Innsbruck","geo.position":{"lat":"47.264176340396226","long":"11.380109057672346"},"geo.region":"Austria"},"_links":{"self":[{"href":"https:\/\/bolting.eu\/en\/wp-json\/wp\/v2\/product\/38261","targetHints":{"allow":["GET"]}}],"collection":[{"href":"https:\/\/bolting.eu\/en\/wp-json\/wp\/v2\/product"}],"about":[{"href":"https:\/\/bolting.eu\/en\/wp-json\/wp\/v2\/types\/product"}],"replies":[{"embeddable":true,"href":"https:\/\/bolting.eu\/en\/wp-json\/wp\/v2\/comments?post=38261"}],"wp:featuredmedia":[{"embeddable":true,"href":"https:\/\/bolting.eu\/en\/wp-json\/wp\/v2\/media\/38268"}],"wp:attachment":[{"href":"https:\/\/bolting.eu\/en\/wp-json\/wp\/v2\/media?parent=38261"}],"wp:term":[{"taxonomy":"product_brand","embeddable":true,"href":"https:\/\/bolting.eu\/en\/wp-json\/wp\/v2\/product_brand?post=38261"},{"taxonomy":"product_cat","embeddable":true,"href":"https:\/\/bolting.eu\/en\/wp-json\/wp\/v2\/product_cat?post=38261"},{"taxonomy":"product_tag","embeddable":true,"href":"https:\/\/bolting.eu\/en\/wp-json\/wp\/v2\/product_tag?post=38261"}],"curies":[{"name":"wp","href":"https:\/\/api.w.org\/{rel}","templated":true}]}}