{"id":38213,"date":"2026-04-09T14:55:02","date_gmt":"2026-04-09T12:55:02","guid":{"rendered":"https:\/\/bolting.eu\/?post_type=product&#038;p=38213"},"modified":"2026-04-09T15:41:54","modified_gmt":"2026-04-09T13:41:54","slug":"chillaz-calanques-mountain-stripes","status":"publish","type":"product","link":"https:\/\/bolting.eu\/en\/shop\/chillaz-calanques-mountain-stripes\/","title":{"rendered":"Chillaz Calanques Mountain Stripes"},"content":{"rendered":"<p>Das Chillaz Calanques Mountain Stripes ist ein Herren Kletter Tank Top f\u00fcr hei\u00dfe Bedingungen. Denn es hat einerseits einen &#8220;luftigen&#8221; Schnitt f\u00fcr maximale Bel\u00fcftung. Und andererseits einen innovativem Materialmix.<\/p>\n<p>Somit wird z.B. der Bakterienwuchs durch eine perfekte Feuchtigkeitsregulierung verringert. Folglich beginnt dieses Tank nicht zu miefen.<\/p>\n<p>Fazit ein klasse <a href=\"https:\/\/bolting.eu\/en\/produkt-kategorie\/kletterbekleidung\/kletter-t-shirts-bouldern\/\">Bouldershirt<\/a> bzw. ideal f\u00fcr den Fels und die Freizeit im Sommer!<\/p>\n<h2>Eigenschaften Calanques Mountain Stripes<\/h2>\n<ul>\n<li>Hersteller: Chillaz<\/li>\n<li>Material: 61% Baumwolle, 16% Modal (Tencel), 13% Lyocell (Tencel), 10% Elastan<\/li>\n<li>Farbe: wine<\/li>\n<li>Gr\u00f6\u00dfen: S, M, L, XL<\/li>\n<li>Gewicht: 140 Gramm (Gr\u00f6\u00dfe M)<\/li>\n<li>luftiges Herren Kletter Tank Top<\/li>\n<li>Schnitt: Regular Fit<\/li>\n<li>dehnbarer Stoff<\/li>\n<li>Rundhalsausschnitt<\/li>\n<li>Ringerr\u00fccken<\/li>\n<li>ideal zum Klettern und Bouldern und die Freizeit<\/li>\n<li>Made in Europe \ud83c\uddea\ud83c\uddfa<\/li>\n<\/ul>\n<h3>Chillaz Gr\u00f6\u00dfentabelle Herren<\/h3>\n<p>Im Folgenden findet ihr die Gr\u00f6\u00dfentabelle f\u00fcr das Chillaz Calanques Mountain Stripes Herren Kletter Tank Top.<\/p>\n<p><a href=\"https:\/\/bolting.eu\/wp-content\/uploads\/2025\/10\/Groessentabelle-Chillaz-Bekleidung-Herren.jpg\"><img loading=\"lazy\" decoding=\"async\" class=\"alignnone size-full wp-image-34272\" src=\"https:\/\/bolting.eu\/wp-content\/uploads\/2025\/10\/Groessentabelle-Chillaz-Bekleidung-Herren.jpg\" alt=\"Tabelle mit den Herren Gr\u00f6\u00dfenangaben der Kletterbekleidung Marke Chillaz f\u00fcr den Kollektionsabverkauf.\" width=\"1024\" height=\"468\" srcset=\"https:\/\/bolting.eu\/wp-content\/uploads\/2025\/10\/Groessentabelle-Chillaz-Bekleidung-Herren.jpg 1024w, https:\/\/bolting.eu\/wp-content\/uploads\/2025\/10\/Groessentabelle-Chillaz-Bekleidung-Herren-800x366.jpg 800w, https:\/\/bolting.eu\/wp-content\/uploads\/2025\/10\/Groessentabelle-Chillaz-Bekleidung-Herren-768x351.jpg 768w, https:\/\/bolting.eu\/wp-content\/uploads\/2025\/10\/Groessentabelle-Chillaz-Bekleidung-Herren-510x233.jpg 510w, https:\/\/bolting.eu\/wp-content\/uploads\/2025\/10\/Groessentabelle-Chillaz-Bekleidung-Herren-100x46.jpg 100w\" sizes=\"auto, (max-width: 1024px) 100vw, 1024px\" \/><\/a><\/p>\n","protected":false},"excerpt":{"rendered":"<p>Feines Herren Kletter Tank Top aus innovativem Materialmix.<\/p>\n<p>Der angenehme Stoff ist sowohl dehnbar, als auch feuchtigkeitsregulierend und somit geruchsneutral. Der Schnitt ist &#8220;luftig&#8221; f\u00fcr warme Bedingungen beim Klettern, Bouldern oder die Freizeit.<\/p>\n<p>Versandkostenfrei bis 2kg in\u00a0<img decoding=\"async\" class=\"emoji\" role=\"img\" draggable=\"false\" src=\"https:\/\/s.w.org\/images\/core\/emoji\/14.0.0\/svg\/1f1e6-1f1f9.svg\" alt=\"\ud83c\udde6\ud83c\uddf9\" \/>\u00a0ab \u20ac 100,- und\u00a0<img decoding=\"async\" class=\"emoji\" role=\"img\" draggable=\"false\" src=\"https:\/\/s.w.org\/images\/core\/emoji\/14.0.0\/svg\/1f1e9-1f1ea.svg\" alt=\"\ud83c\udde9\ud83c\uddea\" \/>\u00a0ab \u20ac 200,-!<\/p>\n","protected":false},"featured_media":38218,"comment_status":"closed","ping_status":"closed","template":"","meta":[],"product_brand":[],"product_cat":[15289,15229,15224],"product_tag":[],"class_list":{"0":"post-38213","1":"product","2":"type-product","3":"status-publish","4":"has-post-thumbnail","6":"product_cat-chillaz","7":"product_cat-kletter-t-shirts-bouldern","8":"product_cat-kletterbekleidung","10":"first","11":"instock","12":"taxable","13":"shipping-taxable","14":"purchasable","15":"product-type-variable"},"yoast_head":"<!-- This site is optimized with the Yoast SEO Premium plugin v26.9 (Yoast SEO v26.9) - https:\/\/yoast.com\/product\/yoast-seo-premium-wordpress\/ -->\n<title>Chillaz Calanques Mountain Stripes | bolting.eu<\/title>\n<meta name=\"description\" content=\"Chillaz Calanques Mountain Stripes Herren Kletter Tank Top beim Kletterprofi kaufen \u2705 kostenloser Versand* \u2705 14 Tage R\u00fcckgaberecht \u2705 Co2 neutraler Versand\" \/>\n<meta name=\"robots\" content=\"index, follow, max-snippet:-1, max-image-preview:large, max-video-preview:-1\" \/>\n<link rel=\"canonical\" href=\"https:\/\/bolting.eu\/en\/shop\/chillaz-calanques-mountain-stripes\/\" \/>\n<meta property=\"og:locale\" content=\"en_US\" \/>\n<meta property=\"og:type\" content=\"article\" \/>\n<meta property=\"og:title\" content=\"Chillaz Calanques Mountain Stripes\" \/>\n<meta property=\"og:description\" content=\"Chillaz Calanques Mountain Stripes Herren Kletter Tank Top beim Kletterprofi kaufen \u2705 kostenloser Versand* \u2705 14 Tage R\u00fcckgaberecht \u2705 Co2 neutraler Versand\" \/>\n<meta property=\"og:url\" content=\"https:\/\/bolting.eu\/en\/shop\/chillaz-calanques-mountain-stripes\/\" \/>\n<meta property=\"og:site_name\" content=\"bolting.eu\" \/>\n<meta property=\"article:publisher\" content=\"https:\/\/www.facebook.com\/bolting.eu\" \/>\n<meta property=\"article:modified_time\" content=\"2026-04-09T13:41:54+00:00\" \/>\n<meta property=\"og:image\" content=\"https:\/\/bolting.eu\/wp-content\/uploads\/2026\/04\/Chillaz-Calanques-Mountain-Stripes-1.jpg\" \/>\n\t<meta property=\"og:image:width\" content=\"700\" \/>\n\t<meta property=\"og:image:height\" content=\"700\" \/>\n\t<meta property=\"og:image:type\" content=\"image\/jpeg\" \/>\n<meta name=\"twitter:card\" content=\"summary_large_image\" \/>\n<meta name=\"twitter:label1\" content=\"Availability\" \/>\n\t<meta name=\"twitter:data1\" content=\"In stock\" \/>\n<script type=\"application\/ld+json\" class=\"yoast-schema-graph\">{\"@context\":\"https:\/\/schema.org\",\"@graph\":[{\"@type\":[\"WebPage\",\"ItemPage\"],\"@id\":\"https:\/\/bolting.eu\/en\/shop\/chillaz-calanques-mountain-stripes\/\",\"url\":\"https:\/\/bolting.eu\/en\/shop\/chillaz-calanques-mountain-stripes\/\",\"name\":\"Chillaz Calanques Mountain Stripes | bolting.eu\",\"isPartOf\":{\"@id\":\"https:\/\/bolting.eu\/en\/#website\"},\"primaryImageOfPage\":{\"@id\":\"https:\/\/bolting.eu\/en\/shop\/chillaz-calanques-mountain-stripes\/#primaryimage\"},\"image\":{\"@id\":\"https:\/\/bolting.eu\/en\/shop\/chillaz-calanques-mountain-stripes\/#primaryimage\"},\"thumbnailUrl\":\"https:\/\/bolting.eu\/wp-content\/uploads\/2026\/04\/Chillaz-Calanques-Mountain-Stripes-1.jpg\",\"datePublished\":\"2026-04-09T12:55:02+00:00\",\"dateModified\":\"2026-04-09T13:41:54+00:00\",\"description\":\"Chillaz Calanques Mountain Stripes Herren Kletter Tank Top beim Kletterprofi kaufen \u2705 kostenloser Versand* \u2705 14 Tage R\u00fcckgaberecht \u2705 Co2 neutraler Versand\",\"breadcrumb\":{\"@id\":\"https:\/\/bolting.eu\/en\/shop\/chillaz-calanques-mountain-stripes\/#breadcrumb\"},\"inLanguage\":\"en-US\",\"potentialAction\":[{\"@type\":\"ReadAction\",\"target\":[\"https:\/\/bolting.eu\/en\/shop\/chillaz-calanques-mountain-stripes\/\"]}]},{\"@type\":\"ImageObject\",\"inLanguage\":\"en-US\",\"@id\":\"https:\/\/bolting.eu\/en\/shop\/chillaz-calanques-mountain-stripes\/#primaryimage\",\"url\":\"https:\/\/bolting.eu\/wp-content\/uploads\/2026\/04\/Chillaz-Calanques-Mountain-Stripes-1.jpg\",\"contentUrl\":\"https:\/\/bolting.eu\/wp-content\/uploads\/2026\/04\/Chillaz-Calanques-Mountain-Stripes-1.jpg\",\"width\":700,\"height\":700,\"caption\":\"Modell mit weinfarbenem Chillaz Calanques Mountain Stripes Herren Kletter Tank Top von der Vorderseite.\"},{\"@type\":\"BreadcrumbList\",\"@id\":\"https:\/\/bolting.eu\/en\/shop\/chillaz-calanques-mountain-stripes\/#breadcrumb\",\"itemListElement\":[{\"@type\":\"ListItem\",\"position\":1,\"name\":\"Shop\",\"item\":\"https:\/\/bolting.eu\/en\/shop\/\"},{\"@type\":\"ListItem\",\"position\":2,\"name\":\"Kletterbekleidung\",\"item\":\"https:\/\/bolting.eu\/produkt-kategorie\/kletterbekleidung\/\"},{\"@type\":\"ListItem\",\"position\":3,\"name\":\"Kletter &amp; Boulder T-Shirts\",\"item\":\"https:\/\/bolting.eu\/en\/produkt-kategorie\/kletterbekleidung\/kletter-t-shirts-bouldern\/\"},{\"@type\":\"ListItem\",\"position\":4,\"name\":\"Chillaz Calanques Mountain Stripes\"}]},{\"@type\":\"WebSite\",\"@id\":\"https:\/\/bolting.eu\/en\/#website\",\"url\":\"https:\/\/bolting.eu\/en\/\",\"name\":\"bolting.eu\",\"description\":\"we make climbs happen\",\"publisher\":{\"@id\":\"https:\/\/bolting.eu\/en\/#organization\"},\"potentialAction\":[{\"@type\":\"SearchAction\",\"target\":{\"@type\":\"EntryPoint\",\"urlTemplate\":\"https:\/\/bolting.eu\/en\/?s={search_term_string}\"},\"query-input\":{\"@type\":\"PropertyValueSpecification\",\"valueRequired\":true,\"valueName\":\"search_term_string\"}}],\"inLanguage\":\"en-US\"},{\"@type\":[\"Organization\",\"Place\",\"SportingGoodsStore\"],\"@id\":\"https:\/\/bolting.eu\/en\/#organization\",\"name\":\"bolting.eu\",\"url\":\"https:\/\/bolting.eu\/en\/\",\"logo\":{\"@id\":\"https:\/\/bolting.eu\/en\/shop\/chillaz-calanques-mountain-stripes\/#local-main-organization-logo\"},\"image\":{\"@id\":\"https:\/\/bolting.eu\/en\/shop\/chillaz-calanques-mountain-stripes\/#local-main-organization-logo\"},\"sameAs\":[\"https:\/\/www.facebook.com\/bolting.eu\",\"https:\/\/www.instagram.com\/bolting.eu\/\"],\"address\":{\"@id\":\"https:\/\/bolting.eu\/en\/shop\/chillaz-calanques-mountain-stripes\/#local-main-place-address\"},\"geo\":{\"@type\":\"GeoCoordinates\",\"latitude\":\"47.264176340396226\",\"longitude\":\"11.380109057672346\"},\"telephone\":[\"+43 699 19083372\"],\"openingHoursSpecification\":[{\"@type\":\"OpeningHoursSpecification\",\"dayOfWeek\":[\"Monday\",\"Wednesday\",\"Friday\"],\"opens\":\"14:00\",\"closes\":\"18:00\"},{\"@type\":\"OpeningHoursSpecification\",\"dayOfWeek\":[\"Tuesday\",\"Thursday\",\"Saturday\",\"Sunday\"],\"opens\":\"00:00\",\"closes\":\"00:00\"}],\"email\":\"office@bolting.eu\",\"vatID\":\"ATU59999728\",\"priceRange\":\"$$\",\"currenciesAccepted\":\"Euro\"},{\"@type\":\"PostalAddress\",\"@id\":\"https:\/\/bolting.eu\/en\/shop\/chillaz-calanques-mountain-stripes\/#local-main-place-address\",\"streetAddress\":\"Fischnalerstra\u00dfe 4\",\"addressLocality\":\"Innsbruck\",\"postalCode\":\"6020\",\"addressRegion\":\"Tirol\",\"addressCountry\":\"AT\"},{\"@type\":\"ImageObject\",\"inLanguage\":\"en-US\",\"@id\":\"https:\/\/bolting.eu\/en\/shop\/chillaz-calanques-mountain-stripes\/#local-main-organization-logo\",\"url\":\"https:\/\/bolting.eu\/wp-content\/uploads\/2019\/09\/bolting-logo.png\",\"contentUrl\":\"https:\/\/bolting.eu\/wp-content\/uploads\/2019\/09\/bolting-logo.png\",\"width\":400,\"height\":211,\"caption\":\"bolting.eu\"}]}<\/script>\n<meta property=\"og:availability\" content=\"instock\" \/>\n<meta property=\"product:availability\" content=\"instock\" \/>\n<meta property=\"product:condition\" content=\"new\" \/>\n<meta name=\"geo.placename\" content=\"Innsbruck\" \/>\n<meta name=\"geo.position\" content=\"47.264176340396226;11.380109057672346\" \/>\n<meta name=\"geo.region\" content=\"Austria\" \/>\n<!-- \/ Yoast SEO Premium plugin. -->","yoast_head_json":{"title":"Chillaz Calanques Mountain Stripes | bolting.eu","description":"Chillaz Calanques Mountain Stripes Herren Kletter Tank Top beim Kletterprofi kaufen \u2705 kostenloser Versand* \u2705 14 Tage R\u00fcckgaberecht \u2705 Co2 neutraler Versand","robots":{"index":"index","follow":"follow","max-snippet":"max-snippet:-1","max-image-preview":"max-image-preview:large","max-video-preview":"max-video-preview:-1"},"canonical":"https:\/\/bolting.eu\/en\/shop\/chillaz-calanques-mountain-stripes\/","og_locale":"en_US","og_type":"article","og_title":"Chillaz Calanques Mountain Stripes","og_description":"Chillaz Calanques Mountain Stripes Herren Kletter Tank Top beim Kletterprofi kaufen \u2705 kostenloser Versand* \u2705 14 Tage R\u00fcckgaberecht \u2705 Co2 neutraler Versand","og_url":"https:\/\/bolting.eu\/en\/shop\/chillaz-calanques-mountain-stripes\/","og_site_name":"bolting.eu","article_publisher":"https:\/\/www.facebook.com\/bolting.eu","article_modified_time":"2026-04-09T13:41:54+00:00","og_image":[{"width":700,"height":700,"url":"https:\/\/bolting.eu\/wp-content\/uploads\/2026\/04\/Chillaz-Calanques-Mountain-Stripes-1.jpg","type":"image\/jpeg"}],"twitter_card":"summary_large_image","twitter_misc":{"Availability":"In stock"},"schema":{"@context":"https:\/\/schema.org","@graph":[{"@type":["WebPage","ItemPage"],"@id":"https:\/\/bolting.eu\/en\/shop\/chillaz-calanques-mountain-stripes\/","url":"https:\/\/bolting.eu\/en\/shop\/chillaz-calanques-mountain-stripes\/","name":"Chillaz Calanques Mountain Stripes | bolting.eu","isPartOf":{"@id":"https:\/\/bolting.eu\/en\/#website"},"primaryImageOfPage":{"@id":"https:\/\/bolting.eu\/en\/shop\/chillaz-calanques-mountain-stripes\/#primaryimage"},"image":{"@id":"https:\/\/bolting.eu\/en\/shop\/chillaz-calanques-mountain-stripes\/#primaryimage"},"thumbnailUrl":"https:\/\/bolting.eu\/wp-content\/uploads\/2026\/04\/Chillaz-Calanques-Mountain-Stripes-1.jpg","datePublished":"2026-04-09T12:55:02+00:00","dateModified":"2026-04-09T13:41:54+00:00","description":"Chillaz Calanques Mountain Stripes Herren Kletter Tank Top beim Kletterprofi kaufen \u2705 kostenloser Versand* \u2705 14 Tage R\u00fcckgaberecht \u2705 Co2 neutraler Versand","breadcrumb":{"@id":"https:\/\/bolting.eu\/en\/shop\/chillaz-calanques-mountain-stripes\/#breadcrumb"},"inLanguage":"en-US","potentialAction":[{"@type":"ReadAction","target":["https:\/\/bolting.eu\/en\/shop\/chillaz-calanques-mountain-stripes\/"]}]},{"@type":"ImageObject","inLanguage":"en-US","@id":"https:\/\/bolting.eu\/en\/shop\/chillaz-calanques-mountain-stripes\/#primaryimage","url":"https:\/\/bolting.eu\/wp-content\/uploads\/2026\/04\/Chillaz-Calanques-Mountain-Stripes-1.jpg","contentUrl":"https:\/\/bolting.eu\/wp-content\/uploads\/2026\/04\/Chillaz-Calanques-Mountain-Stripes-1.jpg","width":700,"height":700,"caption":"Modell mit weinfarbenem Chillaz Calanques Mountain Stripes Herren Kletter Tank Top von der Vorderseite."},{"@type":"BreadcrumbList","@id":"https:\/\/bolting.eu\/en\/shop\/chillaz-calanques-mountain-stripes\/#breadcrumb","itemListElement":[{"@type":"ListItem","position":1,"name":"Shop","item":"https:\/\/bolting.eu\/en\/shop\/"},{"@type":"ListItem","position":2,"name":"Kletterbekleidung","item":"https:\/\/bolting.eu\/produkt-kategorie\/kletterbekleidung\/"},{"@type":"ListItem","position":3,"name":"Kletter &amp; Boulder T-Shirts","item":"https:\/\/bolting.eu\/en\/produkt-kategorie\/kletterbekleidung\/kletter-t-shirts-bouldern\/"},{"@type":"ListItem","position":4,"name":"Chillaz Calanques Mountain Stripes"}]},{"@type":"WebSite","@id":"https:\/\/bolting.eu\/en\/#website","url":"https:\/\/bolting.eu\/en\/","name":"bolting.eu","description":"we make climbs happen","publisher":{"@id":"https:\/\/bolting.eu\/en\/#organization"},"potentialAction":[{"@type":"SearchAction","target":{"@type":"EntryPoint","urlTemplate":"https:\/\/bolting.eu\/en\/?s={search_term_string}"},"query-input":{"@type":"PropertyValueSpecification","valueRequired":true,"valueName":"search_term_string"}}],"inLanguage":"en-US"},{"@type":["Organization","Place","SportingGoodsStore"],"@id":"https:\/\/bolting.eu\/en\/#organization","name":"bolting.eu","url":"https:\/\/bolting.eu\/en\/","logo":{"@id":"https:\/\/bolting.eu\/en\/shop\/chillaz-calanques-mountain-stripes\/#local-main-organization-logo"},"image":{"@id":"https:\/\/bolting.eu\/en\/shop\/chillaz-calanques-mountain-stripes\/#local-main-organization-logo"},"sameAs":["https:\/\/www.facebook.com\/bolting.eu","https:\/\/www.instagram.com\/bolting.eu\/"],"address":{"@id":"https:\/\/bolting.eu\/en\/shop\/chillaz-calanques-mountain-stripes\/#local-main-place-address"},"geo":{"@type":"GeoCoordinates","latitude":"47.264176340396226","longitude":"11.380109057672346"},"telephone":["+43 699 19083372"],"openingHoursSpecification":[{"@type":"OpeningHoursSpecification","dayOfWeek":["Monday","Wednesday","Friday"],"opens":"14:00","closes":"18:00"},{"@type":"OpeningHoursSpecification","dayOfWeek":["Tuesday","Thursday","Saturday","Sunday"],"opens":"00:00","closes":"00:00"}],"email":"office@bolting.eu","vatID":"ATU59999728","priceRange":"$$","currenciesAccepted":"Euro"},{"@type":"PostalAddress","@id":"https:\/\/bolting.eu\/en\/shop\/chillaz-calanques-mountain-stripes\/#local-main-place-address","streetAddress":"Fischnalerstra\u00dfe 4","addressLocality":"Innsbruck","postalCode":"6020","addressRegion":"Tirol","addressCountry":"AT"},{"@type":"ImageObject","inLanguage":"en-US","@id":"https:\/\/bolting.eu\/en\/shop\/chillaz-calanques-mountain-stripes\/#local-main-organization-logo","url":"https:\/\/bolting.eu\/wp-content\/uploads\/2019\/09\/bolting-logo.png","contentUrl":"https:\/\/bolting.eu\/wp-content\/uploads\/2019\/09\/bolting-logo.png","width":400,"height":211,"caption":"bolting.eu"}]},"og_availability":"instock","product_availability":"instock","product_condition":"new","geo.placename":"Innsbruck","geo.position":{"lat":"47.264176340396226","long":"11.380109057672346"},"geo.region":"Austria"},"_links":{"self":[{"href":"https:\/\/bolting.eu\/en\/wp-json\/wp\/v2\/product\/38213","targetHints":{"allow":["GET"]}}],"collection":[{"href":"https:\/\/bolting.eu\/en\/wp-json\/wp\/v2\/product"}],"about":[{"href":"https:\/\/bolting.eu\/en\/wp-json\/wp\/v2\/types\/product"}],"replies":[{"embeddable":true,"href":"https:\/\/bolting.eu\/en\/wp-json\/wp\/v2\/comments?post=38213"}],"wp:featuredmedia":[{"embeddable":true,"href":"https:\/\/bolting.eu\/en\/wp-json\/wp\/v2\/media\/38218"}],"wp:attachment":[{"href":"https:\/\/bolting.eu\/en\/wp-json\/wp\/v2\/media?parent=38213"}],"wp:term":[{"taxonomy":"product_brand","embeddable":true,"href":"https:\/\/bolting.eu\/en\/wp-json\/wp\/v2\/product_brand?post=38213"},{"taxonomy":"product_cat","embeddable":true,"href":"https:\/\/bolting.eu\/en\/wp-json\/wp\/v2\/product_cat?post=38213"},{"taxonomy":"product_tag","embeddable":true,"href":"https:\/\/bolting.eu\/en\/wp-json\/wp\/v2\/product_tag?post=38213"}],"curies":[{"name":"wp","href":"https:\/\/api.w.org\/{rel}","templated":true}]}}