{"id":3802,"date":"2020-05-31T13:22:48","date_gmt":"2020-05-31T11:22:48","guid":{"rendered":"https:\/\/bolting.eu\/?post_type=product&#038;p=3802"},"modified":"2025-01-24T10:14:30","modified_gmt":"2025-01-24T09:14:30","slug":"kong-swivel-dancer","status":"publish","type":"product","link":"https:\/\/bolting.eu\/en\/shop\/kong-swivel-dancer\/","title":{"rendered":"Kong Swivel Dancer"},"content":{"rendered":"<p>Der Kong Kong Swivel Dancer ist ein unerl\u00e4sslicher Helfer. Zum einen beim Big Wall Klettern. Zum anderen bei H\u00f6henarbeiten. Denn das praktische Drehgelenk verhindert das Krangeln des Statikseils bei sich drehenden Lasten.<\/p>\n<p>Diese Eigenschaft wird durch zwei getrennte Karabiner\u00f6sen m\u00f6glich. Diese sind mit einem Drehgelenk miteinander verbunden. D.h. bei \u00d6sen k\u00f6nnen sich in unabh\u00e4ngige Richtungen drehen.<\/p>\n<p>Kurzum. Geh\u00f6rt in jede <a href=\"https:\/\/bolting.eu\/produkt-kategorie\/industriekletter-ausruestung\/\">Industriekletter Ausr\u00fcstung<\/a> bzw. <a href=\"https:\/\/bolting.eu\/produkt-kategorie\/big-wall-ausruestung\/\">Big Wall Ausr\u00fcstung<\/a>.<\/p>\n<h2>Eigenschaften Kong Swivel Dancer<\/h2>\n<ul>\n<li>Hersteller: Kong Italy<\/li>\n<li>Material: Aluminium<\/li>\n<li>Normen: EN 354<\/li>\n<li>Bruchlast: 42kN<\/li>\n<li>Gewicht: 160 Gramm<\/li>\n<li>Durchmesser Karabiner\u00f6se: 23mm<\/li>\n<li>Einsatzbereiche: Big Wall, Rettungseins\u00e4tze, H\u00f6henarbeiten<\/li>\n<li>empfohlenes <a href=\"https:\/\/bolting.eu\/produkt-kategorie\/industriekletter-ausruestung\/verbindungselemente\/\">Verbindungselement<\/a>: <a href=\"https:\/\/bolting.eu\/shop\/petzl-ok-triact-lock\/\">Petzl OK Triact Lock<\/a><\/li>\n<li><a href=\"https:\/\/www.kong.it\/media\/Component\/CatalogProduct\/p130-dancer\/attachments\/I_KONG_LANYARDS_2018.pdf\" target=\"_blank\" rel=\"noopener noreferrer\">Bedienungsanleitung<\/a> beachten<\/li>\n<\/ul>\n<h3>Unentbehrlich bei Bigwalls<\/h3>\n<p>Bei Bigwalls ist der Kong Swivel Dancer unentbehrlich. Denn der Haulbag dreht sich bei jeder kleinen Querung um die eigene Achse. Ohne Swivel w\u00fcrde sowohl die &#8220;Lower Out Line&#8221; als auch die &#8220;Haul Line&#8221; zu krangeln beginnen. Deshalb fixiert man oberhalb der Anh\u00e4ngeschlaufen den Bag mit <a href=\"https:\/\/bolting.eu\/produkt-kategorie\/karabiner-kletterkarabiner\/\">Karabiner<\/a> bzw. Swivel die Haul Line.<\/p>\n<h3>Kong Swivel Dancer bei Rettungsteams<\/h3>\n<p>Dieses Drehgelenk ist nat\u00fcrlich auch bei Rettungseins\u00e4tzen unentbehrlich. Die stabilisierende Wirkung des Swivels ist in vielen Situationen Voraussetzung f\u00fcr sichere Eins\u00e4tze. Beispielsweise in der Bergrettung, H\u00f6hlenrettung oder Flugrettung.<\/p>\n<p>Eure Organisation m\u00f6chte eine gr\u00f6\u00dfere Menge an Swivel einkaufen? Dann sendet uns bitte ein <a href=\"mailto:office@bolting.eu\">E-Mail<\/a>.<\/p>\n<h3>Praxis Tipp<\/h3>\n<p>So erhaltet ihr die volle Funktionst\u00fcchtigkeit eures Kong Kong Swivel Dancer! Wascht das Drehgelenk erstens mit Wasser gut ab. Zudem hilft es, wenn ihr den Swivel mehrmals in die Hand &#8220;peitscht&#8221;. Denn somit l\u00f6st ihr kleinste Schmutz Partikel aus dem Gelenk. Dann lasst alles sch\u00f6n trocknen. Abschlie\u00dfend solltet ihr mit einem Karabiner Pflege\u00f6l das Gelenk schmieren. Voila. Jetzt ist euer Dancer wieder voll fit!<\/p>\n","protected":false},"excerpt":{"rendered":"<ul>\n<li>Hersteller: <a href=\"https:\/\/bolting.eu\/produkt-kategorie\/kong\/\">Kong Italy<\/a><\/li>\n<li>Material: Aluminium<\/li>\n<li>Normen: EN 354<\/li>\n<li>Bruchlast: 42kN<\/li>\n<li>Gewicht: 160 Gramm<\/li>\n<li>Durchmesser Karabiner\u00f6se: 23mm<\/li>\n<li>Einsatzbereiche: Big Wall, Rettungseins\u00e4tze, H\u00f6henarbeiten<\/li>\n<\/ul>\n","protected":false},"featured_media":3803,"comment_status":"open","ping_status":"closed","template":"","meta":[],"product_brand":[],"product_cat":[14771,4651,14513],"product_tag":[2228,265,1565],"class_list":{"0":"post-3802","1":"product","2":"type-product","3":"status-publish","4":"has-post-thumbnail","6":"product_cat-swivel-wirbel-drehgelenke","7":"product_cat-kong","8":"product_cat-industriekletter-ausruestung","9":"product_tag-hoehenarbeiten","10":"product_tag-big-wall-klettern","11":"product_tag-bergrettung","13":"first","14":"outofstock","15":"taxable","16":"shipping-taxable","17":"purchasable","18":"product-type-simple"},"yoast_head":"<!-- This site is optimized with the Yoast SEO Premium plugin v26.9 (Yoast SEO v26.9) - https:\/\/yoast.com\/product\/yoast-seo-premium-wordpress\/ -->\n<title>Kong Swivel Dancer - Drehgelenk online kaufen | bolting.eu<\/title>\n<meta name=\"description\" content=\"Hier findest Du den KONG SWIVEL DANCER. Ein extrem robustes Drehgelenk f\u00fcr H\u00f6henarbeiten, Bergrettung und Bigwalls. Online kaufen bei bolting.eu in \ud83c\udde6\ud83c\uddf9 !\" \/>\n<meta name=\"robots\" content=\"index, follow, max-snippet:-1, max-image-preview:large, max-video-preview:-1\" \/>\n<link rel=\"canonical\" href=\"https:\/\/bolting.eu\/en\/shop\/kong-swivel-dancer\/\" \/>\n<meta property=\"og:locale\" content=\"en_US\" \/>\n<meta property=\"og:type\" content=\"article\" \/>\n<meta property=\"og:title\" content=\"Kong Swivel Dancer\" \/>\n<meta property=\"og:description\" content=\"Hier findest Du den KONG SWIVEL DANCER. Ein extrem robustes Drehgelenk f\u00fcr H\u00f6henarbeiten, Bergrettung und Bigwalls. Online kaufen bei bolting.eu in \ud83c\udde6\ud83c\uddf9 !\" \/>\n<meta property=\"og:url\" content=\"https:\/\/bolting.eu\/en\/shop\/kong-swivel-dancer\/\" \/>\n<meta property=\"og:site_name\" content=\"bolting.eu\" \/>\n<meta property=\"article:publisher\" content=\"https:\/\/www.facebook.com\/bolting.eu\" \/>\n<meta property=\"article:modified_time\" content=\"2025-01-24T09:14:30+00:00\" \/>\n<meta property=\"og:image\" content=\"https:\/\/bolting.eu\/wp-content\/uploads\/2020\/05\/Kong-Kong-Swivel-Dancer.jpg\" \/>\n\t<meta property=\"og:image:width\" content=\"700\" \/>\n\t<meta property=\"og:image:height\" content=\"700\" \/>\n\t<meta property=\"og:image:type\" content=\"image\/jpeg\" \/>\n<meta name=\"twitter:card\" content=\"summary_large_image\" \/>\n<meta name=\"twitter:label1\" content=\"Price\" \/>\n\t<meta name=\"twitter:data1\" content=\"&euro;&nbsp;54,90\" \/>\n\t<meta name=\"twitter:label2\" content=\"Availability\" \/>\n\t<meta name=\"twitter:data2\" content=\"Out of stock\" \/>\n<script type=\"application\/ld+json\" class=\"yoast-schema-graph\">{\"@context\":\"https:\/\/schema.org\",\"@graph\":[{\"@type\":[\"WebPage\",\"ItemPage\"],\"@id\":\"https:\/\/bolting.eu\/en\/shop\/kong-swivel-dancer\/\",\"url\":\"https:\/\/bolting.eu\/en\/shop\/kong-swivel-dancer\/\",\"name\":\"Kong Swivel Dancer - Drehgelenk online kaufen | bolting.eu\",\"isPartOf\":{\"@id\":\"https:\/\/bolting.eu\/en\/#website\"},\"primaryImageOfPage\":{\"@id\":\"https:\/\/bolting.eu\/en\/shop\/kong-swivel-dancer\/#primaryimage\"},\"image\":{\"@id\":\"https:\/\/bolting.eu\/en\/shop\/kong-swivel-dancer\/#primaryimage\"},\"thumbnailUrl\":\"https:\/\/bolting.eu\/wp-content\/uploads\/2020\/05\/Kong-Kong-Swivel-Dancer.jpg\",\"datePublished\":\"2020-05-31T11:22:48+00:00\",\"dateModified\":\"2025-01-24T09:14:30+00:00\",\"description\":\"Hier findest Du den KONG SWIVEL DANCER. Ein extrem robustes Drehgelenk f\u00fcr H\u00f6henarbeiten, Bergrettung und Bigwalls. Online kaufen bei bolting.eu in \ud83c\udde6\ud83c\uddf9 !\",\"breadcrumb\":{\"@id\":\"https:\/\/bolting.eu\/en\/shop\/kong-swivel-dancer\/#breadcrumb\"},\"inLanguage\":\"en-US\",\"potentialAction\":[{\"@type\":\"ReadAction\",\"target\":[\"https:\/\/bolting.eu\/en\/shop\/kong-swivel-dancer\/\"]}]},{\"@type\":\"ImageObject\",\"inLanguage\":\"en-US\",\"@id\":\"https:\/\/bolting.eu\/en\/shop\/kong-swivel-dancer\/#primaryimage\",\"url\":\"https:\/\/bolting.eu\/wp-content\/uploads\/2020\/05\/Kong-Kong-Swivel-Dancer.jpg\",\"contentUrl\":\"https:\/\/bolting.eu\/wp-content\/uploads\/2020\/05\/Kong-Kong-Swivel-Dancer.jpg\",\"width\":700,\"height\":700,\"caption\":\"Das Bild zeigt den Kong Kong Swivel Dancer. Das Drehgelenk steht aufrecht im Bild, mit der orangen Karabiner\u00f6\u00f6se oben und der schwarzen Karabiner\u00f6se unten.\"},{\"@type\":\"BreadcrumbList\",\"@id\":\"https:\/\/bolting.eu\/en\/shop\/kong-swivel-dancer\/#breadcrumb\",\"itemListElement\":[{\"@type\":\"ListItem\",\"position\":1,\"name\":\"Shop\",\"item\":\"https:\/\/bolting.eu\/en\/shop\/\"},{\"@type\":\"ListItem\",\"position\":2,\"name\":\"Industrial climbing gear\",\"item\":\"https:\/\/bolting.eu\/en\/produkt-kategorie\/industrial-climbing-gear\/\"},{\"@type\":\"ListItem\",\"position\":3,\"name\":\"Swivel - Wirbel Drehgelenke\",\"item\":\"https:\/\/bolting.eu\/produkt-kategorie\/industriekletter-ausruestung\/swivel-wirbel-drehgelenke\/\"},{\"@type\":\"ListItem\",\"position\":4,\"name\":\"Kong Swivel Dancer\"}]},{\"@type\":\"WebSite\",\"@id\":\"https:\/\/bolting.eu\/en\/#website\",\"url\":\"https:\/\/bolting.eu\/en\/\",\"name\":\"bolting.eu\",\"description\":\"we make climbs happen\",\"publisher\":{\"@id\":\"https:\/\/bolting.eu\/en\/#organization\"},\"potentialAction\":[{\"@type\":\"SearchAction\",\"target\":{\"@type\":\"EntryPoint\",\"urlTemplate\":\"https:\/\/bolting.eu\/en\/?s={search_term_string}\"},\"query-input\":{\"@type\":\"PropertyValueSpecification\",\"valueRequired\":true,\"valueName\":\"search_term_string\"}}],\"inLanguage\":\"en-US\"},{\"@type\":[\"Organization\",\"Place\",\"SportingGoodsStore\"],\"@id\":\"https:\/\/bolting.eu\/en\/#organization\",\"name\":\"bolting.eu\",\"url\":\"https:\/\/bolting.eu\/en\/\",\"logo\":{\"@id\":\"https:\/\/bolting.eu\/en\/shop\/kong-swivel-dancer\/#local-main-organization-logo\"},\"image\":{\"@id\":\"https:\/\/bolting.eu\/en\/shop\/kong-swivel-dancer\/#local-main-organization-logo\"},\"sameAs\":[\"https:\/\/www.facebook.com\/bolting.eu\",\"https:\/\/www.instagram.com\/bolting.eu\/\"],\"address\":{\"@id\":\"https:\/\/bolting.eu\/en\/shop\/kong-swivel-dancer\/#local-main-place-address\"},\"geo\":{\"@type\":\"GeoCoordinates\",\"latitude\":\"47.264176340396226\",\"longitude\":\"11.380109057672346\"},\"telephone\":[\"+43 699 19083372\"],\"openingHoursSpecification\":[{\"@type\":\"OpeningHoursSpecification\",\"dayOfWeek\":[\"Monday\",\"Wednesday\",\"Friday\"],\"opens\":\"14:00\",\"closes\":\"18:00\"},{\"@type\":\"OpeningHoursSpecification\",\"dayOfWeek\":[\"Tuesday\",\"Thursday\",\"Saturday\",\"Sunday\"],\"opens\":\"00:00\",\"closes\":\"00:00\"}],\"email\":\"office@bolting.eu\",\"vatID\":\"ATU59999728\",\"priceRange\":\"$$\",\"currenciesAccepted\":\"Euro\"},{\"@type\":\"PostalAddress\",\"@id\":\"https:\/\/bolting.eu\/en\/shop\/kong-swivel-dancer\/#local-main-place-address\",\"streetAddress\":\"Fischnalerstra\u00dfe 4\",\"addressLocality\":\"Innsbruck\",\"postalCode\":\"6020\",\"addressRegion\":\"Tirol\",\"addressCountry\":\"AT\"},{\"@type\":\"ImageObject\",\"inLanguage\":\"en-US\",\"@id\":\"https:\/\/bolting.eu\/en\/shop\/kong-swivel-dancer\/#local-main-organization-logo\",\"url\":\"https:\/\/bolting.eu\/wp-content\/uploads\/2019\/09\/bolting-logo.png\",\"contentUrl\":\"https:\/\/bolting.eu\/wp-content\/uploads\/2019\/09\/bolting-logo.png\",\"width\":400,\"height\":211,\"caption\":\"bolting.eu\"}]}<\/script>\n<meta property=\"product:price:amount\" content=\"54.90\" \/>\n<meta property=\"product:price:currency\" content=\"EUR\" \/>\n<meta property=\"og:availability\" content=\"out of stock\" \/>\n<meta property=\"product:availability\" content=\"out of stock\" \/>\n<meta property=\"product:retailer_item_id\" content=\"948ON0400KK\" \/>\n<meta property=\"product:condition\" content=\"new\" \/>\n<meta name=\"geo.placename\" content=\"Innsbruck\" \/>\n<meta name=\"geo.position\" content=\"47.264176340396226;11.380109057672346\" \/>\n<meta name=\"geo.region\" content=\"Austria\" \/>\n<!-- \/ Yoast SEO Premium plugin. -->","yoast_head_json":{"title":"Kong Swivel Dancer - Drehgelenk online kaufen | bolting.eu","description":"Hier findest Du den KONG SWIVEL DANCER. Ein extrem robustes Drehgelenk f\u00fcr H\u00f6henarbeiten, Bergrettung und Bigwalls. Online kaufen bei bolting.eu in \ud83c\udde6\ud83c\uddf9 !","robots":{"index":"index","follow":"follow","max-snippet":"max-snippet:-1","max-image-preview":"max-image-preview:large","max-video-preview":"max-video-preview:-1"},"canonical":"https:\/\/bolting.eu\/en\/shop\/kong-swivel-dancer\/","og_locale":"en_US","og_type":"article","og_title":"Kong Swivel Dancer","og_description":"Hier findest Du den KONG SWIVEL DANCER. Ein extrem robustes Drehgelenk f\u00fcr H\u00f6henarbeiten, Bergrettung und Bigwalls. Online kaufen bei bolting.eu in \ud83c\udde6\ud83c\uddf9 !","og_url":"https:\/\/bolting.eu\/en\/shop\/kong-swivel-dancer\/","og_site_name":"bolting.eu","article_publisher":"https:\/\/www.facebook.com\/bolting.eu","article_modified_time":"2025-01-24T09:14:30+00:00","og_image":[{"width":700,"height":700,"url":"https:\/\/bolting.eu\/wp-content\/uploads\/2020\/05\/Kong-Kong-Swivel-Dancer.jpg","type":"image\/jpeg"}],"twitter_card":"summary_large_image","twitter_misc":{"Price":"&euro;&nbsp;54,90","Availability":"Out of stock"},"schema":{"@context":"https:\/\/schema.org","@graph":[{"@type":["WebPage","ItemPage"],"@id":"https:\/\/bolting.eu\/en\/shop\/kong-swivel-dancer\/","url":"https:\/\/bolting.eu\/en\/shop\/kong-swivel-dancer\/","name":"Kong Swivel Dancer - Drehgelenk online kaufen | bolting.eu","isPartOf":{"@id":"https:\/\/bolting.eu\/en\/#website"},"primaryImageOfPage":{"@id":"https:\/\/bolting.eu\/en\/shop\/kong-swivel-dancer\/#primaryimage"},"image":{"@id":"https:\/\/bolting.eu\/en\/shop\/kong-swivel-dancer\/#primaryimage"},"thumbnailUrl":"https:\/\/bolting.eu\/wp-content\/uploads\/2020\/05\/Kong-Kong-Swivel-Dancer.jpg","datePublished":"2020-05-31T11:22:48+00:00","dateModified":"2025-01-24T09:14:30+00:00","description":"Hier findest Du den KONG SWIVEL DANCER. Ein extrem robustes Drehgelenk f\u00fcr H\u00f6henarbeiten, Bergrettung und Bigwalls. Online kaufen bei bolting.eu in \ud83c\udde6\ud83c\uddf9 !","breadcrumb":{"@id":"https:\/\/bolting.eu\/en\/shop\/kong-swivel-dancer\/#breadcrumb"},"inLanguage":"en-US","potentialAction":[{"@type":"ReadAction","target":["https:\/\/bolting.eu\/en\/shop\/kong-swivel-dancer\/"]}]},{"@type":"ImageObject","inLanguage":"en-US","@id":"https:\/\/bolting.eu\/en\/shop\/kong-swivel-dancer\/#primaryimage","url":"https:\/\/bolting.eu\/wp-content\/uploads\/2020\/05\/Kong-Kong-Swivel-Dancer.jpg","contentUrl":"https:\/\/bolting.eu\/wp-content\/uploads\/2020\/05\/Kong-Kong-Swivel-Dancer.jpg","width":700,"height":700,"caption":"Das Bild zeigt den Kong Kong Swivel Dancer. Das Drehgelenk steht aufrecht im Bild, mit der orangen Karabiner\u00f6\u00f6se oben und der schwarzen Karabiner\u00f6se unten."},{"@type":"BreadcrumbList","@id":"https:\/\/bolting.eu\/en\/shop\/kong-swivel-dancer\/#breadcrumb","itemListElement":[{"@type":"ListItem","position":1,"name":"Shop","item":"https:\/\/bolting.eu\/en\/shop\/"},{"@type":"ListItem","position":2,"name":"Industrial climbing gear","item":"https:\/\/bolting.eu\/en\/produkt-kategorie\/industrial-climbing-gear\/"},{"@type":"ListItem","position":3,"name":"Swivel - Wirbel Drehgelenke","item":"https:\/\/bolting.eu\/produkt-kategorie\/industriekletter-ausruestung\/swivel-wirbel-drehgelenke\/"},{"@type":"ListItem","position":4,"name":"Kong Swivel Dancer"}]},{"@type":"WebSite","@id":"https:\/\/bolting.eu\/en\/#website","url":"https:\/\/bolting.eu\/en\/","name":"bolting.eu","description":"we make climbs happen","publisher":{"@id":"https:\/\/bolting.eu\/en\/#organization"},"potentialAction":[{"@type":"SearchAction","target":{"@type":"EntryPoint","urlTemplate":"https:\/\/bolting.eu\/en\/?s={search_term_string}"},"query-input":{"@type":"PropertyValueSpecification","valueRequired":true,"valueName":"search_term_string"}}],"inLanguage":"en-US"},{"@type":["Organization","Place","SportingGoodsStore"],"@id":"https:\/\/bolting.eu\/en\/#organization","name":"bolting.eu","url":"https:\/\/bolting.eu\/en\/","logo":{"@id":"https:\/\/bolting.eu\/en\/shop\/kong-swivel-dancer\/#local-main-organization-logo"},"image":{"@id":"https:\/\/bolting.eu\/en\/shop\/kong-swivel-dancer\/#local-main-organization-logo"},"sameAs":["https:\/\/www.facebook.com\/bolting.eu","https:\/\/www.instagram.com\/bolting.eu\/"],"address":{"@id":"https:\/\/bolting.eu\/en\/shop\/kong-swivel-dancer\/#local-main-place-address"},"geo":{"@type":"GeoCoordinates","latitude":"47.264176340396226","longitude":"11.380109057672346"},"telephone":["+43 699 19083372"],"openingHoursSpecification":[{"@type":"OpeningHoursSpecification","dayOfWeek":["Monday","Wednesday","Friday"],"opens":"14:00","closes":"18:00"},{"@type":"OpeningHoursSpecification","dayOfWeek":["Tuesday","Thursday","Saturday","Sunday"],"opens":"00:00","closes":"00:00"}],"email":"office@bolting.eu","vatID":"ATU59999728","priceRange":"$$","currenciesAccepted":"Euro"},{"@type":"PostalAddress","@id":"https:\/\/bolting.eu\/en\/shop\/kong-swivel-dancer\/#local-main-place-address","streetAddress":"Fischnalerstra\u00dfe 4","addressLocality":"Innsbruck","postalCode":"6020","addressRegion":"Tirol","addressCountry":"AT"},{"@type":"ImageObject","inLanguage":"en-US","@id":"https:\/\/bolting.eu\/en\/shop\/kong-swivel-dancer\/#local-main-organization-logo","url":"https:\/\/bolting.eu\/wp-content\/uploads\/2019\/09\/bolting-logo.png","contentUrl":"https:\/\/bolting.eu\/wp-content\/uploads\/2019\/09\/bolting-logo.png","width":400,"height":211,"caption":"bolting.eu"}]},"product_price_amount":"54.90","product_price_currency":"EUR","og_availability":"out of stock","product_availability":"out of stock","product_retailer_item_id":"948ON0400KK","product_condition":"new","geo.placename":"Innsbruck","geo.position":{"lat":"47.264176340396226","long":"11.380109057672346"},"geo.region":"Austria"},"_links":{"self":[{"href":"https:\/\/bolting.eu\/en\/wp-json\/wp\/v2\/product\/3802","targetHints":{"allow":["GET"]}}],"collection":[{"href":"https:\/\/bolting.eu\/en\/wp-json\/wp\/v2\/product"}],"about":[{"href":"https:\/\/bolting.eu\/en\/wp-json\/wp\/v2\/types\/product"}],"replies":[{"embeddable":true,"href":"https:\/\/bolting.eu\/en\/wp-json\/wp\/v2\/comments?post=3802"}],"wp:featuredmedia":[{"embeddable":true,"href":"https:\/\/bolting.eu\/en\/wp-json\/wp\/v2\/media\/3803"}],"wp:attachment":[{"href":"https:\/\/bolting.eu\/en\/wp-json\/wp\/v2\/media?parent=3802"}],"wp:term":[{"taxonomy":"product_brand","embeddable":true,"href":"https:\/\/bolting.eu\/en\/wp-json\/wp\/v2\/product_brand?post=3802"},{"taxonomy":"product_cat","embeddable":true,"href":"https:\/\/bolting.eu\/en\/wp-json\/wp\/v2\/product_cat?post=3802"},{"taxonomy":"product_tag","embeddable":true,"href":"https:\/\/bolting.eu\/en\/wp-json\/wp\/v2\/product_tag?post=3802"}],"curies":[{"name":"wp","href":"https:\/\/api.w.org\/{rel}","templated":true}]}}