{"id":37895,"date":"2026-03-27T14:47:59","date_gmt":"2026-03-27T13:47:59","guid":{"rendered":"https:\/\/bolting.eu\/?post_type=product&#038;p=37895"},"modified":"2026-03-27T14:48:01","modified_gmt":"2026-03-27T13:48:01","slug":"eb-torch-lace","status":"publish","type":"product","link":"https:\/\/bolting.eu\/en\/shop\/eb-torch-lace\/","title":{"rendered":"EB Torch Lace"},"content":{"rendered":"<p>Der EB Torch Lace ist ein \u00e4u\u00dferst komfortabler <a href=\"https:\/\/bolting.eu\/produkt-kategorie\/kletterausruestung\/kletterschuhe\/\">Kletterschuh<\/a>. Denn er hat keinen Downturn und ist so gut wie symmetrisch.<\/p>\n<p>Somit ergibt sich ein &#8220;gerader&#8221; Leisten, der auf viele F\u00fc\u00dfe passt.<\/p>\n<p>Zudem ist dieses Modell mit einer 4mm Sohle und einer Zwischensohle ausgestattet. Folglich ergibt das ein energiesparendes Stehen auf kleinen Tritten.<\/p>\n<p>Abschlie\u00dfend sorgt der Oberbau aus Microfiber, eine gepolsterte Zunge und eine Einlage an der Ferse f\u00fcr zus\u00e4tzlichen Komfort!<\/p>\n<p>Fazit: ein toller Schuh f\u00fcr lange Routen und Anf\u00e4nger bis Intermediates!<\/p>\n<h3>Eigenschaften EB Torch Lace<\/h3>\n<ul>\n<li>Hersteller: EB<\/li>\n<li>Gewicht: 460 Gramm (Paar EU 40)<\/li>\n<li>Ausrichtung: komfortabler Kletterschuh &#8211; Allrounder &amp; Anf\u00e4nger<\/li>\n<li>Obermaterial: Dynamic Microfiber (Kunstleder)<\/li>\n<li>Innenfutter: keines<\/li>\n<li>Innensohle: Stretchtex<\/li>\n<li>Verschluss System: Schn\u00fcrsenkel<\/li>\n<li>Steifigkeit: mittel<\/li>\n<li>Sensibilit\u00e4t: mittel<\/li>\n<li>Leisten: mittelbreit \u2013 sehr gut f\u00fcr alle Fu\u00dfbreiten geeignet<\/li>\n<li>Asymmetrie: gering<\/li>\n<li>Downturn: keinen<\/li>\n<li>Zunge: gepolsterte Zunge<\/li>\n<li>Sohle: 5mm Optima X Rubber<\/li>\n<li>Zwischensohle: Micro Zwischensohle<\/li>\n<li>geeignet f\u00fcr sehr hohen Rist: ja<\/li>\n<li>gepolsterte Ferse zum leichteren Anziehen<\/li>\n<li>1 gro\u00dfe Anziehschlaufe<\/li>\n<li>Einsatzbereiche: alle Kletterdisziplinen<\/li>\n<li>Zielgruppe: alle die einen gem\u00fctlichen Allrounder bevorzugen, Einsteiger, preisbewusste Kletterer;<\/li>\n<\/ul>\n<p><a href=\"https:\/\/bolting.eu\/wp-content\/uploads\/2026\/03\/EB-Torch-LAce-4.jpg\"><img loading=\"lazy\" decoding=\"async\" class=\"alignnone size-full wp-image-37898\" src=\"https:\/\/bolting.eu\/wp-content\/uploads\/2026\/03\/EB-Torch-LAce-4.jpg\" alt=\"Grafik mit f\u00fcnf Symolen und Werten zur Eigenschaftsbeschreibung eines komfortablen EB Kletterschuhs.\" width=\"1286\" height=\"402\" srcset=\"https:\/\/bolting.eu\/wp-content\/uploads\/2026\/03\/EB-Torch-LAce-4.jpg 1286w, https:\/\/bolting.eu\/wp-content\/uploads\/2026\/03\/EB-Torch-LAce-4-800x250.jpg 800w, https:\/\/bolting.eu\/wp-content\/uploads\/2026\/03\/EB-Torch-LAce-4-768x240.jpg 768w, https:\/\/bolting.eu\/wp-content\/uploads\/2026\/03\/EB-Torch-LAce-4-510x159.jpg 510w, https:\/\/bolting.eu\/wp-content\/uploads\/2026\/03\/EB-Torch-LAce-4-100x31.jpg 100w\" sizes=\"auto, (max-width: 1286px) 100vw, 1286px\" \/><\/a><\/p>\n<p>&nbsp;<\/p>\n","protected":false},"excerpt":{"rendered":"<p>Preiswerter und extrem komfortabler Kletterschuh f\u00fcr Einsteiger bis Intermediates bzw. Mehrseill\u00e4ngen.<\/p>\n<p>Die St\u00e4rken sind die Passform f\u00fcr viele Fu\u00dftypen, kraftsparendes Stehen und mittlere Steifigkeit.<\/p>\n<p>Versandkostenfrei bis 2kg in\u00a0<img decoding=\"async\" class=\"emoji\" role=\"img\" draggable=\"false\" src=\"https:\/\/s.w.org\/images\/core\/emoji\/14.0.0\/svg\/1f1e6-1f1f9.svg\" alt=\"\ud83c\udde6\ud83c\uddf9\" \/>\u00a0ab \u20ac 100,- und\u00a0<img decoding=\"async\" class=\"emoji\" role=\"img\" draggable=\"false\" src=\"https:\/\/s.w.org\/images\/core\/emoji\/14.0.0\/svg\/1f1e9-1f1ea.svg\" alt=\"\ud83c\udde9\ud83c\uddea\" \/>\u00a0ab \u20ac 200,-!<\/p>\n","protected":false},"featured_media":37902,"comment_status":"closed","ping_status":"closed","template":"","meta":[],"product_brand":[],"product_cat":[14556,29],"product_tag":[],"class_list":{"0":"post-37895","1":"product","2":"type-product","3":"status-publish","4":"has-post-thumbnail","6":"product_cat-kletterschuhe","7":"product_cat-kletterausruestung","9":"first","10":"instock","11":"sale","12":"taxable","13":"shipping-taxable","14":"purchasable","15":"product-type-variable"},"yoast_head":"<!-- This site is optimized with the Yoast SEO Premium plugin v26.9 (Yoast SEO v26.9) - https:\/\/yoast.com\/product\/yoast-seo-premium-wordpress\/ -->\n<title>EB Torch Lace | bolting.eu<\/title>\n<meta name=\"robots\" content=\"index, follow, max-snippet:-1, max-image-preview:large, max-video-preview:-1\" \/>\n<link rel=\"canonical\" href=\"https:\/\/bolting.eu\/en\/shop\/eb-torch-lace\/\" \/>\n<meta property=\"og:locale\" content=\"en_US\" \/>\n<meta property=\"og:type\" content=\"article\" \/>\n<meta property=\"og:title\" content=\"EB Torch Lace\" \/>\n<meta property=\"og:description\" content=\"Preiswerter und extrem komfortabler Kletterschuh f\u00fcr Einsteiger bis Intermediates bzw. Mehrseill\u00e4ngen.  Die St\u00e4rken sind die Passform f\u00fcr viele Fu\u00dftypen, kraftsparendes Stehen und mittlere Steifigkeit.  Versandkostenfrei bis 2kg in\u00a0\u00a0ab \u20ac 100,- und\u00a0\u00a0ab \u20ac 200,-!\" \/>\n<meta property=\"og:url\" content=\"https:\/\/bolting.eu\/en\/shop\/eb-torch-lace\/\" \/>\n<meta property=\"og:site_name\" content=\"bolting.eu\" \/>\n<meta property=\"article:publisher\" content=\"https:\/\/www.facebook.com\/bolting.eu\" \/>\n<meta property=\"article:modified_time\" content=\"2026-03-27T13:48:01+00:00\" \/>\n<meta property=\"og:image\" content=\"https:\/\/bolting.eu\/wp-content\/uploads\/2026\/03\/EB-Torch-LAce-2.jpg\" \/>\n\t<meta property=\"og:image:width\" content=\"700\" \/>\n\t<meta property=\"og:image:height\" content=\"700\" \/>\n\t<meta property=\"og:image:type\" content=\"image\/jpeg\" \/>\n<meta name=\"twitter:card\" content=\"summary_large_image\" \/>\n<meta name=\"twitter:label1\" content=\"Availability\" \/>\n\t<meta name=\"twitter:data1\" content=\"In stock\" \/>\n<script type=\"application\/ld+json\" class=\"yoast-schema-graph\">{\"@context\":\"https:\/\/schema.org\",\"@graph\":[{\"@type\":[\"WebPage\",\"ItemPage\"],\"@id\":\"https:\/\/bolting.eu\/en\/shop\/eb-torch-lace\/\",\"url\":\"https:\/\/bolting.eu\/en\/shop\/eb-torch-lace\/\",\"name\":\"EB Torch Lace | bolting.eu\",\"isPartOf\":{\"@id\":\"https:\/\/bolting.eu\/en\/#website\"},\"primaryImageOfPage\":{\"@id\":\"https:\/\/bolting.eu\/en\/shop\/eb-torch-lace\/#primaryimage\"},\"image\":{\"@id\":\"https:\/\/bolting.eu\/en\/shop\/eb-torch-lace\/#primaryimage\"},\"thumbnailUrl\":\"https:\/\/bolting.eu\/wp-content\/uploads\/2026\/03\/EB-Torch-LAce-2.jpg\",\"datePublished\":\"2026-03-27T13:47:59+00:00\",\"dateModified\":\"2026-03-27T13:48:01+00:00\",\"breadcrumb\":{\"@id\":\"https:\/\/bolting.eu\/en\/shop\/eb-torch-lace\/#breadcrumb\"},\"inLanguage\":\"en-US\",\"potentialAction\":[{\"@type\":\"ReadAction\",\"target\":[\"https:\/\/bolting.eu\/en\/shop\/eb-torch-lace\/\"]}]},{\"@type\":\"ImageObject\",\"inLanguage\":\"en-US\",\"@id\":\"https:\/\/bolting.eu\/en\/shop\/eb-torch-lace\/#primaryimage\",\"url\":\"https:\/\/bolting.eu\/wp-content\/uploads\/2026\/03\/EB-Torch-LAce-2.jpg\",\"contentUrl\":\"https:\/\/bolting.eu\/wp-content\/uploads\/2026\/03\/EB-Torch-LAce-2.jpg\",\"width\":700,\"height\":700,\"caption\":\"Wei\u00df-blau-schwarzer EB Torch Lace Kletterschuh von der Seite.\"},{\"@type\":\"BreadcrumbList\",\"@id\":\"https:\/\/bolting.eu\/en\/shop\/eb-torch-lace\/#breadcrumb\",\"itemListElement\":[{\"@type\":\"ListItem\",\"position\":1,\"name\":\"Shop\",\"item\":\"https:\/\/bolting.eu\/en\/shop\/\"},{\"@type\":\"ListItem\",\"position\":2,\"name\":\"climbing equipment\",\"item\":\"https:\/\/bolting.eu\/en\/produkt-kategorie\/climbing-equipment\/\"},{\"@type\":\"ListItem\",\"position\":3,\"name\":\"Kletterschuhe\",\"item\":\"https:\/\/bolting.eu\/produkt-kategorie\/kletterausruestung\/kletterschuhe\/\"},{\"@type\":\"ListItem\",\"position\":4,\"name\":\"EB Torch Lace\"}]},{\"@type\":\"WebSite\",\"@id\":\"https:\/\/bolting.eu\/en\/#website\",\"url\":\"https:\/\/bolting.eu\/en\/\",\"name\":\"bolting.eu\",\"description\":\"we make climbs happen\",\"publisher\":{\"@id\":\"https:\/\/bolting.eu\/en\/#organization\"},\"potentialAction\":[{\"@type\":\"SearchAction\",\"target\":{\"@type\":\"EntryPoint\",\"urlTemplate\":\"https:\/\/bolting.eu\/en\/?s={search_term_string}\"},\"query-input\":{\"@type\":\"PropertyValueSpecification\",\"valueRequired\":true,\"valueName\":\"search_term_string\"}}],\"inLanguage\":\"en-US\"},{\"@type\":[\"Organization\",\"Place\",\"SportingGoodsStore\"],\"@id\":\"https:\/\/bolting.eu\/en\/#organization\",\"name\":\"bolting.eu\",\"url\":\"https:\/\/bolting.eu\/en\/\",\"logo\":{\"@id\":\"https:\/\/bolting.eu\/en\/shop\/eb-torch-lace\/#local-main-organization-logo\"},\"image\":{\"@id\":\"https:\/\/bolting.eu\/en\/shop\/eb-torch-lace\/#local-main-organization-logo\"},\"sameAs\":[\"https:\/\/www.facebook.com\/bolting.eu\",\"https:\/\/www.instagram.com\/bolting.eu\/\"],\"address\":{\"@id\":\"https:\/\/bolting.eu\/en\/shop\/eb-torch-lace\/#local-main-place-address\"},\"geo\":{\"@type\":\"GeoCoordinates\",\"latitude\":\"47.264176340396226\",\"longitude\":\"11.380109057672346\"},\"telephone\":[\"+43 699 19083372\"],\"openingHoursSpecification\":[{\"@type\":\"OpeningHoursSpecification\",\"dayOfWeek\":[\"Monday\",\"Wednesday\",\"Friday\"],\"opens\":\"14:00\",\"closes\":\"18:00\"},{\"@type\":\"OpeningHoursSpecification\",\"dayOfWeek\":[\"Tuesday\",\"Thursday\",\"Saturday\",\"Sunday\"],\"opens\":\"00:00\",\"closes\":\"00:00\"}],\"email\":\"office@bolting.eu\",\"vatID\":\"ATU59999728\",\"priceRange\":\"$$\",\"currenciesAccepted\":\"Euro\"},{\"@type\":\"PostalAddress\",\"@id\":\"https:\/\/bolting.eu\/en\/shop\/eb-torch-lace\/#local-main-place-address\",\"streetAddress\":\"Fischnalerstra\u00dfe 4\",\"addressLocality\":\"Innsbruck\",\"postalCode\":\"6020\",\"addressRegion\":\"Tirol\",\"addressCountry\":\"AT\"},{\"@type\":\"ImageObject\",\"inLanguage\":\"en-US\",\"@id\":\"https:\/\/bolting.eu\/en\/shop\/eb-torch-lace\/#local-main-organization-logo\",\"url\":\"https:\/\/bolting.eu\/wp-content\/uploads\/2019\/09\/bolting-logo.png\",\"contentUrl\":\"https:\/\/bolting.eu\/wp-content\/uploads\/2019\/09\/bolting-logo.png\",\"width\":400,\"height\":211,\"caption\":\"bolting.eu\"}]}<\/script>\n<meta property=\"og:availability\" content=\"instock\" \/>\n<meta property=\"product:availability\" content=\"instock\" \/>\n<meta property=\"product:condition\" content=\"new\" \/>\n<meta name=\"geo.placename\" content=\"Innsbruck\" \/>\n<meta name=\"geo.position\" content=\"47.264176340396226;11.380109057672346\" \/>\n<meta name=\"geo.region\" content=\"Austria\" \/>\n<!-- \/ Yoast SEO Premium plugin. -->","yoast_head_json":{"title":"EB Torch Lace | bolting.eu","robots":{"index":"index","follow":"follow","max-snippet":"max-snippet:-1","max-image-preview":"max-image-preview:large","max-video-preview":"max-video-preview:-1"},"canonical":"https:\/\/bolting.eu\/en\/shop\/eb-torch-lace\/","og_locale":"en_US","og_type":"article","og_title":"EB Torch Lace","og_description":"Preiswerter und extrem komfortabler Kletterschuh f\u00fcr Einsteiger bis Intermediates bzw. Mehrseill\u00e4ngen.  Die St\u00e4rken sind die Passform f\u00fcr viele Fu\u00dftypen, kraftsparendes Stehen und mittlere Steifigkeit.  Versandkostenfrei bis 2kg in\u00a0\u00a0ab \u20ac 100,- und\u00a0\u00a0ab \u20ac 200,-!","og_url":"https:\/\/bolting.eu\/en\/shop\/eb-torch-lace\/","og_site_name":"bolting.eu","article_publisher":"https:\/\/www.facebook.com\/bolting.eu","article_modified_time":"2026-03-27T13:48:01+00:00","og_image":[{"width":700,"height":700,"url":"https:\/\/bolting.eu\/wp-content\/uploads\/2026\/03\/EB-Torch-LAce-2.jpg","type":"image\/jpeg"}],"twitter_card":"summary_large_image","twitter_misc":{"Availability":"In stock"},"schema":{"@context":"https:\/\/schema.org","@graph":[{"@type":["WebPage","ItemPage"],"@id":"https:\/\/bolting.eu\/en\/shop\/eb-torch-lace\/","url":"https:\/\/bolting.eu\/en\/shop\/eb-torch-lace\/","name":"EB Torch Lace | bolting.eu","isPartOf":{"@id":"https:\/\/bolting.eu\/en\/#website"},"primaryImageOfPage":{"@id":"https:\/\/bolting.eu\/en\/shop\/eb-torch-lace\/#primaryimage"},"image":{"@id":"https:\/\/bolting.eu\/en\/shop\/eb-torch-lace\/#primaryimage"},"thumbnailUrl":"https:\/\/bolting.eu\/wp-content\/uploads\/2026\/03\/EB-Torch-LAce-2.jpg","datePublished":"2026-03-27T13:47:59+00:00","dateModified":"2026-03-27T13:48:01+00:00","breadcrumb":{"@id":"https:\/\/bolting.eu\/en\/shop\/eb-torch-lace\/#breadcrumb"},"inLanguage":"en-US","potentialAction":[{"@type":"ReadAction","target":["https:\/\/bolting.eu\/en\/shop\/eb-torch-lace\/"]}]},{"@type":"ImageObject","inLanguage":"en-US","@id":"https:\/\/bolting.eu\/en\/shop\/eb-torch-lace\/#primaryimage","url":"https:\/\/bolting.eu\/wp-content\/uploads\/2026\/03\/EB-Torch-LAce-2.jpg","contentUrl":"https:\/\/bolting.eu\/wp-content\/uploads\/2026\/03\/EB-Torch-LAce-2.jpg","width":700,"height":700,"caption":"Wei\u00df-blau-schwarzer EB Torch Lace Kletterschuh von der Seite."},{"@type":"BreadcrumbList","@id":"https:\/\/bolting.eu\/en\/shop\/eb-torch-lace\/#breadcrumb","itemListElement":[{"@type":"ListItem","position":1,"name":"Shop","item":"https:\/\/bolting.eu\/en\/shop\/"},{"@type":"ListItem","position":2,"name":"climbing equipment","item":"https:\/\/bolting.eu\/en\/produkt-kategorie\/climbing-equipment\/"},{"@type":"ListItem","position":3,"name":"Kletterschuhe","item":"https:\/\/bolting.eu\/produkt-kategorie\/kletterausruestung\/kletterschuhe\/"},{"@type":"ListItem","position":4,"name":"EB Torch Lace"}]},{"@type":"WebSite","@id":"https:\/\/bolting.eu\/en\/#website","url":"https:\/\/bolting.eu\/en\/","name":"bolting.eu","description":"we make climbs happen","publisher":{"@id":"https:\/\/bolting.eu\/en\/#organization"},"potentialAction":[{"@type":"SearchAction","target":{"@type":"EntryPoint","urlTemplate":"https:\/\/bolting.eu\/en\/?s={search_term_string}"},"query-input":{"@type":"PropertyValueSpecification","valueRequired":true,"valueName":"search_term_string"}}],"inLanguage":"en-US"},{"@type":["Organization","Place","SportingGoodsStore"],"@id":"https:\/\/bolting.eu\/en\/#organization","name":"bolting.eu","url":"https:\/\/bolting.eu\/en\/","logo":{"@id":"https:\/\/bolting.eu\/en\/shop\/eb-torch-lace\/#local-main-organization-logo"},"image":{"@id":"https:\/\/bolting.eu\/en\/shop\/eb-torch-lace\/#local-main-organization-logo"},"sameAs":["https:\/\/www.facebook.com\/bolting.eu","https:\/\/www.instagram.com\/bolting.eu\/"],"address":{"@id":"https:\/\/bolting.eu\/en\/shop\/eb-torch-lace\/#local-main-place-address"},"geo":{"@type":"GeoCoordinates","latitude":"47.264176340396226","longitude":"11.380109057672346"},"telephone":["+43 699 19083372"],"openingHoursSpecification":[{"@type":"OpeningHoursSpecification","dayOfWeek":["Monday","Wednesday","Friday"],"opens":"14:00","closes":"18:00"},{"@type":"OpeningHoursSpecification","dayOfWeek":["Tuesday","Thursday","Saturday","Sunday"],"opens":"00:00","closes":"00:00"}],"email":"office@bolting.eu","vatID":"ATU59999728","priceRange":"$$","currenciesAccepted":"Euro"},{"@type":"PostalAddress","@id":"https:\/\/bolting.eu\/en\/shop\/eb-torch-lace\/#local-main-place-address","streetAddress":"Fischnalerstra\u00dfe 4","addressLocality":"Innsbruck","postalCode":"6020","addressRegion":"Tirol","addressCountry":"AT"},{"@type":"ImageObject","inLanguage":"en-US","@id":"https:\/\/bolting.eu\/en\/shop\/eb-torch-lace\/#local-main-organization-logo","url":"https:\/\/bolting.eu\/wp-content\/uploads\/2019\/09\/bolting-logo.png","contentUrl":"https:\/\/bolting.eu\/wp-content\/uploads\/2019\/09\/bolting-logo.png","width":400,"height":211,"caption":"bolting.eu"}]},"og_availability":"instock","product_availability":"instock","product_condition":"new","geo.placename":"Innsbruck","geo.position":{"lat":"47.264176340396226","long":"11.380109057672346"},"geo.region":"Austria"},"_links":{"self":[{"href":"https:\/\/bolting.eu\/en\/wp-json\/wp\/v2\/product\/37895","targetHints":{"allow":["GET"]}}],"collection":[{"href":"https:\/\/bolting.eu\/en\/wp-json\/wp\/v2\/product"}],"about":[{"href":"https:\/\/bolting.eu\/en\/wp-json\/wp\/v2\/types\/product"}],"replies":[{"embeddable":true,"href":"https:\/\/bolting.eu\/en\/wp-json\/wp\/v2\/comments?post=37895"}],"wp:featuredmedia":[{"embeddable":true,"href":"https:\/\/bolting.eu\/en\/wp-json\/wp\/v2\/media\/37902"}],"wp:attachment":[{"href":"https:\/\/bolting.eu\/en\/wp-json\/wp\/v2\/media?parent=37895"}],"wp:term":[{"taxonomy":"product_brand","embeddable":true,"href":"https:\/\/bolting.eu\/en\/wp-json\/wp\/v2\/product_brand?post=37895"},{"taxonomy":"product_cat","embeddable":true,"href":"https:\/\/bolting.eu\/en\/wp-json\/wp\/v2\/product_cat?post=37895"},{"taxonomy":"product_tag","embeddable":true,"href":"https:\/\/bolting.eu\/en\/wp-json\/wp\/v2\/product_tag?post=37895"}],"curies":[{"name":"wp","href":"https:\/\/api.w.org\/{rel}","templated":true}]}}