{"id":3789,"date":"2020-05-31T10:37:26","date_gmt":"2020-05-31T08:37:26","guid":{"rendered":"https:\/\/bolting.eu\/?post_type=product&#038;p=3789"},"modified":"2026-04-10T09:27:43","modified_gmt":"2026-04-10T07:27:43","slug":"kong-4rig","status":"publish","type":"product","link":"https:\/\/bolting.eu\/en\/shop\/kong-4rig\/","title":{"rendered":"Kong 4Rig"},"content":{"rendered":"<p>Die neue Kong 4Rig ist eine mittelgro\u00dfe Riggingplatte. Sie ist ein hilfreiches Anschlagmittel f\u00fcr H\u00f6henarbeiter. Sie sollte in keiner Industriekletter Ausr\u00fcstung fehlen.<\/p>\n<p>In der Haupt\u00f6se finden 2 <a href=\"https:\/\/bolting.eu\/produkt-kategorie\/karabiner-kletterkarabiner\/\">Karabiner<\/a> Platz. Dann hat das Produkt vier weitere Aufh\u00e4ngungen. Sie alle sind sehr stark abgerundet. Somit kann man Seilschlingen oder Reepschn\u00fcre direkt dort einbinden.<\/p>\n<p>Die vielseitige Platte wird oft in Verbindung mit Abseilger\u00e4t, Seilrolle und Statikseilen verwendet.<\/p>\n<p>Kurzum. Ein kleiner leichter Helfer bei allen H\u00f6henarbeiten und bei Rettungseins\u00e4tzen!<\/p>\n<h3>Eigenschaften Riggingplatte Kong 4Rig<\/h3>\n<ul>\n<li>Hersteller: Kong Italy<\/li>\n<li>Material: 10mm dickes Aluminium<\/li>\n<li>Gewicht: nur 154 Gramm<\/li>\n<li>Normen: En 354, EN 795, CEN TS 16415<\/li>\n<li>Bruchlast: 30 kN<\/li>\n<li>Aufnahme f\u00fcr 4 Karabiner<\/li>\n<li>Gr\u00f6\u00dfe: ca. 126 x 90 mm<\/li>\n<li><a href=\"https:\/\/www.kong.it\/de\/produkt\/4rig\/?_gl=1*1pst7lu*_ga*MTcxNTgyOTUwNy4xNzM3MzcxOTA4*_up*MQ..*_ga_DWQ39Z0LRB*MTczNzM3MTkwNS4xLjEuMTczNzM3MzQ2MC4wLjAuMA..*_ga_2DEHVVX21K*MTczNzM3MTkwNS4xLjEuMTczNzM3MzQ2MC4wLjAuMA..#:~:text=ALLGEMEINE%20INFORMATIONEN-,BEDIENUNGSANLEITUNG,-KONFORMIT%C3%84TSERKL%C3%84RUNG\" target=\"_blank\" rel=\"noopener\">Bedienungsanleitung<\/a><\/li>\n<\/ul>\n<h3>Produktvideo<\/h3>\n<p>Im Folgenden Video wird mitunter diese Riggingplatte vorstellt:<\/p>\n<p><iframe loading=\"lazy\" src=\"https:\/\/www.youtube.com\/embed\/5dRJUuSqPn8\" width=\"100%\" height=\"450\" frameborder=\"0\" allowfullscreen=\"allowfullscreen\"><span data-mce-type=\"bookmark\" style=\"display: inline-block; width: 0px; overflow: hidden; line-height: 0;\" class=\"mce_SELRES_start\">\ufeff<\/span><\/iframe><\/p>\n<h3>Verwendung im Rettungswesen<\/h3>\n<p>Wir bekommen regelm\u00e4\u00dfig Anfragen von Bergbahnen und Rettungsorganisationen. Denn die 4Rig von Kong findet weite Verbreitung in diesen Bereichen.<\/p>\n<p>Folglich ist dieses Produkt f\u00fcr alle Arten von Rettungseins\u00e4tzen geradezu ideal. Ihr wollt eine Angebot f\u00fcr eine gr\u00f6\u00dfere Anzahl dieses Produkts? Dann schickt uns doch bitte einfach ein <a href=\"mailto:orders@bolting.eu\" target=\"_blank\" rel=\"noopener noreferrer\">E-Mail<\/a>.<\/p>\n<h3>Verwendung beim Einbohren<\/h3>\n<p>Beim Einbohren von Mehrseill\u00e4ngenrouten kann die 4Rig extrem hilfreich sein. Denn da seilt man sich in der Regel mit einem Haulbag \u00fcber die Wand ab. Das Einh\u00e4ngen mehrere Sachen in die Sicherungsschlaufe ist dabei nat\u00fcrlich nachteilhaft. Diese Riggingplatte sorgt hier f\u00fcr Abhilfe.<\/p>\n<p>Nach unten eingeh\u00e4ngt sorgt sie f\u00fcr \u00fcbersichtliche Organisation mehrere Werkzeuge. Beisielsweise Bohrmaschine, Haulbag, <a href=\"https:\/\/bolting.eu\/produkt-kategorie\/felshammer\/\">Felshammer<\/a>,&#8230;<\/p>\n<h3>Praxis Tipp Kong 4Rig<\/h3>\n<p><a href=\"https:\/\/bolting.eu\/wp-content\/uploads\/2020\/05\/Riggingplatte-Kong-Poker-1.jpg\"><img loading=\"lazy\" decoding=\"async\" class=\"alignleft wp-image-3792 size-medium\" src=\"https:\/\/bolting.eu\/wp-content\/uploads\/2020\/05\/Riggingplatte-Kong-Poker-1-400x400.jpg\" alt=\"Das Bild zeigt eine Riggingplatte Kong Poker. Sie ist an zwei schwarzen Seilen in Bildmitte fixiert. In den unteren Karabiner\u00f6sen h\u00e4ngen vier Seile. Das Bild spiegelt eine der Anwendungen des Produktes perfekt wieder.\" width=\"400\" height=\"400\" srcset=\"https:\/\/bolting.eu\/wp-content\/uploads\/2020\/05\/Riggingplatte-Kong-Poker-1-400x400.jpg 400w, https:\/\/bolting.eu\/wp-content\/uploads\/2020\/05\/Riggingplatte-Kong-Poker-1-100x100.jpg 100w, https:\/\/bolting.eu\/wp-content\/uploads\/2020\/05\/Riggingplatte-Kong-Poker-1-510x510.jpg 510w, https:\/\/bolting.eu\/wp-content\/uploads\/2020\/05\/Riggingplatte-Kong-Poker-1-280x280.jpg 280w, https:\/\/bolting.eu\/wp-content\/uploads\/2020\/05\/Riggingplatte-Kong-Poker-1-300x300.jpg 300w, https:\/\/bolting.eu\/wp-content\/uploads\/2020\/05\/Riggingplatte-Kong-Poker-1-600x600.jpg 600w, https:\/\/bolting.eu\/wp-content\/uploads\/2020\/05\/Riggingplatte-Kong-Poker-1.jpg 700w\" sizes=\"auto, (max-width: 400px) 100vw, 400px\" \/><\/a>Die Riggingplatte ist auch toll f\u00fcr die Organisation am Stand bei H\u00f6henarbeiten. Mit ihr kann man mehrere Umlenk- und Abseilpunkte sehr gut organisieren. Zum Beispiel belastetes Arbeitsseil, redundantes Statikseil, eine zus\u00e4tzliche Haul Line sowie Positionierungsseile.<\/p>\n<p>&nbsp;<\/p>\n","protected":false},"excerpt":{"rendered":"<p>Vielseitige Riggingplatte mit stark abgerundeten \u00d6sen. Die Haupt\u00f6se hat dabei Platz f\u00fcr zwei Karabiner. Bruchlast 30kN.<\/p>\n<p>Ideal f\u00fcr Industrieklettern, Rettungseins\u00e4tze oder beim Einbohren.<\/p>\n<p>Versandkostenfrei bis 2kg in <img decoding=\"async\" class=\"emoji\" role=\"img\" draggable=\"false\" src=\"https:\/\/s.w.org\/images\/core\/emoji\/14.0.0\/svg\/1f1e6-1f1f9.svg\" alt=\"\ud83c\udde6\ud83c\uddf9\" \/> ab \u20ac 100,- und <img decoding=\"async\" class=\"emoji\" role=\"img\" draggable=\"false\" src=\"https:\/\/s.w.org\/images\/core\/emoji\/14.0.0\/svg\/1f1e9-1f1ea.svg\" alt=\"\ud83c\udde9\ud83c\uddea\" \/> ab \u20ac 200,-!<\/p>\n","protected":false},"featured_media":30364,"comment_status":"open","ping_status":"closed","template":"","meta":[],"product_brand":[],"product_cat":[4651,14513,14765],"product_tag":[1565,2188,2228],"class_list":{"0":"post-3789","1":"product","2":"type-product","3":"status-publish","4":"has-post-thumbnail","6":"product_cat-kong","7":"product_cat-industriekletter-ausruestung","8":"product_cat-riggingplatten","9":"product_tag-bergrettung","10":"product_tag-hoehlenrettung","11":"product_tag-hoehenarbeiten","13":"first","14":"instock","15":"sale","16":"taxable","17":"shipping-taxable","18":"purchasable","19":"product-type-simple"},"yoast_head":"<!-- This site is optimized with the Yoast SEO Premium plugin v26.9 (Yoast SEO v26.9) - https:\/\/yoast.com\/product\/yoast-seo-premium-wordpress\/ -->\n<title>Kong 4Rig - jetzt online kaufen | bolting.eu<\/title>\n<meta name=\"description\" content=\"Kong 4Rig beim Industriekletter Ausr\u00fcstung Profi kaufen \u2705 Trusted Shop \u2705 kostenloser Versand* \u2705 14 Tage R\u00fcckgaberecht \u2705 Co2 neutrale Zustellung\" \/>\n<meta name=\"robots\" content=\"index, follow, max-snippet:-1, max-image-preview:large, max-video-preview:-1\" \/>\n<link rel=\"canonical\" href=\"https:\/\/bolting.eu\/en\/shop\/kong-4rig\/\" \/>\n<meta property=\"og:locale\" content=\"en_US\" \/>\n<meta property=\"og:type\" content=\"article\" \/>\n<meta property=\"og:title\" content=\"Kong 4Rig\" \/>\n<meta property=\"og:description\" content=\"Kong 4Rig beim Industriekletter Ausr\u00fcstung Profi kaufen \u2705 Trusted Shop \u2705 kostenloser Versand* \u2705 14 Tage R\u00fcckgaberecht \u2705 Co2 neutrale Zustellung\" \/>\n<meta property=\"og:url\" content=\"https:\/\/bolting.eu\/en\/shop\/kong-4rig\/\" \/>\n<meta property=\"og:site_name\" content=\"bolting.eu\" \/>\n<meta property=\"article:publisher\" content=\"https:\/\/www.facebook.com\/bolting.eu\" \/>\n<meta property=\"article:modified_time\" content=\"2026-04-10T07:27:43+00:00\" \/>\n<meta property=\"og:image\" content=\"https:\/\/bolting.eu\/wp-content\/uploads\/2020\/05\/King-4-Rig-1.jpg\" \/>\n\t<meta property=\"og:image:width\" content=\"700\" \/>\n\t<meta property=\"og:image:height\" content=\"700\" \/>\n\t<meta property=\"og:image:type\" content=\"image\/jpeg\" \/>\n<meta name=\"twitter:card\" content=\"summary_large_image\" \/>\n<meta name=\"twitter:label1\" content=\"Price\" \/>\n\t<meta name=\"twitter:data1\" content=\"&euro;&nbsp;28,50\" \/>\n\t<meta name=\"twitter:label2\" content=\"Availability\" \/>\n\t<meta name=\"twitter:data2\" content=\"In stock\" \/>\n<script type=\"application\/ld+json\" class=\"yoast-schema-graph\">{\"@context\":\"https:\/\/schema.org\",\"@graph\":[{\"@type\":[\"WebPage\",\"ItemPage\"],\"@id\":\"https:\/\/bolting.eu\/en\/shop\/kong-4rig\/\",\"url\":\"https:\/\/bolting.eu\/en\/shop\/kong-4rig\/\",\"name\":\"Kong 4Rig - jetzt online kaufen | bolting.eu\",\"isPartOf\":{\"@id\":\"https:\/\/bolting.eu\/en\/#website\"},\"primaryImageOfPage\":{\"@id\":\"https:\/\/bolting.eu\/en\/shop\/kong-4rig\/#primaryimage\"},\"image\":{\"@id\":\"https:\/\/bolting.eu\/en\/shop\/kong-4rig\/#primaryimage\"},\"thumbnailUrl\":\"https:\/\/bolting.eu\/wp-content\/uploads\/2020\/05\/King-4-Rig-1.jpg\",\"datePublished\":\"2020-05-31T08:37:26+00:00\",\"dateModified\":\"2026-04-10T07:27:43+00:00\",\"description\":\"Kong 4Rig beim Industriekletter Ausr\u00fcstung Profi kaufen \u2705 Trusted Shop \u2705 kostenloser Versand* \u2705 14 Tage R\u00fcckgaberecht \u2705 Co2 neutrale Zustellung\",\"breadcrumb\":{\"@id\":\"https:\/\/bolting.eu\/en\/shop\/kong-4rig\/#breadcrumb\"},\"inLanguage\":\"en-US\",\"potentialAction\":[{\"@type\":\"ReadAction\",\"target\":[\"https:\/\/bolting.eu\/en\/shop\/kong-4rig\/\"]}]},{\"@type\":\"ImageObject\",\"inLanguage\":\"en-US\",\"@id\":\"https:\/\/bolting.eu\/en\/shop\/kong-4rig\/#primaryimage\",\"url\":\"https:\/\/bolting.eu\/wp-content\/uploads\/2020\/05\/King-4-Rig-1.jpg\",\"contentUrl\":\"https:\/\/bolting.eu\/wp-content\/uploads\/2020\/05\/King-4-Rig-1.jpg\",\"width\":700,\"height\":700,\"caption\":\"Schwarze Kong 4Rig Riggingplatte auf wei\u00dfem Quadrat. Rechts oben buntes bolting.eu Logo.\"},{\"@type\":\"BreadcrumbList\",\"@id\":\"https:\/\/bolting.eu\/en\/shop\/kong-4rig\/#breadcrumb\",\"itemListElement\":[{\"@type\":\"ListItem\",\"position\":1,\"name\":\"Shop\",\"item\":\"https:\/\/bolting.eu\/en\/shop\/\"},{\"@type\":\"ListItem\",\"position\":2,\"name\":\"Industrial climbing gear\",\"item\":\"https:\/\/bolting.eu\/en\/produkt-kategorie\/industrial-climbing-gear\/\"},{\"@type\":\"ListItem\",\"position\":3,\"name\":\"Riggingplatten\",\"item\":\"https:\/\/bolting.eu\/produkt-kategorie\/industriekletter-ausruestung\/riggingplatten\/\"},{\"@type\":\"ListItem\",\"position\":4,\"name\":\"Kong 4Rig\"}]},{\"@type\":\"WebSite\",\"@id\":\"https:\/\/bolting.eu\/en\/#website\",\"url\":\"https:\/\/bolting.eu\/en\/\",\"name\":\"bolting.eu\",\"description\":\"we make climbs happen\",\"publisher\":{\"@id\":\"https:\/\/bolting.eu\/en\/#organization\"},\"potentialAction\":[{\"@type\":\"SearchAction\",\"target\":{\"@type\":\"EntryPoint\",\"urlTemplate\":\"https:\/\/bolting.eu\/en\/?s={search_term_string}\"},\"query-input\":{\"@type\":\"PropertyValueSpecification\",\"valueRequired\":true,\"valueName\":\"search_term_string\"}}],\"inLanguage\":\"en-US\"},{\"@type\":[\"Organization\",\"Place\",\"SportingGoodsStore\"],\"@id\":\"https:\/\/bolting.eu\/en\/#organization\",\"name\":\"bolting.eu\",\"url\":\"https:\/\/bolting.eu\/en\/\",\"logo\":{\"@id\":\"https:\/\/bolting.eu\/en\/shop\/kong-4rig\/#local-main-organization-logo\"},\"image\":{\"@id\":\"https:\/\/bolting.eu\/en\/shop\/kong-4rig\/#local-main-organization-logo\"},\"sameAs\":[\"https:\/\/www.facebook.com\/bolting.eu\",\"https:\/\/www.instagram.com\/bolting.eu\/\"],\"address\":{\"@id\":\"https:\/\/bolting.eu\/en\/shop\/kong-4rig\/#local-main-place-address\"},\"geo\":{\"@type\":\"GeoCoordinates\",\"latitude\":\"47.264176340396226\",\"longitude\":\"11.380109057672346\"},\"telephone\":[\"+43 699 19083372\"],\"openingHoursSpecification\":[{\"@type\":\"OpeningHoursSpecification\",\"dayOfWeek\":[\"Monday\",\"Wednesday\",\"Friday\"],\"opens\":\"14:00\",\"closes\":\"18:00\"},{\"@type\":\"OpeningHoursSpecification\",\"dayOfWeek\":[\"Tuesday\",\"Thursday\",\"Saturday\",\"Sunday\"],\"opens\":\"00:00\",\"closes\":\"00:00\"}],\"email\":\"office@bolting.eu\",\"vatID\":\"ATU59999728\",\"priceRange\":\"$$\",\"currenciesAccepted\":\"Euro\"},{\"@type\":\"PostalAddress\",\"@id\":\"https:\/\/bolting.eu\/en\/shop\/kong-4rig\/#local-main-place-address\",\"streetAddress\":\"Fischnalerstra\u00dfe 4\",\"addressLocality\":\"Innsbruck\",\"postalCode\":\"6020\",\"addressRegion\":\"Tirol\",\"addressCountry\":\"AT\"},{\"@type\":\"ImageObject\",\"inLanguage\":\"en-US\",\"@id\":\"https:\/\/bolting.eu\/en\/shop\/kong-4rig\/#local-main-organization-logo\",\"url\":\"https:\/\/bolting.eu\/wp-content\/uploads\/2019\/09\/bolting-logo.png\",\"contentUrl\":\"https:\/\/bolting.eu\/wp-content\/uploads\/2019\/09\/bolting-logo.png\",\"width\":400,\"height\":211,\"caption\":\"bolting.eu\"}]}<\/script>\n<meta property=\"og:video\" content=\"https:\/\/www.youtube.com\/embed\/5dRJUuSqPn8\" \/>\n<meta property=\"og:video:type\" content=\"text\/html\" \/>\n<meta property=\"og:video:duration\" content=\"64\" \/>\n<meta property=\"og:video:width\" content=\"480\" \/>\n<meta property=\"og:video:height\" content=\"270\" \/>\n<meta property=\"ya:ovs:adult\" content=\"false\" \/>\n<meta property=\"ya:ovs:upload_date\" content=\"2020-05-31T08:37:26+00:00\" \/>\n<meta property=\"ya:ovs:allow_embed\" content=\"true\" \/>\n<meta property=\"product:price:amount\" content=\"28.50\" \/>\n<meta property=\"product:price:currency\" content=\"EUR\" \/>\n<meta property=\"og:availability\" content=\"instock\" \/>\n<meta property=\"product:availability\" content=\"instock\" \/>\n<meta property=\"product:retailer_item_id\" content=\"864N17400KK\" \/>\n<meta property=\"product:condition\" content=\"new\" \/>\n<meta name=\"geo.placename\" content=\"Innsbruck\" \/>\n<meta name=\"geo.position\" content=\"47.264176340396226;11.380109057672346\" \/>\n<meta name=\"geo.region\" content=\"Austria\" \/>\n<!-- \/ Yoast SEO Premium plugin. -->","yoast_head_json":{"title":"Kong 4Rig - jetzt online kaufen | bolting.eu","description":"Kong 4Rig beim Industriekletter Ausr\u00fcstung Profi kaufen \u2705 Trusted Shop \u2705 kostenloser Versand* \u2705 14 Tage R\u00fcckgaberecht \u2705 Co2 neutrale Zustellung","robots":{"index":"index","follow":"follow","max-snippet":"max-snippet:-1","max-image-preview":"max-image-preview:large","max-video-preview":"max-video-preview:-1"},"canonical":"https:\/\/bolting.eu\/en\/shop\/kong-4rig\/","og_locale":"en_US","og_type":"article","og_title":"Kong 4Rig","og_description":"Kong 4Rig beim Industriekletter Ausr\u00fcstung Profi kaufen \u2705 Trusted Shop \u2705 kostenloser Versand* \u2705 14 Tage R\u00fcckgaberecht \u2705 Co2 neutrale Zustellung","og_url":"https:\/\/bolting.eu\/en\/shop\/kong-4rig\/","og_site_name":"bolting.eu","article_publisher":"https:\/\/www.facebook.com\/bolting.eu","article_modified_time":"2026-04-10T07:27:43+00:00","og_image":[{"width":700,"height":700,"url":"https:\/\/bolting.eu\/wp-content\/uploads\/2020\/05\/King-4-Rig-1.jpg","type":"image\/jpeg"}],"twitter_card":"summary_large_image","twitter_misc":{"Price":"&euro;&nbsp;28,50","Availability":"In stock"},"schema":{"@context":"https:\/\/schema.org","@graph":[{"@type":["WebPage","ItemPage"],"@id":"https:\/\/bolting.eu\/en\/shop\/kong-4rig\/","url":"https:\/\/bolting.eu\/en\/shop\/kong-4rig\/","name":"Kong 4Rig - jetzt online kaufen | bolting.eu","isPartOf":{"@id":"https:\/\/bolting.eu\/en\/#website"},"primaryImageOfPage":{"@id":"https:\/\/bolting.eu\/en\/shop\/kong-4rig\/#primaryimage"},"image":{"@id":"https:\/\/bolting.eu\/en\/shop\/kong-4rig\/#primaryimage"},"thumbnailUrl":"https:\/\/bolting.eu\/wp-content\/uploads\/2020\/05\/King-4-Rig-1.jpg","datePublished":"2020-05-31T08:37:26+00:00","dateModified":"2026-04-10T07:27:43+00:00","description":"Kong 4Rig beim Industriekletter Ausr\u00fcstung Profi kaufen \u2705 Trusted Shop \u2705 kostenloser Versand* \u2705 14 Tage R\u00fcckgaberecht \u2705 Co2 neutrale Zustellung","breadcrumb":{"@id":"https:\/\/bolting.eu\/en\/shop\/kong-4rig\/#breadcrumb"},"inLanguage":"en-US","potentialAction":[{"@type":"ReadAction","target":["https:\/\/bolting.eu\/en\/shop\/kong-4rig\/"]}]},{"@type":"ImageObject","inLanguage":"en-US","@id":"https:\/\/bolting.eu\/en\/shop\/kong-4rig\/#primaryimage","url":"https:\/\/bolting.eu\/wp-content\/uploads\/2020\/05\/King-4-Rig-1.jpg","contentUrl":"https:\/\/bolting.eu\/wp-content\/uploads\/2020\/05\/King-4-Rig-1.jpg","width":700,"height":700,"caption":"Schwarze Kong 4Rig Riggingplatte auf wei\u00dfem Quadrat. Rechts oben buntes bolting.eu Logo."},{"@type":"BreadcrumbList","@id":"https:\/\/bolting.eu\/en\/shop\/kong-4rig\/#breadcrumb","itemListElement":[{"@type":"ListItem","position":1,"name":"Shop","item":"https:\/\/bolting.eu\/en\/shop\/"},{"@type":"ListItem","position":2,"name":"Industrial climbing gear","item":"https:\/\/bolting.eu\/en\/produkt-kategorie\/industrial-climbing-gear\/"},{"@type":"ListItem","position":3,"name":"Riggingplatten","item":"https:\/\/bolting.eu\/produkt-kategorie\/industriekletter-ausruestung\/riggingplatten\/"},{"@type":"ListItem","position":4,"name":"Kong 4Rig"}]},{"@type":"WebSite","@id":"https:\/\/bolting.eu\/en\/#website","url":"https:\/\/bolting.eu\/en\/","name":"bolting.eu","description":"we make climbs happen","publisher":{"@id":"https:\/\/bolting.eu\/en\/#organization"},"potentialAction":[{"@type":"SearchAction","target":{"@type":"EntryPoint","urlTemplate":"https:\/\/bolting.eu\/en\/?s={search_term_string}"},"query-input":{"@type":"PropertyValueSpecification","valueRequired":true,"valueName":"search_term_string"}}],"inLanguage":"en-US"},{"@type":["Organization","Place","SportingGoodsStore"],"@id":"https:\/\/bolting.eu\/en\/#organization","name":"bolting.eu","url":"https:\/\/bolting.eu\/en\/","logo":{"@id":"https:\/\/bolting.eu\/en\/shop\/kong-4rig\/#local-main-organization-logo"},"image":{"@id":"https:\/\/bolting.eu\/en\/shop\/kong-4rig\/#local-main-organization-logo"},"sameAs":["https:\/\/www.facebook.com\/bolting.eu","https:\/\/www.instagram.com\/bolting.eu\/"],"address":{"@id":"https:\/\/bolting.eu\/en\/shop\/kong-4rig\/#local-main-place-address"},"geo":{"@type":"GeoCoordinates","latitude":"47.264176340396226","longitude":"11.380109057672346"},"telephone":["+43 699 19083372"],"openingHoursSpecification":[{"@type":"OpeningHoursSpecification","dayOfWeek":["Monday","Wednesday","Friday"],"opens":"14:00","closes":"18:00"},{"@type":"OpeningHoursSpecification","dayOfWeek":["Tuesday","Thursday","Saturday","Sunday"],"opens":"00:00","closes":"00:00"}],"email":"office@bolting.eu","vatID":"ATU59999728","priceRange":"$$","currenciesAccepted":"Euro"},{"@type":"PostalAddress","@id":"https:\/\/bolting.eu\/en\/shop\/kong-4rig\/#local-main-place-address","streetAddress":"Fischnalerstra\u00dfe 4","addressLocality":"Innsbruck","postalCode":"6020","addressRegion":"Tirol","addressCountry":"AT"},{"@type":"ImageObject","inLanguage":"en-US","@id":"https:\/\/bolting.eu\/en\/shop\/kong-4rig\/#local-main-organization-logo","url":"https:\/\/bolting.eu\/wp-content\/uploads\/2019\/09\/bolting-logo.png","contentUrl":"https:\/\/bolting.eu\/wp-content\/uploads\/2019\/09\/bolting-logo.png","width":400,"height":211,"caption":"bolting.eu"}]},"og_video":"https:\/\/www.youtube.com\/embed\/5dRJUuSqPn8","og_video_type":"text\/html","og_video_duration":"64","og_video_width":"480","og_video_height":"270","ya_ovs_adult":"false","ya_ovs_upload_date":"2020-05-31T08:37:26+00:00","ya_ovs_allow_embed":"true","product_price_amount":"28.50","product_price_currency":"EUR","og_availability":"instock","product_availability":"instock","product_retailer_item_id":"864N17400KK","product_condition":"new","geo.placename":"Innsbruck","geo.position":{"lat":"47.264176340396226","long":"11.380109057672346"},"geo.region":"Austria"},"_links":{"self":[{"href":"https:\/\/bolting.eu\/en\/wp-json\/wp\/v2\/product\/3789","targetHints":{"allow":["GET"]}}],"collection":[{"href":"https:\/\/bolting.eu\/en\/wp-json\/wp\/v2\/product"}],"about":[{"href":"https:\/\/bolting.eu\/en\/wp-json\/wp\/v2\/types\/product"}],"replies":[{"embeddable":true,"href":"https:\/\/bolting.eu\/en\/wp-json\/wp\/v2\/comments?post=3789"}],"wp:featuredmedia":[{"embeddable":true,"href":"https:\/\/bolting.eu\/en\/wp-json\/wp\/v2\/media\/30364"}],"wp:attachment":[{"href":"https:\/\/bolting.eu\/en\/wp-json\/wp\/v2\/media?parent=3789"}],"wp:term":[{"taxonomy":"product_brand","embeddable":true,"href":"https:\/\/bolting.eu\/en\/wp-json\/wp\/v2\/product_brand?post=3789"},{"taxonomy":"product_cat","embeddable":true,"href":"https:\/\/bolting.eu\/en\/wp-json\/wp\/v2\/product_cat?post=3789"},{"taxonomy":"product_tag","embeddable":true,"href":"https:\/\/bolting.eu\/en\/wp-json\/wp\/v2\/product_tag?post=3789"}],"curies":[{"name":"wp","href":"https:\/\/api.w.org\/{rel}","templated":true}]}}