{"id":3781,"date":"2020-05-31T09:49:51","date_gmt":"2020-05-31T07:49:51","guid":{"rendered":"https:\/\/bolting.eu\/?post_type=product&#038;p=3781"},"modified":"2025-03-13T14:28:10","modified_gmt":"2025-03-13T13:28:10","slug":"klettersteigbremse-kong-kisa","status":"publish","type":"product","link":"https:\/\/bolting.eu\/en\/shop\/klettersteigbremse-kong-kisa\/","title":{"rendered":"Klettersteigbremse Kong Kisa"},"content":{"rendered":"<p>Die Klettersteigbremse Kong Kisa wird auch als Fangsto\u00dfd\u00e4mpfer bezeichnet. Denn dieses d\u00e4mpft durch seine Funktionsweise einen Sturz dynamisch ab.<\/p>\n<p>Das Prinzip ist im Grunde sehr einfach. Zum einen wird ein ca. 1,5-2m langes Seil entsprechend der Bedienungsanleitung im Ger\u00e4t eingef\u00e4delt. Dabei k\u00f6nnen 9mm bis 11mm Seile verwendet werden. Im Falle eines Sturzes &#8220;rutscht&#8221; zum anderen das Seil kontrolliert durch die Rillen und nimmt die Fallenergie auf.<\/p>\n<p>\u00dcberdies kann dieser Fangsto\u00dfd\u00e4mpfer auch als Zwischensicherung eingesetzt werden. N\u00e4mlich \u00fcberall dort wo nicht die volle Belastung auf den Fixpunkt kommen soll. Das ist beispielsweise beim Techno Klettern sinnvoll.<\/p>\n<p>Kurzum. Ein ideales Produkt f\u00fcr alle die sich eine einfache dynamische Absturzsicherung f\u00fcr H\u00f6henarbeiten bauen wollen. <strong>Ersetzt kein modernes <a href=\"https:\/\/bolting.eu\/produkt-kategorie\/klettersteigausruestung\/klettersteigset\/\">Klettersteigset<\/a>!<\/strong><\/p>\n<h2>Eigenschaften Klettersteigbremse Kong Kisa<\/h2>\n<ul>\n<li>Hersteller: Kong Italy<\/li>\n<li>Gewicht: 330 Gramm<\/li>\n<li>Material: Aluminium<\/li>\n<li>f\u00fcr Seile 9-11mm<\/li>\n<li>Verbindung zum Gurt mit Schraubkarabiner<\/li>\n<li>verringert Fallenergie je nach Seildurchmesser und Umweltbedingungen<\/li>\n<li><strong>keine Klettersteignorm &#8211; wird nicht mehr f\u00fcr Klettersteige verwendet<\/strong><\/li>\n<\/ul>\n<h2>Klettersteigbremse Kong Kisa &#8211; ein Fangsto\u00dfd\u00e4mpfer<\/h2>\n<p>Wir haben dieses Produkt bei uns unter dem Namen &#8220;Klettersteigbremse&#8221; eingepflegt. Einfachaus dem Grund weil dieser Begriff jedem gel\u00e4ufig ist. Allerdings wird dieses Ger\u00e4t gar <strong>nicht mehr f\u00fcr Klettersteige verwendet. Es erf\u00fcllt keine der geforderten Normen f\u00fcr diese Anwendung.<\/strong> Das Produkt ist simpel gesagt ein Fangsto\u00dfd\u00e4mpfer ohne Norm.<\/p>\n<p>Folglich hat er seinen Einsatzbereich im privaten Bereich. Beispielsweise f\u00fcr einfache H\u00f6henarbeiten am Haus, im Garten oder am Dach.\u00a0 Folglich muss man sich die Bedienungsanleitung f\u00fcr die die Klettersteigbremse Kong Kisa genau durchlesen.<\/p>\n<p>Die wichtigsten Punkte sind:<\/p>\n<ul>\n<li>9 &#8211; 11mm Seile verwenden<\/li>\n<li>Anordnung des Seilen in den Bremsl\u00f6chern korrekt ausf\u00fchren<\/li>\n<li>Seil muss lang genug sein, mind. 1,5m<\/li>\n<li>es muss der Anschlagpunkt \/ Fixpunkt entsprechend solide sein<\/li>\n<\/ul>\n<h3>Funktion stark von Umweltbingungen abh\u00e4ngig<\/h3>\n<p>Bitte beachtet. Die St\u00e4rke der Fangsto\u00df Funktion ist extrem von den Bedingungen abh\u00e4ngig. Sowohl die Temperatur und N\u00e4sse sowie Fallh\u00f6he und Gewicht der Person nehmen Einfluss!<\/p>\n<h3>Ideal als 1. Schlinge Alpintouren<\/h3>\n<p>Eine der unbekannten Einsatzmethoden der Klettersteigbremse Kong Kisa ist jene beim Alpinklettern. Das Bild anbei verdeutlicht die Funktion des Fangsto\u00dfd\u00e4mpfers. Folglich ist dieses Ger\u00e4t vor allem als 1. Schlinge nach dem Standplatz geradezu ideal.<\/p>\n<p><a href=\"https:\/\/bolting.eu\/wp-content\/uploads\/2020\/05\/Klettersteigbremse-Kong-Kisa.jpg\"><img loading=\"lazy\" decoding=\"async\" class=\"alignnone wp-image-3784 size-medium\" src=\"https:\/\/bolting.eu\/wp-content\/uploads\/2020\/05\/Klettersteigbremse-Kong-Kisa-650x400.jpg\" alt=\"Das Bild zeigt einen Fangsto\u00dfd\u00e4mpfer in einer Grafik. Es wird die VErwendung im alpinen Bereich dargestellt. Das Ger\u00e4t ist in einen Felshaken eingeh\u00e4ngt. Die Grafik ist in grau auf gelbem Hintergrund.\" width=\"650\" height=\"400\" srcset=\"https:\/\/bolting.eu\/wp-content\/uploads\/2020\/05\/Klettersteigbremse-Kong-Kisa-650x400.jpg 650w, https:\/\/bolting.eu\/wp-content\/uploads\/2020\/05\/Klettersteigbremse-Kong-Kisa-510x314.jpg 510w, https:\/\/bolting.eu\/wp-content\/uploads\/2020\/05\/Klettersteigbremse-Kong-Kisa-768x472.jpg 768w, https:\/\/bolting.eu\/wp-content\/uploads\/2020\/05\/Klettersteigbremse-Kong-Kisa-600x369.jpg 600w, https:\/\/bolting.eu\/wp-content\/uploads\/2020\/05\/Klettersteigbremse-Kong-Kisa.jpg 800w\" sizes=\"auto, (max-width: 650px) 100vw, 650px\" \/><\/a><\/p>\n","protected":false},"excerpt":{"rendered":"<p>Klettersteigbremse welche die Fallenergie je nach Seildurchmesser und Umweltbedingungen verringert. F\u00fcr 9 &#8211; 11mm Seilst\u00fccke.<\/p>\n<p>Achtung &#8211; <strong>keine Klettersteignorm<\/strong> &#8211; wird nicht mehr f\u00fcr Klettersteige verwendet!<\/p>\n<p>Versandkostenfrei bis 2kg in <img decoding=\"async\" class=\"emoji\" role=\"img\" draggable=\"false\" src=\"https:\/\/s.w.org\/images\/core\/emoji\/13.1.0\/svg\/1f1e6-1f1f9.svg\" alt=\"\ud83c\udde6\ud83c\uddf9\" \/> ab \u20ac 100,- und <img decoding=\"async\" class=\"emoji\" role=\"img\" draggable=\"false\" src=\"https:\/\/s.w.org\/images\/core\/emoji\/13.1.0\/svg\/1f1e9-1f1ea.svg\" alt=\"\ud83c\udde9\ud83c\uddea\" \/> ab \u20ac 200,-!<\/p>\n","protected":false},"featured_media":3783,"comment_status":"open","ping_status":"closed","template":"","meta":[],"product_brand":[],"product_cat":[4651],"product_tag":[],"class_list":{"0":"post-3781","1":"product","2":"type-product","3":"status-publish","4":"has-post-thumbnail","6":"product_cat-kong","8":"first","9":"instock","10":"taxable","11":"shipping-taxable","12":"purchasable","13":"product-type-simple"},"yoast_head":"<!-- This site is optimized with the Yoast SEO Premium plugin v26.9 (Yoast SEO v26.9) - https:\/\/yoast.com\/product\/yoast-seo-premium-wordpress\/ -->\n<title>Klettersteigbremse Kong Kisa: Fallsto\u00dfd\u00e4mpfer online kaufen | bolting.eu<\/title>\n<meta name=\"description\" content=\"Hier findest Du die KLETTERSTEIGBREMSE KONG KISA. Einen Fallsto\u00dfd\u00e4mpfer f\u00fcr einfache H\u00f6henarbeiten. Jetzt online kaufen beim Kletterprofi aus \ud83c\udde6\ud83c\uddf9 !\" \/>\n<meta name=\"robots\" content=\"index, follow, max-snippet:-1, max-image-preview:large, max-video-preview:-1\" \/>\n<link rel=\"canonical\" href=\"https:\/\/bolting.eu\/en\/shop\/klettersteigbremse-kong-kisa\/\" \/>\n<meta property=\"og:locale\" content=\"en_US\" \/>\n<meta property=\"og:type\" content=\"article\" \/>\n<meta property=\"og:title\" content=\"Klettersteigbremse Kong Kisa\" \/>\n<meta property=\"og:description\" content=\"Hier findest Du die KLETTERSTEIGBREMSE KONG KISA. Einen Fallsto\u00dfd\u00e4mpfer f\u00fcr einfache H\u00f6henarbeiten. Jetzt online kaufen beim Kletterprofi aus \ud83c\udde6\ud83c\uddf9 !\" \/>\n<meta property=\"og:url\" content=\"https:\/\/bolting.eu\/en\/shop\/klettersteigbremse-kong-kisa\/\" \/>\n<meta property=\"og:site_name\" content=\"bolting.eu\" \/>\n<meta property=\"article:publisher\" content=\"https:\/\/www.facebook.com\/bolting.eu\" \/>\n<meta property=\"article:modified_time\" content=\"2025-03-13T13:28:10+00:00\" \/>\n<meta property=\"og:image\" content=\"https:\/\/bolting.eu\/wp-content\/uploads\/2020\/05\/Klettersteigbremse-Kong-Kisa-1.jpg\" \/>\n\t<meta property=\"og:image:width\" content=\"700\" \/>\n\t<meta property=\"og:image:height\" content=\"700\" \/>\n\t<meta property=\"og:image:type\" content=\"image\/jpeg\" \/>\n<meta name=\"twitter:card\" content=\"summary_large_image\" \/>\n<meta name=\"twitter:label1\" content=\"Price\" \/>\n\t<meta name=\"twitter:data1\" content=\"&euro;&nbsp;16,90\" \/>\n\t<meta name=\"twitter:label2\" content=\"Availability\" \/>\n\t<meta name=\"twitter:data2\" content=\"In stock\" \/>\n<script type=\"application\/ld+json\" class=\"yoast-schema-graph\">{\"@context\":\"https:\/\/schema.org\",\"@graph\":[{\"@type\":[\"WebPage\",\"ItemPage\"],\"@id\":\"https:\/\/bolting.eu\/en\/shop\/klettersteigbremse-kong-kisa\/\",\"url\":\"https:\/\/bolting.eu\/en\/shop\/klettersteigbremse-kong-kisa\/\",\"name\":\"Klettersteigbremse Kong Kisa: Fallsto\u00dfd\u00e4mpfer online kaufen | bolting.eu\",\"isPartOf\":{\"@id\":\"https:\/\/bolting.eu\/en\/#website\"},\"primaryImageOfPage\":{\"@id\":\"https:\/\/bolting.eu\/en\/shop\/klettersteigbremse-kong-kisa\/#primaryimage\"},\"image\":{\"@id\":\"https:\/\/bolting.eu\/en\/shop\/klettersteigbremse-kong-kisa\/#primaryimage\"},\"thumbnailUrl\":\"https:\/\/bolting.eu\/wp-content\/uploads\/2020\/05\/Klettersteigbremse-Kong-Kisa-1.jpg\",\"datePublished\":\"2020-05-31T07:49:51+00:00\",\"dateModified\":\"2025-03-13T13:28:10+00:00\",\"description\":\"Hier findest Du die KLETTERSTEIGBREMSE KONG KISA. Einen Fallsto\u00dfd\u00e4mpfer f\u00fcr einfache H\u00f6henarbeiten. Jetzt online kaufen beim Kletterprofi aus \ud83c\udde6\ud83c\uddf9 !\",\"breadcrumb\":{\"@id\":\"https:\/\/bolting.eu\/en\/shop\/klettersteigbremse-kong-kisa\/#breadcrumb\"},\"inLanguage\":\"en-US\",\"potentialAction\":[{\"@type\":\"ReadAction\",\"target\":[\"https:\/\/bolting.eu\/en\/shop\/klettersteigbremse-kong-kisa\/\"]}]},{\"@type\":\"ImageObject\",\"inLanguage\":\"en-US\",\"@id\":\"https:\/\/bolting.eu\/en\/shop\/klettersteigbremse-kong-kisa\/#primaryimage\",\"url\":\"https:\/\/bolting.eu\/wp-content\/uploads\/2020\/05\/Klettersteigbremse-Kong-Kisa-1.jpg\",\"contentUrl\":\"https:\/\/bolting.eu\/wp-content\/uploads\/2020\/05\/Klettersteigbremse-Kong-Kisa-1.jpg\",\"width\":700,\"height\":700,\"caption\":\"Das Bild zeigt die Klettersteigbremse Kong Kisa. Die blaue Metallplatte mit vielen L\u00f6chern ist schr\u00e4g in Bildmitte zu sehen. Man erkennt ihre Funktion als Fallsto\u00dfd\u00e4mpfer sehr gut.\"},{\"@type\":\"BreadcrumbList\",\"@id\":\"https:\/\/bolting.eu\/en\/shop\/klettersteigbremse-kong-kisa\/#breadcrumb\",\"itemListElement\":[{\"@type\":\"ListItem\",\"position\":1,\"name\":\"Shop\",\"item\":\"https:\/\/bolting.eu\/en\/shop\/\"},{\"@type\":\"ListItem\",\"position\":2,\"name\":\"Kong\",\"item\":\"https:\/\/bolting.eu\/en\/produkt-kategorie\/kong-en\/\"},{\"@type\":\"ListItem\",\"position\":3,\"name\":\"Klettersteigbremse Kong Kisa\"}]},{\"@type\":\"WebSite\",\"@id\":\"https:\/\/bolting.eu\/en\/#website\",\"url\":\"https:\/\/bolting.eu\/en\/\",\"name\":\"bolting.eu\",\"description\":\"we make climbs happen\",\"publisher\":{\"@id\":\"https:\/\/bolting.eu\/en\/#organization\"},\"potentialAction\":[{\"@type\":\"SearchAction\",\"target\":{\"@type\":\"EntryPoint\",\"urlTemplate\":\"https:\/\/bolting.eu\/en\/?s={search_term_string}\"},\"query-input\":{\"@type\":\"PropertyValueSpecification\",\"valueRequired\":true,\"valueName\":\"search_term_string\"}}],\"inLanguage\":\"en-US\"},{\"@type\":[\"Organization\",\"Place\",\"SportingGoodsStore\"],\"@id\":\"https:\/\/bolting.eu\/en\/#organization\",\"name\":\"bolting.eu\",\"url\":\"https:\/\/bolting.eu\/en\/\",\"logo\":{\"@id\":\"https:\/\/bolting.eu\/en\/shop\/klettersteigbremse-kong-kisa\/#local-main-organization-logo\"},\"image\":{\"@id\":\"https:\/\/bolting.eu\/en\/shop\/klettersteigbremse-kong-kisa\/#local-main-organization-logo\"},\"sameAs\":[\"https:\/\/www.facebook.com\/bolting.eu\",\"https:\/\/www.instagram.com\/bolting.eu\/\"],\"address\":{\"@id\":\"https:\/\/bolting.eu\/en\/shop\/klettersteigbremse-kong-kisa\/#local-main-place-address\"},\"geo\":{\"@type\":\"GeoCoordinates\",\"latitude\":\"47.264176340396226\",\"longitude\":\"11.380109057672346\"},\"telephone\":[\"+43 699 19083372\"],\"openingHoursSpecification\":[{\"@type\":\"OpeningHoursSpecification\",\"dayOfWeek\":[\"Monday\",\"Wednesday\",\"Friday\"],\"opens\":\"14:00\",\"closes\":\"18:00\"},{\"@type\":\"OpeningHoursSpecification\",\"dayOfWeek\":[\"Tuesday\",\"Thursday\",\"Saturday\",\"Sunday\"],\"opens\":\"00:00\",\"closes\":\"00:00\"}],\"email\":\"office@bolting.eu\",\"vatID\":\"ATU59999728\",\"priceRange\":\"$$\",\"currenciesAccepted\":\"Euro\"},{\"@type\":\"PostalAddress\",\"@id\":\"https:\/\/bolting.eu\/en\/shop\/klettersteigbremse-kong-kisa\/#local-main-place-address\",\"streetAddress\":\"Fischnalerstra\u00dfe 4\",\"addressLocality\":\"Innsbruck\",\"postalCode\":\"6020\",\"addressRegion\":\"Tirol\",\"addressCountry\":\"AT\"},{\"@type\":\"ImageObject\",\"inLanguage\":\"en-US\",\"@id\":\"https:\/\/bolting.eu\/en\/shop\/klettersteigbremse-kong-kisa\/#local-main-organization-logo\",\"url\":\"https:\/\/bolting.eu\/wp-content\/uploads\/2019\/09\/bolting-logo.png\",\"contentUrl\":\"https:\/\/bolting.eu\/wp-content\/uploads\/2019\/09\/bolting-logo.png\",\"width\":400,\"height\":211,\"caption\":\"bolting.eu\"}]}<\/script>\n<meta property=\"product:price:amount\" content=\"16.90\" \/>\n<meta property=\"product:price:currency\" content=\"EUR\" \/>\n<meta property=\"og:availability\" content=\"instock\" \/>\n<meta property=\"product:availability\" content=\"instock\" \/>\n<meta property=\"product:retailer_item_id\" content=\"80606B400KK\" \/>\n<meta property=\"product:condition\" content=\"new\" \/>\n<meta name=\"geo.placename\" content=\"Innsbruck\" \/>\n<meta name=\"geo.position\" content=\"47.264176340396226;11.380109057672346\" \/>\n<meta name=\"geo.region\" content=\"Austria\" \/>\n<!-- \/ Yoast SEO Premium plugin. -->","yoast_head_json":{"title":"Klettersteigbremse Kong Kisa: Fallsto\u00dfd\u00e4mpfer online kaufen | bolting.eu","description":"Hier findest Du die KLETTERSTEIGBREMSE KONG KISA. Einen Fallsto\u00dfd\u00e4mpfer f\u00fcr einfache H\u00f6henarbeiten. Jetzt online kaufen beim Kletterprofi aus \ud83c\udde6\ud83c\uddf9 !","robots":{"index":"index","follow":"follow","max-snippet":"max-snippet:-1","max-image-preview":"max-image-preview:large","max-video-preview":"max-video-preview:-1"},"canonical":"https:\/\/bolting.eu\/en\/shop\/klettersteigbremse-kong-kisa\/","og_locale":"en_US","og_type":"article","og_title":"Klettersteigbremse Kong Kisa","og_description":"Hier findest Du die KLETTERSTEIGBREMSE KONG KISA. Einen Fallsto\u00dfd\u00e4mpfer f\u00fcr einfache H\u00f6henarbeiten. Jetzt online kaufen beim Kletterprofi aus \ud83c\udde6\ud83c\uddf9 !","og_url":"https:\/\/bolting.eu\/en\/shop\/klettersteigbremse-kong-kisa\/","og_site_name":"bolting.eu","article_publisher":"https:\/\/www.facebook.com\/bolting.eu","article_modified_time":"2025-03-13T13:28:10+00:00","og_image":[{"width":700,"height":700,"url":"https:\/\/bolting.eu\/wp-content\/uploads\/2020\/05\/Klettersteigbremse-Kong-Kisa-1.jpg","type":"image\/jpeg"}],"twitter_card":"summary_large_image","twitter_misc":{"Price":"&euro;&nbsp;16,90","Availability":"In stock"},"schema":{"@context":"https:\/\/schema.org","@graph":[{"@type":["WebPage","ItemPage"],"@id":"https:\/\/bolting.eu\/en\/shop\/klettersteigbremse-kong-kisa\/","url":"https:\/\/bolting.eu\/en\/shop\/klettersteigbremse-kong-kisa\/","name":"Klettersteigbremse Kong Kisa: Fallsto\u00dfd\u00e4mpfer online kaufen | bolting.eu","isPartOf":{"@id":"https:\/\/bolting.eu\/en\/#website"},"primaryImageOfPage":{"@id":"https:\/\/bolting.eu\/en\/shop\/klettersteigbremse-kong-kisa\/#primaryimage"},"image":{"@id":"https:\/\/bolting.eu\/en\/shop\/klettersteigbremse-kong-kisa\/#primaryimage"},"thumbnailUrl":"https:\/\/bolting.eu\/wp-content\/uploads\/2020\/05\/Klettersteigbremse-Kong-Kisa-1.jpg","datePublished":"2020-05-31T07:49:51+00:00","dateModified":"2025-03-13T13:28:10+00:00","description":"Hier findest Du die KLETTERSTEIGBREMSE KONG KISA. Einen Fallsto\u00dfd\u00e4mpfer f\u00fcr einfache H\u00f6henarbeiten. Jetzt online kaufen beim Kletterprofi aus \ud83c\udde6\ud83c\uddf9 !","breadcrumb":{"@id":"https:\/\/bolting.eu\/en\/shop\/klettersteigbremse-kong-kisa\/#breadcrumb"},"inLanguage":"en-US","potentialAction":[{"@type":"ReadAction","target":["https:\/\/bolting.eu\/en\/shop\/klettersteigbremse-kong-kisa\/"]}]},{"@type":"ImageObject","inLanguage":"en-US","@id":"https:\/\/bolting.eu\/en\/shop\/klettersteigbremse-kong-kisa\/#primaryimage","url":"https:\/\/bolting.eu\/wp-content\/uploads\/2020\/05\/Klettersteigbremse-Kong-Kisa-1.jpg","contentUrl":"https:\/\/bolting.eu\/wp-content\/uploads\/2020\/05\/Klettersteigbremse-Kong-Kisa-1.jpg","width":700,"height":700,"caption":"Das Bild zeigt die Klettersteigbremse Kong Kisa. Die blaue Metallplatte mit vielen L\u00f6chern ist schr\u00e4g in Bildmitte zu sehen. Man erkennt ihre Funktion als Fallsto\u00dfd\u00e4mpfer sehr gut."},{"@type":"BreadcrumbList","@id":"https:\/\/bolting.eu\/en\/shop\/klettersteigbremse-kong-kisa\/#breadcrumb","itemListElement":[{"@type":"ListItem","position":1,"name":"Shop","item":"https:\/\/bolting.eu\/en\/shop\/"},{"@type":"ListItem","position":2,"name":"Kong","item":"https:\/\/bolting.eu\/en\/produkt-kategorie\/kong-en\/"},{"@type":"ListItem","position":3,"name":"Klettersteigbremse Kong Kisa"}]},{"@type":"WebSite","@id":"https:\/\/bolting.eu\/en\/#website","url":"https:\/\/bolting.eu\/en\/","name":"bolting.eu","description":"we make climbs happen","publisher":{"@id":"https:\/\/bolting.eu\/en\/#organization"},"potentialAction":[{"@type":"SearchAction","target":{"@type":"EntryPoint","urlTemplate":"https:\/\/bolting.eu\/en\/?s={search_term_string}"},"query-input":{"@type":"PropertyValueSpecification","valueRequired":true,"valueName":"search_term_string"}}],"inLanguage":"en-US"},{"@type":["Organization","Place","SportingGoodsStore"],"@id":"https:\/\/bolting.eu\/en\/#organization","name":"bolting.eu","url":"https:\/\/bolting.eu\/en\/","logo":{"@id":"https:\/\/bolting.eu\/en\/shop\/klettersteigbremse-kong-kisa\/#local-main-organization-logo"},"image":{"@id":"https:\/\/bolting.eu\/en\/shop\/klettersteigbremse-kong-kisa\/#local-main-organization-logo"},"sameAs":["https:\/\/www.facebook.com\/bolting.eu","https:\/\/www.instagram.com\/bolting.eu\/"],"address":{"@id":"https:\/\/bolting.eu\/en\/shop\/klettersteigbremse-kong-kisa\/#local-main-place-address"},"geo":{"@type":"GeoCoordinates","latitude":"47.264176340396226","longitude":"11.380109057672346"},"telephone":["+43 699 19083372"],"openingHoursSpecification":[{"@type":"OpeningHoursSpecification","dayOfWeek":["Monday","Wednesday","Friday"],"opens":"14:00","closes":"18:00"},{"@type":"OpeningHoursSpecification","dayOfWeek":["Tuesday","Thursday","Saturday","Sunday"],"opens":"00:00","closes":"00:00"}],"email":"office@bolting.eu","vatID":"ATU59999728","priceRange":"$$","currenciesAccepted":"Euro"},{"@type":"PostalAddress","@id":"https:\/\/bolting.eu\/en\/shop\/klettersteigbremse-kong-kisa\/#local-main-place-address","streetAddress":"Fischnalerstra\u00dfe 4","addressLocality":"Innsbruck","postalCode":"6020","addressRegion":"Tirol","addressCountry":"AT"},{"@type":"ImageObject","inLanguage":"en-US","@id":"https:\/\/bolting.eu\/en\/shop\/klettersteigbremse-kong-kisa\/#local-main-organization-logo","url":"https:\/\/bolting.eu\/wp-content\/uploads\/2019\/09\/bolting-logo.png","contentUrl":"https:\/\/bolting.eu\/wp-content\/uploads\/2019\/09\/bolting-logo.png","width":400,"height":211,"caption":"bolting.eu"}]},"product_price_amount":"16.90","product_price_currency":"EUR","og_availability":"instock","product_availability":"instock","product_retailer_item_id":"80606B400KK","product_condition":"new","geo.placename":"Innsbruck","geo.position":{"lat":"47.264176340396226","long":"11.380109057672346"},"geo.region":"Austria"},"_links":{"self":[{"href":"https:\/\/bolting.eu\/en\/wp-json\/wp\/v2\/product\/3781","targetHints":{"allow":["GET"]}}],"collection":[{"href":"https:\/\/bolting.eu\/en\/wp-json\/wp\/v2\/product"}],"about":[{"href":"https:\/\/bolting.eu\/en\/wp-json\/wp\/v2\/types\/product"}],"replies":[{"embeddable":true,"href":"https:\/\/bolting.eu\/en\/wp-json\/wp\/v2\/comments?post=3781"}],"wp:featuredmedia":[{"embeddable":true,"href":"https:\/\/bolting.eu\/en\/wp-json\/wp\/v2\/media\/3783"}],"wp:attachment":[{"href":"https:\/\/bolting.eu\/en\/wp-json\/wp\/v2\/media?parent=3781"}],"wp:term":[{"taxonomy":"product_brand","embeddable":true,"href":"https:\/\/bolting.eu\/en\/wp-json\/wp\/v2\/product_brand?post=3781"},{"taxonomy":"product_cat","embeddable":true,"href":"https:\/\/bolting.eu\/en\/wp-json\/wp\/v2\/product_cat?post=3781"},{"taxonomy":"product_tag","embeddable":true,"href":"https:\/\/bolting.eu\/en\/wp-json\/wp\/v2\/product_tag?post=3781"}],"curies":[{"name":"wp","href":"https:\/\/api.w.org\/{rel}","templated":true}]}}