{"id":3776,"date":"2020-05-31T08:54:41","date_gmt":"2020-05-31T06:54:41","guid":{"rendered":"https:\/\/bolting.eu\/?post_type=product&#038;p=3776"},"modified":"2025-01-10T18:08:14","modified_gmt":"2025-01-10T17:08:14","slug":"kong-back-up-auffanggeraet","status":"publish","type":"product","link":"https:\/\/bolting.eu\/en\/shop\/kong-back-up-auffanggeraet\/","title":{"rendered":"Kong Back-Up Auffangger\u00e4t"},"content":{"rendered":"<p>Das Kong Back-Up Auffangger\u00e4t ist unerl\u00e4sslich f\u00fcr H\u00f6henarbeiten. Denn dieses mitlaufende Auffangger\u00e4t f\u00e4ngt einen Sturz sowohl im Auf- als auch im Abstieg. Zudem hat es einen Hebel zum Ausl\u00f6sen eines Blockiermechanismus. Somit kann man das Ger\u00e4t auch perfekt zur Positionierung verwenden.<\/p>\n<p>Des weiteren d\u00e4mpft die spezielle Bauweise einen Sturz halbdynamisch. Zum einen ist der Sturz somit &#8220;weicher&#8221; als bei Ger\u00e4ten mit gezahnten Klemmnocken. Zum anderen schont dies aber auch das <a href=\"https:\/\/bolting.eu\/produkt-kategorie\/kletterausruestung\/kletterseil\/\">Kletterseil<\/a>. Folglich kommt es auch zu keinen sch\u00e4digenden Effekten am Seil.<\/p>\n<h2>Safety first beim Einbohren!<\/h2>\n<figure id=\"attachment_3780\" aria-describedby=\"caption-attachment-3780\" style=\"width: 200px\" class=\"wp-caption alignleft\"><a href=\"https:\/\/bolting.eu\/wp-content\/uploads\/2020\/05\/Kong-Back-Up-Auffanggeraet-1.jpg\"><img loading=\"lazy\" decoding=\"async\" class=\"wp-image-3780\" src=\"https:\/\/bolting.eu\/wp-content\/uploads\/2020\/05\/Kong-Back-Up-Auffanggeraet-1-280x280.jpg\" alt=\"Das Bild zeigt das Kong Back-Up Auffangger\u00e4t. Das orange, mitlauffende Auffangger\u00e4t ist an einem wei\u00dfem Seil montiert zu sehen. Rechts sieht man einen schwarzen Karabiner und eine Bandschlinge.\" width=\"200\" height=\"200\" srcset=\"https:\/\/bolting.eu\/wp-content\/uploads\/2020\/05\/Kong-Back-Up-Auffanggeraet-1-280x280.jpg 280w, https:\/\/bolting.eu\/wp-content\/uploads\/2020\/05\/Kong-Back-Up-Auffanggeraet-1-247x247.jpg 247w, https:\/\/bolting.eu\/wp-content\/uploads\/2020\/05\/Kong-Back-Up-Auffanggeraet-1-100x100.jpg 100w, https:\/\/bolting.eu\/wp-content\/uploads\/2020\/05\/Kong-Back-Up-Auffanggeraet-1-510x510.jpg 510w, https:\/\/bolting.eu\/wp-content\/uploads\/2020\/05\/Kong-Back-Up-Auffanggeraet-1-400x400.jpg 400w, https:\/\/bolting.eu\/wp-content\/uploads\/2020\/05\/Kong-Back-Up-Auffanggeraet-1-300x300.jpg 300w, https:\/\/bolting.eu\/wp-content\/uploads\/2020\/05\/Kong-Back-Up-Auffanggeraet-1-600x600.jpg 600w, https:\/\/bolting.eu\/wp-content\/uploads\/2020\/05\/Kong-Back-Up-Auffanggeraet-1.jpg 700w\" sizes=\"auto, (max-width: 200px) 100vw, 200px\" \/><\/a><figcaption id=\"caption-attachment-3780\" class=\"wp-caption-text\">Safety First! Das bedeutet redundantes Absichern in entsprechendem Gel\u00e4nde!<\/figcaption><\/figure>\n<p>Wir sind der Spezialist f\u00fcr\u00b4s Einbohren im Alpenraum. Deswegen schauen wir \u00fcberall sehr genau hin. Weil fast alle es &#8220;so machen&#8221; muss nicht bedeuten dass es gut ist. Wie beispielsweise beim Arbeiten an einfachen Fixseilen.<\/p>\n<p>Folglich empfehlen wir allen Erschlie\u00dfern dieses Produkt zur redundanten Sicherung. Sowohl bei der <a href=\"https:\/\/bolting.eu\/consulting-errichtung\/klettergarten-sanierung\/\">Klettergarten Sanierung<\/a> als auch beim Kletterroute einbohren. Ganz nach dem Motto Safety first!<\/p>\n<h2>Eigenschaften Kong Back-Up Auffangger\u00e4t<\/h2>\n<ul>\n<li>Hersteller: <a href=\"https:\/\/bolting.eu\/produkt-kategorie\/kong\/\">Kong Italy<\/a><\/li>\n<li>mitlaufendes Auffangger\u00e4t<\/li>\n<li>Normen: EN 353-2, EN 358, EN 12841 A\/B<\/li>\n<li>ANSI \/ ASSE Z359.15-2014<\/li>\n<li>Geh\u00e4use: Aluminium<\/li>\n<li>Klemmsegmente: Edelstahl<\/li>\n<li>Gewicht: 435 Gramm<\/li>\n<li>inkl. Twist-Lock <a href=\"https:\/\/bolting.eu\/produkt-kategorie\/kletterausruestung\/kletterkarabiner\/stahlkarabiner\/\">Stahlkarabiner<\/a> &#8220;Ovalone&#8221;<\/li>\n<li>d\u00e4mpft St\u00fcrze halbdynamisch<\/li>\n<li><a href=\"https:\/\/www.kong.it\/media\/Component\/CatalogProduct\/p775-backupansi\/attachments\/ZZV05512_rev1-BACK-UP_ANSI_v23.pdf\" target=\"_blank\" rel=\"noopener noreferrer\">Bedienungsanleitung<\/a> beachten!<\/li>\n<\/ul>\n<h3>Produktvideo<\/h3>\n<p>Im Folgenden wird die Verwendung des Kong Back-up Auffangger\u00e4t erkl\u00e4rt:<\/p>\n<p><iframe loading=\"lazy\" src=\"https:\/\/www.youtube.com\/embed\/j7avRWYrDsU\" width=\"100%\" height=\"450\" frameborder=\"0\" allowfullscreen=\"allowfullscreen\"><span data-mce-type=\"bookmark\" style=\"display: inline-block; width: 0px; overflow: hidden; line-height: 0;\" class=\"mce_SELRES_start\">\ufeff<\/span><\/iframe><\/p>\n<h2>Kong Back-Up Auffangger\u00e4t f\u00fcr H\u00f6henarbeiten<\/h2>\n<p>Das Haupteinsatzgebietes dieses Produktes liegt folglich im Bereich H\u00f6henarbeiten. Denn erstens hat das Back-Up alle n\u00f6tigen Zertifizierungen daf\u00fcr. Zweitens hat es einen sehr guten Ruf bzw. ist es super funktionell. Und drittens braucht man wegen der halbdynamischen Bremsfunktion nicht zwingend einen <a href=\"https:\/\/bolting.eu\/shop\/bandfalldaempfer-kong-energy-absorber\/\">Bandfalld\u00e4mpfer<\/a>.<\/p>\n<p>Die Verwendung ist \u00fcberdies so gut wie selbsterkl\u00e4rend. Somit trifft man mit diesem mitlaufenden Auffangger\u00e4t eine gute Wahl!<\/p>\n<h3>Einsatz beim Einbohren<\/h3>\n<p>Wir haben es ja bereits Vorgeschlagen. In entsprechenden Situation propagieren wir das redundante Arbeiten mit einem zweiten Sicherungsseil. Beispielsweise halten wir folgende Situationen f\u00fcr gef\u00e4hrlich.<\/p>\n<ul>\n<li>Einbohren in schroffem Gel\u00e4nde mit Querungen<\/li>\n<li>Arbeiten am Fixseil mit viel Auf- und Abstieg<\/li>\n<li>Einbohren wenn viel gependelt wird &#8211; Sanieren mehrerer Routen gleichzeitig<\/li>\n<\/ul>\n<h4><strong>Link Tipp<\/strong><\/h4>\n<p>In der <a href=\"https:\/\/bolting.eu\/academy\/\">bolting.eu Academy<\/a> bieten wir Einbohrkurse wo redundantes Arbeiten gelehrt wird.<\/p>\n","protected":false},"excerpt":{"rendered":"<p>Mitlaufendes Auffangger\u00e4t inkl. Stahlkarabiner f\u00fcr H\u00f6henarbeiten.<\/p>\n<p>Unabdingbar bei redundanter Arbeitsweise mit 2. Line. L\u00e4uft automatisch mit nach oben und unten.<\/p>\n<p>Versandkostenfrei bis 2kg in <img decoding=\"async\" class=\"emoji\" role=\"img\" draggable=\"false\" src=\"https:\/\/s.w.org\/images\/core\/emoji\/13.1.0\/svg\/1f1e6-1f1f9.svg\" alt=\"\ud83c\udde6\ud83c\uddf9\" \/> ab \u20ac 100,- und <img decoding=\"async\" class=\"emoji\" role=\"img\" draggable=\"false\" src=\"https:\/\/s.w.org\/images\/core\/emoji\/13.1.0\/svg\/1f1e9-1f1ea.svg\" alt=\"\ud83c\udde9\ud83c\uddea\" \/> ab \u20ac 200,-!<\/p>\n","protected":false},"featured_media":3780,"comment_status":"open","ping_status":"closed","template":"","meta":[],"product_brand":[],"product_cat":[4651,14055,14056,14513,14745,1210],"product_tag":[2228],"class_list":{"0":"post-3776","1":"product","2":"type-product","3":"status-publish","4":"has-post-thumbnail","6":"product_cat-kong","7":"product_cat-absturzsicherung","8":"product_cat-seil-auf-abstieg","9":"product_cat-industriekletter-ausruestung","10":"product_cat-mitlaufende-auffanggeraete","11":"product_cat-einbohrartikel","12":"product_tag-hoehenarbeiten","14":"first","15":"instock","16":"taxable","17":"shipping-taxable","18":"purchasable","19":"product-type-simple"},"yoast_head":"<!-- This site is optimized with the Yoast SEO Premium plugin v26.9 (Yoast SEO v26.9) - https:\/\/yoast.com\/product\/yoast-seo-premium-wordpress\/ -->\n<title>Kong Back-Up Auffangger\u00e4t: jetzt online kaufen | bolting.eu<\/title>\n<meta name=\"description\" content=\"Hier findest Du das KONG BACK-UP AUFFANGGER\u00c4T. Ein mitlaufendes Auffangger\u00e4t f\u00fcr den Auf- und Abstieg bei H\u00f6henarbeiten. Beim Kletterprofi aus \ud83c\udde6\ud83c\uddf9 kaufen!\" \/>\n<meta name=\"robots\" content=\"index, follow, max-snippet:-1, max-image-preview:large, max-video-preview:-1\" \/>\n<link rel=\"canonical\" href=\"https:\/\/bolting.eu\/en\/shop\/kong-back-up-auffanggeraet\/\" \/>\n<meta property=\"og:locale\" content=\"en_US\" \/>\n<meta property=\"og:type\" content=\"article\" \/>\n<meta property=\"og:title\" content=\"Kong Back-Up Auffangger\u00e4t\" \/>\n<meta property=\"og:description\" content=\"Hier findest Du das KONG BACK-UP AUFFANGGER\u00c4T. Ein mitlaufendes Auffangger\u00e4t f\u00fcr den Auf- und Abstieg bei H\u00f6henarbeiten. Beim Kletterprofi aus \ud83c\udde6\ud83c\uddf9 kaufen!\" \/>\n<meta property=\"og:url\" content=\"https:\/\/bolting.eu\/en\/shop\/kong-back-up-auffanggeraet\/\" \/>\n<meta property=\"og:site_name\" content=\"bolting.eu\" \/>\n<meta property=\"article:publisher\" content=\"https:\/\/www.facebook.com\/bolting.eu\" \/>\n<meta property=\"article:modified_time\" content=\"2025-01-10T17:08:14+00:00\" \/>\n<meta property=\"og:image\" content=\"https:\/\/bolting.eu\/wp-content\/uploads\/2020\/05\/Kong-Back-Up-Auffanggeraet-1.jpg\" \/>\n\t<meta property=\"og:image:width\" content=\"700\" \/>\n\t<meta property=\"og:image:height\" content=\"700\" \/>\n\t<meta property=\"og:image:type\" content=\"image\/jpeg\" \/>\n<meta name=\"twitter:card\" content=\"summary_large_image\" \/>\n<meta name=\"twitter:label1\" content=\"Price\" \/>\n\t<meta name=\"twitter:data1\" content=\"&euro;&nbsp;129,90\" \/>\n\t<meta name=\"twitter:label2\" content=\"Availability\" \/>\n\t<meta name=\"twitter:data2\" content=\"In stock\" \/>\n<script type=\"application\/ld+json\" class=\"yoast-schema-graph\">{\"@context\":\"https:\/\/schema.org\",\"@graph\":[{\"@type\":[\"WebPage\",\"ItemPage\"],\"@id\":\"https:\/\/bolting.eu\/en\/shop\/kong-back-up-auffanggeraet\/\",\"url\":\"https:\/\/bolting.eu\/en\/shop\/kong-back-up-auffanggeraet\/\",\"name\":\"Kong Back-Up Auffangger\u00e4t: jetzt online kaufen | bolting.eu\",\"isPartOf\":{\"@id\":\"https:\/\/bolting.eu\/en\/#website\"},\"primaryImageOfPage\":{\"@id\":\"https:\/\/bolting.eu\/en\/shop\/kong-back-up-auffanggeraet\/#primaryimage\"},\"image\":{\"@id\":\"https:\/\/bolting.eu\/en\/shop\/kong-back-up-auffanggeraet\/#primaryimage\"},\"thumbnailUrl\":\"https:\/\/bolting.eu\/wp-content\/uploads\/2020\/05\/Kong-Back-Up-Auffanggeraet-1.jpg\",\"datePublished\":\"2020-05-31T06:54:41+00:00\",\"dateModified\":\"2025-01-10T17:08:14+00:00\",\"description\":\"Hier findest Du das KONG BACK-UP AUFFANGGER\u00c4T. Ein mitlaufendes Auffangger\u00e4t f\u00fcr den Auf- und Abstieg bei H\u00f6henarbeiten. Beim Kletterprofi aus \ud83c\udde6\ud83c\uddf9 kaufen!\",\"breadcrumb\":{\"@id\":\"https:\/\/bolting.eu\/en\/shop\/kong-back-up-auffanggeraet\/#breadcrumb\"},\"inLanguage\":\"en-US\",\"potentialAction\":[{\"@type\":\"ReadAction\",\"target\":[\"https:\/\/bolting.eu\/en\/shop\/kong-back-up-auffanggeraet\/\"]}]},{\"@type\":\"ImageObject\",\"inLanguage\":\"en-US\",\"@id\":\"https:\/\/bolting.eu\/en\/shop\/kong-back-up-auffanggeraet\/#primaryimage\",\"url\":\"https:\/\/bolting.eu\/wp-content\/uploads\/2020\/05\/Kong-Back-Up-Auffanggeraet-1.jpg\",\"contentUrl\":\"https:\/\/bolting.eu\/wp-content\/uploads\/2020\/05\/Kong-Back-Up-Auffanggeraet-1.jpg\",\"width\":700,\"height\":700,\"caption\":\"Das Bild zeigt das Kong Back-Up Auffangger\u00e4t. Das orange, mitlauffende Auffangger\u00e4t ist an einem wei\u00dfem Seil montiert zu sehen. Rechts sieht man einen schwarzen Karabiner und eine Bandschlinge.\"},{\"@type\":\"BreadcrumbList\",\"@id\":\"https:\/\/bolting.eu\/en\/shop\/kong-back-up-auffanggeraet\/#breadcrumb\",\"itemListElement\":[{\"@type\":\"ListItem\",\"position\":1,\"name\":\"Shop\",\"item\":\"https:\/\/bolting.eu\/en\/shop\/\"},{\"@type\":\"ListItem\",\"position\":2,\"name\":\"Industrial climbing gear\",\"item\":\"https:\/\/bolting.eu\/en\/produkt-kategorie\/industrial-climbing-gear\/\"},{\"@type\":\"ListItem\",\"position\":3,\"name\":\"Mitlaufende Auffangger\u00e4te\",\"item\":\"https:\/\/bolting.eu\/produkt-kategorie\/industriekletter-ausruestung\/mitlaufende-auffanggeraete\/\"},{\"@type\":\"ListItem\",\"position\":4,\"name\":\"Kong Back-Up Auffangger\u00e4t\"}]},{\"@type\":\"WebSite\",\"@id\":\"https:\/\/bolting.eu\/en\/#website\",\"url\":\"https:\/\/bolting.eu\/en\/\",\"name\":\"bolting.eu\",\"description\":\"we make climbs happen\",\"publisher\":{\"@id\":\"https:\/\/bolting.eu\/en\/#organization\"},\"potentialAction\":[{\"@type\":\"SearchAction\",\"target\":{\"@type\":\"EntryPoint\",\"urlTemplate\":\"https:\/\/bolting.eu\/en\/?s={search_term_string}\"},\"query-input\":{\"@type\":\"PropertyValueSpecification\",\"valueRequired\":true,\"valueName\":\"search_term_string\"}}],\"inLanguage\":\"en-US\"},{\"@type\":[\"Organization\",\"Place\",\"SportingGoodsStore\"],\"@id\":\"https:\/\/bolting.eu\/en\/#organization\",\"name\":\"bolting.eu\",\"url\":\"https:\/\/bolting.eu\/en\/\",\"logo\":{\"@id\":\"https:\/\/bolting.eu\/en\/shop\/kong-back-up-auffanggeraet\/#local-main-organization-logo\"},\"image\":{\"@id\":\"https:\/\/bolting.eu\/en\/shop\/kong-back-up-auffanggeraet\/#local-main-organization-logo\"},\"sameAs\":[\"https:\/\/www.facebook.com\/bolting.eu\",\"https:\/\/www.instagram.com\/bolting.eu\/\"],\"address\":{\"@id\":\"https:\/\/bolting.eu\/en\/shop\/kong-back-up-auffanggeraet\/#local-main-place-address\"},\"geo\":{\"@type\":\"GeoCoordinates\",\"latitude\":\"47.264176340396226\",\"longitude\":\"11.380109057672346\"},\"telephone\":[\"+43 699 19083372\"],\"openingHoursSpecification\":[{\"@type\":\"OpeningHoursSpecification\",\"dayOfWeek\":[\"Monday\",\"Wednesday\",\"Friday\"],\"opens\":\"14:00\",\"closes\":\"18:00\"},{\"@type\":\"OpeningHoursSpecification\",\"dayOfWeek\":[\"Tuesday\",\"Thursday\",\"Saturday\",\"Sunday\"],\"opens\":\"00:00\",\"closes\":\"00:00\"}],\"email\":\"office@bolting.eu\",\"vatID\":\"ATU59999728\",\"priceRange\":\"$$\",\"currenciesAccepted\":\"Euro\"},{\"@type\":\"PostalAddress\",\"@id\":\"https:\/\/bolting.eu\/en\/shop\/kong-back-up-auffanggeraet\/#local-main-place-address\",\"streetAddress\":\"Fischnalerstra\u00dfe 4\",\"addressLocality\":\"Innsbruck\",\"postalCode\":\"6020\",\"addressRegion\":\"Tirol\",\"addressCountry\":\"AT\"},{\"@type\":\"ImageObject\",\"inLanguage\":\"en-US\",\"@id\":\"https:\/\/bolting.eu\/en\/shop\/kong-back-up-auffanggeraet\/#local-main-organization-logo\",\"url\":\"https:\/\/bolting.eu\/wp-content\/uploads\/2019\/09\/bolting-logo.png\",\"contentUrl\":\"https:\/\/bolting.eu\/wp-content\/uploads\/2019\/09\/bolting-logo.png\",\"width\":400,\"height\":211,\"caption\":\"bolting.eu\"}]}<\/script>\n<meta property=\"og:video\" content=\"https:\/\/www.youtube.com\/embed\/j7avRWYrDsU\" \/>\n<meta property=\"og:video:type\" content=\"text\/html\" \/>\n<meta property=\"og:video:duration\" content=\"89\" \/>\n<meta property=\"og:video:width\" content=\"480\" \/>\n<meta property=\"og:video:height\" content=\"270\" \/>\n<meta property=\"ya:ovs:adult\" content=\"false\" \/>\n<meta property=\"ya:ovs:upload_date\" content=\"2020-05-31T06:54:41+00:00\" \/>\n<meta property=\"ya:ovs:allow_embed\" content=\"true\" \/>\n<meta property=\"product:price:amount\" content=\"129.90\" \/>\n<meta property=\"product:price:currency\" content=\"EUR\" \/>\n<meta property=\"og:availability\" content=\"instock\" \/>\n<meta property=\"product:availability\" content=\"instock\" \/>\n<meta property=\"product:retailer_item_id\" content=\"8021NN412KK\" \/>\n<meta property=\"product:condition\" content=\"new\" \/>\n<meta name=\"geo.placename\" content=\"Innsbruck\" \/>\n<meta name=\"geo.position\" content=\"47.264176340396226;11.380109057672346\" \/>\n<meta name=\"geo.region\" content=\"Austria\" \/>\n<!-- \/ Yoast SEO Premium plugin. -->","yoast_head_json":{"title":"Kong Back-Up Auffangger\u00e4t: jetzt online kaufen | bolting.eu","description":"Hier findest Du das KONG BACK-UP AUFFANGGER\u00c4T. Ein mitlaufendes Auffangger\u00e4t f\u00fcr den Auf- und Abstieg bei H\u00f6henarbeiten. Beim Kletterprofi aus \ud83c\udde6\ud83c\uddf9 kaufen!","robots":{"index":"index","follow":"follow","max-snippet":"max-snippet:-1","max-image-preview":"max-image-preview:large","max-video-preview":"max-video-preview:-1"},"canonical":"https:\/\/bolting.eu\/en\/shop\/kong-back-up-auffanggeraet\/","og_locale":"en_US","og_type":"article","og_title":"Kong Back-Up Auffangger\u00e4t","og_description":"Hier findest Du das KONG BACK-UP AUFFANGGER\u00c4T. Ein mitlaufendes Auffangger\u00e4t f\u00fcr den Auf- und Abstieg bei H\u00f6henarbeiten. Beim Kletterprofi aus \ud83c\udde6\ud83c\uddf9 kaufen!","og_url":"https:\/\/bolting.eu\/en\/shop\/kong-back-up-auffanggeraet\/","og_site_name":"bolting.eu","article_publisher":"https:\/\/www.facebook.com\/bolting.eu","article_modified_time":"2025-01-10T17:08:14+00:00","og_image":[{"width":700,"height":700,"url":"https:\/\/bolting.eu\/wp-content\/uploads\/2020\/05\/Kong-Back-Up-Auffanggeraet-1.jpg","type":"image\/jpeg"}],"twitter_card":"summary_large_image","twitter_misc":{"Price":"&euro;&nbsp;129,90","Availability":"In stock"},"schema":{"@context":"https:\/\/schema.org","@graph":[{"@type":["WebPage","ItemPage"],"@id":"https:\/\/bolting.eu\/en\/shop\/kong-back-up-auffanggeraet\/","url":"https:\/\/bolting.eu\/en\/shop\/kong-back-up-auffanggeraet\/","name":"Kong Back-Up Auffangger\u00e4t: jetzt online kaufen | bolting.eu","isPartOf":{"@id":"https:\/\/bolting.eu\/en\/#website"},"primaryImageOfPage":{"@id":"https:\/\/bolting.eu\/en\/shop\/kong-back-up-auffanggeraet\/#primaryimage"},"image":{"@id":"https:\/\/bolting.eu\/en\/shop\/kong-back-up-auffanggeraet\/#primaryimage"},"thumbnailUrl":"https:\/\/bolting.eu\/wp-content\/uploads\/2020\/05\/Kong-Back-Up-Auffanggeraet-1.jpg","datePublished":"2020-05-31T06:54:41+00:00","dateModified":"2025-01-10T17:08:14+00:00","description":"Hier findest Du das KONG BACK-UP AUFFANGGER\u00c4T. Ein mitlaufendes Auffangger\u00e4t f\u00fcr den Auf- und Abstieg bei H\u00f6henarbeiten. Beim Kletterprofi aus \ud83c\udde6\ud83c\uddf9 kaufen!","breadcrumb":{"@id":"https:\/\/bolting.eu\/en\/shop\/kong-back-up-auffanggeraet\/#breadcrumb"},"inLanguage":"en-US","potentialAction":[{"@type":"ReadAction","target":["https:\/\/bolting.eu\/en\/shop\/kong-back-up-auffanggeraet\/"]}]},{"@type":"ImageObject","inLanguage":"en-US","@id":"https:\/\/bolting.eu\/en\/shop\/kong-back-up-auffanggeraet\/#primaryimage","url":"https:\/\/bolting.eu\/wp-content\/uploads\/2020\/05\/Kong-Back-Up-Auffanggeraet-1.jpg","contentUrl":"https:\/\/bolting.eu\/wp-content\/uploads\/2020\/05\/Kong-Back-Up-Auffanggeraet-1.jpg","width":700,"height":700,"caption":"Das Bild zeigt das Kong Back-Up Auffangger\u00e4t. Das orange, mitlauffende Auffangger\u00e4t ist an einem wei\u00dfem Seil montiert zu sehen. Rechts sieht man einen schwarzen Karabiner und eine Bandschlinge."},{"@type":"BreadcrumbList","@id":"https:\/\/bolting.eu\/en\/shop\/kong-back-up-auffanggeraet\/#breadcrumb","itemListElement":[{"@type":"ListItem","position":1,"name":"Shop","item":"https:\/\/bolting.eu\/en\/shop\/"},{"@type":"ListItem","position":2,"name":"Industrial climbing gear","item":"https:\/\/bolting.eu\/en\/produkt-kategorie\/industrial-climbing-gear\/"},{"@type":"ListItem","position":3,"name":"Mitlaufende Auffangger\u00e4te","item":"https:\/\/bolting.eu\/produkt-kategorie\/industriekletter-ausruestung\/mitlaufende-auffanggeraete\/"},{"@type":"ListItem","position":4,"name":"Kong Back-Up Auffangger\u00e4t"}]},{"@type":"WebSite","@id":"https:\/\/bolting.eu\/en\/#website","url":"https:\/\/bolting.eu\/en\/","name":"bolting.eu","description":"we make climbs happen","publisher":{"@id":"https:\/\/bolting.eu\/en\/#organization"},"potentialAction":[{"@type":"SearchAction","target":{"@type":"EntryPoint","urlTemplate":"https:\/\/bolting.eu\/en\/?s={search_term_string}"},"query-input":{"@type":"PropertyValueSpecification","valueRequired":true,"valueName":"search_term_string"}}],"inLanguage":"en-US"},{"@type":["Organization","Place","SportingGoodsStore"],"@id":"https:\/\/bolting.eu\/en\/#organization","name":"bolting.eu","url":"https:\/\/bolting.eu\/en\/","logo":{"@id":"https:\/\/bolting.eu\/en\/shop\/kong-back-up-auffanggeraet\/#local-main-organization-logo"},"image":{"@id":"https:\/\/bolting.eu\/en\/shop\/kong-back-up-auffanggeraet\/#local-main-organization-logo"},"sameAs":["https:\/\/www.facebook.com\/bolting.eu","https:\/\/www.instagram.com\/bolting.eu\/"],"address":{"@id":"https:\/\/bolting.eu\/en\/shop\/kong-back-up-auffanggeraet\/#local-main-place-address"},"geo":{"@type":"GeoCoordinates","latitude":"47.264176340396226","longitude":"11.380109057672346"},"telephone":["+43 699 19083372"],"openingHoursSpecification":[{"@type":"OpeningHoursSpecification","dayOfWeek":["Monday","Wednesday","Friday"],"opens":"14:00","closes":"18:00"},{"@type":"OpeningHoursSpecification","dayOfWeek":["Tuesday","Thursday","Saturday","Sunday"],"opens":"00:00","closes":"00:00"}],"email":"office@bolting.eu","vatID":"ATU59999728","priceRange":"$$","currenciesAccepted":"Euro"},{"@type":"PostalAddress","@id":"https:\/\/bolting.eu\/en\/shop\/kong-back-up-auffanggeraet\/#local-main-place-address","streetAddress":"Fischnalerstra\u00dfe 4","addressLocality":"Innsbruck","postalCode":"6020","addressRegion":"Tirol","addressCountry":"AT"},{"@type":"ImageObject","inLanguage":"en-US","@id":"https:\/\/bolting.eu\/en\/shop\/kong-back-up-auffanggeraet\/#local-main-organization-logo","url":"https:\/\/bolting.eu\/wp-content\/uploads\/2019\/09\/bolting-logo.png","contentUrl":"https:\/\/bolting.eu\/wp-content\/uploads\/2019\/09\/bolting-logo.png","width":400,"height":211,"caption":"bolting.eu"}]},"og_video":"https:\/\/www.youtube.com\/embed\/j7avRWYrDsU","og_video_type":"text\/html","og_video_duration":"89","og_video_width":"480","og_video_height":"270","ya_ovs_adult":"false","ya_ovs_upload_date":"2020-05-31T06:54:41+00:00","ya_ovs_allow_embed":"true","product_price_amount":"129.90","product_price_currency":"EUR","og_availability":"instock","product_availability":"instock","product_retailer_item_id":"8021NN412KK","product_condition":"new","geo.placename":"Innsbruck","geo.position":{"lat":"47.264176340396226","long":"11.380109057672346"},"geo.region":"Austria"},"_links":{"self":[{"href":"https:\/\/bolting.eu\/en\/wp-json\/wp\/v2\/product\/3776","targetHints":{"allow":["GET"]}}],"collection":[{"href":"https:\/\/bolting.eu\/en\/wp-json\/wp\/v2\/product"}],"about":[{"href":"https:\/\/bolting.eu\/en\/wp-json\/wp\/v2\/types\/product"}],"replies":[{"embeddable":true,"href":"https:\/\/bolting.eu\/en\/wp-json\/wp\/v2\/comments?post=3776"}],"wp:featuredmedia":[{"embeddable":true,"href":"https:\/\/bolting.eu\/en\/wp-json\/wp\/v2\/media\/3780"}],"wp:attachment":[{"href":"https:\/\/bolting.eu\/en\/wp-json\/wp\/v2\/media?parent=3776"}],"wp:term":[{"taxonomy":"product_brand","embeddable":true,"href":"https:\/\/bolting.eu\/en\/wp-json\/wp\/v2\/product_brand?post=3776"},{"taxonomy":"product_cat","embeddable":true,"href":"https:\/\/bolting.eu\/en\/wp-json\/wp\/v2\/product_cat?post=3776"},{"taxonomy":"product_tag","embeddable":true,"href":"https:\/\/bolting.eu\/en\/wp-json\/wp\/v2\/product_tag?post=3776"}],"curies":[{"name":"wp","href":"https:\/\/api.w.org\/{rel}","templated":true}]}}