{"id":37688,"date":"2026-03-17T16:13:23","date_gmt":"2026-03-17T15:13:23","guid":{"rendered":"https:\/\/bolting.eu\/?post_type=product&#038;p=37688"},"modified":"2026-04-17T19:31:22","modified_gmt":"2026-04-17T17:31:22","slug":"blakpad-eon-kneepad","status":"publish","type":"product","link":"https:\/\/bolting.eu\/en\/shop\/blakpad-eon-kneepad\/","title":{"rendered":"Blakpad EON Kneepad"},"content":{"rendered":"<p>Das Blakpad EON Kneepad ist ein patentiertes Modell. Denn es hat ein neuartiges Verschlusssystem mit einem dehnbarem Latz und dreifachen Fixierb\u00e4ndern.<\/p>\n<p>Das innovative Modell punktet weiter mit einem &#8220;non-slipping&#8221; auf der gesamten Innenseite. D.h. am Knie Teil selbst, sowie auch auch am dehnbarem Fixierarm.<\/p>\n<p>Somit sitzt dieses Modell extrem fest am Bein. Egal ob mit <a href=\"https:\/\/bolting.eu\/produkt-kategorie\/kletterbekleidung\/kletterhosen\/\">Kletterhose<\/a> oder auf der &#8220;blosen&#8221; Haut.<\/p>\n<p>Dank des ergonomischen Design f\u00fcr &#8220;rechts&#8221; oder &#8220;links&#8221; wird die perfekte Passform zus\u00e4tzlich unterst\u00fctzt.<\/p>\n<p>Abschlie\u00dfend sorgen drei Gr\u00f6\u00dfen f\u00fcr die perfekte Dimension passend zu deiner Bein Gr\u00f6\u00dfe.<\/p>\n<h2>Eigenschaften Blakpad EON<\/h2>\n<ul>\n<li>patentiertes Kneepad<\/li>\n<li>Material: Kunststoff, Gummi, Polyamid, Alu Schnallen<\/li>\n<li>eigene Modelle f\u00fcr: rechtes oder linkes Bein<\/li>\n<li>Gr\u00f6\u00dfen: S, M, L<\/li>\n<li>Gewicht: 325 Gramm (Gr. S)<\/li>\n<li>New Gen &#8211; Buckle Fixier System (3 separate B\u00e4nder mit Alu Schnallen) f\u00fcr extrem festen Halt und leichtes \u00d6ffnen<\/li>\n<li>&#8220;Non Slipping&#8221; Innenbeschichtung f\u00fcr festen Halt an Textilien oder der Haut<\/li>\n<li>Gummi mit sehr guter Reibung auf allen Felsarten<\/li>\n<li>inkl. Transportbeutel<\/li>\n<li>hergestellt in Spanien &#8211; kein \u00dcbersee Transport<\/li>\n<\/ul>\n<h3>Passende Gr\u00f6\u00dfe finden<\/h3>\n<p>F\u00fcr die Passende Gr\u00f6\u00dfe des EON Kneepads miss den Umfang deines Beines ca. 7cm (3 Finger) oberhalb der Kniescheibe.<\/p>\n<p>F\u00fcr eine &#8220;normale&#8221;, feste Passform w\u00e4hle die L\u00e4nge des &#8220;Standard Fit.<br \/>\nF\u00fcr eine &#8220;enge&#8221;, sehr feste Passform w\u00e4hle die L\u00e4nge des Performance Fit.<\/p>\n<table style=\"border-collapse: collapse; width: 423px; height: 110px;\" border=\"0\" width=\"261\" cellspacing=\"0\" cellpadding=\"0\">\n<tbody>\n<tr style=\"height: 16.0pt;\">\n<td style=\"height: 16pt; width: 65pt; text-align: center;\" width=\"87\" height=\"21\"><\/td>\n<td style=\"width: 65pt; text-align: center;\" width=\"87\"><strong>Standard Fit<\/strong><\/td>\n<td style=\"width: 65pt; text-align: center;\" width=\"87\"><strong>Performance Fit<\/strong><\/td>\n<\/tr>\n<tr style=\"height: 16.0pt;\">\n<td style=\"height: 16pt; text-align: center;\" height=\"21\"><strong>Gr\u00f6\u00dfe S<\/strong><\/td>\n<td style=\"text-align: center;\">35cm<\/td>\n<td style=\"text-align: center;\">30 cm<\/td>\n<\/tr>\n<tr style=\"height: 16.0pt;\">\n<td style=\"height: 16pt; text-align: center;\" height=\"21\"><strong>Gr\u00f6\u00dfe M<\/strong><\/td>\n<td style=\"text-align: center;\">40cm<\/td>\n<td style=\"text-align: center;\">35cm<\/td>\n<\/tr>\n<tr style=\"height: 16.0pt;\">\n<td style=\"height: 16pt; text-align: center;\" height=\"21\"><strong>Gr\u00f6\u00dfe L<\/strong><\/td>\n<td style=\"text-align: center;\">45cm<\/td>\n<td style=\"text-align: center;\">40cm<\/td>\n<\/tr>\n<\/tbody>\n<\/table>\n<h3>So verwendest du das Blakpad Eon<\/h3>\n<p>Im Folgenden Video siehst du, wie das Kneepad richtig angelegt wird.<\/p>\n<p><iframe loading=\"lazy\" title=\"How to put on Blakpad EON\" width=\"1020\" height=\"574\" src=\"https:\/\/www.youtube.com\/embed\/zIcZzUJOOhQ?feature=oembed\" frameborder=\"0\" allow=\"accelerometer; autoplay; clipboard-write; encrypted-media; gyroscope; picture-in-picture; web-share\" referrerpolicy=\"strict-origin-when-cross-origin\" allowfullscreen><\/iframe><\/p>\n<p>&nbsp;<\/p>\n","protected":false},"excerpt":{"rendered":"<p>Patentiertes Kneepad mit neuartigem Verschluss Mechanismus und gummibeschichteten Innenseite.<\/p>\n<p>Dieses Modell gibt es sowohl f\u00fcr rechtes als auch linkes Bein sowie in drei Gr\u00f6\u00dfen (S, M ,L).<\/p>\n<p>Versandkostenfrei bis 2kg in\u00a0<img decoding=\"async\" class=\"emoji\" role=\"img\" draggable=\"false\" src=\"https:\/\/s.w.org\/images\/core\/emoji\/14.0.0\/svg\/1f1e6-1f1f9.svg\" alt=\"\ud83c\udde6\ud83c\uddf9\" \/>\u00a0ab \u20ac 100,- und\u00a0<img decoding=\"async\" class=\"emoji\" role=\"img\" draggable=\"false\" src=\"https:\/\/s.w.org\/images\/core\/emoji\/14.0.0\/svg\/1f1e9-1f1ea.svg\" alt=\"\ud83c\udde9\ud83c\uddea\" \/>\u00a0ab \u20ac 200,-!<\/p>\n","protected":false},"featured_media":37695,"comment_status":"closed","ping_status":"closed","template":"","meta":[],"product_brand":[],"product_cat":[29,15388,5061],"product_tag":[],"class_list":{"0":"post-37688","1":"product","2":"type-product","3":"status-publish","4":"has-post-thumbnail","6":"product_cat-kletterausruestung","7":"product_cat-kneepads","8":"product_cat-kletterzubehoer","10":"first","11":"instock","12":"taxable","13":"shipping-taxable","14":"purchasable","15":"product-type-variable","16":"has-default-attributes"},"yoast_head":"<!-- This site is optimized with the Yoast SEO Premium plugin v26.9 (Yoast SEO v26.9) - https:\/\/yoast.com\/product\/yoast-seo-premium-wordpress\/ -->\n<title>Blakpad EON Kneepad | bolting.eu<\/title>\n<meta name=\"description\" content=\"Blakpad EON Kneepad beim Innsbrucker Kletterprofi kaufen \u2705 Trusted Shop \u2705 kostenloser Versand* \u2705 14 Tage R\u00fcckgaberecht \u2705 Co2 neutrale Zustellung\" \/>\n<meta name=\"robots\" content=\"index, follow, max-snippet:-1, max-image-preview:large, max-video-preview:-1\" \/>\n<link rel=\"canonical\" href=\"https:\/\/bolting.eu\/en\/shop\/blakpad-eon-kneepad\/\" \/>\n<meta property=\"og:locale\" content=\"en_US\" \/>\n<meta property=\"og:type\" content=\"article\" \/>\n<meta property=\"og:title\" content=\"Blakpad EON Kneepad\" \/>\n<meta property=\"og:description\" content=\"Blakpad EON Kneepad beim Innsbrucker Kletterprofi kaufen \u2705 Trusted Shop \u2705 kostenloser Versand* \u2705 14 Tage R\u00fcckgaberecht \u2705 Co2 neutrale Zustellung\" \/>\n<meta property=\"og:url\" content=\"https:\/\/bolting.eu\/en\/shop\/blakpad-eon-kneepad\/\" \/>\n<meta property=\"og:site_name\" content=\"bolting.eu\" \/>\n<meta property=\"article:publisher\" content=\"https:\/\/www.facebook.com\/bolting.eu\" \/>\n<meta property=\"article:modified_time\" content=\"2026-04-17T17:31:22+00:00\" \/>\n<meta property=\"og:image\" content=\"https:\/\/bolting.eu\/wp-content\/uploads\/2026\/03\/Blakpad-Eon-4.jpg\" \/>\n\t<meta property=\"og:image:width\" content=\"700\" \/>\n\t<meta property=\"og:image:height\" content=\"700\" \/>\n\t<meta property=\"og:image:type\" content=\"image\/jpeg\" \/>\n<meta name=\"twitter:card\" content=\"summary_large_image\" \/>\n<meta name=\"twitter:label1\" content=\"Availability\" \/>\n\t<meta name=\"twitter:data1\" content=\"In stock\" \/>\n<script type=\"application\/ld+json\" class=\"yoast-schema-graph\">{\"@context\":\"https:\/\/schema.org\",\"@graph\":[{\"@type\":[\"WebPage\",\"ItemPage\"],\"@id\":\"https:\/\/bolting.eu\/en\/shop\/blakpad-eon-kneepad\/\",\"url\":\"https:\/\/bolting.eu\/en\/shop\/blakpad-eon-kneepad\/\",\"name\":\"Blakpad EON Kneepad | bolting.eu\",\"isPartOf\":{\"@id\":\"https:\/\/bolting.eu\/en\/#website\"},\"primaryImageOfPage\":{\"@id\":\"https:\/\/bolting.eu\/en\/shop\/blakpad-eon-kneepad\/#primaryimage\"},\"image\":{\"@id\":\"https:\/\/bolting.eu\/en\/shop\/blakpad-eon-kneepad\/#primaryimage\"},\"thumbnailUrl\":\"https:\/\/bolting.eu\/wp-content\/uploads\/2026\/03\/Blakpad-Eon-4.jpg\",\"datePublished\":\"2026-03-17T15:13:23+00:00\",\"dateModified\":\"2026-04-17T17:31:22+00:00\",\"description\":\"Blakpad EON Kneepad beim Innsbrucker Kletterprofi kaufen \u2705 Trusted Shop \u2705 kostenloser Versand* \u2705 14 Tage R\u00fcckgaberecht \u2705 Co2 neutrale Zustellung\",\"breadcrumb\":{\"@id\":\"https:\/\/bolting.eu\/en\/shop\/blakpad-eon-kneepad\/#breadcrumb\"},\"inLanguage\":\"en-US\",\"potentialAction\":[{\"@type\":\"ReadAction\",\"target\":[\"https:\/\/bolting.eu\/en\/shop\/blakpad-eon-kneepad\/\"]}]},{\"@type\":\"ImageObject\",\"inLanguage\":\"en-US\",\"@id\":\"https:\/\/bolting.eu\/en\/shop\/blakpad-eon-kneepad\/#primaryimage\",\"url\":\"https:\/\/bolting.eu\/wp-content\/uploads\/2026\/03\/Blakpad-Eon-4.jpg\",\"contentUrl\":\"https:\/\/bolting.eu\/wp-content\/uploads\/2026\/03\/Blakpad-Eon-4.jpg\",\"width\":700,\"height\":700,\"caption\":\"Schwarzues Blakpad Eon Kneepad von der Seite.\"},{\"@type\":\"BreadcrumbList\",\"@id\":\"https:\/\/bolting.eu\/en\/shop\/blakpad-eon-kneepad\/#breadcrumb\",\"itemListElement\":[{\"@type\":\"ListItem\",\"position\":1,\"name\":\"Shop\",\"item\":\"https:\/\/bolting.eu\/en\/shop\/\"},{\"@type\":\"ListItem\",\"position\":2,\"name\":\"climbing equipment\",\"item\":\"https:\/\/bolting.eu\/en\/produkt-kategorie\/climbing-equipment\/\"},{\"@type\":\"ListItem\",\"position\":3,\"name\":\"Kneepads\",\"item\":\"https:\/\/bolting.eu\/produkt-kategorie\/kletterausruestung\/kneepads\/\"},{\"@type\":\"ListItem\",\"position\":4,\"name\":\"Blakpad EON Kneepad\"}]},{\"@type\":\"WebSite\",\"@id\":\"https:\/\/bolting.eu\/en\/#website\",\"url\":\"https:\/\/bolting.eu\/en\/\",\"name\":\"bolting.eu\",\"description\":\"we make climbs happen\",\"publisher\":{\"@id\":\"https:\/\/bolting.eu\/en\/#organization\"},\"potentialAction\":[{\"@type\":\"SearchAction\",\"target\":{\"@type\":\"EntryPoint\",\"urlTemplate\":\"https:\/\/bolting.eu\/en\/?s={search_term_string}\"},\"query-input\":{\"@type\":\"PropertyValueSpecification\",\"valueRequired\":true,\"valueName\":\"search_term_string\"}}],\"inLanguage\":\"en-US\"},{\"@type\":[\"Organization\",\"Place\",\"SportingGoodsStore\"],\"@id\":\"https:\/\/bolting.eu\/en\/#organization\",\"name\":\"bolting.eu\",\"url\":\"https:\/\/bolting.eu\/en\/\",\"logo\":{\"@id\":\"https:\/\/bolting.eu\/en\/shop\/blakpad-eon-kneepad\/#local-main-organization-logo\"},\"image\":{\"@id\":\"https:\/\/bolting.eu\/en\/shop\/blakpad-eon-kneepad\/#local-main-organization-logo\"},\"sameAs\":[\"https:\/\/www.facebook.com\/bolting.eu\",\"https:\/\/www.instagram.com\/bolting.eu\/\"],\"address\":{\"@id\":\"https:\/\/bolting.eu\/en\/shop\/blakpad-eon-kneepad\/#local-main-place-address\"},\"geo\":{\"@type\":\"GeoCoordinates\",\"latitude\":\"47.264176340396226\",\"longitude\":\"11.380109057672346\"},\"telephone\":[\"+43 699 19083372\"],\"openingHoursSpecification\":[{\"@type\":\"OpeningHoursSpecification\",\"dayOfWeek\":[\"Monday\",\"Wednesday\",\"Friday\"],\"opens\":\"14:00\",\"closes\":\"18:00\"},{\"@type\":\"OpeningHoursSpecification\",\"dayOfWeek\":[\"Tuesday\",\"Thursday\",\"Saturday\",\"Sunday\"],\"opens\":\"00:00\",\"closes\":\"00:00\"}],\"email\":\"office@bolting.eu\",\"vatID\":\"ATU59999728\",\"priceRange\":\"$$\",\"currenciesAccepted\":\"Euro\"},{\"@type\":\"PostalAddress\",\"@id\":\"https:\/\/bolting.eu\/en\/shop\/blakpad-eon-kneepad\/#local-main-place-address\",\"streetAddress\":\"Fischnalerstra\u00dfe 4\",\"addressLocality\":\"Innsbruck\",\"postalCode\":\"6020\",\"addressRegion\":\"Tirol\",\"addressCountry\":\"AT\"},{\"@type\":\"ImageObject\",\"inLanguage\":\"en-US\",\"@id\":\"https:\/\/bolting.eu\/en\/shop\/blakpad-eon-kneepad\/#local-main-organization-logo\",\"url\":\"https:\/\/bolting.eu\/wp-content\/uploads\/2019\/09\/bolting-logo.png\",\"contentUrl\":\"https:\/\/bolting.eu\/wp-content\/uploads\/2019\/09\/bolting-logo.png\",\"width\":400,\"height\":211,\"caption\":\"bolting.eu\"}]}<\/script>\n<meta property=\"og:video\" content=\"https:\/\/www.youtube.com\/embed\/zIcZzUJOOhQ\" \/>\n<meta property=\"og:video:type\" content=\"text\/html\" \/>\n<meta property=\"og:video:duration\" content=\"43\" \/>\n<meta property=\"og:video:width\" content=\"480\" \/>\n<meta property=\"og:video:height\" content=\"270\" \/>\n<meta property=\"ya:ovs:adult\" content=\"false\" \/>\n<meta property=\"ya:ovs:upload_date\" content=\"2026-03-17T15:13:23+00:00\" \/>\n<meta property=\"ya:ovs:allow_embed\" content=\"true\" \/>\n<meta property=\"og:availability\" content=\"instock\" \/>\n<meta property=\"product:availability\" content=\"instock\" \/>\n<meta property=\"product:condition\" content=\"new\" \/>\n<meta name=\"geo.placename\" content=\"Innsbruck\" \/>\n<meta name=\"geo.position\" content=\"47.264176340396226;11.380109057672346\" \/>\n<meta name=\"geo.region\" content=\"Austria\" \/>\n<!-- \/ Yoast SEO Premium plugin. -->","yoast_head_json":{"title":"Blakpad EON Kneepad | bolting.eu","description":"Blakpad EON Kneepad beim Innsbrucker Kletterprofi kaufen \u2705 Trusted Shop \u2705 kostenloser Versand* \u2705 14 Tage R\u00fcckgaberecht \u2705 Co2 neutrale Zustellung","robots":{"index":"index","follow":"follow","max-snippet":"max-snippet:-1","max-image-preview":"max-image-preview:large","max-video-preview":"max-video-preview:-1"},"canonical":"https:\/\/bolting.eu\/en\/shop\/blakpad-eon-kneepad\/","og_locale":"en_US","og_type":"article","og_title":"Blakpad EON Kneepad","og_description":"Blakpad EON Kneepad beim Innsbrucker Kletterprofi kaufen \u2705 Trusted Shop \u2705 kostenloser Versand* \u2705 14 Tage R\u00fcckgaberecht \u2705 Co2 neutrale Zustellung","og_url":"https:\/\/bolting.eu\/en\/shop\/blakpad-eon-kneepad\/","og_site_name":"bolting.eu","article_publisher":"https:\/\/www.facebook.com\/bolting.eu","article_modified_time":"2026-04-17T17:31:22+00:00","og_image":[{"width":700,"height":700,"url":"https:\/\/bolting.eu\/wp-content\/uploads\/2026\/03\/Blakpad-Eon-4.jpg","type":"image\/jpeg"}],"twitter_card":"summary_large_image","twitter_misc":{"Availability":"In stock"},"schema":{"@context":"https:\/\/schema.org","@graph":[{"@type":["WebPage","ItemPage"],"@id":"https:\/\/bolting.eu\/en\/shop\/blakpad-eon-kneepad\/","url":"https:\/\/bolting.eu\/en\/shop\/blakpad-eon-kneepad\/","name":"Blakpad EON Kneepad | bolting.eu","isPartOf":{"@id":"https:\/\/bolting.eu\/en\/#website"},"primaryImageOfPage":{"@id":"https:\/\/bolting.eu\/en\/shop\/blakpad-eon-kneepad\/#primaryimage"},"image":{"@id":"https:\/\/bolting.eu\/en\/shop\/blakpad-eon-kneepad\/#primaryimage"},"thumbnailUrl":"https:\/\/bolting.eu\/wp-content\/uploads\/2026\/03\/Blakpad-Eon-4.jpg","datePublished":"2026-03-17T15:13:23+00:00","dateModified":"2026-04-17T17:31:22+00:00","description":"Blakpad EON Kneepad beim Innsbrucker Kletterprofi kaufen \u2705 Trusted Shop \u2705 kostenloser Versand* \u2705 14 Tage R\u00fcckgaberecht \u2705 Co2 neutrale Zustellung","breadcrumb":{"@id":"https:\/\/bolting.eu\/en\/shop\/blakpad-eon-kneepad\/#breadcrumb"},"inLanguage":"en-US","potentialAction":[{"@type":"ReadAction","target":["https:\/\/bolting.eu\/en\/shop\/blakpad-eon-kneepad\/"]}]},{"@type":"ImageObject","inLanguage":"en-US","@id":"https:\/\/bolting.eu\/en\/shop\/blakpad-eon-kneepad\/#primaryimage","url":"https:\/\/bolting.eu\/wp-content\/uploads\/2026\/03\/Blakpad-Eon-4.jpg","contentUrl":"https:\/\/bolting.eu\/wp-content\/uploads\/2026\/03\/Blakpad-Eon-4.jpg","width":700,"height":700,"caption":"Schwarzues Blakpad Eon Kneepad von der Seite."},{"@type":"BreadcrumbList","@id":"https:\/\/bolting.eu\/en\/shop\/blakpad-eon-kneepad\/#breadcrumb","itemListElement":[{"@type":"ListItem","position":1,"name":"Shop","item":"https:\/\/bolting.eu\/en\/shop\/"},{"@type":"ListItem","position":2,"name":"climbing equipment","item":"https:\/\/bolting.eu\/en\/produkt-kategorie\/climbing-equipment\/"},{"@type":"ListItem","position":3,"name":"Kneepads","item":"https:\/\/bolting.eu\/produkt-kategorie\/kletterausruestung\/kneepads\/"},{"@type":"ListItem","position":4,"name":"Blakpad EON Kneepad"}]},{"@type":"WebSite","@id":"https:\/\/bolting.eu\/en\/#website","url":"https:\/\/bolting.eu\/en\/","name":"bolting.eu","description":"we make climbs happen","publisher":{"@id":"https:\/\/bolting.eu\/en\/#organization"},"potentialAction":[{"@type":"SearchAction","target":{"@type":"EntryPoint","urlTemplate":"https:\/\/bolting.eu\/en\/?s={search_term_string}"},"query-input":{"@type":"PropertyValueSpecification","valueRequired":true,"valueName":"search_term_string"}}],"inLanguage":"en-US"},{"@type":["Organization","Place","SportingGoodsStore"],"@id":"https:\/\/bolting.eu\/en\/#organization","name":"bolting.eu","url":"https:\/\/bolting.eu\/en\/","logo":{"@id":"https:\/\/bolting.eu\/en\/shop\/blakpad-eon-kneepad\/#local-main-organization-logo"},"image":{"@id":"https:\/\/bolting.eu\/en\/shop\/blakpad-eon-kneepad\/#local-main-organization-logo"},"sameAs":["https:\/\/www.facebook.com\/bolting.eu","https:\/\/www.instagram.com\/bolting.eu\/"],"address":{"@id":"https:\/\/bolting.eu\/en\/shop\/blakpad-eon-kneepad\/#local-main-place-address"},"geo":{"@type":"GeoCoordinates","latitude":"47.264176340396226","longitude":"11.380109057672346"},"telephone":["+43 699 19083372"],"openingHoursSpecification":[{"@type":"OpeningHoursSpecification","dayOfWeek":["Monday","Wednesday","Friday"],"opens":"14:00","closes":"18:00"},{"@type":"OpeningHoursSpecification","dayOfWeek":["Tuesday","Thursday","Saturday","Sunday"],"opens":"00:00","closes":"00:00"}],"email":"office@bolting.eu","vatID":"ATU59999728","priceRange":"$$","currenciesAccepted":"Euro"},{"@type":"PostalAddress","@id":"https:\/\/bolting.eu\/en\/shop\/blakpad-eon-kneepad\/#local-main-place-address","streetAddress":"Fischnalerstra\u00dfe 4","addressLocality":"Innsbruck","postalCode":"6020","addressRegion":"Tirol","addressCountry":"AT"},{"@type":"ImageObject","inLanguage":"en-US","@id":"https:\/\/bolting.eu\/en\/shop\/blakpad-eon-kneepad\/#local-main-organization-logo","url":"https:\/\/bolting.eu\/wp-content\/uploads\/2019\/09\/bolting-logo.png","contentUrl":"https:\/\/bolting.eu\/wp-content\/uploads\/2019\/09\/bolting-logo.png","width":400,"height":211,"caption":"bolting.eu"}]},"og_video":"https:\/\/www.youtube.com\/embed\/zIcZzUJOOhQ","og_video_type":"text\/html","og_video_duration":"43","og_video_width":"480","og_video_height":"270","ya_ovs_adult":"false","ya_ovs_upload_date":"2026-03-17T15:13:23+00:00","ya_ovs_allow_embed":"true","og_availability":"instock","product_availability":"instock","product_condition":"new","geo.placename":"Innsbruck","geo.position":{"lat":"47.264176340396226","long":"11.380109057672346"},"geo.region":"Austria"},"_links":{"self":[{"href":"https:\/\/bolting.eu\/en\/wp-json\/wp\/v2\/product\/37688","targetHints":{"allow":["GET"]}}],"collection":[{"href":"https:\/\/bolting.eu\/en\/wp-json\/wp\/v2\/product"}],"about":[{"href":"https:\/\/bolting.eu\/en\/wp-json\/wp\/v2\/types\/product"}],"replies":[{"embeddable":true,"href":"https:\/\/bolting.eu\/en\/wp-json\/wp\/v2\/comments?post=37688"}],"wp:featuredmedia":[{"embeddable":true,"href":"https:\/\/bolting.eu\/en\/wp-json\/wp\/v2\/media\/37695"}],"wp:attachment":[{"href":"https:\/\/bolting.eu\/en\/wp-json\/wp\/v2\/media?parent=37688"}],"wp:term":[{"taxonomy":"product_brand","embeddable":true,"href":"https:\/\/bolting.eu\/en\/wp-json\/wp\/v2\/product_brand?post=37688"},{"taxonomy":"product_cat","embeddable":true,"href":"https:\/\/bolting.eu\/en\/wp-json\/wp\/v2\/product_cat?post=37688"},{"taxonomy":"product_tag","embeddable":true,"href":"https:\/\/bolting.eu\/en\/wp-json\/wp\/v2\/product_tag?post=37688"}],"curies":[{"name":"wp","href":"https:\/\/api.w.org\/{rel}","templated":true}]}}