{"id":3767,"date":"2020-05-30T18:30:27","date_gmt":"2020-05-30T16:30:27","guid":{"rendered":"https:\/\/bolting.eu\/?post_type=product&#038;p=3767"},"modified":"2025-06-23T15:44:06","modified_gmt":"2025-06-23T13:44:06","slug":"bandfalldaempfer-kong-energy-absorber","status":"publish","type":"product","link":"https:\/\/bolting.eu\/en\/shop\/bandfalldaempfer-kong-energy-absorber\/","title":{"rendered":"Bandfalld\u00e4mpfer Kong Energy Absorber"},"content":{"rendered":"<p>Der Bandfalld\u00e4mpfer Kong Energy Absorber ist unerl\u00e4sslich bei H\u00f6henarbeiten. Denn der Falld\u00e4mpfer absorbiert durch bewusstes Aufrei\u00dfen der N\u00e4hte die Fallenergie. Somit ist man im Falle eines Sturzes gegen einen Fallfaktor 2 Sturz gesch\u00fctzt.<\/p>\n<p>Dieser kompakte Falld\u00e4mpfer zeichnet sich durch zwei Eigenschaften besonders aus. Erstens ist er sehr klein. Und zweitens auch sehr leicht. Das macht ihn besonders f\u00fcr einfache Positionierungsarbeiten sehr beliebt.<\/p>\n<p>\u00dcberdies bestellen bei bolting.eu viele Einbohrer dieses Produkt. D.h. jene die mit einem redundanten Sicherungsseil \/ <a href=\"https:\/\/bolting.eu\/produkt-kategorie\/kletterseil\/\">Kletterseil<\/a> arbeiten. Folglich wird der Bandfalld\u00e4mpfer in diesem Fall mit einem <a href=\"https:\/\/bolting.eu\/shop\/mitlaufendes-auffanggeraet-beal-monitor\/\">mitlaufenden Auffangger\u00e4t<\/a> verwendet.<\/p>\n<p>Kurzum. Ein extrem wichtiges Zubeh\u00f6r f\u00fcr alle die sicher in der H\u00f6he arbeiten wollen!<\/p>\n<h2>Eigenschaften Bandfalld\u00e4mpfer Kong Energy Absorber<\/h2>\n<ul>\n<li>Hersteller: <a href=\"https:\/\/bolting.eu\/produkt-kategorie\/kong\/\">Kong Italy<\/a><\/li>\n<li>Gewicht: 175 Gramm<\/li>\n<li>Gr\u00f6\u00dfe: ca. 20 x 5 x 3 cm<\/li>\n<li>Normen: EN 355<\/li>\n<li>inkl. 2 Karabinerschlaufen<\/li>\n<li>perfekt f\u00fcr Kong Back- Up Auffangger\u00e4t<\/li>\n<li>Gurtband rei\u00dft kontrolliert auf<\/li>\n<li>Schutzh\u00fclle mit Klettverschluss erleichtert Kontrolle<\/li>\n<li><a href=\"https:\/\/www.kong.it\/media\/Component\/CatalogProduct\/p390-eaw-base\/attachments\/ZZV05632%20rev.%203%20-%20EAW.pdf\" target=\"_blank\" rel=\"noopener noreferrer\">Bedienungsanleitung<\/a> beachten<\/li>\n<\/ul>\n<h3>Richtige Karabiner verwenden<\/h3>\n<p>F\u00fcr die Anbringung des Falld\u00e4mpfers braucht ihr die richtigen Karabiner. Wir empfehlen euch ovale Schraubkarabiner oder Twist Lock Karabiner. Diese richten sich perfekt entlang der Belastungsrichtung aus. Es kommt zu keiner Querbelastung.<\/p>\n<figure id=\"attachment_3768\" aria-describedby=\"caption-attachment-3768\" style=\"width: 762px\" class=\"wp-caption alignnone\"><a href=\"https:\/\/bolting.eu\/wp-content\/uploads\/2020\/05\/Bandfallda\u0308mpfer-Kong-Energy-Absorber-Karabiner.jpg\"><img loading=\"lazy\" decoding=\"async\" class=\"wp-image-3768 size-medium\" src=\"https:\/\/bolting.eu\/wp-content\/uploads\/2020\/05\/Bandfallda\u0308mpfer-Kong-Energy-Absorber-Karabiner-762x400.jpg\" alt=\"Das Bild zeigt zwei Bandfalld\u00e4mpfer Kong Energy Absorber mit Vorschl\u00e4gen f\u00fcr passende Karabiner. Oberhalb zwei silberne Austrialpin Ovalo Schraubkarabiner. Unterhalb zwei gelbe Austrialpin Ovalo Twist Lock Karabiner.\" width=\"762\" height=\"400\" srcset=\"https:\/\/bolting.eu\/wp-content\/uploads\/2020\/05\/Bandfallda\u0308mpfer-Kong-Energy-Absorber-Karabiner-762x400.jpg 762w, https:\/\/bolting.eu\/wp-content\/uploads\/2020\/05\/Bandfallda\u0308mpfer-Kong-Energy-Absorber-Karabiner-510x268.jpg 510w, https:\/\/bolting.eu\/wp-content\/uploads\/2020\/05\/Bandfallda\u0308mpfer-Kong-Energy-Absorber-Karabiner-768x403.jpg 768w, https:\/\/bolting.eu\/wp-content\/uploads\/2020\/05\/Bandfallda\u0308mpfer-Kong-Energy-Absorber-Karabiner-600x315.jpg 600w, https:\/\/bolting.eu\/wp-content\/uploads\/2020\/05\/Bandfallda\u0308mpfer-Kong-Energy-Absorber-Karabiner.jpg 1200w\" sizes=\"auto, (max-width: 762px) 100vw, 762px\" \/><\/a><figcaption id=\"caption-attachment-3768\" class=\"wp-caption-text\">Ein Vorschlag f\u00fcr passende Karabiner, die Austrialpin Ovalo Schrauber oder Twist Lock Karabiner.<\/figcaption><\/figure>\n<h3>Kontrolle Bandfalld\u00e4mpfer Kong Energy Absorber<\/h3>\n<figure id=\"attachment_3770\" aria-describedby=\"caption-attachment-3770\" style=\"width: 280px\" class=\"wp-caption alignleft\"><a href=\"https:\/\/bolting.eu\/wp-content\/uploads\/2020\/05\/203030o00kkeawbase02_BIG.jpg\"><img loading=\"lazy\" decoding=\"async\" class=\"wp-image-3770 size-thumbnail\" src=\"https:\/\/bolting.eu\/wp-content\/uploads\/2020\/05\/203030o00kkeawbase02_BIG-280x280.jpg\" alt=\"Das Bild zeigt einen ge\u00f6ffneten Bandfalld\u00e4mpfer Kong Energy Absorber. Man erkennt die zusammengen\u00e4hten B\u00e4nder im Inneren der Schutzh\u00fclle.\" width=\"280\" height=\"280\" srcset=\"https:\/\/bolting.eu\/wp-content\/uploads\/2020\/05\/203030o00kkeawbase02_BIG-280x280.jpg 280w, https:\/\/bolting.eu\/wp-content\/uploads\/2020\/05\/203030o00kkeawbase02_BIG-247x247.jpg 247w, https:\/\/bolting.eu\/wp-content\/uploads\/2020\/05\/203030o00kkeawbase02_BIG-100x100.jpg 100w, https:\/\/bolting.eu\/wp-content\/uploads\/2020\/05\/203030o00kkeawbase02_BIG-510x510.jpg 510w, https:\/\/bolting.eu\/wp-content\/uploads\/2020\/05\/203030o00kkeawbase02_BIG-400x400.jpg 400w, https:\/\/bolting.eu\/wp-content\/uploads\/2020\/05\/203030o00kkeawbase02_BIG-300x300.jpg 300w, https:\/\/bolting.eu\/wp-content\/uploads\/2020\/05\/203030o00kkeawbase02_BIG.jpg 600w\" sizes=\"auto, (max-width: 280px) 100vw, 280px\" \/><\/a><figcaption id=\"caption-attachment-3770\" class=\"wp-caption-text\">Kontrolliert die B\u00e4nder regelm\u00e4\u00dfig auf Sch\u00e4den!<\/figcaption><\/figure>\n<p>\u00dcberpr\u00fcft euren Falld\u00e4mpfer regelm\u00e4\u00dfig. Denn durch kleine Belastungen beginnen die N\u00e4hte innen im Laufe der Zeit aufzubrechen. Somit wird das Aufrei\u00dfverhalten negativ beeinflusst. Wenn die N\u00e4hte zu stark eingerissen sind, m\u00fcsst ihr das Produkt ausscheiden.<\/p>\n<p>\u00d6ffnet hierzu den Kletterverschluss der Schutzh\u00fclle. Dann inspiziert den Bandfalld\u00e4mpfer und die N\u00e4hte. Alles ok?<\/p>\n<p>&nbsp;<\/p>\n<h3>Redundantes Sichern beim Einbohren<\/h3>\n<p>Wir empfehlen euch beim <a href=\"https:\/\/bolting.eu\/kletterroute-einbohren\/\">Kletterroute einbohren<\/a> redundantes Arbeiten. D.h. verwendet ein zweites Sicherungsseil mit einem mitlaufenden Auffangger\u00e4t wie dem Back-Up. Dort sollte man den Bandfalld\u00e4mpfer Kong Energy Absorberdazu nehmen um keinen zu harten Sturz im Fall des Falles zu haben. \u00dcberdies empfehlen wir die o.a. Karabiner. Nehmt die Gefahr eines Seilrisses ernst. Besonders wenn ihr an scharfen Kanten abseilt bzw. dort herum jumart!<\/p>\n","protected":false},"excerpt":{"rendered":"<ul>\n<li>Hersteller: <a href=\"https:\/\/bolting.eu\/produkt-kategorie\/kong\/\">Kong Italy<\/a><\/li>\n<li>Gewicht: 175 Gramm<\/li>\n<li>Gr\u00f6\u00dfe: ca. 20 x 5 x 3 cm<\/li>\n<li>Normen: EN 355<\/li>\n<li>inkl. 2 Karabinerschlaufen<\/li>\n<li>perfekt f\u00fcr Kong Back- Up Auffangger\u00e4t<\/li>\n<li>Gurtband rei\u00dft kontrolliert auf<\/li>\n<li>Schutzh\u00fclle mit Klettverschluss erleichtert Kontrolle<\/li>\n<li><a href=\"https:\/\/www.kong.it\/media\/Component\/CatalogProduct\/p390-eaw-base\/attachments\/ZZV05632%20rev.%203%20-%20EAW.pdf\" target=\"_blank\" rel=\"noopener noreferrer\">Bedienungsanleitung<\/a> beachten<\/li>\n<\/ul>\n","protected":false},"featured_media":3769,"comment_status":"open","ping_status":"closed","template":"","meta":[],"product_brand":[],"product_cat":[14741,1210,4651,14055,14513],"product_tag":[],"class_list":{"0":"post-3767","1":"product","2":"type-product","3":"status-publish","4":"has-post-thumbnail","6":"product_cat-bandfalldaempfer","7":"product_cat-einbohrartikel","8":"product_cat-kong","9":"product_cat-absturzsicherung","10":"product_cat-industriekletter-ausruestung","12":"first","13":"instock","14":"taxable","15":"shipping-taxable","16":"purchasable","17":"product-type-simple"},"yoast_head":"<!-- This site is optimized with the Yoast SEO Premium plugin v26.9 (Yoast SEO v26.9) - https:\/\/yoast.com\/product\/yoast-seo-premium-wordpress\/ -->\n<title>Bandfalld\u00e4mpfer Kong Energy Absorber jetzt online kaufen | bolting.eu<\/title>\n<meta name=\"description\" content=\"Hier findet ihr den Bandfalld\u00e4mpfer Kong Energy Absorber. Einen kleinen, eichten Falld\u00e4mpfer f\u00fcr H\u00f6henarbeiten. Vom sypatischen Einbohr Profi aus \ud83c\udde6\ud83c\uddf9 !\" \/>\n<meta name=\"robots\" content=\"index, follow, max-snippet:-1, max-image-preview:large, max-video-preview:-1\" \/>\n<link rel=\"canonical\" href=\"https:\/\/bolting.eu\/en\/shop\/bandfalldaempfer-kong-energy-absorber\/\" \/>\n<meta property=\"og:locale\" content=\"en_US\" \/>\n<meta property=\"og:type\" content=\"article\" \/>\n<meta property=\"og:title\" content=\"Bandfalld\u00e4mpfer Kong Energy Absorber\" \/>\n<meta property=\"og:description\" content=\"Hier findet ihr den Bandfalld\u00e4mpfer Kong Energy Absorber. Einen kleinen, eichten Falld\u00e4mpfer f\u00fcr H\u00f6henarbeiten. Vom sypatischen Einbohr Profi aus \ud83c\udde6\ud83c\uddf9 !\" \/>\n<meta property=\"og:url\" content=\"https:\/\/bolting.eu\/en\/shop\/bandfalldaempfer-kong-energy-absorber\/\" \/>\n<meta property=\"og:site_name\" content=\"bolting.eu\" \/>\n<meta property=\"article:publisher\" content=\"https:\/\/www.facebook.com\/bolting.eu\" \/>\n<meta property=\"article:modified_time\" content=\"2025-06-23T13:44:06+00:00\" \/>\n<meta property=\"og:image\" content=\"https:\/\/bolting.eu\/wp-content\/uploads\/2020\/05\/Bandfallda\u0308mpfer-Kong-Energy-Absorber.jpg\" \/>\n\t<meta property=\"og:image:width\" content=\"700\" \/>\n\t<meta property=\"og:image:height\" content=\"700\" \/>\n\t<meta property=\"og:image:type\" content=\"image\/jpeg\" \/>\n<meta name=\"twitter:card\" content=\"summary_large_image\" \/>\n<meta name=\"twitter:label1\" content=\"Price\" \/>\n\t<meta name=\"twitter:data1\" content=\"&euro;&nbsp;39,90\" \/>\n\t<meta name=\"twitter:label2\" content=\"Availability\" \/>\n\t<meta name=\"twitter:data2\" content=\"In stock\" \/>\n<script type=\"application\/ld+json\" class=\"yoast-schema-graph\">{\"@context\":\"https:\/\/schema.org\",\"@graph\":[{\"@type\":[\"WebPage\",\"ItemPage\"],\"@id\":\"https:\/\/bolting.eu\/en\/shop\/bandfalldaempfer-kong-energy-absorber\/\",\"url\":\"https:\/\/bolting.eu\/en\/shop\/bandfalldaempfer-kong-energy-absorber\/\",\"name\":\"Bandfalld\u00e4mpfer Kong Energy Absorber jetzt online kaufen | bolting.eu\",\"isPartOf\":{\"@id\":\"https:\/\/bolting.eu\/en\/#website\"},\"primaryImageOfPage\":{\"@id\":\"https:\/\/bolting.eu\/en\/shop\/bandfalldaempfer-kong-energy-absorber\/#primaryimage\"},\"image\":{\"@id\":\"https:\/\/bolting.eu\/en\/shop\/bandfalldaempfer-kong-energy-absorber\/#primaryimage\"},\"thumbnailUrl\":\"https:\/\/bolting.eu\/wp-content\/uploads\/2020\/05\/Bandfallda\u0308mpfer-Kong-Energy-Absorber.jpg\",\"datePublished\":\"2020-05-30T16:30:27+00:00\",\"dateModified\":\"2025-06-23T13:44:06+00:00\",\"description\":\"Hier findet ihr den Bandfalld\u00e4mpfer Kong Energy Absorber. Einen kleinen, eichten Falld\u00e4mpfer f\u00fcr H\u00f6henarbeiten. Vom sypatischen Einbohr Profi aus \ud83c\udde6\ud83c\uddf9 !\",\"breadcrumb\":{\"@id\":\"https:\/\/bolting.eu\/en\/shop\/bandfalldaempfer-kong-energy-absorber\/#breadcrumb\"},\"inLanguage\":\"en-US\",\"potentialAction\":[{\"@type\":\"ReadAction\",\"target\":[\"https:\/\/bolting.eu\/en\/shop\/bandfalldaempfer-kong-energy-absorber\/\"]}]},{\"@type\":\"ImageObject\",\"inLanguage\":\"en-US\",\"@id\":\"https:\/\/bolting.eu\/en\/shop\/bandfalldaempfer-kong-energy-absorber\/#primaryimage\",\"url\":\"https:\/\/bolting.eu\/wp-content\/uploads\/2020\/05\/Bandfallda\u0308mpfer-Kong-Energy-Absorber.jpg\",\"contentUrl\":\"https:\/\/bolting.eu\/wp-content\/uploads\/2020\/05\/Bandfallda\u0308mpfer-Kong-Energy-Absorber.jpg\",\"width\":700,\"height\":700,\"caption\":\"das Bild zeigt den Bandfalld\u00e4mpfer Kong Energy Absorber. Der schwarze Falld\u00e4mpfer liegt schr\u00e4g imBild, seitlich sieht man die orangen Schlaufen f\u00fcr die Karabiner. In der Mitte am Produkt das Kong Logo.\"},{\"@type\":\"BreadcrumbList\",\"@id\":\"https:\/\/bolting.eu\/en\/shop\/bandfalldaempfer-kong-energy-absorber\/#breadcrumb\",\"itemListElement\":[{\"@type\":\"ListItem\",\"position\":1,\"name\":\"Shop\",\"item\":\"https:\/\/bolting.eu\/en\/shop\/\"},{\"@type\":\"ListItem\",\"position\":2,\"name\":\"Industrial climbing gear\",\"item\":\"https:\/\/bolting.eu\/en\/produkt-kategorie\/industrial-climbing-gear\/\"},{\"@type\":\"ListItem\",\"position\":3,\"name\":\"Belt energy absorber\",\"item\":\"https:\/\/bolting.eu\/en\/produkt-kategorie\/belt-energy-absorber\/\"},{\"@type\":\"ListItem\",\"position\":4,\"name\":\"Bandfalld\u00e4mpfer Kong Energy Absorber\"}]},{\"@type\":\"WebSite\",\"@id\":\"https:\/\/bolting.eu\/en\/#website\",\"url\":\"https:\/\/bolting.eu\/en\/\",\"name\":\"bolting.eu\",\"description\":\"we make climbs happen\",\"publisher\":{\"@id\":\"https:\/\/bolting.eu\/en\/#organization\"},\"potentialAction\":[{\"@type\":\"SearchAction\",\"target\":{\"@type\":\"EntryPoint\",\"urlTemplate\":\"https:\/\/bolting.eu\/en\/?s={search_term_string}\"},\"query-input\":{\"@type\":\"PropertyValueSpecification\",\"valueRequired\":true,\"valueName\":\"search_term_string\"}}],\"inLanguage\":\"en-US\"},{\"@type\":[\"Organization\",\"Place\",\"SportingGoodsStore\"],\"@id\":\"https:\/\/bolting.eu\/en\/#organization\",\"name\":\"bolting.eu\",\"url\":\"https:\/\/bolting.eu\/en\/\",\"logo\":{\"@id\":\"https:\/\/bolting.eu\/en\/shop\/bandfalldaempfer-kong-energy-absorber\/#local-main-organization-logo\"},\"image\":{\"@id\":\"https:\/\/bolting.eu\/en\/shop\/bandfalldaempfer-kong-energy-absorber\/#local-main-organization-logo\"},\"sameAs\":[\"https:\/\/www.facebook.com\/bolting.eu\",\"https:\/\/www.instagram.com\/bolting.eu\/\"],\"address\":{\"@id\":\"https:\/\/bolting.eu\/en\/shop\/bandfalldaempfer-kong-energy-absorber\/#local-main-place-address\"},\"geo\":{\"@type\":\"GeoCoordinates\",\"latitude\":\"47.264176340396226\",\"longitude\":\"11.380109057672346\"},\"telephone\":[\"+43 699 19083372\"],\"openingHoursSpecification\":[{\"@type\":\"OpeningHoursSpecification\",\"dayOfWeek\":[\"Monday\",\"Wednesday\",\"Friday\"],\"opens\":\"14:00\",\"closes\":\"18:00\"},{\"@type\":\"OpeningHoursSpecification\",\"dayOfWeek\":[\"Tuesday\",\"Thursday\",\"Saturday\",\"Sunday\"],\"opens\":\"00:00\",\"closes\":\"00:00\"}],\"email\":\"office@bolting.eu\",\"vatID\":\"ATU59999728\",\"priceRange\":\"$$\",\"currenciesAccepted\":\"Euro\"},{\"@type\":\"PostalAddress\",\"@id\":\"https:\/\/bolting.eu\/en\/shop\/bandfalldaempfer-kong-energy-absorber\/#local-main-place-address\",\"streetAddress\":\"Fischnalerstra\u00dfe 4\",\"addressLocality\":\"Innsbruck\",\"postalCode\":\"6020\",\"addressRegion\":\"Tirol\",\"addressCountry\":\"AT\"},{\"@type\":\"ImageObject\",\"inLanguage\":\"en-US\",\"@id\":\"https:\/\/bolting.eu\/en\/shop\/bandfalldaempfer-kong-energy-absorber\/#local-main-organization-logo\",\"url\":\"https:\/\/bolting.eu\/wp-content\/uploads\/2019\/09\/bolting-logo.png\",\"contentUrl\":\"https:\/\/bolting.eu\/wp-content\/uploads\/2019\/09\/bolting-logo.png\",\"width\":400,\"height\":211,\"caption\":\"bolting.eu\"}]}<\/script>\n<meta property=\"product:price:amount\" content=\"39.90\" \/>\n<meta property=\"product:price:currency\" content=\"EUR\" \/>\n<meta property=\"og:availability\" content=\"instock\" \/>\n<meta property=\"product:availability\" content=\"instock\" \/>\n<meta property=\"product:retailer_item_id\" content=\"203030O00KK\" \/>\n<meta property=\"product:condition\" content=\"new\" \/>\n<meta name=\"geo.placename\" content=\"Innsbruck\" \/>\n<meta name=\"geo.position\" content=\"47.264176340396226;11.380109057672346\" \/>\n<meta name=\"geo.region\" content=\"Austria\" \/>\n<!-- \/ Yoast SEO Premium plugin. -->","yoast_head_json":{"title":"Bandfalld\u00e4mpfer Kong Energy Absorber jetzt online kaufen | bolting.eu","description":"Hier findet ihr den Bandfalld\u00e4mpfer Kong Energy Absorber. Einen kleinen, eichten Falld\u00e4mpfer f\u00fcr H\u00f6henarbeiten. Vom sypatischen Einbohr Profi aus \ud83c\udde6\ud83c\uddf9 !","robots":{"index":"index","follow":"follow","max-snippet":"max-snippet:-1","max-image-preview":"max-image-preview:large","max-video-preview":"max-video-preview:-1"},"canonical":"https:\/\/bolting.eu\/en\/shop\/bandfalldaempfer-kong-energy-absorber\/","og_locale":"en_US","og_type":"article","og_title":"Bandfalld\u00e4mpfer Kong Energy Absorber","og_description":"Hier findet ihr den Bandfalld\u00e4mpfer Kong Energy Absorber. Einen kleinen, eichten Falld\u00e4mpfer f\u00fcr H\u00f6henarbeiten. Vom sypatischen Einbohr Profi aus \ud83c\udde6\ud83c\uddf9 !","og_url":"https:\/\/bolting.eu\/en\/shop\/bandfalldaempfer-kong-energy-absorber\/","og_site_name":"bolting.eu","article_publisher":"https:\/\/www.facebook.com\/bolting.eu","article_modified_time":"2025-06-23T13:44:06+00:00","og_image":[{"width":700,"height":700,"url":"https:\/\/bolting.eu\/wp-content\/uploads\/2020\/05\/Bandfallda\u0308mpfer-Kong-Energy-Absorber.jpg","type":"image\/jpeg"}],"twitter_card":"summary_large_image","twitter_misc":{"Price":"&euro;&nbsp;39,90","Availability":"In stock"},"schema":{"@context":"https:\/\/schema.org","@graph":[{"@type":["WebPage","ItemPage"],"@id":"https:\/\/bolting.eu\/en\/shop\/bandfalldaempfer-kong-energy-absorber\/","url":"https:\/\/bolting.eu\/en\/shop\/bandfalldaempfer-kong-energy-absorber\/","name":"Bandfalld\u00e4mpfer Kong Energy Absorber jetzt online kaufen | bolting.eu","isPartOf":{"@id":"https:\/\/bolting.eu\/en\/#website"},"primaryImageOfPage":{"@id":"https:\/\/bolting.eu\/en\/shop\/bandfalldaempfer-kong-energy-absorber\/#primaryimage"},"image":{"@id":"https:\/\/bolting.eu\/en\/shop\/bandfalldaempfer-kong-energy-absorber\/#primaryimage"},"thumbnailUrl":"https:\/\/bolting.eu\/wp-content\/uploads\/2020\/05\/Bandfallda\u0308mpfer-Kong-Energy-Absorber.jpg","datePublished":"2020-05-30T16:30:27+00:00","dateModified":"2025-06-23T13:44:06+00:00","description":"Hier findet ihr den Bandfalld\u00e4mpfer Kong Energy Absorber. Einen kleinen, eichten Falld\u00e4mpfer f\u00fcr H\u00f6henarbeiten. Vom sypatischen Einbohr Profi aus \ud83c\udde6\ud83c\uddf9 !","breadcrumb":{"@id":"https:\/\/bolting.eu\/en\/shop\/bandfalldaempfer-kong-energy-absorber\/#breadcrumb"},"inLanguage":"en-US","potentialAction":[{"@type":"ReadAction","target":["https:\/\/bolting.eu\/en\/shop\/bandfalldaempfer-kong-energy-absorber\/"]}]},{"@type":"ImageObject","inLanguage":"en-US","@id":"https:\/\/bolting.eu\/en\/shop\/bandfalldaempfer-kong-energy-absorber\/#primaryimage","url":"https:\/\/bolting.eu\/wp-content\/uploads\/2020\/05\/Bandfallda\u0308mpfer-Kong-Energy-Absorber.jpg","contentUrl":"https:\/\/bolting.eu\/wp-content\/uploads\/2020\/05\/Bandfallda\u0308mpfer-Kong-Energy-Absorber.jpg","width":700,"height":700,"caption":"das Bild zeigt den Bandfalld\u00e4mpfer Kong Energy Absorber. Der schwarze Falld\u00e4mpfer liegt schr\u00e4g imBild, seitlich sieht man die orangen Schlaufen f\u00fcr die Karabiner. In der Mitte am Produkt das Kong Logo."},{"@type":"BreadcrumbList","@id":"https:\/\/bolting.eu\/en\/shop\/bandfalldaempfer-kong-energy-absorber\/#breadcrumb","itemListElement":[{"@type":"ListItem","position":1,"name":"Shop","item":"https:\/\/bolting.eu\/en\/shop\/"},{"@type":"ListItem","position":2,"name":"Industrial climbing gear","item":"https:\/\/bolting.eu\/en\/produkt-kategorie\/industrial-climbing-gear\/"},{"@type":"ListItem","position":3,"name":"Belt energy absorber","item":"https:\/\/bolting.eu\/en\/produkt-kategorie\/belt-energy-absorber\/"},{"@type":"ListItem","position":4,"name":"Bandfalld\u00e4mpfer Kong Energy Absorber"}]},{"@type":"WebSite","@id":"https:\/\/bolting.eu\/en\/#website","url":"https:\/\/bolting.eu\/en\/","name":"bolting.eu","description":"we make climbs happen","publisher":{"@id":"https:\/\/bolting.eu\/en\/#organization"},"potentialAction":[{"@type":"SearchAction","target":{"@type":"EntryPoint","urlTemplate":"https:\/\/bolting.eu\/en\/?s={search_term_string}"},"query-input":{"@type":"PropertyValueSpecification","valueRequired":true,"valueName":"search_term_string"}}],"inLanguage":"en-US"},{"@type":["Organization","Place","SportingGoodsStore"],"@id":"https:\/\/bolting.eu\/en\/#organization","name":"bolting.eu","url":"https:\/\/bolting.eu\/en\/","logo":{"@id":"https:\/\/bolting.eu\/en\/shop\/bandfalldaempfer-kong-energy-absorber\/#local-main-organization-logo"},"image":{"@id":"https:\/\/bolting.eu\/en\/shop\/bandfalldaempfer-kong-energy-absorber\/#local-main-organization-logo"},"sameAs":["https:\/\/www.facebook.com\/bolting.eu","https:\/\/www.instagram.com\/bolting.eu\/"],"address":{"@id":"https:\/\/bolting.eu\/en\/shop\/bandfalldaempfer-kong-energy-absorber\/#local-main-place-address"},"geo":{"@type":"GeoCoordinates","latitude":"47.264176340396226","longitude":"11.380109057672346"},"telephone":["+43 699 19083372"],"openingHoursSpecification":[{"@type":"OpeningHoursSpecification","dayOfWeek":["Monday","Wednesday","Friday"],"opens":"14:00","closes":"18:00"},{"@type":"OpeningHoursSpecification","dayOfWeek":["Tuesday","Thursday","Saturday","Sunday"],"opens":"00:00","closes":"00:00"}],"email":"office@bolting.eu","vatID":"ATU59999728","priceRange":"$$","currenciesAccepted":"Euro"},{"@type":"PostalAddress","@id":"https:\/\/bolting.eu\/en\/shop\/bandfalldaempfer-kong-energy-absorber\/#local-main-place-address","streetAddress":"Fischnalerstra\u00dfe 4","addressLocality":"Innsbruck","postalCode":"6020","addressRegion":"Tirol","addressCountry":"AT"},{"@type":"ImageObject","inLanguage":"en-US","@id":"https:\/\/bolting.eu\/en\/shop\/bandfalldaempfer-kong-energy-absorber\/#local-main-organization-logo","url":"https:\/\/bolting.eu\/wp-content\/uploads\/2019\/09\/bolting-logo.png","contentUrl":"https:\/\/bolting.eu\/wp-content\/uploads\/2019\/09\/bolting-logo.png","width":400,"height":211,"caption":"bolting.eu"}]},"product_price_amount":"39.90","product_price_currency":"EUR","og_availability":"instock","product_availability":"instock","product_retailer_item_id":"203030O00KK","product_condition":"new","geo.placename":"Innsbruck","geo.position":{"lat":"47.264176340396226","long":"11.380109057672346"},"geo.region":"Austria"},"_links":{"self":[{"href":"https:\/\/bolting.eu\/en\/wp-json\/wp\/v2\/product\/3767","targetHints":{"allow":["GET"]}}],"collection":[{"href":"https:\/\/bolting.eu\/en\/wp-json\/wp\/v2\/product"}],"about":[{"href":"https:\/\/bolting.eu\/en\/wp-json\/wp\/v2\/types\/product"}],"replies":[{"embeddable":true,"href":"https:\/\/bolting.eu\/en\/wp-json\/wp\/v2\/comments?post=3767"}],"wp:featuredmedia":[{"embeddable":true,"href":"https:\/\/bolting.eu\/en\/wp-json\/wp\/v2\/media\/3769"}],"wp:attachment":[{"href":"https:\/\/bolting.eu\/en\/wp-json\/wp\/v2\/media?parent=3767"}],"wp:term":[{"taxonomy":"product_brand","embeddable":true,"href":"https:\/\/bolting.eu\/en\/wp-json\/wp\/v2\/product_brand?post=3767"},{"taxonomy":"product_cat","embeddable":true,"href":"https:\/\/bolting.eu\/en\/wp-json\/wp\/v2\/product_cat?post=3767"},{"taxonomy":"product_tag","embeddable":true,"href":"https:\/\/bolting.eu\/en\/wp-json\/wp\/v2\/product_tag?post=3767"}],"curies":[{"name":"wp","href":"https:\/\/api.w.org\/{rel}","templated":true}]}}