{"id":3761,"date":"2020-05-30T16:27:21","date_gmt":"2020-05-30T14:27:21","guid":{"rendered":"https:\/\/bolting.eu\/?post_type=product&#038;p=3761"},"modified":"2026-03-09T18:14:33","modified_gmt":"2026-03-09T17:14:33","slug":"kong-tango-klettersteigkarabiner","status":"publish","type":"product","link":"https:\/\/bolting.eu\/en\/shop\/kong-tango-klettersteigkarabiner\/","title":{"rendered":"Kong Tango Klettersteigkarabiner"},"content":{"rendered":"<p>Der Kong Tango Klettersteigkarabiner ist ein Karabiner f\u00fcr kleine H\u00e4nde. Er ist ergonomisch derart gestaltet, sodass eben auch kleinere H\u00e4nde eine nat\u00fcrlich Haltung beim Klippen einnehmen. Folglich haben diese Klettersteigkarabiner ein extrem angenehmes Handling. Somit ist man am Klettersteig fl\u00fcssig und sicher unterwegs.<\/p>\n<p>Die Bedienung dieses Klettersteigkarabiners ist kinderleicht. Somit kann man sich auf das Wesentliche konzentrieren. Die n\u00e4chste Schl\u00fcsselstelle!<\/p>\n<h3>Eigenschaften Kong Tango Klettersteigkarabiner<\/h3>\n<ul>\n<li>Hersteller: Kong Italy<\/li>\n<li>Material: Aluminium<\/li>\n<li>EN Normen: 362 und 12275<\/li>\n<li>NFPA 1983:2017<\/li>\n<li>Bruchlasten: 33kN l\u00e4ngs &#8211; 10 kN quer &#8211; 15 kN offen<\/li>\n<li>Gewicht: 130 Gramm<\/li>\n<li>Dimensionen: 136 x 70mm<\/li>\n<li>Farben: rot und schwarz<\/li>\n<li>zum Bau von Positionierungs- und Absturzsicherungen<\/li>\n<li>Bandfalld\u00e4mpfer st\u00e4rkstens emfohlen<\/li>\n<\/ul>\n<p><strong>Ausschlie\u00dflich in Verbindung mit einem genormten Bandfalld\u00e4mpfer zu verwenden!<\/strong><\/p>\n<p>Dieser Karabiner ist nicht f\u00fcr ein selbstgebautes Klettersteigset gedacht.\u00a0 Diese entsprechen keinerlei Norm und sind sehr gef\u00e4hrlich. W\u00e4hlt doch bitte lieber gleich ein es unserer genormten <a href=\"https:\/\/bolting.eu\/produkt-kategorie\/klettersteigset\/\">Klettersteigsets<\/a>!<\/p>\n<h3>Wartung Kong Tango Klettersteigkarabiner<\/h3>\n<p>Wie alle Karabiner sollte man auch diesen Klettersteigkarabiner von Zeit zu Zeit warten. Wir empfehlen Euch den Karabiner alle paar Monate entsprechend zu pflegen. Einfach unter lauwarmen Wasser absp\u00fclen. Den Schnapperverschluss bzw. Druckverschluss durch \u201ePeitschen\u201c in der Hand von Staub s\u00e4ubern. Dann an der Luft trocknen lassen. Anschlie\u00dfend mit dem <a href=\"https:\/\/bolting.eu\/shop\/kong-kletterausruestung-pflegeoel\/\">Karabiner Pflege\u00f6l<\/a> die Gelenke einschmieren und fertig!<\/p>\n<h3>Wann muss der Schrauber ausgetauscht werden?<\/h3>\n<p>Durch das st\u00e4ndige Einh\u00e4ngen wird der Kong Tango Klettersteigkarabiner wie jeder anderer Karabiner auch laufend beansprucht. Die Stahlseile reiben st\u00e4ndig am Aluminium. Je nachdem wie viel ihr klettert, m\u00fcsst ihr diese \u201eKerben\u201c im Auge behalten. Werden Sie zu gro\u00df, muss der Karabiner ausgetauscht werden.<\/p>\n<p>Die Gebrauchsfrist ist maximal mit 10 Jahren angegeben. Dann muss der Karabiner ebenfalls ausgetauscht werden.<\/p>\n<p>Im Falle eines Sturzes in einen Klettersteigkarabiner muss diese bzw. das gesamte Set nat\u00fcrlich sofort ausgeschieden werden.<\/p>\n<h4><strong>Link Tipp<\/strong><\/h4>\n<p>Die neuen Kong Tango Klettersteigkarabiner gleich einmal ausprobieren. Z.B. beim Anf\u00e4nger Klettersteig <a href=\"https:\/\/maltatal.rocks\/klettergebiete-posts\/weg-der-oberkaerntner-jaeger-klettersteig-breitwand\/\" target=\"_blank\" rel=\"noopener noreferrer\">&#8220;Weg der Oberk\u00e4rntner J\u00e4ger&#8221; A\/B<\/a> am wundersch\u00f6nen Millst\u00e4tter See.<\/p>\n","protected":false},"excerpt":{"rendered":"<ul>\n<li>innovativer Klettersteigkarabiner von <a href=\"https:\/\/bolting.eu\/produkt-kategorie\/kong\/\">Kong Italy<\/a><\/li>\n<li>Material: Aluminium<\/li>\n<li>EN Normen: 362 und 12275<\/li>\n<li>NFPA 1983:2017<\/li>\n<li>Bruchlasten: 33kN l\u00e4ngs &#8211; 10 kN quer &#8211; 15 kN offen<\/li>\n<li>Gewicht: 130 Gramm<\/li>\n<li>Dimensionen: 136 x 70mm<\/li>\n<li>Farben: rot und schwarz<\/li>\n<li>zum Bau von Positionierungs- und Absturzsicherungen<\/li>\n<li>Bandfalld\u00e4mpfer st\u00e4rkstens emfohlen<\/li>\n<\/ul>\n","protected":false},"featured_media":3765,"comment_status":"open","ping_status":"closed","template":"","meta":[],"product_brand":[],"product_cat":[44,3007,3010,4651],"product_tag":[],"class_list":{"0":"post-3761","1":"product","2":"type-product","3":"status-publish","4":"has-post-thumbnail","6":"product_cat-kletterkarabiner","7":"product_cat-einhandkarabiner","8":"product_cat-klettersteigkarabiner","9":"product_cat-kong","11":"first","12":"instock","13":"taxable","14":"shipping-taxable","15":"purchasable","16":"product-type-variable"},"yoast_head":"<!-- This site is optimized with the Yoast SEO Premium plugin v26.9 (Yoast SEO v26.9) - https:\/\/yoast.com\/product\/yoast-seo-premium-wordpress\/ -->\n<title>Kong Tango Klettersteigkarabiner: mit Top Preis online kaufen | bolting.eu<\/title>\n<meta name=\"description\" content=\"Hier findet ihr den Kong Tango Klettersteigkarabiner. Ein Klettersteigkarabiner f\u00fcr kleine H\u00e4nde. Jetzt gleich online kaufen beim Kletterprofi aus \ud83c\udde6\ud83c\uddf9 !\" \/>\n<meta name=\"robots\" content=\"index, follow, max-snippet:-1, max-image-preview:large, max-video-preview:-1\" \/>\n<link rel=\"canonical\" href=\"https:\/\/bolting.eu\/en\/shop\/kong-tango-klettersteigkarabiner\/\" \/>\n<meta property=\"og:locale\" content=\"en_US\" \/>\n<meta property=\"og:type\" content=\"article\" \/>\n<meta property=\"og:title\" content=\"Kong Tango Klettersteigkarabiner\" \/>\n<meta property=\"og:description\" content=\"Hier findet ihr den Kong Tango Klettersteigkarabiner. Ein Klettersteigkarabiner f\u00fcr kleine H\u00e4nde. Jetzt gleich online kaufen beim Kletterprofi aus \ud83c\udde6\ud83c\uddf9 !\" \/>\n<meta property=\"og:url\" content=\"https:\/\/bolting.eu\/en\/shop\/kong-tango-klettersteigkarabiner\/\" \/>\n<meta property=\"og:site_name\" content=\"bolting.eu\" \/>\n<meta property=\"article:publisher\" content=\"https:\/\/www.facebook.com\/bolting.eu\" \/>\n<meta property=\"article:modified_time\" content=\"2026-03-09T17:14:33+00:00\" \/>\n<meta property=\"og:image\" content=\"https:\/\/bolting.eu\/wp-content\/uploads\/2020\/05\/Kong-Tango-Klettersteigkarabiner-schwarz.jpg\" \/>\n\t<meta property=\"og:image:width\" content=\"700\" \/>\n\t<meta property=\"og:image:height\" content=\"700\" \/>\n\t<meta property=\"og:image:type\" content=\"image\/jpeg\" \/>\n<meta name=\"twitter:card\" content=\"summary_large_image\" \/>\n<meta name=\"twitter:label1\" content=\"Availability\" \/>\n\t<meta name=\"twitter:data1\" content=\"In stock\" \/>\n<script type=\"application\/ld+json\" class=\"yoast-schema-graph\">{\"@context\":\"https:\/\/schema.org\",\"@graph\":[{\"@type\":[\"WebPage\",\"ItemPage\"],\"@id\":\"https:\/\/bolting.eu\/en\/shop\/kong-tango-klettersteigkarabiner\/\",\"url\":\"https:\/\/bolting.eu\/en\/shop\/kong-tango-klettersteigkarabiner\/\",\"name\":\"Kong Tango Klettersteigkarabiner: mit Top Preis online kaufen | bolting.eu\",\"isPartOf\":{\"@id\":\"https:\/\/bolting.eu\/en\/#website\"},\"primaryImageOfPage\":{\"@id\":\"https:\/\/bolting.eu\/en\/shop\/kong-tango-klettersteigkarabiner\/#primaryimage\"},\"image\":{\"@id\":\"https:\/\/bolting.eu\/en\/shop\/kong-tango-klettersteigkarabiner\/#primaryimage\"},\"thumbnailUrl\":\"https:\/\/bolting.eu\/wp-content\/uploads\/2020\/05\/Kong-Tango-Klettersteigkarabiner-schwarz.jpg\",\"datePublished\":\"2020-05-30T14:27:21+00:00\",\"dateModified\":\"2026-03-09T17:14:33+00:00\",\"description\":\"Hier findet ihr den Kong Tango Klettersteigkarabiner. Ein Klettersteigkarabiner f\u00fcr kleine H\u00e4nde. Jetzt gleich online kaufen beim Kletterprofi aus \ud83c\udde6\ud83c\uddf9 !\",\"breadcrumb\":{\"@id\":\"https:\/\/bolting.eu\/en\/shop\/kong-tango-klettersteigkarabiner\/#breadcrumb\"},\"inLanguage\":\"en-US\",\"potentialAction\":[{\"@type\":\"ReadAction\",\"target\":[\"https:\/\/bolting.eu\/en\/shop\/kong-tango-klettersteigkarabiner\/\"]}]},{\"@type\":\"ImageObject\",\"inLanguage\":\"en-US\",\"@id\":\"https:\/\/bolting.eu\/en\/shop\/kong-tango-klettersteigkarabiner\/#primaryimage\",\"url\":\"https:\/\/bolting.eu\/wp-content\/uploads\/2020\/05\/Kong-Tango-Klettersteigkarabiner-schwarz.jpg\",\"contentUrl\":\"https:\/\/bolting.eu\/wp-content\/uploads\/2020\/05\/Kong-Tango-Klettersteigkarabiner-schwarz.jpg\",\"width\":700,\"height\":700,\"caption\":\"Das Bild zeigt den Kong Tango Klettersteigkarabiner schwarz. Er steht aufrecht in Bildmitte mit dem Schnapper nach rechts.\"},{\"@type\":\"BreadcrumbList\",\"@id\":\"https:\/\/bolting.eu\/en\/shop\/kong-tango-klettersteigkarabiner\/#breadcrumb\",\"itemListElement\":[{\"@type\":\"ListItem\",\"position\":1,\"name\":\"Shop\",\"item\":\"https:\/\/bolting.eu\/en\/shop\/\"},{\"@type\":\"ListItem\",\"position\":2,\"name\":\"climbing equipment\",\"item\":\"https:\/\/bolting.eu\/en\/produkt-kategorie\/climbing-equipment\/\"},{\"@type\":\"ListItem\",\"position\":3,\"name\":\"Climbing carabiner\",\"item\":\"https:\/\/bolting.eu\/en\/produkt-kategorie\/climbing-carabiner\/\"},{\"@type\":\"ListItem\",\"position\":4,\"name\":\"Klettersteigkarabiner\",\"item\":\"https:\/\/bolting.eu\/en\/produkt-kategorie\/climbing-carabiner\/klettersteigkarabiner\/\"},{\"@type\":\"ListItem\",\"position\":5,\"name\":\"Kong Tango Klettersteigkarabiner\"}]},{\"@type\":\"WebSite\",\"@id\":\"https:\/\/bolting.eu\/en\/#website\",\"url\":\"https:\/\/bolting.eu\/en\/\",\"name\":\"bolting.eu\",\"description\":\"we make climbs happen\",\"publisher\":{\"@id\":\"https:\/\/bolting.eu\/en\/#organization\"},\"potentialAction\":[{\"@type\":\"SearchAction\",\"target\":{\"@type\":\"EntryPoint\",\"urlTemplate\":\"https:\/\/bolting.eu\/en\/?s={search_term_string}\"},\"query-input\":{\"@type\":\"PropertyValueSpecification\",\"valueRequired\":true,\"valueName\":\"search_term_string\"}}],\"inLanguage\":\"en-US\"},{\"@type\":[\"Organization\",\"Place\",\"SportingGoodsStore\"],\"@id\":\"https:\/\/bolting.eu\/en\/#organization\",\"name\":\"bolting.eu\",\"url\":\"https:\/\/bolting.eu\/en\/\",\"logo\":{\"@id\":\"https:\/\/bolting.eu\/en\/shop\/kong-tango-klettersteigkarabiner\/#local-main-organization-logo\"},\"image\":{\"@id\":\"https:\/\/bolting.eu\/en\/shop\/kong-tango-klettersteigkarabiner\/#local-main-organization-logo\"},\"sameAs\":[\"https:\/\/www.facebook.com\/bolting.eu\",\"https:\/\/www.instagram.com\/bolting.eu\/\"],\"address\":{\"@id\":\"https:\/\/bolting.eu\/en\/shop\/kong-tango-klettersteigkarabiner\/#local-main-place-address\"},\"geo\":{\"@type\":\"GeoCoordinates\",\"latitude\":\"47.264176340396226\",\"longitude\":\"11.380109057672346\"},\"telephone\":[\"+43 699 19083372\"],\"openingHoursSpecification\":[{\"@type\":\"OpeningHoursSpecification\",\"dayOfWeek\":[\"Monday\",\"Wednesday\",\"Friday\"],\"opens\":\"14:00\",\"closes\":\"18:00\"},{\"@type\":\"OpeningHoursSpecification\",\"dayOfWeek\":[\"Tuesday\",\"Thursday\",\"Saturday\",\"Sunday\"],\"opens\":\"00:00\",\"closes\":\"00:00\"}],\"email\":\"office@bolting.eu\",\"vatID\":\"ATU59999728\",\"priceRange\":\"$$\",\"currenciesAccepted\":\"Euro\"},{\"@type\":\"PostalAddress\",\"@id\":\"https:\/\/bolting.eu\/en\/shop\/kong-tango-klettersteigkarabiner\/#local-main-place-address\",\"streetAddress\":\"Fischnalerstra\u00dfe 4\",\"addressLocality\":\"Innsbruck\",\"postalCode\":\"6020\",\"addressRegion\":\"Tirol\",\"addressCountry\":\"AT\"},{\"@type\":\"ImageObject\",\"inLanguage\":\"en-US\",\"@id\":\"https:\/\/bolting.eu\/en\/shop\/kong-tango-klettersteigkarabiner\/#local-main-organization-logo\",\"url\":\"https:\/\/bolting.eu\/wp-content\/uploads\/2019\/09\/bolting-logo.png\",\"contentUrl\":\"https:\/\/bolting.eu\/wp-content\/uploads\/2019\/09\/bolting-logo.png\",\"width\":400,\"height\":211,\"caption\":\"bolting.eu\"}]}<\/script>\n<meta property=\"og:availability\" content=\"instock\" \/>\n<meta property=\"product:availability\" content=\"instock\" \/>\n<meta property=\"product:condition\" content=\"new\" \/>\n<meta name=\"geo.placename\" content=\"Innsbruck\" \/>\n<meta name=\"geo.position\" content=\"47.264176340396226;11.380109057672346\" \/>\n<meta name=\"geo.region\" content=\"Austria\" \/>\n<!-- \/ Yoast SEO Premium plugin. -->","yoast_head_json":{"title":"Kong Tango Klettersteigkarabiner: mit Top Preis online kaufen | bolting.eu","description":"Hier findet ihr den Kong Tango Klettersteigkarabiner. Ein Klettersteigkarabiner f\u00fcr kleine H\u00e4nde. Jetzt gleich online kaufen beim Kletterprofi aus \ud83c\udde6\ud83c\uddf9 !","robots":{"index":"index","follow":"follow","max-snippet":"max-snippet:-1","max-image-preview":"max-image-preview:large","max-video-preview":"max-video-preview:-1"},"canonical":"https:\/\/bolting.eu\/en\/shop\/kong-tango-klettersteigkarabiner\/","og_locale":"en_US","og_type":"article","og_title":"Kong Tango Klettersteigkarabiner","og_description":"Hier findet ihr den Kong Tango Klettersteigkarabiner. Ein Klettersteigkarabiner f\u00fcr kleine H\u00e4nde. Jetzt gleich online kaufen beim Kletterprofi aus \ud83c\udde6\ud83c\uddf9 !","og_url":"https:\/\/bolting.eu\/en\/shop\/kong-tango-klettersteigkarabiner\/","og_site_name":"bolting.eu","article_publisher":"https:\/\/www.facebook.com\/bolting.eu","article_modified_time":"2026-03-09T17:14:33+00:00","og_image":[{"width":700,"height":700,"url":"https:\/\/bolting.eu\/wp-content\/uploads\/2020\/05\/Kong-Tango-Klettersteigkarabiner-schwarz.jpg","type":"image\/jpeg"}],"twitter_card":"summary_large_image","twitter_misc":{"Availability":"In stock"},"schema":{"@context":"https:\/\/schema.org","@graph":[{"@type":["WebPage","ItemPage"],"@id":"https:\/\/bolting.eu\/en\/shop\/kong-tango-klettersteigkarabiner\/","url":"https:\/\/bolting.eu\/en\/shop\/kong-tango-klettersteigkarabiner\/","name":"Kong Tango Klettersteigkarabiner: mit Top Preis online kaufen | bolting.eu","isPartOf":{"@id":"https:\/\/bolting.eu\/en\/#website"},"primaryImageOfPage":{"@id":"https:\/\/bolting.eu\/en\/shop\/kong-tango-klettersteigkarabiner\/#primaryimage"},"image":{"@id":"https:\/\/bolting.eu\/en\/shop\/kong-tango-klettersteigkarabiner\/#primaryimage"},"thumbnailUrl":"https:\/\/bolting.eu\/wp-content\/uploads\/2020\/05\/Kong-Tango-Klettersteigkarabiner-schwarz.jpg","datePublished":"2020-05-30T14:27:21+00:00","dateModified":"2026-03-09T17:14:33+00:00","description":"Hier findet ihr den Kong Tango Klettersteigkarabiner. Ein Klettersteigkarabiner f\u00fcr kleine H\u00e4nde. Jetzt gleich online kaufen beim Kletterprofi aus \ud83c\udde6\ud83c\uddf9 !","breadcrumb":{"@id":"https:\/\/bolting.eu\/en\/shop\/kong-tango-klettersteigkarabiner\/#breadcrumb"},"inLanguage":"en-US","potentialAction":[{"@type":"ReadAction","target":["https:\/\/bolting.eu\/en\/shop\/kong-tango-klettersteigkarabiner\/"]}]},{"@type":"ImageObject","inLanguage":"en-US","@id":"https:\/\/bolting.eu\/en\/shop\/kong-tango-klettersteigkarabiner\/#primaryimage","url":"https:\/\/bolting.eu\/wp-content\/uploads\/2020\/05\/Kong-Tango-Klettersteigkarabiner-schwarz.jpg","contentUrl":"https:\/\/bolting.eu\/wp-content\/uploads\/2020\/05\/Kong-Tango-Klettersteigkarabiner-schwarz.jpg","width":700,"height":700,"caption":"Das Bild zeigt den Kong Tango Klettersteigkarabiner schwarz. Er steht aufrecht in Bildmitte mit dem Schnapper nach rechts."},{"@type":"BreadcrumbList","@id":"https:\/\/bolting.eu\/en\/shop\/kong-tango-klettersteigkarabiner\/#breadcrumb","itemListElement":[{"@type":"ListItem","position":1,"name":"Shop","item":"https:\/\/bolting.eu\/en\/shop\/"},{"@type":"ListItem","position":2,"name":"climbing equipment","item":"https:\/\/bolting.eu\/en\/produkt-kategorie\/climbing-equipment\/"},{"@type":"ListItem","position":3,"name":"Climbing carabiner","item":"https:\/\/bolting.eu\/en\/produkt-kategorie\/climbing-carabiner\/"},{"@type":"ListItem","position":4,"name":"Klettersteigkarabiner","item":"https:\/\/bolting.eu\/en\/produkt-kategorie\/climbing-carabiner\/klettersteigkarabiner\/"},{"@type":"ListItem","position":5,"name":"Kong Tango Klettersteigkarabiner"}]},{"@type":"WebSite","@id":"https:\/\/bolting.eu\/en\/#website","url":"https:\/\/bolting.eu\/en\/","name":"bolting.eu","description":"we make climbs happen","publisher":{"@id":"https:\/\/bolting.eu\/en\/#organization"},"potentialAction":[{"@type":"SearchAction","target":{"@type":"EntryPoint","urlTemplate":"https:\/\/bolting.eu\/en\/?s={search_term_string}"},"query-input":{"@type":"PropertyValueSpecification","valueRequired":true,"valueName":"search_term_string"}}],"inLanguage":"en-US"},{"@type":["Organization","Place","SportingGoodsStore"],"@id":"https:\/\/bolting.eu\/en\/#organization","name":"bolting.eu","url":"https:\/\/bolting.eu\/en\/","logo":{"@id":"https:\/\/bolting.eu\/en\/shop\/kong-tango-klettersteigkarabiner\/#local-main-organization-logo"},"image":{"@id":"https:\/\/bolting.eu\/en\/shop\/kong-tango-klettersteigkarabiner\/#local-main-organization-logo"},"sameAs":["https:\/\/www.facebook.com\/bolting.eu","https:\/\/www.instagram.com\/bolting.eu\/"],"address":{"@id":"https:\/\/bolting.eu\/en\/shop\/kong-tango-klettersteigkarabiner\/#local-main-place-address"},"geo":{"@type":"GeoCoordinates","latitude":"47.264176340396226","longitude":"11.380109057672346"},"telephone":["+43 699 19083372"],"openingHoursSpecification":[{"@type":"OpeningHoursSpecification","dayOfWeek":["Monday","Wednesday","Friday"],"opens":"14:00","closes":"18:00"},{"@type":"OpeningHoursSpecification","dayOfWeek":["Tuesday","Thursday","Saturday","Sunday"],"opens":"00:00","closes":"00:00"}],"email":"office@bolting.eu","vatID":"ATU59999728","priceRange":"$$","currenciesAccepted":"Euro"},{"@type":"PostalAddress","@id":"https:\/\/bolting.eu\/en\/shop\/kong-tango-klettersteigkarabiner\/#local-main-place-address","streetAddress":"Fischnalerstra\u00dfe 4","addressLocality":"Innsbruck","postalCode":"6020","addressRegion":"Tirol","addressCountry":"AT"},{"@type":"ImageObject","inLanguage":"en-US","@id":"https:\/\/bolting.eu\/en\/shop\/kong-tango-klettersteigkarabiner\/#local-main-organization-logo","url":"https:\/\/bolting.eu\/wp-content\/uploads\/2019\/09\/bolting-logo.png","contentUrl":"https:\/\/bolting.eu\/wp-content\/uploads\/2019\/09\/bolting-logo.png","width":400,"height":211,"caption":"bolting.eu"}]},"og_availability":"instock","product_availability":"instock","product_condition":"new","geo.placename":"Innsbruck","geo.position":{"lat":"47.264176340396226","long":"11.380109057672346"},"geo.region":"Austria"},"_links":{"self":[{"href":"https:\/\/bolting.eu\/en\/wp-json\/wp\/v2\/product\/3761","targetHints":{"allow":["GET"]}}],"collection":[{"href":"https:\/\/bolting.eu\/en\/wp-json\/wp\/v2\/product"}],"about":[{"href":"https:\/\/bolting.eu\/en\/wp-json\/wp\/v2\/types\/product"}],"replies":[{"embeddable":true,"href":"https:\/\/bolting.eu\/en\/wp-json\/wp\/v2\/comments?post=3761"}],"wp:featuredmedia":[{"embeddable":true,"href":"https:\/\/bolting.eu\/en\/wp-json\/wp\/v2\/media\/3765"}],"wp:attachment":[{"href":"https:\/\/bolting.eu\/en\/wp-json\/wp\/v2\/media?parent=3761"}],"wp:term":[{"taxonomy":"product_brand","embeddable":true,"href":"https:\/\/bolting.eu\/en\/wp-json\/wp\/v2\/product_brand?post=3761"},{"taxonomy":"product_cat","embeddable":true,"href":"https:\/\/bolting.eu\/en\/wp-json\/wp\/v2\/product_cat?post=3761"},{"taxonomy":"product_tag","embeddable":true,"href":"https:\/\/bolting.eu\/en\/wp-json\/wp\/v2\/product_tag?post=3761"}],"curies":[{"name":"wp","href":"https:\/\/api.w.org\/{rel}","templated":true}]}}