{"id":3759,"date":"2020-05-30T16:24:56","date_gmt":"2020-05-30T14:24:56","guid":{"rendered":"https:\/\/bolting.eu\/?post_type=product&#038;p=3759"},"modified":"2026-03-25T18:06:54","modified_gmt":"2026-03-25T17:06:54","slug":"kong-schwerlastkarabiner-heavy-duty","status":"publish","type":"product","link":"https:\/\/bolting.eu\/en\/shop\/kong-schwerlastkarabiner-heavy-duty\/","title":{"rendered":"Kong Schwerlastkarabiner Heavy Duty"},"content":{"rendered":"<p>Der Kong Schwerlastkarabiner Heavy Duty ist ein echtes Arbeitstier. Denn dieser Stahlkarabiner nimm h\u00f6chste Lasten auf. Zudem ist er enorm abriebfest und kann in viele <a href=\"https:\/\/bolting.eu\/produkt-kategorie\/industriekletter-ausruestung\/anschlagmittel\/\">Anschlagmittel<\/a> geh\u00e4ngt werden.<\/p>\n<p>Folglich ist er in vielen verschiedenen Bereichen einsetzbar. Beispielsweise im Bergrettungsbereich, sowie und die Bau-, Forst- und Landwirtschaft.<\/p>\n<p>Kurzum. Wer einen dicken, starken Stahlkarabiner sucht hat ihn gefunden!<\/p>\n<h2>Eigenschaften Kong Schwerlastkarabiner Heavy Duty<\/h2>\n<ul>\n<li>Hersteller: Kong Italy<\/li>\n<li>Material: A2 Edelstahl oder verzinkter Kohlenstoff Stahl<\/li>\n<li>Gewicht: 230 Gramm<\/li>\n<li>Bruchlasten A2 Stahl: 44 kN l\u00e4ngs \/ 10 kN quer \/ 18 kN offen<\/li>\n<li>Bruchlasten verzinkter Kohlenstoff Stahl: 60 kN l\u00e4ngs \/ 15 kN quer \/ 18 kN offen<\/li>\n<li>Verschluss: Schraubverschluss<\/li>\n<li>Form: asymmetrisch<\/li>\n<li>kurze, Spitze Querschenkel bringen Last auf starke L\u00e4ngsachse<\/li>\n<\/ul>\n<h3>Kong Schwerlastkarabiner Heavy Duty &#8211; Einsatzbereiche<\/h3>\n<p>Dieser Stahlkarabiner wird eingesetzt, wenn gro\u00dfe Lasten im Spiel sind. D.h. beim Heben und Bef\u00f6rdern schwerer G\u00fcter. Wie z.B. beim \u00dcberstellen von Booten sowie in der Bau- und Forstwirtschaft.<\/p>\n<p>\u00dcberdies wird er im alpinen Bereich bei Bergrettungseins\u00e4tzen verwendet. Beispielsweise wenn gro\u00dfe Winden verwendet werden.<\/p>\n<p>Durch die Ausf\u00fchrung in A2 Edelstahl ist der Karabiner sehr gut gegen Korrosion gesch\u00fctzt. Deshalb ist er auch im maritimen Bereich sehr beliebt.<\/p>\n<h3>Austausch Kong Schwerlastkarabiner Heavy Duty<\/h3>\n<p>Die Gebrauchsfrist dieses Karabiners ist mit 15 Jahren angegeben. Sollte er keine sichtbaren Sch\u00e4den aufweisen, kann er tats\u00e4chlich so lange verwendet werden.<\/p>\n<h3>Warnhinweis<\/h3>\n<p>Achtung! Bei der Verwendung von <a href=\"https:\/\/bolting.eu\/produkt-kategorie\/bandschlinge\/\">Bandschlingen<\/a> und Gurten m\u00fcsst ihr den inneren Scheitel kontrollieren. Diese k\u00f6nnen eingekerbt sein und Grate haben. B\u00e4nder k\u00f6nnen an dieser Stelle dann abgetrennt werden!<\/p>\n<p>Wer sehr breite B\u00e4nder verwendet, dem empfehlen wir Stahlkarabiner mit breiten Schenkeln. Wie z.b. den Stahlkarabiner <a href=\"https:\/\/bolting.eu\/shop\/austrialpin-asymm-oval-xl\/\">Austrialpin Asymm Oval XL<\/a>.<\/p>\n<h4><strong>Link Tipp<\/strong><\/h4>\n<p>zum <a href=\"https:\/\/www.kong.it\">Hersteller<\/a><\/p>\n","protected":false},"excerpt":{"rendered":"<p>Stahlkarabiner f\u00fcr schwerste Lasten mit Schraubverschluss.<\/p>\n<p>Die verzinkte Variante hat eine Bruchlast von 60 kN, jene in Edelstahl 44kn.<\/p>\n<p>Versandkostenfrei bis 2kg in <img decoding=\"async\" class=\"emoji\" role=\"img\" draggable=\"false\" src=\"https:\/\/s.w.org\/images\/core\/emoji\/14.0.0\/svg\/1f1e6-1f1f9.svg\" alt=\"\ud83c\udde6\ud83c\uddf9\" \/> ab \u20ac 100,- und <img decoding=\"async\" class=\"emoji\" role=\"img\" draggable=\"false\" src=\"https:\/\/s.w.org\/images\/core\/emoji\/14.0.0\/svg\/1f1e9-1f1ea.svg\" alt=\"\ud83c\udde9\ud83c\uddea\" \/> ab \u20ac 200,-!<\/p>\n","protected":false},"featured_media":3760,"comment_status":"open","ping_status":"closed","template":"","meta":[],"product_brand":[],"product_cat":[14513,44,4651,3003,14749],"product_tag":[1498],"class_list":{"0":"post-3759","1":"product","2":"type-product","3":"status-publish","4":"has-post-thumbnail","6":"product_cat-industriekletter-ausruestung","7":"product_cat-kletterkarabiner","8":"product_cat-kong","9":"product_cat-stahlkarabiner","10":"product_cat-verbindungselemente","11":"product_tag-a2-stahl","13":"first","14":"instock","15":"sale","16":"taxable","17":"shipping-taxable","18":"purchasable","19":"product-type-variable"},"yoast_head":"<!-- This site is optimized with the Yoast SEO Premium plugin v26.9 (Yoast SEO v26.9) - https:\/\/yoast.com\/product\/yoast-seo-premium-wordpress\/ -->\n<title>Kong Schwerlastkarabiner Heavy Duty mit 44kN Bruchlast | bolting.eu<\/title>\n<meta name=\"description\" content=\"Kong Schwerlastkarabiner Heavy Duty beim Kletter Hardware Profi aus Innsbruck kaufen \u2705 kostenloser Versand* \u2705 14 Tage R\u00fcckgaberecht \u2705 Co2 neutraler Versand\" \/>\n<meta name=\"robots\" content=\"index, follow, max-snippet:-1, max-image-preview:large, max-video-preview:-1\" \/>\n<link rel=\"canonical\" href=\"https:\/\/bolting.eu\/en\/shop\/kong-schwerlastkarabiner-heavy-duty\/\" \/>\n<meta property=\"og:locale\" content=\"en_US\" \/>\n<meta property=\"og:type\" content=\"article\" \/>\n<meta property=\"og:title\" content=\"Kong Schwerlastkarabiner Heavy Duty\" \/>\n<meta property=\"og:description\" content=\"Kong Schwerlastkarabiner Heavy Duty beim Kletter Hardware Profi aus Innsbruck kaufen \u2705 kostenloser Versand* \u2705 14 Tage R\u00fcckgaberecht \u2705 Co2 neutraler Versand\" \/>\n<meta property=\"og:url\" content=\"https:\/\/bolting.eu\/en\/shop\/kong-schwerlastkarabiner-heavy-duty\/\" \/>\n<meta property=\"og:site_name\" content=\"bolting.eu\" \/>\n<meta property=\"article:publisher\" content=\"https:\/\/www.facebook.com\/bolting.eu\" \/>\n<meta property=\"article:modified_time\" content=\"2026-03-25T17:06:54+00:00\" \/>\n<meta property=\"og:image\" content=\"https:\/\/bolting.eu\/wp-content\/uploads\/2020\/05\/Kong-Schwerlastkarabiner-Heavy-Duty.jpg\" \/>\n\t<meta property=\"og:image:width\" content=\"700\" \/>\n\t<meta property=\"og:image:height\" content=\"700\" \/>\n\t<meta property=\"og:image:type\" content=\"image\/jpeg\" \/>\n<meta name=\"twitter:card\" content=\"summary_large_image\" \/>\n<meta name=\"twitter:label1\" content=\"Availability\" \/>\n\t<meta name=\"twitter:data1\" content=\"In stock\" \/>\n<script type=\"application\/ld+json\" class=\"yoast-schema-graph\">{\"@context\":\"https:\/\/schema.org\",\"@graph\":[{\"@type\":[\"WebPage\",\"ItemPage\"],\"@id\":\"https:\/\/bolting.eu\/en\/shop\/kong-schwerlastkarabiner-heavy-duty\/\",\"url\":\"https:\/\/bolting.eu\/en\/shop\/kong-schwerlastkarabiner-heavy-duty\/\",\"name\":\"Kong Schwerlastkarabiner Heavy Duty mit 44kN Bruchlast | bolting.eu\",\"isPartOf\":{\"@id\":\"https:\/\/bolting.eu\/en\/#website\"},\"primaryImageOfPage\":{\"@id\":\"https:\/\/bolting.eu\/en\/shop\/kong-schwerlastkarabiner-heavy-duty\/#primaryimage\"},\"image\":{\"@id\":\"https:\/\/bolting.eu\/en\/shop\/kong-schwerlastkarabiner-heavy-duty\/#primaryimage\"},\"thumbnailUrl\":\"https:\/\/bolting.eu\/wp-content\/uploads\/2020\/05\/Kong-Schwerlastkarabiner-Heavy-Duty.jpg\",\"datePublished\":\"2020-05-30T14:24:56+00:00\",\"dateModified\":\"2026-03-25T17:06:54+00:00\",\"description\":\"Kong Schwerlastkarabiner Heavy Duty beim Kletter Hardware Profi aus Innsbruck kaufen \u2705 kostenloser Versand* \u2705 14 Tage R\u00fcckgaberecht \u2705 Co2 neutraler Versand\",\"breadcrumb\":{\"@id\":\"https:\/\/bolting.eu\/en\/shop\/kong-schwerlastkarabiner-heavy-duty\/#breadcrumb\"},\"inLanguage\":\"en-US\",\"potentialAction\":[{\"@type\":\"ReadAction\",\"target\":[\"https:\/\/bolting.eu\/en\/shop\/kong-schwerlastkarabiner-heavy-duty\/\"]}]},{\"@type\":\"ImageObject\",\"inLanguage\":\"en-US\",\"@id\":\"https:\/\/bolting.eu\/en\/shop\/kong-schwerlastkarabiner-heavy-duty\/#primaryimage\",\"url\":\"https:\/\/bolting.eu\/wp-content\/uploads\/2020\/05\/Kong-Schwerlastkarabiner-Heavy-Duty.jpg\",\"contentUrl\":\"https:\/\/bolting.eu\/wp-content\/uploads\/2020\/05\/Kong-Schwerlastkarabiner-Heavy-Duty.jpg\",\"width\":700,\"height\":700,\"caption\":\"Das Bild zeigt den Kong Schwerlastkarabiner Heavy Duty. Er steht aufrecht im Bild mit dem Drehverschluss nach rechts.\"},{\"@type\":\"BreadcrumbList\",\"@id\":\"https:\/\/bolting.eu\/en\/shop\/kong-schwerlastkarabiner-heavy-duty\/#breadcrumb\",\"itemListElement\":[{\"@type\":\"ListItem\",\"position\":1,\"name\":\"Shop\",\"item\":\"https:\/\/bolting.eu\/en\/shop\/\"},{\"@type\":\"ListItem\",\"position\":2,\"name\":\"climbing equipment\",\"item\":\"https:\/\/bolting.eu\/en\/produkt-kategorie\/climbing-equipment\/\"},{\"@type\":\"ListItem\",\"position\":3,\"name\":\"Climbing carabiner\",\"item\":\"https:\/\/bolting.eu\/en\/produkt-kategorie\/climbing-carabiner\/\"},{\"@type\":\"ListItem\",\"position\":4,\"name\":\"Steel carabiner\",\"item\":\"https:\/\/bolting.eu\/en\/produkt-kategorie\/steel-carabiner\/\"},{\"@type\":\"ListItem\",\"position\":5,\"name\":\"Kong Schwerlastkarabiner Heavy Duty\"}]},{\"@type\":\"WebSite\",\"@id\":\"https:\/\/bolting.eu\/en\/#website\",\"url\":\"https:\/\/bolting.eu\/en\/\",\"name\":\"bolting.eu\",\"description\":\"we make climbs happen\",\"publisher\":{\"@id\":\"https:\/\/bolting.eu\/en\/#organization\"},\"potentialAction\":[{\"@type\":\"SearchAction\",\"target\":{\"@type\":\"EntryPoint\",\"urlTemplate\":\"https:\/\/bolting.eu\/en\/?s={search_term_string}\"},\"query-input\":{\"@type\":\"PropertyValueSpecification\",\"valueRequired\":true,\"valueName\":\"search_term_string\"}}],\"inLanguage\":\"en-US\"},{\"@type\":[\"Organization\",\"Place\",\"SportingGoodsStore\"],\"@id\":\"https:\/\/bolting.eu\/en\/#organization\",\"name\":\"bolting.eu\",\"url\":\"https:\/\/bolting.eu\/en\/\",\"logo\":{\"@id\":\"https:\/\/bolting.eu\/en\/shop\/kong-schwerlastkarabiner-heavy-duty\/#local-main-organization-logo\"},\"image\":{\"@id\":\"https:\/\/bolting.eu\/en\/shop\/kong-schwerlastkarabiner-heavy-duty\/#local-main-organization-logo\"},\"sameAs\":[\"https:\/\/www.facebook.com\/bolting.eu\",\"https:\/\/www.instagram.com\/bolting.eu\/\"],\"address\":{\"@id\":\"https:\/\/bolting.eu\/en\/shop\/kong-schwerlastkarabiner-heavy-duty\/#local-main-place-address\"},\"geo\":{\"@type\":\"GeoCoordinates\",\"latitude\":\"47.264176340396226\",\"longitude\":\"11.380109057672346\"},\"telephone\":[\"+43 699 19083372\"],\"openingHoursSpecification\":[{\"@type\":\"OpeningHoursSpecification\",\"dayOfWeek\":[\"Monday\",\"Wednesday\",\"Friday\"],\"opens\":\"14:00\",\"closes\":\"18:00\"},{\"@type\":\"OpeningHoursSpecification\",\"dayOfWeek\":[\"Tuesday\",\"Thursday\",\"Saturday\",\"Sunday\"],\"opens\":\"00:00\",\"closes\":\"00:00\"}],\"email\":\"office@bolting.eu\",\"vatID\":\"ATU59999728\",\"priceRange\":\"$$\",\"currenciesAccepted\":\"Euro\"},{\"@type\":\"PostalAddress\",\"@id\":\"https:\/\/bolting.eu\/en\/shop\/kong-schwerlastkarabiner-heavy-duty\/#local-main-place-address\",\"streetAddress\":\"Fischnalerstra\u00dfe 4\",\"addressLocality\":\"Innsbruck\",\"postalCode\":\"6020\",\"addressRegion\":\"Tirol\",\"addressCountry\":\"AT\"},{\"@type\":\"ImageObject\",\"inLanguage\":\"en-US\",\"@id\":\"https:\/\/bolting.eu\/en\/shop\/kong-schwerlastkarabiner-heavy-duty\/#local-main-organization-logo\",\"url\":\"https:\/\/bolting.eu\/wp-content\/uploads\/2019\/09\/bolting-logo.png\",\"contentUrl\":\"https:\/\/bolting.eu\/wp-content\/uploads\/2019\/09\/bolting-logo.png\",\"width\":400,\"height\":211,\"caption\":\"bolting.eu\"}]}<\/script>\n<meta property=\"og:availability\" content=\"instock\" \/>\n<meta property=\"product:availability\" content=\"instock\" \/>\n<meta property=\"product:condition\" content=\"new\" \/>\n<meta name=\"geo.placename\" content=\"Innsbruck\" \/>\n<meta name=\"geo.position\" content=\"47.264176340396226;11.380109057672346\" \/>\n<meta name=\"geo.region\" content=\"Austria\" \/>\n<!-- \/ Yoast SEO Premium plugin. -->","yoast_head_json":{"title":"Kong Schwerlastkarabiner Heavy Duty mit 44kN Bruchlast | bolting.eu","description":"Kong Schwerlastkarabiner Heavy Duty beim Kletter Hardware Profi aus Innsbruck kaufen \u2705 kostenloser Versand* \u2705 14 Tage R\u00fcckgaberecht \u2705 Co2 neutraler Versand","robots":{"index":"index","follow":"follow","max-snippet":"max-snippet:-1","max-image-preview":"max-image-preview:large","max-video-preview":"max-video-preview:-1"},"canonical":"https:\/\/bolting.eu\/en\/shop\/kong-schwerlastkarabiner-heavy-duty\/","og_locale":"en_US","og_type":"article","og_title":"Kong Schwerlastkarabiner Heavy Duty","og_description":"Kong Schwerlastkarabiner Heavy Duty beim Kletter Hardware Profi aus Innsbruck kaufen \u2705 kostenloser Versand* \u2705 14 Tage R\u00fcckgaberecht \u2705 Co2 neutraler Versand","og_url":"https:\/\/bolting.eu\/en\/shop\/kong-schwerlastkarabiner-heavy-duty\/","og_site_name":"bolting.eu","article_publisher":"https:\/\/www.facebook.com\/bolting.eu","article_modified_time":"2026-03-25T17:06:54+00:00","og_image":[{"width":700,"height":700,"url":"https:\/\/bolting.eu\/wp-content\/uploads\/2020\/05\/Kong-Schwerlastkarabiner-Heavy-Duty.jpg","type":"image\/jpeg"}],"twitter_card":"summary_large_image","twitter_misc":{"Availability":"In stock"},"schema":{"@context":"https:\/\/schema.org","@graph":[{"@type":["WebPage","ItemPage"],"@id":"https:\/\/bolting.eu\/en\/shop\/kong-schwerlastkarabiner-heavy-duty\/","url":"https:\/\/bolting.eu\/en\/shop\/kong-schwerlastkarabiner-heavy-duty\/","name":"Kong Schwerlastkarabiner Heavy Duty mit 44kN Bruchlast | bolting.eu","isPartOf":{"@id":"https:\/\/bolting.eu\/en\/#website"},"primaryImageOfPage":{"@id":"https:\/\/bolting.eu\/en\/shop\/kong-schwerlastkarabiner-heavy-duty\/#primaryimage"},"image":{"@id":"https:\/\/bolting.eu\/en\/shop\/kong-schwerlastkarabiner-heavy-duty\/#primaryimage"},"thumbnailUrl":"https:\/\/bolting.eu\/wp-content\/uploads\/2020\/05\/Kong-Schwerlastkarabiner-Heavy-Duty.jpg","datePublished":"2020-05-30T14:24:56+00:00","dateModified":"2026-03-25T17:06:54+00:00","description":"Kong Schwerlastkarabiner Heavy Duty beim Kletter Hardware Profi aus Innsbruck kaufen \u2705 kostenloser Versand* \u2705 14 Tage R\u00fcckgaberecht \u2705 Co2 neutraler Versand","breadcrumb":{"@id":"https:\/\/bolting.eu\/en\/shop\/kong-schwerlastkarabiner-heavy-duty\/#breadcrumb"},"inLanguage":"en-US","potentialAction":[{"@type":"ReadAction","target":["https:\/\/bolting.eu\/en\/shop\/kong-schwerlastkarabiner-heavy-duty\/"]}]},{"@type":"ImageObject","inLanguage":"en-US","@id":"https:\/\/bolting.eu\/en\/shop\/kong-schwerlastkarabiner-heavy-duty\/#primaryimage","url":"https:\/\/bolting.eu\/wp-content\/uploads\/2020\/05\/Kong-Schwerlastkarabiner-Heavy-Duty.jpg","contentUrl":"https:\/\/bolting.eu\/wp-content\/uploads\/2020\/05\/Kong-Schwerlastkarabiner-Heavy-Duty.jpg","width":700,"height":700,"caption":"Das Bild zeigt den Kong Schwerlastkarabiner Heavy Duty. Er steht aufrecht im Bild mit dem Drehverschluss nach rechts."},{"@type":"BreadcrumbList","@id":"https:\/\/bolting.eu\/en\/shop\/kong-schwerlastkarabiner-heavy-duty\/#breadcrumb","itemListElement":[{"@type":"ListItem","position":1,"name":"Shop","item":"https:\/\/bolting.eu\/en\/shop\/"},{"@type":"ListItem","position":2,"name":"climbing equipment","item":"https:\/\/bolting.eu\/en\/produkt-kategorie\/climbing-equipment\/"},{"@type":"ListItem","position":3,"name":"Climbing carabiner","item":"https:\/\/bolting.eu\/en\/produkt-kategorie\/climbing-carabiner\/"},{"@type":"ListItem","position":4,"name":"Steel carabiner","item":"https:\/\/bolting.eu\/en\/produkt-kategorie\/steel-carabiner\/"},{"@type":"ListItem","position":5,"name":"Kong Schwerlastkarabiner Heavy Duty"}]},{"@type":"WebSite","@id":"https:\/\/bolting.eu\/en\/#website","url":"https:\/\/bolting.eu\/en\/","name":"bolting.eu","description":"we make climbs happen","publisher":{"@id":"https:\/\/bolting.eu\/en\/#organization"},"potentialAction":[{"@type":"SearchAction","target":{"@type":"EntryPoint","urlTemplate":"https:\/\/bolting.eu\/en\/?s={search_term_string}"},"query-input":{"@type":"PropertyValueSpecification","valueRequired":true,"valueName":"search_term_string"}}],"inLanguage":"en-US"},{"@type":["Organization","Place","SportingGoodsStore"],"@id":"https:\/\/bolting.eu\/en\/#organization","name":"bolting.eu","url":"https:\/\/bolting.eu\/en\/","logo":{"@id":"https:\/\/bolting.eu\/en\/shop\/kong-schwerlastkarabiner-heavy-duty\/#local-main-organization-logo"},"image":{"@id":"https:\/\/bolting.eu\/en\/shop\/kong-schwerlastkarabiner-heavy-duty\/#local-main-organization-logo"},"sameAs":["https:\/\/www.facebook.com\/bolting.eu","https:\/\/www.instagram.com\/bolting.eu\/"],"address":{"@id":"https:\/\/bolting.eu\/en\/shop\/kong-schwerlastkarabiner-heavy-duty\/#local-main-place-address"},"geo":{"@type":"GeoCoordinates","latitude":"47.264176340396226","longitude":"11.380109057672346"},"telephone":["+43 699 19083372"],"openingHoursSpecification":[{"@type":"OpeningHoursSpecification","dayOfWeek":["Monday","Wednesday","Friday"],"opens":"14:00","closes":"18:00"},{"@type":"OpeningHoursSpecification","dayOfWeek":["Tuesday","Thursday","Saturday","Sunday"],"opens":"00:00","closes":"00:00"}],"email":"office@bolting.eu","vatID":"ATU59999728","priceRange":"$$","currenciesAccepted":"Euro"},{"@type":"PostalAddress","@id":"https:\/\/bolting.eu\/en\/shop\/kong-schwerlastkarabiner-heavy-duty\/#local-main-place-address","streetAddress":"Fischnalerstra\u00dfe 4","addressLocality":"Innsbruck","postalCode":"6020","addressRegion":"Tirol","addressCountry":"AT"},{"@type":"ImageObject","inLanguage":"en-US","@id":"https:\/\/bolting.eu\/en\/shop\/kong-schwerlastkarabiner-heavy-duty\/#local-main-organization-logo","url":"https:\/\/bolting.eu\/wp-content\/uploads\/2019\/09\/bolting-logo.png","contentUrl":"https:\/\/bolting.eu\/wp-content\/uploads\/2019\/09\/bolting-logo.png","width":400,"height":211,"caption":"bolting.eu"}]},"og_availability":"instock","product_availability":"instock","product_condition":"new","geo.placename":"Innsbruck","geo.position":{"lat":"47.264176340396226","long":"11.380109057672346"},"geo.region":"Austria"},"_links":{"self":[{"href":"https:\/\/bolting.eu\/en\/wp-json\/wp\/v2\/product\/3759","targetHints":{"allow":["GET"]}}],"collection":[{"href":"https:\/\/bolting.eu\/en\/wp-json\/wp\/v2\/product"}],"about":[{"href":"https:\/\/bolting.eu\/en\/wp-json\/wp\/v2\/types\/product"}],"replies":[{"embeddable":true,"href":"https:\/\/bolting.eu\/en\/wp-json\/wp\/v2\/comments?post=3759"}],"wp:featuredmedia":[{"embeddable":true,"href":"https:\/\/bolting.eu\/en\/wp-json\/wp\/v2\/media\/3760"}],"wp:attachment":[{"href":"https:\/\/bolting.eu\/en\/wp-json\/wp\/v2\/media?parent=3759"}],"wp:term":[{"taxonomy":"product_brand","embeddable":true,"href":"https:\/\/bolting.eu\/en\/wp-json\/wp\/v2\/product_brand?post=3759"},{"taxonomy":"product_cat","embeddable":true,"href":"https:\/\/bolting.eu\/en\/wp-json\/wp\/v2\/product_cat?post=3759"},{"taxonomy":"product_tag","embeddable":true,"href":"https:\/\/bolting.eu\/en\/wp-json\/wp\/v2\/product_tag?post=3759"}],"curies":[{"name":"wp","href":"https:\/\/api.w.org\/{rel}","templated":true}]}}