{"id":3725,"date":"2020-05-30T09:41:03","date_gmt":"2020-05-30T07:41:03","guid":{"rendered":"https:\/\/bolting.eu\/?post_type=product&#038;p=3725"},"modified":"2025-07-25T15:14:30","modified_gmt":"2025-07-25T13:14:30","slug":"sicherungsgeraet-stubai-bc-pro","status":"publish","type":"product","link":"https:\/\/bolting.eu\/en\/shop\/sicherungsgeraet-stubai-bc-pro\/","title":{"rendered":"Sicherungsger\u00e4t Stubai BC Pro"},"content":{"rendered":"<p>Das Sicherungsger\u00e4t Stubai BC Pro ist ein klassisches Tuber. Folglich hat er seine St\u00e4rken beim dynamischen Sichern. D.h. er ist beim Sportklettern und in der Kletterhalle ideal wenn man gut Sichern kann.<\/p>\n<p>Das Tuber Sicherungsger\u00e4t ist ein echter \u00d6sterreicher. D.h. erstens hochqualitative Verarbeitung. Zweitens Einhaltung \u00f6kologischer Standards. Drittens die gesamte Wertsch\u00f6pfung im Inland sowie viertens kurze Transportwege. Kurzum. <strong>Ein <a href=\"https:\/\/bolting.eu\/produkt-kategorie\/sicherungsgeraete-klettern\/\">Sicherungsger\u00e4t<\/a> so nachhaltig wie m\u00f6glich!<\/strong><\/p>\n<h2>Eigenschaften Sicherungsger\u00e4t Stubai BC Pro<\/h2>\n<ul>\n<li>Hersteller: Stubai Bergsport<\/li>\n<li>Material: Aluminium<\/li>\n<li>2 Seilschlitze<\/li>\n<li>geriffelte Sicherungsrille bzw. glatte Rille<\/li>\n<li>2 Modi &#8211; viel oder wenig Widerstand<\/li>\n<li>zum Sichern bzw. Abseilen<\/li>\n<li>eloxiert<\/li>\n<li>f\u00fcr Einfach-, Doppel- und Zwillingsseile<\/li>\n<\/ul>\n<h3>Passende Karabiner<\/h3>\n<figure id=\"attachment_3727\" aria-describedby=\"caption-attachment-3727\" style=\"width: 280px\" class=\"wp-caption alignleft\"><a href=\"https:\/\/bolting.eu\/wp-content\/uploads\/2020\/05\/Sicherungsger\u00e4t-Stubai-BC-Pro-Set1.jpg\"><img loading=\"lazy\" decoding=\"async\" class=\"wp-image-3727 size-thumbnail\" src=\"https:\/\/bolting.eu\/wp-content\/uploads\/2020\/05\/Sicherungsger\u00e4t-Stubai-BC-Pro-Set1-280x280.jpg\" alt=\"Das Bild zeigt das Sicherungsger\u00e4t Set Stubai BC Pro. Der rote Tuber liegt links im Bild mit dem passenden roten Schraubkarabiner rechts davon.\" width=\"280\" height=\"280\" \/><\/a><figcaption id=\"caption-attachment-3727\" class=\"wp-caption-text\">W\u00e4hlt nur einen passenden HMS Karabiner zum BC Pro aus!<\/figcaption><\/figure>\n<p>Achtet bei der Wahl des <a href=\"https:\/\/bolting.eu\/produkt-kategorie\/karabiner-kletterkarabiner\/\">Karabiners<\/a> auf die richtige Form. W\u00e4hlt einen kleinen oder gro\u00dfen HMS Karabiner mit einem flachen, runden Querschenkel. Denn nur so bleibt das Seil ohne Krangel.<\/p>\n<p>Folglich sind kleine Schraubkarabiner mit asymmetrischen Schenkeln schlecht. Hier kommt es bei Doppelseilen immer zu mehr bzw. weniger Widerstand. Somit flie\u00dft ein Strang immer schneller durch als der andere!<\/p>\n<h3>Sicherungsger\u00e4t Stubai BC Pro &#8211; f\u00fcr dynamisches Sichern<\/h3>\n<p>Wozu braucht es Tuber Sicherungsger\u00e4te denn \u00fcberhaupt noch? Es gibt ja tolle Halbautomaten am Markt! Nun, das ist einfach zu beantworten. Tuber wie der BC Pro erlauben einen weitaus dynamischeren Sicherungsstil. Dieser macht beim schweren Klettern Sinn wenn der Sicherer erfahren und halbwegs gleich schwer ist!<\/p>\n<p>Denn mit einem Tuber kann man in etwa 1 Meter Seil dynamisch ins Ger\u00e4t laufen lassen. In Kombination mit dynamischen &#8220;Mitspringen&#8221; nach oben eine super Sache. Denn folglich wird die Sturzenergie viel &#8220;weicher&#8221; aufgefangen.<\/p>\n<p>Link Tipp: F\u00fchrt euer neues Sicherungsger\u00e4t doch gleich einmal aus. Auf einen Trip zum <a href=\"https:\/\/maltatal.rocks\/\" target=\"_blank\" rel=\"noopener noreferrer\">Klettern in K\u00e4rnten<\/a>!<\/p>\n<p>&nbsp;<\/p>\n","protected":false},"excerpt":{"rendered":"<ul>\n<li>Hersteller: <a href=\"https:\/\/bolting.eu\/produkt-kategorie\/stubai-bergsport\/\">Stubai Bergsport<\/a><\/li>\n<li>Material: Aluminium<\/li>\n<li>2 Seilschlitze<\/li>\n<li>geriffelte Sicherungsrille bzw. glatte Rille<\/li>\n<li>2 Modi &#8211; viel oder wenig Widerstand<\/li>\n<li>zum Sichern bzw. Abseilen<\/li>\n<li>eloxiert<\/li>\n<li>f\u00fcr Einfach-, Doppel- und Zwillingsseile<\/li>\n<\/ul>\n","protected":false},"featured_media":3728,"comment_status":"open","ping_status":"closed","template":"","meta":[],"product_brand":[],"product_cat":[29,3711,4650],"product_tag":[],"class_list":{"0":"post-3725","1":"product","2":"type-product","3":"status-publish","4":"has-post-thumbnail","6":"product_cat-kletterausruestung","7":"product_cat-sicherungsgeraete-klettern","8":"product_cat-stubai-bergsport","10":"first","11":"outofstock","12":"taxable","13":"shipping-taxable","14":"purchasable","15":"product-type-simple"},"yoast_head":"<!-- This site is optimized with the Yoast SEO Premium plugin v26.9 (Yoast SEO v26.9) - https:\/\/yoast.com\/product\/yoast-seo-premium-wordpress\/ -->\n<title>Sicherungsger\u00e4t Stubai BC Pro: einzeln oder im Set kaufen | bolting.eu<\/title>\n<meta name=\"description\" content=\"Hier findest du das Sicherungsger\u00e4t Stubai BC Pro. Einen klassischen Tuber f\u00fcr Einfach- oder Doppelseile. Einzeln oder im Set kaufen. Made in \ud83c\udde6\ud83c\uddf9 !\" \/>\n<meta name=\"robots\" content=\"index, follow, max-snippet:-1, max-image-preview:large, max-video-preview:-1\" \/>\n<link rel=\"canonical\" href=\"https:\/\/bolting.eu\/en\/shop\/sicherungsgeraet-stubai-bc-pro\/\" \/>\n<meta property=\"og:locale\" content=\"en_US\" \/>\n<meta property=\"og:type\" content=\"article\" \/>\n<meta property=\"og:title\" content=\"Sicherungsger\u00e4t Stubai BC Pro\" \/>\n<meta property=\"og:description\" content=\"Hier findest du das Sicherungsger\u00e4t Stubai BC Pro. Einen klassischen Tuber f\u00fcr Einfach- oder Doppelseile. Einzeln oder im Set kaufen. Made in \ud83c\udde6\ud83c\uddf9 !\" \/>\n<meta property=\"og:url\" content=\"https:\/\/bolting.eu\/en\/shop\/sicherungsgeraet-stubai-bc-pro\/\" \/>\n<meta property=\"og:site_name\" content=\"bolting.eu\" \/>\n<meta property=\"article:publisher\" content=\"https:\/\/www.facebook.com\/bolting.eu\" \/>\n<meta property=\"article:modified_time\" content=\"2025-07-25T13:14:30+00:00\" \/>\n<meta property=\"og:image\" content=\"https:\/\/bolting.eu\/wp-content\/uploads\/2020\/05\/Sicherungsgera\u0308t-Stubai-BC-Pro.jpg\" \/>\n\t<meta property=\"og:image:width\" content=\"700\" \/>\n\t<meta property=\"og:image:height\" content=\"700\" \/>\n\t<meta property=\"og:image:type\" content=\"image\/jpeg\" \/>\n<meta name=\"twitter:card\" content=\"summary_large_image\" \/>\n<meta name=\"twitter:label1\" content=\"Price\" \/>\n\t<meta name=\"twitter:data1\" content=\"&euro;&nbsp;13,90\" \/>\n\t<meta name=\"twitter:label2\" content=\"Availability\" \/>\n\t<meta name=\"twitter:data2\" content=\"Out of stock\" \/>\n<script type=\"application\/ld+json\" class=\"yoast-schema-graph\">{\"@context\":\"https:\/\/schema.org\",\"@graph\":[{\"@type\":[\"WebPage\",\"ItemPage\"],\"@id\":\"https:\/\/bolting.eu\/en\/shop\/sicherungsgeraet-stubai-bc-pro\/\",\"url\":\"https:\/\/bolting.eu\/en\/shop\/sicherungsgeraet-stubai-bc-pro\/\",\"name\":\"Sicherungsger\u00e4t Stubai BC Pro: einzeln oder im Set kaufen | bolting.eu\",\"isPartOf\":{\"@id\":\"https:\/\/bolting.eu\/en\/#website\"},\"primaryImageOfPage\":{\"@id\":\"https:\/\/bolting.eu\/en\/shop\/sicherungsgeraet-stubai-bc-pro\/#primaryimage\"},\"image\":{\"@id\":\"https:\/\/bolting.eu\/en\/shop\/sicherungsgeraet-stubai-bc-pro\/#primaryimage\"},\"thumbnailUrl\":\"https:\/\/bolting.eu\/wp-content\/uploads\/2020\/05\/Sicherungsgera\u0308t-Stubai-BC-Pro.jpg\",\"datePublished\":\"2020-05-30T07:41:03+00:00\",\"dateModified\":\"2025-07-25T13:14:30+00:00\",\"description\":\"Hier findest du das Sicherungsger\u00e4t Stubai BC Pro. Einen klassischen Tuber f\u00fcr Einfach- oder Doppelseile. Einzeln oder im Set kaufen. Made in \ud83c\udde6\ud83c\uddf9 !\",\"breadcrumb\":{\"@id\":\"https:\/\/bolting.eu\/en\/shop\/sicherungsgeraet-stubai-bc-pro\/#breadcrumb\"},\"inLanguage\":\"en-US\",\"potentialAction\":[{\"@type\":\"ReadAction\",\"target\":[\"https:\/\/bolting.eu\/en\/shop\/sicherungsgeraet-stubai-bc-pro\/\"]}]},{\"@type\":\"ImageObject\",\"inLanguage\":\"en-US\",\"@id\":\"https:\/\/bolting.eu\/en\/shop\/sicherungsgeraet-stubai-bc-pro\/#primaryimage\",\"url\":\"https:\/\/bolting.eu\/wp-content\/uploads\/2020\/05\/Sicherungsgera\u0308t-Stubai-BC-Pro.jpg\",\"contentUrl\":\"https:\/\/bolting.eu\/wp-content\/uploads\/2020\/05\/Sicherungsgera\u0308t-Stubai-BC-Pro.jpg\",\"width\":700,\"height\":700,\"caption\":\"Das Bild zeigt das Sicherungsger\u00e4t Stubai BC Pro. Der rote Tuber liegt in Bildmitte mit den Seilschlitzen nach oben.\"},{\"@type\":\"BreadcrumbList\",\"@id\":\"https:\/\/bolting.eu\/en\/shop\/sicherungsgeraet-stubai-bc-pro\/#breadcrumb\",\"itemListElement\":[{\"@type\":\"ListItem\",\"position\":1,\"name\":\"Shop\",\"item\":\"https:\/\/bolting.eu\/en\/shop\/\"},{\"@type\":\"ListItem\",\"position\":2,\"name\":\"Stubai mountain sports\",\"item\":\"https:\/\/bolting.eu\/en\/produkt-kategorie\/stubai-mountain-sports\/\"},{\"@type\":\"ListItem\",\"position\":3,\"name\":\"Sicherungsger\u00e4t Stubai BC Pro\"}]},{\"@type\":\"WebSite\",\"@id\":\"https:\/\/bolting.eu\/en\/#website\",\"url\":\"https:\/\/bolting.eu\/en\/\",\"name\":\"bolting.eu\",\"description\":\"we make climbs happen\",\"publisher\":{\"@id\":\"https:\/\/bolting.eu\/en\/#organization\"},\"potentialAction\":[{\"@type\":\"SearchAction\",\"target\":{\"@type\":\"EntryPoint\",\"urlTemplate\":\"https:\/\/bolting.eu\/en\/?s={search_term_string}\"},\"query-input\":{\"@type\":\"PropertyValueSpecification\",\"valueRequired\":true,\"valueName\":\"search_term_string\"}}],\"inLanguage\":\"en-US\"},{\"@type\":[\"Organization\",\"Place\",\"SportingGoodsStore\"],\"@id\":\"https:\/\/bolting.eu\/en\/#organization\",\"name\":\"bolting.eu\",\"url\":\"https:\/\/bolting.eu\/en\/\",\"logo\":{\"@id\":\"https:\/\/bolting.eu\/en\/shop\/sicherungsgeraet-stubai-bc-pro\/#local-main-organization-logo\"},\"image\":{\"@id\":\"https:\/\/bolting.eu\/en\/shop\/sicherungsgeraet-stubai-bc-pro\/#local-main-organization-logo\"},\"sameAs\":[\"https:\/\/www.facebook.com\/bolting.eu\",\"https:\/\/www.instagram.com\/bolting.eu\/\"],\"address\":{\"@id\":\"https:\/\/bolting.eu\/en\/shop\/sicherungsgeraet-stubai-bc-pro\/#local-main-place-address\"},\"geo\":{\"@type\":\"GeoCoordinates\",\"latitude\":\"47.264176340396226\",\"longitude\":\"11.380109057672346\"},\"telephone\":[\"+43 699 19083372\"],\"openingHoursSpecification\":[{\"@type\":\"OpeningHoursSpecification\",\"dayOfWeek\":[\"Monday\",\"Wednesday\",\"Friday\"],\"opens\":\"14:00\",\"closes\":\"18:00\"},{\"@type\":\"OpeningHoursSpecification\",\"dayOfWeek\":[\"Tuesday\",\"Thursday\",\"Saturday\",\"Sunday\"],\"opens\":\"00:00\",\"closes\":\"00:00\"}],\"email\":\"office@bolting.eu\",\"vatID\":\"ATU59999728\",\"priceRange\":\"$$\",\"currenciesAccepted\":\"Euro\"},{\"@type\":\"PostalAddress\",\"@id\":\"https:\/\/bolting.eu\/en\/shop\/sicherungsgeraet-stubai-bc-pro\/#local-main-place-address\",\"streetAddress\":\"Fischnalerstra\u00dfe 4\",\"addressLocality\":\"Innsbruck\",\"postalCode\":\"6020\",\"addressRegion\":\"Tirol\",\"addressCountry\":\"AT\"},{\"@type\":\"ImageObject\",\"inLanguage\":\"en-US\",\"@id\":\"https:\/\/bolting.eu\/en\/shop\/sicherungsgeraet-stubai-bc-pro\/#local-main-organization-logo\",\"url\":\"https:\/\/bolting.eu\/wp-content\/uploads\/2019\/09\/bolting-logo.png\",\"contentUrl\":\"https:\/\/bolting.eu\/wp-content\/uploads\/2019\/09\/bolting-logo.png\",\"width\":400,\"height\":211,\"caption\":\"bolting.eu\"}]}<\/script>\n<meta property=\"product:price:amount\" content=\"13.90\" \/>\n<meta property=\"product:price:currency\" content=\"EUR\" \/>\n<meta property=\"og:availability\" content=\"out of stock\" \/>\n<meta property=\"product:availability\" content=\"out of stock\" \/>\n<meta property=\"product:retailer_item_id\" content=\"988131\" \/>\n<meta property=\"product:condition\" content=\"new\" \/>\n<meta name=\"geo.placename\" content=\"Innsbruck\" \/>\n<meta name=\"geo.position\" content=\"47.264176340396226;11.380109057672346\" \/>\n<meta name=\"geo.region\" content=\"Austria\" \/>\n<!-- \/ Yoast SEO Premium plugin. -->","yoast_head_json":{"title":"Sicherungsger\u00e4t Stubai BC Pro: einzeln oder im Set kaufen | bolting.eu","description":"Hier findest du das Sicherungsger\u00e4t Stubai BC Pro. Einen klassischen Tuber f\u00fcr Einfach- oder Doppelseile. Einzeln oder im Set kaufen. Made in \ud83c\udde6\ud83c\uddf9 !","robots":{"index":"index","follow":"follow","max-snippet":"max-snippet:-1","max-image-preview":"max-image-preview:large","max-video-preview":"max-video-preview:-1"},"canonical":"https:\/\/bolting.eu\/en\/shop\/sicherungsgeraet-stubai-bc-pro\/","og_locale":"en_US","og_type":"article","og_title":"Sicherungsger\u00e4t Stubai BC Pro","og_description":"Hier findest du das Sicherungsger\u00e4t Stubai BC Pro. Einen klassischen Tuber f\u00fcr Einfach- oder Doppelseile. Einzeln oder im Set kaufen. Made in \ud83c\udde6\ud83c\uddf9 !","og_url":"https:\/\/bolting.eu\/en\/shop\/sicherungsgeraet-stubai-bc-pro\/","og_site_name":"bolting.eu","article_publisher":"https:\/\/www.facebook.com\/bolting.eu","article_modified_time":"2025-07-25T13:14:30+00:00","og_image":[{"width":700,"height":700,"url":"https:\/\/bolting.eu\/wp-content\/uploads\/2020\/05\/Sicherungsgera\u0308t-Stubai-BC-Pro.jpg","type":"image\/jpeg"}],"twitter_card":"summary_large_image","twitter_misc":{"Price":"&euro;&nbsp;13,90","Availability":"Out of stock"},"schema":{"@context":"https:\/\/schema.org","@graph":[{"@type":["WebPage","ItemPage"],"@id":"https:\/\/bolting.eu\/en\/shop\/sicherungsgeraet-stubai-bc-pro\/","url":"https:\/\/bolting.eu\/en\/shop\/sicherungsgeraet-stubai-bc-pro\/","name":"Sicherungsger\u00e4t Stubai BC Pro: einzeln oder im Set kaufen | bolting.eu","isPartOf":{"@id":"https:\/\/bolting.eu\/en\/#website"},"primaryImageOfPage":{"@id":"https:\/\/bolting.eu\/en\/shop\/sicherungsgeraet-stubai-bc-pro\/#primaryimage"},"image":{"@id":"https:\/\/bolting.eu\/en\/shop\/sicherungsgeraet-stubai-bc-pro\/#primaryimage"},"thumbnailUrl":"https:\/\/bolting.eu\/wp-content\/uploads\/2020\/05\/Sicherungsgera\u0308t-Stubai-BC-Pro.jpg","datePublished":"2020-05-30T07:41:03+00:00","dateModified":"2025-07-25T13:14:30+00:00","description":"Hier findest du das Sicherungsger\u00e4t Stubai BC Pro. Einen klassischen Tuber f\u00fcr Einfach- oder Doppelseile. Einzeln oder im Set kaufen. Made in \ud83c\udde6\ud83c\uddf9 !","breadcrumb":{"@id":"https:\/\/bolting.eu\/en\/shop\/sicherungsgeraet-stubai-bc-pro\/#breadcrumb"},"inLanguage":"en-US","potentialAction":[{"@type":"ReadAction","target":["https:\/\/bolting.eu\/en\/shop\/sicherungsgeraet-stubai-bc-pro\/"]}]},{"@type":"ImageObject","inLanguage":"en-US","@id":"https:\/\/bolting.eu\/en\/shop\/sicherungsgeraet-stubai-bc-pro\/#primaryimage","url":"https:\/\/bolting.eu\/wp-content\/uploads\/2020\/05\/Sicherungsgera\u0308t-Stubai-BC-Pro.jpg","contentUrl":"https:\/\/bolting.eu\/wp-content\/uploads\/2020\/05\/Sicherungsgera\u0308t-Stubai-BC-Pro.jpg","width":700,"height":700,"caption":"Das Bild zeigt das Sicherungsger\u00e4t Stubai BC Pro. Der rote Tuber liegt in Bildmitte mit den Seilschlitzen nach oben."},{"@type":"BreadcrumbList","@id":"https:\/\/bolting.eu\/en\/shop\/sicherungsgeraet-stubai-bc-pro\/#breadcrumb","itemListElement":[{"@type":"ListItem","position":1,"name":"Shop","item":"https:\/\/bolting.eu\/en\/shop\/"},{"@type":"ListItem","position":2,"name":"Stubai mountain sports","item":"https:\/\/bolting.eu\/en\/produkt-kategorie\/stubai-mountain-sports\/"},{"@type":"ListItem","position":3,"name":"Sicherungsger\u00e4t Stubai BC Pro"}]},{"@type":"WebSite","@id":"https:\/\/bolting.eu\/en\/#website","url":"https:\/\/bolting.eu\/en\/","name":"bolting.eu","description":"we make climbs happen","publisher":{"@id":"https:\/\/bolting.eu\/en\/#organization"},"potentialAction":[{"@type":"SearchAction","target":{"@type":"EntryPoint","urlTemplate":"https:\/\/bolting.eu\/en\/?s={search_term_string}"},"query-input":{"@type":"PropertyValueSpecification","valueRequired":true,"valueName":"search_term_string"}}],"inLanguage":"en-US"},{"@type":["Organization","Place","SportingGoodsStore"],"@id":"https:\/\/bolting.eu\/en\/#organization","name":"bolting.eu","url":"https:\/\/bolting.eu\/en\/","logo":{"@id":"https:\/\/bolting.eu\/en\/shop\/sicherungsgeraet-stubai-bc-pro\/#local-main-organization-logo"},"image":{"@id":"https:\/\/bolting.eu\/en\/shop\/sicherungsgeraet-stubai-bc-pro\/#local-main-organization-logo"},"sameAs":["https:\/\/www.facebook.com\/bolting.eu","https:\/\/www.instagram.com\/bolting.eu\/"],"address":{"@id":"https:\/\/bolting.eu\/en\/shop\/sicherungsgeraet-stubai-bc-pro\/#local-main-place-address"},"geo":{"@type":"GeoCoordinates","latitude":"47.264176340396226","longitude":"11.380109057672346"},"telephone":["+43 699 19083372"],"openingHoursSpecification":[{"@type":"OpeningHoursSpecification","dayOfWeek":["Monday","Wednesday","Friday"],"opens":"14:00","closes":"18:00"},{"@type":"OpeningHoursSpecification","dayOfWeek":["Tuesday","Thursday","Saturday","Sunday"],"opens":"00:00","closes":"00:00"}],"email":"office@bolting.eu","vatID":"ATU59999728","priceRange":"$$","currenciesAccepted":"Euro"},{"@type":"PostalAddress","@id":"https:\/\/bolting.eu\/en\/shop\/sicherungsgeraet-stubai-bc-pro\/#local-main-place-address","streetAddress":"Fischnalerstra\u00dfe 4","addressLocality":"Innsbruck","postalCode":"6020","addressRegion":"Tirol","addressCountry":"AT"},{"@type":"ImageObject","inLanguage":"en-US","@id":"https:\/\/bolting.eu\/en\/shop\/sicherungsgeraet-stubai-bc-pro\/#local-main-organization-logo","url":"https:\/\/bolting.eu\/wp-content\/uploads\/2019\/09\/bolting-logo.png","contentUrl":"https:\/\/bolting.eu\/wp-content\/uploads\/2019\/09\/bolting-logo.png","width":400,"height":211,"caption":"bolting.eu"}]},"product_price_amount":"13.90","product_price_currency":"EUR","og_availability":"out of stock","product_availability":"out of stock","product_retailer_item_id":"988131","product_condition":"new","geo.placename":"Innsbruck","geo.position":{"lat":"47.264176340396226","long":"11.380109057672346"},"geo.region":"Austria"},"_links":{"self":[{"href":"https:\/\/bolting.eu\/en\/wp-json\/wp\/v2\/product\/3725","targetHints":{"allow":["GET"]}}],"collection":[{"href":"https:\/\/bolting.eu\/en\/wp-json\/wp\/v2\/product"}],"about":[{"href":"https:\/\/bolting.eu\/en\/wp-json\/wp\/v2\/types\/product"}],"replies":[{"embeddable":true,"href":"https:\/\/bolting.eu\/en\/wp-json\/wp\/v2\/comments?post=3725"}],"wp:featuredmedia":[{"embeddable":true,"href":"https:\/\/bolting.eu\/en\/wp-json\/wp\/v2\/media\/3728"}],"wp:attachment":[{"href":"https:\/\/bolting.eu\/en\/wp-json\/wp\/v2\/media?parent=3725"}],"wp:term":[{"taxonomy":"product_brand","embeddable":true,"href":"https:\/\/bolting.eu\/en\/wp-json\/wp\/v2\/product_brand?post=3725"},{"taxonomy":"product_cat","embeddable":true,"href":"https:\/\/bolting.eu\/en\/wp-json\/wp\/v2\/product_cat?post=3725"},{"taxonomy":"product_tag","embeddable":true,"href":"https:\/\/bolting.eu\/en\/wp-json\/wp\/v2\/product_tag?post=3725"}],"curies":[{"name":"wp","href":"https:\/\/api.w.org\/{rel}","templated":true}]}}