{"id":37198,"date":"2026-02-20T15:11:44","date_gmt":"2026-02-20T14:11:44","guid":{"rendered":"https:\/\/bolting.eu\/?post_type=product&#038;p=37198"},"modified":"2026-02-20T15:14:23","modified_gmt":"2026-02-20T14:14:23","slug":"fixe-v-belay-station-glue-in-bolt","status":"publish","type":"product","link":"https:\/\/bolting.eu\/en\/shop\/fixe-v-belay-station-glue-in-bolt\/","title":{"rendered":"Fixe V-Belay Station Glue-in Bolt"},"content":{"rendered":"<p>Der Fixe V-Belay Station Glue-in Bolt ist ein Umlenker f\u00fcr drei Einsatzbereiche.<\/p>\n<p>Erstens \u00fcberall dort, wo wegen schlechtem Fels ein D-f\u00f6rmiger Stand (Serienschaltung!) nicht gut w\u00e4re.<\/p>\n<p>Zweitens f\u00fcr (Beton)Kletteranlagen oder Kletterg\u00e4rten, wo am Top gegenl\u00e4ufige Karabiner erw\u00fcnscht sind.<\/p>\n<p>Und drittens ist dieser Umlenker ideal f\u00fcr D\u00e4cher. D.h. wenn die <a href=\"https:\/\/bolting.eu\/shop\/umlenkkarabiner-edelstahl-mit-splint\/\">Umlenkkarabiner<\/a> genau unter die Dachkante h\u00e4ngen sollen.<\/p>\n<h2>Eigenschaften Fixe V-Belay Station Glue-in Bolt<\/h2>\n<ul>\n<li>Hersteller: <a href=\"https:\/\/bolting.eu\/produkt-kategorie\/fixe-climbing\/\">Fixe Climbing<\/a><\/li>\n<li>Material AISI 316L Edelstahl<\/li>\n<li>Gewicht: 825 Gramm<\/li>\n<li>Norm: EN 795<\/li>\n<li>Klebehaken: 10 x 90mm (ben\u00f6tigtes Bohrloch 12mm)<\/li>\n<li>Kettenglieder: 7mm<\/li>\n<li>Ring St\u00e4rke: 10mm<\/li>\n<li>Ring Innendurchmesser: 36mm<\/li>\n<li>Bruchlast: 25kN<\/li>\n<li>alle Schwei\u00df\u00e4hte im TIG Verfahren ausgef\u00fchrt<\/li>\n<li>optional mit gegenl\u00e4ufigen Edelstahl Karabinern inkl. Splint erh\u00e4ltlich: <a href=\"https:\/\/bolting.eu\/shop\/austrialpin-d-asymm-stahlkarabiner\/\">Austrialpin D-Asymm Schnapper<\/a> oder <a href=\"https:\/\/bolting.eu\/shop\/austrialpin-ferrda-edelstahl-schraubkarabiner-mit-splint\/\">Austrialpin Ferrda Schrauber<\/a><\/li>\n<li>maximaler Abstand vom Klebehaken zum untersten Punkt des Ringes: 27cm<\/li>\n<li>empfohlener Bohrer: <a href=\"https:\/\/bolting.eu\/shop\/felsbohrer-fischer-sds-plus-quattric\/\">Fischer Quattric<\/a><\/li>\n<li>empfohlener Injektionsm\u00f6rtel: Fischer <a href=\"https:\/\/bolting.eu\/shop\/injetionsmoertel-fischer-fis-ab-300-t\/\">FIS AB 300T<\/a> oder <a href=\"https:\/\/bolting.eu\/shop\/injektionsmoertel-fischer-fis-ab-360s\/\">FIS AB 360S<\/a><\/li>\n<\/ul>\n<h4><strong>Weiterf\u00fchrender Content<\/strong><\/h4>\n<p>Wenn du die V-Belay Station Glue-in Bolt interessiert, empfehlen wir dir diesen Content:<\/p>\n<p><a href=\"https:\/\/bolting.eu\/klebehaken-setzen\/\">Klebehaken setzen<\/a><\/p>\n<p><a href=\"https:\/\/bolting.eu\/kletterroute-mit-klebehaken-einrichten\/\">Kletterroute mit Klebehaken einbohren<\/a><\/p>\n<p><a href=\"https:\/\/bolting.eu\/kletterroute-sanieren\/\">Kletterroute sanieren<\/a><\/p>\n<p>&nbsp;<\/p>\n<p>&nbsp;<\/p>\n","protected":false},"excerpt":{"rendered":"<p>V-f\u00f6rmiger Kettenstand aus AISI 316L Edelstahl mit 10 x 90mm Klebehaken.<\/p>\n<p>Ideal f\u00fcr schlechten Fels, Kletteranlagen die gegenl\u00e4ufige Umlenkkarabiner wollen oder f\u00fcr die Montage an Dachkanten.<\/p>\n<p>Versandkostenfrei bis 2kg in\u00a0<img decoding=\"async\" class=\"emoji\" role=\"img\" draggable=\"false\" src=\"https:\/\/s.w.org\/images\/core\/emoji\/14.0.0\/svg\/1f1e6-1f1f9.svg\" alt=\"\ud83c\udde6\ud83c\uddf9\" \/>\u00a0ab \u20ac 100,- und\u00a0<img decoding=\"async\" class=\"emoji\" role=\"img\" draggable=\"false\" src=\"https:\/\/s.w.org\/images\/core\/emoji\/14.0.0\/svg\/1f1e9-1f1ea.svg\" alt=\"\ud83c\udde9\ud83c\uddea\" \/>\u00a0ab \u20ac 200,-!<\/p>\n","protected":false},"featured_media":37213,"comment_status":"closed","ping_status":"closed","template":"","meta":[],"product_brand":[],"product_cat":[58,1210],"product_tag":[],"class_list":{"0":"post-37198","1":"product","2":"type-product","3":"status-publish","4":"has-post-thumbnail","6":"product_cat-umlenker-kettenstand","7":"product_cat-einbohrartikel","9":"first","10":"instock","11":"taxable","12":"shipping-taxable","13":"purchasable","14":"product-type-variable","15":"has-default-attributes"},"yoast_head":"<!-- This site is optimized with the Yoast SEO Premium plugin v26.9 (Yoast SEO v26.9) - https:\/\/yoast.com\/product\/yoast-seo-premium-wordpress\/ -->\n<title>Fixe V-Belay Station Glue-in Bolt | bolting.eu<\/title>\n<meta name=\"description\" content=\"Fixe V-Belay Station Glue-in Bolt beim Einbohrprofi kaufen \u2705 Trusted Shop \u2705 kostenloser Versand* \u2705 14 Tage R\u00fcckgaberecht \u2705 Co2 neutrale Zustellung\" \/>\n<meta name=\"robots\" content=\"index, follow, max-snippet:-1, max-image-preview:large, max-video-preview:-1\" \/>\n<link rel=\"canonical\" href=\"https:\/\/bolting.eu\/en\/shop\/fixe-v-belay-station-glue-in-bolt\/\" \/>\n<meta property=\"og:locale\" content=\"en_US\" \/>\n<meta property=\"og:type\" content=\"article\" \/>\n<meta property=\"og:title\" content=\"Fixe V-Belay Station Glue-in Bolt\" \/>\n<meta property=\"og:description\" content=\"Fixe V-Belay Station Glue-in Bolt beim Einbohrprofi kaufen \u2705 Trusted Shop \u2705 kostenloser Versand* \u2705 14 Tage R\u00fcckgaberecht \u2705 Co2 neutrale Zustellung\" \/>\n<meta property=\"og:url\" content=\"https:\/\/bolting.eu\/en\/shop\/fixe-v-belay-station-glue-in-bolt\/\" \/>\n<meta property=\"og:site_name\" content=\"bolting.eu\" \/>\n<meta property=\"article:publisher\" content=\"https:\/\/www.facebook.com\/bolting.eu\" \/>\n<meta property=\"article:modified_time\" content=\"2026-02-20T14:14:23+00:00\" \/>\n<meta property=\"og:image\" content=\"https:\/\/bolting.eu\/wp-content\/uploads\/2026\/02\/Fixe-V-belay-glue-in-1-Ring.jpg\" \/>\n\t<meta property=\"og:image:width\" content=\"700\" \/>\n\t<meta property=\"og:image:height\" content=\"700\" \/>\n\t<meta property=\"og:image:type\" content=\"image\/jpeg\" \/>\n<meta name=\"twitter:card\" content=\"summary_large_image\" \/>\n<meta name=\"twitter:label1\" content=\"Availability\" \/>\n\t<meta name=\"twitter:data1\" content=\"In stock\" \/>\n<script type=\"application\/ld+json\" class=\"yoast-schema-graph\">{\"@context\":\"https:\/\/schema.org\",\"@graph\":[{\"@type\":[\"WebPage\",\"ItemPage\"],\"@id\":\"https:\/\/bolting.eu\/en\/shop\/fixe-v-belay-station-glue-in-bolt\/\",\"url\":\"https:\/\/bolting.eu\/en\/shop\/fixe-v-belay-station-glue-in-bolt\/\",\"name\":\"Fixe V-Belay Station Glue-in Bolt | bolting.eu\",\"isPartOf\":{\"@id\":\"https:\/\/bolting.eu\/en\/#website\"},\"primaryImageOfPage\":{\"@id\":\"https:\/\/bolting.eu\/en\/shop\/fixe-v-belay-station-glue-in-bolt\/#primaryimage\"},\"image\":{\"@id\":\"https:\/\/bolting.eu\/en\/shop\/fixe-v-belay-station-glue-in-bolt\/#primaryimage\"},\"thumbnailUrl\":\"https:\/\/bolting.eu\/wp-content\/uploads\/2026\/02\/Fixe-V-belay-glue-in-1-Ring.jpg\",\"datePublished\":\"2026-02-20T14:11:44+00:00\",\"dateModified\":\"2026-02-20T14:14:23+00:00\",\"description\":\"Fixe V-Belay Station Glue-in Bolt beim Einbohrprofi kaufen \u2705 Trusted Shop \u2705 kostenloser Versand* \u2705 14 Tage R\u00fcckgaberecht \u2705 Co2 neutrale Zustellung\",\"breadcrumb\":{\"@id\":\"https:\/\/bolting.eu\/en\/shop\/fixe-v-belay-station-glue-in-bolt\/#breadcrumb\"},\"inLanguage\":\"en-US\",\"potentialAction\":[{\"@type\":\"ReadAction\",\"target\":[\"https:\/\/bolting.eu\/en\/shop\/fixe-v-belay-station-glue-in-bolt\/\"]}]},{\"@type\":\"ImageObject\",\"inLanguage\":\"en-US\",\"@id\":\"https:\/\/bolting.eu\/en\/shop\/fixe-v-belay-station-glue-in-bolt\/#primaryimage\",\"url\":\"https:\/\/bolting.eu\/wp-content\/uploads\/2026\/02\/Fixe-V-belay-glue-in-1-Ring.jpg\",\"contentUrl\":\"https:\/\/bolting.eu\/wp-content\/uploads\/2026\/02\/Fixe-V-belay-glue-in-1-Ring.jpg\",\"width\":700,\"height\":700},{\"@type\":\"BreadcrumbList\",\"@id\":\"https:\/\/bolting.eu\/en\/shop\/fixe-v-belay-station-glue-in-bolt\/#breadcrumb\",\"itemListElement\":[{\"@type\":\"ListItem\",\"position\":1,\"name\":\"Shop\",\"item\":\"https:\/\/bolting.eu\/en\/shop\/\"},{\"@type\":\"ListItem\",\"position\":2,\"name\":\"bolting products\",\"item\":\"https:\/\/bolting.eu\/en\/produkt-kategorie\/bolting-products\/\"},{\"@type\":\"ListItem\",\"position\":3,\"name\":\"lower off - climbing anchor\",\"item\":\"https:\/\/bolting.eu\/en\/produkt-kategorie\/lower-off-climbing-anchor\/\"},{\"@type\":\"ListItem\",\"position\":4,\"name\":\"Fixe V-Belay Station Glue-in Bolt\"}]},{\"@type\":\"WebSite\",\"@id\":\"https:\/\/bolting.eu\/en\/#website\",\"url\":\"https:\/\/bolting.eu\/en\/\",\"name\":\"bolting.eu\",\"description\":\"we make climbs happen\",\"publisher\":{\"@id\":\"https:\/\/bolting.eu\/en\/#organization\"},\"potentialAction\":[{\"@type\":\"SearchAction\",\"target\":{\"@type\":\"EntryPoint\",\"urlTemplate\":\"https:\/\/bolting.eu\/en\/?s={search_term_string}\"},\"query-input\":{\"@type\":\"PropertyValueSpecification\",\"valueRequired\":true,\"valueName\":\"search_term_string\"}}],\"inLanguage\":\"en-US\"},{\"@type\":[\"Organization\",\"Place\",\"SportingGoodsStore\"],\"@id\":\"https:\/\/bolting.eu\/en\/#organization\",\"name\":\"bolting.eu\",\"url\":\"https:\/\/bolting.eu\/en\/\",\"logo\":{\"@id\":\"https:\/\/bolting.eu\/en\/shop\/fixe-v-belay-station-glue-in-bolt\/#local-main-organization-logo\"},\"image\":{\"@id\":\"https:\/\/bolting.eu\/en\/shop\/fixe-v-belay-station-glue-in-bolt\/#local-main-organization-logo\"},\"sameAs\":[\"https:\/\/www.facebook.com\/bolting.eu\",\"https:\/\/www.instagram.com\/bolting.eu\/\"],\"address\":{\"@id\":\"https:\/\/bolting.eu\/en\/shop\/fixe-v-belay-station-glue-in-bolt\/#local-main-place-address\"},\"geo\":{\"@type\":\"GeoCoordinates\",\"latitude\":\"47.264176340396226\",\"longitude\":\"11.380109057672346\"},\"telephone\":[\"+43 699 19083372\"],\"openingHoursSpecification\":[{\"@type\":\"OpeningHoursSpecification\",\"dayOfWeek\":[\"Monday\",\"Wednesday\",\"Friday\"],\"opens\":\"14:00\",\"closes\":\"18:00\"},{\"@type\":\"OpeningHoursSpecification\",\"dayOfWeek\":[\"Tuesday\",\"Thursday\",\"Saturday\",\"Sunday\"],\"opens\":\"00:00\",\"closes\":\"00:00\"}],\"email\":\"office@bolting.eu\",\"vatID\":\"ATU59999728\",\"priceRange\":\"$$\",\"currenciesAccepted\":\"Euro\"},{\"@type\":\"PostalAddress\",\"@id\":\"https:\/\/bolting.eu\/en\/shop\/fixe-v-belay-station-glue-in-bolt\/#local-main-place-address\",\"streetAddress\":\"Fischnalerstra\u00dfe 4\",\"addressLocality\":\"Innsbruck\",\"postalCode\":\"6020\",\"addressRegion\":\"Tirol\",\"addressCountry\":\"AT\"},{\"@type\":\"ImageObject\",\"inLanguage\":\"en-US\",\"@id\":\"https:\/\/bolting.eu\/en\/shop\/fixe-v-belay-station-glue-in-bolt\/#local-main-organization-logo\",\"url\":\"https:\/\/bolting.eu\/wp-content\/uploads\/2019\/09\/bolting-logo.png\",\"contentUrl\":\"https:\/\/bolting.eu\/wp-content\/uploads\/2019\/09\/bolting-logo.png\",\"width\":400,\"height\":211,\"caption\":\"bolting.eu\"}]}<\/script>\n<meta property=\"og:availability\" content=\"instock\" \/>\n<meta property=\"product:availability\" content=\"instock\" \/>\n<meta property=\"product:condition\" content=\"new\" \/>\n<meta name=\"geo.placename\" content=\"Innsbruck\" \/>\n<meta name=\"geo.position\" content=\"47.264176340396226;11.380109057672346\" \/>\n<meta name=\"geo.region\" content=\"Austria\" \/>\n<!-- \/ Yoast SEO Premium plugin. -->","yoast_head_json":{"title":"Fixe V-Belay Station Glue-in Bolt | bolting.eu","description":"Fixe V-Belay Station Glue-in Bolt beim Einbohrprofi kaufen \u2705 Trusted Shop \u2705 kostenloser Versand* \u2705 14 Tage R\u00fcckgaberecht \u2705 Co2 neutrale Zustellung","robots":{"index":"index","follow":"follow","max-snippet":"max-snippet:-1","max-image-preview":"max-image-preview:large","max-video-preview":"max-video-preview:-1"},"canonical":"https:\/\/bolting.eu\/en\/shop\/fixe-v-belay-station-glue-in-bolt\/","og_locale":"en_US","og_type":"article","og_title":"Fixe V-Belay Station Glue-in Bolt","og_description":"Fixe V-Belay Station Glue-in Bolt beim Einbohrprofi kaufen \u2705 Trusted Shop \u2705 kostenloser Versand* \u2705 14 Tage R\u00fcckgaberecht \u2705 Co2 neutrale Zustellung","og_url":"https:\/\/bolting.eu\/en\/shop\/fixe-v-belay-station-glue-in-bolt\/","og_site_name":"bolting.eu","article_publisher":"https:\/\/www.facebook.com\/bolting.eu","article_modified_time":"2026-02-20T14:14:23+00:00","og_image":[{"width":700,"height":700,"url":"https:\/\/bolting.eu\/wp-content\/uploads\/2026\/02\/Fixe-V-belay-glue-in-1-Ring.jpg","type":"image\/jpeg"}],"twitter_card":"summary_large_image","twitter_misc":{"Availability":"In stock"},"schema":{"@context":"https:\/\/schema.org","@graph":[{"@type":["WebPage","ItemPage"],"@id":"https:\/\/bolting.eu\/en\/shop\/fixe-v-belay-station-glue-in-bolt\/","url":"https:\/\/bolting.eu\/en\/shop\/fixe-v-belay-station-glue-in-bolt\/","name":"Fixe V-Belay Station Glue-in Bolt | bolting.eu","isPartOf":{"@id":"https:\/\/bolting.eu\/en\/#website"},"primaryImageOfPage":{"@id":"https:\/\/bolting.eu\/en\/shop\/fixe-v-belay-station-glue-in-bolt\/#primaryimage"},"image":{"@id":"https:\/\/bolting.eu\/en\/shop\/fixe-v-belay-station-glue-in-bolt\/#primaryimage"},"thumbnailUrl":"https:\/\/bolting.eu\/wp-content\/uploads\/2026\/02\/Fixe-V-belay-glue-in-1-Ring.jpg","datePublished":"2026-02-20T14:11:44+00:00","dateModified":"2026-02-20T14:14:23+00:00","description":"Fixe V-Belay Station Glue-in Bolt beim Einbohrprofi kaufen \u2705 Trusted Shop \u2705 kostenloser Versand* \u2705 14 Tage R\u00fcckgaberecht \u2705 Co2 neutrale Zustellung","breadcrumb":{"@id":"https:\/\/bolting.eu\/en\/shop\/fixe-v-belay-station-glue-in-bolt\/#breadcrumb"},"inLanguage":"en-US","potentialAction":[{"@type":"ReadAction","target":["https:\/\/bolting.eu\/en\/shop\/fixe-v-belay-station-glue-in-bolt\/"]}]},{"@type":"ImageObject","inLanguage":"en-US","@id":"https:\/\/bolting.eu\/en\/shop\/fixe-v-belay-station-glue-in-bolt\/#primaryimage","url":"https:\/\/bolting.eu\/wp-content\/uploads\/2026\/02\/Fixe-V-belay-glue-in-1-Ring.jpg","contentUrl":"https:\/\/bolting.eu\/wp-content\/uploads\/2026\/02\/Fixe-V-belay-glue-in-1-Ring.jpg","width":700,"height":700},{"@type":"BreadcrumbList","@id":"https:\/\/bolting.eu\/en\/shop\/fixe-v-belay-station-glue-in-bolt\/#breadcrumb","itemListElement":[{"@type":"ListItem","position":1,"name":"Shop","item":"https:\/\/bolting.eu\/en\/shop\/"},{"@type":"ListItem","position":2,"name":"bolting products","item":"https:\/\/bolting.eu\/en\/produkt-kategorie\/bolting-products\/"},{"@type":"ListItem","position":3,"name":"lower off - climbing anchor","item":"https:\/\/bolting.eu\/en\/produkt-kategorie\/lower-off-climbing-anchor\/"},{"@type":"ListItem","position":4,"name":"Fixe V-Belay Station Glue-in Bolt"}]},{"@type":"WebSite","@id":"https:\/\/bolting.eu\/en\/#website","url":"https:\/\/bolting.eu\/en\/","name":"bolting.eu","description":"we make climbs happen","publisher":{"@id":"https:\/\/bolting.eu\/en\/#organization"},"potentialAction":[{"@type":"SearchAction","target":{"@type":"EntryPoint","urlTemplate":"https:\/\/bolting.eu\/en\/?s={search_term_string}"},"query-input":{"@type":"PropertyValueSpecification","valueRequired":true,"valueName":"search_term_string"}}],"inLanguage":"en-US"},{"@type":["Organization","Place","SportingGoodsStore"],"@id":"https:\/\/bolting.eu\/en\/#organization","name":"bolting.eu","url":"https:\/\/bolting.eu\/en\/","logo":{"@id":"https:\/\/bolting.eu\/en\/shop\/fixe-v-belay-station-glue-in-bolt\/#local-main-organization-logo"},"image":{"@id":"https:\/\/bolting.eu\/en\/shop\/fixe-v-belay-station-glue-in-bolt\/#local-main-organization-logo"},"sameAs":["https:\/\/www.facebook.com\/bolting.eu","https:\/\/www.instagram.com\/bolting.eu\/"],"address":{"@id":"https:\/\/bolting.eu\/en\/shop\/fixe-v-belay-station-glue-in-bolt\/#local-main-place-address"},"geo":{"@type":"GeoCoordinates","latitude":"47.264176340396226","longitude":"11.380109057672346"},"telephone":["+43 699 19083372"],"openingHoursSpecification":[{"@type":"OpeningHoursSpecification","dayOfWeek":["Monday","Wednesday","Friday"],"opens":"14:00","closes":"18:00"},{"@type":"OpeningHoursSpecification","dayOfWeek":["Tuesday","Thursday","Saturday","Sunday"],"opens":"00:00","closes":"00:00"}],"email":"office@bolting.eu","vatID":"ATU59999728","priceRange":"$$","currenciesAccepted":"Euro"},{"@type":"PostalAddress","@id":"https:\/\/bolting.eu\/en\/shop\/fixe-v-belay-station-glue-in-bolt\/#local-main-place-address","streetAddress":"Fischnalerstra\u00dfe 4","addressLocality":"Innsbruck","postalCode":"6020","addressRegion":"Tirol","addressCountry":"AT"},{"@type":"ImageObject","inLanguage":"en-US","@id":"https:\/\/bolting.eu\/en\/shop\/fixe-v-belay-station-glue-in-bolt\/#local-main-organization-logo","url":"https:\/\/bolting.eu\/wp-content\/uploads\/2019\/09\/bolting-logo.png","contentUrl":"https:\/\/bolting.eu\/wp-content\/uploads\/2019\/09\/bolting-logo.png","width":400,"height":211,"caption":"bolting.eu"}]},"og_availability":"instock","product_availability":"instock","product_condition":"new","geo.placename":"Innsbruck","geo.position":{"lat":"47.264176340396226","long":"11.380109057672346"},"geo.region":"Austria"},"_links":{"self":[{"href":"https:\/\/bolting.eu\/en\/wp-json\/wp\/v2\/product\/37198","targetHints":{"allow":["GET"]}}],"collection":[{"href":"https:\/\/bolting.eu\/en\/wp-json\/wp\/v2\/product"}],"about":[{"href":"https:\/\/bolting.eu\/en\/wp-json\/wp\/v2\/types\/product"}],"replies":[{"embeddable":true,"href":"https:\/\/bolting.eu\/en\/wp-json\/wp\/v2\/comments?post=37198"}],"wp:featuredmedia":[{"embeddable":true,"href":"https:\/\/bolting.eu\/en\/wp-json\/wp\/v2\/media\/37213"}],"wp:attachment":[{"href":"https:\/\/bolting.eu\/en\/wp-json\/wp\/v2\/media?parent=37198"}],"wp:term":[{"taxonomy":"product_brand","embeddable":true,"href":"https:\/\/bolting.eu\/en\/wp-json\/wp\/v2\/product_brand?post=37198"},{"taxonomy":"product_cat","embeddable":true,"href":"https:\/\/bolting.eu\/en\/wp-json\/wp\/v2\/product_cat?post=37198"},{"taxonomy":"product_tag","embeddable":true,"href":"https:\/\/bolting.eu\/en\/wp-json\/wp\/v2\/product_tag?post=37198"}],"curies":[{"name":"wp","href":"https:\/\/api.w.org\/{rel}","templated":true}]}}