{"id":3714,"date":"2020-05-29T19:01:41","date_gmt":"2020-05-29T17:01:41","guid":{"rendered":"https:\/\/bolting.eu\/?post_type=product&#038;p=3714"},"modified":"2025-01-11T13:00:24","modified_gmt":"2025-01-11T12:00:24","slug":"stubai-allzwecktasche-gearbag-velcro","status":"publish","type":"product","link":"https:\/\/bolting.eu\/en\/shop\/stubai-allzwecktasche-gearbag-velcro\/","title":{"rendered":"Stubai Allzwecktasche Gearbag Velcro"},"content":{"rendered":"<p>Die Stubai Allzwecktasche Gearbag Velcro ist ein praktisches Zubeh\u00f6r. Denn darin kann man seine Ausr\u00fcstung \u00fcbersichtlich verstauen. Beispielsweise eine Spaltenbergung Ausr\u00fcstung oder das Essen f\u00fcr das Biwak. Nat\u00fcrlich auch alle g\u00e4ngigen Stubai Steigeisen Modelle sicher verstauen. Diese Allzwecktasche geh\u00f6rt deshalb in jede <a href=\"https:\/\/bolting.eu\/produkt-kategorie\/eis-und-hochtouren\/\">Eis- und Hochtouren Ausr\u00fcstung<\/a>.<\/p>\n<h2>Ger\u00e4umige Stubai Allzwecktasche Gearbag Velcro<\/h2>\n<p>Dieser Gear Bag ist sehr ger\u00e4umig. Das Volumen betr\u00e4gt ca. 2,5 Liter. D.h. hier ist viel Platz. Zum einen f\u00fcr ein paar Steigeisen. Zum anderen aber auch f\u00fcr den Spaltenbergung Kit, Eisschrauben, sowie ggf. auch Proviant.<\/p>\n<p>Das superstarke und beschichtete Material h\u00e4lt zudem jede Menge aus. Genauso wie der Klettverschluss. Somit ist die Funktionalit\u00e4t der Materialtasche lange gew\u00e4hrleistet. Die spitze Ausr\u00fcstung kommt hier nicht so schnell durch.<\/p>\n<h2>Eigenschaften Stubai Allzwecktasche Gearbag Velcro<\/h2>\n<ul>\n<li>Hersteller: Stubai Bergsport<\/li>\n<li>Material: PU-beschichtetes Nylon Gewebe<\/li>\n<li>Volumen: ca. 2,5 Liter<\/li>\n<li>Gewicht: 95 Gramm<\/li>\n<li>robuster Klettverschluss<\/li>\n<li>auch als Steigeisentasche verwendbar<\/li>\n<li>ideal f\u00fcr Eisschrauben, Reservehauen, Felshaken,&#8230;<\/li>\n<\/ul>\n<h3>Ideal f\u00fcr Ausr\u00fcstung<\/h3>\n<p>Wir finden die Stubai Allzwecktasche Gearbag Velcro wirklich super praktisch. Denn darin kann man vor allem Ausr\u00fcstung die zusammen geh\u00f6rt super verstauen. Das Paradebeispiel ist der Kit f\u00fcr einen Flaschenzug bei der Spaltenbergung.<\/p>\n<p>Alles passt super in diese Tasche. <a href=\"https:\/\/bolting.eu\/produkt-kategorie\/reepschnur\/\">Reepschnur<\/a>, <a href=\"https:\/\/bolting.eu\/shop\/climbing-technology-rollnlock-seilklemme\/\">Seilklemme<\/a>, <a href=\"https:\/\/bolting.eu\/produkt-kategorie\/seilrollen\/\">Seilrolle<\/a>, etc..<\/p>\n<p>So hat man alles beim Anziehen am Gletscherrand sofort zur Hand. W\u00e4hrend andere alles erst umst\u00e4ndlich aus dem Rucksack fischen m\u00fcssen.<\/p>\n<h3>Praxis Tipp<\/h3>\n<p>Bevor ihr eure Steigeisen zuhause verstaut Lasst sie unbedingt ganz trocknen. Nasser Stahl rostet einfach viel schneller im Vergleich zu trockenem. Deshalb gut abwischen und dann \u00fcber Nacht stehen lassen. Am Folgetag kann man dann die trockenen Steigeisen in die Stubai Allzwecktasche Gearbag Velcro geben.<\/p>\n<p>So habt ihr viel l\u00e4nger Freude mit Eurer Ausr\u00fcstung.<\/p>\n<p>\u00dcbrigens. Das Selbe gilt nat\u00fcrlich auch f\u00fcr Aluminium Steigeisen. Auch wenn diese nicht so empfindlich sind wie Stahl. Eine trockene Lagerung verl\u00e4ngert die Lebensdauer. Zudem sehen sie auch viel l\u00e4nger besser aus.<\/p>\n<h4><strong>Link Tipp<\/strong><\/h4>\n<p>Zum <a href=\"https:\/\/www.stubai-sports.com\/\" target=\"_blank\" rel=\"noopener noreferrer\">Hersteller<\/a><\/p>\n","protected":false},"excerpt":{"rendered":"<ul>\n<li>Hersteller: <a href=\"https:\/\/bolting.eu\/produkt-kategorie\/stubai-bergsport\/\">Stubai Bergsport<\/a><\/li>\n<li>Material: PU-beschichtetes Nylon Gewebe<\/li>\n<li>Volumen: ca. 2,5 Liter<\/li>\n<li>Gewicht: 95 Gramm<\/li>\n<li>robuster Klettverschluss<\/li>\n<li>auch als Steigeisentasche verwendbar<\/li>\n<li>ideal f\u00fcr Eisschrauben, Reservehauen, Felshaken,&#8230;<\/li>\n<\/ul>\n","protected":false},"featured_media":3715,"comment_status":"open","ping_status":"closed","template":"","meta":[],"product_brand":[],"product_cat":[4650,11052,14356],"product_tag":[],"class_list":{"0":"post-3714","1":"product","2":"type-product","3":"status-publish","4":"has-post-thumbnail","6":"product_cat-stubai-bergsport","7":"product_cat-zubehoer-hochtouren","8":"product_cat-steigeisen-ersatzteile-zubehoer","10":"first","11":"instock","12":"taxable","13":"shipping-taxable","14":"purchasable","15":"product-type-simple"},"yoast_head":"<!-- This site is optimized with the Yoast SEO Premium plugin v26.9 (Yoast SEO v26.9) - https:\/\/yoast.com\/product\/yoast-seo-premium-wordpress\/ -->\n<title>Stubai Allzwecktasche Gearbag Velcro onine kaufen | bolting.eu<\/title>\n<meta name=\"description\" content=\"Hier findest du die Stubai Allzwecktasche Gearbag Velcro. Eine robuste Bergsport Materialtasche f\u00fcr mit Klettverschluss vom Bergsportprofi aus \ud83c\udde6\ud83c\uddf9 !\" \/>\n<meta name=\"robots\" content=\"index, follow, max-snippet:-1, max-image-preview:large, max-video-preview:-1\" \/>\n<link rel=\"canonical\" href=\"https:\/\/bolting.eu\/en\/shop\/stubai-allzwecktasche-gearbag-velcro\/\" \/>\n<meta property=\"og:locale\" content=\"en_US\" \/>\n<meta property=\"og:type\" content=\"article\" \/>\n<meta property=\"og:title\" content=\"Stubai Allzwecktasche Gearbag Velcro\" \/>\n<meta property=\"og:description\" content=\"Hier findest du die Stubai Allzwecktasche Gearbag Velcro. Eine robuste Bergsport Materialtasche f\u00fcr mit Klettverschluss vom Bergsportprofi aus \ud83c\udde6\ud83c\uddf9 !\" \/>\n<meta property=\"og:url\" content=\"https:\/\/bolting.eu\/en\/shop\/stubai-allzwecktasche-gearbag-velcro\/\" \/>\n<meta property=\"og:site_name\" content=\"bolting.eu\" \/>\n<meta property=\"article:publisher\" content=\"https:\/\/www.facebook.com\/bolting.eu\" \/>\n<meta property=\"article:modified_time\" content=\"2025-01-11T12:00:24+00:00\" \/>\n<meta property=\"og:image\" content=\"https:\/\/bolting.eu\/wp-content\/uploads\/2020\/05\/Stubai-Allzwecktasche-Gearbag-Velcro.jpg\" \/>\n\t<meta property=\"og:image:width\" content=\"700\" \/>\n\t<meta property=\"og:image:height\" content=\"700\" \/>\n\t<meta property=\"og:image:type\" content=\"image\/jpeg\" \/>\n<meta name=\"twitter:card\" content=\"summary_large_image\" \/>\n<meta name=\"twitter:label1\" content=\"Price\" \/>\n\t<meta name=\"twitter:data1\" content=\"&euro;&nbsp;9,90\" \/>\n\t<meta name=\"twitter:label2\" content=\"Availability\" \/>\n\t<meta name=\"twitter:data2\" content=\"In stock\" \/>\n<script type=\"application\/ld+json\" class=\"yoast-schema-graph\">{\"@context\":\"https:\/\/schema.org\",\"@graph\":[{\"@type\":[\"WebPage\",\"ItemPage\"],\"@id\":\"https:\/\/bolting.eu\/en\/shop\/stubai-allzwecktasche-gearbag-velcro\/\",\"url\":\"https:\/\/bolting.eu\/en\/shop\/stubai-allzwecktasche-gearbag-velcro\/\",\"name\":\"Stubai Allzwecktasche Gearbag Velcro onine kaufen | bolting.eu\",\"isPartOf\":{\"@id\":\"https:\/\/bolting.eu\/en\/#website\"},\"primaryImageOfPage\":{\"@id\":\"https:\/\/bolting.eu\/en\/shop\/stubai-allzwecktasche-gearbag-velcro\/#primaryimage\"},\"image\":{\"@id\":\"https:\/\/bolting.eu\/en\/shop\/stubai-allzwecktasche-gearbag-velcro\/#primaryimage\"},\"thumbnailUrl\":\"https:\/\/bolting.eu\/wp-content\/uploads\/2020\/05\/Stubai-Allzwecktasche-Gearbag-Velcro.jpg\",\"datePublished\":\"2020-05-29T17:01:41+00:00\",\"dateModified\":\"2025-01-11T12:00:24+00:00\",\"description\":\"Hier findest du die Stubai Allzwecktasche Gearbag Velcro. Eine robuste Bergsport Materialtasche f\u00fcr mit Klettverschluss vom Bergsportprofi aus \ud83c\udde6\ud83c\uddf9 !\",\"breadcrumb\":{\"@id\":\"https:\/\/bolting.eu\/en\/shop\/stubai-allzwecktasche-gearbag-velcro\/#breadcrumb\"},\"inLanguage\":\"en-US\",\"potentialAction\":[{\"@type\":\"ReadAction\",\"target\":[\"https:\/\/bolting.eu\/en\/shop\/stubai-allzwecktasche-gearbag-velcro\/\"]}]},{\"@type\":\"ImageObject\",\"inLanguage\":\"en-US\",\"@id\":\"https:\/\/bolting.eu\/en\/shop\/stubai-allzwecktasche-gearbag-velcro\/#primaryimage\",\"url\":\"https:\/\/bolting.eu\/wp-content\/uploads\/2020\/05\/Stubai-Allzwecktasche-Gearbag-Velcro.jpg\",\"contentUrl\":\"https:\/\/bolting.eu\/wp-content\/uploads\/2020\/05\/Stubai-Allzwecktasche-Gearbag-Velcro.jpg\",\"width\":700,\"height\":700,\"caption\":\"Das Bild zeigt die Stubai Allzwecktasche Gearbag Velcro. Aus der schwarzen Bergsport Materialtasche ragt ein Steigeisen beim Klettverschluss hervor.\"},{\"@type\":\"BreadcrumbList\",\"@id\":\"https:\/\/bolting.eu\/en\/shop\/stubai-allzwecktasche-gearbag-velcro\/#breadcrumb\",\"itemListElement\":[{\"@type\":\"ListItem\",\"position\":1,\"name\":\"Shop\",\"item\":\"https:\/\/bolting.eu\/en\/shop\/\"},{\"@type\":\"ListItem\",\"position\":2,\"name\":\"Bergsteiger Ausr\u00fcstung\",\"item\":\"https:\/\/bolting.eu\/produkt-kategorie\/bergsteiger-ausruestung\/\"},{\"@type\":\"ListItem\",\"position\":3,\"name\":\"Steigeisen Ersatzteile - Zubeh\u00f6r\",\"item\":\"https:\/\/bolting.eu\/produkt-kategorie\/bergsteiger-ausruestung\/steigeisen-ersatzteile-zubehoer\/\"},{\"@type\":\"ListItem\",\"position\":4,\"name\":\"Stubai Allzwecktasche Gearbag Velcro\"}]},{\"@type\":\"WebSite\",\"@id\":\"https:\/\/bolting.eu\/en\/#website\",\"url\":\"https:\/\/bolting.eu\/en\/\",\"name\":\"bolting.eu\",\"description\":\"we make climbs happen\",\"publisher\":{\"@id\":\"https:\/\/bolting.eu\/en\/#organization\"},\"potentialAction\":[{\"@type\":\"SearchAction\",\"target\":{\"@type\":\"EntryPoint\",\"urlTemplate\":\"https:\/\/bolting.eu\/en\/?s={search_term_string}\"},\"query-input\":{\"@type\":\"PropertyValueSpecification\",\"valueRequired\":true,\"valueName\":\"search_term_string\"}}],\"inLanguage\":\"en-US\"},{\"@type\":[\"Organization\",\"Place\",\"SportingGoodsStore\"],\"@id\":\"https:\/\/bolting.eu\/en\/#organization\",\"name\":\"bolting.eu\",\"url\":\"https:\/\/bolting.eu\/en\/\",\"logo\":{\"@id\":\"https:\/\/bolting.eu\/en\/shop\/stubai-allzwecktasche-gearbag-velcro\/#local-main-organization-logo\"},\"image\":{\"@id\":\"https:\/\/bolting.eu\/en\/shop\/stubai-allzwecktasche-gearbag-velcro\/#local-main-organization-logo\"},\"sameAs\":[\"https:\/\/www.facebook.com\/bolting.eu\",\"https:\/\/www.instagram.com\/bolting.eu\/\"],\"address\":{\"@id\":\"https:\/\/bolting.eu\/en\/shop\/stubai-allzwecktasche-gearbag-velcro\/#local-main-place-address\"},\"geo\":{\"@type\":\"GeoCoordinates\",\"latitude\":\"47.264176340396226\",\"longitude\":\"11.380109057672346\"},\"telephone\":[\"+43 699 19083372\"],\"openingHoursSpecification\":[{\"@type\":\"OpeningHoursSpecification\",\"dayOfWeek\":[\"Monday\",\"Wednesday\",\"Friday\"],\"opens\":\"14:00\",\"closes\":\"18:00\"},{\"@type\":\"OpeningHoursSpecification\",\"dayOfWeek\":[\"Tuesday\",\"Thursday\",\"Saturday\",\"Sunday\"],\"opens\":\"00:00\",\"closes\":\"00:00\"}],\"email\":\"office@bolting.eu\",\"vatID\":\"ATU59999728\",\"priceRange\":\"$$\",\"currenciesAccepted\":\"Euro\"},{\"@type\":\"PostalAddress\",\"@id\":\"https:\/\/bolting.eu\/en\/shop\/stubai-allzwecktasche-gearbag-velcro\/#local-main-place-address\",\"streetAddress\":\"Fischnalerstra\u00dfe 4\",\"addressLocality\":\"Innsbruck\",\"postalCode\":\"6020\",\"addressRegion\":\"Tirol\",\"addressCountry\":\"AT\"},{\"@type\":\"ImageObject\",\"inLanguage\":\"en-US\",\"@id\":\"https:\/\/bolting.eu\/en\/shop\/stubai-allzwecktasche-gearbag-velcro\/#local-main-organization-logo\",\"url\":\"https:\/\/bolting.eu\/wp-content\/uploads\/2019\/09\/bolting-logo.png\",\"contentUrl\":\"https:\/\/bolting.eu\/wp-content\/uploads\/2019\/09\/bolting-logo.png\",\"width\":400,\"height\":211,\"caption\":\"bolting.eu\"}]}<\/script>\n<meta property=\"product:price:amount\" content=\"9.90\" \/>\n<meta property=\"product:price:currency\" content=\"EUR\" \/>\n<meta property=\"og:availability\" content=\"instock\" \/>\n<meta property=\"product:availability\" content=\"instock\" \/>\n<meta property=\"product:retailer_item_id\" content=\"950010\" \/>\n<meta property=\"product:condition\" content=\"new\" \/>\n<meta name=\"geo.placename\" content=\"Innsbruck\" \/>\n<meta name=\"geo.position\" content=\"47.264176340396226;11.380109057672346\" \/>\n<meta name=\"geo.region\" content=\"Austria\" \/>\n<!-- \/ Yoast SEO Premium plugin. -->","yoast_head_json":{"title":"Stubai Allzwecktasche Gearbag Velcro onine kaufen | bolting.eu","description":"Hier findest du die Stubai Allzwecktasche Gearbag Velcro. Eine robuste Bergsport Materialtasche f\u00fcr mit Klettverschluss vom Bergsportprofi aus \ud83c\udde6\ud83c\uddf9 !","robots":{"index":"index","follow":"follow","max-snippet":"max-snippet:-1","max-image-preview":"max-image-preview:large","max-video-preview":"max-video-preview:-1"},"canonical":"https:\/\/bolting.eu\/en\/shop\/stubai-allzwecktasche-gearbag-velcro\/","og_locale":"en_US","og_type":"article","og_title":"Stubai Allzwecktasche Gearbag Velcro","og_description":"Hier findest du die Stubai Allzwecktasche Gearbag Velcro. Eine robuste Bergsport Materialtasche f\u00fcr mit Klettverschluss vom Bergsportprofi aus \ud83c\udde6\ud83c\uddf9 !","og_url":"https:\/\/bolting.eu\/en\/shop\/stubai-allzwecktasche-gearbag-velcro\/","og_site_name":"bolting.eu","article_publisher":"https:\/\/www.facebook.com\/bolting.eu","article_modified_time":"2025-01-11T12:00:24+00:00","og_image":[{"width":700,"height":700,"url":"https:\/\/bolting.eu\/wp-content\/uploads\/2020\/05\/Stubai-Allzwecktasche-Gearbag-Velcro.jpg","type":"image\/jpeg"}],"twitter_card":"summary_large_image","twitter_misc":{"Price":"&euro;&nbsp;9,90","Availability":"In stock"},"schema":{"@context":"https:\/\/schema.org","@graph":[{"@type":["WebPage","ItemPage"],"@id":"https:\/\/bolting.eu\/en\/shop\/stubai-allzwecktasche-gearbag-velcro\/","url":"https:\/\/bolting.eu\/en\/shop\/stubai-allzwecktasche-gearbag-velcro\/","name":"Stubai Allzwecktasche Gearbag Velcro onine kaufen | bolting.eu","isPartOf":{"@id":"https:\/\/bolting.eu\/en\/#website"},"primaryImageOfPage":{"@id":"https:\/\/bolting.eu\/en\/shop\/stubai-allzwecktasche-gearbag-velcro\/#primaryimage"},"image":{"@id":"https:\/\/bolting.eu\/en\/shop\/stubai-allzwecktasche-gearbag-velcro\/#primaryimage"},"thumbnailUrl":"https:\/\/bolting.eu\/wp-content\/uploads\/2020\/05\/Stubai-Allzwecktasche-Gearbag-Velcro.jpg","datePublished":"2020-05-29T17:01:41+00:00","dateModified":"2025-01-11T12:00:24+00:00","description":"Hier findest du die Stubai Allzwecktasche Gearbag Velcro. Eine robuste Bergsport Materialtasche f\u00fcr mit Klettverschluss vom Bergsportprofi aus \ud83c\udde6\ud83c\uddf9 !","breadcrumb":{"@id":"https:\/\/bolting.eu\/en\/shop\/stubai-allzwecktasche-gearbag-velcro\/#breadcrumb"},"inLanguage":"en-US","potentialAction":[{"@type":"ReadAction","target":["https:\/\/bolting.eu\/en\/shop\/stubai-allzwecktasche-gearbag-velcro\/"]}]},{"@type":"ImageObject","inLanguage":"en-US","@id":"https:\/\/bolting.eu\/en\/shop\/stubai-allzwecktasche-gearbag-velcro\/#primaryimage","url":"https:\/\/bolting.eu\/wp-content\/uploads\/2020\/05\/Stubai-Allzwecktasche-Gearbag-Velcro.jpg","contentUrl":"https:\/\/bolting.eu\/wp-content\/uploads\/2020\/05\/Stubai-Allzwecktasche-Gearbag-Velcro.jpg","width":700,"height":700,"caption":"Das Bild zeigt die Stubai Allzwecktasche Gearbag Velcro. Aus der schwarzen Bergsport Materialtasche ragt ein Steigeisen beim Klettverschluss hervor."},{"@type":"BreadcrumbList","@id":"https:\/\/bolting.eu\/en\/shop\/stubai-allzwecktasche-gearbag-velcro\/#breadcrumb","itemListElement":[{"@type":"ListItem","position":1,"name":"Shop","item":"https:\/\/bolting.eu\/en\/shop\/"},{"@type":"ListItem","position":2,"name":"Bergsteiger Ausr\u00fcstung","item":"https:\/\/bolting.eu\/produkt-kategorie\/bergsteiger-ausruestung\/"},{"@type":"ListItem","position":3,"name":"Steigeisen Ersatzteile - Zubeh\u00f6r","item":"https:\/\/bolting.eu\/produkt-kategorie\/bergsteiger-ausruestung\/steigeisen-ersatzteile-zubehoer\/"},{"@type":"ListItem","position":4,"name":"Stubai Allzwecktasche Gearbag Velcro"}]},{"@type":"WebSite","@id":"https:\/\/bolting.eu\/en\/#website","url":"https:\/\/bolting.eu\/en\/","name":"bolting.eu","description":"we make climbs happen","publisher":{"@id":"https:\/\/bolting.eu\/en\/#organization"},"potentialAction":[{"@type":"SearchAction","target":{"@type":"EntryPoint","urlTemplate":"https:\/\/bolting.eu\/en\/?s={search_term_string}"},"query-input":{"@type":"PropertyValueSpecification","valueRequired":true,"valueName":"search_term_string"}}],"inLanguage":"en-US"},{"@type":["Organization","Place","SportingGoodsStore"],"@id":"https:\/\/bolting.eu\/en\/#organization","name":"bolting.eu","url":"https:\/\/bolting.eu\/en\/","logo":{"@id":"https:\/\/bolting.eu\/en\/shop\/stubai-allzwecktasche-gearbag-velcro\/#local-main-organization-logo"},"image":{"@id":"https:\/\/bolting.eu\/en\/shop\/stubai-allzwecktasche-gearbag-velcro\/#local-main-organization-logo"},"sameAs":["https:\/\/www.facebook.com\/bolting.eu","https:\/\/www.instagram.com\/bolting.eu\/"],"address":{"@id":"https:\/\/bolting.eu\/en\/shop\/stubai-allzwecktasche-gearbag-velcro\/#local-main-place-address"},"geo":{"@type":"GeoCoordinates","latitude":"47.264176340396226","longitude":"11.380109057672346"},"telephone":["+43 699 19083372"],"openingHoursSpecification":[{"@type":"OpeningHoursSpecification","dayOfWeek":["Monday","Wednesday","Friday"],"opens":"14:00","closes":"18:00"},{"@type":"OpeningHoursSpecification","dayOfWeek":["Tuesday","Thursday","Saturday","Sunday"],"opens":"00:00","closes":"00:00"}],"email":"office@bolting.eu","vatID":"ATU59999728","priceRange":"$$","currenciesAccepted":"Euro"},{"@type":"PostalAddress","@id":"https:\/\/bolting.eu\/en\/shop\/stubai-allzwecktasche-gearbag-velcro\/#local-main-place-address","streetAddress":"Fischnalerstra\u00dfe 4","addressLocality":"Innsbruck","postalCode":"6020","addressRegion":"Tirol","addressCountry":"AT"},{"@type":"ImageObject","inLanguage":"en-US","@id":"https:\/\/bolting.eu\/en\/shop\/stubai-allzwecktasche-gearbag-velcro\/#local-main-organization-logo","url":"https:\/\/bolting.eu\/wp-content\/uploads\/2019\/09\/bolting-logo.png","contentUrl":"https:\/\/bolting.eu\/wp-content\/uploads\/2019\/09\/bolting-logo.png","width":400,"height":211,"caption":"bolting.eu"}]},"product_price_amount":"9.90","product_price_currency":"EUR","og_availability":"instock","product_availability":"instock","product_retailer_item_id":"950010","product_condition":"new","geo.placename":"Innsbruck","geo.position":{"lat":"47.264176340396226","long":"11.380109057672346"},"geo.region":"Austria"},"_links":{"self":[{"href":"https:\/\/bolting.eu\/en\/wp-json\/wp\/v2\/product\/3714","targetHints":{"allow":["GET"]}}],"collection":[{"href":"https:\/\/bolting.eu\/en\/wp-json\/wp\/v2\/product"}],"about":[{"href":"https:\/\/bolting.eu\/en\/wp-json\/wp\/v2\/types\/product"}],"replies":[{"embeddable":true,"href":"https:\/\/bolting.eu\/en\/wp-json\/wp\/v2\/comments?post=3714"}],"wp:featuredmedia":[{"embeddable":true,"href":"https:\/\/bolting.eu\/en\/wp-json\/wp\/v2\/media\/3715"}],"wp:attachment":[{"href":"https:\/\/bolting.eu\/en\/wp-json\/wp\/v2\/media?parent=3714"}],"wp:term":[{"taxonomy":"product_brand","embeddable":true,"href":"https:\/\/bolting.eu\/en\/wp-json\/wp\/v2\/product_brand?post=3714"},{"taxonomy":"product_cat","embeddable":true,"href":"https:\/\/bolting.eu\/en\/wp-json\/wp\/v2\/product_cat?post=3714"},{"taxonomy":"product_tag","embeddable":true,"href":"https:\/\/bolting.eu\/en\/wp-json\/wp\/v2\/product_tag?post=3714"}],"curies":[{"name":"wp","href":"https:\/\/api.w.org\/{rel}","templated":true}]}}