{"id":3710,"date":"2020-05-29T18:53:57","date_gmt":"2020-05-29T16:53:57","guid":{"rendered":"https:\/\/bolting.eu\/?post_type=product&#038;p=3710"},"modified":"2023-09-14T15:02:45","modified_gmt":"2023-09-14T13:02:45","slug":"grosser-hms-schraubkarabiner-bolting-eu","status":"publish","type":"product","link":"https:\/\/bolting.eu\/en\/shop\/grosser-hms-schraubkarabiner-bolting-eu\/","title":{"rendered":"Gro\u00dfer HMS Schraubkarabiner bolting.eu"},"content":{"rendered":"<p>Unser Gro\u00dfer HMS Schraubkarabiner ist ein wahrer Allesk\u00f6nner. Denn man kann ihn bei allen kletterbezogenen Aktivit\u00e4ten verwenden.<\/p>\n<p>Erstens nat\u00fcrlich zum Klettern und f\u00fcr <a href=\"https:\/\/bolting.eu\/produkt-kategorie\/eis-und-hochtouren\/\">Hochtouren<\/a>. Denn der gro\u00dfe HMS Karabiner erf\u00fcllt alle g\u00e4ngigen Normen. Einerseits die EN Norm 12275 und andererseits die EN 362 bzw. UIAA 121. Folglich hat er enorme Bruchlasten, mit 25kN in L\u00e4ngsrichtung. Der <a href=\"https:\/\/bolting.eu\/produkt-kategorie\/karabiner-kletterkarabiner\/\">Karabiner<\/a> sollte in keiner Kletterausr\u00fcstung fehlen!<\/p>\n<p>Zweitens ist er super leicht zu bedienen. Das Messinggewinde l\u00e4sst sich wunderbar mit einer Hand bedienen. Zudem ist es \u00e4u\u00dferst langlebig.<\/p>\n<p>Drittens ist unser kleiner HMS Schraubkarabiner einfach sehr beliebt. Auch H\u00f6henarbeitern, H\u00f6hlenforschern sowie Baumpflegern sch\u00e4tzen ihn ungemein. Die vielseitigen Einsatzm\u00f6glichkeiten und das Handling stimmen einfach.<\/p>\n<p>Kurzum. Ein toller Allrounder &#8220;<strong>Made in Austria<\/strong>&#8220;!<\/p>\n<h3>Eigenschaften Gro\u00dfer HMS Schraubkarabiner<\/h3>\n<ul>\n<li>f\u00fcr bolting.eu produziert von: <a href=\"https:\/\/bolting.eu\/produkt-kategorie\/stubai-bergsport\/\">Stubai Bergsport<\/a><\/li>\n<li>Normen: EN 12275 und EN 362 bzw. UIAA 121<\/li>\n<li>Material: Aluminium<\/li>\n<li>Bruchlasten: 25kN l\u00e4ngs &#8211; 8kN quer &#8211; 7 kN offen<\/li>\n<li>hochwertiges Messing Gewinde<\/li>\n<li>Schnapper\u00f6ffnung: 23mm<\/li>\n<li>verf\u00fcgbare Farben: rot, blau und gr\u00fcn<\/li>\n<li>Gewicht: 98 Gramm<\/li>\n<li>kann alleine als Sicherungsger\u00e4t \/ Abseilger\u00e4t mit HMS Knoten verwendet werden<\/li>\n<\/ul>\n<h3>Einsatzbereiche<\/h3>\n<p>Ein gro\u00dfer HMS Schraubkarabiner wie dieser eignet sich f\u00fcr viele Einsatzm\u00f6glichkeiten:<\/p>\n<ul>\n<li>Alpinklettern: f\u00fcr Standplatzbau, Abseilen, Sichern<\/li>\n<li>Sportklettern: Top RopK karabiner am <a href=\"https:\/\/bolting.eu\/produkt-kategorie\/umlenker-kettenstand\/\">Umlenker,<\/a> f\u00fcr Sicherungsger\u00e4t, als Sicherungsger\u00e4t<\/li>\n<li>Big Wall Klettern: f\u00fcr alle m\u00f6glichen Seilman\u00f6ver und Befestigung <a href=\"https:\/\/bolting.eu\/produkt-kategorie\/haulbag\/\">Haulbags<\/a><\/li>\n<li>H\u00f6henarbeiten, Speleologie, Baumpflege,&#8230;<\/li>\n<\/ul>\n<h3>Wartung Gro\u00dfer HMS Schraubkarabiner<\/h3>\n<p>Wie alle Karabiner sollte man auch unseren HMS Schraubkarabiner von Zeit zu Zeit warten. Wir empfehlen Euch den Karabiner alle paar Monate entsprechend zu pflegen. Einfach unter lauwarmen Wasser absp\u00fclen. Den Schrauber (Schnapper\u00f6ffnung) durch \u201ePeitschen\u201c in der Hand von Staub s\u00e4ubern. Dann an der Luft trocknen lassen. Anschlie\u00dfend mit dem <a href=\"https:\/\/bolting.eu\/shop\/kong-kletterausruestung-pflegeoel\/\">Karabiner Pflege\u00f6l<\/a> die Gelenke einschmieren und fertig!<\/p>\n<h3>Wann der Schrauber ausgetauscht werden?<\/h3>\n<p>Durch das st\u00e4ndige Einh\u00e4ngen wird unser gro\u00dfer HMS Schraubkarabiner wie jeder anderer Karabiner auch laufend beansprucht. Die <a href=\"https:\/\/bolting.eu\/produkt-kategorie\/bohrhaken\/\">Bohrhaken<\/a> bzw. die Bohrhakenlaschen\u00a0reiben hakenseitig st\u00e4ndig am Aluminium. Vor allem scharfe Laschen \u201eschneiden\u201c sich richtiggehend in das Metall. Je nachdem wie viel ihr klettert, m\u00fcsst ihr diese \u201eKerben\u201c im Auge behalten. Werden Sie zu gro\u00df, muss der Karabiner ausgetauscht werden.<\/p>\n<p>Der seilseitige Schenkel wird ebenfalls laufend beansprucht. Insbesondere bei Verwendung als Karabiner f\u00fcr euer Sicherungsger\u00e4t. Beispielsweise einen Tuber. Hier kann es zu sehr starkem \u201eAbrieb\u201c kommen. Wird die Kerbe zunehmend tiefer, muss der Mini Schrauber irgendwann ausgetauscht werden.<\/p>\n<h4><strong>Link Tipp<\/strong><\/h4>\n<p>Interessanter Beitrag in bergundsteigen \u00fcber <a href=\"https:\/\/www.google.com\/url?sa=t&amp;rct=j&amp;q=&amp;esrc=s&amp;source=web&amp;cd=&amp;ved=2ahUKEwiLj_mJjdvpAhV2DWMBHZj7CFoQFjABegQIARAB&amp;url=https%3A%2F%2Fwww.bergundsteigen.at%2Ffile.php%2Farchiv%2F2014%2F1%2F80-85%2520%2528karabiner%2520mit%2520verschlusssicherung%2529.pdf&amp;usg=AOvVaw1klAqkU7ueCC6Usi_CzvDO\">Karabiner mit Verschlussicherung<\/a><\/p>\n","protected":false},"excerpt":{"rendered":"<ul>\n<li>f\u00fcr bolting.eu produziert von: <a href=\"https:\/\/bolting.eu\/produkt-kategorie\/stubai-bergsport\/\">Stubai Bergsport<\/a><\/li>\n<li>Normen: EN 12275 und EN 362 bzw. UIAA 121<\/li>\n<li>Material: Aluminium<\/li>\n<li>Bruchlasten: 25kN l\u00e4ngs &#8211; 8kN quer &#8211; 7 kN offen<\/li>\n<li>hochwertiges Messing Gewinde<\/li>\n<li>Schnapper\u00f6ffnung: 23mm<\/li>\n<li>verf\u00fcgbare Farben: rot, blau und gr\u00fcn<\/li>\n<li>Gewicht: 98 Gramm<\/li>\n<li>kann alleine als Sicherungsger\u00e4t \/ Abseilger\u00e4t mit HMS Knoten verwendet werden<\/li>\n<\/ul>\n","protected":false},"featured_media":3730,"comment_status":"open","ping_status":"closed","template":"","meta":[],"product_brand":[],"product_cat":[4670],"product_tag":[262,264,2188,265,2189,504,2228],"class_list":{"0":"post-3710","1":"product","2":"type-product","3":"status-publish","4":"has-post-thumbnail","6":"product_cat-eigenmarke","7":"product_tag-alpinklettern","8":"product_tag-sportklettern","9":"product_tag-hoehlenrettung","10":"product_tag-big-wall-klettern","11":"product_tag-speleologie","12":"product_tag-hoehlenforschung","13":"product_tag-hoehenarbeiten","15":"first","16":"outofstock","17":"sale","18":"taxable","19":"shipping-taxable","20":"purchasable","21":"product-type-variable"},"yoast_head":"<!-- This site is optimized with the Yoast SEO Premium plugin v26.9 (Yoast SEO v26.9) - https:\/\/yoast.com\/product\/yoast-seo-premium-wordpress\/ -->\n<title>Gro\u00dfer HMS Schraubkarabiner: tollen Allroundkarabiner kaufen | bolting.eu<\/title>\n<meta name=\"description\" content=\"GROSSER HMS SCHRAUBKARABINER gesucht! Dann bist du hier richtig! Unser meistverkaufte HMS Allrounder ist ein echter Allesk\u00f6nner. Made in \ud83c\udde6\ud83c\uddf9 Austria!\" \/>\n<meta name=\"robots\" content=\"index, follow, max-snippet:-1, max-image-preview:large, max-video-preview:-1\" \/>\n<link rel=\"canonical\" href=\"https:\/\/bolting.eu\/en\/shop\/grosser-hms-schraubkarabiner-bolting-eu\/\" \/>\n<meta property=\"og:locale\" content=\"en_US\" \/>\n<meta property=\"og:type\" content=\"article\" \/>\n<meta property=\"og:title\" content=\"Gro\u00dfer HMS Schraubkarabiner bolting.eu\" \/>\n<meta property=\"og:description\" content=\"GROSSER HMS SCHRAUBKARABINER gesucht! Dann bist du hier richtig! Unser meistverkaufte HMS Allrounder ist ein echter Allesk\u00f6nner. Made in \ud83c\udde6\ud83c\uddf9 Austria!\" \/>\n<meta property=\"og:url\" content=\"https:\/\/bolting.eu\/en\/shop\/grosser-hms-schraubkarabiner-bolting-eu\/\" \/>\n<meta property=\"og:site_name\" content=\"bolting.eu\" \/>\n<meta property=\"article:publisher\" content=\"https:\/\/www.facebook.com\/bolting.eu\" \/>\n<meta property=\"article:modified_time\" content=\"2023-09-14T13:02:45+00:00\" \/>\n<meta property=\"og:image\" content=\"https:\/\/bolting.eu\/wp-content\/uploads\/2020\/05\/Gro\u00dfer-HMS-Schraubkarabiner-gruen.jpg\" \/>\n\t<meta property=\"og:image:width\" content=\"700\" \/>\n\t<meta property=\"og:image:height\" content=\"700\" \/>\n\t<meta property=\"og:image:type\" content=\"image\/jpeg\" \/>\n<meta name=\"twitter:card\" content=\"summary_large_image\" \/>\n<meta name=\"twitter:label1\" content=\"Availability\" \/>\n\t<meta name=\"twitter:data1\" content=\"Out of stock\" \/>\n<script type=\"application\/ld+json\" class=\"yoast-schema-graph\">{\"@context\":\"https:\/\/schema.org\",\"@graph\":[{\"@type\":[\"WebPage\",\"ItemPage\"],\"@id\":\"https:\/\/bolting.eu\/en\/shop\/grosser-hms-schraubkarabiner-bolting-eu\/\",\"url\":\"https:\/\/bolting.eu\/en\/shop\/grosser-hms-schraubkarabiner-bolting-eu\/\",\"name\":\"Gro\u00dfer HMS Schraubkarabiner: tollen Allroundkarabiner kaufen | bolting.eu\",\"isPartOf\":{\"@id\":\"https:\/\/bolting.eu\/en\/#website\"},\"primaryImageOfPage\":{\"@id\":\"https:\/\/bolting.eu\/en\/shop\/grosser-hms-schraubkarabiner-bolting-eu\/#primaryimage\"},\"image\":{\"@id\":\"https:\/\/bolting.eu\/en\/shop\/grosser-hms-schraubkarabiner-bolting-eu\/#primaryimage\"},\"thumbnailUrl\":\"https:\/\/bolting.eu\/wp-content\/uploads\/2020\/05\/Gro\u00dfer-HMS-Schraubkarabiner-gruen.jpg\",\"datePublished\":\"2020-05-29T16:53:57+00:00\",\"dateModified\":\"2023-09-14T13:02:45+00:00\",\"description\":\"GROSSER HMS SCHRAUBKARABINER gesucht! Dann bist du hier richtig! Unser meistverkaufte HMS Allrounder ist ein echter Allesk\u00f6nner. Made in \ud83c\udde6\ud83c\uddf9 Austria!\",\"breadcrumb\":{\"@id\":\"https:\/\/bolting.eu\/en\/shop\/grosser-hms-schraubkarabiner-bolting-eu\/#breadcrumb\"},\"inLanguage\":\"en-US\",\"potentialAction\":[{\"@type\":\"ReadAction\",\"target\":[\"https:\/\/bolting.eu\/en\/shop\/grosser-hms-schraubkarabiner-bolting-eu\/\"]}]},{\"@type\":\"ImageObject\",\"inLanguage\":\"en-US\",\"@id\":\"https:\/\/bolting.eu\/en\/shop\/grosser-hms-schraubkarabiner-bolting-eu\/#primaryimage\",\"url\":\"https:\/\/bolting.eu\/wp-content\/uploads\/2020\/05\/Gro\u00dfer-HMS-Schraubkarabiner-gruen.jpg\",\"contentUrl\":\"https:\/\/bolting.eu\/wp-content\/uploads\/2020\/05\/Gro\u00dfer-HMS-Schraubkarabiner-gruen.jpg\",\"width\":700,\"height\":700,\"caption\":\"Im Bild wird ein gro\u00dfer HMS Schraubkarabiner in gr\u00fcn gezeigt. Der gro\u00dfe Schraubkarabiner steht aufrecht in Bildmitte mit dem goldenen Gewinde nach rechts.\"},{\"@type\":\"BreadcrumbList\",\"@id\":\"https:\/\/bolting.eu\/en\/shop\/grosser-hms-schraubkarabiner-bolting-eu\/#breadcrumb\",\"itemListElement\":[{\"@type\":\"ListItem\",\"position\":1,\"name\":\"Shop\",\"item\":\"https:\/\/bolting.eu\/en\/shop\/\"},{\"@type\":\"ListItem\",\"position\":2,\"name\":\"Own brand\",\"item\":\"https:\/\/bolting.eu\/en\/produkt-kategorie\/own-brand\/\"},{\"@type\":\"ListItem\",\"position\":3,\"name\":\"Gro\u00dfer HMS Schraubkarabiner bolting.eu\"}]},{\"@type\":\"WebSite\",\"@id\":\"https:\/\/bolting.eu\/en\/#website\",\"url\":\"https:\/\/bolting.eu\/en\/\",\"name\":\"bolting.eu\",\"description\":\"we make climbs happen\",\"publisher\":{\"@id\":\"https:\/\/bolting.eu\/en\/#organization\"},\"potentialAction\":[{\"@type\":\"SearchAction\",\"target\":{\"@type\":\"EntryPoint\",\"urlTemplate\":\"https:\/\/bolting.eu\/en\/?s={search_term_string}\"},\"query-input\":{\"@type\":\"PropertyValueSpecification\",\"valueRequired\":true,\"valueName\":\"search_term_string\"}}],\"inLanguage\":\"en-US\"},{\"@type\":[\"Organization\",\"Place\",\"SportingGoodsStore\"],\"@id\":\"https:\/\/bolting.eu\/en\/#organization\",\"name\":\"bolting.eu\",\"url\":\"https:\/\/bolting.eu\/en\/\",\"logo\":{\"@id\":\"https:\/\/bolting.eu\/en\/shop\/grosser-hms-schraubkarabiner-bolting-eu\/#local-main-organization-logo\"},\"image\":{\"@id\":\"https:\/\/bolting.eu\/en\/shop\/grosser-hms-schraubkarabiner-bolting-eu\/#local-main-organization-logo\"},\"sameAs\":[\"https:\/\/www.facebook.com\/bolting.eu\",\"https:\/\/www.instagram.com\/bolting.eu\/\"],\"address\":{\"@id\":\"https:\/\/bolting.eu\/en\/shop\/grosser-hms-schraubkarabiner-bolting-eu\/#local-main-place-address\"},\"geo\":{\"@type\":\"GeoCoordinates\",\"latitude\":\"47.264176340396226\",\"longitude\":\"11.380109057672346\"},\"telephone\":[\"+43 699 19083372\"],\"openingHoursSpecification\":[{\"@type\":\"OpeningHoursSpecification\",\"dayOfWeek\":[\"Monday\",\"Wednesday\",\"Friday\"],\"opens\":\"14:00\",\"closes\":\"18:00\"},{\"@type\":\"OpeningHoursSpecification\",\"dayOfWeek\":[\"Tuesday\",\"Thursday\",\"Saturday\",\"Sunday\"],\"opens\":\"00:00\",\"closes\":\"00:00\"}],\"email\":\"office@bolting.eu\",\"vatID\":\"ATU59999728\",\"priceRange\":\"$$\",\"currenciesAccepted\":\"Euro\"},{\"@type\":\"PostalAddress\",\"@id\":\"https:\/\/bolting.eu\/en\/shop\/grosser-hms-schraubkarabiner-bolting-eu\/#local-main-place-address\",\"streetAddress\":\"Fischnalerstra\u00dfe 4\",\"addressLocality\":\"Innsbruck\",\"postalCode\":\"6020\",\"addressRegion\":\"Tirol\",\"addressCountry\":\"AT\"},{\"@type\":\"ImageObject\",\"inLanguage\":\"en-US\",\"@id\":\"https:\/\/bolting.eu\/en\/shop\/grosser-hms-schraubkarabiner-bolting-eu\/#local-main-organization-logo\",\"url\":\"https:\/\/bolting.eu\/wp-content\/uploads\/2019\/09\/bolting-logo.png\",\"contentUrl\":\"https:\/\/bolting.eu\/wp-content\/uploads\/2019\/09\/bolting-logo.png\",\"width\":400,\"height\":211,\"caption\":\"bolting.eu\"}]}<\/script>\n<meta property=\"og:availability\" content=\"out of stock\" \/>\n<meta property=\"product:availability\" content=\"out of stock\" \/>\n<meta property=\"product:condition\" content=\"new\" \/>\n<meta name=\"geo.placename\" content=\"Innsbruck\" \/>\n<meta name=\"geo.position\" content=\"47.264176340396226;11.380109057672346\" \/>\n<meta name=\"geo.region\" content=\"Austria\" \/>\n<!-- \/ Yoast SEO Premium plugin. -->","yoast_head_json":{"title":"Gro\u00dfer HMS Schraubkarabiner: tollen Allroundkarabiner kaufen | bolting.eu","description":"GROSSER HMS SCHRAUBKARABINER gesucht! Dann bist du hier richtig! Unser meistverkaufte HMS Allrounder ist ein echter Allesk\u00f6nner. Made in \ud83c\udde6\ud83c\uddf9 Austria!","robots":{"index":"index","follow":"follow","max-snippet":"max-snippet:-1","max-image-preview":"max-image-preview:large","max-video-preview":"max-video-preview:-1"},"canonical":"https:\/\/bolting.eu\/en\/shop\/grosser-hms-schraubkarabiner-bolting-eu\/","og_locale":"en_US","og_type":"article","og_title":"Gro\u00dfer HMS Schraubkarabiner bolting.eu","og_description":"GROSSER HMS SCHRAUBKARABINER gesucht! Dann bist du hier richtig! Unser meistverkaufte HMS Allrounder ist ein echter Allesk\u00f6nner. Made in \ud83c\udde6\ud83c\uddf9 Austria!","og_url":"https:\/\/bolting.eu\/en\/shop\/grosser-hms-schraubkarabiner-bolting-eu\/","og_site_name":"bolting.eu","article_publisher":"https:\/\/www.facebook.com\/bolting.eu","article_modified_time":"2023-09-14T13:02:45+00:00","og_image":[{"width":700,"height":700,"url":"https:\/\/bolting.eu\/wp-content\/uploads\/2020\/05\/Gro\u00dfer-HMS-Schraubkarabiner-gruen.jpg","type":"image\/jpeg"}],"twitter_card":"summary_large_image","twitter_misc":{"Availability":"Out of stock"},"schema":{"@context":"https:\/\/schema.org","@graph":[{"@type":["WebPage","ItemPage"],"@id":"https:\/\/bolting.eu\/en\/shop\/grosser-hms-schraubkarabiner-bolting-eu\/","url":"https:\/\/bolting.eu\/en\/shop\/grosser-hms-schraubkarabiner-bolting-eu\/","name":"Gro\u00dfer HMS Schraubkarabiner: tollen Allroundkarabiner kaufen | bolting.eu","isPartOf":{"@id":"https:\/\/bolting.eu\/en\/#website"},"primaryImageOfPage":{"@id":"https:\/\/bolting.eu\/en\/shop\/grosser-hms-schraubkarabiner-bolting-eu\/#primaryimage"},"image":{"@id":"https:\/\/bolting.eu\/en\/shop\/grosser-hms-schraubkarabiner-bolting-eu\/#primaryimage"},"thumbnailUrl":"https:\/\/bolting.eu\/wp-content\/uploads\/2020\/05\/Gro\u00dfer-HMS-Schraubkarabiner-gruen.jpg","datePublished":"2020-05-29T16:53:57+00:00","dateModified":"2023-09-14T13:02:45+00:00","description":"GROSSER HMS SCHRAUBKARABINER gesucht! Dann bist du hier richtig! Unser meistverkaufte HMS Allrounder ist ein echter Allesk\u00f6nner. Made in \ud83c\udde6\ud83c\uddf9 Austria!","breadcrumb":{"@id":"https:\/\/bolting.eu\/en\/shop\/grosser-hms-schraubkarabiner-bolting-eu\/#breadcrumb"},"inLanguage":"en-US","potentialAction":[{"@type":"ReadAction","target":["https:\/\/bolting.eu\/en\/shop\/grosser-hms-schraubkarabiner-bolting-eu\/"]}]},{"@type":"ImageObject","inLanguage":"en-US","@id":"https:\/\/bolting.eu\/en\/shop\/grosser-hms-schraubkarabiner-bolting-eu\/#primaryimage","url":"https:\/\/bolting.eu\/wp-content\/uploads\/2020\/05\/Gro\u00dfer-HMS-Schraubkarabiner-gruen.jpg","contentUrl":"https:\/\/bolting.eu\/wp-content\/uploads\/2020\/05\/Gro\u00dfer-HMS-Schraubkarabiner-gruen.jpg","width":700,"height":700,"caption":"Im Bild wird ein gro\u00dfer HMS Schraubkarabiner in gr\u00fcn gezeigt. Der gro\u00dfe Schraubkarabiner steht aufrecht in Bildmitte mit dem goldenen Gewinde nach rechts."},{"@type":"BreadcrumbList","@id":"https:\/\/bolting.eu\/en\/shop\/grosser-hms-schraubkarabiner-bolting-eu\/#breadcrumb","itemListElement":[{"@type":"ListItem","position":1,"name":"Shop","item":"https:\/\/bolting.eu\/en\/shop\/"},{"@type":"ListItem","position":2,"name":"Own brand","item":"https:\/\/bolting.eu\/en\/produkt-kategorie\/own-brand\/"},{"@type":"ListItem","position":3,"name":"Gro\u00dfer HMS Schraubkarabiner bolting.eu"}]},{"@type":"WebSite","@id":"https:\/\/bolting.eu\/en\/#website","url":"https:\/\/bolting.eu\/en\/","name":"bolting.eu","description":"we make climbs happen","publisher":{"@id":"https:\/\/bolting.eu\/en\/#organization"},"potentialAction":[{"@type":"SearchAction","target":{"@type":"EntryPoint","urlTemplate":"https:\/\/bolting.eu\/en\/?s={search_term_string}"},"query-input":{"@type":"PropertyValueSpecification","valueRequired":true,"valueName":"search_term_string"}}],"inLanguage":"en-US"},{"@type":["Organization","Place","SportingGoodsStore"],"@id":"https:\/\/bolting.eu\/en\/#organization","name":"bolting.eu","url":"https:\/\/bolting.eu\/en\/","logo":{"@id":"https:\/\/bolting.eu\/en\/shop\/grosser-hms-schraubkarabiner-bolting-eu\/#local-main-organization-logo"},"image":{"@id":"https:\/\/bolting.eu\/en\/shop\/grosser-hms-schraubkarabiner-bolting-eu\/#local-main-organization-logo"},"sameAs":["https:\/\/www.facebook.com\/bolting.eu","https:\/\/www.instagram.com\/bolting.eu\/"],"address":{"@id":"https:\/\/bolting.eu\/en\/shop\/grosser-hms-schraubkarabiner-bolting-eu\/#local-main-place-address"},"geo":{"@type":"GeoCoordinates","latitude":"47.264176340396226","longitude":"11.380109057672346"},"telephone":["+43 699 19083372"],"openingHoursSpecification":[{"@type":"OpeningHoursSpecification","dayOfWeek":["Monday","Wednesday","Friday"],"opens":"14:00","closes":"18:00"},{"@type":"OpeningHoursSpecification","dayOfWeek":["Tuesday","Thursday","Saturday","Sunday"],"opens":"00:00","closes":"00:00"}],"email":"office@bolting.eu","vatID":"ATU59999728","priceRange":"$$","currenciesAccepted":"Euro"},{"@type":"PostalAddress","@id":"https:\/\/bolting.eu\/en\/shop\/grosser-hms-schraubkarabiner-bolting-eu\/#local-main-place-address","streetAddress":"Fischnalerstra\u00dfe 4","addressLocality":"Innsbruck","postalCode":"6020","addressRegion":"Tirol","addressCountry":"AT"},{"@type":"ImageObject","inLanguage":"en-US","@id":"https:\/\/bolting.eu\/en\/shop\/grosser-hms-schraubkarabiner-bolting-eu\/#local-main-organization-logo","url":"https:\/\/bolting.eu\/wp-content\/uploads\/2019\/09\/bolting-logo.png","contentUrl":"https:\/\/bolting.eu\/wp-content\/uploads\/2019\/09\/bolting-logo.png","width":400,"height":211,"caption":"bolting.eu"}]},"og_availability":"out of stock","product_availability":"out of stock","product_condition":"new","geo.placename":"Innsbruck","geo.position":{"lat":"47.264176340396226","long":"11.380109057672346"},"geo.region":"Austria"},"_links":{"self":[{"href":"https:\/\/bolting.eu\/en\/wp-json\/wp\/v2\/product\/3710","targetHints":{"allow":["GET"]}}],"collection":[{"href":"https:\/\/bolting.eu\/en\/wp-json\/wp\/v2\/product"}],"about":[{"href":"https:\/\/bolting.eu\/en\/wp-json\/wp\/v2\/types\/product"}],"replies":[{"embeddable":true,"href":"https:\/\/bolting.eu\/en\/wp-json\/wp\/v2\/comments?post=3710"}],"wp:featuredmedia":[{"embeddable":true,"href":"https:\/\/bolting.eu\/en\/wp-json\/wp\/v2\/media\/3730"}],"wp:attachment":[{"href":"https:\/\/bolting.eu\/en\/wp-json\/wp\/v2\/media?parent=3710"}],"wp:term":[{"taxonomy":"product_brand","embeddable":true,"href":"https:\/\/bolting.eu\/en\/wp-json\/wp\/v2\/product_brand?post=3710"},{"taxonomy":"product_cat","embeddable":true,"href":"https:\/\/bolting.eu\/en\/wp-json\/wp\/v2\/product_cat?post=3710"},{"taxonomy":"product_tag","embeddable":true,"href":"https:\/\/bolting.eu\/en\/wp-json\/wp\/v2\/product_tag?post=3710"}],"curies":[{"name":"wp","href":"https:\/\/api.w.org\/{rel}","templated":true}]}}