{"id":3703,"date":"2020-05-29T13:32:14","date_gmt":"2020-05-29T11:32:14","guid":{"rendered":"https:\/\/bolting.eu\/?post_type=product&#038;p=3703"},"modified":"2023-05-26T13:46:34","modified_gmt":"2023-05-26T11:46:34","slug":"erste-hilfe-set-outdoor","status":"publish","type":"product","link":"https:\/\/bolting.eu\/en\/shop\/erste-hilfe-set-outdoor\/","title":{"rendered":"Erste Hilfe Set Outdoor"},"content":{"rendered":"<p>Unser Erste Hilfe Set Outdoor kommt Stubai Bergsport. Der Tiroler Alpinspezialist hat ein tolles Paket zusammengestellt. Damit kann man perfekt Erste Hilfe im Freien Leisten. Erstens beim Wandern. Zweitens beim Klettern. Drittens beim Bergsteigen sowie auf Hochtouren. Und abschlie\u00dfend beim Biken.<\/p>\n<p>Damit solltet ihr f\u00fcr den Ernstfall zumindest minimal ger\u00fcstet sein. Gemeinsam mit dem richtigen Verhalten der Erstretter kann dieses 1. Hilfe set in ernsten Situation ganz entscheidet sein. Also immer mit einpacken!<\/p>\n<h2>Eigenschaften Erste Hilfe Set Outdoor<\/h2>\n<ul>\n<li>Hersteller: Stubai Bergsport<\/li>\n<li>vielseitiges Set f\u00fcr den Outdoor Bereich<\/li>\n<li>im praktischen und robusten Kunststoff Bag<\/li>\n<li>Gewicht: 200 Gramm<\/li>\n<li>Gr\u00f6\u00dfe: ca. 25 x 15 x 5 cm<\/li>\n<li>Zentraler Zip zum leichten \u00d6ffnen<\/li>\n<li>geh\u00f6rt in jede <a href=\"https:\/\/bolting.eu\/produkt-kategorie\/kletterausruestung\/\">Kletterausr\u00fcstung<\/a><\/li>\n<\/ul>\n<h2>Packliste Erste Hilfe Set Outdoor<\/h2>\n<p>Dieses Set beinhaltet folgende Sachen:<\/p>\n<ul>\n<li>2 Paar Einwegandschuhe<\/li>\n<li>8 Alkohol Pads<\/li>\n<li>5 Wundnahtstreifen<\/li>\n<li>1 Dreieckstuch<\/li>\n<li>12 Wundauflagen (verschiedene Gr\u00f6\u00dfen)<\/li>\n<li>20 Pflaster<\/li>\n<li>6 Sicherheitsnadeln<\/li>\n<li>2 Mullbinden<\/li>\n<li>1 Rolle Tape<\/li>\n<li>1 Rettungsdecke<\/li>\n<\/ul>\n<h3>Praxis Tipp<\/h3>\n<p>Das Erste Hilfe Set Outdoor ist eine gute Sache. Eine Auffrischung der 1. Hilfe Kenntnisse auch. \u00dcberlegt Euch doch mal mit euren Kletter- und Wanderpartnern gemeinsam einen Kurs zu machen. Nur wer die Sachen auch richtig verwendet, hilft tats\u00e4chlich!<\/p>\n<p>Zudem gibt es ein paar einfache Tipps die man sich unbedingt merken sollte.<\/p>\n<ul>\n<li>macht Euch auf einer Karte mit den Namen und Gegebenheiten der Gegend vertraut<\/li>\n<li>\u00fcbt die Standortabfrage (GPS Koordinaten) auf Eurem Handy<\/li>\n<li>speichert Euch die Notrufnummern \/ Bergrettung Nummer des jeweiligen Landes ein<\/li>\n<li>lernt die Zeichen Yes und NO f\u00fcr die Kommunikation mit einem Hubschrauber<\/li>\n<li>Biwaksack wo sinnvoll nicht vergessen!<\/li>\n<li>packt gegebenfalls noch ein paar Schmerztabletten und Isolyt Pulver dazu<\/li>\n<li>ein paar St\u00fcck Traubenzucker f\u00fcr m\u00f6glichen Unterzucker auch<\/li>\n<\/ul>\n<p>&nbsp;<\/p>\n<p><strong style=\"color: #333333; font-size: 14.4px;\">Link Tipp<\/strong><\/p>\n<p>zum <a href=\"https:\/\/www.stubai-sports.com\">Hersteller<\/a><\/p>\n","protected":false},"excerpt":{"rendered":"<ul>\n<li>Hersteller: Stubai Bergsport<\/li>\n<li>vielseitiges Set f\u00fcr den Outdoor Bereich<\/li>\n<li>im praktischen und robusten Kunststoff Bag<\/li>\n<li>Gewicht: 200 Gramm<\/li>\n<li>Gr\u00f6\u00dfe: ca. 25 x 15 x 5 cm<\/li>\n<li>Zentraler Zip zum leichten \u00d6ffnen<\/li>\n<\/ul>\n","protected":false},"featured_media":3704,"comment_status":"open","ping_status":"closed","template":"","meta":[],"product_brand":[],"product_cat":[31,6357,6620,3828,29,5061,4650,11052],"product_tag":[],"class_list":{"0":"post-3703","1":"product","2":"type-product","3":"status-publish","4":"has-post-thumbnail","6":"product_cat-big-wall-ausruestung","7":"product_cat-boulder-zubehoer","8":"product_cat-hochtouren-ausruestung","9":"product_cat-hoehlenforscher-ausruestung","10":"product_cat-kletterausruestung","11":"product_cat-kletterzubehoer","12":"product_cat-stubai-bergsport","13":"product_cat-zubehoer-hochtouren","15":"first","16":"outofstock","17":"taxable","18":"shipping-taxable","19":"purchasable","20":"product-type-simple"},"yoast_head":"<!-- This site is optimized with the Yoast SEO Premium plugin v26.9 (Yoast SEO v26.9) - https:\/\/yoast.com\/product\/yoast-seo-premium-wordpress\/ -->\n<title>Erste Hilfe Set Outdoor zum Klettern, Bergsteigen, Wandern | bolting.eu<\/title>\n<meta name=\"description\" content=\"Hier findest Du das ERSTE HILFE SET OUTDOOR von Stubai Bergsport. Ein hochwertiges Set zum Klettern, Bergsteigen und Wandern vom Hersteller aus \ud83c\udde6\ud83c\uddf9 !\" \/>\n<meta name=\"robots\" content=\"index, follow, max-snippet:-1, max-image-preview:large, max-video-preview:-1\" \/>\n<link rel=\"canonical\" href=\"https:\/\/bolting.eu\/en\/shop\/erste-hilfe-set-outdoor\/\" \/>\n<meta property=\"og:locale\" content=\"en_US\" \/>\n<meta property=\"og:type\" content=\"article\" \/>\n<meta property=\"og:title\" content=\"Erste Hilfe Set Outdoor\" \/>\n<meta property=\"og:description\" content=\"Hier findest Du das ERSTE HILFE SET OUTDOOR von Stubai Bergsport. Ein hochwertiges Set zum Klettern, Bergsteigen und Wandern vom Hersteller aus \ud83c\udde6\ud83c\uddf9 !\" \/>\n<meta property=\"og:url\" content=\"https:\/\/bolting.eu\/en\/shop\/erste-hilfe-set-outdoor\/\" \/>\n<meta property=\"og:site_name\" content=\"bolting.eu\" \/>\n<meta property=\"article:publisher\" content=\"https:\/\/www.facebook.com\/bolting.eu\" \/>\n<meta property=\"article:modified_time\" content=\"2023-05-26T11:46:34+00:00\" \/>\n<meta property=\"og:image\" content=\"https:\/\/bolting.eu\/wp-content\/uploads\/2020\/05\/Erste-Hilfe-Set-Outdoor.jpg\" \/>\n\t<meta property=\"og:image:width\" content=\"700\" \/>\n\t<meta property=\"og:image:height\" content=\"700\" \/>\n\t<meta property=\"og:image:type\" content=\"image\/jpeg\" \/>\n<meta name=\"twitter:card\" content=\"summary_large_image\" \/>\n<meta name=\"twitter:label1\" content=\"Price\" \/>\n\t<meta name=\"twitter:data1\" content=\"&euro;&nbsp;19,90\" \/>\n\t<meta name=\"twitter:label2\" content=\"Availability\" \/>\n\t<meta name=\"twitter:data2\" content=\"Out of stock\" \/>\n<script type=\"application\/ld+json\" class=\"yoast-schema-graph\">{\"@context\":\"https:\/\/schema.org\",\"@graph\":[{\"@type\":[\"WebPage\",\"ItemPage\"],\"@id\":\"https:\/\/bolting.eu\/en\/shop\/erste-hilfe-set-outdoor\/\",\"url\":\"https:\/\/bolting.eu\/en\/shop\/erste-hilfe-set-outdoor\/\",\"name\":\"Erste Hilfe Set Outdoor zum Klettern, Bergsteigen, Wandern | bolting.eu\",\"isPartOf\":{\"@id\":\"https:\/\/bolting.eu\/en\/#website\"},\"primaryImageOfPage\":{\"@id\":\"https:\/\/bolting.eu\/en\/shop\/erste-hilfe-set-outdoor\/#primaryimage\"},\"image\":{\"@id\":\"https:\/\/bolting.eu\/en\/shop\/erste-hilfe-set-outdoor\/#primaryimage\"},\"thumbnailUrl\":\"https:\/\/bolting.eu\/wp-content\/uploads\/2020\/05\/Erste-Hilfe-Set-Outdoor.jpg\",\"datePublished\":\"2020-05-29T11:32:14+00:00\",\"dateModified\":\"2023-05-26T11:46:34+00:00\",\"description\":\"Hier findest Du das ERSTE HILFE SET OUTDOOR von Stubai Bergsport. Ein hochwertiges Set zum Klettern, Bergsteigen und Wandern vom Hersteller aus \ud83c\udde6\ud83c\uddf9 !\",\"breadcrumb\":{\"@id\":\"https:\/\/bolting.eu\/en\/shop\/erste-hilfe-set-outdoor\/#breadcrumb\"},\"inLanguage\":\"en-US\",\"potentialAction\":[{\"@type\":\"ReadAction\",\"target\":[\"https:\/\/bolting.eu\/en\/shop\/erste-hilfe-set-outdoor\/\"]}]},{\"@type\":\"ImageObject\",\"inLanguage\":\"en-US\",\"@id\":\"https:\/\/bolting.eu\/en\/shop\/erste-hilfe-set-outdoor\/#primaryimage\",\"url\":\"https:\/\/bolting.eu\/wp-content\/uploads\/2020\/05\/Erste-Hilfe-Set-Outdoor.jpg\",\"contentUrl\":\"https:\/\/bolting.eu\/wp-content\/uploads\/2020\/05\/Erste-Hilfe-Set-Outdoor.jpg\",\"width\":700,\"height\":700,\"caption\":\"Das Bild zeigt ein Erste Hilfe Set Outdoor. Der rote Kunststoff Bag mit dem Stubai Logo und einem wei\u00dfem Kreut ist in Bildmitte zu sehen. Im unteren Bereich steht \\\"First Aid Kit\\\".\"},{\"@type\":\"BreadcrumbList\",\"@id\":\"https:\/\/bolting.eu\/en\/shop\/erste-hilfe-set-outdoor\/#breadcrumb\",\"itemListElement\":[{\"@type\":\"ListItem\",\"position\":1,\"name\":\"Shop\",\"item\":\"https:\/\/bolting.eu\/en\/shop\/\"},{\"@type\":\"ListItem\",\"position\":2,\"name\":\"Stubai mountain sports\",\"item\":\"https:\/\/bolting.eu\/en\/produkt-kategorie\/stubai-mountain-sports\/\"},{\"@type\":\"ListItem\",\"position\":3,\"name\":\"Erste Hilfe Set Outdoor\"}]},{\"@type\":\"WebSite\",\"@id\":\"https:\/\/bolting.eu\/en\/#website\",\"url\":\"https:\/\/bolting.eu\/en\/\",\"name\":\"bolting.eu\",\"description\":\"we make climbs happen\",\"publisher\":{\"@id\":\"https:\/\/bolting.eu\/en\/#organization\"},\"potentialAction\":[{\"@type\":\"SearchAction\",\"target\":{\"@type\":\"EntryPoint\",\"urlTemplate\":\"https:\/\/bolting.eu\/en\/?s={search_term_string}\"},\"query-input\":{\"@type\":\"PropertyValueSpecification\",\"valueRequired\":true,\"valueName\":\"search_term_string\"}}],\"inLanguage\":\"en-US\"},{\"@type\":[\"Organization\",\"Place\",\"SportingGoodsStore\"],\"@id\":\"https:\/\/bolting.eu\/en\/#organization\",\"name\":\"bolting.eu\",\"url\":\"https:\/\/bolting.eu\/en\/\",\"logo\":{\"@id\":\"https:\/\/bolting.eu\/en\/shop\/erste-hilfe-set-outdoor\/#local-main-organization-logo\"},\"image\":{\"@id\":\"https:\/\/bolting.eu\/en\/shop\/erste-hilfe-set-outdoor\/#local-main-organization-logo\"},\"sameAs\":[\"https:\/\/www.facebook.com\/bolting.eu\",\"https:\/\/www.instagram.com\/bolting.eu\/\"],\"address\":{\"@id\":\"https:\/\/bolting.eu\/en\/shop\/erste-hilfe-set-outdoor\/#local-main-place-address\"},\"geo\":{\"@type\":\"GeoCoordinates\",\"latitude\":\"47.264176340396226\",\"longitude\":\"11.380109057672346\"},\"telephone\":[\"+43 699 19083372\"],\"openingHoursSpecification\":[{\"@type\":\"OpeningHoursSpecification\",\"dayOfWeek\":[\"Monday\",\"Wednesday\",\"Friday\"],\"opens\":\"14:00\",\"closes\":\"18:00\"},{\"@type\":\"OpeningHoursSpecification\",\"dayOfWeek\":[\"Tuesday\",\"Thursday\",\"Saturday\",\"Sunday\"],\"opens\":\"00:00\",\"closes\":\"00:00\"}],\"email\":\"office@bolting.eu\",\"vatID\":\"ATU59999728\",\"priceRange\":\"$$\",\"currenciesAccepted\":\"Euro\"},{\"@type\":\"PostalAddress\",\"@id\":\"https:\/\/bolting.eu\/en\/shop\/erste-hilfe-set-outdoor\/#local-main-place-address\",\"streetAddress\":\"Fischnalerstra\u00dfe 4\",\"addressLocality\":\"Innsbruck\",\"postalCode\":\"6020\",\"addressRegion\":\"Tirol\",\"addressCountry\":\"AT\"},{\"@type\":\"ImageObject\",\"inLanguage\":\"en-US\",\"@id\":\"https:\/\/bolting.eu\/en\/shop\/erste-hilfe-set-outdoor\/#local-main-organization-logo\",\"url\":\"https:\/\/bolting.eu\/wp-content\/uploads\/2019\/09\/bolting-logo.png\",\"contentUrl\":\"https:\/\/bolting.eu\/wp-content\/uploads\/2019\/09\/bolting-logo.png\",\"width\":400,\"height\":211,\"caption\":\"bolting.eu\"}]}<\/script>\n<meta property=\"product:price:amount\" content=\"19.90\" \/>\n<meta property=\"product:price:currency\" content=\"EUR\" \/>\n<meta property=\"og:availability\" content=\"out of stock\" \/>\n<meta property=\"product:availability\" content=\"out of stock\" \/>\n<meta property=\"product:retailer_item_id\" content=\"950754\" \/>\n<meta property=\"product:condition\" content=\"new\" \/>\n<meta name=\"geo.placename\" content=\"Innsbruck\" \/>\n<meta name=\"geo.position\" content=\"47.264176340396226;11.380109057672346\" \/>\n<meta name=\"geo.region\" content=\"Austria\" \/>\n<!-- \/ Yoast SEO Premium plugin. -->","yoast_head_json":{"title":"Erste Hilfe Set Outdoor zum Klettern, Bergsteigen, Wandern | bolting.eu","description":"Hier findest Du das ERSTE HILFE SET OUTDOOR von Stubai Bergsport. Ein hochwertiges Set zum Klettern, Bergsteigen und Wandern vom Hersteller aus \ud83c\udde6\ud83c\uddf9 !","robots":{"index":"index","follow":"follow","max-snippet":"max-snippet:-1","max-image-preview":"max-image-preview:large","max-video-preview":"max-video-preview:-1"},"canonical":"https:\/\/bolting.eu\/en\/shop\/erste-hilfe-set-outdoor\/","og_locale":"en_US","og_type":"article","og_title":"Erste Hilfe Set Outdoor","og_description":"Hier findest Du das ERSTE HILFE SET OUTDOOR von Stubai Bergsport. Ein hochwertiges Set zum Klettern, Bergsteigen und Wandern vom Hersteller aus \ud83c\udde6\ud83c\uddf9 !","og_url":"https:\/\/bolting.eu\/en\/shop\/erste-hilfe-set-outdoor\/","og_site_name":"bolting.eu","article_publisher":"https:\/\/www.facebook.com\/bolting.eu","article_modified_time":"2023-05-26T11:46:34+00:00","og_image":[{"width":700,"height":700,"url":"https:\/\/bolting.eu\/wp-content\/uploads\/2020\/05\/Erste-Hilfe-Set-Outdoor.jpg","type":"image\/jpeg"}],"twitter_card":"summary_large_image","twitter_misc":{"Price":"&euro;&nbsp;19,90","Availability":"Out of stock"},"schema":{"@context":"https:\/\/schema.org","@graph":[{"@type":["WebPage","ItemPage"],"@id":"https:\/\/bolting.eu\/en\/shop\/erste-hilfe-set-outdoor\/","url":"https:\/\/bolting.eu\/en\/shop\/erste-hilfe-set-outdoor\/","name":"Erste Hilfe Set Outdoor zum Klettern, Bergsteigen, Wandern | bolting.eu","isPartOf":{"@id":"https:\/\/bolting.eu\/en\/#website"},"primaryImageOfPage":{"@id":"https:\/\/bolting.eu\/en\/shop\/erste-hilfe-set-outdoor\/#primaryimage"},"image":{"@id":"https:\/\/bolting.eu\/en\/shop\/erste-hilfe-set-outdoor\/#primaryimage"},"thumbnailUrl":"https:\/\/bolting.eu\/wp-content\/uploads\/2020\/05\/Erste-Hilfe-Set-Outdoor.jpg","datePublished":"2020-05-29T11:32:14+00:00","dateModified":"2023-05-26T11:46:34+00:00","description":"Hier findest Du das ERSTE HILFE SET OUTDOOR von Stubai Bergsport. Ein hochwertiges Set zum Klettern, Bergsteigen und Wandern vom Hersteller aus \ud83c\udde6\ud83c\uddf9 !","breadcrumb":{"@id":"https:\/\/bolting.eu\/en\/shop\/erste-hilfe-set-outdoor\/#breadcrumb"},"inLanguage":"en-US","potentialAction":[{"@type":"ReadAction","target":["https:\/\/bolting.eu\/en\/shop\/erste-hilfe-set-outdoor\/"]}]},{"@type":"ImageObject","inLanguage":"en-US","@id":"https:\/\/bolting.eu\/en\/shop\/erste-hilfe-set-outdoor\/#primaryimage","url":"https:\/\/bolting.eu\/wp-content\/uploads\/2020\/05\/Erste-Hilfe-Set-Outdoor.jpg","contentUrl":"https:\/\/bolting.eu\/wp-content\/uploads\/2020\/05\/Erste-Hilfe-Set-Outdoor.jpg","width":700,"height":700,"caption":"Das Bild zeigt ein Erste Hilfe Set Outdoor. Der rote Kunststoff Bag mit dem Stubai Logo und einem wei\u00dfem Kreut ist in Bildmitte zu sehen. Im unteren Bereich steht \"First Aid Kit\"."},{"@type":"BreadcrumbList","@id":"https:\/\/bolting.eu\/en\/shop\/erste-hilfe-set-outdoor\/#breadcrumb","itemListElement":[{"@type":"ListItem","position":1,"name":"Shop","item":"https:\/\/bolting.eu\/en\/shop\/"},{"@type":"ListItem","position":2,"name":"Stubai mountain sports","item":"https:\/\/bolting.eu\/en\/produkt-kategorie\/stubai-mountain-sports\/"},{"@type":"ListItem","position":3,"name":"Erste Hilfe Set Outdoor"}]},{"@type":"WebSite","@id":"https:\/\/bolting.eu\/en\/#website","url":"https:\/\/bolting.eu\/en\/","name":"bolting.eu","description":"we make climbs happen","publisher":{"@id":"https:\/\/bolting.eu\/en\/#organization"},"potentialAction":[{"@type":"SearchAction","target":{"@type":"EntryPoint","urlTemplate":"https:\/\/bolting.eu\/en\/?s={search_term_string}"},"query-input":{"@type":"PropertyValueSpecification","valueRequired":true,"valueName":"search_term_string"}}],"inLanguage":"en-US"},{"@type":["Organization","Place","SportingGoodsStore"],"@id":"https:\/\/bolting.eu\/en\/#organization","name":"bolting.eu","url":"https:\/\/bolting.eu\/en\/","logo":{"@id":"https:\/\/bolting.eu\/en\/shop\/erste-hilfe-set-outdoor\/#local-main-organization-logo"},"image":{"@id":"https:\/\/bolting.eu\/en\/shop\/erste-hilfe-set-outdoor\/#local-main-organization-logo"},"sameAs":["https:\/\/www.facebook.com\/bolting.eu","https:\/\/www.instagram.com\/bolting.eu\/"],"address":{"@id":"https:\/\/bolting.eu\/en\/shop\/erste-hilfe-set-outdoor\/#local-main-place-address"},"geo":{"@type":"GeoCoordinates","latitude":"47.264176340396226","longitude":"11.380109057672346"},"telephone":["+43 699 19083372"],"openingHoursSpecification":[{"@type":"OpeningHoursSpecification","dayOfWeek":["Monday","Wednesday","Friday"],"opens":"14:00","closes":"18:00"},{"@type":"OpeningHoursSpecification","dayOfWeek":["Tuesday","Thursday","Saturday","Sunday"],"opens":"00:00","closes":"00:00"}],"email":"office@bolting.eu","vatID":"ATU59999728","priceRange":"$$","currenciesAccepted":"Euro"},{"@type":"PostalAddress","@id":"https:\/\/bolting.eu\/en\/shop\/erste-hilfe-set-outdoor\/#local-main-place-address","streetAddress":"Fischnalerstra\u00dfe 4","addressLocality":"Innsbruck","postalCode":"6020","addressRegion":"Tirol","addressCountry":"AT"},{"@type":"ImageObject","inLanguage":"en-US","@id":"https:\/\/bolting.eu\/en\/shop\/erste-hilfe-set-outdoor\/#local-main-organization-logo","url":"https:\/\/bolting.eu\/wp-content\/uploads\/2019\/09\/bolting-logo.png","contentUrl":"https:\/\/bolting.eu\/wp-content\/uploads\/2019\/09\/bolting-logo.png","width":400,"height":211,"caption":"bolting.eu"}]},"product_price_amount":"19.90","product_price_currency":"EUR","og_availability":"out of stock","product_availability":"out of stock","product_retailer_item_id":"950754","product_condition":"new","geo.placename":"Innsbruck","geo.position":{"lat":"47.264176340396226","long":"11.380109057672346"},"geo.region":"Austria"},"_links":{"self":[{"href":"https:\/\/bolting.eu\/en\/wp-json\/wp\/v2\/product\/3703","targetHints":{"allow":["GET"]}}],"collection":[{"href":"https:\/\/bolting.eu\/en\/wp-json\/wp\/v2\/product"}],"about":[{"href":"https:\/\/bolting.eu\/en\/wp-json\/wp\/v2\/types\/product"}],"replies":[{"embeddable":true,"href":"https:\/\/bolting.eu\/en\/wp-json\/wp\/v2\/comments?post=3703"}],"wp:featuredmedia":[{"embeddable":true,"href":"https:\/\/bolting.eu\/en\/wp-json\/wp\/v2\/media\/3704"}],"wp:attachment":[{"href":"https:\/\/bolting.eu\/en\/wp-json\/wp\/v2\/media?parent=3703"}],"wp:term":[{"taxonomy":"product_brand","embeddable":true,"href":"https:\/\/bolting.eu\/en\/wp-json\/wp\/v2\/product_brand?post=3703"},{"taxonomy":"product_cat","embeddable":true,"href":"https:\/\/bolting.eu\/en\/wp-json\/wp\/v2\/product_cat?post=3703"},{"taxonomy":"product_tag","embeddable":true,"href":"https:\/\/bolting.eu\/en\/wp-json\/wp\/v2\/product_tag?post=3703"}],"curies":[{"name":"wp","href":"https:\/\/api.w.org\/{rel}","templated":true}]}}