{"id":3700,"date":"2020-05-29T12:54:09","date_gmt":"2020-05-29T10:54:09","guid":{"rendered":"https:\/\/bolting.eu\/?post_type=product&#038;p=3700"},"modified":"2024-01-27T11:15:12","modified_gmt":"2024-01-27T10:15:12","slug":"stubai-steigeisentasche","status":"publish","type":"product","link":"https:\/\/bolting.eu\/en\/shop\/stubai-steigeisentasche\/","title":{"rendered":"Stubai Steigeisentasche"},"content":{"rendered":"<p>Die Stubai Steigeisentasche ist ein praktisches Zubeh\u00f6r. Denn darin kann man alle g\u00e4ngigen Stubai Steigeisen Modelle sicher verstauen. Es geh\u00f6rt in jede <a href=\"https:\/\/bolting.eu\/produkt-kategorie\/eis-und-hochtouren\/\">Eis- und Hochtouren Ausr\u00fcstung<\/a>. Dar\u00fcber hinaus ist diese Tasche aber auch eine klasse Bergsport Materialtasche. Denn darin lassen sich viele weitere Ausr\u00fcstungsgegenst\u00e4nde perfekt einpacken. Beispielsweise eine Spaltenbergung Ausr\u00fcstung oder das Essen f\u00fcr das Biwak.<\/p>\n<h2>Ger\u00e4umige Stubai Steigeisentasche<\/h2>\n<p>Diese Bergsport Materialtasche ist sehr ger\u00e4umig. Das Volumen betr\u00e4gt ca. 3 Liter. D.h. hier ist richtig viel Platz. Zum einen f\u00fcr ein paar Steigeisen. Zum anderen aber auch f\u00fcr Eisschrauben, Ersatzhauen sowie eben den Proviant.<\/p>\n<p>Das widerstandsf\u00e4hige Ripstop Material h\u00e4lt zudem jede Menge aus. Genauso wie der robuste Rei\u00dfverschluss. Somit ist die Funktionalit\u00e4t der Steigeisentasche lange gew\u00e4hrleistet.<\/p>\n<h2>Eigenschaften Stubai Steigeisentasche<\/h2>\n<ul>\n<li>Hersteller: Stubai Bergsport<\/li>\n<li>Material: Nylon<\/li>\n<li>Volumen: ca. 3 Liter<\/li>\n<li>Gewicht: 50 Gramm<\/li>\n<li>robuster Rei\u00dfverschluss<\/li>\n<li>auch als Bergsport Materialtasche verwendbar<\/li>\n<li>ideal f\u00fcr Steigeisen<\/li>\n<\/ul>\n<h3>Ideal f\u00fcr Ausr\u00fcstung<\/h3>\n<p>Wir finden die Stubai Steigeisentasche auch als Bergsport Materialtasche super praktisch. Denn darin kann man vor allem Ausr\u00fcstung die zusammen geh\u00f6rt super verstauen. Das Paradebeispiel ist die Spaltenbergung Ausr\u00fcstung.<\/p>\n<p>Alles passt super in diese Tasche. <a href=\"https:\/\/bolting.eu\/produkt-kategorie\/reepschnur\/\">Reepschnur<\/a>, <a href=\"https:\/\/bolting.eu\/shop\/climbing-technology-rollnlock-seilklemme\/\">Seilklemme<\/a>, <a href=\"https:\/\/bolting.eu\/produkt-kategorie\/seilrollen\/\">Seilrolle<\/a>, Prusik bzw. Steigleiter, etc..<\/p>\n<p>So hat man alles beim Anziehen am Gletscherrand sofort zur Hand. W\u00e4hrend andere alles erst umst\u00e4ndlich aus dem Rucksack fischen m\u00fcssen.<\/p>\n<h3>Praxis Tipp<\/h3>\n<p>Bevor ihr eure Steigeisen zuhause einlagert. Lasst sie unbedingt ordentlich trocknen. Nasser Stahl rostet einfach viel schneller im Vergleich zu trockenem Metall. Deshalb einfach abwischen. Dann \u00fcber Nacht stehen lassen. Am Folgetag kann man dann die trockenen Steigeisen in die Stubai Steigeisentasche geben.<\/p>\n<p>So habt ihr lange eine gro\u00dfe Freude mit Eurer Ausr\u00fcstung.<\/p>\n<p>\u00dcbrigens. Des Selbe gilt nat\u00fcrlich auch f\u00fcr Aluminium Steigeisen. Auch wenn diese nicht so empfindlich sind wie Stahl. Eine trockene Lagerung verl\u00e4ngert die Lebensdauer. Zudem kann auf der Steigeisentasche kein Schimmel entstehen.<\/p>\n<h4><strong>Link Tipp<\/strong><\/h4>\n<p>Zum <a href=\"https:\/\/www.stubai-sports.com\/\" target=\"_blank\" rel=\"noopener noreferrer\">Hersteller<\/a><\/p>\n","protected":false},"excerpt":{"rendered":"<ul>\n<li>Hersteller: <a href=\"https:\/\/bolting.eu\/produkt-kategorie\/stubai-bergsport\/\">Stubai Bergsport<\/a><\/li>\n<li>Material: Nylon<\/li>\n<li>Volumen: ca. 3 Liter<\/li>\n<li>Gewicht: 50 Gramm<\/li>\n<li>robuster Rei\u00dfverschluss<\/li>\n<li>auch als Bergsport Materialtasche verwendbar<\/li>\n<li>ideal f\u00fcr Steigeisen<\/li>\n<\/ul>\n","protected":false},"featured_media":3701,"comment_status":"open","ping_status":"closed","template":"","meta":[],"product_brand":[],"product_cat":[4650,14356],"product_tag":[],"class_list":{"0":"post-3700","1":"product","2":"type-product","3":"status-publish","4":"has-post-thumbnail","6":"product_cat-stubai-bergsport","7":"product_cat-steigeisen-ersatzteile-zubehoer","9":"first","10":"outofstock","11":"taxable","12":"shipping-taxable","13":"purchasable","14":"product-type-simple"},"yoast_head":"<!-- This site is optimized with the Yoast SEO Premium plugin v26.9 (Yoast SEO v26.9) - https:\/\/yoast.com\/product\/yoast-seo-premium-wordpress\/ -->\n<title>Stubai Steigeisentasche mit robustem Zip kaufen | bolting.eu<\/title>\n<meta name=\"description\" content=\"Hier findest du die STUBAI STEIGEISENTASCHE. Eine robuste Bergsport Materialtasche f\u00fcr viele Anwendungen vom Bergsportprofi aus dem Stubaital in \ud83c\udde6\ud83c\uddf9 !\" \/>\n<meta name=\"robots\" content=\"index, follow, max-snippet:-1, max-image-preview:large, max-video-preview:-1\" \/>\n<link rel=\"canonical\" href=\"https:\/\/bolting.eu\/en\/shop\/stubai-steigeisentasche\/\" \/>\n<meta property=\"og:locale\" content=\"en_US\" \/>\n<meta property=\"og:type\" content=\"article\" \/>\n<meta property=\"og:title\" content=\"Stubai Steigeisentasche\" \/>\n<meta property=\"og:description\" content=\"Hier findest du die STUBAI STEIGEISENTASCHE. Eine robuste Bergsport Materialtasche f\u00fcr viele Anwendungen vom Bergsportprofi aus dem Stubaital in \ud83c\udde6\ud83c\uddf9 !\" \/>\n<meta property=\"og:url\" content=\"https:\/\/bolting.eu\/en\/shop\/stubai-steigeisentasche\/\" \/>\n<meta property=\"og:site_name\" content=\"bolting.eu\" \/>\n<meta property=\"article:publisher\" content=\"https:\/\/www.facebook.com\/bolting.eu\" \/>\n<meta property=\"article:modified_time\" content=\"2024-01-27T10:15:12+00:00\" \/>\n<meta property=\"og:image\" content=\"https:\/\/bolting.eu\/wp-content\/uploads\/2020\/05\/Stubai-Steigeisentasche.jpg\" \/>\n\t<meta property=\"og:image:width\" content=\"700\" \/>\n\t<meta property=\"og:image:height\" content=\"700\" \/>\n\t<meta property=\"og:image:type\" content=\"image\/jpeg\" \/>\n<meta name=\"twitter:card\" content=\"summary_large_image\" \/>\n<meta name=\"twitter:label1\" content=\"Price\" \/>\n\t<meta name=\"twitter:data1\" content=\"&euro;&nbsp;9,90\" \/>\n\t<meta name=\"twitter:label2\" content=\"Availability\" \/>\n\t<meta name=\"twitter:data2\" content=\"Out of stock\" \/>\n<script type=\"application\/ld+json\" class=\"yoast-schema-graph\">{\"@context\":\"https:\/\/schema.org\",\"@graph\":[{\"@type\":[\"WebPage\",\"ItemPage\"],\"@id\":\"https:\/\/bolting.eu\/en\/shop\/stubai-steigeisentasche\/\",\"url\":\"https:\/\/bolting.eu\/en\/shop\/stubai-steigeisentasche\/\",\"name\":\"Stubai Steigeisentasche mit robustem Zip kaufen | bolting.eu\",\"isPartOf\":{\"@id\":\"https:\/\/bolting.eu\/en\/#website\"},\"primaryImageOfPage\":{\"@id\":\"https:\/\/bolting.eu\/en\/shop\/stubai-steigeisentasche\/#primaryimage\"},\"image\":{\"@id\":\"https:\/\/bolting.eu\/en\/shop\/stubai-steigeisentasche\/#primaryimage\"},\"thumbnailUrl\":\"https:\/\/bolting.eu\/wp-content\/uploads\/2020\/05\/Stubai-Steigeisentasche.jpg\",\"datePublished\":\"2020-05-29T10:54:09+00:00\",\"dateModified\":\"2024-01-27T10:15:12+00:00\",\"description\":\"Hier findest du die STUBAI STEIGEISENTASCHE. Eine robuste Bergsport Materialtasche f\u00fcr viele Anwendungen vom Bergsportprofi aus dem Stubaital in \ud83c\udde6\ud83c\uddf9 !\",\"breadcrumb\":{\"@id\":\"https:\/\/bolting.eu\/en\/shop\/stubai-steigeisentasche\/#breadcrumb\"},\"inLanguage\":\"en-US\",\"potentialAction\":[{\"@type\":\"ReadAction\",\"target\":[\"https:\/\/bolting.eu\/en\/shop\/stubai-steigeisentasche\/\"]}]},{\"@type\":\"ImageObject\",\"inLanguage\":\"en-US\",\"@id\":\"https:\/\/bolting.eu\/en\/shop\/stubai-steigeisentasche\/#primaryimage\",\"url\":\"https:\/\/bolting.eu\/wp-content\/uploads\/2020\/05\/Stubai-Steigeisentasche.jpg\",\"contentUrl\":\"https:\/\/bolting.eu\/wp-content\/uploads\/2020\/05\/Stubai-Steigeisentasche.jpg\",\"width\":700,\"height\":700,\"caption\":\"Das Bild zeigt die Stubai Steigeisentasche. Eine schwarze, quaderf\u00f6rmige Tasche mit einem gro\u00dfen silbernen Rei\u00dfverschluss.\"},{\"@type\":\"BreadcrumbList\",\"@id\":\"https:\/\/bolting.eu\/en\/shop\/stubai-steigeisentasche\/#breadcrumb\",\"itemListElement\":[{\"@type\":\"ListItem\",\"position\":1,\"name\":\"Shop\",\"item\":\"https:\/\/bolting.eu\/en\/shop\/\"},{\"@type\":\"ListItem\",\"position\":2,\"name\":\"Bergsteiger Ausr\u00fcstung\",\"item\":\"https:\/\/bolting.eu\/produkt-kategorie\/bergsteiger-ausruestung\/\"},{\"@type\":\"ListItem\",\"position\":3,\"name\":\"Steigeisen Ersatzteile - Zubeh\u00f6r\",\"item\":\"https:\/\/bolting.eu\/produkt-kategorie\/bergsteiger-ausruestung\/steigeisen-ersatzteile-zubehoer\/\"},{\"@type\":\"ListItem\",\"position\":4,\"name\":\"Stubai Steigeisentasche\"}]},{\"@type\":\"WebSite\",\"@id\":\"https:\/\/bolting.eu\/en\/#website\",\"url\":\"https:\/\/bolting.eu\/en\/\",\"name\":\"bolting.eu\",\"description\":\"we make climbs happen\",\"publisher\":{\"@id\":\"https:\/\/bolting.eu\/en\/#organization\"},\"potentialAction\":[{\"@type\":\"SearchAction\",\"target\":{\"@type\":\"EntryPoint\",\"urlTemplate\":\"https:\/\/bolting.eu\/en\/?s={search_term_string}\"},\"query-input\":{\"@type\":\"PropertyValueSpecification\",\"valueRequired\":true,\"valueName\":\"search_term_string\"}}],\"inLanguage\":\"en-US\"},{\"@type\":[\"Organization\",\"Place\",\"SportingGoodsStore\"],\"@id\":\"https:\/\/bolting.eu\/en\/#organization\",\"name\":\"bolting.eu\",\"url\":\"https:\/\/bolting.eu\/en\/\",\"logo\":{\"@id\":\"https:\/\/bolting.eu\/en\/shop\/stubai-steigeisentasche\/#local-main-organization-logo\"},\"image\":{\"@id\":\"https:\/\/bolting.eu\/en\/shop\/stubai-steigeisentasche\/#local-main-organization-logo\"},\"sameAs\":[\"https:\/\/www.facebook.com\/bolting.eu\",\"https:\/\/www.instagram.com\/bolting.eu\/\"],\"address\":{\"@id\":\"https:\/\/bolting.eu\/en\/shop\/stubai-steigeisentasche\/#local-main-place-address\"},\"geo\":{\"@type\":\"GeoCoordinates\",\"latitude\":\"47.264176340396226\",\"longitude\":\"11.380109057672346\"},\"telephone\":[\"+43 699 19083372\"],\"openingHoursSpecification\":[{\"@type\":\"OpeningHoursSpecification\",\"dayOfWeek\":[\"Monday\",\"Wednesday\",\"Friday\"],\"opens\":\"14:00\",\"closes\":\"18:00\"},{\"@type\":\"OpeningHoursSpecification\",\"dayOfWeek\":[\"Tuesday\",\"Thursday\",\"Saturday\",\"Sunday\"],\"opens\":\"00:00\",\"closes\":\"00:00\"}],\"email\":\"office@bolting.eu\",\"vatID\":\"ATU59999728\",\"priceRange\":\"$$\",\"currenciesAccepted\":\"Euro\"},{\"@type\":\"PostalAddress\",\"@id\":\"https:\/\/bolting.eu\/en\/shop\/stubai-steigeisentasche\/#local-main-place-address\",\"streetAddress\":\"Fischnalerstra\u00dfe 4\",\"addressLocality\":\"Innsbruck\",\"postalCode\":\"6020\",\"addressRegion\":\"Tirol\",\"addressCountry\":\"AT\"},{\"@type\":\"ImageObject\",\"inLanguage\":\"en-US\",\"@id\":\"https:\/\/bolting.eu\/en\/shop\/stubai-steigeisentasche\/#local-main-organization-logo\",\"url\":\"https:\/\/bolting.eu\/wp-content\/uploads\/2019\/09\/bolting-logo.png\",\"contentUrl\":\"https:\/\/bolting.eu\/wp-content\/uploads\/2019\/09\/bolting-logo.png\",\"width\":400,\"height\":211,\"caption\":\"bolting.eu\"}]}<\/script>\n<meta property=\"product:price:amount\" content=\"9.90\" \/>\n<meta property=\"product:price:currency\" content=\"EUR\" \/>\n<meta property=\"og:availability\" content=\"out of stock\" \/>\n<meta property=\"product:availability\" content=\"out of stock\" \/>\n<meta property=\"product:retailer_item_id\" content=\"919008\" \/>\n<meta property=\"product:condition\" content=\"new\" \/>\n<meta name=\"geo.placename\" content=\"Innsbruck\" \/>\n<meta name=\"geo.position\" content=\"47.264176340396226;11.380109057672346\" \/>\n<meta name=\"geo.region\" content=\"Austria\" \/>\n<!-- \/ Yoast SEO Premium plugin. -->","yoast_head_json":{"title":"Stubai Steigeisentasche mit robustem Zip kaufen | bolting.eu","description":"Hier findest du die STUBAI STEIGEISENTASCHE. Eine robuste Bergsport Materialtasche f\u00fcr viele Anwendungen vom Bergsportprofi aus dem Stubaital in \ud83c\udde6\ud83c\uddf9 !","robots":{"index":"index","follow":"follow","max-snippet":"max-snippet:-1","max-image-preview":"max-image-preview:large","max-video-preview":"max-video-preview:-1"},"canonical":"https:\/\/bolting.eu\/en\/shop\/stubai-steigeisentasche\/","og_locale":"en_US","og_type":"article","og_title":"Stubai Steigeisentasche","og_description":"Hier findest du die STUBAI STEIGEISENTASCHE. Eine robuste Bergsport Materialtasche f\u00fcr viele Anwendungen vom Bergsportprofi aus dem Stubaital in \ud83c\udde6\ud83c\uddf9 !","og_url":"https:\/\/bolting.eu\/en\/shop\/stubai-steigeisentasche\/","og_site_name":"bolting.eu","article_publisher":"https:\/\/www.facebook.com\/bolting.eu","article_modified_time":"2024-01-27T10:15:12+00:00","og_image":[{"width":700,"height":700,"url":"https:\/\/bolting.eu\/wp-content\/uploads\/2020\/05\/Stubai-Steigeisentasche.jpg","type":"image\/jpeg"}],"twitter_card":"summary_large_image","twitter_misc":{"Price":"&euro;&nbsp;9,90","Availability":"Out of stock"},"schema":{"@context":"https:\/\/schema.org","@graph":[{"@type":["WebPage","ItemPage"],"@id":"https:\/\/bolting.eu\/en\/shop\/stubai-steigeisentasche\/","url":"https:\/\/bolting.eu\/en\/shop\/stubai-steigeisentasche\/","name":"Stubai Steigeisentasche mit robustem Zip kaufen | bolting.eu","isPartOf":{"@id":"https:\/\/bolting.eu\/en\/#website"},"primaryImageOfPage":{"@id":"https:\/\/bolting.eu\/en\/shop\/stubai-steigeisentasche\/#primaryimage"},"image":{"@id":"https:\/\/bolting.eu\/en\/shop\/stubai-steigeisentasche\/#primaryimage"},"thumbnailUrl":"https:\/\/bolting.eu\/wp-content\/uploads\/2020\/05\/Stubai-Steigeisentasche.jpg","datePublished":"2020-05-29T10:54:09+00:00","dateModified":"2024-01-27T10:15:12+00:00","description":"Hier findest du die STUBAI STEIGEISENTASCHE. Eine robuste Bergsport Materialtasche f\u00fcr viele Anwendungen vom Bergsportprofi aus dem Stubaital in \ud83c\udde6\ud83c\uddf9 !","breadcrumb":{"@id":"https:\/\/bolting.eu\/en\/shop\/stubai-steigeisentasche\/#breadcrumb"},"inLanguage":"en-US","potentialAction":[{"@type":"ReadAction","target":["https:\/\/bolting.eu\/en\/shop\/stubai-steigeisentasche\/"]}]},{"@type":"ImageObject","inLanguage":"en-US","@id":"https:\/\/bolting.eu\/en\/shop\/stubai-steigeisentasche\/#primaryimage","url":"https:\/\/bolting.eu\/wp-content\/uploads\/2020\/05\/Stubai-Steigeisentasche.jpg","contentUrl":"https:\/\/bolting.eu\/wp-content\/uploads\/2020\/05\/Stubai-Steigeisentasche.jpg","width":700,"height":700,"caption":"Das Bild zeigt die Stubai Steigeisentasche. Eine schwarze, quaderf\u00f6rmige Tasche mit einem gro\u00dfen silbernen Rei\u00dfverschluss."},{"@type":"BreadcrumbList","@id":"https:\/\/bolting.eu\/en\/shop\/stubai-steigeisentasche\/#breadcrumb","itemListElement":[{"@type":"ListItem","position":1,"name":"Shop","item":"https:\/\/bolting.eu\/en\/shop\/"},{"@type":"ListItem","position":2,"name":"Bergsteiger Ausr\u00fcstung","item":"https:\/\/bolting.eu\/produkt-kategorie\/bergsteiger-ausruestung\/"},{"@type":"ListItem","position":3,"name":"Steigeisen Ersatzteile - Zubeh\u00f6r","item":"https:\/\/bolting.eu\/produkt-kategorie\/bergsteiger-ausruestung\/steigeisen-ersatzteile-zubehoer\/"},{"@type":"ListItem","position":4,"name":"Stubai Steigeisentasche"}]},{"@type":"WebSite","@id":"https:\/\/bolting.eu\/en\/#website","url":"https:\/\/bolting.eu\/en\/","name":"bolting.eu","description":"we make climbs happen","publisher":{"@id":"https:\/\/bolting.eu\/en\/#organization"},"potentialAction":[{"@type":"SearchAction","target":{"@type":"EntryPoint","urlTemplate":"https:\/\/bolting.eu\/en\/?s={search_term_string}"},"query-input":{"@type":"PropertyValueSpecification","valueRequired":true,"valueName":"search_term_string"}}],"inLanguage":"en-US"},{"@type":["Organization","Place","SportingGoodsStore"],"@id":"https:\/\/bolting.eu\/en\/#organization","name":"bolting.eu","url":"https:\/\/bolting.eu\/en\/","logo":{"@id":"https:\/\/bolting.eu\/en\/shop\/stubai-steigeisentasche\/#local-main-organization-logo"},"image":{"@id":"https:\/\/bolting.eu\/en\/shop\/stubai-steigeisentasche\/#local-main-organization-logo"},"sameAs":["https:\/\/www.facebook.com\/bolting.eu","https:\/\/www.instagram.com\/bolting.eu\/"],"address":{"@id":"https:\/\/bolting.eu\/en\/shop\/stubai-steigeisentasche\/#local-main-place-address"},"geo":{"@type":"GeoCoordinates","latitude":"47.264176340396226","longitude":"11.380109057672346"},"telephone":["+43 699 19083372"],"openingHoursSpecification":[{"@type":"OpeningHoursSpecification","dayOfWeek":["Monday","Wednesday","Friday"],"opens":"14:00","closes":"18:00"},{"@type":"OpeningHoursSpecification","dayOfWeek":["Tuesday","Thursday","Saturday","Sunday"],"opens":"00:00","closes":"00:00"}],"email":"office@bolting.eu","vatID":"ATU59999728","priceRange":"$$","currenciesAccepted":"Euro"},{"@type":"PostalAddress","@id":"https:\/\/bolting.eu\/en\/shop\/stubai-steigeisentasche\/#local-main-place-address","streetAddress":"Fischnalerstra\u00dfe 4","addressLocality":"Innsbruck","postalCode":"6020","addressRegion":"Tirol","addressCountry":"AT"},{"@type":"ImageObject","inLanguage":"en-US","@id":"https:\/\/bolting.eu\/en\/shop\/stubai-steigeisentasche\/#local-main-organization-logo","url":"https:\/\/bolting.eu\/wp-content\/uploads\/2019\/09\/bolting-logo.png","contentUrl":"https:\/\/bolting.eu\/wp-content\/uploads\/2019\/09\/bolting-logo.png","width":400,"height":211,"caption":"bolting.eu"}]},"product_price_amount":"9.90","product_price_currency":"EUR","og_availability":"out of stock","product_availability":"out of stock","product_retailer_item_id":"919008","product_condition":"new","geo.placename":"Innsbruck","geo.position":{"lat":"47.264176340396226","long":"11.380109057672346"},"geo.region":"Austria"},"_links":{"self":[{"href":"https:\/\/bolting.eu\/en\/wp-json\/wp\/v2\/product\/3700","targetHints":{"allow":["GET"]}}],"collection":[{"href":"https:\/\/bolting.eu\/en\/wp-json\/wp\/v2\/product"}],"about":[{"href":"https:\/\/bolting.eu\/en\/wp-json\/wp\/v2\/types\/product"}],"replies":[{"embeddable":true,"href":"https:\/\/bolting.eu\/en\/wp-json\/wp\/v2\/comments?post=3700"}],"wp:featuredmedia":[{"embeddable":true,"href":"https:\/\/bolting.eu\/en\/wp-json\/wp\/v2\/media\/3701"}],"wp:attachment":[{"href":"https:\/\/bolting.eu\/en\/wp-json\/wp\/v2\/media?parent=3700"}],"wp:term":[{"taxonomy":"product_brand","embeddable":true,"href":"https:\/\/bolting.eu\/en\/wp-json\/wp\/v2\/product_brand?post=3700"},{"taxonomy":"product_cat","embeddable":true,"href":"https:\/\/bolting.eu\/en\/wp-json\/wp\/v2\/product_cat?post=3700"},{"taxonomy":"product_tag","embeddable":true,"href":"https:\/\/bolting.eu\/en\/wp-json\/wp\/v2\/product_tag?post=3700"}],"curies":[{"name":"wp","href":"https:\/\/api.w.org\/{rel}","templated":true}]}}