{"id":3688,"date":"2020-05-29T11:53:24","date_gmt":"2020-05-29T09:53:24","guid":{"rendered":"https:\/\/bolting.eu\/?post_type=product&#038;p=3688"},"modified":"2026-02-02T18:35:16","modified_gmt":"2026-02-02T17:35:16","slug":"materialkarabiner-stubai-accessory","status":"publish","type":"product","link":"https:\/\/bolting.eu\/en\/shop\/materialkarabiner-stubai-accessory\/","title":{"rendered":"Materialkarabiner Stubai Accessory"},"content":{"rendered":"<p>Der Materialkarabiner Stubai Accessory ist ein kleiner Aluminium Schraubkarabiner. Er ist zum einen ein typisches <a href=\"https:\/\/bolting.eu\/produkt-kategorie\/kletterzubehoer\/\">Kletterzubeh\u00f6r<\/a>. Zum anderen kann er aber auch als Schl\u00fcsselanh\u00e4nger oder beim Camping prima eingesetzt werden. Er kommt \u00fcberall dort zum Einsatz, wo Material sich ja nicht aush\u00e4ngen darf. Beispielsweise ein Felshammer oder ein Schraubenschl\u00fcssel.<\/p>\n<p>Dieser Minikarabiner darf nicht zum Klettern selbst verwendet werden. Folglich ist er ausschlie\u00dflich ein Zubeh\u00f6r Artikel!<\/p>\n<p>Den Alu Schrauber gibt es in vier auff\u00e4lligen Farben. Er ist sowohl in rot, gold sowie schwarz und zudem blau erh\u00e4ltlich. Somit ist er immer super sichtbar. Beispielsweise bei der Verwendung als Schl\u00fcsselanh\u00e4nger.<\/p>\n<p>Er hat eine Bruchlast von 150kg. D.h. er ist ideal zum Aufh\u00e4ngen von geringen Lasten oder Festh\u00e4ngen kleiner Teile. Wie z.B. einem Fotoapparat, eines Felshammers oder deiner Toilett-Tasche im Camping Bus.<\/p>\n<p>Bei uns im Shop wird er auch ganz oft von Hundebesitzern gekauft. Und zwar in Kombination mit einer starken Reepschnur f\u00fcr eine DIY Hundeleine.<\/p>\n<h2>Eigenschaften Materialkarabiner Stubai Accessory<\/h2>\n<ul>\n<li>Hersteller: Stubai Bergsport<\/li>\n<li>Material: Aluminium<\/li>\n<li>Bruchlast: 150 kg<\/li>\n<li>Gewicht: 30 Gramm<\/li>\n<li>inkl. Schraubsicherung<\/li>\n<li>Dimension: 80 x 50 mm<\/li>\n<li>NICHT zum Klettern geeignet!<\/li>\n<li>ideal als Zubeh\u00f6rkarabiner, Schl\u00fcsselanh\u00e4nger und f\u00fcr Hundeleine<\/li>\n<\/ul>\n<h3>Materialkarabiner Stubai Accessory &#8211; Farben<\/h3>\n<p>Diesen Alu-Schraubkarabiner gibt es in vier auff\u00e4lligen Farben. Erstens in Gold. Zweitens in Blau. Drittens in Schwarz und viertens in Rot.<\/p>\n<p>Somit ist der kleine Karabiner sehr gut sichtbar. Deshalb findet man z.B. seinen Autoschl\u00fcssel viel leichter, solltet ihr ihn verlieren.<\/p>\n<figure id=\"attachment_3697\" aria-describedby=\"caption-attachment-3697\" style=\"width: 700px\" class=\"wp-caption alignnone\"><a href=\"https:\/\/bolting.eu\/wp-content\/uploads\/2020\/05\/Stubai-Mini-Karabiner-Accessory.jpg\"><img loading=\"lazy\" decoding=\"async\" class=\"wp-image-3697 size-full\" src=\"https:\/\/bolting.eu\/wp-content\/uploads\/2020\/05\/Stubai-Mini-Karabiner-Accessory.jpg\" alt=\"Das Bild zeigt vier Materialkarabiner Stubai Accessory Minikarabiner Zubeh\u00f6rkarabiner. Von links nach rechts die Farben Blau, Rot, Schwarz und Golden.\" width=\"700\" height=\"700\" srcset=\"https:\/\/bolting.eu\/wp-content\/uploads\/2020\/05\/Stubai-Mini-Karabiner-Accessory.jpg 700w, https:\/\/bolting.eu\/wp-content\/uploads\/2020\/05\/Stubai-Mini-Karabiner-Accessory-247x247.jpg 247w, https:\/\/bolting.eu\/wp-content\/uploads\/2020\/05\/Stubai-Mini-Karabiner-Accessory-100x100.jpg 100w, https:\/\/bolting.eu\/wp-content\/uploads\/2020\/05\/Stubai-Mini-Karabiner-Accessory-510x510.jpg 510w, https:\/\/bolting.eu\/wp-content\/uploads\/2020\/05\/Stubai-Mini-Karabiner-Accessory-400x400.jpg 400w, https:\/\/bolting.eu\/wp-content\/uploads\/2020\/05\/Stubai-Mini-Karabiner-Accessory-280x280.jpg 280w, https:\/\/bolting.eu\/wp-content\/uploads\/2020\/05\/Stubai-Mini-Karabiner-Accessory-300x300.jpg 300w, https:\/\/bolting.eu\/wp-content\/uploads\/2020\/05\/Stubai-Mini-Karabiner-Accessory-600x600.jpg 600w\" sizes=\"auto, (max-width: 700px) 100vw, 700px\" \/><\/a><figcaption id=\"caption-attachment-3697\" class=\"wp-caption-text\">Der Accessory ist in vier Farben erh\u00e4ltlich.<\/figcaption><\/figure>\n<h3>Praktischer Zubeh\u00f6r Karabiner<\/h3>\n<p>Der Materialkarabiner Stubai Accessory ist ein vielseitiger Zubeh\u00f6r Karabiner. Wer ihn f\u00fcr nicht tragende Teile seiner Kletterausr\u00fcstung verwendet, spart sich einerseits extrem viel Gewicht. Andererseits geht man mit dem Schraubverschluss sicher, dass der Karabiner nicht aufgehen kann.<\/p>\n<p>Wie beispielsweise bei diesen Ausr\u00fcstungsgegenst\u00e4nden:<\/p>\n<ul>\n<li>Anbringung des Felshammers<\/li>\n<li>Aufh\u00e4ngen von Materials\u00e4cken<\/li>\n<li>Einh\u00e4ngen aller kleinen Zubeh\u00f6rteile bei Big Walls wie Besteck, Feuerzeug, Messer,&#8230;<\/li>\n<li>zus\u00e4tzliche Absicherung der Fototasche am Gurt<\/li>\n<li>Klemmkeilentferner<\/li>\n<li><a href=\"https:\/\/bolting.eu\/produkt-kategorie\/reepschnur\/\">Reepschnur<\/a> auf der r\u00fcckw\u00e4rtigen Materialschlaufe<\/li>\n<li>etc.<\/li>\n<\/ul>\n<h3>Kein Kletterkarabiner<\/h3>\n<p>Der Materialkarabiner Stubai Accessory ist kein Kletterkarabiner. Denn seine Bruchlast ist mit nur 150kg viel zu gering. Folglich darf er daher niemals als Sicherungsmittel verwendet werden.<\/p>\n<p>Er ist ausschlie\u00dflich zum Anh\u00e4ngen von Zubeh\u00f6r gedacht. Des weiteren kann er nat\u00fcrlich als Schl\u00fcsselanh\u00e4nger oder im Haushalt verwendet werden.<\/p>\n<h4><strong>Link Tipp<\/strong><\/h4>\n<p><a href=\"https:\/\/www.stubai-sports.com\/\" target=\"_blank\" rel=\"noopener noreferrer\">zum Hersteller<\/a><\/p>\n","protected":false},"excerpt":{"rendered":"<ul>\n<li>Hersteller: <a href=\"https:\/\/bolting.eu\/produkt-kategorie\/stubai-bergsport\/\">Stubai Bergsport<\/a><\/li>\n<li>Material: Aluminium<\/li>\n<li>Bruchlast: 150 kg<\/li>\n<li>Gewicht: 30 Gramm<\/li>\n<li>inkl. Schraubsicherung<\/li>\n<li>Dimension: 80 x 50 mm<\/li>\n<li>NICHT zum Klettern geeignet!<\/li>\n<li>ideal als Zubeh\u00f6rkarabiner, Schl\u00fcsselanh\u00e4nger und f\u00fcr Hundeleine<\/li>\n<\/ul>\n","protected":false},"featured_media":3697,"comment_status":"open","ping_status":"closed","template":"","meta":[],"product_brand":[],"product_cat":[44,5061,3005,4650],"product_tag":[],"class_list":{"0":"post-3688","1":"product","2":"type-product","3":"status-publish","4":"has-post-thumbnail","6":"product_cat-kletterkarabiner","7":"product_cat-kletterzubehoer","8":"product_cat-materialkarabiner","9":"product_cat-stubai-bergsport","11":"first","12":"instock","13":"taxable","14":"shipping-taxable","15":"purchasable","16":"product-type-variable"},"yoast_head":"<!-- This site is optimized with the Yoast SEO Premium plugin v26.9 (Yoast SEO v26.9) - https:\/\/yoast.com\/product\/yoast-seo-premium-wordpress\/ -->\n<title>Materialkarabiner Stubai Accessory - Mini Schraubkarabiner | bolting.eu<\/title>\n<meta name=\"description\" content=\"Hier findest Du den Materialkarabiner Stubai Accessory. Einen Mini Schraubkarabiner in vier auff\u00e4lligen Farben. Ideal auch als Schl\u00fcsselanh\u00e4nger!\" \/>\n<meta name=\"robots\" content=\"index, follow, max-snippet:-1, max-image-preview:large, max-video-preview:-1\" \/>\n<link rel=\"canonical\" href=\"https:\/\/bolting.eu\/en\/shop\/materialkarabiner-stubai-accessory\/\" \/>\n<meta property=\"og:locale\" content=\"en_US\" \/>\n<meta property=\"og:type\" content=\"article\" \/>\n<meta property=\"og:title\" content=\"Materialkarabiner Stubai Accessory\" \/>\n<meta property=\"og:description\" content=\"Hier findest Du den Materialkarabiner Stubai Accessory. Einen Mini Schraubkarabiner in vier auff\u00e4lligen Farben. Ideal auch als Schl\u00fcsselanh\u00e4nger!\" \/>\n<meta property=\"og:url\" content=\"https:\/\/bolting.eu\/en\/shop\/materialkarabiner-stubai-accessory\/\" \/>\n<meta property=\"og:site_name\" content=\"bolting.eu\" \/>\n<meta property=\"article:publisher\" content=\"https:\/\/www.facebook.com\/bolting.eu\" \/>\n<meta property=\"article:modified_time\" content=\"2026-02-02T17:35:16+00:00\" \/>\n<meta property=\"og:image\" content=\"https:\/\/bolting.eu\/wp-content\/uploads\/2020\/05\/Stubai-Mini-Karabiner-Accessory.jpg\" \/>\n\t<meta property=\"og:image:width\" content=\"700\" \/>\n\t<meta property=\"og:image:height\" content=\"700\" \/>\n\t<meta property=\"og:image:type\" content=\"image\/jpeg\" \/>\n<meta name=\"twitter:card\" content=\"summary_large_image\" \/>\n<meta name=\"twitter:label1\" content=\"Availability\" \/>\n\t<meta name=\"twitter:data1\" content=\"In stock\" \/>\n<script type=\"application\/ld+json\" class=\"yoast-schema-graph\">{\"@context\":\"https:\/\/schema.org\",\"@graph\":[{\"@type\":[\"WebPage\",\"ItemPage\"],\"@id\":\"https:\/\/bolting.eu\/en\/shop\/materialkarabiner-stubai-accessory\/\",\"url\":\"https:\/\/bolting.eu\/en\/shop\/materialkarabiner-stubai-accessory\/\",\"name\":\"Materialkarabiner Stubai Accessory - Mini Schraubkarabiner | bolting.eu\",\"isPartOf\":{\"@id\":\"https:\/\/bolting.eu\/en\/#website\"},\"primaryImageOfPage\":{\"@id\":\"https:\/\/bolting.eu\/en\/shop\/materialkarabiner-stubai-accessory\/#primaryimage\"},\"image\":{\"@id\":\"https:\/\/bolting.eu\/en\/shop\/materialkarabiner-stubai-accessory\/#primaryimage\"},\"thumbnailUrl\":\"https:\/\/bolting.eu\/wp-content\/uploads\/2020\/05\/Stubai-Mini-Karabiner-Accessory.jpg\",\"datePublished\":\"2020-05-29T09:53:24+00:00\",\"dateModified\":\"2026-02-02T17:35:16+00:00\",\"description\":\"Hier findest Du den Materialkarabiner Stubai Accessory. Einen Mini Schraubkarabiner in vier auff\u00e4lligen Farben. Ideal auch als Schl\u00fcsselanh\u00e4nger!\",\"breadcrumb\":{\"@id\":\"https:\/\/bolting.eu\/en\/shop\/materialkarabiner-stubai-accessory\/#breadcrumb\"},\"inLanguage\":\"en-US\",\"potentialAction\":[{\"@type\":\"ReadAction\",\"target\":[\"https:\/\/bolting.eu\/en\/shop\/materialkarabiner-stubai-accessory\/\"]}]},{\"@type\":\"ImageObject\",\"inLanguage\":\"en-US\",\"@id\":\"https:\/\/bolting.eu\/en\/shop\/materialkarabiner-stubai-accessory\/#primaryimage\",\"url\":\"https:\/\/bolting.eu\/wp-content\/uploads\/2020\/05\/Stubai-Mini-Karabiner-Accessory.jpg\",\"contentUrl\":\"https:\/\/bolting.eu\/wp-content\/uploads\/2020\/05\/Stubai-Mini-Karabiner-Accessory.jpg\",\"width\":700,\"height\":700,\"caption\":\"Das Bild zeigt vier Materialkarabiner Stubai Accessory Minikarabiner Zubeh\u00f6rkarabiner. Von links nach rechts die Farben Blau, Rot, Schwarz und Golden.\"},{\"@type\":\"BreadcrumbList\",\"@id\":\"https:\/\/bolting.eu\/en\/shop\/materialkarabiner-stubai-accessory\/#breadcrumb\",\"itemListElement\":[{\"@type\":\"ListItem\",\"position\":1,\"name\":\"Shop\",\"item\":\"https:\/\/bolting.eu\/en\/shop\/\"},{\"@type\":\"ListItem\",\"position\":2,\"name\":\"Stubai mountain sports\",\"item\":\"https:\/\/bolting.eu\/en\/produkt-kategorie\/stubai-mountain-sports\/\"},{\"@type\":\"ListItem\",\"position\":3,\"name\":\"Materialkarabiner Stubai Accessory\"}]},{\"@type\":\"WebSite\",\"@id\":\"https:\/\/bolting.eu\/en\/#website\",\"url\":\"https:\/\/bolting.eu\/en\/\",\"name\":\"bolting.eu\",\"description\":\"we make climbs happen\",\"publisher\":{\"@id\":\"https:\/\/bolting.eu\/en\/#organization\"},\"potentialAction\":[{\"@type\":\"SearchAction\",\"target\":{\"@type\":\"EntryPoint\",\"urlTemplate\":\"https:\/\/bolting.eu\/en\/?s={search_term_string}\"},\"query-input\":{\"@type\":\"PropertyValueSpecification\",\"valueRequired\":true,\"valueName\":\"search_term_string\"}}],\"inLanguage\":\"en-US\"},{\"@type\":[\"Organization\",\"Place\",\"SportingGoodsStore\"],\"@id\":\"https:\/\/bolting.eu\/en\/#organization\",\"name\":\"bolting.eu\",\"url\":\"https:\/\/bolting.eu\/en\/\",\"logo\":{\"@id\":\"https:\/\/bolting.eu\/en\/shop\/materialkarabiner-stubai-accessory\/#local-main-organization-logo\"},\"image\":{\"@id\":\"https:\/\/bolting.eu\/en\/shop\/materialkarabiner-stubai-accessory\/#local-main-organization-logo\"},\"sameAs\":[\"https:\/\/www.facebook.com\/bolting.eu\",\"https:\/\/www.instagram.com\/bolting.eu\/\"],\"address\":{\"@id\":\"https:\/\/bolting.eu\/en\/shop\/materialkarabiner-stubai-accessory\/#local-main-place-address\"},\"geo\":{\"@type\":\"GeoCoordinates\",\"latitude\":\"47.264176340396226\",\"longitude\":\"11.380109057672346\"},\"telephone\":[\"+43 699 19083372\"],\"openingHoursSpecification\":[{\"@type\":\"OpeningHoursSpecification\",\"dayOfWeek\":[\"Monday\",\"Wednesday\",\"Friday\"],\"opens\":\"14:00\",\"closes\":\"18:00\"},{\"@type\":\"OpeningHoursSpecification\",\"dayOfWeek\":[\"Tuesday\",\"Thursday\",\"Saturday\",\"Sunday\"],\"opens\":\"00:00\",\"closes\":\"00:00\"}],\"email\":\"office@bolting.eu\",\"vatID\":\"ATU59999728\",\"priceRange\":\"$$\",\"currenciesAccepted\":\"Euro\"},{\"@type\":\"PostalAddress\",\"@id\":\"https:\/\/bolting.eu\/en\/shop\/materialkarabiner-stubai-accessory\/#local-main-place-address\",\"streetAddress\":\"Fischnalerstra\u00dfe 4\",\"addressLocality\":\"Innsbruck\",\"postalCode\":\"6020\",\"addressRegion\":\"Tirol\",\"addressCountry\":\"AT\"},{\"@type\":\"ImageObject\",\"inLanguage\":\"en-US\",\"@id\":\"https:\/\/bolting.eu\/en\/shop\/materialkarabiner-stubai-accessory\/#local-main-organization-logo\",\"url\":\"https:\/\/bolting.eu\/wp-content\/uploads\/2019\/09\/bolting-logo.png\",\"contentUrl\":\"https:\/\/bolting.eu\/wp-content\/uploads\/2019\/09\/bolting-logo.png\",\"width\":400,\"height\":211,\"caption\":\"bolting.eu\"}]}<\/script>\n<meta property=\"og:availability\" content=\"instock\" \/>\n<meta property=\"product:availability\" content=\"instock\" \/>\n<meta property=\"product:condition\" content=\"new\" \/>\n<meta name=\"geo.placename\" content=\"Innsbruck\" \/>\n<meta name=\"geo.position\" content=\"47.264176340396226;11.380109057672346\" \/>\n<meta name=\"geo.region\" content=\"Austria\" \/>\n<!-- \/ Yoast SEO Premium plugin. -->","yoast_head_json":{"title":"Materialkarabiner Stubai Accessory - Mini Schraubkarabiner | bolting.eu","description":"Hier findest Du den Materialkarabiner Stubai Accessory. Einen Mini Schraubkarabiner in vier auff\u00e4lligen Farben. Ideal auch als Schl\u00fcsselanh\u00e4nger!","robots":{"index":"index","follow":"follow","max-snippet":"max-snippet:-1","max-image-preview":"max-image-preview:large","max-video-preview":"max-video-preview:-1"},"canonical":"https:\/\/bolting.eu\/en\/shop\/materialkarabiner-stubai-accessory\/","og_locale":"en_US","og_type":"article","og_title":"Materialkarabiner Stubai Accessory","og_description":"Hier findest Du den Materialkarabiner Stubai Accessory. Einen Mini Schraubkarabiner in vier auff\u00e4lligen Farben. Ideal auch als Schl\u00fcsselanh\u00e4nger!","og_url":"https:\/\/bolting.eu\/en\/shop\/materialkarabiner-stubai-accessory\/","og_site_name":"bolting.eu","article_publisher":"https:\/\/www.facebook.com\/bolting.eu","article_modified_time":"2026-02-02T17:35:16+00:00","og_image":[{"width":700,"height":700,"url":"https:\/\/bolting.eu\/wp-content\/uploads\/2020\/05\/Stubai-Mini-Karabiner-Accessory.jpg","type":"image\/jpeg"}],"twitter_card":"summary_large_image","twitter_misc":{"Availability":"In stock"},"schema":{"@context":"https:\/\/schema.org","@graph":[{"@type":["WebPage","ItemPage"],"@id":"https:\/\/bolting.eu\/en\/shop\/materialkarabiner-stubai-accessory\/","url":"https:\/\/bolting.eu\/en\/shop\/materialkarabiner-stubai-accessory\/","name":"Materialkarabiner Stubai Accessory - Mini Schraubkarabiner | bolting.eu","isPartOf":{"@id":"https:\/\/bolting.eu\/en\/#website"},"primaryImageOfPage":{"@id":"https:\/\/bolting.eu\/en\/shop\/materialkarabiner-stubai-accessory\/#primaryimage"},"image":{"@id":"https:\/\/bolting.eu\/en\/shop\/materialkarabiner-stubai-accessory\/#primaryimage"},"thumbnailUrl":"https:\/\/bolting.eu\/wp-content\/uploads\/2020\/05\/Stubai-Mini-Karabiner-Accessory.jpg","datePublished":"2020-05-29T09:53:24+00:00","dateModified":"2026-02-02T17:35:16+00:00","description":"Hier findest Du den Materialkarabiner Stubai Accessory. Einen Mini Schraubkarabiner in vier auff\u00e4lligen Farben. Ideal auch als Schl\u00fcsselanh\u00e4nger!","breadcrumb":{"@id":"https:\/\/bolting.eu\/en\/shop\/materialkarabiner-stubai-accessory\/#breadcrumb"},"inLanguage":"en-US","potentialAction":[{"@type":"ReadAction","target":["https:\/\/bolting.eu\/en\/shop\/materialkarabiner-stubai-accessory\/"]}]},{"@type":"ImageObject","inLanguage":"en-US","@id":"https:\/\/bolting.eu\/en\/shop\/materialkarabiner-stubai-accessory\/#primaryimage","url":"https:\/\/bolting.eu\/wp-content\/uploads\/2020\/05\/Stubai-Mini-Karabiner-Accessory.jpg","contentUrl":"https:\/\/bolting.eu\/wp-content\/uploads\/2020\/05\/Stubai-Mini-Karabiner-Accessory.jpg","width":700,"height":700,"caption":"Das Bild zeigt vier Materialkarabiner Stubai Accessory Minikarabiner Zubeh\u00f6rkarabiner. Von links nach rechts die Farben Blau, Rot, Schwarz und Golden."},{"@type":"BreadcrumbList","@id":"https:\/\/bolting.eu\/en\/shop\/materialkarabiner-stubai-accessory\/#breadcrumb","itemListElement":[{"@type":"ListItem","position":1,"name":"Shop","item":"https:\/\/bolting.eu\/en\/shop\/"},{"@type":"ListItem","position":2,"name":"Stubai mountain sports","item":"https:\/\/bolting.eu\/en\/produkt-kategorie\/stubai-mountain-sports\/"},{"@type":"ListItem","position":3,"name":"Materialkarabiner Stubai Accessory"}]},{"@type":"WebSite","@id":"https:\/\/bolting.eu\/en\/#website","url":"https:\/\/bolting.eu\/en\/","name":"bolting.eu","description":"we make climbs happen","publisher":{"@id":"https:\/\/bolting.eu\/en\/#organization"},"potentialAction":[{"@type":"SearchAction","target":{"@type":"EntryPoint","urlTemplate":"https:\/\/bolting.eu\/en\/?s={search_term_string}"},"query-input":{"@type":"PropertyValueSpecification","valueRequired":true,"valueName":"search_term_string"}}],"inLanguage":"en-US"},{"@type":["Organization","Place","SportingGoodsStore"],"@id":"https:\/\/bolting.eu\/en\/#organization","name":"bolting.eu","url":"https:\/\/bolting.eu\/en\/","logo":{"@id":"https:\/\/bolting.eu\/en\/shop\/materialkarabiner-stubai-accessory\/#local-main-organization-logo"},"image":{"@id":"https:\/\/bolting.eu\/en\/shop\/materialkarabiner-stubai-accessory\/#local-main-organization-logo"},"sameAs":["https:\/\/www.facebook.com\/bolting.eu","https:\/\/www.instagram.com\/bolting.eu\/"],"address":{"@id":"https:\/\/bolting.eu\/en\/shop\/materialkarabiner-stubai-accessory\/#local-main-place-address"},"geo":{"@type":"GeoCoordinates","latitude":"47.264176340396226","longitude":"11.380109057672346"},"telephone":["+43 699 19083372"],"openingHoursSpecification":[{"@type":"OpeningHoursSpecification","dayOfWeek":["Monday","Wednesday","Friday"],"opens":"14:00","closes":"18:00"},{"@type":"OpeningHoursSpecification","dayOfWeek":["Tuesday","Thursday","Saturday","Sunday"],"opens":"00:00","closes":"00:00"}],"email":"office@bolting.eu","vatID":"ATU59999728","priceRange":"$$","currenciesAccepted":"Euro"},{"@type":"PostalAddress","@id":"https:\/\/bolting.eu\/en\/shop\/materialkarabiner-stubai-accessory\/#local-main-place-address","streetAddress":"Fischnalerstra\u00dfe 4","addressLocality":"Innsbruck","postalCode":"6020","addressRegion":"Tirol","addressCountry":"AT"},{"@type":"ImageObject","inLanguage":"en-US","@id":"https:\/\/bolting.eu\/en\/shop\/materialkarabiner-stubai-accessory\/#local-main-organization-logo","url":"https:\/\/bolting.eu\/wp-content\/uploads\/2019\/09\/bolting-logo.png","contentUrl":"https:\/\/bolting.eu\/wp-content\/uploads\/2019\/09\/bolting-logo.png","width":400,"height":211,"caption":"bolting.eu"}]},"og_availability":"instock","product_availability":"instock","product_condition":"new","geo.placename":"Innsbruck","geo.position":{"lat":"47.264176340396226","long":"11.380109057672346"},"geo.region":"Austria"},"_links":{"self":[{"href":"https:\/\/bolting.eu\/en\/wp-json\/wp\/v2\/product\/3688","targetHints":{"allow":["GET"]}}],"collection":[{"href":"https:\/\/bolting.eu\/en\/wp-json\/wp\/v2\/product"}],"about":[{"href":"https:\/\/bolting.eu\/en\/wp-json\/wp\/v2\/types\/product"}],"replies":[{"embeddable":true,"href":"https:\/\/bolting.eu\/en\/wp-json\/wp\/v2\/comments?post=3688"}],"wp:featuredmedia":[{"embeddable":true,"href":"https:\/\/bolting.eu\/en\/wp-json\/wp\/v2\/media\/3697"}],"wp:attachment":[{"href":"https:\/\/bolting.eu\/en\/wp-json\/wp\/v2\/media?parent=3688"}],"wp:term":[{"taxonomy":"product_brand","embeddable":true,"href":"https:\/\/bolting.eu\/en\/wp-json\/wp\/v2\/product_brand?post=3688"},{"taxonomy":"product_cat","embeddable":true,"href":"https:\/\/bolting.eu\/en\/wp-json\/wp\/v2\/product_cat?post=3688"},{"taxonomy":"product_tag","embeddable":true,"href":"https:\/\/bolting.eu\/en\/wp-json\/wp\/v2\/product_tag?post=3688"}],"curies":[{"name":"wp","href":"https:\/\/api.w.org\/{rel}","templated":true}]}}