{"id":36842,"date":"2026-01-30T12:58:57","date_gmt":"2026-01-30T11:58:57","guid":{"rendered":"https:\/\/bolting.eu\/?post_type=product&#038;p=36842"},"modified":"2026-01-30T13:27:18","modified_gmt":"2026-01-30T12:27:18","slug":"arcteryx-ar-385a-damen-klettergurt","status":"publish","type":"product","link":"https:\/\/bolting.eu\/en\/shop\/arcteryx-ar-385a-damen-klettergurt\/","title":{"rendered":"Arc\u00b4teryx AR 385a Damen Klettergurt"},"content":{"rendered":"<p>Der Arc\u00b4teryx AR 385a ist ein beliebter Damen Klettergurt. Denn er hat sich <strong>besonders unter Allround Klettererinnen und Alpinistinnen einen sehr guten Ruf erworben<\/strong>.<\/p>\n<p>Er vereint dank <strong>sehr breiter H\u00fcft- und Beinschlaufen<\/strong> und der Warp Strength Technology \u2122 klasse Eigenschaften.<\/p>\n<p>D.h. dieser Gurt verteilt den Druck besonders gut auf das nahtlose Material. Somit gibt er einerseits idealen Support im Lenden Bereich. Und andererseits wird das Gewicht \u00fcber die gesamte Breite der Oberschenkel \u00fcbertragen.<\/p>\n<h2>Eigenschaften AR 385a Damen Klettergurt<\/h2>\n<ul>\n<li>Hersteller: Arc\u00b4teryx<\/li>\n<li>Material: HDPE, Edelstahl, Polyester, Polyamid<\/li>\n<li>Gr\u00f6\u00dfen: XS, S, M, L<\/li>\n<li>Gewicht: 385 Gramm (Gr. M)<\/li>\n<li>hochwertiger Damen Allroundgurt<\/li>\n<li>sehr breite H\u00fcft- und Beinschlaufen<\/li>\n<li><strong>Abstand H\u00fcft- zu Beinschlaufen der weiblichen Anatomie angepasst<\/strong><\/li>\n<li>Warp Strength Technology \u2122: ideale Druckverteilung auf extrem d\u00fcnnen Gurtband<\/li>\n<li>4 steife Materialschlaufen<\/li>\n<li>extra Materialschlaufe \/ Transportschlaufe im R\u00fcckenbereich<\/li>\n<li>4 Slots f\u00fcr Materialkarabiner wie z.B. <a href=\"https:\/\/bolting.eu\/shop\/petzl-caritool-materialkarabiner\/\">Petzl Caritool<\/a> f\u00fcr <a href=\"https:\/\/bolting.eu\/produkt-kategorie\/bergsteiger-ausruestung\/eisschrauben\/\">Eisschrauben<\/a><\/li>\n<li>Anseilschlaufe und Sicherungsschlaufe mit Verschlei\u00df Indikator<\/li>\n<li>leichtg\u00e4ngige, anodisierte Alu Verstellschnalle<\/li>\n<li>Beinschlaufen k\u00f6nnen am R\u00fcckenteil leicht ausgeh\u00e4ngt werden<\/li>\n<li>Packsack mit Kordel und Tanka<\/li>\n<li><a href=\"https:\/\/arcteryx.com\/at\/de\/shop\/mens\/ar-395a-harness#:~:text=des%20Arc%27teryx%20Klettergurts.-,PDF%20herunterladen,-Unsere%20Ausr%C3%BCstung%20unterwegs\" target=\"_blank\" rel=\"noopener\">Bedienungsanleitung<\/a><\/li>\n<\/ul>\n<h3>Gr\u00f6\u00dfentabelle<\/h3>\n<p>Im Folgenden findet ihr eine Tabelle mit allen Damen Ma\u00dfen, um die richtige Gr\u00f6\u00dfe eures AR 385a von Arc\u00b4teryx zu finden.<\/p>\n<p>Jedoch wichtig dabei: es muss an H\u00fcfte und Oberschenkel jeweils noch ein flache Hand unter das Gurtband passen!<\/p>\n<table class=\"sc-kCMKrZ sc-9ce143f7-3 isHYNh hfkgbY\" style=\"height: 324px;\" width=\"441\">\n<caption class=\"sc-dLMFU TERmW sc-imwsjW bLxdQr\" data-component=\"subtitle3\"><strong>K\u00f6rperma\u00dfe in Zentimeter:<\/strong><\/caption>\n<tbody class=\"sc-dJiZtA fzjzzy\">\n<tr>\n<td class=\"sc-9ce143f7-5 jMPQHq\">\n<p class=\"sc-aXZVg gLXrdU sc-9ce143f7-6 ebouta\" style=\"text-align: center;\" data-component=\"body1\">XS<\/p>\n<\/td>\n<td class=\"sc-9ce143f7-5 jMPQHq\" style=\"text-align: center;\">\n<p class=\"sc-aXZVg gLXrdU sc-9ce143f7-6 ebouta\" data-component=\"body1\">64 &#8211; 69<\/p>\n<\/td>\n<td class=\"sc-9ce143f7-5 jMPQHq\" style=\"text-align: center;\">\n<p class=\"sc-aXZVg gLXrdU sc-9ce143f7-6 ebouta\" data-component=\"body1\">52 &#8211; 56<\/p>\n<\/td>\n<\/tr>\n<tr>\n<td class=\"sc-9ce143f7-5 jMPQHq\" style=\"text-align: center;\">\n<p class=\"sc-aXZVg gLXrdU sc-9ce143f7-6 ebouta\" data-component=\"body1\">S<\/p>\n<\/td>\n<td class=\"sc-9ce143f7-5 jMPQHq\" style=\"text-align: center;\">\n<p class=\"sc-aXZVg gLXrdU sc-9ce143f7-6 ebouta\" data-component=\"body1\">69 &#8211; 74<\/p>\n<\/td>\n<td class=\"sc-9ce143f7-5 jMPQHq\">\n<p class=\"sc-aXZVg gLXrdU sc-9ce143f7-6 ebouta\" style=\"text-align: center;\" data-component=\"body1\">55 &#8211; 59<\/p>\n<\/td>\n<\/tr>\n<tr>\n<td class=\"sc-9ce143f7-5 jMPQHq\">\n<p class=\"sc-aXZVg gLXrdU sc-9ce143f7-6 ebouta\" style=\"text-align: center;\" data-component=\"body1\">M<\/p>\n<\/td>\n<td class=\"sc-9ce143f7-5 jMPQHq\" style=\"text-align: center;\">\n<p class=\"sc-aXZVg gLXrdU sc-9ce143f7-6 ebouta\" data-component=\"body1\">74 &#8211; 81<\/p>\n<\/td>\n<td class=\"sc-9ce143f7-5 jMPQHq\" style=\"text-align: center;\">\n<p class=\"sc-aXZVg gLXrdU sc-9ce143f7-6 ebouta\" data-component=\"body1\">58 &#8211; 62<\/p>\n<\/td>\n<\/tr>\n<tr>\n<td class=\"sc-9ce143f7-5 jMPQHq\" style=\"text-align: center;\">\n<p class=\"sc-aXZVg gLXrdU sc-9ce143f7-6 ebouta\" data-component=\"body1\">L<\/p>\n<\/td>\n<td class=\"sc-9ce143f7-5 jMPQHq\" style=\"text-align: center;\">\n<p class=\"sc-aXZVg gLXrdU sc-9ce143f7-6 ebouta\" data-component=\"body1\">82 &#8211; 91<\/p>\n<\/td>\n<td class=\"sc-9ce143f7-5 jMPQHq\">\n<p class=\"sc-aXZVg gLXrdU sc-9ce143f7-6 ebouta\" style=\"text-align: center;\" data-component=\"body1\">62 &#8211; 66<\/p>\n<\/td>\n<\/tr>\n<tr>\n<td class=\"sc-9ce143f7-5 jMPQHq\">\n<p class=\"sc-aXZVg gLXrdU sc-9ce143f7-6 ebouta\" style=\"text-align: center;\" data-component=\"body1\">XL<\/p>\n<\/td>\n<td class=\"sc-9ce143f7-5 jMPQHq\" style=\"text-align: center;\">\n<p class=\"sc-aXZVg gLXrdU sc-9ce143f7-6 ebouta\" data-component=\"body1\">92 &#8211; 100<\/p>\n<\/td>\n<td class=\"sc-9ce143f7-5 jMPQHq\">\n<p class=\"sc-aXZVg gLXrdU sc-9ce143f7-6 ebouta\" style=\"text-align: center;\" data-component=\"body1\">67 &#8211; 71<\/p>\n<\/td>\n<\/tr>\n<\/tbody>\n<\/table>\n<h3>Warp Strength Technology \u2122<\/h3>\n<p>Hierbei handelt es sich um ein extrem flaches Gurtband. Dieses verteilt den Druck am AR 385a auf alle B\u00e4nder des Damen Klettergurtes.<\/p>\n<p>Somit ergibt sich eine sehr gute Passform bei geringster Dicke des Materials.<\/p>\n<p>Weiters verhindern die &#8220;weichen&#8221; Kanten des Materials ein unangenehmes Einschneiden.<\/p>\n<p>Das d\u00fcnne Bandmaterial in Kombination mit seiner Breite ist ganz charakteristisch. Dieses Kriterium macht das Modell einzigartig am Markt.<\/p>\n","protected":false},"excerpt":{"rendered":"<p><strong>Hochwertiger Allround Damen Klettergurt mit gro\u00dfen St\u00e4rken bei alpinen Unternehmungen.<\/strong><\/p>\n<p>Sehr d\u00fcnnes Bandmaterial welches den Druck perfekt verteilt. Wohl das komfortabelste Modell seiner Gewichtsklasse.<\/p>\n<p>Versandkostenfrei bis 2kg in\u00a0<img decoding=\"async\" class=\"emoji\" role=\"img\" draggable=\"false\" src=\"https:\/\/s.w.org\/images\/core\/emoji\/13.1.0\/svg\/1f1e6-1f1f9.svg\" alt=\"\ud83c\udde6\ud83c\uddf9\" \/>\u00a0ab \u20ac 100,- und\u00a0<img decoding=\"async\" class=\"emoji\" role=\"img\" draggable=\"false\" src=\"https:\/\/s.w.org\/images\/core\/emoji\/13.1.0\/svg\/1f1e9-1f1ea.svg\" alt=\"\ud83c\udde9\ud83c\uddea\" \/>\u00a0ab \u20ac 200,-!<\/p>\n","protected":false},"featured_media":36849,"comment_status":"closed","ping_status":"closed","template":"","meta":[],"product_brand":[],"product_cat":[29,6359,15344],"product_tag":[],"class_list":{"0":"post-36842","1":"product","2":"type-product","3":"status-publish","4":"has-post-thumbnail","6":"product_cat-kletterausruestung","7":"product_cat-klettergurte","8":"product_cat-arcteryx","10":"first","11":"instock","12":"taxable","13":"shipping-taxable","14":"purchasable","15":"product-type-variable"},"yoast_head":"<!-- This site is optimized with the Yoast SEO Premium plugin v26.9 (Yoast SEO v26.9) - https:\/\/yoast.com\/product\/yoast-seo-premium-wordpress\/ -->\n<title>Arc\u00b4teryx AR 385a Damen Klettergurt | bolting.eu<\/title>\n<meta name=\"description\" content=\"Arc\u00b4teryx AR 385a Damen Klettergurt beim Kletterprofi kaufen \u2705 Trusted Shops \u2705 kostenloser Versand* \u2705 14 Tage R\u00fcckgaberecht \u2705 Co2 neutraler Versand\" \/>\n<meta name=\"robots\" content=\"index, follow, max-snippet:-1, max-image-preview:large, max-video-preview:-1\" \/>\n<link rel=\"canonical\" href=\"https:\/\/bolting.eu\/en\/shop\/arcteryx-ar-385a-damen-klettergurt\/\" \/>\n<meta property=\"og:locale\" content=\"en_US\" \/>\n<meta property=\"og:type\" content=\"article\" \/>\n<meta property=\"og:title\" content=\"Arc\u00b4teryx AR 385a Damen Klettergurt\" \/>\n<meta property=\"og:description\" content=\"Arc\u00b4teryx AR 385a Damen Klettergurt beim Kletterprofi kaufen \u2705 Trusted Shops \u2705 kostenloser Versand* \u2705 14 Tage R\u00fcckgaberecht \u2705 Co2 neutraler Versand\" \/>\n<meta property=\"og:url\" content=\"https:\/\/bolting.eu\/en\/shop\/arcteryx-ar-385a-damen-klettergurt\/\" \/>\n<meta property=\"og:site_name\" content=\"bolting.eu\" \/>\n<meta property=\"article:publisher\" content=\"https:\/\/www.facebook.com\/bolting.eu\" \/>\n<meta property=\"article:modified_time\" content=\"2026-01-30T12:27:18+00:00\" \/>\n<meta property=\"og:image\" content=\"https:\/\/bolting.eu\/wp-content\/uploads\/2026\/01\/Arcteryx-AR-385a-1.jpg\" \/>\n\t<meta property=\"og:image:width\" content=\"700\" \/>\n\t<meta property=\"og:image:height\" content=\"700\" \/>\n\t<meta property=\"og:image:type\" content=\"image\/jpeg\" \/>\n<meta name=\"twitter:card\" content=\"summary_large_image\" \/>\n<meta name=\"twitter:label1\" content=\"Availability\" \/>\n\t<meta name=\"twitter:data1\" content=\"In stock\" \/>\n<script type=\"application\/ld+json\" class=\"yoast-schema-graph\">{\"@context\":\"https:\/\/schema.org\",\"@graph\":[{\"@type\":[\"WebPage\",\"ItemPage\"],\"@id\":\"https:\/\/bolting.eu\/en\/shop\/arcteryx-ar-385a-damen-klettergurt\/\",\"url\":\"https:\/\/bolting.eu\/en\/shop\/arcteryx-ar-385a-damen-klettergurt\/\",\"name\":\"Arc\u00b4teryx AR 385a Damen Klettergurt | bolting.eu\",\"isPartOf\":{\"@id\":\"https:\/\/bolting.eu\/en\/#website\"},\"primaryImageOfPage\":{\"@id\":\"https:\/\/bolting.eu\/en\/shop\/arcteryx-ar-385a-damen-klettergurt\/#primaryimage\"},\"image\":{\"@id\":\"https:\/\/bolting.eu\/en\/shop\/arcteryx-ar-385a-damen-klettergurt\/#primaryimage\"},\"thumbnailUrl\":\"https:\/\/bolting.eu\/wp-content\/uploads\/2026\/01\/Arcteryx-AR-385a-1.jpg\",\"datePublished\":\"2026-01-30T11:58:57+00:00\",\"dateModified\":\"2026-01-30T12:27:18+00:00\",\"description\":\"Arc\u00b4teryx AR 385a Damen Klettergurt beim Kletterprofi kaufen \u2705 Trusted Shops \u2705 kostenloser Versand* \u2705 14 Tage R\u00fcckgaberecht \u2705 Co2 neutraler Versand\",\"breadcrumb\":{\"@id\":\"https:\/\/bolting.eu\/en\/shop\/arcteryx-ar-385a-damen-klettergurt\/#breadcrumb\"},\"inLanguage\":\"en-US\",\"potentialAction\":[{\"@type\":\"ReadAction\",\"target\":[\"https:\/\/bolting.eu\/en\/shop\/arcteryx-ar-385a-damen-klettergurt\/\"]}]},{\"@type\":\"ImageObject\",\"inLanguage\":\"en-US\",\"@id\":\"https:\/\/bolting.eu\/en\/shop\/arcteryx-ar-385a-damen-klettergurt\/#primaryimage\",\"url\":\"https:\/\/bolting.eu\/wp-content\/uploads\/2026\/01\/Arcteryx-AR-385a-1.jpg\",\"contentUrl\":\"https:\/\/bolting.eu\/wp-content\/uploads\/2026\/01\/Arcteryx-AR-385a-1.jpg\",\"width\":700,\"height\":700,\"caption\":\"Beige schwarzer Arcteryx AR 385A Damen Klettergurt von der Vorderseite auf wei\u00dfem Hintergrund.\"},{\"@type\":\"BreadcrumbList\",\"@id\":\"https:\/\/bolting.eu\/en\/shop\/arcteryx-ar-385a-damen-klettergurt\/#breadcrumb\",\"itemListElement\":[{\"@type\":\"ListItem\",\"position\":1,\"name\":\"Shop\",\"item\":\"https:\/\/bolting.eu\/en\/shop\/\"},{\"@type\":\"ListItem\",\"position\":2,\"name\":\"climbing equipment\",\"item\":\"https:\/\/bolting.eu\/en\/produkt-kategorie\/climbing-equipment\/\"},{\"@type\":\"ListItem\",\"position\":3,\"name\":\"Klettergurte\",\"item\":\"https:\/\/bolting.eu\/produkt-kategorie\/kletterausruestung\/klettergurte\/\"},{\"@type\":\"ListItem\",\"position\":4,\"name\":\"Arc\u00b4teryx AR 385a Damen Klettergurt\"}]},{\"@type\":\"WebSite\",\"@id\":\"https:\/\/bolting.eu\/en\/#website\",\"url\":\"https:\/\/bolting.eu\/en\/\",\"name\":\"bolting.eu\",\"description\":\"we make climbs happen\",\"publisher\":{\"@id\":\"https:\/\/bolting.eu\/en\/#organization\"},\"potentialAction\":[{\"@type\":\"SearchAction\",\"target\":{\"@type\":\"EntryPoint\",\"urlTemplate\":\"https:\/\/bolting.eu\/en\/?s={search_term_string}\"},\"query-input\":{\"@type\":\"PropertyValueSpecification\",\"valueRequired\":true,\"valueName\":\"search_term_string\"}}],\"inLanguage\":\"en-US\"},{\"@type\":[\"Organization\",\"Place\",\"SportingGoodsStore\"],\"@id\":\"https:\/\/bolting.eu\/en\/#organization\",\"name\":\"bolting.eu\",\"url\":\"https:\/\/bolting.eu\/en\/\",\"logo\":{\"@id\":\"https:\/\/bolting.eu\/en\/shop\/arcteryx-ar-385a-damen-klettergurt\/#local-main-organization-logo\"},\"image\":{\"@id\":\"https:\/\/bolting.eu\/en\/shop\/arcteryx-ar-385a-damen-klettergurt\/#local-main-organization-logo\"},\"sameAs\":[\"https:\/\/www.facebook.com\/bolting.eu\",\"https:\/\/www.instagram.com\/bolting.eu\/\"],\"address\":{\"@id\":\"https:\/\/bolting.eu\/en\/shop\/arcteryx-ar-385a-damen-klettergurt\/#local-main-place-address\"},\"geo\":{\"@type\":\"GeoCoordinates\",\"latitude\":\"47.264176340396226\",\"longitude\":\"11.380109057672346\"},\"telephone\":[\"+43 699 19083372\"],\"openingHoursSpecification\":[{\"@type\":\"OpeningHoursSpecification\",\"dayOfWeek\":[\"Monday\",\"Wednesday\",\"Friday\"],\"opens\":\"14:00\",\"closes\":\"18:00\"},{\"@type\":\"OpeningHoursSpecification\",\"dayOfWeek\":[\"Tuesday\",\"Thursday\",\"Saturday\",\"Sunday\"],\"opens\":\"00:00\",\"closes\":\"00:00\"}],\"email\":\"office@bolting.eu\",\"vatID\":\"ATU59999728\",\"priceRange\":\"$$\",\"currenciesAccepted\":\"Euro\"},{\"@type\":\"PostalAddress\",\"@id\":\"https:\/\/bolting.eu\/en\/shop\/arcteryx-ar-385a-damen-klettergurt\/#local-main-place-address\",\"streetAddress\":\"Fischnalerstra\u00dfe 4\",\"addressLocality\":\"Innsbruck\",\"postalCode\":\"6020\",\"addressRegion\":\"Tirol\",\"addressCountry\":\"AT\"},{\"@type\":\"ImageObject\",\"inLanguage\":\"en-US\",\"@id\":\"https:\/\/bolting.eu\/en\/shop\/arcteryx-ar-385a-damen-klettergurt\/#local-main-organization-logo\",\"url\":\"https:\/\/bolting.eu\/wp-content\/uploads\/2019\/09\/bolting-logo.png\",\"contentUrl\":\"https:\/\/bolting.eu\/wp-content\/uploads\/2019\/09\/bolting-logo.png\",\"width\":400,\"height\":211,\"caption\":\"bolting.eu\"}]}<\/script>\n<meta property=\"og:availability\" content=\"instock\" \/>\n<meta property=\"product:availability\" content=\"instock\" \/>\n<meta property=\"product:condition\" content=\"new\" \/>\n<meta name=\"geo.placename\" content=\"Innsbruck\" \/>\n<meta name=\"geo.position\" content=\"47.264176340396226;11.380109057672346\" \/>\n<meta name=\"geo.region\" content=\"Austria\" \/>\n<!-- \/ Yoast SEO Premium plugin. -->","yoast_head_json":{"title":"Arc\u00b4teryx AR 385a Damen Klettergurt | bolting.eu","description":"Arc\u00b4teryx AR 385a Damen Klettergurt beim Kletterprofi kaufen \u2705 Trusted Shops \u2705 kostenloser Versand* \u2705 14 Tage R\u00fcckgaberecht \u2705 Co2 neutraler Versand","robots":{"index":"index","follow":"follow","max-snippet":"max-snippet:-1","max-image-preview":"max-image-preview:large","max-video-preview":"max-video-preview:-1"},"canonical":"https:\/\/bolting.eu\/en\/shop\/arcteryx-ar-385a-damen-klettergurt\/","og_locale":"en_US","og_type":"article","og_title":"Arc\u00b4teryx AR 385a Damen Klettergurt","og_description":"Arc\u00b4teryx AR 385a Damen Klettergurt beim Kletterprofi kaufen \u2705 Trusted Shops \u2705 kostenloser Versand* \u2705 14 Tage R\u00fcckgaberecht \u2705 Co2 neutraler Versand","og_url":"https:\/\/bolting.eu\/en\/shop\/arcteryx-ar-385a-damen-klettergurt\/","og_site_name":"bolting.eu","article_publisher":"https:\/\/www.facebook.com\/bolting.eu","article_modified_time":"2026-01-30T12:27:18+00:00","og_image":[{"width":700,"height":700,"url":"https:\/\/bolting.eu\/wp-content\/uploads\/2026\/01\/Arcteryx-AR-385a-1.jpg","type":"image\/jpeg"}],"twitter_card":"summary_large_image","twitter_misc":{"Availability":"In stock"},"schema":{"@context":"https:\/\/schema.org","@graph":[{"@type":["WebPage","ItemPage"],"@id":"https:\/\/bolting.eu\/en\/shop\/arcteryx-ar-385a-damen-klettergurt\/","url":"https:\/\/bolting.eu\/en\/shop\/arcteryx-ar-385a-damen-klettergurt\/","name":"Arc\u00b4teryx AR 385a Damen Klettergurt | bolting.eu","isPartOf":{"@id":"https:\/\/bolting.eu\/en\/#website"},"primaryImageOfPage":{"@id":"https:\/\/bolting.eu\/en\/shop\/arcteryx-ar-385a-damen-klettergurt\/#primaryimage"},"image":{"@id":"https:\/\/bolting.eu\/en\/shop\/arcteryx-ar-385a-damen-klettergurt\/#primaryimage"},"thumbnailUrl":"https:\/\/bolting.eu\/wp-content\/uploads\/2026\/01\/Arcteryx-AR-385a-1.jpg","datePublished":"2026-01-30T11:58:57+00:00","dateModified":"2026-01-30T12:27:18+00:00","description":"Arc\u00b4teryx AR 385a Damen Klettergurt beim Kletterprofi kaufen \u2705 Trusted Shops \u2705 kostenloser Versand* \u2705 14 Tage R\u00fcckgaberecht \u2705 Co2 neutraler Versand","breadcrumb":{"@id":"https:\/\/bolting.eu\/en\/shop\/arcteryx-ar-385a-damen-klettergurt\/#breadcrumb"},"inLanguage":"en-US","potentialAction":[{"@type":"ReadAction","target":["https:\/\/bolting.eu\/en\/shop\/arcteryx-ar-385a-damen-klettergurt\/"]}]},{"@type":"ImageObject","inLanguage":"en-US","@id":"https:\/\/bolting.eu\/en\/shop\/arcteryx-ar-385a-damen-klettergurt\/#primaryimage","url":"https:\/\/bolting.eu\/wp-content\/uploads\/2026\/01\/Arcteryx-AR-385a-1.jpg","contentUrl":"https:\/\/bolting.eu\/wp-content\/uploads\/2026\/01\/Arcteryx-AR-385a-1.jpg","width":700,"height":700,"caption":"Beige schwarzer Arcteryx AR 385A Damen Klettergurt von der Vorderseite auf wei\u00dfem Hintergrund."},{"@type":"BreadcrumbList","@id":"https:\/\/bolting.eu\/en\/shop\/arcteryx-ar-385a-damen-klettergurt\/#breadcrumb","itemListElement":[{"@type":"ListItem","position":1,"name":"Shop","item":"https:\/\/bolting.eu\/en\/shop\/"},{"@type":"ListItem","position":2,"name":"climbing equipment","item":"https:\/\/bolting.eu\/en\/produkt-kategorie\/climbing-equipment\/"},{"@type":"ListItem","position":3,"name":"Klettergurte","item":"https:\/\/bolting.eu\/produkt-kategorie\/kletterausruestung\/klettergurte\/"},{"@type":"ListItem","position":4,"name":"Arc\u00b4teryx AR 385a Damen Klettergurt"}]},{"@type":"WebSite","@id":"https:\/\/bolting.eu\/en\/#website","url":"https:\/\/bolting.eu\/en\/","name":"bolting.eu","description":"we make climbs happen","publisher":{"@id":"https:\/\/bolting.eu\/en\/#organization"},"potentialAction":[{"@type":"SearchAction","target":{"@type":"EntryPoint","urlTemplate":"https:\/\/bolting.eu\/en\/?s={search_term_string}"},"query-input":{"@type":"PropertyValueSpecification","valueRequired":true,"valueName":"search_term_string"}}],"inLanguage":"en-US"},{"@type":["Organization","Place","SportingGoodsStore"],"@id":"https:\/\/bolting.eu\/en\/#organization","name":"bolting.eu","url":"https:\/\/bolting.eu\/en\/","logo":{"@id":"https:\/\/bolting.eu\/en\/shop\/arcteryx-ar-385a-damen-klettergurt\/#local-main-organization-logo"},"image":{"@id":"https:\/\/bolting.eu\/en\/shop\/arcteryx-ar-385a-damen-klettergurt\/#local-main-organization-logo"},"sameAs":["https:\/\/www.facebook.com\/bolting.eu","https:\/\/www.instagram.com\/bolting.eu\/"],"address":{"@id":"https:\/\/bolting.eu\/en\/shop\/arcteryx-ar-385a-damen-klettergurt\/#local-main-place-address"},"geo":{"@type":"GeoCoordinates","latitude":"47.264176340396226","longitude":"11.380109057672346"},"telephone":["+43 699 19083372"],"openingHoursSpecification":[{"@type":"OpeningHoursSpecification","dayOfWeek":["Monday","Wednesday","Friday"],"opens":"14:00","closes":"18:00"},{"@type":"OpeningHoursSpecification","dayOfWeek":["Tuesday","Thursday","Saturday","Sunday"],"opens":"00:00","closes":"00:00"}],"email":"office@bolting.eu","vatID":"ATU59999728","priceRange":"$$","currenciesAccepted":"Euro"},{"@type":"PostalAddress","@id":"https:\/\/bolting.eu\/en\/shop\/arcteryx-ar-385a-damen-klettergurt\/#local-main-place-address","streetAddress":"Fischnalerstra\u00dfe 4","addressLocality":"Innsbruck","postalCode":"6020","addressRegion":"Tirol","addressCountry":"AT"},{"@type":"ImageObject","inLanguage":"en-US","@id":"https:\/\/bolting.eu\/en\/shop\/arcteryx-ar-385a-damen-klettergurt\/#local-main-organization-logo","url":"https:\/\/bolting.eu\/wp-content\/uploads\/2019\/09\/bolting-logo.png","contentUrl":"https:\/\/bolting.eu\/wp-content\/uploads\/2019\/09\/bolting-logo.png","width":400,"height":211,"caption":"bolting.eu"}]},"og_availability":"instock","product_availability":"instock","product_condition":"new","geo.placename":"Innsbruck","geo.position":{"lat":"47.264176340396226","long":"11.380109057672346"},"geo.region":"Austria"},"_links":{"self":[{"href":"https:\/\/bolting.eu\/en\/wp-json\/wp\/v2\/product\/36842","targetHints":{"allow":["GET"]}}],"collection":[{"href":"https:\/\/bolting.eu\/en\/wp-json\/wp\/v2\/product"}],"about":[{"href":"https:\/\/bolting.eu\/en\/wp-json\/wp\/v2\/types\/product"}],"replies":[{"embeddable":true,"href":"https:\/\/bolting.eu\/en\/wp-json\/wp\/v2\/comments?post=36842"}],"wp:featuredmedia":[{"embeddable":true,"href":"https:\/\/bolting.eu\/en\/wp-json\/wp\/v2\/media\/36849"}],"wp:attachment":[{"href":"https:\/\/bolting.eu\/en\/wp-json\/wp\/v2\/media?parent=36842"}],"wp:term":[{"taxonomy":"product_brand","embeddable":true,"href":"https:\/\/bolting.eu\/en\/wp-json\/wp\/v2\/product_brand?post=36842"},{"taxonomy":"product_cat","embeddable":true,"href":"https:\/\/bolting.eu\/en\/wp-json\/wp\/v2\/product_cat?post=36842"},{"taxonomy":"product_tag","embeddable":true,"href":"https:\/\/bolting.eu\/en\/wp-json\/wp\/v2\/product_tag?post=36842"}],"curies":[{"name":"wp","href":"https:\/\/api.w.org\/{rel}","templated":true}]}}