{"id":36743,"date":"2026-01-28T13:05:32","date_gmt":"2026-01-28T12:05:32","guid":{"rendered":"https:\/\/bolting.eu\/?post_type=product&#038;p=36743"},"modified":"2026-01-28T13:56:54","modified_gmt":"2026-01-28T12:56:54","slug":"rafiki-suesca-klettertop","status":"publish","type":"product","link":"https:\/\/bolting.eu\/en\/shop\/rafiki-suesca-klettertop\/","title":{"rendered":"Rafiki Suesca Klettertop"},"content":{"rendered":"<p>Das Rafiki Suesca ist ein enges Damen Klettertop. Es ist ein idealer Begleiter f\u00fcr bewegungsreiche Aktivit\u00e4ten.<\/p>\n<p>Denn es hat ein Bustier integriert. Somit gibt es sehr guten Support bei Yoga, Klettern oder Laufen. Hierbei k\u00f6nnt ihr die Kunststoff BH &#8211; K\u00f6rbchen entfernen.<\/p>\n<p>Insgesamt ein ideales Top f\u00fcr den Sommer oder die Boulder- und Kletterhalle.<\/p>\n<p>Dank des etwas l\u00e4ngeren Schnittes, passt das Top auch ideal unter einen <a href=\"https:\/\/bolting.eu\/produkt-kategorie\/kletterausruestung\/klettergurte\/\">Klettergurt<\/a>!<\/p>\n<h2>Eigenschaften Rafiki Suesca Klettertop<\/h2>\n<ul>\n<li>Hersteller: <a href=\"https:\/\/bolting.eu\/produkt-kategorie\/rafiki\/\">Rafiki<\/a><\/li>\n<li>Damen Klettertop mit integriertem Bustier<\/li>\n<li>Gewicht: 120 Gramm (Gr. M)<\/li>\n<li>Material au\u00dfen: 93% Baumwolle, 7% Spandex<\/li>\n<li>Material Bustier: 92% Polyester, 8% Elastan<\/li>\n<li>Schnitt: Slim Fit<\/li>\n<li>Farbe: blau<\/li>\n<li>ideal f\u00fcr bewegungsreiche Sportarten<\/li>\n<li>perfekt f\u00fcr Indoor Klettern &amp; Bouldern<\/li>\n<li>etwas l\u00e4ngerer Schnitt &#8211; passt unter H\u00fcftband des Klettergurtes<\/li>\n<li>x-f\u00f6rmige Spaghettitr\u00e4ger am R\u00fccken<\/li>\n<li><a href=\"https:\/\/www.rafikiclimbing.com\/\" target=\"_blank\" rel=\"noopener\">zum Hersteller<\/a><\/li>\n<\/ul>\n<h3>Gr\u00f6\u00dfentabelle<\/h3>\n<p>In der folgenden Tabelle k\u00f6nnt ihr in der Rafiki Gr\u00f6\u00dfentabelle die idealen Ma\u00dfe f\u00fcr euer Suesca Klettertop f\u00fcr Damen nachschauen.<\/p>\n<table>\n<thead>\n<tr>\n<th><\/th>\n<th style=\"text-align: center;\">32<\/th>\n<th style=\"text-align: center;\">34<\/th>\n<th style=\"text-align: center;\">36<\/th>\n<th style=\"text-align: center;\">38<\/th>\n<th style=\"text-align: center;\">40<\/th>\n<th style=\"text-align: center;\">42<\/th>\n<th style=\"text-align: center;\">44<\/th>\n<\/tr>\n<tr>\n<th style=\"text-align: center;\"><\/th>\n<th style=\"text-align: center;\">XXS<\/th>\n<th style=\"text-align: center;\">XS<\/th>\n<th style=\"text-align: center;\">S<\/th>\n<th style=\"text-align: center;\">M<\/th>\n<th style=\"text-align: center;\">L<\/th>\n<th style=\"text-align: center;\">XL<\/th>\n<th style=\"text-align: center;\">XXL<\/th>\n<\/tr>\n<\/thead>\n<tbody>\n<tr>\n<td style=\"text-align: center;\"><strong>Brust<\/strong><\/td>\n<td style=\"text-align: center;\">77-80<\/td>\n<td style=\"text-align: center;\">81-84<\/td>\n<td style=\"text-align: center;\">85-88<\/td>\n<td style=\"text-align: center;\">89-92<\/td>\n<td style=\"text-align: center;\">93-96<\/td>\n<td style=\"text-align: center;\">97-100<\/td>\n<td style=\"text-align: center;\">100-103<\/td>\n<\/tr>\n<tr>\n<td style=\"text-align: center;\"><strong>Taille<\/strong><\/td>\n<td style=\"text-align: center;\">59-62<\/td>\n<td style=\"text-align: center;\">63-66<\/td>\n<td style=\"text-align: center;\">67-70<\/td>\n<td style=\"text-align: center;\">71-74<\/td>\n<td style=\"text-align: center;\">75-78<\/td>\n<td style=\"text-align: center;\">79-82<\/td>\n<td style=\"text-align: center;\">83-86<\/td>\n<\/tr>\n<tr>\n<td style=\"text-align: center;\"><strong>H\u00fcfte<\/strong><\/td>\n<td style=\"text-align: center;\">85-88<\/td>\n<td style=\"text-align: center;\">89-92<\/td>\n<td style=\"text-align: center;\">93-96<\/td>\n<td style=\"text-align: center;\">97-101<\/td>\n<td style=\"text-align: center;\">102-105<\/td>\n<td style=\"text-align: center;\">106-109<\/td>\n<td style=\"text-align: center;\">110-113<\/td>\n<\/tr>\n<tr>\n<td style=\"text-align: center;\"><strong>Schritt innen<\/strong><\/td>\n<td style=\"text-align: center;\">76-79<\/td>\n<td style=\"text-align: center;\">78-81<\/td>\n<td style=\"text-align: center;\">80-83<\/td>\n<td style=\"text-align: center;\">82-85<\/td>\n<td style=\"text-align: center;\">84-87<\/td>\n<td style=\"text-align: center;\">86-89<\/td>\n<td style=\"text-align: center;\">88-90<\/td>\n<\/tr>\n<\/tbody>\n<\/table>\n<p>&nbsp;<\/p>\n<p><strong>Als Anhaltspunkt ein Bild mit dem Top in Gr\u00f6\u00dfe 36 = S.<\/strong><\/p>\n<p><a href=\"https:\/\/bolting.eu\/wp-content\/uploads\/2026\/01\/Rafiki-Suesca-4.jpg\"><img loading=\"lazy\" decoding=\"async\" class=\"alignnone wp-image-36766 size-medium\" src=\"https:\/\/bolting.eu\/wp-content\/uploads\/2026\/01\/Rafiki-Suesca-4-400x400.jpg\" alt=\"Grafik mit einem Modells mit Rafiki Klettertank f\u00fcr Damen mit Angaben Brust, Taille und H\u00fcfte Umfang.\" width=\"400\" height=\"400\" srcset=\"https:\/\/bolting.eu\/wp-content\/uploads\/2026\/01\/Rafiki-Suesca-4-400x400.jpg 400w, https:\/\/bolting.eu\/wp-content\/uploads\/2026\/01\/Rafiki-Suesca-4-280x280.jpg 280w, https:\/\/bolting.eu\/wp-content\/uploads\/2026\/01\/Rafiki-Suesca-4-247x247.jpg 247w, https:\/\/bolting.eu\/wp-content\/uploads\/2026\/01\/Rafiki-Suesca-4-510x510.jpg 510w, https:\/\/bolting.eu\/wp-content\/uploads\/2026\/01\/Rafiki-Suesca-4-100x100.jpg 100w, https:\/\/bolting.eu\/wp-content\/uploads\/2026\/01\/Rafiki-Suesca-4.jpg 700w\" sizes=\"auto, (max-width: 400px) 100vw, 400px\" \/><\/a><\/p>\n<p>&nbsp;<\/p>\n","protected":false},"excerpt":{"rendered":"<p>Damen Klettertop mit integriertem Bustier.<\/p>\n<p>Ideal f\u00fcr alle bewegungsreichen Aktivit\u00e4ten bzw. den Sommer oder die Kletterhalle.<\/p>\n<p>Versandkostenfrei bis 2kg in <img decoding=\"async\" class=\"emoji\" role=\"img\" draggable=\"false\" src=\"https:\/\/s.w.org\/images\/core\/emoji\/14.0.0\/svg\/1f1e6-1f1f9.svg\" alt=\"\ud83c\udde6\ud83c\uddf9\" \/> ab \u20ac 100,- und <img decoding=\"async\" class=\"emoji\" role=\"img\" draggable=\"false\" src=\"https:\/\/s.w.org\/images\/core\/emoji\/14.0.0\/svg\/1f1e9-1f1ea.svg\" alt=\"\ud83c\udde9\ud83c\uddea\" \/> ab \u20ac 200,-!<\/p>\n","protected":false},"featured_media":36764,"comment_status":"closed","ping_status":"closed","template":"","meta":[],"product_brand":[],"product_cat":[15245,15224,15229],"product_tag":[],"class_list":{"0":"post-36743","1":"product","2":"type-product","3":"status-publish","4":"has-post-thumbnail","6":"product_cat-rafiki","7":"product_cat-kletterbekleidung","8":"product_cat-kletter-t-shirts-bouldern","10":"first","11":"instock","12":"taxable","13":"shipping-taxable","14":"purchasable","15":"product-type-variable"},"yoast_head":"<!-- This site is optimized with the Yoast SEO Premium plugin v26.9 (Yoast SEO v26.9) - https:\/\/yoast.com\/product\/yoast-seo-premium-wordpress\/ -->\n<title>Rafiki Suesca Klettertop | bolting.eu<\/title>\n<meta name=\"description\" content=\"Rafiki Suesca Klettertop beim Kletterprofi kaufen \u2705 Trusted Shop \u2705 kostenloser Versand* \u2705 14 Tage R\u00fcckgaberecht \u2705 Co2 neutraler Versand\" \/>\n<meta name=\"robots\" content=\"index, follow, max-snippet:-1, max-image-preview:large, max-video-preview:-1\" \/>\n<link rel=\"canonical\" href=\"https:\/\/bolting.eu\/en\/shop\/rafiki-suesca-klettertop\/\" \/>\n<meta property=\"og:locale\" content=\"en_US\" \/>\n<meta property=\"og:type\" content=\"article\" \/>\n<meta property=\"og:title\" content=\"Rafiki Suesca Klettertop\" \/>\n<meta property=\"og:description\" content=\"Rafiki Suesca Klettertop beim Kletterprofi kaufen \u2705 Trusted Shop \u2705 kostenloser Versand* \u2705 14 Tage R\u00fcckgaberecht \u2705 Co2 neutraler Versand\" \/>\n<meta property=\"og:url\" content=\"https:\/\/bolting.eu\/en\/shop\/rafiki-suesca-klettertop\/\" \/>\n<meta property=\"og:site_name\" content=\"bolting.eu\" \/>\n<meta property=\"article:publisher\" content=\"https:\/\/www.facebook.com\/bolting.eu\" \/>\n<meta property=\"article:modified_time\" content=\"2026-01-28T12:56:54+00:00\" \/>\n<meta property=\"og:image\" content=\"https:\/\/bolting.eu\/wp-content\/uploads\/2026\/01\/Rafiki-Suesca-5.jpg\" \/>\n\t<meta property=\"og:image:width\" content=\"700\" \/>\n\t<meta property=\"og:image:height\" content=\"700\" \/>\n\t<meta property=\"og:image:type\" content=\"image\/jpeg\" \/>\n<meta name=\"twitter:card\" content=\"summary_large_image\" \/>\n<meta name=\"twitter:label1\" content=\"Availability\" \/>\n\t<meta name=\"twitter:data1\" content=\"In stock\" \/>\n<script type=\"application\/ld+json\" class=\"yoast-schema-graph\">{\"@context\":\"https:\/\/schema.org\",\"@graph\":[{\"@type\":[\"WebPage\",\"ItemPage\"],\"@id\":\"https:\/\/bolting.eu\/en\/shop\/rafiki-suesca-klettertop\/\",\"url\":\"https:\/\/bolting.eu\/en\/shop\/rafiki-suesca-klettertop\/\",\"name\":\"Rafiki Suesca Klettertop | bolting.eu\",\"isPartOf\":{\"@id\":\"https:\/\/bolting.eu\/en\/#website\"},\"primaryImageOfPage\":{\"@id\":\"https:\/\/bolting.eu\/en\/shop\/rafiki-suesca-klettertop\/#primaryimage\"},\"image\":{\"@id\":\"https:\/\/bolting.eu\/en\/shop\/rafiki-suesca-klettertop\/#primaryimage\"},\"thumbnailUrl\":\"https:\/\/bolting.eu\/wp-content\/uploads\/2026\/01\/Rafiki-Suesca-5.jpg\",\"datePublished\":\"2026-01-28T12:05:32+00:00\",\"dateModified\":\"2026-01-28T12:56:54+00:00\",\"description\":\"Rafiki Suesca Klettertop beim Kletterprofi kaufen \u2705 Trusted Shop \u2705 kostenloser Versand* \u2705 14 Tage R\u00fcckgaberecht \u2705 Co2 neutraler Versand\",\"breadcrumb\":{\"@id\":\"https:\/\/bolting.eu\/en\/shop\/rafiki-suesca-klettertop\/#breadcrumb\"},\"inLanguage\":\"en-US\",\"potentialAction\":[{\"@type\":\"ReadAction\",\"target\":[\"https:\/\/bolting.eu\/en\/shop\/rafiki-suesca-klettertop\/\"]}]},{\"@type\":\"ImageObject\",\"inLanguage\":\"en-US\",\"@id\":\"https:\/\/bolting.eu\/en\/shop\/rafiki-suesca-klettertop\/#primaryimage\",\"url\":\"https:\/\/bolting.eu\/wp-content\/uploads\/2026\/01\/Rafiki-Suesca-5.jpg\",\"contentUrl\":\"https:\/\/bolting.eu\/wp-content\/uploads\/2026\/01\/Rafiki-Suesca-5.jpg\",\"width\":700,\"height\":700,\"caption\":\"Modell mit blauem Rafiki Suesca Damen Klettertop von der Vorderseite vor wei\u00dfem Hintergrund.\"},{\"@type\":\"BreadcrumbList\",\"@id\":\"https:\/\/bolting.eu\/en\/shop\/rafiki-suesca-klettertop\/#breadcrumb\",\"itemListElement\":[{\"@type\":\"ListItem\",\"position\":1,\"name\":\"Shop\",\"item\":\"https:\/\/bolting.eu\/en\/shop\/\"},{\"@type\":\"ListItem\",\"position\":2,\"name\":\"Kletterbekleidung\",\"item\":\"https:\/\/bolting.eu\/produkt-kategorie\/kletterbekleidung\/\"},{\"@type\":\"ListItem\",\"position\":3,\"name\":\"Kletter &amp; Boulder T-Shirts\",\"item\":\"https:\/\/bolting.eu\/produkt-kategorie\/kletterbekleidung\/kletter-t-shirts-bouldern\/\"},{\"@type\":\"ListItem\",\"position\":4,\"name\":\"Rafiki Suesca Klettertop\"}]},{\"@type\":\"WebSite\",\"@id\":\"https:\/\/bolting.eu\/en\/#website\",\"url\":\"https:\/\/bolting.eu\/en\/\",\"name\":\"bolting.eu\",\"description\":\"we make climbs happen\",\"publisher\":{\"@id\":\"https:\/\/bolting.eu\/en\/#organization\"},\"potentialAction\":[{\"@type\":\"SearchAction\",\"target\":{\"@type\":\"EntryPoint\",\"urlTemplate\":\"https:\/\/bolting.eu\/en\/?s={search_term_string}\"},\"query-input\":{\"@type\":\"PropertyValueSpecification\",\"valueRequired\":true,\"valueName\":\"search_term_string\"}}],\"inLanguage\":\"en-US\"},{\"@type\":[\"Organization\",\"Place\",\"SportingGoodsStore\"],\"@id\":\"https:\/\/bolting.eu\/en\/#organization\",\"name\":\"bolting.eu\",\"url\":\"https:\/\/bolting.eu\/en\/\",\"logo\":{\"@id\":\"https:\/\/bolting.eu\/en\/shop\/rafiki-suesca-klettertop\/#local-main-organization-logo\"},\"image\":{\"@id\":\"https:\/\/bolting.eu\/en\/shop\/rafiki-suesca-klettertop\/#local-main-organization-logo\"},\"sameAs\":[\"https:\/\/www.facebook.com\/bolting.eu\",\"https:\/\/www.instagram.com\/bolting.eu\/\"],\"address\":{\"@id\":\"https:\/\/bolting.eu\/en\/shop\/rafiki-suesca-klettertop\/#local-main-place-address\"},\"geo\":{\"@type\":\"GeoCoordinates\",\"latitude\":\"47.264176340396226\",\"longitude\":\"11.380109057672346\"},\"telephone\":[\"+43 699 19083372\"],\"openingHoursSpecification\":[{\"@type\":\"OpeningHoursSpecification\",\"dayOfWeek\":[\"Monday\",\"Wednesday\",\"Friday\"],\"opens\":\"14:00\",\"closes\":\"18:00\"},{\"@type\":\"OpeningHoursSpecification\",\"dayOfWeek\":[\"Tuesday\",\"Thursday\",\"Saturday\",\"Sunday\"],\"opens\":\"00:00\",\"closes\":\"00:00\"}],\"email\":\"office@bolting.eu\",\"vatID\":\"ATU59999728\",\"priceRange\":\"$$\",\"currenciesAccepted\":\"Euro\"},{\"@type\":\"PostalAddress\",\"@id\":\"https:\/\/bolting.eu\/en\/shop\/rafiki-suesca-klettertop\/#local-main-place-address\",\"streetAddress\":\"Fischnalerstra\u00dfe 4\",\"addressLocality\":\"Innsbruck\",\"postalCode\":\"6020\",\"addressRegion\":\"Tirol\",\"addressCountry\":\"AT\"},{\"@type\":\"ImageObject\",\"inLanguage\":\"en-US\",\"@id\":\"https:\/\/bolting.eu\/en\/shop\/rafiki-suesca-klettertop\/#local-main-organization-logo\",\"url\":\"https:\/\/bolting.eu\/wp-content\/uploads\/2019\/09\/bolting-logo.png\",\"contentUrl\":\"https:\/\/bolting.eu\/wp-content\/uploads\/2019\/09\/bolting-logo.png\",\"width\":400,\"height\":211,\"caption\":\"bolting.eu\"}]}<\/script>\n<meta property=\"og:availability\" content=\"instock\" \/>\n<meta property=\"product:availability\" content=\"instock\" \/>\n<meta property=\"product:condition\" content=\"new\" \/>\n<meta name=\"geo.placename\" content=\"Innsbruck\" \/>\n<meta name=\"geo.position\" content=\"47.264176340396226;11.380109057672346\" \/>\n<meta name=\"geo.region\" content=\"Austria\" \/>\n<!-- \/ Yoast SEO Premium plugin. -->","yoast_head_json":{"title":"Rafiki Suesca Klettertop | bolting.eu","description":"Rafiki Suesca Klettertop beim Kletterprofi kaufen \u2705 Trusted Shop \u2705 kostenloser Versand* \u2705 14 Tage R\u00fcckgaberecht \u2705 Co2 neutraler Versand","robots":{"index":"index","follow":"follow","max-snippet":"max-snippet:-1","max-image-preview":"max-image-preview:large","max-video-preview":"max-video-preview:-1"},"canonical":"https:\/\/bolting.eu\/en\/shop\/rafiki-suesca-klettertop\/","og_locale":"en_US","og_type":"article","og_title":"Rafiki Suesca Klettertop","og_description":"Rafiki Suesca Klettertop beim Kletterprofi kaufen \u2705 Trusted Shop \u2705 kostenloser Versand* \u2705 14 Tage R\u00fcckgaberecht \u2705 Co2 neutraler Versand","og_url":"https:\/\/bolting.eu\/en\/shop\/rafiki-suesca-klettertop\/","og_site_name":"bolting.eu","article_publisher":"https:\/\/www.facebook.com\/bolting.eu","article_modified_time":"2026-01-28T12:56:54+00:00","og_image":[{"width":700,"height":700,"url":"https:\/\/bolting.eu\/wp-content\/uploads\/2026\/01\/Rafiki-Suesca-5.jpg","type":"image\/jpeg"}],"twitter_card":"summary_large_image","twitter_misc":{"Availability":"In stock"},"schema":{"@context":"https:\/\/schema.org","@graph":[{"@type":["WebPage","ItemPage"],"@id":"https:\/\/bolting.eu\/en\/shop\/rafiki-suesca-klettertop\/","url":"https:\/\/bolting.eu\/en\/shop\/rafiki-suesca-klettertop\/","name":"Rafiki Suesca Klettertop | bolting.eu","isPartOf":{"@id":"https:\/\/bolting.eu\/en\/#website"},"primaryImageOfPage":{"@id":"https:\/\/bolting.eu\/en\/shop\/rafiki-suesca-klettertop\/#primaryimage"},"image":{"@id":"https:\/\/bolting.eu\/en\/shop\/rafiki-suesca-klettertop\/#primaryimage"},"thumbnailUrl":"https:\/\/bolting.eu\/wp-content\/uploads\/2026\/01\/Rafiki-Suesca-5.jpg","datePublished":"2026-01-28T12:05:32+00:00","dateModified":"2026-01-28T12:56:54+00:00","description":"Rafiki Suesca Klettertop beim Kletterprofi kaufen \u2705 Trusted Shop \u2705 kostenloser Versand* \u2705 14 Tage R\u00fcckgaberecht \u2705 Co2 neutraler Versand","breadcrumb":{"@id":"https:\/\/bolting.eu\/en\/shop\/rafiki-suesca-klettertop\/#breadcrumb"},"inLanguage":"en-US","potentialAction":[{"@type":"ReadAction","target":["https:\/\/bolting.eu\/en\/shop\/rafiki-suesca-klettertop\/"]}]},{"@type":"ImageObject","inLanguage":"en-US","@id":"https:\/\/bolting.eu\/en\/shop\/rafiki-suesca-klettertop\/#primaryimage","url":"https:\/\/bolting.eu\/wp-content\/uploads\/2026\/01\/Rafiki-Suesca-5.jpg","contentUrl":"https:\/\/bolting.eu\/wp-content\/uploads\/2026\/01\/Rafiki-Suesca-5.jpg","width":700,"height":700,"caption":"Modell mit blauem Rafiki Suesca Damen Klettertop von der Vorderseite vor wei\u00dfem Hintergrund."},{"@type":"BreadcrumbList","@id":"https:\/\/bolting.eu\/en\/shop\/rafiki-suesca-klettertop\/#breadcrumb","itemListElement":[{"@type":"ListItem","position":1,"name":"Shop","item":"https:\/\/bolting.eu\/en\/shop\/"},{"@type":"ListItem","position":2,"name":"Kletterbekleidung","item":"https:\/\/bolting.eu\/produkt-kategorie\/kletterbekleidung\/"},{"@type":"ListItem","position":3,"name":"Kletter &amp; Boulder T-Shirts","item":"https:\/\/bolting.eu\/produkt-kategorie\/kletterbekleidung\/kletter-t-shirts-bouldern\/"},{"@type":"ListItem","position":4,"name":"Rafiki Suesca Klettertop"}]},{"@type":"WebSite","@id":"https:\/\/bolting.eu\/en\/#website","url":"https:\/\/bolting.eu\/en\/","name":"bolting.eu","description":"we make climbs happen","publisher":{"@id":"https:\/\/bolting.eu\/en\/#organization"},"potentialAction":[{"@type":"SearchAction","target":{"@type":"EntryPoint","urlTemplate":"https:\/\/bolting.eu\/en\/?s={search_term_string}"},"query-input":{"@type":"PropertyValueSpecification","valueRequired":true,"valueName":"search_term_string"}}],"inLanguage":"en-US"},{"@type":["Organization","Place","SportingGoodsStore"],"@id":"https:\/\/bolting.eu\/en\/#organization","name":"bolting.eu","url":"https:\/\/bolting.eu\/en\/","logo":{"@id":"https:\/\/bolting.eu\/en\/shop\/rafiki-suesca-klettertop\/#local-main-organization-logo"},"image":{"@id":"https:\/\/bolting.eu\/en\/shop\/rafiki-suesca-klettertop\/#local-main-organization-logo"},"sameAs":["https:\/\/www.facebook.com\/bolting.eu","https:\/\/www.instagram.com\/bolting.eu\/"],"address":{"@id":"https:\/\/bolting.eu\/en\/shop\/rafiki-suesca-klettertop\/#local-main-place-address"},"geo":{"@type":"GeoCoordinates","latitude":"47.264176340396226","longitude":"11.380109057672346"},"telephone":["+43 699 19083372"],"openingHoursSpecification":[{"@type":"OpeningHoursSpecification","dayOfWeek":["Monday","Wednesday","Friday"],"opens":"14:00","closes":"18:00"},{"@type":"OpeningHoursSpecification","dayOfWeek":["Tuesday","Thursday","Saturday","Sunday"],"opens":"00:00","closes":"00:00"}],"email":"office@bolting.eu","vatID":"ATU59999728","priceRange":"$$","currenciesAccepted":"Euro"},{"@type":"PostalAddress","@id":"https:\/\/bolting.eu\/en\/shop\/rafiki-suesca-klettertop\/#local-main-place-address","streetAddress":"Fischnalerstra\u00dfe 4","addressLocality":"Innsbruck","postalCode":"6020","addressRegion":"Tirol","addressCountry":"AT"},{"@type":"ImageObject","inLanguage":"en-US","@id":"https:\/\/bolting.eu\/en\/shop\/rafiki-suesca-klettertop\/#local-main-organization-logo","url":"https:\/\/bolting.eu\/wp-content\/uploads\/2019\/09\/bolting-logo.png","contentUrl":"https:\/\/bolting.eu\/wp-content\/uploads\/2019\/09\/bolting-logo.png","width":400,"height":211,"caption":"bolting.eu"}]},"og_availability":"instock","product_availability":"instock","product_condition":"new","geo.placename":"Innsbruck","geo.position":{"lat":"47.264176340396226","long":"11.380109057672346"},"geo.region":"Austria"},"_links":{"self":[{"href":"https:\/\/bolting.eu\/en\/wp-json\/wp\/v2\/product\/36743","targetHints":{"allow":["GET"]}}],"collection":[{"href":"https:\/\/bolting.eu\/en\/wp-json\/wp\/v2\/product"}],"about":[{"href":"https:\/\/bolting.eu\/en\/wp-json\/wp\/v2\/types\/product"}],"replies":[{"embeddable":true,"href":"https:\/\/bolting.eu\/en\/wp-json\/wp\/v2\/comments?post=36743"}],"wp:featuredmedia":[{"embeddable":true,"href":"https:\/\/bolting.eu\/en\/wp-json\/wp\/v2\/media\/36764"}],"wp:attachment":[{"href":"https:\/\/bolting.eu\/en\/wp-json\/wp\/v2\/media?parent=36743"}],"wp:term":[{"taxonomy":"product_brand","embeddable":true,"href":"https:\/\/bolting.eu\/en\/wp-json\/wp\/v2\/product_brand?post=36743"},{"taxonomy":"product_cat","embeddable":true,"href":"https:\/\/bolting.eu\/en\/wp-json\/wp\/v2\/product_cat?post=36743"},{"taxonomy":"product_tag","embeddable":true,"href":"https:\/\/bolting.eu\/en\/wp-json\/wp\/v2\/product_tag?post=36743"}],"curies":[{"name":"wp","href":"https:\/\/api.w.org\/{rel}","templated":true}]}}