{"id":36689,"date":"2026-01-27T15:14:14","date_gmt":"2026-01-27T14:14:14","guid":{"rendered":"https:\/\/bolting.eu\/?post_type=product&#038;p=36689"},"modified":"2026-03-27T11:18:13","modified_gmt":"2026-03-27T10:18:13","slug":"petzl-rollclip-a","status":"publish","type":"product","link":"https:\/\/bolting.eu\/en\/shop\/petzl-rollclip-a\/","title":{"rendered":"Petzl Rollclip A"},"content":{"rendered":"<p>Der Petzl Rollclip A ist ein Karabiner mit Rolle Dabei ist die Schnapper\u00f6ffnung hin zur Rolle. D.h. &#8220;unten&#8221;.<\/p>\n<p>Somit ist das Modell ideal zum oftmaligen ein- und aush\u00e4ngen in Anschlagpunkte oder Ger\u00e4te. Wie z.B. beim Seilaufstieg mit Handsteigklemme und Sicherungsger\u00e4t. Oder bei einem Flaschenzug.<\/p>\n<p>Um ihn dabei in L\u00e4ngsrichtung zu fixieren, k\u00f6nnt ihr den <a href=\"https:\/\/bolting.eu\/shop\/petzl-captiv\/\">Captiv Fixierb\u00fcgel<\/a> installieren.<\/p>\n<p>Dieses Modell gibt es in zwei Varianten. Erstens mit einfachem Schnapper Verschluss. Und zweitens mit Triact-Lock Verschluss.<\/p>\n<p>Wer ein Seil fix im Karabiner einh\u00e4ngen m\u00f6chte, sollte das <a href=\"https:\/\/bolting.eu\/shop\/petzl-rollclip-z\/\">Z Modell<\/a> (Schnapper ist hier &#8220;oben&#8221;, entgegengesetzt zur Rolle) w\u00e4hlen.<\/p>\n<h2>Eigenschaften Petzl Rollclip A<\/h2>\n<ul>\n<li>Hersteller: <a href=\"https:\/\/bolting.eu\/produkt-kategorie\/petzl\/\">Petzl<\/a><\/li>\n<li>Material: Alu<\/li>\n<li>Gewicht: 115 Gramm (TL) bzw. 105 Gramm (SL)<\/li>\n<li>Karabiner mit Rolle f\u00fcr Industrieklettern und Alpinismus<\/li>\n<li>Wirkungsgrad Seilrolle: 85%<\/li>\n<li>Laufrolle gekapselt = wartungsfrei<\/li>\n<li>maximale Gebrauchslast: 2 x 2 = 4 kN<\/li>\n<li><a href=\"https:\/\/bolting.eu\/bruchlast-karabiner\/\">Bruchlast Karabiner<\/a> l\u00e4ngs &#8211; quer &#8211; offen: 20 kN &#8211; 8 kN &#8211; 7 kN<\/li>\n<li>Schnapper\u00f6ffnung: 22mm (TL) bzw. 25mm (SL)<\/li>\n<li>Normen: <a href=\"https:\/\/bolting.eu\/en-362-norm\/\">EN 362<\/a>, <a href=\"https:\/\/bolting.eu\/en-12275-norm\/\">EN 12275<\/a><\/li>\n<li>Ma\u00dfe: 129 x 66 mm<\/li>\n<li>Farbe: orange<\/li>\n<li>hei\u00df geschmiedet<\/li>\n<li>Keylock Schnapper<\/li>\n<li><a href=\"https:\/\/www.petzl.com\/AT\/de\/Professional\/Seilrollen\/ROLLCLIP-Z#:~:text=Das%20PDF%20herunterladen%20%3A%20technical%2Dnotice%2DROLLCLIP%2D2%20%2D%202.50%20MB\" target=\"_blank\" rel=\"noopener\">Bedienungsanleitung<\/a><\/li>\n<\/ul>\n<h3>Wozu Karabiner mit Rolle?<\/h3>\n<p>Modelle wie der Rollclip A sind ideal beim Seil Aufstieg mit einer Seilklemme und einem Sicherungsger\u00e4t. Wie z.B. einem <a href=\"https:\/\/bolting.eu\/shop\/petzl-ascension-handsteigklemme\/\">Ascension<\/a> und dem <a href=\"https:\/\/bolting.eu\/shop\/petzl-grigri-2\/\">GriGri 2<\/a>, <a href=\"https:\/\/bolting.eu\/shop\/petzl-rig\/\">Rig<\/a> oder <a href=\"https:\/\/bolting.eu\/shop\/petzl-id-s\/\">ID S<\/a>.<\/p>\n<p>Hierbei dient die Rolle als kraftsparende Umlenkung bei der Aufw\u00e4rtsbewegung.<\/p>\n<p>Beim klassischen Flaschenzug mit z.B. einem\u00a0<a href=\"https:\/\/bolting.eu\/shop\/petzl-rescucender\/\">Descender<\/a> ist der Nutzen ganz offensichtlich. Der hohe Wirkungsgrad beim Umlenken.<\/p>\n<p>Weiters k\u00f6nnt ihr mit diesem Modell einfache Hub- und Ablass Man\u00f6ver machen.<\/p>\n","protected":false},"excerpt":{"rendered":"<p>Karabiner mit Rolle f\u00fcr\u00b4s Industrieklettern bzw. Alpinismus. Der Schnapper ist &#8220;unten&#8221; zum oftmaligen ein- und aush\u00e4ngen des Seils.<\/p>\n<p>Erh\u00e4ltlich mit Schnapper Verschluss oder Triact-Lock Verschluss.<\/p>\n<p>Versandkostenfrei bis 2kg in <img decoding=\"async\" class=\"emoji\" role=\"img\" draggable=\"false\" src=\"https:\/\/s.w.org\/images\/core\/emoji\/14.0.0\/svg\/1f1e6-1f1f9.svg\" alt=\"\ud83c\udde6\ud83c\uddf9\" \/> ab \u20ac 100,- und <img decoding=\"async\" class=\"emoji\" role=\"img\" draggable=\"false\" src=\"https:\/\/s.w.org\/images\/core\/emoji\/14.0.0\/svg\/1f1e9-1f1ea.svg\" alt=\"\ud83c\udde9\ud83c\uddea\" \/> ab \u20ac 200,-!<\/p>\n<p>&nbsp;<\/p>\n","protected":false},"featured_media":36693,"comment_status":"closed","ping_status":"closed","template":"","meta":[],"product_brand":[],"product_cat":[14749,1210,4586,14056,14093,14513],"product_tag":[],"class_list":{"0":"post-36689","1":"product","2":"type-product","3":"status-publish","4":"has-post-thumbnail","6":"product_cat-verbindungselemente","7":"product_cat-einbohrartikel","8":"product_cat-seilrollen","9":"product_cat-seil-auf-abstieg","10":"product_cat-petzl","11":"product_cat-industriekletter-ausruestung","13":"first","14":"instock","15":"taxable","16":"shipping-taxable","17":"purchasable","18":"product-type-variable"},"yoast_head":"<!-- This site is optimized with the Yoast SEO Premium plugin v26.9 (Yoast SEO v26.9) - https:\/\/yoast.com\/product\/yoast-seo-premium-wordpress\/ -->\n<title>Petzl Rollclip A Karabiner mit Rolle | bolting.eu<\/title>\n<meta name=\"description\" content=\"PETZL Rollclip A Karabiner mit Rolle beim Industriekletterprofi kaufen \u2705 kostenloser Versand* \u2705 14 Tage R\u00fcckgaberecht \u2705 Co2 neutraler Versand\" \/>\n<meta name=\"robots\" content=\"index, follow, max-snippet:-1, max-image-preview:large, max-video-preview:-1\" \/>\n<link rel=\"canonical\" href=\"https:\/\/bolting.eu\/en\/shop\/petzl-rollclip-a\/\" \/>\n<meta property=\"og:locale\" content=\"en_US\" \/>\n<meta property=\"og:type\" content=\"article\" \/>\n<meta property=\"og:title\" content=\"Petzl Rollclip A\" \/>\n<meta property=\"og:description\" content=\"PETZL Rollclip A Karabiner mit Rolle beim Industriekletterprofi kaufen \u2705 kostenloser Versand* \u2705 14 Tage R\u00fcckgaberecht \u2705 Co2 neutraler Versand\" \/>\n<meta property=\"og:url\" content=\"https:\/\/bolting.eu\/en\/shop\/petzl-rollclip-a\/\" \/>\n<meta property=\"og:site_name\" content=\"bolting.eu\" \/>\n<meta property=\"article:publisher\" content=\"https:\/\/www.facebook.com\/bolting.eu\" \/>\n<meta property=\"article:modified_time\" content=\"2026-03-27T10:18:13+00:00\" \/>\n<meta property=\"og:image\" content=\"https:\/\/bolting.eu\/wp-content\/uploads\/2026\/01\/Petzl-Rollclip-a-1.jpg\" \/>\n\t<meta property=\"og:image:width\" content=\"700\" \/>\n\t<meta property=\"og:image:height\" content=\"700\" \/>\n\t<meta property=\"og:image:type\" content=\"image\/jpeg\" \/>\n<meta name=\"twitter:card\" content=\"summary_large_image\" \/>\n<meta name=\"twitter:label1\" content=\"Availability\" \/>\n\t<meta name=\"twitter:data1\" content=\"In stock\" \/>\n<script type=\"application\/ld+json\" class=\"yoast-schema-graph\">{\"@context\":\"https:\/\/schema.org\",\"@graph\":[{\"@type\":[\"WebPage\",\"ItemPage\"],\"@id\":\"https:\/\/bolting.eu\/en\/shop\/petzl-rollclip-a\/\",\"url\":\"https:\/\/bolting.eu\/en\/shop\/petzl-rollclip-a\/\",\"name\":\"Petzl Rollclip A Karabiner mit Rolle | bolting.eu\",\"isPartOf\":{\"@id\":\"https:\/\/bolting.eu\/en\/#website\"},\"primaryImageOfPage\":{\"@id\":\"https:\/\/bolting.eu\/en\/shop\/petzl-rollclip-a\/#primaryimage\"},\"image\":{\"@id\":\"https:\/\/bolting.eu\/en\/shop\/petzl-rollclip-a\/#primaryimage\"},\"thumbnailUrl\":\"https:\/\/bolting.eu\/wp-content\/uploads\/2026\/01\/Petzl-Rollclip-a-1.jpg\",\"datePublished\":\"2026-01-27T14:14:14+00:00\",\"dateModified\":\"2026-03-27T10:18:13+00:00\",\"description\":\"PETZL Rollclip A Karabiner mit Rolle beim Industriekletterprofi kaufen \u2705 kostenloser Versand* \u2705 14 Tage R\u00fcckgaberecht \u2705 Co2 neutraler Versand\",\"breadcrumb\":{\"@id\":\"https:\/\/bolting.eu\/en\/shop\/petzl-rollclip-a\/#breadcrumb\"},\"inLanguage\":\"en-US\",\"potentialAction\":[{\"@type\":\"ReadAction\",\"target\":[\"https:\/\/bolting.eu\/en\/shop\/petzl-rollclip-a\/\"]}]},{\"@type\":\"ImageObject\",\"inLanguage\":\"en-US\",\"@id\":\"https:\/\/bolting.eu\/en\/shop\/petzl-rollclip-a\/#primaryimage\",\"url\":\"https:\/\/bolting.eu\/wp-content\/uploads\/2026\/01\/Petzl-Rollclip-a-1.jpg\",\"contentUrl\":\"https:\/\/bolting.eu\/wp-content\/uploads\/2026\/01\/Petzl-Rollclip-a-1.jpg\",\"width\":700,\"height\":700,\"caption\":\"Oranger Petzl Rollclip A Karabiner mit Rolle und Triact-Lock Verschluss nach rechts.\"},{\"@type\":\"BreadcrumbList\",\"@id\":\"https:\/\/bolting.eu\/en\/shop\/petzl-rollclip-a\/#breadcrumb\",\"itemListElement\":[{\"@type\":\"ListItem\",\"position\":1,\"name\":\"Shop\",\"item\":\"https:\/\/bolting.eu\/en\/shop\/\"},{\"@type\":\"ListItem\",\"position\":2,\"name\":\"Industrial climbing gear\",\"item\":\"https:\/\/bolting.eu\/en\/produkt-kategorie\/industrial-climbing-gear\/\"},{\"@type\":\"ListItem\",\"position\":3,\"name\":\"Verbindungselemente\",\"item\":\"https:\/\/bolting.eu\/produkt-kategorie\/industriekletter-ausruestung\/verbindungselemente\/\"},{\"@type\":\"ListItem\",\"position\":4,\"name\":\"Petzl Rollclip A\"}]},{\"@type\":\"WebSite\",\"@id\":\"https:\/\/bolting.eu\/en\/#website\",\"url\":\"https:\/\/bolting.eu\/en\/\",\"name\":\"bolting.eu\",\"description\":\"we make climbs happen\",\"publisher\":{\"@id\":\"https:\/\/bolting.eu\/en\/#organization\"},\"potentialAction\":[{\"@type\":\"SearchAction\",\"target\":{\"@type\":\"EntryPoint\",\"urlTemplate\":\"https:\/\/bolting.eu\/en\/?s={search_term_string}\"},\"query-input\":{\"@type\":\"PropertyValueSpecification\",\"valueRequired\":true,\"valueName\":\"search_term_string\"}}],\"inLanguage\":\"en-US\"},{\"@type\":[\"Organization\",\"Place\",\"SportingGoodsStore\"],\"@id\":\"https:\/\/bolting.eu\/en\/#organization\",\"name\":\"bolting.eu\",\"url\":\"https:\/\/bolting.eu\/en\/\",\"logo\":{\"@id\":\"https:\/\/bolting.eu\/en\/shop\/petzl-rollclip-a\/#local-main-organization-logo\"},\"image\":{\"@id\":\"https:\/\/bolting.eu\/en\/shop\/petzl-rollclip-a\/#local-main-organization-logo\"},\"sameAs\":[\"https:\/\/www.facebook.com\/bolting.eu\",\"https:\/\/www.instagram.com\/bolting.eu\/\"],\"address\":{\"@id\":\"https:\/\/bolting.eu\/en\/shop\/petzl-rollclip-a\/#local-main-place-address\"},\"geo\":{\"@type\":\"GeoCoordinates\",\"latitude\":\"47.264176340396226\",\"longitude\":\"11.380109057672346\"},\"telephone\":[\"+43 699 19083372\"],\"openingHoursSpecification\":[{\"@type\":\"OpeningHoursSpecification\",\"dayOfWeek\":[\"Monday\",\"Wednesday\",\"Friday\"],\"opens\":\"14:00\",\"closes\":\"18:00\"},{\"@type\":\"OpeningHoursSpecification\",\"dayOfWeek\":[\"Tuesday\",\"Thursday\",\"Saturday\",\"Sunday\"],\"opens\":\"00:00\",\"closes\":\"00:00\"}],\"email\":\"office@bolting.eu\",\"vatID\":\"ATU59999728\",\"priceRange\":\"$$\",\"currenciesAccepted\":\"Euro\"},{\"@type\":\"PostalAddress\",\"@id\":\"https:\/\/bolting.eu\/en\/shop\/petzl-rollclip-a\/#local-main-place-address\",\"streetAddress\":\"Fischnalerstra\u00dfe 4\",\"addressLocality\":\"Innsbruck\",\"postalCode\":\"6020\",\"addressRegion\":\"Tirol\",\"addressCountry\":\"AT\"},{\"@type\":\"ImageObject\",\"inLanguage\":\"en-US\",\"@id\":\"https:\/\/bolting.eu\/en\/shop\/petzl-rollclip-a\/#local-main-organization-logo\",\"url\":\"https:\/\/bolting.eu\/wp-content\/uploads\/2019\/09\/bolting-logo.png\",\"contentUrl\":\"https:\/\/bolting.eu\/wp-content\/uploads\/2019\/09\/bolting-logo.png\",\"width\":400,\"height\":211,\"caption\":\"bolting.eu\"}]}<\/script>\n<meta property=\"og:availability\" content=\"instock\" \/>\n<meta property=\"product:availability\" content=\"instock\" \/>\n<meta property=\"product:condition\" content=\"new\" \/>\n<meta name=\"geo.placename\" content=\"Innsbruck\" \/>\n<meta name=\"geo.position\" content=\"47.264176340396226;11.380109057672346\" \/>\n<meta name=\"geo.region\" content=\"Austria\" \/>\n<!-- \/ Yoast SEO Premium plugin. -->","yoast_head_json":{"title":"Petzl Rollclip A Karabiner mit Rolle | bolting.eu","description":"PETZL Rollclip A Karabiner mit Rolle beim Industriekletterprofi kaufen \u2705 kostenloser Versand* \u2705 14 Tage R\u00fcckgaberecht \u2705 Co2 neutraler Versand","robots":{"index":"index","follow":"follow","max-snippet":"max-snippet:-1","max-image-preview":"max-image-preview:large","max-video-preview":"max-video-preview:-1"},"canonical":"https:\/\/bolting.eu\/en\/shop\/petzl-rollclip-a\/","og_locale":"en_US","og_type":"article","og_title":"Petzl Rollclip A","og_description":"PETZL Rollclip A Karabiner mit Rolle beim Industriekletterprofi kaufen \u2705 kostenloser Versand* \u2705 14 Tage R\u00fcckgaberecht \u2705 Co2 neutraler Versand","og_url":"https:\/\/bolting.eu\/en\/shop\/petzl-rollclip-a\/","og_site_name":"bolting.eu","article_publisher":"https:\/\/www.facebook.com\/bolting.eu","article_modified_time":"2026-03-27T10:18:13+00:00","og_image":[{"width":700,"height":700,"url":"https:\/\/bolting.eu\/wp-content\/uploads\/2026\/01\/Petzl-Rollclip-a-1.jpg","type":"image\/jpeg"}],"twitter_card":"summary_large_image","twitter_misc":{"Availability":"In stock"},"schema":{"@context":"https:\/\/schema.org","@graph":[{"@type":["WebPage","ItemPage"],"@id":"https:\/\/bolting.eu\/en\/shop\/petzl-rollclip-a\/","url":"https:\/\/bolting.eu\/en\/shop\/petzl-rollclip-a\/","name":"Petzl Rollclip A Karabiner mit Rolle | bolting.eu","isPartOf":{"@id":"https:\/\/bolting.eu\/en\/#website"},"primaryImageOfPage":{"@id":"https:\/\/bolting.eu\/en\/shop\/petzl-rollclip-a\/#primaryimage"},"image":{"@id":"https:\/\/bolting.eu\/en\/shop\/petzl-rollclip-a\/#primaryimage"},"thumbnailUrl":"https:\/\/bolting.eu\/wp-content\/uploads\/2026\/01\/Petzl-Rollclip-a-1.jpg","datePublished":"2026-01-27T14:14:14+00:00","dateModified":"2026-03-27T10:18:13+00:00","description":"PETZL Rollclip A Karabiner mit Rolle beim Industriekletterprofi kaufen \u2705 kostenloser Versand* \u2705 14 Tage R\u00fcckgaberecht \u2705 Co2 neutraler Versand","breadcrumb":{"@id":"https:\/\/bolting.eu\/en\/shop\/petzl-rollclip-a\/#breadcrumb"},"inLanguage":"en-US","potentialAction":[{"@type":"ReadAction","target":["https:\/\/bolting.eu\/en\/shop\/petzl-rollclip-a\/"]}]},{"@type":"ImageObject","inLanguage":"en-US","@id":"https:\/\/bolting.eu\/en\/shop\/petzl-rollclip-a\/#primaryimage","url":"https:\/\/bolting.eu\/wp-content\/uploads\/2026\/01\/Petzl-Rollclip-a-1.jpg","contentUrl":"https:\/\/bolting.eu\/wp-content\/uploads\/2026\/01\/Petzl-Rollclip-a-1.jpg","width":700,"height":700,"caption":"Oranger Petzl Rollclip A Karabiner mit Rolle und Triact-Lock Verschluss nach rechts."},{"@type":"BreadcrumbList","@id":"https:\/\/bolting.eu\/en\/shop\/petzl-rollclip-a\/#breadcrumb","itemListElement":[{"@type":"ListItem","position":1,"name":"Shop","item":"https:\/\/bolting.eu\/en\/shop\/"},{"@type":"ListItem","position":2,"name":"Industrial climbing gear","item":"https:\/\/bolting.eu\/en\/produkt-kategorie\/industrial-climbing-gear\/"},{"@type":"ListItem","position":3,"name":"Verbindungselemente","item":"https:\/\/bolting.eu\/produkt-kategorie\/industriekletter-ausruestung\/verbindungselemente\/"},{"@type":"ListItem","position":4,"name":"Petzl Rollclip A"}]},{"@type":"WebSite","@id":"https:\/\/bolting.eu\/en\/#website","url":"https:\/\/bolting.eu\/en\/","name":"bolting.eu","description":"we make climbs happen","publisher":{"@id":"https:\/\/bolting.eu\/en\/#organization"},"potentialAction":[{"@type":"SearchAction","target":{"@type":"EntryPoint","urlTemplate":"https:\/\/bolting.eu\/en\/?s={search_term_string}"},"query-input":{"@type":"PropertyValueSpecification","valueRequired":true,"valueName":"search_term_string"}}],"inLanguage":"en-US"},{"@type":["Organization","Place","SportingGoodsStore"],"@id":"https:\/\/bolting.eu\/en\/#organization","name":"bolting.eu","url":"https:\/\/bolting.eu\/en\/","logo":{"@id":"https:\/\/bolting.eu\/en\/shop\/petzl-rollclip-a\/#local-main-organization-logo"},"image":{"@id":"https:\/\/bolting.eu\/en\/shop\/petzl-rollclip-a\/#local-main-organization-logo"},"sameAs":["https:\/\/www.facebook.com\/bolting.eu","https:\/\/www.instagram.com\/bolting.eu\/"],"address":{"@id":"https:\/\/bolting.eu\/en\/shop\/petzl-rollclip-a\/#local-main-place-address"},"geo":{"@type":"GeoCoordinates","latitude":"47.264176340396226","longitude":"11.380109057672346"},"telephone":["+43 699 19083372"],"openingHoursSpecification":[{"@type":"OpeningHoursSpecification","dayOfWeek":["Monday","Wednesday","Friday"],"opens":"14:00","closes":"18:00"},{"@type":"OpeningHoursSpecification","dayOfWeek":["Tuesday","Thursday","Saturday","Sunday"],"opens":"00:00","closes":"00:00"}],"email":"office@bolting.eu","vatID":"ATU59999728","priceRange":"$$","currenciesAccepted":"Euro"},{"@type":"PostalAddress","@id":"https:\/\/bolting.eu\/en\/shop\/petzl-rollclip-a\/#local-main-place-address","streetAddress":"Fischnalerstra\u00dfe 4","addressLocality":"Innsbruck","postalCode":"6020","addressRegion":"Tirol","addressCountry":"AT"},{"@type":"ImageObject","inLanguage":"en-US","@id":"https:\/\/bolting.eu\/en\/shop\/petzl-rollclip-a\/#local-main-organization-logo","url":"https:\/\/bolting.eu\/wp-content\/uploads\/2019\/09\/bolting-logo.png","contentUrl":"https:\/\/bolting.eu\/wp-content\/uploads\/2019\/09\/bolting-logo.png","width":400,"height":211,"caption":"bolting.eu"}]},"og_availability":"instock","product_availability":"instock","product_condition":"new","geo.placename":"Innsbruck","geo.position":{"lat":"47.264176340396226","long":"11.380109057672346"},"geo.region":"Austria"},"_links":{"self":[{"href":"https:\/\/bolting.eu\/en\/wp-json\/wp\/v2\/product\/36689","targetHints":{"allow":["GET"]}}],"collection":[{"href":"https:\/\/bolting.eu\/en\/wp-json\/wp\/v2\/product"}],"about":[{"href":"https:\/\/bolting.eu\/en\/wp-json\/wp\/v2\/types\/product"}],"replies":[{"embeddable":true,"href":"https:\/\/bolting.eu\/en\/wp-json\/wp\/v2\/comments?post=36689"}],"wp:featuredmedia":[{"embeddable":true,"href":"https:\/\/bolting.eu\/en\/wp-json\/wp\/v2\/media\/36693"}],"wp:attachment":[{"href":"https:\/\/bolting.eu\/en\/wp-json\/wp\/v2\/media?parent=36689"}],"wp:term":[{"taxonomy":"product_brand","embeddable":true,"href":"https:\/\/bolting.eu\/en\/wp-json\/wp\/v2\/product_brand?post=36689"},{"taxonomy":"product_cat","embeddable":true,"href":"https:\/\/bolting.eu\/en\/wp-json\/wp\/v2\/product_cat?post=36689"},{"taxonomy":"product_tag","embeddable":true,"href":"https:\/\/bolting.eu\/en\/wp-json\/wp\/v2\/product_tag?post=36689"}],"curies":[{"name":"wp","href":"https:\/\/api.w.org\/{rel}","templated":true}]}}