{"id":36348,"date":"2026-01-07T13:28:50","date_gmt":"2026-01-07T12:28:50","guid":{"rendered":"https:\/\/bolting.eu\/?post_type=product&#038;p=36348"},"modified":"2026-01-07T13:28:53","modified_gmt":"2026-01-07T12:28:53","slug":"grivel-g-rider-steigeisen-fuer-tourenskischuhe","status":"publish","type":"product","link":"https:\/\/bolting.eu\/en\/shop\/grivel-g-rider-steigeisen-fuer-tourenskischuhe\/","title":{"rendered":"Grivel G-Rider Steigeisen f\u00fcr Tourenskischuhe"},"content":{"rendered":"<p>Die Grivel G-Rider sind sehr leichte <a href=\"https:\/\/bolting.eu\/produkt-kategorie\/bergsteiger-ausruestung\/steigeisen\/\">Steigeisen<\/a> f\u00fcr Tourenskischuhe. Denn dieses Modell hat eine spezielle Bindung, welche auf die Tourenschuhe abgestimmt sind.<\/p>\n<p>D.h. die B\u00fcgel sind etwas breiter und mit leichter, gleichm\u00e4\u00dfiger Kr\u00fcmmung. Somit erlaubt das Ski Matic Bindungssystem ein sehr leichtes und schnelles Anziehen.<\/p>\n<p>Weiters zeichnen das geringe Gewicht und ein kleines Packma\u00df dieses Produkt aus. Abgerundet wird das Modell durch das Frontteil aus Hartstahl mit horizontalen Frontzacken. Somit habt ihr euch besten Grip im festen Schnee.<\/p>\n<h3>Eigenschaften Grivel G-Rider<\/h3>\n<ul>\n<li>Hersteller:\u00a0<a href=\"https:\/\/bolting.eu\/produkt-kategorie\/grivel\/\">Grivel<\/a><\/li>\n<li><strong>spezielle Steigeisen f\u00fcr Skitourenschuhe<\/strong><\/li>\n<li>Material: Stahl, Alu, Kunststoff<\/li>\n<li>Gewicht: 642 Gramm (Ski Matic Evo), 658 Gramm (Ski Matic Plus Evo)<\/li>\n<li>Bindungstypen: Ski Matic Evo (<strong>Kipphebel am Fersenteil<\/strong>) und Ski Matic Plus Evo (<strong>Kipphebel am Frontteil<\/strong>)<\/li>\n<li>Normen: EN 893<\/li>\n<li>Standard Variante f\u00fcr Schuhgr\u00f6\u00dfen ca. EU 35 \u2013 46 (Mondo Point 22 \u2013 30,5)<\/li>\n<li>Variante f\u00fcr \u00dcberl\u00e4nge EU 45 \u2013 EU 50 (Mondo Point 30 \u2013 33,5)<\/li>\n<li>Anzahl Zacken: 10<\/li>\n<li>Frontteil: Stahl<\/li>\n<li>Fersenteil: Alu<\/li>\n<li>f\u00fcr Hochtouren, Firnflanken, Schneegel\u00e4nde<\/li>\n<li>Breite vordere Fassung: 86mm<\/li>\n<li>Breite hintere Fassung: 71mm<\/li>\n<li>maximale L\u00e4nge mit Standard Steg: 32cm = ca. EU 35 \u2013 45<\/li>\n<li>maximale L\u00e4nge mit langem Steg: 34cm = ca. EU 45 \u2013 50<\/li>\n<li><strong>Lieferumfang inkl. vormontierten Antistollenplatten<\/strong><\/li>\n<li>Lieferumfang Variante \u201e\u00dcberl\u00e4nge\u201c mit 1 Paar <a href=\"https:\/\/bolting.eu\/shop\/grivel-flex-bar\/\">Flex Bar<\/a> (19cm) und 1 Paar <a href=\"https:\/\/bolting.eu\/shop\/grivel-flex-xl-long-bar\/\">Flex XL Bar<\/a> (22cm) Stegen<\/li>\n<li>Bedienungsanleitung<\/li>\n<\/ul>\n<figure id=\"attachment_33811\" class=\"wp-caption alignnone\" aria-describedby=\"caption-attachment-33811\">\n<figure id=\"attachment_33811\" aria-describedby=\"caption-attachment-33811\" style=\"width: 1024px\" class=\"wp-caption alignnone\"><a href=\"https:\/\/bolting.eu\/wp-content\/uploads\/2025\/08\/Messstellen-Steigeisen-Masse-SR.jpg\"><img loading=\"lazy\" decoding=\"async\" class=\"wp-image-33811 size-full\" src=\"https:\/\/bolting.eu\/wp-content\/uploads\/2025\/08\/Messstellen-Steigeisen-Masse-SR.jpg\" sizes=\"auto, (max-width: 1024px) 100vw, 1024px\" srcset=\"https:\/\/bolting.eu\/wp-content\/uploads\/2025\/08\/Messstellen-Steigeisen-Masse-SR.jpg 1024w, https:\/\/bolting.eu\/wp-content\/uploads\/2025\/08\/Messstellen-Steigeisen-Masse-SR-800x400.jpg 800w, https:\/\/bolting.eu\/wp-content\/uploads\/2025\/08\/Messstellen-Steigeisen-Masse-SR-768x384.jpg 768w, https:\/\/bolting.eu\/wp-content\/uploads\/2025\/08\/Messstellen-Steigeisen-Masse-SR-510x255.jpg 510w, https:\/\/bolting.eu\/wp-content\/uploads\/2025\/08\/Messstellen-Steigeisen-Masse-SR-100x50.jpg 100w\" alt=\"Grafik zur Bestimmung Indikatoren Ma\u00dfe f\u00fcr Steigeisen in \u00dcbergr\u00f6\u00dfe und f\u00fcr Snowboardschuhe mit Schuhsohle und Steigeisen.\" width=\"1024\" height=\"512\" \/><\/a><figcaption id=\"caption-attachment-33811\" class=\"wp-caption-text\">Hier findest Du die Messstellen an deinen Schuhen, um die Ma\u00dfe mit unseren Angaben zu vergleichen!<\/figcaption><\/figure><figcaption id=\"caption-attachment-33811\" class=\"wp-caption-text\"><\/figcaption><\/figure>\n<h3>Ski Matic Evo<\/h3>\n<p>Dieses Bindungssystem ist beim G- Rider zu empfehlen, wenn eure Tourenskischuhe an der Ferse keinen abstehenden &#8220;Ski Walk&#8221; Mechanismus haben. D.h. wenn der Fersenbereich &#8220;glatt&#8221; ist.<\/p>\n<h3>Ski Matic Plus Evo<\/h3>\n<p>Sobald an der Ferse der Schuhe ein zus\u00e4tzlicher &#8220;Ski Walk&#8221; Mechanismus aufgebaut ist, funktioniert ein &#8220;normaler&#8221; Kipphebel meist nicht mehr. Dann ist diese Variante die viel bessere. Denn dann befindet sich der &#8220;Kipphebel&#8221; am Frontteil.<\/p>\n<p><a href=\"https:\/\/bolting.eu\/wp-content\/uploads\/2026\/01\/Grivel-G-Rider-3.jpg\"><img loading=\"lazy\" decoding=\"async\" class=\"alignnone size-full wp-image-36353\" src=\"https:\/\/bolting.eu\/wp-content\/uploads\/2026\/01\/Grivel-G-Rider-3.jpg\" alt=\"Bild zur Erkl\u00e4rung des richtigen Bindungssystem beim Grivel G Rider Steigeisen.\" width=\"1024\" height=\"512\" srcset=\"https:\/\/bolting.eu\/wp-content\/uploads\/2026\/01\/Grivel-G-Rider-3.jpg 1024w, https:\/\/bolting.eu\/wp-content\/uploads\/2026\/01\/Grivel-G-Rider-3-800x400.jpg 800w, https:\/\/bolting.eu\/wp-content\/uploads\/2026\/01\/Grivel-G-Rider-3-768x384.jpg 768w, https:\/\/bolting.eu\/wp-content\/uploads\/2026\/01\/Grivel-G-Rider-3-510x255.jpg 510w, https:\/\/bolting.eu\/wp-content\/uploads\/2026\/01\/Grivel-G-Rider-3-100x50.jpg 100w\" sizes=\"auto, (max-width: 1024px) 100vw, 1024px\" \/><\/a><\/p>\n","protected":false},"excerpt":{"rendered":"<p>Spezielle Steigeisen f\u00fcr Tourenskischuhe mit angepasster Bindung.<\/p>\n<p>Frontteil aus Stahl, Fersenteil aus Alu. Leicht und mit geringem Packma\u00df.<\/p>\n<p>Verf\u00fcgbar mit zwei Bindungssystemen:<\/p>\n<ul>\n<li>f\u00fcr Schuhe mit &#8220;Ski Walk&#8221; Mechanismus an der Ferse = Ski Matic Plus Evo<\/li>\n<li>f\u00fcr Schuhe ohne &#8220;Ski Walk&#8221; Mechanismus an der Ferse = Ski Matic Evo<\/li>\n<\/ul>\n<p>Versandkostenfrei bis 2kg in\u00a0<img decoding=\"async\" class=\"emoji\" role=\"img\" draggable=\"false\" src=\"https:\/\/s.w.org\/images\/core\/emoji\/14.0.0\/svg\/1f1e6-1f1f9.svg\" alt=\"\ud83c\udde6\ud83c\uddf9\" \/>\u00a0ab \u20ac 100,- und\u00a0<img decoding=\"async\" class=\"emoji\" role=\"img\" draggable=\"false\" src=\"https:\/\/s.w.org\/images\/core\/emoji\/14.0.0\/svg\/1f1e9-1f1ea.svg\" alt=\"\ud83c\udde9\ud83c\uddea\" \/>\u00a0ab \u20ac 200,-!<\/p>\n","protected":false},"featured_media":36349,"comment_status":"closed","ping_status":"closed","template":"","meta":[],"product_brand":[],"product_cat":[4667,13938,14288],"product_tag":[],"class_list":{"0":"post-36348","1":"product","2":"type-product","3":"status-publish","4":"has-post-thumbnail","6":"product_cat-grivel","7":"product_cat-bergsteiger-ausruestung","8":"product_cat-steigeisen","10":"first","11":"instock","12":"sale","13":"taxable","14":"shipping-taxable","15":"purchasable","16":"product-type-variable"},"yoast_head":"<!-- This site is optimized with the Yoast SEO Premium plugin v26.9 (Yoast SEO v26.9) - https:\/\/yoast.com\/product\/yoast-seo-premium-wordpress\/ -->\n<title>Grivel G-Rider Steigeisen f\u00fcr Tourenskischuhe | bolting.eu<\/title>\n<meta name=\"description\" content=\"Grivel G Rider Steigeisen f\u00fcr Tourenskischuhe online kaufen \u2705 Trusted Shop \u2705 kostenloser Versand* \u2705 14 Tage R\u00fcckgaberecht \u2705 Co2 neutrale Zustellung\" \/>\n<meta name=\"robots\" content=\"index, follow, max-snippet:-1, max-image-preview:large, max-video-preview:-1\" \/>\n<link rel=\"canonical\" href=\"https:\/\/bolting.eu\/en\/shop\/grivel-g-rider-steigeisen-fuer-tourenskischuhe\/\" \/>\n<meta property=\"og:locale\" content=\"en_US\" \/>\n<meta property=\"og:type\" content=\"article\" \/>\n<meta property=\"og:title\" content=\"Grivel G-Rider Steigeisen f\u00fcr Tourenskischuhe\" \/>\n<meta property=\"og:description\" content=\"Grivel G Rider Steigeisen f\u00fcr Tourenskischuhe online kaufen \u2705 Trusted Shop \u2705 kostenloser Versand* \u2705 14 Tage R\u00fcckgaberecht \u2705 Co2 neutrale Zustellung\" \/>\n<meta property=\"og:url\" content=\"https:\/\/bolting.eu\/en\/shop\/grivel-g-rider-steigeisen-fuer-tourenskischuhe\/\" \/>\n<meta property=\"og:site_name\" content=\"bolting.eu\" \/>\n<meta property=\"article:publisher\" content=\"https:\/\/www.facebook.com\/bolting.eu\" \/>\n<meta property=\"article:modified_time\" content=\"2026-01-07T12:28:53+00:00\" \/>\n<meta property=\"og:image\" content=\"https:\/\/bolting.eu\/wp-content\/uploads\/2026\/01\/Grivel-G-Rider-5.jpg\" \/>\n\t<meta property=\"og:image:width\" content=\"700\" \/>\n\t<meta property=\"og:image:height\" content=\"700\" \/>\n\t<meta property=\"og:image:type\" content=\"image\/jpeg\" \/>\n<meta name=\"twitter:card\" content=\"summary_large_image\" \/>\n<meta name=\"twitter:label1\" content=\"Availability\" \/>\n\t<meta name=\"twitter:data1\" content=\"In stock\" \/>\n<script type=\"application\/ld+json\" class=\"yoast-schema-graph\">{\"@context\":\"https:\/\/schema.org\",\"@graph\":[{\"@type\":[\"WebPage\",\"ItemPage\"],\"@id\":\"https:\/\/bolting.eu\/en\/shop\/grivel-g-rider-steigeisen-fuer-tourenskischuhe\/\",\"url\":\"https:\/\/bolting.eu\/en\/shop\/grivel-g-rider-steigeisen-fuer-tourenskischuhe\/\",\"name\":\"Grivel G-Rider Steigeisen f\u00fcr Tourenskischuhe | bolting.eu\",\"isPartOf\":{\"@id\":\"https:\/\/bolting.eu\/en\/#website\"},\"primaryImageOfPage\":{\"@id\":\"https:\/\/bolting.eu\/en\/shop\/grivel-g-rider-steigeisen-fuer-tourenskischuhe\/#primaryimage\"},\"image\":{\"@id\":\"https:\/\/bolting.eu\/en\/shop\/grivel-g-rider-steigeisen-fuer-tourenskischuhe\/#primaryimage\"},\"thumbnailUrl\":\"https:\/\/bolting.eu\/wp-content\/uploads\/2026\/01\/Grivel-G-Rider-5.jpg\",\"datePublished\":\"2026-01-07T12:28:50+00:00\",\"dateModified\":\"2026-01-07T12:28:53+00:00\",\"description\":\"Grivel G Rider Steigeisen f\u00fcr Tourenskischuhe online kaufen \u2705 Trusted Shop \u2705 kostenloser Versand* \u2705 14 Tage R\u00fcckgaberecht \u2705 Co2 neutrale Zustellung\",\"breadcrumb\":{\"@id\":\"https:\/\/bolting.eu\/en\/shop\/grivel-g-rider-steigeisen-fuer-tourenskischuhe\/#breadcrumb\"},\"inLanguage\":\"en-US\",\"potentialAction\":[{\"@type\":\"ReadAction\",\"target\":[\"https:\/\/bolting.eu\/en\/shop\/grivel-g-rider-steigeisen-fuer-tourenskischuhe\/\"]}]},{\"@type\":\"ImageObject\",\"inLanguage\":\"en-US\",\"@id\":\"https:\/\/bolting.eu\/en\/shop\/grivel-g-rider-steigeisen-fuer-tourenskischuhe\/#primaryimage\",\"url\":\"https:\/\/bolting.eu\/wp-content\/uploads\/2026\/01\/Grivel-G-Rider-5.jpg\",\"contentUrl\":\"https:\/\/bolting.eu\/wp-content\/uploads\/2026\/01\/Grivel-G-Rider-5.jpg\",\"width\":700,\"height\":700,\"caption\":\"Gelb schwarze Grivel G Rider Steigeisen f\u00fcr Tourenskischuhe von der Seite.\"},{\"@type\":\"BreadcrumbList\",\"@id\":\"https:\/\/bolting.eu\/en\/shop\/grivel-g-rider-steigeisen-fuer-tourenskischuhe\/#breadcrumb\",\"itemListElement\":[{\"@type\":\"ListItem\",\"position\":1,\"name\":\"Shop\",\"item\":\"https:\/\/bolting.eu\/en\/shop\/\"},{\"@type\":\"ListItem\",\"position\":2,\"name\":\"Bergsteiger Ausr\u00fcstung\",\"item\":\"https:\/\/bolting.eu\/produkt-kategorie\/bergsteiger-ausruestung\/\"},{\"@type\":\"ListItem\",\"position\":3,\"name\":\"Grivel G-Rider Steigeisen f\u00fcr Tourenskischuhe\"}]},{\"@type\":\"WebSite\",\"@id\":\"https:\/\/bolting.eu\/en\/#website\",\"url\":\"https:\/\/bolting.eu\/en\/\",\"name\":\"bolting.eu\",\"description\":\"we make climbs happen\",\"publisher\":{\"@id\":\"https:\/\/bolting.eu\/en\/#organization\"},\"potentialAction\":[{\"@type\":\"SearchAction\",\"target\":{\"@type\":\"EntryPoint\",\"urlTemplate\":\"https:\/\/bolting.eu\/en\/?s={search_term_string}\"},\"query-input\":{\"@type\":\"PropertyValueSpecification\",\"valueRequired\":true,\"valueName\":\"search_term_string\"}}],\"inLanguage\":\"en-US\"},{\"@type\":[\"Organization\",\"Place\",\"SportingGoodsStore\"],\"@id\":\"https:\/\/bolting.eu\/en\/#organization\",\"name\":\"bolting.eu\",\"url\":\"https:\/\/bolting.eu\/en\/\",\"logo\":{\"@id\":\"https:\/\/bolting.eu\/en\/shop\/grivel-g-rider-steigeisen-fuer-tourenskischuhe\/#local-main-organization-logo\"},\"image\":{\"@id\":\"https:\/\/bolting.eu\/en\/shop\/grivel-g-rider-steigeisen-fuer-tourenskischuhe\/#local-main-organization-logo\"},\"sameAs\":[\"https:\/\/www.facebook.com\/bolting.eu\",\"https:\/\/www.instagram.com\/bolting.eu\/\"],\"address\":{\"@id\":\"https:\/\/bolting.eu\/en\/shop\/grivel-g-rider-steigeisen-fuer-tourenskischuhe\/#local-main-place-address\"},\"geo\":{\"@type\":\"GeoCoordinates\",\"latitude\":\"47.264176340396226\",\"longitude\":\"11.380109057672346\"},\"telephone\":[\"+43 699 19083372\"],\"openingHoursSpecification\":[{\"@type\":\"OpeningHoursSpecification\",\"dayOfWeek\":[\"Monday\",\"Wednesday\",\"Friday\"],\"opens\":\"14:00\",\"closes\":\"18:00\"},{\"@type\":\"OpeningHoursSpecification\",\"dayOfWeek\":[\"Tuesday\",\"Thursday\",\"Saturday\",\"Sunday\"],\"opens\":\"00:00\",\"closes\":\"00:00\"}],\"email\":\"office@bolting.eu\",\"vatID\":\"ATU59999728\",\"priceRange\":\"$$\",\"currenciesAccepted\":\"Euro\"},{\"@type\":\"PostalAddress\",\"@id\":\"https:\/\/bolting.eu\/en\/shop\/grivel-g-rider-steigeisen-fuer-tourenskischuhe\/#local-main-place-address\",\"streetAddress\":\"Fischnalerstra\u00dfe 4\",\"addressLocality\":\"Innsbruck\",\"postalCode\":\"6020\",\"addressRegion\":\"Tirol\",\"addressCountry\":\"AT\"},{\"@type\":\"ImageObject\",\"inLanguage\":\"en-US\",\"@id\":\"https:\/\/bolting.eu\/en\/shop\/grivel-g-rider-steigeisen-fuer-tourenskischuhe\/#local-main-organization-logo\",\"url\":\"https:\/\/bolting.eu\/wp-content\/uploads\/2019\/09\/bolting-logo.png\",\"contentUrl\":\"https:\/\/bolting.eu\/wp-content\/uploads\/2019\/09\/bolting-logo.png\",\"width\":400,\"height\":211,\"caption\":\"bolting.eu\"}]}<\/script>\n<meta property=\"og:availability\" content=\"instock\" \/>\n<meta property=\"product:availability\" content=\"instock\" \/>\n<meta property=\"product:condition\" content=\"new\" \/>\n<meta name=\"geo.placename\" content=\"Innsbruck\" \/>\n<meta name=\"geo.position\" content=\"47.264176340396226;11.380109057672346\" \/>\n<meta name=\"geo.region\" content=\"Austria\" \/>\n<!-- \/ Yoast SEO Premium plugin. -->","yoast_head_json":{"title":"Grivel G-Rider Steigeisen f\u00fcr Tourenskischuhe | bolting.eu","description":"Grivel G Rider Steigeisen f\u00fcr Tourenskischuhe online kaufen \u2705 Trusted Shop \u2705 kostenloser Versand* \u2705 14 Tage R\u00fcckgaberecht \u2705 Co2 neutrale Zustellung","robots":{"index":"index","follow":"follow","max-snippet":"max-snippet:-1","max-image-preview":"max-image-preview:large","max-video-preview":"max-video-preview:-1"},"canonical":"https:\/\/bolting.eu\/en\/shop\/grivel-g-rider-steigeisen-fuer-tourenskischuhe\/","og_locale":"en_US","og_type":"article","og_title":"Grivel G-Rider Steigeisen f\u00fcr Tourenskischuhe","og_description":"Grivel G Rider Steigeisen f\u00fcr Tourenskischuhe online kaufen \u2705 Trusted Shop \u2705 kostenloser Versand* \u2705 14 Tage R\u00fcckgaberecht \u2705 Co2 neutrale Zustellung","og_url":"https:\/\/bolting.eu\/en\/shop\/grivel-g-rider-steigeisen-fuer-tourenskischuhe\/","og_site_name":"bolting.eu","article_publisher":"https:\/\/www.facebook.com\/bolting.eu","article_modified_time":"2026-01-07T12:28:53+00:00","og_image":[{"width":700,"height":700,"url":"https:\/\/bolting.eu\/wp-content\/uploads\/2026\/01\/Grivel-G-Rider-5.jpg","type":"image\/jpeg"}],"twitter_card":"summary_large_image","twitter_misc":{"Availability":"In stock"},"schema":{"@context":"https:\/\/schema.org","@graph":[{"@type":["WebPage","ItemPage"],"@id":"https:\/\/bolting.eu\/en\/shop\/grivel-g-rider-steigeisen-fuer-tourenskischuhe\/","url":"https:\/\/bolting.eu\/en\/shop\/grivel-g-rider-steigeisen-fuer-tourenskischuhe\/","name":"Grivel G-Rider Steigeisen f\u00fcr Tourenskischuhe | bolting.eu","isPartOf":{"@id":"https:\/\/bolting.eu\/en\/#website"},"primaryImageOfPage":{"@id":"https:\/\/bolting.eu\/en\/shop\/grivel-g-rider-steigeisen-fuer-tourenskischuhe\/#primaryimage"},"image":{"@id":"https:\/\/bolting.eu\/en\/shop\/grivel-g-rider-steigeisen-fuer-tourenskischuhe\/#primaryimage"},"thumbnailUrl":"https:\/\/bolting.eu\/wp-content\/uploads\/2026\/01\/Grivel-G-Rider-5.jpg","datePublished":"2026-01-07T12:28:50+00:00","dateModified":"2026-01-07T12:28:53+00:00","description":"Grivel G Rider Steigeisen f\u00fcr Tourenskischuhe online kaufen \u2705 Trusted Shop \u2705 kostenloser Versand* \u2705 14 Tage R\u00fcckgaberecht \u2705 Co2 neutrale Zustellung","breadcrumb":{"@id":"https:\/\/bolting.eu\/en\/shop\/grivel-g-rider-steigeisen-fuer-tourenskischuhe\/#breadcrumb"},"inLanguage":"en-US","potentialAction":[{"@type":"ReadAction","target":["https:\/\/bolting.eu\/en\/shop\/grivel-g-rider-steigeisen-fuer-tourenskischuhe\/"]}]},{"@type":"ImageObject","inLanguage":"en-US","@id":"https:\/\/bolting.eu\/en\/shop\/grivel-g-rider-steigeisen-fuer-tourenskischuhe\/#primaryimage","url":"https:\/\/bolting.eu\/wp-content\/uploads\/2026\/01\/Grivel-G-Rider-5.jpg","contentUrl":"https:\/\/bolting.eu\/wp-content\/uploads\/2026\/01\/Grivel-G-Rider-5.jpg","width":700,"height":700,"caption":"Gelb schwarze Grivel G Rider Steigeisen f\u00fcr Tourenskischuhe von der Seite."},{"@type":"BreadcrumbList","@id":"https:\/\/bolting.eu\/en\/shop\/grivel-g-rider-steigeisen-fuer-tourenskischuhe\/#breadcrumb","itemListElement":[{"@type":"ListItem","position":1,"name":"Shop","item":"https:\/\/bolting.eu\/en\/shop\/"},{"@type":"ListItem","position":2,"name":"Bergsteiger Ausr\u00fcstung","item":"https:\/\/bolting.eu\/produkt-kategorie\/bergsteiger-ausruestung\/"},{"@type":"ListItem","position":3,"name":"Grivel G-Rider Steigeisen f\u00fcr Tourenskischuhe"}]},{"@type":"WebSite","@id":"https:\/\/bolting.eu\/en\/#website","url":"https:\/\/bolting.eu\/en\/","name":"bolting.eu","description":"we make climbs happen","publisher":{"@id":"https:\/\/bolting.eu\/en\/#organization"},"potentialAction":[{"@type":"SearchAction","target":{"@type":"EntryPoint","urlTemplate":"https:\/\/bolting.eu\/en\/?s={search_term_string}"},"query-input":{"@type":"PropertyValueSpecification","valueRequired":true,"valueName":"search_term_string"}}],"inLanguage":"en-US"},{"@type":["Organization","Place","SportingGoodsStore"],"@id":"https:\/\/bolting.eu\/en\/#organization","name":"bolting.eu","url":"https:\/\/bolting.eu\/en\/","logo":{"@id":"https:\/\/bolting.eu\/en\/shop\/grivel-g-rider-steigeisen-fuer-tourenskischuhe\/#local-main-organization-logo"},"image":{"@id":"https:\/\/bolting.eu\/en\/shop\/grivel-g-rider-steigeisen-fuer-tourenskischuhe\/#local-main-organization-logo"},"sameAs":["https:\/\/www.facebook.com\/bolting.eu","https:\/\/www.instagram.com\/bolting.eu\/"],"address":{"@id":"https:\/\/bolting.eu\/en\/shop\/grivel-g-rider-steigeisen-fuer-tourenskischuhe\/#local-main-place-address"},"geo":{"@type":"GeoCoordinates","latitude":"47.264176340396226","longitude":"11.380109057672346"},"telephone":["+43 699 19083372"],"openingHoursSpecification":[{"@type":"OpeningHoursSpecification","dayOfWeek":["Monday","Wednesday","Friday"],"opens":"14:00","closes":"18:00"},{"@type":"OpeningHoursSpecification","dayOfWeek":["Tuesday","Thursday","Saturday","Sunday"],"opens":"00:00","closes":"00:00"}],"email":"office@bolting.eu","vatID":"ATU59999728","priceRange":"$$","currenciesAccepted":"Euro"},{"@type":"PostalAddress","@id":"https:\/\/bolting.eu\/en\/shop\/grivel-g-rider-steigeisen-fuer-tourenskischuhe\/#local-main-place-address","streetAddress":"Fischnalerstra\u00dfe 4","addressLocality":"Innsbruck","postalCode":"6020","addressRegion":"Tirol","addressCountry":"AT"},{"@type":"ImageObject","inLanguage":"en-US","@id":"https:\/\/bolting.eu\/en\/shop\/grivel-g-rider-steigeisen-fuer-tourenskischuhe\/#local-main-organization-logo","url":"https:\/\/bolting.eu\/wp-content\/uploads\/2019\/09\/bolting-logo.png","contentUrl":"https:\/\/bolting.eu\/wp-content\/uploads\/2019\/09\/bolting-logo.png","width":400,"height":211,"caption":"bolting.eu"}]},"og_availability":"instock","product_availability":"instock","product_condition":"new","geo.placename":"Innsbruck","geo.position":{"lat":"47.264176340396226","long":"11.380109057672346"},"geo.region":"Austria"},"_links":{"self":[{"href":"https:\/\/bolting.eu\/en\/wp-json\/wp\/v2\/product\/36348","targetHints":{"allow":["GET"]}}],"collection":[{"href":"https:\/\/bolting.eu\/en\/wp-json\/wp\/v2\/product"}],"about":[{"href":"https:\/\/bolting.eu\/en\/wp-json\/wp\/v2\/types\/product"}],"replies":[{"embeddable":true,"href":"https:\/\/bolting.eu\/en\/wp-json\/wp\/v2\/comments?post=36348"}],"wp:featuredmedia":[{"embeddable":true,"href":"https:\/\/bolting.eu\/en\/wp-json\/wp\/v2\/media\/36349"}],"wp:attachment":[{"href":"https:\/\/bolting.eu\/en\/wp-json\/wp\/v2\/media?parent=36348"}],"wp:term":[{"taxonomy":"product_brand","embeddable":true,"href":"https:\/\/bolting.eu\/en\/wp-json\/wp\/v2\/product_brand?post=36348"},{"taxonomy":"product_cat","embeddable":true,"href":"https:\/\/bolting.eu\/en\/wp-json\/wp\/v2\/product_cat?post=36348"},{"taxonomy":"product_tag","embeddable":true,"href":"https:\/\/bolting.eu\/en\/wp-json\/wp\/v2\/product_tag?post=36348"}],"curies":[{"name":"wp","href":"https:\/\/api.w.org\/{rel}","templated":true}]}}