{"id":36282,"date":"2026-01-02T23:06:28","date_gmt":"2026-01-02T22:06:28","guid":{"rendered":"https:\/\/bolting.eu\/?post_type=product&#038;p=36282"},"modified":"2026-01-03T00:03:47","modified_gmt":"2026-01-02T23:03:47","slug":"rafiki-estrella-damen-kletter-hoody","status":"publish","type":"product","link":"https:\/\/bolting.eu\/en\/shop\/rafiki-estrella-damen-kletter-hoody\/","title":{"rendered":"Rafiki Estrella Damen Kletter Hoody"},"content":{"rendered":"<p>Der Rafiki Estrella Damen Kletter Hoody ist eine feine Sache. Denn es besteht zu 92% aus Bio Baumwolle. Die verbleibenden 8% sind Elastan.<\/p>\n<p>Somit findet ihr hier ein sch\u00f6n dehnbares Shirt f\u00fcr eine d\u00fcnne 2. Bekleidungsschichte.<\/p>\n<p>Dank der leichten Kapuze h\u00e4lt dieses Modell auch bei etwas Wind sch\u00f6n warm.<\/p>\n<p>Dank des d\u00fcnnen Stoffes k\u00f6nnt ihr den Bund gut unter einen <a href=\"https:\/\/bolting.eu\/produkt-kategorie\/kletterausruestung\/klettergurte\/\">Klettergurt<\/a> stecken.<\/p>\n<p>Fazit: ein super stretchy, d\u00fcnner Pulli f\u00fcr die Vertikale, Freizeit oder das B\u00fcro.<\/p>\n<h2>Eigenschaften Rafiki Estrella Damen Kletter Hoody<\/h2>\n<ul>\n<li>Hersteller: <a href=\"https:\/\/bolting.eu\/produkt-kategorie\/rafiki\/\">Rafiki<\/a><\/li>\n<li>Gewicht: 350 Gramm (Gr. M)<\/li>\n<li>Material: 92% Bio Baumwolle, 8% Elastan<\/li>\n<li>Schnitt: Regular Fit<\/li>\n<li>Farbe: rosa &#8211; grau und blau &#8211; olive<\/li>\n<li>perfekte 2nd Layer<\/li>\n<li>stark dehnbarer Stoff<\/li>\n<li>trocknet schnell<\/li>\n<li>mit Hoody<\/li>\n<li>\u00c4rmel ideal zum Zur\u00fcckstreifen<\/li>\n<li><a href=\"https:\/\/www.rafikiclimbing.com\/\" target=\"_blank\" rel=\"noopener\">zum Hersteller<\/a><\/li>\n<\/ul>\n<h3>Produktvideo<\/h3>\n<p><iframe loading=\"lazy\" title=\"Estrella\" src=\"https:\/\/www.youtube.com\/embed\/BoIQ_JK8xD0\" width=\"100%\" height=\"100%\" frameborder=\"0\" allowfullscreen=\"allowfullscreen\"><span data-mce-type=\"bookmark\" style=\"display: inline-block; width: 0px; overflow: hidden; line-height: 0;\" class=\"mce_SELRES_start\">\ufeff<\/span><span data-mce-type=\"bookmark\" style=\"display: inline-block; width: 0px; overflow: hidden; line-height: 0;\" class=\"mce_SELRES_start\">\ufeff<\/span><\/iframe><\/p>\n<h3>Gr\u00f6\u00dfentabelle<\/h3>\n<p>In der folgenden Tabelle k\u00f6nnt ihr die Gr\u00f6\u00dfen den Rafiki Estrella nachschauen.<\/p>\n<table>\n<thead>\n<tr>\n<th><\/th>\n<th>32<\/th>\n<th>34<\/th>\n<th>36<\/th>\n<th>38<\/th>\n<th>40<\/th>\n<th>42<\/th>\n<th>44<\/th>\n<\/tr>\n<tr>\n<th><\/th>\n<th>XXS<\/th>\n<th>XS<\/th>\n<th>S<\/th>\n<th>M<\/th>\n<th>L<\/th>\n<th>XL<\/th>\n<th>XXL<\/th>\n<\/tr>\n<\/thead>\n<tbody>\n<tr>\n<td style=\"text-align: center;\"><strong>Brust<\/strong><\/td>\n<td style=\"text-align: center;\">77-80<\/td>\n<td style=\"text-align: center;\">81-84<\/td>\n<td style=\"text-align: center;\">85-88<\/td>\n<td style=\"text-align: center;\">89-92<\/td>\n<td style=\"text-align: center;\">93-96<\/td>\n<td style=\"text-align: center;\">97-100<\/td>\n<td style=\"text-align: center;\">100-103<\/td>\n<\/tr>\n<tr>\n<td style=\"text-align: center;\"><strong>Taille<\/strong><\/td>\n<td style=\"text-align: center;\">59-62<\/td>\n<td style=\"text-align: center;\">63-66<\/td>\n<td style=\"text-align: center;\">67-70<\/td>\n<td style=\"text-align: center;\">71-74<\/td>\n<td style=\"text-align: center;\">75-78<\/td>\n<td style=\"text-align: center;\">79-82<\/td>\n<td style=\"text-align: center;\">83-86<\/td>\n<\/tr>\n<tr>\n<td style=\"text-align: center;\"><strong>H\u00fcfte<\/strong><\/td>\n<td style=\"text-align: center;\">85-88<\/td>\n<td style=\"text-align: center;\">89-92<\/td>\n<td style=\"text-align: center;\">93-96<\/td>\n<td style=\"text-align: center;\">97-101<\/td>\n<td style=\"text-align: center;\">102-105<\/td>\n<td style=\"text-align: center;\">106-109<\/td>\n<td style=\"text-align: center;\">110-113<\/td>\n<\/tr>\n<tr>\n<td style=\"text-align: center;\"><strong>Schritt innen<\/strong><\/td>\n<td style=\"text-align: center;\">76-79<\/td>\n<td style=\"text-align: center;\">78-81<\/td>\n<td style=\"text-align: center;\">80-83<\/td>\n<td style=\"text-align: center;\">82-85<\/td>\n<td style=\"text-align: center;\">84-87<\/td>\n<td style=\"text-align: center;\">86-89<\/td>\n<td style=\"text-align: center;\">88-90<\/td>\n<\/tr>\n<\/tbody>\n<\/table>\n<h3>Gr\u00f6\u00dfen Anhaltspunkt<\/h3>\n<p>Um die Gr\u00f6\u00dfe des Damen Kletter Hoodys besser einsch\u00e4tzen zu k\u00f6nnen hier ein Anhaltspunkt.<\/p>\n<p><a href=\"https:\/\/bolting.eu\/wp-content\/uploads\/2026\/01\/Rafiki-Estrella-blau-1.jpg\"><img loading=\"lazy\" decoding=\"async\" class=\"alignnone wp-image-36293 size-medium\" src=\"https:\/\/bolting.eu\/wp-content\/uploads\/2026\/01\/Rafiki-Estrella-blau-1-400x400.jpg\" alt=\"Modell mit rosa blauem Rafiki Estrella Damen Kletter Hoody zur Beschreibung der Gr\u00f6\u00dfe M mit Ma\u00dfen.\" width=\"400\" height=\"400\" srcset=\"https:\/\/bolting.eu\/wp-content\/uploads\/2026\/01\/Rafiki-Estrella-blau-1-400x400.jpg 400w, https:\/\/bolting.eu\/wp-content\/uploads\/2026\/01\/Rafiki-Estrella-blau-1-280x280.jpg 280w, https:\/\/bolting.eu\/wp-content\/uploads\/2026\/01\/Rafiki-Estrella-blau-1-247x247.jpg 247w, https:\/\/bolting.eu\/wp-content\/uploads\/2026\/01\/Rafiki-Estrella-blau-1-510x510.jpg 510w, https:\/\/bolting.eu\/wp-content\/uploads\/2026\/01\/Rafiki-Estrella-blau-1-100x100.jpg 100w, https:\/\/bolting.eu\/wp-content\/uploads\/2026\/01\/Rafiki-Estrella-blau-1.jpg 700w\" sizes=\"auto, (max-width: 400px) 100vw, 400px\" \/><\/a><\/p>\n<p>&nbsp;<\/p>\n","protected":false},"excerpt":{"rendered":"<p>Damen Kletter Hoody aus 92% Bio Baumwolle und Elastan.<\/p>\n<p>Super dehnbar, warm und angenehm zu tragen.<\/p>\n<p>Versandkostenfrei bis 2kg in <img decoding=\"async\" class=\"emoji\" role=\"img\" draggable=\"false\" src=\"https:\/\/s.w.org\/images\/core\/emoji\/14.0.0\/svg\/1f1e6-1f1f9.svg\" alt=\"\ud83c\udde6\ud83c\uddf9\" \/> ab \u20ac 100,- und <img decoding=\"async\" class=\"emoji\" role=\"img\" draggable=\"false\" src=\"https:\/\/s.w.org\/images\/core\/emoji\/14.0.0\/svg\/1f1e9-1f1ea.svg\" alt=\"\ud83c\udde9\ud83c\uddea\" \/> ab \u20ac 200,-!<\/p>\n","protected":false},"featured_media":36305,"comment_status":"closed","ping_status":"closed","template":"","meta":[],"product_brand":[],"product_cat":[15328,15224,15245],"product_tag":[],"class_list":{"0":"post-36282","1":"product","2":"type-product","3":"status-publish","4":"has-post-thumbnail","6":"product_cat-kletter-pullover","7":"product_cat-kletterbekleidung","8":"product_cat-rafiki","10":"first","11":"instock","12":"sale","13":"taxable","14":"shipping-taxable","15":"purchasable","16":"product-type-variable"},"yoast_head":"<!-- This site is optimized with the Yoast SEO Premium plugin v26.9 (Yoast SEO v26.9) - https:\/\/yoast.com\/product\/yoast-seo-premium-wordpress\/ -->\n<title>Rafiki Estrella Damen Kletter Hoody | bolting.eu<\/title>\n<meta name=\"description\" content=\"Rafiki Estrella Damen Kletter Hoody beim Kletterprofi kaufen \u2705 Trusted Shop \u2705 kostenloser Versand* \u2705 14 Tage R\u00fcckgaberecht \u2705 Co2 neutraler Versand\" \/>\n<meta name=\"robots\" content=\"index, follow, max-snippet:-1, max-image-preview:large, max-video-preview:-1\" \/>\n<link rel=\"canonical\" href=\"https:\/\/bolting.eu\/en\/shop\/rafiki-estrella-damen-kletter-hoody\/\" \/>\n<meta property=\"og:locale\" content=\"en_US\" \/>\n<meta property=\"og:type\" content=\"article\" \/>\n<meta property=\"og:title\" content=\"Rafiki Estrella Damen Kletter Hoody\" \/>\n<meta property=\"og:description\" content=\"Rafiki Estrella Damen Kletter Hoody beim Kletterprofi kaufen \u2705 Trusted Shop \u2705 kostenloser Versand* \u2705 14 Tage R\u00fcckgaberecht \u2705 Co2 neutraler Versand\" \/>\n<meta property=\"og:url\" content=\"https:\/\/bolting.eu\/en\/shop\/rafiki-estrella-damen-kletter-hoody\/\" \/>\n<meta property=\"og:site_name\" content=\"bolting.eu\" \/>\n<meta property=\"article:publisher\" content=\"https:\/\/www.facebook.com\/bolting.eu\" \/>\n<meta property=\"article:modified_time\" content=\"2026-01-02T23:03:47+00:00\" \/>\n<meta property=\"og:image\" content=\"https:\/\/bolting.eu\/wp-content\/uploads\/2026\/01\/Rafiki-Estrella-pink-3.jpg\" \/>\n\t<meta property=\"og:image:width\" content=\"700\" \/>\n\t<meta property=\"og:image:height\" content=\"700\" \/>\n\t<meta property=\"og:image:type\" content=\"image\/jpeg\" \/>\n<meta name=\"twitter:card\" content=\"summary_large_image\" \/>\n<meta name=\"twitter:label1\" content=\"Availability\" \/>\n\t<meta name=\"twitter:data1\" content=\"In stock\" \/>\n<script type=\"application\/ld+json\" class=\"yoast-schema-graph\">{\"@context\":\"https:\/\/schema.org\",\"@graph\":[{\"@type\":[\"WebPage\",\"ItemPage\"],\"@id\":\"https:\/\/bolting.eu\/en\/shop\/rafiki-estrella-damen-kletter-hoody\/\",\"url\":\"https:\/\/bolting.eu\/en\/shop\/rafiki-estrella-damen-kletter-hoody\/\",\"name\":\"Rafiki Estrella Damen Kletter Hoody | bolting.eu\",\"isPartOf\":{\"@id\":\"https:\/\/bolting.eu\/en\/#website\"},\"primaryImageOfPage\":{\"@id\":\"https:\/\/bolting.eu\/en\/shop\/rafiki-estrella-damen-kletter-hoody\/#primaryimage\"},\"image\":{\"@id\":\"https:\/\/bolting.eu\/en\/shop\/rafiki-estrella-damen-kletter-hoody\/#primaryimage\"},\"thumbnailUrl\":\"https:\/\/bolting.eu\/wp-content\/uploads\/2026\/01\/Rafiki-Estrella-pink-3.jpg\",\"datePublished\":\"2026-01-02T22:06:28+00:00\",\"dateModified\":\"2026-01-02T23:03:47+00:00\",\"description\":\"Rafiki Estrella Damen Kletter Hoody beim Kletterprofi kaufen \u2705 Trusted Shop \u2705 kostenloser Versand* \u2705 14 Tage R\u00fcckgaberecht \u2705 Co2 neutraler Versand\",\"breadcrumb\":{\"@id\":\"https:\/\/bolting.eu\/en\/shop\/rafiki-estrella-damen-kletter-hoody\/#breadcrumb\"},\"inLanguage\":\"en-US\",\"potentialAction\":[{\"@type\":\"ReadAction\",\"target\":[\"https:\/\/bolting.eu\/en\/shop\/rafiki-estrella-damen-kletter-hoody\/\"]}]},{\"@type\":\"ImageObject\",\"inLanguage\":\"en-US\",\"@id\":\"https:\/\/bolting.eu\/en\/shop\/rafiki-estrella-damen-kletter-hoody\/#primaryimage\",\"url\":\"https:\/\/bolting.eu\/wp-content\/uploads\/2026\/01\/Rafiki-Estrella-pink-3.jpg\",\"contentUrl\":\"https:\/\/bolting.eu\/wp-content\/uploads\/2026\/01\/Rafiki-Estrella-pink-3.jpg\",\"width\":700,\"height\":700,\"caption\":\"Modell mit pink grauem Rafiki Estrella Damen Kletter Hoody von der Vorderseite\"},{\"@type\":\"BreadcrumbList\",\"@id\":\"https:\/\/bolting.eu\/en\/shop\/rafiki-estrella-damen-kletter-hoody\/#breadcrumb\",\"itemListElement\":[{\"@type\":\"ListItem\",\"position\":1,\"name\":\"Shop\",\"item\":\"https:\/\/bolting.eu\/en\/shop\/\"},{\"@type\":\"ListItem\",\"position\":2,\"name\":\"Kletterbekleidung\",\"item\":\"https:\/\/bolting.eu\/produkt-kategorie\/kletterbekleidung\/\"},{\"@type\":\"ListItem\",\"position\":3,\"name\":\"Kletter Pullover\",\"item\":\"https:\/\/bolting.eu\/produkt-kategorie\/kletterbekleidung\/kletter-pullover\/\"},{\"@type\":\"ListItem\",\"position\":4,\"name\":\"Rafiki Estrella Damen Kletter Hoody\"}]},{\"@type\":\"WebSite\",\"@id\":\"https:\/\/bolting.eu\/en\/#website\",\"url\":\"https:\/\/bolting.eu\/en\/\",\"name\":\"bolting.eu\",\"description\":\"we make climbs happen\",\"publisher\":{\"@id\":\"https:\/\/bolting.eu\/en\/#organization\"},\"potentialAction\":[{\"@type\":\"SearchAction\",\"target\":{\"@type\":\"EntryPoint\",\"urlTemplate\":\"https:\/\/bolting.eu\/en\/?s={search_term_string}\"},\"query-input\":{\"@type\":\"PropertyValueSpecification\",\"valueRequired\":true,\"valueName\":\"search_term_string\"}}],\"inLanguage\":\"en-US\"},{\"@type\":[\"Organization\",\"Place\",\"SportingGoodsStore\"],\"@id\":\"https:\/\/bolting.eu\/en\/#organization\",\"name\":\"bolting.eu\",\"url\":\"https:\/\/bolting.eu\/en\/\",\"logo\":{\"@id\":\"https:\/\/bolting.eu\/en\/shop\/rafiki-estrella-damen-kletter-hoody\/#local-main-organization-logo\"},\"image\":{\"@id\":\"https:\/\/bolting.eu\/en\/shop\/rafiki-estrella-damen-kletter-hoody\/#local-main-organization-logo\"},\"sameAs\":[\"https:\/\/www.facebook.com\/bolting.eu\",\"https:\/\/www.instagram.com\/bolting.eu\/\"],\"address\":{\"@id\":\"https:\/\/bolting.eu\/en\/shop\/rafiki-estrella-damen-kletter-hoody\/#local-main-place-address\"},\"geo\":{\"@type\":\"GeoCoordinates\",\"latitude\":\"47.264176340396226\",\"longitude\":\"11.380109057672346\"},\"telephone\":[\"+43 699 19083372\"],\"openingHoursSpecification\":[{\"@type\":\"OpeningHoursSpecification\",\"dayOfWeek\":[\"Monday\",\"Wednesday\",\"Friday\"],\"opens\":\"14:00\",\"closes\":\"18:00\"},{\"@type\":\"OpeningHoursSpecification\",\"dayOfWeek\":[\"Tuesday\",\"Thursday\",\"Saturday\",\"Sunday\"],\"opens\":\"00:00\",\"closes\":\"00:00\"}],\"email\":\"office@bolting.eu\",\"vatID\":\"ATU59999728\",\"priceRange\":\"$$\",\"currenciesAccepted\":\"Euro\"},{\"@type\":\"PostalAddress\",\"@id\":\"https:\/\/bolting.eu\/en\/shop\/rafiki-estrella-damen-kletter-hoody\/#local-main-place-address\",\"streetAddress\":\"Fischnalerstra\u00dfe 4\",\"addressLocality\":\"Innsbruck\",\"postalCode\":\"6020\",\"addressRegion\":\"Tirol\",\"addressCountry\":\"AT\"},{\"@type\":\"ImageObject\",\"inLanguage\":\"en-US\",\"@id\":\"https:\/\/bolting.eu\/en\/shop\/rafiki-estrella-damen-kletter-hoody\/#local-main-organization-logo\",\"url\":\"https:\/\/bolting.eu\/wp-content\/uploads\/2019\/09\/bolting-logo.png\",\"contentUrl\":\"https:\/\/bolting.eu\/wp-content\/uploads\/2019\/09\/bolting-logo.png\",\"width\":400,\"height\":211,\"caption\":\"bolting.eu\"}]}<\/script>\n<meta property=\"og:video\" content=\"https:\/\/www.youtube.com\/embed\/BoIQ_JK8xD0\" \/>\n<meta property=\"og:video:type\" content=\"text\/html\" \/>\n<meta property=\"og:video:duration\" content=\"47\" \/>\n<meta property=\"og:video:width\" content=\"480\" \/>\n<meta property=\"og:video:height\" content=\"270\" \/>\n<meta property=\"ya:ovs:adult\" content=\"false\" \/>\n<meta property=\"ya:ovs:upload_date\" content=\"2026-01-02T22:06:28+00:00\" \/>\n<meta property=\"ya:ovs:allow_embed\" content=\"true\" \/>\n<meta property=\"og:availability\" content=\"instock\" \/>\n<meta property=\"product:availability\" content=\"instock\" \/>\n<meta property=\"product:condition\" content=\"new\" \/>\n<meta name=\"geo.placename\" content=\"Innsbruck\" \/>\n<meta name=\"geo.position\" content=\"47.264176340396226;11.380109057672346\" \/>\n<meta name=\"geo.region\" content=\"Austria\" \/>\n<!-- \/ Yoast SEO Premium plugin. -->","yoast_head_json":{"title":"Rafiki Estrella Damen Kletter Hoody | bolting.eu","description":"Rafiki Estrella Damen Kletter Hoody beim Kletterprofi kaufen \u2705 Trusted Shop \u2705 kostenloser Versand* \u2705 14 Tage R\u00fcckgaberecht \u2705 Co2 neutraler Versand","robots":{"index":"index","follow":"follow","max-snippet":"max-snippet:-1","max-image-preview":"max-image-preview:large","max-video-preview":"max-video-preview:-1"},"canonical":"https:\/\/bolting.eu\/en\/shop\/rafiki-estrella-damen-kletter-hoody\/","og_locale":"en_US","og_type":"article","og_title":"Rafiki Estrella Damen Kletter Hoody","og_description":"Rafiki Estrella Damen Kletter Hoody beim Kletterprofi kaufen \u2705 Trusted Shop \u2705 kostenloser Versand* \u2705 14 Tage R\u00fcckgaberecht \u2705 Co2 neutraler Versand","og_url":"https:\/\/bolting.eu\/en\/shop\/rafiki-estrella-damen-kletter-hoody\/","og_site_name":"bolting.eu","article_publisher":"https:\/\/www.facebook.com\/bolting.eu","article_modified_time":"2026-01-02T23:03:47+00:00","og_image":[{"width":700,"height":700,"url":"https:\/\/bolting.eu\/wp-content\/uploads\/2026\/01\/Rafiki-Estrella-pink-3.jpg","type":"image\/jpeg"}],"twitter_card":"summary_large_image","twitter_misc":{"Availability":"In stock"},"schema":{"@context":"https:\/\/schema.org","@graph":[{"@type":["WebPage","ItemPage"],"@id":"https:\/\/bolting.eu\/en\/shop\/rafiki-estrella-damen-kletter-hoody\/","url":"https:\/\/bolting.eu\/en\/shop\/rafiki-estrella-damen-kletter-hoody\/","name":"Rafiki Estrella Damen Kletter Hoody | bolting.eu","isPartOf":{"@id":"https:\/\/bolting.eu\/en\/#website"},"primaryImageOfPage":{"@id":"https:\/\/bolting.eu\/en\/shop\/rafiki-estrella-damen-kletter-hoody\/#primaryimage"},"image":{"@id":"https:\/\/bolting.eu\/en\/shop\/rafiki-estrella-damen-kletter-hoody\/#primaryimage"},"thumbnailUrl":"https:\/\/bolting.eu\/wp-content\/uploads\/2026\/01\/Rafiki-Estrella-pink-3.jpg","datePublished":"2026-01-02T22:06:28+00:00","dateModified":"2026-01-02T23:03:47+00:00","description":"Rafiki Estrella Damen Kletter Hoody beim Kletterprofi kaufen \u2705 Trusted Shop \u2705 kostenloser Versand* \u2705 14 Tage R\u00fcckgaberecht \u2705 Co2 neutraler Versand","breadcrumb":{"@id":"https:\/\/bolting.eu\/en\/shop\/rafiki-estrella-damen-kletter-hoody\/#breadcrumb"},"inLanguage":"en-US","potentialAction":[{"@type":"ReadAction","target":["https:\/\/bolting.eu\/en\/shop\/rafiki-estrella-damen-kletter-hoody\/"]}]},{"@type":"ImageObject","inLanguage":"en-US","@id":"https:\/\/bolting.eu\/en\/shop\/rafiki-estrella-damen-kletter-hoody\/#primaryimage","url":"https:\/\/bolting.eu\/wp-content\/uploads\/2026\/01\/Rafiki-Estrella-pink-3.jpg","contentUrl":"https:\/\/bolting.eu\/wp-content\/uploads\/2026\/01\/Rafiki-Estrella-pink-3.jpg","width":700,"height":700,"caption":"Modell mit pink grauem Rafiki Estrella Damen Kletter Hoody von der Vorderseite"},{"@type":"BreadcrumbList","@id":"https:\/\/bolting.eu\/en\/shop\/rafiki-estrella-damen-kletter-hoody\/#breadcrumb","itemListElement":[{"@type":"ListItem","position":1,"name":"Shop","item":"https:\/\/bolting.eu\/en\/shop\/"},{"@type":"ListItem","position":2,"name":"Kletterbekleidung","item":"https:\/\/bolting.eu\/produkt-kategorie\/kletterbekleidung\/"},{"@type":"ListItem","position":3,"name":"Kletter Pullover","item":"https:\/\/bolting.eu\/produkt-kategorie\/kletterbekleidung\/kletter-pullover\/"},{"@type":"ListItem","position":4,"name":"Rafiki Estrella Damen Kletter Hoody"}]},{"@type":"WebSite","@id":"https:\/\/bolting.eu\/en\/#website","url":"https:\/\/bolting.eu\/en\/","name":"bolting.eu","description":"we make climbs happen","publisher":{"@id":"https:\/\/bolting.eu\/en\/#organization"},"potentialAction":[{"@type":"SearchAction","target":{"@type":"EntryPoint","urlTemplate":"https:\/\/bolting.eu\/en\/?s={search_term_string}"},"query-input":{"@type":"PropertyValueSpecification","valueRequired":true,"valueName":"search_term_string"}}],"inLanguage":"en-US"},{"@type":["Organization","Place","SportingGoodsStore"],"@id":"https:\/\/bolting.eu\/en\/#organization","name":"bolting.eu","url":"https:\/\/bolting.eu\/en\/","logo":{"@id":"https:\/\/bolting.eu\/en\/shop\/rafiki-estrella-damen-kletter-hoody\/#local-main-organization-logo"},"image":{"@id":"https:\/\/bolting.eu\/en\/shop\/rafiki-estrella-damen-kletter-hoody\/#local-main-organization-logo"},"sameAs":["https:\/\/www.facebook.com\/bolting.eu","https:\/\/www.instagram.com\/bolting.eu\/"],"address":{"@id":"https:\/\/bolting.eu\/en\/shop\/rafiki-estrella-damen-kletter-hoody\/#local-main-place-address"},"geo":{"@type":"GeoCoordinates","latitude":"47.264176340396226","longitude":"11.380109057672346"},"telephone":["+43 699 19083372"],"openingHoursSpecification":[{"@type":"OpeningHoursSpecification","dayOfWeek":["Monday","Wednesday","Friday"],"opens":"14:00","closes":"18:00"},{"@type":"OpeningHoursSpecification","dayOfWeek":["Tuesday","Thursday","Saturday","Sunday"],"opens":"00:00","closes":"00:00"}],"email":"office@bolting.eu","vatID":"ATU59999728","priceRange":"$$","currenciesAccepted":"Euro"},{"@type":"PostalAddress","@id":"https:\/\/bolting.eu\/en\/shop\/rafiki-estrella-damen-kletter-hoody\/#local-main-place-address","streetAddress":"Fischnalerstra\u00dfe 4","addressLocality":"Innsbruck","postalCode":"6020","addressRegion":"Tirol","addressCountry":"AT"},{"@type":"ImageObject","inLanguage":"en-US","@id":"https:\/\/bolting.eu\/en\/shop\/rafiki-estrella-damen-kletter-hoody\/#local-main-organization-logo","url":"https:\/\/bolting.eu\/wp-content\/uploads\/2019\/09\/bolting-logo.png","contentUrl":"https:\/\/bolting.eu\/wp-content\/uploads\/2019\/09\/bolting-logo.png","width":400,"height":211,"caption":"bolting.eu"}]},"og_video":"https:\/\/www.youtube.com\/embed\/BoIQ_JK8xD0","og_video_type":"text\/html","og_video_duration":"47","og_video_width":"480","og_video_height":"270","ya_ovs_adult":"false","ya_ovs_upload_date":"2026-01-02T22:06:28+00:00","ya_ovs_allow_embed":"true","og_availability":"instock","product_availability":"instock","product_condition":"new","geo.placename":"Innsbruck","geo.position":{"lat":"47.264176340396226","long":"11.380109057672346"},"geo.region":"Austria"},"_links":{"self":[{"href":"https:\/\/bolting.eu\/en\/wp-json\/wp\/v2\/product\/36282","targetHints":{"allow":["GET"]}}],"collection":[{"href":"https:\/\/bolting.eu\/en\/wp-json\/wp\/v2\/product"}],"about":[{"href":"https:\/\/bolting.eu\/en\/wp-json\/wp\/v2\/types\/product"}],"replies":[{"embeddable":true,"href":"https:\/\/bolting.eu\/en\/wp-json\/wp\/v2\/comments?post=36282"}],"wp:featuredmedia":[{"embeddable":true,"href":"https:\/\/bolting.eu\/en\/wp-json\/wp\/v2\/media\/36305"}],"wp:attachment":[{"href":"https:\/\/bolting.eu\/en\/wp-json\/wp\/v2\/media?parent=36282"}],"wp:term":[{"taxonomy":"product_brand","embeddable":true,"href":"https:\/\/bolting.eu\/en\/wp-json\/wp\/v2\/product_brand?post=36282"},{"taxonomy":"product_cat","embeddable":true,"href":"https:\/\/bolting.eu\/en\/wp-json\/wp\/v2\/product_cat?post=36282"},{"taxonomy":"product_tag","embeddable":true,"href":"https:\/\/bolting.eu\/en\/wp-json\/wp\/v2\/product_tag?post=36282"}],"curies":[{"name":"wp","href":"https:\/\/api.w.org\/{rel}","templated":true}]}}