{"id":36217,"date":"2026-01-02T16:54:38","date_gmt":"2026-01-02T15:54:38","guid":{"rendered":"https:\/\/bolting.eu\/?post_type=product&#038;p=36217"},"modified":"2026-01-02T22:20:02","modified_gmt":"2026-01-02T21:20:02","slug":"rafiki-ascent-full-zip-hoody","status":"publish","type":"product","link":"https:\/\/bolting.eu\/en\/shop\/rafiki-ascent-full-zip-hoody\/","title":{"rendered":"Rafiki Ascent Full Zip Hoody"},"content":{"rendered":"<p>Der Rafiki Ascent Full Zip Hoody ist ein tolles Kletter Sweatshirt. Besonders in Kombination mit einem hochwertigen <a href=\"https:\/\/bolting.eu\/produkt-kategorie\/kletterbekleidung\/kletter-t-shirts-bouldern\/\">Klettershirt<\/a> darunter.<\/p>\n<p>Hierf\u00fcr ist es aus Polarstretch Grid Stoff gemacht. Die kleinen Stoff Zellen machen das Textil einerseits sowohl leicht und klein im Packma\u00df. Andererseits aber luftdurchl\u00e4ssig und transportiert Feuchtigkeit gut nach au\u00dfen.<\/p>\n<p>Smart ist der 2 Wege YKK Zip. Denn er kann beim Sichern unten ge\u00f6ffnet werden. Somit k\u00f6nnt ihr das Hoody auch \u00fcber den <a href=\"https:\/\/bolting.eu\/produkt-kategorie\/kletterausruestung\/klettergurte\/\">Klettergurt<\/a> anziehen.<\/p>\n<p>Fazit. Hier k\u00f6nnt ihr sehen, das Rafiki eine echte Klettermarke ist!<\/p>\n<h2>Eigenschaften Rafiki Ascent Full Zip Hoody<\/h2>\n<ul>\n<li>Hersteller: <a href=\"https:\/\/bolting.eu\/produkt-kategorie\/rafiki\/\">Rafiki<\/a><\/li>\n<li>Herren Kletter Sweatshirt<\/li>\n<li>Gewicht: 415 Gramm (Gr. M)<\/li>\n<li>Material: 95% Polyester, 5% Spandex<\/li>\n<li>Schnitt: Slim Fit<\/li>\n<li>Farbe: gelb-blau<\/li>\n<li>perfekte 2nd Layer<\/li>\n<li>stark dehnbarer Stoff<\/li>\n<li>trocknet schnell<\/li>\n<li>2-Wege YKK Zipper, \u00f6ffnet auch an der Unterseite<\/li>\n<li>\u00c4rmel ideal zum Zur\u00fcckstreifen<\/li>\n<li><a href=\"https:\/\/www.rafikiclimbing.com\/\" target=\"_blank\" rel=\"noopener\">zum Hersteller<\/a><\/li>\n<\/ul>\n<h3>Produktvideo<\/h3>\n<p><iframe loading=\"lazy\" title=\"Ascent\" src=\"https:\/\/www.youtube.com\/embed\/Tsxv42uvMPQ\" width=\"65%\" height=\"65%\" frameborder=\"0\" allowfullscreen=\"allowfullscreen\"><span data-mce-type=\"bookmark\" style=\"display: inline-block; width: 0px; overflow: hidden; line-height: 0;\" class=\"mce_SELRES_start\">\ufeff<\/span><\/iframe><\/p>\n<h3>Gr\u00f6\u00dfentabelle<\/h3>\n<p>In der folgenden Tabelle k\u00f6nnt ihr die Gr\u00f6\u00dfen des Rafiki Ascent nachschauen.<\/p>\n<p><a href=\"https:\/\/bolting.eu\/wp-content\/uploads\/2025\/10\/Groessentabelle-Chillaz-Bekleidung-Herren.jpg\"><img loading=\"lazy\" decoding=\"async\" class=\"alignnone size-full wp-image-34272\" src=\"https:\/\/bolting.eu\/wp-content\/uploads\/2025\/10\/Groessentabelle-Chillaz-Bekleidung-Herren.jpg\" alt=\"Tabelle mit den Herren Gr\u00f6\u00dfenangaben der Kletterbekleidung Marke Chillaz f\u00fcr den Kollektionsabverkauf.\" width=\"1024\" height=\"468\" srcset=\"https:\/\/bolting.eu\/wp-content\/uploads\/2025\/10\/Groessentabelle-Chillaz-Bekleidung-Herren.jpg 1024w, https:\/\/bolting.eu\/wp-content\/uploads\/2025\/10\/Groessentabelle-Chillaz-Bekleidung-Herren-800x366.jpg 800w, https:\/\/bolting.eu\/wp-content\/uploads\/2025\/10\/Groessentabelle-Chillaz-Bekleidung-Herren-768x351.jpg 768w, https:\/\/bolting.eu\/wp-content\/uploads\/2025\/10\/Groessentabelle-Chillaz-Bekleidung-Herren-510x233.jpg 510w, https:\/\/bolting.eu\/wp-content\/uploads\/2025\/10\/Groessentabelle-Chillaz-Bekleidung-Herren-100x46.jpg 100w\" sizes=\"auto, (max-width: 1024px) 100vw, 1024px\" \/><\/a><\/p>\n<h3>Gr\u00f6\u00dfen Anhaltpunkt<\/h3>\n<p><a href=\"https:\/\/bolting.eu\/wp-content\/uploads\/2026\/01\/Rafiki-Ascent-1.jpg\"><img loading=\"lazy\" decoding=\"async\" class=\"alignnone size-full wp-image-36237\" src=\"https:\/\/bolting.eu\/wp-content\/uploads\/2026\/01\/Rafiki-Ascent-1.jpg\" alt=\"Bild mit Rafiki Ascent Full Zip Hoody auf Modell mit Gr\u00f6\u00dfenangaben.\" width=\"700\" height=\"700\" srcset=\"https:\/\/bolting.eu\/wp-content\/uploads\/2026\/01\/Rafiki-Ascent-1.jpg 700w, https:\/\/bolting.eu\/wp-content\/uploads\/2026\/01\/Rafiki-Ascent-1-400x400.jpg 400w, https:\/\/bolting.eu\/wp-content\/uploads\/2026\/01\/Rafiki-Ascent-1-280x280.jpg 280w, https:\/\/bolting.eu\/wp-content\/uploads\/2026\/01\/Rafiki-Ascent-1-247x247.jpg 247w, https:\/\/bolting.eu\/wp-content\/uploads\/2026\/01\/Rafiki-Ascent-1-510x510.jpg 510w, https:\/\/bolting.eu\/wp-content\/uploads\/2026\/01\/Rafiki-Ascent-1-100x100.jpg 100w\" sizes=\"auto, (max-width: 700px) 100vw, 700px\" \/><\/a><\/p>\n<p>&nbsp;<\/p>\n","protected":false},"excerpt":{"rendered":"<p>Herren Kletter Sweatshirt mit 2 Wege Zipper und Hoody.<\/p>\n<p>Ideal als 2nd Layer, warm, stark dehnbar und dennoch warm.<\/p>\n<p>Versandkostenfrei bis 2kg in <img decoding=\"async\" class=\"emoji\" role=\"img\" draggable=\"false\" src=\"https:\/\/s.w.org\/images\/core\/emoji\/14.0.0\/svg\/1f1e6-1f1f9.svg\" alt=\"\ud83c\udde6\ud83c\uddf9\" \/> ab \u20ac 100,- und <img decoding=\"async\" class=\"emoji\" role=\"img\" draggable=\"false\" src=\"https:\/\/s.w.org\/images\/core\/emoji\/14.0.0\/svg\/1f1e9-1f1ea.svg\" alt=\"\ud83c\udde9\ud83c\uddea\" \/> ab \u20ac 200,-!<\/p>\n","protected":false},"featured_media":36233,"comment_status":"closed","ping_status":"closed","template":"","meta":[],"product_brand":[],"product_cat":[15328,15224,15245],"product_tag":[],"class_list":{"0":"post-36217","1":"product","2":"type-product","3":"status-publish","4":"has-post-thumbnail","6":"product_cat-kletter-pullover","7":"product_cat-kletterbekleidung","8":"product_cat-rafiki","10":"first","11":"instock","12":"sale","13":"taxable","14":"shipping-taxable","15":"purchasable","16":"product-type-variable"},"yoast_head":"<!-- This site is optimized with the Yoast SEO Premium plugin v26.9 (Yoast SEO v26.9) - https:\/\/yoast.com\/product\/yoast-seo-premium-wordpress\/ -->\n<title>Rafiki Ascent Full Zip Hoody | bolting.eu<\/title>\n<meta name=\"description\" content=\"Rafiki Ascent Full Zip Hoody Kletter Sweatshirt beim Kletterprofi kaufen \u2705 kostenloser Versand* \u2705 14 Tage R\u00fcckgaberecht \u2705 Co2 neutraler Versand\" \/>\n<meta name=\"robots\" content=\"index, follow, max-snippet:-1, max-image-preview:large, max-video-preview:-1\" \/>\n<link rel=\"canonical\" href=\"https:\/\/bolting.eu\/en\/shop\/rafiki-ascent-full-zip-hoody\/\" \/>\n<meta property=\"og:locale\" content=\"en_US\" \/>\n<meta property=\"og:type\" content=\"article\" \/>\n<meta property=\"og:title\" content=\"Rafiki Ascent Full Zip Hoody\" \/>\n<meta property=\"og:description\" content=\"Rafiki Ascent Full Zip Hoody Kletter Sweatshirt beim Kletterprofi kaufen \u2705 kostenloser Versand* \u2705 14 Tage R\u00fcckgaberecht \u2705 Co2 neutraler Versand\" \/>\n<meta property=\"og:url\" content=\"https:\/\/bolting.eu\/en\/shop\/rafiki-ascent-full-zip-hoody\/\" \/>\n<meta property=\"og:site_name\" content=\"bolting.eu\" \/>\n<meta property=\"article:publisher\" content=\"https:\/\/www.facebook.com\/bolting.eu\" \/>\n<meta property=\"article:modified_time\" content=\"2026-01-02T21:20:02+00:00\" \/>\n<meta property=\"og:image\" content=\"https:\/\/bolting.eu\/wp-content\/uploads\/2026\/01\/Rafiki-Ascent-3.jpg\" \/>\n\t<meta property=\"og:image:width\" content=\"700\" \/>\n\t<meta property=\"og:image:height\" content=\"700\" \/>\n\t<meta property=\"og:image:type\" content=\"image\/jpeg\" \/>\n<meta name=\"twitter:card\" content=\"summary_large_image\" \/>\n<meta name=\"twitter:label1\" content=\"Availability\" \/>\n\t<meta name=\"twitter:data1\" content=\"In stock\" \/>\n<script type=\"application\/ld+json\" class=\"yoast-schema-graph\">{\"@context\":\"https:\/\/schema.org\",\"@graph\":[{\"@type\":[\"WebPage\",\"ItemPage\"],\"@id\":\"https:\/\/bolting.eu\/en\/shop\/rafiki-ascent-full-zip-hoody\/\",\"url\":\"https:\/\/bolting.eu\/en\/shop\/rafiki-ascent-full-zip-hoody\/\",\"name\":\"Rafiki Ascent Full Zip Hoody | bolting.eu\",\"isPartOf\":{\"@id\":\"https:\/\/bolting.eu\/en\/#website\"},\"primaryImageOfPage\":{\"@id\":\"https:\/\/bolting.eu\/en\/shop\/rafiki-ascent-full-zip-hoody\/#primaryimage\"},\"image\":{\"@id\":\"https:\/\/bolting.eu\/en\/shop\/rafiki-ascent-full-zip-hoody\/#primaryimage\"},\"thumbnailUrl\":\"https:\/\/bolting.eu\/wp-content\/uploads\/2026\/01\/Rafiki-Ascent-3.jpg\",\"datePublished\":\"2026-01-02T15:54:38+00:00\",\"dateModified\":\"2026-01-02T21:20:02+00:00\",\"description\":\"Rafiki Ascent Full Zip Hoody Kletter Sweatshirt beim Kletterprofi kaufen \u2705 kostenloser Versand* \u2705 14 Tage R\u00fcckgaberecht \u2705 Co2 neutraler Versand\",\"breadcrumb\":{\"@id\":\"https:\/\/bolting.eu\/en\/shop\/rafiki-ascent-full-zip-hoody\/#breadcrumb\"},\"inLanguage\":\"en-US\",\"potentialAction\":[{\"@type\":\"ReadAction\",\"target\":[\"https:\/\/bolting.eu\/en\/shop\/rafiki-ascent-full-zip-hoody\/\"]}]},{\"@type\":\"ImageObject\",\"inLanguage\":\"en-US\",\"@id\":\"https:\/\/bolting.eu\/en\/shop\/rafiki-ascent-full-zip-hoody\/#primaryimage\",\"url\":\"https:\/\/bolting.eu\/wp-content\/uploads\/2026\/01\/Rafiki-Ascent-3.jpg\",\"contentUrl\":\"https:\/\/bolting.eu\/wp-content\/uploads\/2026\/01\/Rafiki-Ascent-3.jpg\",\"width\":700,\"height\":700,\"caption\":\"Modell mit gelb blauem Rafiki Ascent Full Zip Hoody von vorne.\"},{\"@type\":\"BreadcrumbList\",\"@id\":\"https:\/\/bolting.eu\/en\/shop\/rafiki-ascent-full-zip-hoody\/#breadcrumb\",\"itemListElement\":[{\"@type\":\"ListItem\",\"position\":1,\"name\":\"Shop\",\"item\":\"https:\/\/bolting.eu\/en\/shop\/\"},{\"@type\":\"ListItem\",\"position\":2,\"name\":\"Kletterbekleidung\",\"item\":\"https:\/\/bolting.eu\/produkt-kategorie\/kletterbekleidung\/\"},{\"@type\":\"ListItem\",\"position\":3,\"name\":\"Rafiki Ascent Full Zip Hoody\"}]},{\"@type\":\"WebSite\",\"@id\":\"https:\/\/bolting.eu\/en\/#website\",\"url\":\"https:\/\/bolting.eu\/en\/\",\"name\":\"bolting.eu\",\"description\":\"we make climbs happen\",\"publisher\":{\"@id\":\"https:\/\/bolting.eu\/en\/#organization\"},\"potentialAction\":[{\"@type\":\"SearchAction\",\"target\":{\"@type\":\"EntryPoint\",\"urlTemplate\":\"https:\/\/bolting.eu\/en\/?s={search_term_string}\"},\"query-input\":{\"@type\":\"PropertyValueSpecification\",\"valueRequired\":true,\"valueName\":\"search_term_string\"}}],\"inLanguage\":\"en-US\"},{\"@type\":[\"Organization\",\"Place\",\"SportingGoodsStore\"],\"@id\":\"https:\/\/bolting.eu\/en\/#organization\",\"name\":\"bolting.eu\",\"url\":\"https:\/\/bolting.eu\/en\/\",\"logo\":{\"@id\":\"https:\/\/bolting.eu\/en\/shop\/rafiki-ascent-full-zip-hoody\/#local-main-organization-logo\"},\"image\":{\"@id\":\"https:\/\/bolting.eu\/en\/shop\/rafiki-ascent-full-zip-hoody\/#local-main-organization-logo\"},\"sameAs\":[\"https:\/\/www.facebook.com\/bolting.eu\",\"https:\/\/www.instagram.com\/bolting.eu\/\"],\"address\":{\"@id\":\"https:\/\/bolting.eu\/en\/shop\/rafiki-ascent-full-zip-hoody\/#local-main-place-address\"},\"geo\":{\"@type\":\"GeoCoordinates\",\"latitude\":\"47.264176340396226\",\"longitude\":\"11.380109057672346\"},\"telephone\":[\"+43 699 19083372\"],\"openingHoursSpecification\":[{\"@type\":\"OpeningHoursSpecification\",\"dayOfWeek\":[\"Monday\",\"Wednesday\",\"Friday\"],\"opens\":\"14:00\",\"closes\":\"18:00\"},{\"@type\":\"OpeningHoursSpecification\",\"dayOfWeek\":[\"Tuesday\",\"Thursday\",\"Saturday\",\"Sunday\"],\"opens\":\"00:00\",\"closes\":\"00:00\"}],\"email\":\"office@bolting.eu\",\"vatID\":\"ATU59999728\",\"priceRange\":\"$$\",\"currenciesAccepted\":\"Euro\"},{\"@type\":\"PostalAddress\",\"@id\":\"https:\/\/bolting.eu\/en\/shop\/rafiki-ascent-full-zip-hoody\/#local-main-place-address\",\"streetAddress\":\"Fischnalerstra\u00dfe 4\",\"addressLocality\":\"Innsbruck\",\"postalCode\":\"6020\",\"addressRegion\":\"Tirol\",\"addressCountry\":\"AT\"},{\"@type\":\"ImageObject\",\"inLanguage\":\"en-US\",\"@id\":\"https:\/\/bolting.eu\/en\/shop\/rafiki-ascent-full-zip-hoody\/#local-main-organization-logo\",\"url\":\"https:\/\/bolting.eu\/wp-content\/uploads\/2019\/09\/bolting-logo.png\",\"contentUrl\":\"https:\/\/bolting.eu\/wp-content\/uploads\/2019\/09\/bolting-logo.png\",\"width\":400,\"height\":211,\"caption\":\"bolting.eu\"}]}<\/script>\n<meta property=\"og:video\" content=\"https:\/\/www.youtube.com\/embed\/Tsxv42uvMPQ\" \/>\n<meta property=\"og:video:type\" content=\"text\/html\" \/>\n<meta property=\"og:video:duration\" content=\"47\" \/>\n<meta property=\"og:video:width\" content=\"480\" \/>\n<meta property=\"og:video:height\" content=\"270\" \/>\n<meta property=\"ya:ovs:adult\" content=\"false\" \/>\n<meta property=\"ya:ovs:upload_date\" content=\"2026-01-02T15:54:38+00:00\" \/>\n<meta property=\"ya:ovs:allow_embed\" content=\"true\" \/>\n<meta property=\"og:availability\" content=\"instock\" \/>\n<meta property=\"product:availability\" content=\"instock\" \/>\n<meta property=\"product:condition\" content=\"new\" \/>\n<meta name=\"geo.placename\" content=\"Innsbruck\" \/>\n<meta name=\"geo.position\" content=\"47.264176340396226;11.380109057672346\" \/>\n<meta name=\"geo.region\" content=\"Austria\" \/>\n<!-- \/ Yoast SEO Premium plugin. -->","yoast_head_json":{"title":"Rafiki Ascent Full Zip Hoody | bolting.eu","description":"Rafiki Ascent Full Zip Hoody Kletter Sweatshirt beim Kletterprofi kaufen \u2705 kostenloser Versand* \u2705 14 Tage R\u00fcckgaberecht \u2705 Co2 neutraler Versand","robots":{"index":"index","follow":"follow","max-snippet":"max-snippet:-1","max-image-preview":"max-image-preview:large","max-video-preview":"max-video-preview:-1"},"canonical":"https:\/\/bolting.eu\/en\/shop\/rafiki-ascent-full-zip-hoody\/","og_locale":"en_US","og_type":"article","og_title":"Rafiki Ascent Full Zip Hoody","og_description":"Rafiki Ascent Full Zip Hoody Kletter Sweatshirt beim Kletterprofi kaufen \u2705 kostenloser Versand* \u2705 14 Tage R\u00fcckgaberecht \u2705 Co2 neutraler Versand","og_url":"https:\/\/bolting.eu\/en\/shop\/rafiki-ascent-full-zip-hoody\/","og_site_name":"bolting.eu","article_publisher":"https:\/\/www.facebook.com\/bolting.eu","article_modified_time":"2026-01-02T21:20:02+00:00","og_image":[{"width":700,"height":700,"url":"https:\/\/bolting.eu\/wp-content\/uploads\/2026\/01\/Rafiki-Ascent-3.jpg","type":"image\/jpeg"}],"twitter_card":"summary_large_image","twitter_misc":{"Availability":"In stock"},"schema":{"@context":"https:\/\/schema.org","@graph":[{"@type":["WebPage","ItemPage"],"@id":"https:\/\/bolting.eu\/en\/shop\/rafiki-ascent-full-zip-hoody\/","url":"https:\/\/bolting.eu\/en\/shop\/rafiki-ascent-full-zip-hoody\/","name":"Rafiki Ascent Full Zip Hoody | bolting.eu","isPartOf":{"@id":"https:\/\/bolting.eu\/en\/#website"},"primaryImageOfPage":{"@id":"https:\/\/bolting.eu\/en\/shop\/rafiki-ascent-full-zip-hoody\/#primaryimage"},"image":{"@id":"https:\/\/bolting.eu\/en\/shop\/rafiki-ascent-full-zip-hoody\/#primaryimage"},"thumbnailUrl":"https:\/\/bolting.eu\/wp-content\/uploads\/2026\/01\/Rafiki-Ascent-3.jpg","datePublished":"2026-01-02T15:54:38+00:00","dateModified":"2026-01-02T21:20:02+00:00","description":"Rafiki Ascent Full Zip Hoody Kletter Sweatshirt beim Kletterprofi kaufen \u2705 kostenloser Versand* \u2705 14 Tage R\u00fcckgaberecht \u2705 Co2 neutraler Versand","breadcrumb":{"@id":"https:\/\/bolting.eu\/en\/shop\/rafiki-ascent-full-zip-hoody\/#breadcrumb"},"inLanguage":"en-US","potentialAction":[{"@type":"ReadAction","target":["https:\/\/bolting.eu\/en\/shop\/rafiki-ascent-full-zip-hoody\/"]}]},{"@type":"ImageObject","inLanguage":"en-US","@id":"https:\/\/bolting.eu\/en\/shop\/rafiki-ascent-full-zip-hoody\/#primaryimage","url":"https:\/\/bolting.eu\/wp-content\/uploads\/2026\/01\/Rafiki-Ascent-3.jpg","contentUrl":"https:\/\/bolting.eu\/wp-content\/uploads\/2026\/01\/Rafiki-Ascent-3.jpg","width":700,"height":700,"caption":"Modell mit gelb blauem Rafiki Ascent Full Zip Hoody von vorne."},{"@type":"BreadcrumbList","@id":"https:\/\/bolting.eu\/en\/shop\/rafiki-ascent-full-zip-hoody\/#breadcrumb","itemListElement":[{"@type":"ListItem","position":1,"name":"Shop","item":"https:\/\/bolting.eu\/en\/shop\/"},{"@type":"ListItem","position":2,"name":"Kletterbekleidung","item":"https:\/\/bolting.eu\/produkt-kategorie\/kletterbekleidung\/"},{"@type":"ListItem","position":3,"name":"Rafiki Ascent Full Zip Hoody"}]},{"@type":"WebSite","@id":"https:\/\/bolting.eu\/en\/#website","url":"https:\/\/bolting.eu\/en\/","name":"bolting.eu","description":"we make climbs happen","publisher":{"@id":"https:\/\/bolting.eu\/en\/#organization"},"potentialAction":[{"@type":"SearchAction","target":{"@type":"EntryPoint","urlTemplate":"https:\/\/bolting.eu\/en\/?s={search_term_string}"},"query-input":{"@type":"PropertyValueSpecification","valueRequired":true,"valueName":"search_term_string"}}],"inLanguage":"en-US"},{"@type":["Organization","Place","SportingGoodsStore"],"@id":"https:\/\/bolting.eu\/en\/#organization","name":"bolting.eu","url":"https:\/\/bolting.eu\/en\/","logo":{"@id":"https:\/\/bolting.eu\/en\/shop\/rafiki-ascent-full-zip-hoody\/#local-main-organization-logo"},"image":{"@id":"https:\/\/bolting.eu\/en\/shop\/rafiki-ascent-full-zip-hoody\/#local-main-organization-logo"},"sameAs":["https:\/\/www.facebook.com\/bolting.eu","https:\/\/www.instagram.com\/bolting.eu\/"],"address":{"@id":"https:\/\/bolting.eu\/en\/shop\/rafiki-ascent-full-zip-hoody\/#local-main-place-address"},"geo":{"@type":"GeoCoordinates","latitude":"47.264176340396226","longitude":"11.380109057672346"},"telephone":["+43 699 19083372"],"openingHoursSpecification":[{"@type":"OpeningHoursSpecification","dayOfWeek":["Monday","Wednesday","Friday"],"opens":"14:00","closes":"18:00"},{"@type":"OpeningHoursSpecification","dayOfWeek":["Tuesday","Thursday","Saturday","Sunday"],"opens":"00:00","closes":"00:00"}],"email":"office@bolting.eu","vatID":"ATU59999728","priceRange":"$$","currenciesAccepted":"Euro"},{"@type":"PostalAddress","@id":"https:\/\/bolting.eu\/en\/shop\/rafiki-ascent-full-zip-hoody\/#local-main-place-address","streetAddress":"Fischnalerstra\u00dfe 4","addressLocality":"Innsbruck","postalCode":"6020","addressRegion":"Tirol","addressCountry":"AT"},{"@type":"ImageObject","inLanguage":"en-US","@id":"https:\/\/bolting.eu\/en\/shop\/rafiki-ascent-full-zip-hoody\/#local-main-organization-logo","url":"https:\/\/bolting.eu\/wp-content\/uploads\/2019\/09\/bolting-logo.png","contentUrl":"https:\/\/bolting.eu\/wp-content\/uploads\/2019\/09\/bolting-logo.png","width":400,"height":211,"caption":"bolting.eu"}]},"og_video":"https:\/\/www.youtube.com\/embed\/Tsxv42uvMPQ","og_video_type":"text\/html","og_video_duration":"47","og_video_width":"480","og_video_height":"270","ya_ovs_adult":"false","ya_ovs_upload_date":"2026-01-02T15:54:38+00:00","ya_ovs_allow_embed":"true","og_availability":"instock","product_availability":"instock","product_condition":"new","geo.placename":"Innsbruck","geo.position":{"lat":"47.264176340396226","long":"11.380109057672346"},"geo.region":"Austria"},"_links":{"self":[{"href":"https:\/\/bolting.eu\/en\/wp-json\/wp\/v2\/product\/36217","targetHints":{"allow":["GET"]}}],"collection":[{"href":"https:\/\/bolting.eu\/en\/wp-json\/wp\/v2\/product"}],"about":[{"href":"https:\/\/bolting.eu\/en\/wp-json\/wp\/v2\/types\/product"}],"replies":[{"embeddable":true,"href":"https:\/\/bolting.eu\/en\/wp-json\/wp\/v2\/comments?post=36217"}],"wp:featuredmedia":[{"embeddable":true,"href":"https:\/\/bolting.eu\/en\/wp-json\/wp\/v2\/media\/36233"}],"wp:attachment":[{"href":"https:\/\/bolting.eu\/en\/wp-json\/wp\/v2\/media?parent=36217"}],"wp:term":[{"taxonomy":"product_brand","embeddable":true,"href":"https:\/\/bolting.eu\/en\/wp-json\/wp\/v2\/product_brand?post=36217"},{"taxonomy":"product_cat","embeddable":true,"href":"https:\/\/bolting.eu\/en\/wp-json\/wp\/v2\/product_cat?post=36217"},{"taxonomy":"product_tag","embeddable":true,"href":"https:\/\/bolting.eu\/en\/wp-json\/wp\/v2\/product_tag?post=36217"}],"curies":[{"name":"wp","href":"https:\/\/api.w.org\/{rel}","templated":true}]}}