{"id":36188,"date":"2026-01-01T20:33:46","date_gmt":"2026-01-01T19:33:46","guid":{"rendered":"https:\/\/bolting.eu\/?post_type=product&#038;p=36188"},"modified":"2026-01-01T20:58:29","modified_gmt":"2026-01-01T19:58:29","slug":"kinder-steigeisen-edelrid","status":"publish","type":"product","link":"https:\/\/bolting.eu\/en\/shop\/kinder-steigeisen-edelrid\/","title":{"rendered":"Kinder Steigeisen Edelrid"},"content":{"rendered":"<p>Das Edelrid Kinder Steigeisen ist ein <a href=\"https:\/\/bolting.eu\/shop\/edelrid-nemo-soft\/\">Nemo Soft<\/a> Modell mit extra kurzen Steg.<\/p>\n<p>Das &#8220;Soft&#8221; steht dabei f\u00fcr die Klassik Bindung. D.h. eine Bindung f\u00fcr Schuhe ohne Sohlenrand.<\/p>\n<p>Zum einen werden Eltern eine Freude damit haben. Denn dieses Modell ist f\u00fcr Kinder mit Schuhgr\u00f6\u00dfen ca. EU 32 &#8211; 42 geeignet. Und zum anderen alle, die sehr kleine F\u00fc\u00dfe und eben auch Bergschuhe haben.<\/p>\n<p>Dieses Produkt ist mit allen Edelrid Ersatzteilen bzw. Bindungstypen kompatibel. D.h. ihr k\u00f6nnt es beliebig umbauen und alle Komponenten tauschen.<\/p>\n<p>Wird sehr gerne gekauft mit dem <a href=\"https:\/\/bolting.eu\/shop\/petzl-tour-hochtourengurt\/\">Petzl Tour Hochtourengurt<\/a>!<\/p>\n<h2>Eigenschaften <a href=\"https:\/\/bolting.eu\/produkt-kategorie\/edelrid\/\">Edelrid<\/a> Kinder Steigeisen<\/h2>\n<ul>\n<li>Modell &#8220;nemo Soft&#8221; mit extra kurzem Steg<\/li>\n<li>f\u00fcr Bergschuhe ca. EU 32 &#8211; 42<\/li>\n<li>klassisches 10-Zack Steigeisen<\/li>\n<li>Material: Stahl, Kunststoff, Polyester<\/li>\n<li>Gewicht: 900 Gramm<\/li>\n<li>Normen: EN 8983<\/li>\n<li>Soft Bindung = Classic Bindung f\u00fcr Schuhe ohne Sohlenrand<\/li>\n<li>Anzahl Zacken: 10<\/li>\n<li>Einsatzbereich: klassisches Bergsteigen, Hochtouren mit Felskontakt<\/li>\n<li>inkl. Antistollenplatten<\/li>\n<li>leicht und formstabil durch 3D Formgebung<\/li>\n<li>abriebfester Chrom-Molybd\u00e4nstahl<\/li>\n<li>Steigeisensteg (&#8220;Br\u00fccke&#8221;) aus Federstahl<\/li>\n<li>einfache Gr\u00f6\u00dfenanpassung<\/li>\n<li>kompatibel mit allen Edelrid Steigeisen Komponenten bzw. Bindungssystemen<\/li>\n<li>Fangriemen mit Schnelll\u00f6sefunktion<\/li>\n<li>Fangriemen mit <a href=\"https:\/\/bolting.eu\/shop\/edelrid-spare-edelrid-spare-strap-keeper-riemenhalter\/\">Strap Keepern<\/a> um B\u00e4nder zu fixieren<\/li>\n<li>empfohlenes Zubeh\u00f6r: <a href=\"https:\/\/bolting.eu\/shop\/petzl-steigeisentasche-fakir\/\">Steigeisentasche<\/a><\/li>\n<li><a href=\"https:\/\/avs.edelrid.com\/images\/attribut\/54683_GAL_Crampons_ANSICHT.pdf?_gl=1*1p9tltj*_gcl_au*NzQ0MDU3ODAuMTc2NzExNTA2OQ..\" target=\"_blank\" rel=\"noopener\">Bedienungsanleitung<\/a><\/li>\n<\/ul>\n<h3>Extra kurzer Steg f\u00fcr Schuhe EU 32-42<\/h3>\n<p>Dieses Kinder Steigeisen hat einen extra kurzen Steg. Dieser ist auf dem Rahmen eine Nemo Soft Modells montiert.<\/p>\n<p>Somit passt dieses Modell auch auf Schuhe die nur von ca. Eu 32 bis 42 reichen.<\/p>\n<p>Optional k\u00f6nnt ihr dieses Produkt mit allen Edelrid <a href=\"https:\/\/bolting.eu\/produkt-kategorie\/bergsteiger-ausruestung\/steigeisen-ersatzteile-zubehoer\/\">Steigeisen Ersatzteilen<\/a> ausstatten. Wie z.b. Dem <a href=\"https:\/\/bolting.eu\/shop\/edelrid-steigeisen-steg-spare-crampon-bridge\/\">Spare Crampon Bridge long<\/a>.<\/p>\n","protected":false},"excerpt":{"rendered":"<p>Sehr kurze Steigeisen f\u00fcr EU 32 &#8211; 42 Bergschuhe aus robustem Chrom &#8211; Molybd\u00e4nstahl mit Soft Bindung.<\/p>\n<p>Ideal f\u00fcr kleine Kinder und Damen Bergschuhe bzw. klassische Hochtouren mit Felskontakt und traditionellem Bergsteigen.<\/p>\n<p>Kompatibel mit allen Edelrid Komponenten bzw. Bindungssystemen.<\/p>\n<p>Versandkostenfrei bis 2kg in\u00a0<img decoding=\"async\" class=\"emoji\" role=\"img\" draggable=\"false\" src=\"https:\/\/s.w.org\/images\/core\/emoji\/14.0.0\/svg\/1f1e6-1f1f9.svg\" alt=\"\ud83c\udde6\ud83c\uddf9\" \/>\u00a0ab \u20ac 100,- und\u00a0<img decoding=\"async\" class=\"emoji\" role=\"img\" draggable=\"false\" src=\"https:\/\/s.w.org\/images\/core\/emoji\/14.0.0\/svg\/1f1e9-1f1ea.svg\" alt=\"\ud83c\udde9\ud83c\uddea\" \/>\u00a0ab \u20ac 200,-!<\/p>\n","protected":false},"featured_media":36193,"comment_status":"closed","ping_status":"closed","template":"","meta":[],"product_brand":[],"product_cat":[15102,13938,14288],"product_tag":[],"class_list":{"0":"post-36188","1":"product","2":"type-product","3":"status-publish","4":"has-post-thumbnail","6":"product_cat-edelrid-en","7":"product_cat-bergsteiger-ausruestung","8":"product_cat-steigeisen","10":"first","11":"instock","12":"sale","13":"taxable","14":"shipping-taxable","15":"purchasable","16":"product-type-simple"},"yoast_head":"<!-- This site is optimized with the Yoast SEO Premium plugin v26.9 (Yoast SEO v26.9) - https:\/\/yoast.com\/product\/yoast-seo-premium-wordpress\/ -->\n<title>Kinder Steigeisen Edelrid | bolting.eu<\/title>\n<meta name=\"description\" content=\"Kinder Steigeisen von Edelrid beim Kletterprofi online kaufen \u2705 Trusted Shop \u2705 kostenloser Versand* \u2705 14 Tage R\u00fcckgaberecht \u2705 Co2 neutrale Zustellung\" \/>\n<meta name=\"robots\" content=\"index, follow, max-snippet:-1, max-image-preview:large, max-video-preview:-1\" \/>\n<link rel=\"canonical\" href=\"https:\/\/bolting.eu\/en\/shop\/kinder-steigeisen-edelrid\/\" \/>\n<meta property=\"og:locale\" content=\"en_US\" \/>\n<meta property=\"og:type\" content=\"article\" \/>\n<meta property=\"og:title\" content=\"Kinder Steigeisen Edelrid\" \/>\n<meta property=\"og:description\" content=\"Kinder Steigeisen von Edelrid beim Kletterprofi online kaufen \u2705 Trusted Shop \u2705 kostenloser Versand* \u2705 14 Tage R\u00fcckgaberecht \u2705 Co2 neutrale Zustellung\" \/>\n<meta property=\"og:url\" content=\"https:\/\/bolting.eu\/en\/shop\/kinder-steigeisen-edelrid\/\" \/>\n<meta property=\"og:site_name\" content=\"bolting.eu\" \/>\n<meta property=\"article:publisher\" content=\"https:\/\/www.facebook.com\/bolting.eu\" \/>\n<meta property=\"article:modified_time\" content=\"2026-01-01T19:58:29+00:00\" \/>\n<meta property=\"og:image\" content=\"https:\/\/bolting.eu\/wp-content\/uploads\/2026\/01\/Kinder-Steigeisen-Edelrid-1.jpg\" \/>\n\t<meta property=\"og:image:width\" content=\"700\" \/>\n\t<meta property=\"og:image:height\" content=\"700\" \/>\n\t<meta property=\"og:image:type\" content=\"image\/jpeg\" \/>\n<meta name=\"twitter:card\" content=\"summary_large_image\" \/>\n<meta name=\"twitter:label1\" content=\"Price\" \/>\n\t<meta name=\"twitter:data1\" content=\"&euro;&nbsp;120,00\" \/>\n\t<meta name=\"twitter:label2\" content=\"Availability\" \/>\n\t<meta name=\"twitter:data2\" content=\"In stock\" \/>\n<script type=\"application\/ld+json\" class=\"yoast-schema-graph\">{\"@context\":\"https:\/\/schema.org\",\"@graph\":[{\"@type\":[\"WebPage\",\"ItemPage\"],\"@id\":\"https:\/\/bolting.eu\/en\/shop\/kinder-steigeisen-edelrid\/\",\"url\":\"https:\/\/bolting.eu\/en\/shop\/kinder-steigeisen-edelrid\/\",\"name\":\"Kinder Steigeisen Edelrid | bolting.eu\",\"isPartOf\":{\"@id\":\"https:\/\/bolting.eu\/en\/#website\"},\"primaryImageOfPage\":{\"@id\":\"https:\/\/bolting.eu\/en\/shop\/kinder-steigeisen-edelrid\/#primaryimage\"},\"image\":{\"@id\":\"https:\/\/bolting.eu\/en\/shop\/kinder-steigeisen-edelrid\/#primaryimage\"},\"thumbnailUrl\":\"https:\/\/bolting.eu\/wp-content\/uploads\/2026\/01\/Kinder-Steigeisen-Edelrid-1.jpg\",\"datePublished\":\"2026-01-01T19:33:46+00:00\",\"dateModified\":\"2026-01-01T19:58:29+00:00\",\"description\":\"Kinder Steigeisen von Edelrid beim Kletterprofi online kaufen \u2705 Trusted Shop \u2705 kostenloser Versand* \u2705 14 Tage R\u00fcckgaberecht \u2705 Co2 neutrale Zustellung\",\"breadcrumb\":{\"@id\":\"https:\/\/bolting.eu\/en\/shop\/kinder-steigeisen-edelrid\/#breadcrumb\"},\"inLanguage\":\"en-US\",\"potentialAction\":[{\"@type\":\"ReadAction\",\"target\":[\"https:\/\/bolting.eu\/en\/shop\/kinder-steigeisen-edelrid\/\"]}]},{\"@type\":\"ImageObject\",\"inLanguage\":\"en-US\",\"@id\":\"https:\/\/bolting.eu\/en\/shop\/kinder-steigeisen-edelrid\/#primaryimage\",\"url\":\"https:\/\/bolting.eu\/wp-content\/uploads\/2026\/01\/Kinder-Steigeisen-Edelrid-1.jpg\",\"contentUrl\":\"https:\/\/bolting.eu\/wp-content\/uploads\/2026\/01\/Kinder-Steigeisen-Edelrid-1.jpg\",\"width\":700,\"height\":700,\"caption\":\"Gr\u00fcn schwarzes Edelrid Nemo Soft Kids Kinder Steigeisen von schr\u00e4g vorne.\"},{\"@type\":\"BreadcrumbList\",\"@id\":\"https:\/\/bolting.eu\/en\/shop\/kinder-steigeisen-edelrid\/#breadcrumb\",\"itemListElement\":[{\"@type\":\"ListItem\",\"position\":1,\"name\":\"Shop\",\"item\":\"https:\/\/bolting.eu\/en\/shop\/\"},{\"@type\":\"ListItem\",\"position\":2,\"name\":\"Bergsteiger Ausr\u00fcstung\",\"item\":\"https:\/\/bolting.eu\/produkt-kategorie\/bergsteiger-ausruestung\/\"},{\"@type\":\"ListItem\",\"position\":3,\"name\":\"Kinder Steigeisen Edelrid\"}]},{\"@type\":\"WebSite\",\"@id\":\"https:\/\/bolting.eu\/en\/#website\",\"url\":\"https:\/\/bolting.eu\/en\/\",\"name\":\"bolting.eu\",\"description\":\"we make climbs happen\",\"publisher\":{\"@id\":\"https:\/\/bolting.eu\/en\/#organization\"},\"potentialAction\":[{\"@type\":\"SearchAction\",\"target\":{\"@type\":\"EntryPoint\",\"urlTemplate\":\"https:\/\/bolting.eu\/en\/?s={search_term_string}\"},\"query-input\":{\"@type\":\"PropertyValueSpecification\",\"valueRequired\":true,\"valueName\":\"search_term_string\"}}],\"inLanguage\":\"en-US\"},{\"@type\":[\"Organization\",\"Place\",\"SportingGoodsStore\"],\"@id\":\"https:\/\/bolting.eu\/en\/#organization\",\"name\":\"bolting.eu\",\"url\":\"https:\/\/bolting.eu\/en\/\",\"logo\":{\"@id\":\"https:\/\/bolting.eu\/en\/shop\/kinder-steigeisen-edelrid\/#local-main-organization-logo\"},\"image\":{\"@id\":\"https:\/\/bolting.eu\/en\/shop\/kinder-steigeisen-edelrid\/#local-main-organization-logo\"},\"sameAs\":[\"https:\/\/www.facebook.com\/bolting.eu\",\"https:\/\/www.instagram.com\/bolting.eu\/\"],\"address\":{\"@id\":\"https:\/\/bolting.eu\/en\/shop\/kinder-steigeisen-edelrid\/#local-main-place-address\"},\"geo\":{\"@type\":\"GeoCoordinates\",\"latitude\":\"47.264176340396226\",\"longitude\":\"11.380109057672346\"},\"telephone\":[\"+43 699 19083372\"],\"openingHoursSpecification\":[{\"@type\":\"OpeningHoursSpecification\",\"dayOfWeek\":[\"Monday\",\"Wednesday\",\"Friday\"],\"opens\":\"14:00\",\"closes\":\"18:00\"},{\"@type\":\"OpeningHoursSpecification\",\"dayOfWeek\":[\"Tuesday\",\"Thursday\",\"Saturday\",\"Sunday\"],\"opens\":\"00:00\",\"closes\":\"00:00\"}],\"email\":\"office@bolting.eu\",\"vatID\":\"ATU59999728\",\"priceRange\":\"$$\",\"currenciesAccepted\":\"Euro\"},{\"@type\":\"PostalAddress\",\"@id\":\"https:\/\/bolting.eu\/en\/shop\/kinder-steigeisen-edelrid\/#local-main-place-address\",\"streetAddress\":\"Fischnalerstra\u00dfe 4\",\"addressLocality\":\"Innsbruck\",\"postalCode\":\"6020\",\"addressRegion\":\"Tirol\",\"addressCountry\":\"AT\"},{\"@type\":\"ImageObject\",\"inLanguage\":\"en-US\",\"@id\":\"https:\/\/bolting.eu\/en\/shop\/kinder-steigeisen-edelrid\/#local-main-organization-logo\",\"url\":\"https:\/\/bolting.eu\/wp-content\/uploads\/2019\/09\/bolting-logo.png\",\"contentUrl\":\"https:\/\/bolting.eu\/wp-content\/uploads\/2019\/09\/bolting-logo.png\",\"width\":400,\"height\":211,\"caption\":\"bolting.eu\"}]}<\/script>\n<meta property=\"product:price:amount\" content=\"120.00\" \/>\n<meta property=\"product:price:currency\" content=\"EUR\" \/>\n<meta property=\"og:availability\" content=\"instock\" \/>\n<meta property=\"product:availability\" content=\"instock\" \/>\n<meta property=\"product:retailer_item_id\" content=\"744490002190\" \/>\n<meta property=\"product:condition\" content=\"new\" \/>\n<meta name=\"geo.placename\" content=\"Innsbruck\" \/>\n<meta name=\"geo.position\" content=\"47.264176340396226;11.380109057672346\" \/>\n<meta name=\"geo.region\" content=\"Austria\" \/>\n<!-- \/ Yoast SEO Premium plugin. -->","yoast_head_json":{"title":"Kinder Steigeisen Edelrid | bolting.eu","description":"Kinder Steigeisen von Edelrid beim Kletterprofi online kaufen \u2705 Trusted Shop \u2705 kostenloser Versand* \u2705 14 Tage R\u00fcckgaberecht \u2705 Co2 neutrale Zustellung","robots":{"index":"index","follow":"follow","max-snippet":"max-snippet:-1","max-image-preview":"max-image-preview:large","max-video-preview":"max-video-preview:-1"},"canonical":"https:\/\/bolting.eu\/en\/shop\/kinder-steigeisen-edelrid\/","og_locale":"en_US","og_type":"article","og_title":"Kinder Steigeisen Edelrid","og_description":"Kinder Steigeisen von Edelrid beim Kletterprofi online kaufen \u2705 Trusted Shop \u2705 kostenloser Versand* \u2705 14 Tage R\u00fcckgaberecht \u2705 Co2 neutrale Zustellung","og_url":"https:\/\/bolting.eu\/en\/shop\/kinder-steigeisen-edelrid\/","og_site_name":"bolting.eu","article_publisher":"https:\/\/www.facebook.com\/bolting.eu","article_modified_time":"2026-01-01T19:58:29+00:00","og_image":[{"width":700,"height":700,"url":"https:\/\/bolting.eu\/wp-content\/uploads\/2026\/01\/Kinder-Steigeisen-Edelrid-1.jpg","type":"image\/jpeg"}],"twitter_card":"summary_large_image","twitter_misc":{"Price":"&euro;&nbsp;120,00","Availability":"In stock"},"schema":{"@context":"https:\/\/schema.org","@graph":[{"@type":["WebPage","ItemPage"],"@id":"https:\/\/bolting.eu\/en\/shop\/kinder-steigeisen-edelrid\/","url":"https:\/\/bolting.eu\/en\/shop\/kinder-steigeisen-edelrid\/","name":"Kinder Steigeisen Edelrid | bolting.eu","isPartOf":{"@id":"https:\/\/bolting.eu\/en\/#website"},"primaryImageOfPage":{"@id":"https:\/\/bolting.eu\/en\/shop\/kinder-steigeisen-edelrid\/#primaryimage"},"image":{"@id":"https:\/\/bolting.eu\/en\/shop\/kinder-steigeisen-edelrid\/#primaryimage"},"thumbnailUrl":"https:\/\/bolting.eu\/wp-content\/uploads\/2026\/01\/Kinder-Steigeisen-Edelrid-1.jpg","datePublished":"2026-01-01T19:33:46+00:00","dateModified":"2026-01-01T19:58:29+00:00","description":"Kinder Steigeisen von Edelrid beim Kletterprofi online kaufen \u2705 Trusted Shop \u2705 kostenloser Versand* \u2705 14 Tage R\u00fcckgaberecht \u2705 Co2 neutrale Zustellung","breadcrumb":{"@id":"https:\/\/bolting.eu\/en\/shop\/kinder-steigeisen-edelrid\/#breadcrumb"},"inLanguage":"en-US","potentialAction":[{"@type":"ReadAction","target":["https:\/\/bolting.eu\/en\/shop\/kinder-steigeisen-edelrid\/"]}]},{"@type":"ImageObject","inLanguage":"en-US","@id":"https:\/\/bolting.eu\/en\/shop\/kinder-steigeisen-edelrid\/#primaryimage","url":"https:\/\/bolting.eu\/wp-content\/uploads\/2026\/01\/Kinder-Steigeisen-Edelrid-1.jpg","contentUrl":"https:\/\/bolting.eu\/wp-content\/uploads\/2026\/01\/Kinder-Steigeisen-Edelrid-1.jpg","width":700,"height":700,"caption":"Gr\u00fcn schwarzes Edelrid Nemo Soft Kids Kinder Steigeisen von schr\u00e4g vorne."},{"@type":"BreadcrumbList","@id":"https:\/\/bolting.eu\/en\/shop\/kinder-steigeisen-edelrid\/#breadcrumb","itemListElement":[{"@type":"ListItem","position":1,"name":"Shop","item":"https:\/\/bolting.eu\/en\/shop\/"},{"@type":"ListItem","position":2,"name":"Bergsteiger Ausr\u00fcstung","item":"https:\/\/bolting.eu\/produkt-kategorie\/bergsteiger-ausruestung\/"},{"@type":"ListItem","position":3,"name":"Kinder Steigeisen Edelrid"}]},{"@type":"WebSite","@id":"https:\/\/bolting.eu\/en\/#website","url":"https:\/\/bolting.eu\/en\/","name":"bolting.eu","description":"we make climbs happen","publisher":{"@id":"https:\/\/bolting.eu\/en\/#organization"},"potentialAction":[{"@type":"SearchAction","target":{"@type":"EntryPoint","urlTemplate":"https:\/\/bolting.eu\/en\/?s={search_term_string}"},"query-input":{"@type":"PropertyValueSpecification","valueRequired":true,"valueName":"search_term_string"}}],"inLanguage":"en-US"},{"@type":["Organization","Place","SportingGoodsStore"],"@id":"https:\/\/bolting.eu\/en\/#organization","name":"bolting.eu","url":"https:\/\/bolting.eu\/en\/","logo":{"@id":"https:\/\/bolting.eu\/en\/shop\/kinder-steigeisen-edelrid\/#local-main-organization-logo"},"image":{"@id":"https:\/\/bolting.eu\/en\/shop\/kinder-steigeisen-edelrid\/#local-main-organization-logo"},"sameAs":["https:\/\/www.facebook.com\/bolting.eu","https:\/\/www.instagram.com\/bolting.eu\/"],"address":{"@id":"https:\/\/bolting.eu\/en\/shop\/kinder-steigeisen-edelrid\/#local-main-place-address"},"geo":{"@type":"GeoCoordinates","latitude":"47.264176340396226","longitude":"11.380109057672346"},"telephone":["+43 699 19083372"],"openingHoursSpecification":[{"@type":"OpeningHoursSpecification","dayOfWeek":["Monday","Wednesday","Friday"],"opens":"14:00","closes":"18:00"},{"@type":"OpeningHoursSpecification","dayOfWeek":["Tuesday","Thursday","Saturday","Sunday"],"opens":"00:00","closes":"00:00"}],"email":"office@bolting.eu","vatID":"ATU59999728","priceRange":"$$","currenciesAccepted":"Euro"},{"@type":"PostalAddress","@id":"https:\/\/bolting.eu\/en\/shop\/kinder-steigeisen-edelrid\/#local-main-place-address","streetAddress":"Fischnalerstra\u00dfe 4","addressLocality":"Innsbruck","postalCode":"6020","addressRegion":"Tirol","addressCountry":"AT"},{"@type":"ImageObject","inLanguage":"en-US","@id":"https:\/\/bolting.eu\/en\/shop\/kinder-steigeisen-edelrid\/#local-main-organization-logo","url":"https:\/\/bolting.eu\/wp-content\/uploads\/2019\/09\/bolting-logo.png","contentUrl":"https:\/\/bolting.eu\/wp-content\/uploads\/2019\/09\/bolting-logo.png","width":400,"height":211,"caption":"bolting.eu"}]},"product_price_amount":"120.00","product_price_currency":"EUR","og_availability":"instock","product_availability":"instock","product_retailer_item_id":"744490002190","product_condition":"new","geo.placename":"Innsbruck","geo.position":{"lat":"47.264176340396226","long":"11.380109057672346"},"geo.region":"Austria"},"_links":{"self":[{"href":"https:\/\/bolting.eu\/en\/wp-json\/wp\/v2\/product\/36188","targetHints":{"allow":["GET"]}}],"collection":[{"href":"https:\/\/bolting.eu\/en\/wp-json\/wp\/v2\/product"}],"about":[{"href":"https:\/\/bolting.eu\/en\/wp-json\/wp\/v2\/types\/product"}],"replies":[{"embeddable":true,"href":"https:\/\/bolting.eu\/en\/wp-json\/wp\/v2\/comments?post=36188"}],"wp:featuredmedia":[{"embeddable":true,"href":"https:\/\/bolting.eu\/en\/wp-json\/wp\/v2\/media\/36193"}],"wp:attachment":[{"href":"https:\/\/bolting.eu\/en\/wp-json\/wp\/v2\/media?parent=36188"}],"wp:term":[{"taxonomy":"product_brand","embeddable":true,"href":"https:\/\/bolting.eu\/en\/wp-json\/wp\/v2\/product_brand?post=36188"},{"taxonomy":"product_cat","embeddable":true,"href":"https:\/\/bolting.eu\/en\/wp-json\/wp\/v2\/product_cat?post=36188"},{"taxonomy":"product_tag","embeddable":true,"href":"https:\/\/bolting.eu\/en\/wp-json\/wp\/v2\/product_tag?post=36188"}],"curies":[{"name":"wp","href":"https:\/\/api.w.org\/{rel}","templated":true}]}}