{"id":36133,"date":"2025-12-30T18:16:30","date_gmt":"2025-12-30T17:16:30","guid":{"rendered":"https:\/\/bolting.eu\/?post_type=product&#038;p=36133"},"modified":"2025-12-30T18:16:33","modified_gmt":"2025-12-30T17:16:33","slug":"rock-empire-sherman-baumpflegergurt","status":"publish","type":"product","link":"https:\/\/bolting.eu\/en\/shop\/rock-empire-sherman-baumpflegergurt\/","title":{"rendered":"Rock Empire Sherman Baumpflegergurt"},"content":{"rendered":"<p>Der Rock Empire Sherman ist ein extrem komfortabler Baumpflegergurt. Denn er hat den wohl breitesten H\u00fcftgurt bzw. Beinschlaufen aller verf\u00fcgbaren Modelle am Markt.<\/p>\n<p>Dieses Produkt stammt zum einen aus europ\u00e4ischer Produktion. Somit sind die Materialien enorm hochwertig und langlebig. Somit werdet ihr mit diesem Produkt lange eine Freude haben.<\/p>\n<p>Technisch zeichnen diese Features den Gurt aus.<\/p>\n<p>Erstens die Alu Schnellverschluss Schnallen. Zweitens die zwei unterschiedlich langen Seilbr\u00fccken. Drittens die vielen Material Befestigungspunkte bzw. deren variable Position. Abschlie\u00dfend garantieren vier kleine Stahl Ringe die Befestigung von schweren Werkzeugen wie z.B. einer Kettens\u00e4ge.<\/p>\n<h2>Eigenschaften Rock Empire Sherman<\/h2>\n<ul>\n<li>extrem komfortabler Baumpflegergurt<\/li>\n<li>Gr\u00f6\u00dfen: S-M, L-XL<\/li>\n<li>H\u00fcftgurt: 71 &#8211; 105cm (S-M), 80 -120cm (L-XL)<\/li>\n<li>Beinschlaufen: 50 &#8211; 70cm (S-M), 57 -80cm (L-XL)<\/li>\n<li>Normen: EN 813, EN 358<\/li>\n<li>Gewicht: 1853 Gramm (S-M), 1947 Gramm (L-XL)<\/li>\n<li>hergestellt aus europ\u00e4ischen Materialien<\/li>\n<li>gen\u00e4ht in der Tschechischen Republik<\/li>\n<li>extra breiter, ergonomischer H\u00fcftgurt<\/li>\n<li>komfortable Polsterung an H\u00fcfte und Beinschlaufen<\/li>\n<li>4 St\u00fctzb\u00e4nder verteilen Kr\u00e4fte im H\u00fcftgurt<\/li>\n<li>Haupttragegurt emit Alu Schnellverschluss Schnallen<\/li>\n<li>zwei unterschiedlich lange Seilbr\u00fccken (im Lieferumfang!)<\/li>\n<li>zwei seitliche Positionierungspunkte (EN 358)<\/li>\n<li>unz\u00e4hlige Materialbefestigungspunkte bzw. Slots f\u00fcr Materialkarabiner<\/li>\n<li>3 Materialschlaufen<\/li>\n<li>Reepschnur zum F\u00e4deln weiterer Materialschlaufen<\/li>\n<li>4 Edelstahl Ringe f\u00fcr schwere Werkzeuge wie z.B. Motors\u00e4ge<\/li>\n<li>kleiner Zurrgurt im Lendenbereich f\u00fcr 1. Hilfe Set (nicht im Lieferumfang!)<\/li>\n<li>Schulter Verbindungsschlaufe<\/li>\n<li>Beinschlaufen l\u00e4ngenverstellbar<\/li>\n<li>Abstand Beinschlaufen zu H\u00fcftgurt verstellbar<\/li>\n<li>austauschbare Teile: Abstandsb\u00e4nder der Beinschlaufen, die zwei Seilbr\u00fccken<\/li>\n<li>keine der abgebildeten Materialkarabiner sin dim Lieferumfang enthalten!<\/li>\n<li><a href=\"https:\/\/www.rockempire.com\/de\/arboristik-2\/sherman\/#:~:text=Instruction%20(931.9%20kB)\" target=\"_blank\" rel=\"noopener\">Bedienungsanleitung<\/a><\/li>\n<\/ul>\n<p>&nbsp;<\/p>\n<h3>Produktvideo<\/h3>\n<p>Im Folgenden stellt Rock Empire den Sherman Baumpflegergurt nochmals selbst vor.<\/p>\n<p><iframe loading=\"lazy\" title=\"SHERMAN\" src=\"https:\/\/www.youtube.com\/embed\/tN0SO4FBe2Y\" width=\"65%\" height=\"65%\" frameborder=\"0\" allowfullscreen=\"allowfullscreen\"><span data-mce-type=\"bookmark\" style=\"display: inline-block; width: 0px; overflow: hidden; line-height: 0;\" class=\"mce_SELRES_start\">\ufeff<\/span><\/iframe><\/p>\n","protected":false},"excerpt":{"rendered":"<p>Extrem komfortabler und robuster Baumpflegergurt. Inkl. zwei austauschbaren Seilbr\u00fccken und vieler raffinierter Details.<\/p>\n<p>Hergestellt in Tschechien mit europ\u00e4ischen Materialien.<\/p>\n<p>Versandkostenfrei bis 2kg in\u00a0<img decoding=\"async\" class=\"emoji\" role=\"img\" draggable=\"false\" src=\"https:\/\/s.w.org\/images\/core\/emoji\/14.0.0\/svg\/1f1e6-1f1f9.svg\" alt=\"\ud83c\udde6\ud83c\uddf9\" \/>\u00a0ab \u20ac 100,- und\u00a0<img decoding=\"async\" class=\"emoji\" role=\"img\" draggable=\"false\" src=\"https:\/\/s.w.org\/images\/core\/emoji\/14.0.0\/svg\/1f1e9-1f1ea.svg\" alt=\"\ud83c\udde9\ud83c\uddea\" \/>\u00a0ab \u20ac 200,-!<\/p>\n","protected":false},"featured_media":36145,"comment_status":"closed","ping_status":"closed","template":"","meta":[],"product_brand":[],"product_cat":[26,14513,14753],"product_tag":[],"class_list":{"0":"post-36133","1":"product","2":"type-product","3":"status-publish","4":"has-post-thumbnail","6":"product_cat-unkategorisiert","7":"product_cat-industriekletter-ausruestung","8":"product_cat-baumklettern-ausruestung","10":"first","11":"instock","12":"sale","13":"taxable","14":"shipping-taxable","15":"purchasable","16":"product-type-variable"},"yoast_head":"<!-- This site is optimized with the Yoast SEO Premium plugin v26.9 (Yoast SEO v26.9) - https:\/\/yoast.com\/product\/yoast-seo-premium-wordpress\/ -->\n<title>Rock Empire Sherman Baumpflegergurt | bolting.eu<\/title>\n<meta name=\"description\" content=\"Rock Empire Sherman Baumpflegergurt online kaufen \u2705 Trusted Shop \u2705 kostenloser Versand* \u2705 14 Tage R\u00fcckgaberecht \u2705 Co2 neutrale Zustellung\" \/>\n<meta name=\"robots\" content=\"index, follow, max-snippet:-1, max-image-preview:large, max-video-preview:-1\" \/>\n<link rel=\"canonical\" href=\"https:\/\/bolting.eu\/en\/shop\/rock-empire-sherman-baumpflegergurt\/\" \/>\n<meta property=\"og:locale\" content=\"en_US\" \/>\n<meta property=\"og:type\" content=\"article\" \/>\n<meta property=\"og:title\" content=\"Rock Empire Sherman Baumpflegergurt\" \/>\n<meta property=\"og:description\" content=\"Rock Empire Sherman Baumpflegergurt online kaufen \u2705 Trusted Shop \u2705 kostenloser Versand* \u2705 14 Tage R\u00fcckgaberecht \u2705 Co2 neutrale Zustellung\" \/>\n<meta property=\"og:url\" content=\"https:\/\/bolting.eu\/en\/shop\/rock-empire-sherman-baumpflegergurt\/\" \/>\n<meta property=\"og:site_name\" content=\"bolting.eu\" \/>\n<meta property=\"article:publisher\" content=\"https:\/\/www.facebook.com\/bolting.eu\" \/>\n<meta property=\"article:modified_time\" content=\"2025-12-30T17:16:33+00:00\" \/>\n<meta property=\"og:image\" content=\"https:\/\/bolting.eu\/wp-content\/uploads\/2025\/12\/Rock-Empire-Sherman-5.jpg\" \/>\n\t<meta property=\"og:image:width\" content=\"700\" \/>\n\t<meta property=\"og:image:height\" content=\"700\" \/>\n\t<meta property=\"og:image:type\" content=\"image\/jpeg\" \/>\n<meta name=\"twitter:card\" content=\"summary_large_image\" \/>\n<meta name=\"twitter:label1\" content=\"Availability\" \/>\n\t<meta name=\"twitter:data1\" content=\"In stock\" \/>\n<script type=\"application\/ld+json\" class=\"yoast-schema-graph\">{\"@context\":\"https:\/\/schema.org\",\"@graph\":[{\"@type\":[\"WebPage\",\"ItemPage\"],\"@id\":\"https:\/\/bolting.eu\/en\/shop\/rock-empire-sherman-baumpflegergurt\/\",\"url\":\"https:\/\/bolting.eu\/en\/shop\/rock-empire-sherman-baumpflegergurt\/\",\"name\":\"Rock Empire Sherman Baumpflegergurt | bolting.eu\",\"isPartOf\":{\"@id\":\"https:\/\/bolting.eu\/en\/#website\"},\"primaryImageOfPage\":{\"@id\":\"https:\/\/bolting.eu\/en\/shop\/rock-empire-sherman-baumpflegergurt\/#primaryimage\"},\"image\":{\"@id\":\"https:\/\/bolting.eu\/en\/shop\/rock-empire-sherman-baumpflegergurt\/#primaryimage\"},\"thumbnailUrl\":\"https:\/\/bolting.eu\/wp-content\/uploads\/2025\/12\/Rock-Empire-Sherman-5.jpg\",\"datePublished\":\"2025-12-30T17:16:30+00:00\",\"dateModified\":\"2025-12-30T17:16:33+00:00\",\"description\":\"Rock Empire Sherman Baumpflegergurt online kaufen \u2705 Trusted Shop \u2705 kostenloser Versand* \u2705 14 Tage R\u00fcckgaberecht \u2705 Co2 neutrale Zustellung\",\"breadcrumb\":{\"@id\":\"https:\/\/bolting.eu\/en\/shop\/rock-empire-sherman-baumpflegergurt\/#breadcrumb\"},\"inLanguage\":\"en-US\",\"potentialAction\":[{\"@type\":\"ReadAction\",\"target\":[\"https:\/\/bolting.eu\/en\/shop\/rock-empire-sherman-baumpflegergurt\/\"]}]},{\"@type\":\"ImageObject\",\"inLanguage\":\"en-US\",\"@id\":\"https:\/\/bolting.eu\/en\/shop\/rock-empire-sherman-baumpflegergurt\/#primaryimage\",\"url\":\"https:\/\/bolting.eu\/wp-content\/uploads\/2025\/12\/Rock-Empire-Sherman-5.jpg\",\"contentUrl\":\"https:\/\/bolting.eu\/wp-content\/uploads\/2025\/12\/Rock-Empire-Sherman-5.jpg\",\"width\":700,\"height\":700,\"caption\":\"Schwarzer Rock Empire Sherman Baumpflegergurt von schr\u00e4g vorne mit allen Details.\"},{\"@type\":\"BreadcrumbList\",\"@id\":\"https:\/\/bolting.eu\/en\/shop\/rock-empire-sherman-baumpflegergurt\/#breadcrumb\",\"itemListElement\":[{\"@type\":\"ListItem\",\"position\":1,\"name\":\"Shop\",\"item\":\"https:\/\/bolting.eu\/en\/shop\/\"},{\"@type\":\"ListItem\",\"position\":2,\"name\":\"Baumklettern Ausr\u00fcstung\",\"item\":\"https:\/\/bolting.eu\/produkt-kategorie\/baumklettern-ausruestung\/\"},{\"@type\":\"ListItem\",\"position\":3,\"name\":\"Rock Empire Sherman Baumpflegergurt\"}]},{\"@type\":\"WebSite\",\"@id\":\"https:\/\/bolting.eu\/en\/#website\",\"url\":\"https:\/\/bolting.eu\/en\/\",\"name\":\"bolting.eu\",\"description\":\"we make climbs happen\",\"publisher\":{\"@id\":\"https:\/\/bolting.eu\/en\/#organization\"},\"potentialAction\":[{\"@type\":\"SearchAction\",\"target\":{\"@type\":\"EntryPoint\",\"urlTemplate\":\"https:\/\/bolting.eu\/en\/?s={search_term_string}\"},\"query-input\":{\"@type\":\"PropertyValueSpecification\",\"valueRequired\":true,\"valueName\":\"search_term_string\"}}],\"inLanguage\":\"en-US\"},{\"@type\":[\"Organization\",\"Place\",\"SportingGoodsStore\"],\"@id\":\"https:\/\/bolting.eu\/en\/#organization\",\"name\":\"bolting.eu\",\"url\":\"https:\/\/bolting.eu\/en\/\",\"logo\":{\"@id\":\"https:\/\/bolting.eu\/en\/shop\/rock-empire-sherman-baumpflegergurt\/#local-main-organization-logo\"},\"image\":{\"@id\":\"https:\/\/bolting.eu\/en\/shop\/rock-empire-sherman-baumpflegergurt\/#local-main-organization-logo\"},\"sameAs\":[\"https:\/\/www.facebook.com\/bolting.eu\",\"https:\/\/www.instagram.com\/bolting.eu\/\"],\"address\":{\"@id\":\"https:\/\/bolting.eu\/en\/shop\/rock-empire-sherman-baumpflegergurt\/#local-main-place-address\"},\"geo\":{\"@type\":\"GeoCoordinates\",\"latitude\":\"47.264176340396226\",\"longitude\":\"11.380109057672346\"},\"telephone\":[\"+43 699 19083372\"],\"openingHoursSpecification\":[{\"@type\":\"OpeningHoursSpecification\",\"dayOfWeek\":[\"Monday\",\"Wednesday\",\"Friday\"],\"opens\":\"14:00\",\"closes\":\"18:00\"},{\"@type\":\"OpeningHoursSpecification\",\"dayOfWeek\":[\"Tuesday\",\"Thursday\",\"Saturday\",\"Sunday\"],\"opens\":\"00:00\",\"closes\":\"00:00\"}],\"email\":\"office@bolting.eu\",\"vatID\":\"ATU59999728\",\"priceRange\":\"$$\",\"currenciesAccepted\":\"Euro\"},{\"@type\":\"PostalAddress\",\"@id\":\"https:\/\/bolting.eu\/en\/shop\/rock-empire-sherman-baumpflegergurt\/#local-main-place-address\",\"streetAddress\":\"Fischnalerstra\u00dfe 4\",\"addressLocality\":\"Innsbruck\",\"postalCode\":\"6020\",\"addressRegion\":\"Tirol\",\"addressCountry\":\"AT\"},{\"@type\":\"ImageObject\",\"inLanguage\":\"en-US\",\"@id\":\"https:\/\/bolting.eu\/en\/shop\/rock-empire-sherman-baumpflegergurt\/#local-main-organization-logo\",\"url\":\"https:\/\/bolting.eu\/wp-content\/uploads\/2019\/09\/bolting-logo.png\",\"contentUrl\":\"https:\/\/bolting.eu\/wp-content\/uploads\/2019\/09\/bolting-logo.png\",\"width\":400,\"height\":211,\"caption\":\"bolting.eu\"}]}<\/script>\n<meta property=\"og:video\" content=\"https:\/\/www.youtube.com\/embed\/tN0SO4FBe2Y\" \/>\n<meta property=\"og:video:type\" content=\"text\/html\" \/>\n<meta property=\"og:video:duration\" content=\"162\" \/>\n<meta property=\"og:video:width\" content=\"480\" \/>\n<meta property=\"og:video:height\" content=\"270\" \/>\n<meta property=\"ya:ovs:adult\" content=\"false\" \/>\n<meta property=\"ya:ovs:upload_date\" content=\"2025-12-30T17:16:30+00:00\" \/>\n<meta property=\"ya:ovs:allow_embed\" content=\"true\" \/>\n<meta property=\"og:availability\" content=\"instock\" \/>\n<meta property=\"product:availability\" content=\"instock\" \/>\n<meta property=\"product:condition\" content=\"new\" \/>\n<meta name=\"geo.placename\" content=\"Innsbruck\" \/>\n<meta name=\"geo.position\" content=\"47.264176340396226;11.380109057672346\" \/>\n<meta name=\"geo.region\" content=\"Austria\" \/>\n<!-- \/ Yoast SEO Premium plugin. -->","yoast_head_json":{"title":"Rock Empire Sherman Baumpflegergurt | bolting.eu","description":"Rock Empire Sherman Baumpflegergurt online kaufen \u2705 Trusted Shop \u2705 kostenloser Versand* \u2705 14 Tage R\u00fcckgaberecht \u2705 Co2 neutrale Zustellung","robots":{"index":"index","follow":"follow","max-snippet":"max-snippet:-1","max-image-preview":"max-image-preview:large","max-video-preview":"max-video-preview:-1"},"canonical":"https:\/\/bolting.eu\/en\/shop\/rock-empire-sherman-baumpflegergurt\/","og_locale":"en_US","og_type":"article","og_title":"Rock Empire Sherman Baumpflegergurt","og_description":"Rock Empire Sherman Baumpflegergurt online kaufen \u2705 Trusted Shop \u2705 kostenloser Versand* \u2705 14 Tage R\u00fcckgaberecht \u2705 Co2 neutrale Zustellung","og_url":"https:\/\/bolting.eu\/en\/shop\/rock-empire-sherman-baumpflegergurt\/","og_site_name":"bolting.eu","article_publisher":"https:\/\/www.facebook.com\/bolting.eu","article_modified_time":"2025-12-30T17:16:33+00:00","og_image":[{"width":700,"height":700,"url":"https:\/\/bolting.eu\/wp-content\/uploads\/2025\/12\/Rock-Empire-Sherman-5.jpg","type":"image\/jpeg"}],"twitter_card":"summary_large_image","twitter_misc":{"Availability":"In stock"},"schema":{"@context":"https:\/\/schema.org","@graph":[{"@type":["WebPage","ItemPage"],"@id":"https:\/\/bolting.eu\/en\/shop\/rock-empire-sherman-baumpflegergurt\/","url":"https:\/\/bolting.eu\/en\/shop\/rock-empire-sherman-baumpflegergurt\/","name":"Rock Empire Sherman Baumpflegergurt | bolting.eu","isPartOf":{"@id":"https:\/\/bolting.eu\/en\/#website"},"primaryImageOfPage":{"@id":"https:\/\/bolting.eu\/en\/shop\/rock-empire-sherman-baumpflegergurt\/#primaryimage"},"image":{"@id":"https:\/\/bolting.eu\/en\/shop\/rock-empire-sherman-baumpflegergurt\/#primaryimage"},"thumbnailUrl":"https:\/\/bolting.eu\/wp-content\/uploads\/2025\/12\/Rock-Empire-Sherman-5.jpg","datePublished":"2025-12-30T17:16:30+00:00","dateModified":"2025-12-30T17:16:33+00:00","description":"Rock Empire Sherman Baumpflegergurt online kaufen \u2705 Trusted Shop \u2705 kostenloser Versand* \u2705 14 Tage R\u00fcckgaberecht \u2705 Co2 neutrale Zustellung","breadcrumb":{"@id":"https:\/\/bolting.eu\/en\/shop\/rock-empire-sherman-baumpflegergurt\/#breadcrumb"},"inLanguage":"en-US","potentialAction":[{"@type":"ReadAction","target":["https:\/\/bolting.eu\/en\/shop\/rock-empire-sherman-baumpflegergurt\/"]}]},{"@type":"ImageObject","inLanguage":"en-US","@id":"https:\/\/bolting.eu\/en\/shop\/rock-empire-sherman-baumpflegergurt\/#primaryimage","url":"https:\/\/bolting.eu\/wp-content\/uploads\/2025\/12\/Rock-Empire-Sherman-5.jpg","contentUrl":"https:\/\/bolting.eu\/wp-content\/uploads\/2025\/12\/Rock-Empire-Sherman-5.jpg","width":700,"height":700,"caption":"Schwarzer Rock Empire Sherman Baumpflegergurt von schr\u00e4g vorne mit allen Details."},{"@type":"BreadcrumbList","@id":"https:\/\/bolting.eu\/en\/shop\/rock-empire-sherman-baumpflegergurt\/#breadcrumb","itemListElement":[{"@type":"ListItem","position":1,"name":"Shop","item":"https:\/\/bolting.eu\/en\/shop\/"},{"@type":"ListItem","position":2,"name":"Baumklettern Ausr\u00fcstung","item":"https:\/\/bolting.eu\/produkt-kategorie\/baumklettern-ausruestung\/"},{"@type":"ListItem","position":3,"name":"Rock Empire Sherman Baumpflegergurt"}]},{"@type":"WebSite","@id":"https:\/\/bolting.eu\/en\/#website","url":"https:\/\/bolting.eu\/en\/","name":"bolting.eu","description":"we make climbs happen","publisher":{"@id":"https:\/\/bolting.eu\/en\/#organization"},"potentialAction":[{"@type":"SearchAction","target":{"@type":"EntryPoint","urlTemplate":"https:\/\/bolting.eu\/en\/?s={search_term_string}"},"query-input":{"@type":"PropertyValueSpecification","valueRequired":true,"valueName":"search_term_string"}}],"inLanguage":"en-US"},{"@type":["Organization","Place","SportingGoodsStore"],"@id":"https:\/\/bolting.eu\/en\/#organization","name":"bolting.eu","url":"https:\/\/bolting.eu\/en\/","logo":{"@id":"https:\/\/bolting.eu\/en\/shop\/rock-empire-sherman-baumpflegergurt\/#local-main-organization-logo"},"image":{"@id":"https:\/\/bolting.eu\/en\/shop\/rock-empire-sherman-baumpflegergurt\/#local-main-organization-logo"},"sameAs":["https:\/\/www.facebook.com\/bolting.eu","https:\/\/www.instagram.com\/bolting.eu\/"],"address":{"@id":"https:\/\/bolting.eu\/en\/shop\/rock-empire-sherman-baumpflegergurt\/#local-main-place-address"},"geo":{"@type":"GeoCoordinates","latitude":"47.264176340396226","longitude":"11.380109057672346"},"telephone":["+43 699 19083372"],"openingHoursSpecification":[{"@type":"OpeningHoursSpecification","dayOfWeek":["Monday","Wednesday","Friday"],"opens":"14:00","closes":"18:00"},{"@type":"OpeningHoursSpecification","dayOfWeek":["Tuesday","Thursday","Saturday","Sunday"],"opens":"00:00","closes":"00:00"}],"email":"office@bolting.eu","vatID":"ATU59999728","priceRange":"$$","currenciesAccepted":"Euro"},{"@type":"PostalAddress","@id":"https:\/\/bolting.eu\/en\/shop\/rock-empire-sherman-baumpflegergurt\/#local-main-place-address","streetAddress":"Fischnalerstra\u00dfe 4","addressLocality":"Innsbruck","postalCode":"6020","addressRegion":"Tirol","addressCountry":"AT"},{"@type":"ImageObject","inLanguage":"en-US","@id":"https:\/\/bolting.eu\/en\/shop\/rock-empire-sherman-baumpflegergurt\/#local-main-organization-logo","url":"https:\/\/bolting.eu\/wp-content\/uploads\/2019\/09\/bolting-logo.png","contentUrl":"https:\/\/bolting.eu\/wp-content\/uploads\/2019\/09\/bolting-logo.png","width":400,"height":211,"caption":"bolting.eu"}]},"og_video":"https:\/\/www.youtube.com\/embed\/tN0SO4FBe2Y","og_video_type":"text\/html","og_video_duration":"162","og_video_width":"480","og_video_height":"270","ya_ovs_adult":"false","ya_ovs_upload_date":"2025-12-30T17:16:30+00:00","ya_ovs_allow_embed":"true","og_availability":"instock","product_availability":"instock","product_condition":"new","geo.placename":"Innsbruck","geo.position":{"lat":"47.264176340396226","long":"11.380109057672346"},"geo.region":"Austria"},"_links":{"self":[{"href":"https:\/\/bolting.eu\/en\/wp-json\/wp\/v2\/product\/36133","targetHints":{"allow":["GET"]}}],"collection":[{"href":"https:\/\/bolting.eu\/en\/wp-json\/wp\/v2\/product"}],"about":[{"href":"https:\/\/bolting.eu\/en\/wp-json\/wp\/v2\/types\/product"}],"replies":[{"embeddable":true,"href":"https:\/\/bolting.eu\/en\/wp-json\/wp\/v2\/comments?post=36133"}],"wp:featuredmedia":[{"embeddable":true,"href":"https:\/\/bolting.eu\/en\/wp-json\/wp\/v2\/media\/36145"}],"wp:attachment":[{"href":"https:\/\/bolting.eu\/en\/wp-json\/wp\/v2\/media?parent=36133"}],"wp:term":[{"taxonomy":"product_brand","embeddable":true,"href":"https:\/\/bolting.eu\/en\/wp-json\/wp\/v2\/product_brand?post=36133"},{"taxonomy":"product_cat","embeddable":true,"href":"https:\/\/bolting.eu\/en\/wp-json\/wp\/v2\/product_cat?post=36133"},{"taxonomy":"product_tag","embeddable":true,"href":"https:\/\/bolting.eu\/en\/wp-json\/wp\/v2\/product_tag?post=36133"}],"curies":[{"name":"wp","href":"https:\/\/api.w.org\/{rel}","templated":true}]}}