{"id":36017,"date":"2025-12-18T10:23:22","date_gmt":"2025-12-18T09:23:22","guid":{"rendered":"https:\/\/bolting.eu\/?post_type=product&#038;p=36017"},"modified":"2026-04-21T13:57:52","modified_gmt":"2026-04-21T11:57:52","slug":"la-sportiva-finale-herren","status":"publish","type":"product","link":"https:\/\/bolting.eu\/en\/shop\/la-sportiva-finale-herren\/","title":{"rendered":"La Sportiva Finale Herren"},"content":{"rendered":"<p>Der La Sportiva Finale Herren ist ein ausgewogener Allrounder bzw. idealer Anf\u00e4nger Kletterschuh.<\/p>\n<p>Denn zum einen ist er f\u00fcr die Halle ebenso geeignet wie f\u00fcr den Klettergarten und Mehrseill\u00e4ngen. Und zum anderen sind seine Features eben auf Komfort, l\u00e4ngeres Tragen und kraftsparendes Antreten (5mm Sohle!) ausgelegt.<\/p>\n<p>Somit werden vor allem Anf\u00e4nger damit Freude haben. Intermediate Kletterer sch\u00e4tzen den Schuh besonders in langen Routen. Erh\u00e4ltlich auch als Damen Modell!<\/p>\n<h2>Eigenschaften La Sportiva Finale Herren<\/h2>\n<ul>\n<li>Schuhtyp: Schn\u00fcrer Modell<\/li>\n<li>Einsatzbereiche: Anf\u00e4nger, Allround, Mehrseill\u00e4ngen<\/li>\n<li>Gewicht: 480 Gramm (1 Paar Gr. EU 39)<\/li>\n<li>Sohle: 5mm <a href=\"https:\/\/bolting.eu\/vibram-xs-edge\/\">Vibram XS Edge<\/a><\/li>\n<li>Zwischensohle: LaSpoFlex 1.1mm full<\/li>\n<li>Schnitt: gerade<\/li>\n<li>Schuhbreite: normal<\/li>\n<li>Downturn: keiner<\/li>\n<li>Ferse: seit 2025 neue verbesserte Ferse f\u00fcr stabilere Hooks<\/li>\n<li>Obermaterial: metallfrei gegerbtes Leder<\/li>\n<li>Innenfutter: keines<\/li>\n<li>Zunge: klassische gerade, freiliegende Zunge<\/li>\n<li>Schn\u00fcrsenkel: aus 100% recycelten Materialien<\/li>\n<li>l\u00e4sst sich dieser <a href=\"https:\/\/bolting.eu\/kletterschuhe-neu-besohlen-innsbruck\/\">Kletterschuh neu besohlen<\/a>: ja<\/li>\n<\/ul>\n<h3>Gr\u00f6\u00dfentabellen Vergleich<\/h3>\n<p>Unserer Erfahrung nach kaufen Anf\u00e4nger den Finale Herren Kletterschuh ca. in der selben Gr\u00f6\u00dfe wie die Stra\u00dfenschuhe bis max. 1\/2 Gr\u00f6\u00dfe kleiner.<\/p>\n<p>Intermediates gehen in etwa 1\/2 bis 1 Nummer kleiner.<\/p>\n<p>F\u00fcr Mehrseill\u00e4ngenrouten empfehlen wir euch, die Schuhe 1 Nummer gr\u00f6\u00dfer zu nehmen als eure Sportkletterschuhe.<\/p>\n<p><a href=\"https:\/\/bolting.eu\/wp-content\/uploads\/2025\/12\/Bildschirmfoto-2025-12-18-um-10.14.16.png\"><img loading=\"lazy\" decoding=\"async\" class=\"alignnone size-full wp-image-36041\" src=\"https:\/\/bolting.eu\/wp-content\/uploads\/2025\/12\/Bildschirmfoto-2025-12-18-um-10.14.16.png\" alt=\"\" width=\"3352\" height=\"632\" srcset=\"https:\/\/bolting.eu\/wp-content\/uploads\/2025\/12\/Bildschirmfoto-2025-12-18-um-10.14.16.png 3352w, https:\/\/bolting.eu\/wp-content\/uploads\/2025\/12\/Bildschirmfoto-2025-12-18-um-10.14.16-800x151.png 800w, https:\/\/bolting.eu\/wp-content\/uploads\/2025\/12\/Bildschirmfoto-2025-12-18-um-10.14.16-1400x264.png 1400w, https:\/\/bolting.eu\/wp-content\/uploads\/2025\/12\/Bildschirmfoto-2025-12-18-um-10.14.16-768x145.png 768w, https:\/\/bolting.eu\/wp-content\/uploads\/2025\/12\/Bildschirmfoto-2025-12-18-um-10.14.16-1536x290.png 1536w, https:\/\/bolting.eu\/wp-content\/uploads\/2025\/12\/Bildschirmfoto-2025-12-18-um-10.14.16-2048x386.png 2048w, https:\/\/bolting.eu\/wp-content\/uploads\/2025\/12\/Bildschirmfoto-2025-12-18-um-10.14.16-510x96.png 510w, https:\/\/bolting.eu\/wp-content\/uploads\/2025\/12\/Bildschirmfoto-2025-12-18-um-10.14.16-100x19.png 100w\" sizes=\"auto, (max-width: 3352px) 100vw, 3352px\" \/><\/a><\/p>\n<h3>Nachhaltig so gut es geht!<\/h3>\n<p>La Sportiva versucht beim Finale Herren und Damen Modell so gut es geht nachhaltig zu agieren.<\/p>\n<p>D.h. zum einen kann der Anf\u00e4nger Kletterschuh wiederbesohlt werden. Und zum anderen ist das Leder metallfrei gebleicht. Die zu 100% recycelten Schn\u00fcrsenkel sind ein feines Detail der Bestrebungen nachhaltig zu agieren.<\/p>\n<p>Ihr selber k\u00f6nnt auch dazu beitragen. Die Schuhe einfach fr\u00fch genug zum Resoling bringen!<\/p>\n","protected":false},"excerpt":{"rendered":"<div class=\"product-short-description\">\n<p>Preiswerter Allround und Anf\u00e4nger Kletterschuh f\u00fcr die Halle, Klettergarten und Mehrseill\u00e4ngen.<\/p>\n<p>Seine Haupt Features sind ein neutraler Schnitt, null Downturn und eine 5mm Sohle. Dieses Modell ist auf Komfort, langes Tragen und kraftsparendes Stehen ausgerichtet.<\/p>\n<p>Versandkostenfrei bis 2kg in\u00a0<img decoding=\"async\" class=\"emoji\" role=\"img\" draggable=\"false\" src=\"https:\/\/s.w.org\/images\/core\/emoji\/14.0.0\/svg\/1f1e6-1f1f9.svg\" alt=\"\ud83c\udde6\ud83c\uddf9\" \/>\u00a0ab \u20ac 100,- und\u00a0<img decoding=\"async\" class=\"emoji\" role=\"img\" draggable=\"false\" src=\"https:\/\/s.w.org\/images\/core\/emoji\/14.0.0\/svg\/1f1e9-1f1ea.svg\" alt=\"\ud83c\udde9\ud83c\uddea\" \/> ab \u20ac 200,-!<\/p>\n<\/div>\n","protected":false},"featured_media":36051,"comment_status":"closed","ping_status":"closed","template":"","meta":[],"product_brand":[],"product_cat":[14556,15274,29],"product_tag":[],"class_list":{"0":"post-36017","1":"product","2":"type-product","3":"status-publish","4":"has-post-thumbnail","6":"product_cat-kletterschuhe","7":"product_cat-la-sportiva","8":"product_cat-kletterausruestung","10":"first","11":"instock","12":"sale","13":"taxable","14":"shipping-taxable","15":"purchasable","16":"product-type-variable"},"yoast_head":"<!-- This site is optimized with the Yoast SEO Premium plugin v26.9 (Yoast SEO v26.9) - https:\/\/yoast.com\/product\/yoast-seo-premium-wordpress\/ -->\n<title>La Sportiva Finale Herren | bolting.eu<\/title>\n<meta name=\"description\" content=\"La Sportiva Finale Herren Anf\u00e4nger Kletterschuh online kaufen \u2705 Trusted Shop \u2705 kostenloser Versand* \u2705 14 Tage R\u00fcckgaberecht \u2705 Co2 neutraler Versand\" \/>\n<meta name=\"robots\" content=\"index, follow, max-snippet:-1, max-image-preview:large, max-video-preview:-1\" \/>\n<link rel=\"canonical\" href=\"https:\/\/bolting.eu\/en\/shop\/la-sportiva-finale-herren\/\" \/>\n<meta property=\"og:locale\" content=\"en_US\" \/>\n<meta property=\"og:type\" content=\"article\" \/>\n<meta property=\"og:title\" content=\"La Sportiva Finale Herren\" \/>\n<meta property=\"og:description\" content=\"La Sportiva Finale Herren Anf\u00e4nger Kletterschuh online kaufen \u2705 Trusted Shop \u2705 kostenloser Versand* \u2705 14 Tage R\u00fcckgaberecht \u2705 Co2 neutraler Versand\" \/>\n<meta property=\"og:url\" content=\"https:\/\/bolting.eu\/en\/shop\/la-sportiva-finale-herren\/\" \/>\n<meta property=\"og:site_name\" content=\"bolting.eu\" \/>\n<meta property=\"article:publisher\" content=\"https:\/\/www.facebook.com\/bolting.eu\" \/>\n<meta property=\"article:modified_time\" content=\"2026-04-21T11:57:52+00:00\" \/>\n<meta property=\"og:image\" content=\"https:\/\/bolting.eu\/wp-content\/uploads\/2025\/12\/LaSpo-Finale-M-2.jpg\" \/>\n\t<meta property=\"og:image:width\" content=\"700\" \/>\n\t<meta property=\"og:image:height\" content=\"700\" \/>\n\t<meta property=\"og:image:type\" content=\"image\/jpeg\" \/>\n<meta name=\"twitter:card\" content=\"summary_large_image\" \/>\n<meta name=\"twitter:label1\" content=\"Availability\" \/>\n\t<meta name=\"twitter:data1\" content=\"In stock\" \/>\n<script type=\"application\/ld+json\" class=\"yoast-schema-graph\">{\"@context\":\"https:\/\/schema.org\",\"@graph\":[{\"@type\":[\"WebPage\",\"ItemPage\"],\"@id\":\"https:\/\/bolting.eu\/en\/shop\/la-sportiva-finale-herren\/\",\"url\":\"https:\/\/bolting.eu\/en\/shop\/la-sportiva-finale-herren\/\",\"name\":\"La Sportiva Finale Herren | bolting.eu\",\"isPartOf\":{\"@id\":\"https:\/\/bolting.eu\/en\/#website\"},\"primaryImageOfPage\":{\"@id\":\"https:\/\/bolting.eu\/en\/shop\/la-sportiva-finale-herren\/#primaryimage\"},\"image\":{\"@id\":\"https:\/\/bolting.eu\/en\/shop\/la-sportiva-finale-herren\/#primaryimage\"},\"thumbnailUrl\":\"https:\/\/bolting.eu\/wp-content\/uploads\/2025\/12\/LaSpo-Finale-M-2.jpg\",\"datePublished\":\"2025-12-18T09:23:22+00:00\",\"dateModified\":\"2026-04-21T11:57:52+00:00\",\"description\":\"La Sportiva Finale Herren Anf\u00e4nger Kletterschuh online kaufen \u2705 Trusted Shop \u2705 kostenloser Versand* \u2705 14 Tage R\u00fcckgaberecht \u2705 Co2 neutraler Versand\",\"breadcrumb\":{\"@id\":\"https:\/\/bolting.eu\/en\/shop\/la-sportiva-finale-herren\/#breadcrumb\"},\"inLanguage\":\"en-US\",\"potentialAction\":[{\"@type\":\"ReadAction\",\"target\":[\"https:\/\/bolting.eu\/en\/shop\/la-sportiva-finale-herren\/\"]}]},{\"@type\":\"ImageObject\",\"inLanguage\":\"en-US\",\"@id\":\"https:\/\/bolting.eu\/en\/shop\/la-sportiva-finale-herren\/#primaryimage\",\"url\":\"https:\/\/bolting.eu\/wp-content\/uploads\/2025\/12\/LaSpo-Finale-M-2.jpg\",\"contentUrl\":\"https:\/\/bolting.eu\/wp-content\/uploads\/2025\/12\/LaSpo-Finale-M-2.jpg\",\"width\":700,\"height\":700,\"caption\":\"Blau schwarzer La Sportiva Finale Herren Allround Kletterschuh von der Seite.\"},{\"@type\":\"BreadcrumbList\",\"@id\":\"https:\/\/bolting.eu\/en\/shop\/la-sportiva-finale-herren\/#breadcrumb\",\"itemListElement\":[{\"@type\":\"ListItem\",\"position\":1,\"name\":\"Shop\",\"item\":\"https:\/\/bolting.eu\/en\/shop\/\"},{\"@type\":\"ListItem\",\"position\":2,\"name\":\"climbing equipment\",\"item\":\"https:\/\/bolting.eu\/en\/produkt-kategorie\/climbing-equipment\/\"},{\"@type\":\"ListItem\",\"position\":3,\"name\":\"Kletterschuhe\",\"item\":\"https:\/\/bolting.eu\/produkt-kategorie\/kletterausruestung\/kletterschuhe\/\"},{\"@type\":\"ListItem\",\"position\":4,\"name\":\"La Sportiva Finale Herren\"}]},{\"@type\":\"WebSite\",\"@id\":\"https:\/\/bolting.eu\/en\/#website\",\"url\":\"https:\/\/bolting.eu\/en\/\",\"name\":\"bolting.eu\",\"description\":\"we make climbs happen\",\"publisher\":{\"@id\":\"https:\/\/bolting.eu\/en\/#organization\"},\"potentialAction\":[{\"@type\":\"SearchAction\",\"target\":{\"@type\":\"EntryPoint\",\"urlTemplate\":\"https:\/\/bolting.eu\/en\/?s={search_term_string}\"},\"query-input\":{\"@type\":\"PropertyValueSpecification\",\"valueRequired\":true,\"valueName\":\"search_term_string\"}}],\"inLanguage\":\"en-US\"},{\"@type\":[\"Organization\",\"Place\",\"SportingGoodsStore\"],\"@id\":\"https:\/\/bolting.eu\/en\/#organization\",\"name\":\"bolting.eu\",\"url\":\"https:\/\/bolting.eu\/en\/\",\"logo\":{\"@id\":\"https:\/\/bolting.eu\/en\/shop\/la-sportiva-finale-herren\/#local-main-organization-logo\"},\"image\":{\"@id\":\"https:\/\/bolting.eu\/en\/shop\/la-sportiva-finale-herren\/#local-main-organization-logo\"},\"sameAs\":[\"https:\/\/www.facebook.com\/bolting.eu\",\"https:\/\/www.instagram.com\/bolting.eu\/\"],\"address\":{\"@id\":\"https:\/\/bolting.eu\/en\/shop\/la-sportiva-finale-herren\/#local-main-place-address\"},\"geo\":{\"@type\":\"GeoCoordinates\",\"latitude\":\"47.264176340396226\",\"longitude\":\"11.380109057672346\"},\"telephone\":[\"+43 699 19083372\"],\"openingHoursSpecification\":[{\"@type\":\"OpeningHoursSpecification\",\"dayOfWeek\":[\"Monday\",\"Wednesday\",\"Friday\"],\"opens\":\"14:00\",\"closes\":\"18:00\"},{\"@type\":\"OpeningHoursSpecification\",\"dayOfWeek\":[\"Tuesday\",\"Thursday\",\"Saturday\",\"Sunday\"],\"opens\":\"00:00\",\"closes\":\"00:00\"}],\"email\":\"office@bolting.eu\",\"vatID\":\"ATU59999728\",\"priceRange\":\"$$\",\"currenciesAccepted\":\"Euro\"},{\"@type\":\"PostalAddress\",\"@id\":\"https:\/\/bolting.eu\/en\/shop\/la-sportiva-finale-herren\/#local-main-place-address\",\"streetAddress\":\"Fischnalerstra\u00dfe 4\",\"addressLocality\":\"Innsbruck\",\"postalCode\":\"6020\",\"addressRegion\":\"Tirol\",\"addressCountry\":\"AT\"},{\"@type\":\"ImageObject\",\"inLanguage\":\"en-US\",\"@id\":\"https:\/\/bolting.eu\/en\/shop\/la-sportiva-finale-herren\/#local-main-organization-logo\",\"url\":\"https:\/\/bolting.eu\/wp-content\/uploads\/2019\/09\/bolting-logo.png\",\"contentUrl\":\"https:\/\/bolting.eu\/wp-content\/uploads\/2019\/09\/bolting-logo.png\",\"width\":400,\"height\":211,\"caption\":\"bolting.eu\"}]}<\/script>\n<meta property=\"og:availability\" content=\"instock\" \/>\n<meta property=\"product:availability\" content=\"instock\" \/>\n<meta property=\"product:condition\" content=\"new\" \/>\n<meta name=\"geo.placename\" content=\"Innsbruck\" \/>\n<meta name=\"geo.position\" content=\"47.264176340396226;11.380109057672346\" \/>\n<meta name=\"geo.region\" content=\"Austria\" \/>\n<!-- \/ Yoast SEO Premium plugin. -->","yoast_head_json":{"title":"La Sportiva Finale Herren | bolting.eu","description":"La Sportiva Finale Herren Anf\u00e4nger Kletterschuh online kaufen \u2705 Trusted Shop \u2705 kostenloser Versand* \u2705 14 Tage R\u00fcckgaberecht \u2705 Co2 neutraler Versand","robots":{"index":"index","follow":"follow","max-snippet":"max-snippet:-1","max-image-preview":"max-image-preview:large","max-video-preview":"max-video-preview:-1"},"canonical":"https:\/\/bolting.eu\/en\/shop\/la-sportiva-finale-herren\/","og_locale":"en_US","og_type":"article","og_title":"La Sportiva Finale Herren","og_description":"La Sportiva Finale Herren Anf\u00e4nger Kletterschuh online kaufen \u2705 Trusted Shop \u2705 kostenloser Versand* \u2705 14 Tage R\u00fcckgaberecht \u2705 Co2 neutraler Versand","og_url":"https:\/\/bolting.eu\/en\/shop\/la-sportiva-finale-herren\/","og_site_name":"bolting.eu","article_publisher":"https:\/\/www.facebook.com\/bolting.eu","article_modified_time":"2026-04-21T11:57:52+00:00","og_image":[{"width":700,"height":700,"url":"https:\/\/bolting.eu\/wp-content\/uploads\/2025\/12\/LaSpo-Finale-M-2.jpg","type":"image\/jpeg"}],"twitter_card":"summary_large_image","twitter_misc":{"Availability":"In stock"},"schema":{"@context":"https:\/\/schema.org","@graph":[{"@type":["WebPage","ItemPage"],"@id":"https:\/\/bolting.eu\/en\/shop\/la-sportiva-finale-herren\/","url":"https:\/\/bolting.eu\/en\/shop\/la-sportiva-finale-herren\/","name":"La Sportiva Finale Herren | bolting.eu","isPartOf":{"@id":"https:\/\/bolting.eu\/en\/#website"},"primaryImageOfPage":{"@id":"https:\/\/bolting.eu\/en\/shop\/la-sportiva-finale-herren\/#primaryimage"},"image":{"@id":"https:\/\/bolting.eu\/en\/shop\/la-sportiva-finale-herren\/#primaryimage"},"thumbnailUrl":"https:\/\/bolting.eu\/wp-content\/uploads\/2025\/12\/LaSpo-Finale-M-2.jpg","datePublished":"2025-12-18T09:23:22+00:00","dateModified":"2026-04-21T11:57:52+00:00","description":"La Sportiva Finale Herren Anf\u00e4nger Kletterschuh online kaufen \u2705 Trusted Shop \u2705 kostenloser Versand* \u2705 14 Tage R\u00fcckgaberecht \u2705 Co2 neutraler Versand","breadcrumb":{"@id":"https:\/\/bolting.eu\/en\/shop\/la-sportiva-finale-herren\/#breadcrumb"},"inLanguage":"en-US","potentialAction":[{"@type":"ReadAction","target":["https:\/\/bolting.eu\/en\/shop\/la-sportiva-finale-herren\/"]}]},{"@type":"ImageObject","inLanguage":"en-US","@id":"https:\/\/bolting.eu\/en\/shop\/la-sportiva-finale-herren\/#primaryimage","url":"https:\/\/bolting.eu\/wp-content\/uploads\/2025\/12\/LaSpo-Finale-M-2.jpg","contentUrl":"https:\/\/bolting.eu\/wp-content\/uploads\/2025\/12\/LaSpo-Finale-M-2.jpg","width":700,"height":700,"caption":"Blau schwarzer La Sportiva Finale Herren Allround Kletterschuh von der Seite."},{"@type":"BreadcrumbList","@id":"https:\/\/bolting.eu\/en\/shop\/la-sportiva-finale-herren\/#breadcrumb","itemListElement":[{"@type":"ListItem","position":1,"name":"Shop","item":"https:\/\/bolting.eu\/en\/shop\/"},{"@type":"ListItem","position":2,"name":"climbing equipment","item":"https:\/\/bolting.eu\/en\/produkt-kategorie\/climbing-equipment\/"},{"@type":"ListItem","position":3,"name":"Kletterschuhe","item":"https:\/\/bolting.eu\/produkt-kategorie\/kletterausruestung\/kletterschuhe\/"},{"@type":"ListItem","position":4,"name":"La Sportiva Finale Herren"}]},{"@type":"WebSite","@id":"https:\/\/bolting.eu\/en\/#website","url":"https:\/\/bolting.eu\/en\/","name":"bolting.eu","description":"we make climbs happen","publisher":{"@id":"https:\/\/bolting.eu\/en\/#organization"},"potentialAction":[{"@type":"SearchAction","target":{"@type":"EntryPoint","urlTemplate":"https:\/\/bolting.eu\/en\/?s={search_term_string}"},"query-input":{"@type":"PropertyValueSpecification","valueRequired":true,"valueName":"search_term_string"}}],"inLanguage":"en-US"},{"@type":["Organization","Place","SportingGoodsStore"],"@id":"https:\/\/bolting.eu\/en\/#organization","name":"bolting.eu","url":"https:\/\/bolting.eu\/en\/","logo":{"@id":"https:\/\/bolting.eu\/en\/shop\/la-sportiva-finale-herren\/#local-main-organization-logo"},"image":{"@id":"https:\/\/bolting.eu\/en\/shop\/la-sportiva-finale-herren\/#local-main-organization-logo"},"sameAs":["https:\/\/www.facebook.com\/bolting.eu","https:\/\/www.instagram.com\/bolting.eu\/"],"address":{"@id":"https:\/\/bolting.eu\/en\/shop\/la-sportiva-finale-herren\/#local-main-place-address"},"geo":{"@type":"GeoCoordinates","latitude":"47.264176340396226","longitude":"11.380109057672346"},"telephone":["+43 699 19083372"],"openingHoursSpecification":[{"@type":"OpeningHoursSpecification","dayOfWeek":["Monday","Wednesday","Friday"],"opens":"14:00","closes":"18:00"},{"@type":"OpeningHoursSpecification","dayOfWeek":["Tuesday","Thursday","Saturday","Sunday"],"opens":"00:00","closes":"00:00"}],"email":"office@bolting.eu","vatID":"ATU59999728","priceRange":"$$","currenciesAccepted":"Euro"},{"@type":"PostalAddress","@id":"https:\/\/bolting.eu\/en\/shop\/la-sportiva-finale-herren\/#local-main-place-address","streetAddress":"Fischnalerstra\u00dfe 4","addressLocality":"Innsbruck","postalCode":"6020","addressRegion":"Tirol","addressCountry":"AT"},{"@type":"ImageObject","inLanguage":"en-US","@id":"https:\/\/bolting.eu\/en\/shop\/la-sportiva-finale-herren\/#local-main-organization-logo","url":"https:\/\/bolting.eu\/wp-content\/uploads\/2019\/09\/bolting-logo.png","contentUrl":"https:\/\/bolting.eu\/wp-content\/uploads\/2019\/09\/bolting-logo.png","width":400,"height":211,"caption":"bolting.eu"}]},"og_availability":"instock","product_availability":"instock","product_condition":"new","geo.placename":"Innsbruck","geo.position":{"lat":"47.264176340396226","long":"11.380109057672346"},"geo.region":"Austria"},"_links":{"self":[{"href":"https:\/\/bolting.eu\/en\/wp-json\/wp\/v2\/product\/36017","targetHints":{"allow":["GET"]}}],"collection":[{"href":"https:\/\/bolting.eu\/en\/wp-json\/wp\/v2\/product"}],"about":[{"href":"https:\/\/bolting.eu\/en\/wp-json\/wp\/v2\/types\/product"}],"replies":[{"embeddable":true,"href":"https:\/\/bolting.eu\/en\/wp-json\/wp\/v2\/comments?post=36017"}],"wp:featuredmedia":[{"embeddable":true,"href":"https:\/\/bolting.eu\/en\/wp-json\/wp\/v2\/media\/36051"}],"wp:attachment":[{"href":"https:\/\/bolting.eu\/en\/wp-json\/wp\/v2\/media?parent=36017"}],"wp:term":[{"taxonomy":"product_brand","embeddable":true,"href":"https:\/\/bolting.eu\/en\/wp-json\/wp\/v2\/product_brand?post=36017"},{"taxonomy":"product_cat","embeddable":true,"href":"https:\/\/bolting.eu\/en\/wp-json\/wp\/v2\/product_cat?post=36017"},{"taxonomy":"product_tag","embeddable":true,"href":"https:\/\/bolting.eu\/en\/wp-json\/wp\/v2\/product_tag?post=36017"}],"curies":[{"name":"wp","href":"https:\/\/api.w.org\/{rel}","templated":true}]}}