{"id":3586,"date":"2020-05-28T15:29:23","date_gmt":"2020-05-28T13:29:23","guid":{"rendered":"https:\/\/bolting.eu\/?post_type=product&#038;p=3586"},"modified":"2023-09-14T14:57:38","modified_gmt":"2023-09-14T12:57:38","slug":"bouldering-chalk-bucket-deluxe","status":"publish","type":"product","link":"https:\/\/bolting.eu\/en\/shop\/bouldering-chalk-bucket-deluxe\/","title":{"rendered":"Bouldering Chalk Bucket deluxe"},"content":{"rendered":"<p>Das Moon Bouldering Chalk Bucket deluxe ist ein genialer Boulder <a href=\"https:\/\/bolting.eu\/produkt-kategorie\/chalkbag\/\">Magnesiumbeutel<\/a>. Wer ein richtig, richtig gro\u00dfes Bag f\u00fcr die kleinen Felsen haben will. Du hast es nun gefunden!<\/p>\n<p>Es zeichnet sich durch ein paar richtig coole Features aus.<\/p>\n<p>Erstens dem langlebigen P600D Ripstop Nylon. Damit ist dieses Bag quasi nicht kaputt zu kriegen.<\/p>\n<p>Zweitens bleibt es im ge\u00f6ffneten Zustand super weit ge\u00f6ffnet. Denn es hat einen sehr steifen Rand der auch immer so bleibt. Zugezogen wird der Verschluss klassisch mit einer Kordel und Tanka.<\/p>\n<p>Drittens hat das Chalkbag einen super breiten Boden. Dadurch hat es einen festen Stand und f\u00e4llt nicht um.<\/p>\n<p>Viertens ist der Trageriemen ziemlich handy. So ist das BAg geschwind eingepackt oder umgestellt.<\/p>\n<p>Abschlie\u00dfend taugt uns bei diesem Bag die r\u00fcckseitige Halterung f\u00fcr die <a href=\"https:\/\/bolting.eu\/produkt-kategorie\/boulderbuersten\/\">Boulderb\u00fcrsten<\/a>. Zudem finden sowohl die kleine Front-Tasche als auch die Netztasche auf der R\u00fcckseite klasse. Denn die vordere Tasche ist mit einem Zipper sowohl leicht zu \u00f6ffnen als auch sch\u00f6n ger\u00e4umig. Die r\u00fcckseitige Tasche bietet weiteren Raum f\u00fcr wichtige Sachen wieHandy, Schl\u00fcssel, etc.<\/p>\n<p>Kurzum. Boulderherz was willst du mehr!<\/p>\n<h3>Eigenschaften Bouldering Chalk Bucket deluxe<\/h3>\n<ul>\n<li>Hersteller: <a href=\"https:\/\/bolting.eu\/produkt-kategorie\/moon\/\">Moon Climbing<\/a><\/li>\n<li>zum Reinfassen mit beiden H\u00e4nden<\/li>\n<li>Durchmesser: ca. 25 cm<\/li>\n<li>\u00d6ffnung: steifer Rand &#8211; bleibt immer super offen<\/li>\n<li>Trageriemen<\/li>\n<li>B\u00fcrstenhalterung r\u00fcckseitig<\/li>\n<li>breiter Boden f\u00fcr festen Stand<\/li>\n<li>Front Tasche f\u00fcr Kleinzeugs<\/li>\n<li>Netztasche f\u00fcr zus\u00e4tzliches Zubeh\u00f6r<\/li>\n<li>Farben: rot -blau<\/li>\n<\/ul>\n<figure id=\"attachment_3593\" aria-describedby=\"caption-attachment-3593\" style=\"width: 1200px\" class=\"wp-caption alignnone\"><a href=\"https:\/\/bolting.eu\/wp-content\/uploads\/2020\/05\/Bouldering-Chalk-Bucket-deluxe-modelle.jpg\"><img loading=\"lazy\" decoding=\"async\" class=\"wp-image-3593 size-full\" src=\"https:\/\/bolting.eu\/wp-content\/uploads\/2020\/05\/Bouldering-Chalk-Bucket-deluxe-modelle.jpg\" alt=\"Das Bild zeigt zwei Bouldering Chalk Bucket deluxe von Moon. Der rote und blaue Boulder Magnesiumbeutel steht in Bildmitte. Man erkennt deutlich die vielen Produktdetails wie Front Zipper, Trageriemen oder den Kordel Verschluss.\" width=\"1200\" height=\"630\" srcset=\"https:\/\/bolting.eu\/wp-content\/uploads\/2020\/05\/Bouldering-Chalk-Bucket-deluxe-modelle.jpg 1200w, https:\/\/bolting.eu\/wp-content\/uploads\/2020\/05\/Bouldering-Chalk-Bucket-deluxe-modelle-510x268.jpg 510w, https:\/\/bolting.eu\/wp-content\/uploads\/2020\/05\/Bouldering-Chalk-Bucket-deluxe-modelle-762x400.jpg 762w, https:\/\/bolting.eu\/wp-content\/uploads\/2020\/05\/Bouldering-Chalk-Bucket-deluxe-modelle-768x403.jpg 768w, https:\/\/bolting.eu\/wp-content\/uploads\/2020\/05\/Bouldering-Chalk-Bucket-deluxe-modelle-600x315.jpg 600w\" sizes=\"auto, (max-width: 1200px) 100vw, 1200px\" \/><\/a><figcaption id=\"caption-attachment-3593\" class=\"wp-caption-text\">bolting.eu bietet das Bouldering Chalk Bucket in rot und blau an.<\/figcaption><\/figure>\n<h3>Gr\u00f6\u00dfte Chalkbag von Moon<\/h3>\n<p>Das Bouldering Chalk Bucket deluxe von Moon ist eines von zwei Boulder Magnesiumbeutel.<\/p>\n<p>Dabei ist dieses Modell das mit Abstand gr\u00f6\u00dfere der beiden. Es ist zudem auch viel aufwendiger ausgestattet. Das normale Bouldering Chalkbag ist dazu in Relation klein und flach gehalten. Die deluxe Version hingegen ist runder sowie breiter. Folglich hat es auch ordentlich mehr Volumen.<\/p>\n<p>\u00dcberdies sorgen eine zus\u00e4tzliche Netztasche und der Trageriemen f\u00fcr noch mehr Komfort. Nomen est omen!<\/p>\n<p>Besser formuliert. Der deluxe Boulder Magnesiumbeutel macht seinen Namen alle Ehre. Man wird schwer ein so gut ausgestattetes Bag finden.<\/p>\n<h3>Video Moon Bouldering Chalk Bucket deluxe<\/h3>\n<p>Im Folgenden gibt es ein Video, wo dieser Boulder Magnesiumbeutel vorgestellt wird. Alleine schon wegen dem coolen Akzent anschauen Leute \ud83d\ude42<\/p>\n<p><iframe loading=\"lazy\" src=\"https:\/\/www.youtube.com\/embed\/0Q0ppzRKPHo\" width=\"100%\" height=\"450\" frameborder=\"0\" allowfullscreen=\"allowfullscreen\"><span data-mce-type=\"bookmark\" style=\"display: inline-block; width: 0px; overflow: hidden; line-height: 0;\" class=\"mce_SELRES_start\">\ufeff<\/span><span data-mce-type=\"bookmark\" style=\"display: inline-block; width: 0px; overflow: hidden; line-height: 0;\" class=\"mce_SELRES_start\">\ufeff<\/span><\/iframe><\/p>\n<h3>Moon Chalkbags<\/h3>\n<p>Wir haben vier verschiedene Moon Magnesiumbeutel im Programm. Neben dem Moon Bouldering Chalk Bucket deluxe haben wir zudem auch das Standard Bouldering Bag im Programm. Und des weiteren zwei unterschiedliche Beutel zum Sportklettern. Zum einen den Sport Magnesiumbeutel. Und zum anderen das gr\u00f6\u00dfere Trad Chalkbag.<\/p>\n<p>Egal welche Gr\u00f6\u00dfe, welche Farbe, und wieviel <a href=\"https:\/\/bolting.eu\/produkt-kategorie\/chalk-klettern\/\">Kletter Chalk<\/a> ihr nehmt. Wenn euch die Marke Moon gef\u00e4llt dann seid ihr bei uns genau richtig.<\/p>\n<h3>Praxis Tipp &#8211; Chalk<\/h3>\n<p>Jede Haut ist verschieden. Zudem hat jeder von uns hat ein anderes Schwitz-Verhalten auf den H\u00e4nden. Deshalb empfehlen wir euch beim Magnesium f\u00fcr euer Bouldering Chalk Bucket deluxe etwas herum zu probieren. Versucht heraus zu finden, welches Chalk f\u00fcr Euch das Beste ist. Es lohnt sich hier etwas Zeit und Geld aufzuwenden. Denn ist die Lieblingssorte einmal gefunden, f\u00e4llt Nachschub besorgen nicht mehr schwer!<\/p>\n<p>Link Tipp: <a href=\"https:\/\/moonclimbing.com\/\" target=\"_blank\" rel=\"noopener noreferrer\">zum Hersteller<\/a><\/p>\n","protected":false},"excerpt":{"rendered":"<ul>\n<li>Hersteller: <a href=\"https:\/\/bolting.eu\/produkt-kategorie\/moon\/\">Moon Climbing<\/a><\/li>\n<li>zum Reinfassen mit beiden H\u00e4nden<\/li>\n<li>Durchmesser: ca. 25 cm<\/li>\n<li>\u00d6ffnung: steifer Rand &#8211; bleibt immer super offen<\/li>\n<li>Trageriemen<\/li>\n<li>B\u00fcrstenhalterung r\u00fcckseitig<\/li>\n<li>breiter Boden f\u00fcr festen Stand<\/li>\n<li>Front Tasche f\u00fcr Kleinzeugs<\/li>\n<li>Netztasche f\u00fcr zus\u00e4tzliches Zubeh\u00f6r<\/li>\n<li>Farben: rot -blau<\/li>\n<\/ul>\n","protected":false},"featured_media":3592,"comment_status":"open","ping_status":"closed","template":"","meta":[],"product_brand":[],"product_cat":[8333,5006],"product_tag":[264],"class_list":{"0":"post-3586","1":"product","2":"type-product","3":"status-publish","4":"has-post-thumbnail","6":"product_cat-moon","7":"product_cat-chalkbag","8":"product_tag-sportklettern","10":"first","11":"outofstock","12":"sale","13":"taxable","14":"shipping-taxable","15":"purchasable","16":"product-type-variable"},"yoast_head":"<!-- This site is optimized with the Yoast SEO Premium plugin v26.9 (Yoast SEO v26.9) - https:\/\/yoast.com\/product\/yoast-seo-premium-wordpress\/ -->\n<title>Bouldering Chalk Bucket deluxe - jetzt beim Kletterprofi kaufen | bolting.eu<\/title>\n<meta name=\"description\" content=\"Hier findest Du das BOULDERING CHALK BUCKET von Moon, einen mega komfortablen Boulder Magnesiumbeutel. Jetzt online kaufen beim Kletterprofi aus \ud83c\udde6\ud83c\uddf9!\" \/>\n<meta name=\"robots\" content=\"index, follow, max-snippet:-1, max-image-preview:large, max-video-preview:-1\" \/>\n<link rel=\"canonical\" href=\"https:\/\/bolting.eu\/en\/shop\/bouldering-chalk-bucket-deluxe\/\" \/>\n<meta property=\"og:locale\" content=\"en_US\" \/>\n<meta property=\"og:type\" content=\"article\" \/>\n<meta property=\"og:title\" content=\"Bouldering Chalk Bucket deluxe\" \/>\n<meta property=\"og:description\" content=\"Hier findest Du das BOULDERING CHALK BUCKET von Moon, einen mega komfortablen Boulder Magnesiumbeutel. Jetzt online kaufen beim Kletterprofi aus \ud83c\udde6\ud83c\uddf9!\" \/>\n<meta property=\"og:url\" content=\"https:\/\/bolting.eu\/en\/shop\/bouldering-chalk-bucket-deluxe\/\" \/>\n<meta property=\"og:site_name\" content=\"bolting.eu\" \/>\n<meta property=\"article:publisher\" content=\"https:\/\/www.facebook.com\/bolting.eu\" \/>\n<meta property=\"article:modified_time\" content=\"2023-09-14T12:57:38+00:00\" \/>\n<meta property=\"og:image\" content=\"https:\/\/bolting.eu\/wp-content\/uploads\/2020\/05\/Bouldering-Chalk-Bucket-deluxe-rot.jpg\" \/>\n\t<meta property=\"og:image:width\" content=\"700\" \/>\n\t<meta property=\"og:image:height\" content=\"700\" \/>\n\t<meta property=\"og:image:type\" content=\"image\/jpeg\" \/>\n<meta name=\"twitter:card\" content=\"summary_large_image\" \/>\n<meta name=\"twitter:label1\" content=\"Availability\" \/>\n\t<meta name=\"twitter:data1\" content=\"Out of stock\" \/>\n<script type=\"application\/ld+json\" class=\"yoast-schema-graph\">{\"@context\":\"https:\/\/schema.org\",\"@graph\":[{\"@type\":[\"WebPage\",\"ItemPage\"],\"@id\":\"https:\/\/bolting.eu\/en\/shop\/bouldering-chalk-bucket-deluxe\/\",\"url\":\"https:\/\/bolting.eu\/en\/shop\/bouldering-chalk-bucket-deluxe\/\",\"name\":\"Bouldering Chalk Bucket deluxe - jetzt beim Kletterprofi kaufen | bolting.eu\",\"isPartOf\":{\"@id\":\"https:\/\/bolting.eu\/en\/#website\"},\"primaryImageOfPage\":{\"@id\":\"https:\/\/bolting.eu\/en\/shop\/bouldering-chalk-bucket-deluxe\/#primaryimage\"},\"image\":{\"@id\":\"https:\/\/bolting.eu\/en\/shop\/bouldering-chalk-bucket-deluxe\/#primaryimage\"},\"thumbnailUrl\":\"https:\/\/bolting.eu\/wp-content\/uploads\/2020\/05\/Bouldering-Chalk-Bucket-deluxe-rot.jpg\",\"datePublished\":\"2020-05-28T13:29:23+00:00\",\"dateModified\":\"2023-09-14T12:57:38+00:00\",\"description\":\"Hier findest Du das BOULDERING CHALK BUCKET von Moon, einen mega komfortablen Boulder Magnesiumbeutel. Jetzt online kaufen beim Kletterprofi aus \ud83c\udde6\ud83c\uddf9!\",\"breadcrumb\":{\"@id\":\"https:\/\/bolting.eu\/en\/shop\/bouldering-chalk-bucket-deluxe\/#breadcrumb\"},\"inLanguage\":\"en-US\",\"potentialAction\":[{\"@type\":\"ReadAction\",\"target\":[\"https:\/\/bolting.eu\/en\/shop\/bouldering-chalk-bucket-deluxe\/\"]}]},{\"@type\":\"ImageObject\",\"inLanguage\":\"en-US\",\"@id\":\"https:\/\/bolting.eu\/en\/shop\/bouldering-chalk-bucket-deluxe\/#primaryimage\",\"url\":\"https:\/\/bolting.eu\/wp-content\/uploads\/2020\/05\/Bouldering-Chalk-Bucket-deluxe-rot.jpg\",\"contentUrl\":\"https:\/\/bolting.eu\/wp-content\/uploads\/2020\/05\/Bouldering-Chalk-Bucket-deluxe-rot.jpg\",\"width\":700,\"height\":700,\"caption\":\"Das Bild zeigt das Bouldering Chalk Bucket deluxe von Moon. Der rote Boulder Magnesiumbeutel steht in Bildmitte. Man erkennt deutlich die vielen Produktdetails wie Front Zipper, Trageriemen oder Kordel Verschluss.\"},{\"@type\":\"BreadcrumbList\",\"@id\":\"https:\/\/bolting.eu\/en\/shop\/bouldering-chalk-bucket-deluxe\/#breadcrumb\",\"itemListElement\":[{\"@type\":\"ListItem\",\"position\":1,\"name\":\"Shop\",\"item\":\"https:\/\/bolting.eu\/en\/shop\/\"},{\"@type\":\"ListItem\",\"position\":2,\"name\":\"climbing equipment\",\"item\":\"https:\/\/bolting.eu\/en\/produkt-kategorie\/climbing-equipment\/\"},{\"@type\":\"ListItem\",\"position\":3,\"name\":\"Chalkbag\",\"item\":\"https:\/\/bolting.eu\/produkt-kategorie\/kletterausruestung\/chalkbag\/\"},{\"@type\":\"ListItem\",\"position\":4,\"name\":\"Bouldering Chalk Bucket deluxe\"}]},{\"@type\":\"WebSite\",\"@id\":\"https:\/\/bolting.eu\/en\/#website\",\"url\":\"https:\/\/bolting.eu\/en\/\",\"name\":\"bolting.eu\",\"description\":\"we make climbs happen\",\"publisher\":{\"@id\":\"https:\/\/bolting.eu\/en\/#organization\"},\"potentialAction\":[{\"@type\":\"SearchAction\",\"target\":{\"@type\":\"EntryPoint\",\"urlTemplate\":\"https:\/\/bolting.eu\/en\/?s={search_term_string}\"},\"query-input\":{\"@type\":\"PropertyValueSpecification\",\"valueRequired\":true,\"valueName\":\"search_term_string\"}}],\"inLanguage\":\"en-US\"},{\"@type\":[\"Organization\",\"Place\",\"SportingGoodsStore\"],\"@id\":\"https:\/\/bolting.eu\/en\/#organization\",\"name\":\"bolting.eu\",\"url\":\"https:\/\/bolting.eu\/en\/\",\"logo\":{\"@id\":\"https:\/\/bolting.eu\/en\/shop\/bouldering-chalk-bucket-deluxe\/#local-main-organization-logo\"},\"image\":{\"@id\":\"https:\/\/bolting.eu\/en\/shop\/bouldering-chalk-bucket-deluxe\/#local-main-organization-logo\"},\"sameAs\":[\"https:\/\/www.facebook.com\/bolting.eu\",\"https:\/\/www.instagram.com\/bolting.eu\/\"],\"address\":{\"@id\":\"https:\/\/bolting.eu\/en\/shop\/bouldering-chalk-bucket-deluxe\/#local-main-place-address\"},\"geo\":{\"@type\":\"GeoCoordinates\",\"latitude\":\"47.264176340396226\",\"longitude\":\"11.380109057672346\"},\"telephone\":[\"+43 699 19083372\"],\"openingHoursSpecification\":[{\"@type\":\"OpeningHoursSpecification\",\"dayOfWeek\":[\"Monday\",\"Wednesday\",\"Friday\"],\"opens\":\"14:00\",\"closes\":\"18:00\"},{\"@type\":\"OpeningHoursSpecification\",\"dayOfWeek\":[\"Tuesday\",\"Thursday\",\"Saturday\",\"Sunday\"],\"opens\":\"00:00\",\"closes\":\"00:00\"}],\"email\":\"office@bolting.eu\",\"vatID\":\"ATU59999728\",\"priceRange\":\"$$\",\"currenciesAccepted\":\"Euro\"},{\"@type\":\"PostalAddress\",\"@id\":\"https:\/\/bolting.eu\/en\/shop\/bouldering-chalk-bucket-deluxe\/#local-main-place-address\",\"streetAddress\":\"Fischnalerstra\u00dfe 4\",\"addressLocality\":\"Innsbruck\",\"postalCode\":\"6020\",\"addressRegion\":\"Tirol\",\"addressCountry\":\"AT\"},{\"@type\":\"ImageObject\",\"inLanguage\":\"en-US\",\"@id\":\"https:\/\/bolting.eu\/en\/shop\/bouldering-chalk-bucket-deluxe\/#local-main-organization-logo\",\"url\":\"https:\/\/bolting.eu\/wp-content\/uploads\/2019\/09\/bolting-logo.png\",\"contentUrl\":\"https:\/\/bolting.eu\/wp-content\/uploads\/2019\/09\/bolting-logo.png\",\"width\":400,\"height\":211,\"caption\":\"bolting.eu\"}]}<\/script>\n<meta property=\"og:availability\" content=\"out of stock\" \/>\n<meta property=\"product:availability\" content=\"out of stock\" \/>\n<meta property=\"product:condition\" content=\"new\" \/>\n<meta name=\"geo.placename\" content=\"Innsbruck\" \/>\n<meta name=\"geo.position\" content=\"47.264176340396226;11.380109057672346\" \/>\n<meta name=\"geo.region\" content=\"Austria\" \/>\n<!-- \/ Yoast SEO Premium plugin. -->","yoast_head_json":{"title":"Bouldering Chalk Bucket deluxe - jetzt beim Kletterprofi kaufen | bolting.eu","description":"Hier findest Du das BOULDERING CHALK BUCKET von Moon, einen mega komfortablen Boulder Magnesiumbeutel. Jetzt online kaufen beim Kletterprofi aus \ud83c\udde6\ud83c\uddf9!","robots":{"index":"index","follow":"follow","max-snippet":"max-snippet:-1","max-image-preview":"max-image-preview:large","max-video-preview":"max-video-preview:-1"},"canonical":"https:\/\/bolting.eu\/en\/shop\/bouldering-chalk-bucket-deluxe\/","og_locale":"en_US","og_type":"article","og_title":"Bouldering Chalk Bucket deluxe","og_description":"Hier findest Du das BOULDERING CHALK BUCKET von Moon, einen mega komfortablen Boulder Magnesiumbeutel. Jetzt online kaufen beim Kletterprofi aus \ud83c\udde6\ud83c\uddf9!","og_url":"https:\/\/bolting.eu\/en\/shop\/bouldering-chalk-bucket-deluxe\/","og_site_name":"bolting.eu","article_publisher":"https:\/\/www.facebook.com\/bolting.eu","article_modified_time":"2023-09-14T12:57:38+00:00","og_image":[{"width":700,"height":700,"url":"https:\/\/bolting.eu\/wp-content\/uploads\/2020\/05\/Bouldering-Chalk-Bucket-deluxe-rot.jpg","type":"image\/jpeg"}],"twitter_card":"summary_large_image","twitter_misc":{"Availability":"Out of stock"},"schema":{"@context":"https:\/\/schema.org","@graph":[{"@type":["WebPage","ItemPage"],"@id":"https:\/\/bolting.eu\/en\/shop\/bouldering-chalk-bucket-deluxe\/","url":"https:\/\/bolting.eu\/en\/shop\/bouldering-chalk-bucket-deluxe\/","name":"Bouldering Chalk Bucket deluxe - jetzt beim Kletterprofi kaufen | bolting.eu","isPartOf":{"@id":"https:\/\/bolting.eu\/en\/#website"},"primaryImageOfPage":{"@id":"https:\/\/bolting.eu\/en\/shop\/bouldering-chalk-bucket-deluxe\/#primaryimage"},"image":{"@id":"https:\/\/bolting.eu\/en\/shop\/bouldering-chalk-bucket-deluxe\/#primaryimage"},"thumbnailUrl":"https:\/\/bolting.eu\/wp-content\/uploads\/2020\/05\/Bouldering-Chalk-Bucket-deluxe-rot.jpg","datePublished":"2020-05-28T13:29:23+00:00","dateModified":"2023-09-14T12:57:38+00:00","description":"Hier findest Du das BOULDERING CHALK BUCKET von Moon, einen mega komfortablen Boulder Magnesiumbeutel. Jetzt online kaufen beim Kletterprofi aus \ud83c\udde6\ud83c\uddf9!","breadcrumb":{"@id":"https:\/\/bolting.eu\/en\/shop\/bouldering-chalk-bucket-deluxe\/#breadcrumb"},"inLanguage":"en-US","potentialAction":[{"@type":"ReadAction","target":["https:\/\/bolting.eu\/en\/shop\/bouldering-chalk-bucket-deluxe\/"]}]},{"@type":"ImageObject","inLanguage":"en-US","@id":"https:\/\/bolting.eu\/en\/shop\/bouldering-chalk-bucket-deluxe\/#primaryimage","url":"https:\/\/bolting.eu\/wp-content\/uploads\/2020\/05\/Bouldering-Chalk-Bucket-deluxe-rot.jpg","contentUrl":"https:\/\/bolting.eu\/wp-content\/uploads\/2020\/05\/Bouldering-Chalk-Bucket-deluxe-rot.jpg","width":700,"height":700,"caption":"Das Bild zeigt das Bouldering Chalk Bucket deluxe von Moon. Der rote Boulder Magnesiumbeutel steht in Bildmitte. Man erkennt deutlich die vielen Produktdetails wie Front Zipper, Trageriemen oder Kordel Verschluss."},{"@type":"BreadcrumbList","@id":"https:\/\/bolting.eu\/en\/shop\/bouldering-chalk-bucket-deluxe\/#breadcrumb","itemListElement":[{"@type":"ListItem","position":1,"name":"Shop","item":"https:\/\/bolting.eu\/en\/shop\/"},{"@type":"ListItem","position":2,"name":"climbing equipment","item":"https:\/\/bolting.eu\/en\/produkt-kategorie\/climbing-equipment\/"},{"@type":"ListItem","position":3,"name":"Chalkbag","item":"https:\/\/bolting.eu\/produkt-kategorie\/kletterausruestung\/chalkbag\/"},{"@type":"ListItem","position":4,"name":"Bouldering Chalk Bucket deluxe"}]},{"@type":"WebSite","@id":"https:\/\/bolting.eu\/en\/#website","url":"https:\/\/bolting.eu\/en\/","name":"bolting.eu","description":"we make climbs happen","publisher":{"@id":"https:\/\/bolting.eu\/en\/#organization"},"potentialAction":[{"@type":"SearchAction","target":{"@type":"EntryPoint","urlTemplate":"https:\/\/bolting.eu\/en\/?s={search_term_string}"},"query-input":{"@type":"PropertyValueSpecification","valueRequired":true,"valueName":"search_term_string"}}],"inLanguage":"en-US"},{"@type":["Organization","Place","SportingGoodsStore"],"@id":"https:\/\/bolting.eu\/en\/#organization","name":"bolting.eu","url":"https:\/\/bolting.eu\/en\/","logo":{"@id":"https:\/\/bolting.eu\/en\/shop\/bouldering-chalk-bucket-deluxe\/#local-main-organization-logo"},"image":{"@id":"https:\/\/bolting.eu\/en\/shop\/bouldering-chalk-bucket-deluxe\/#local-main-organization-logo"},"sameAs":["https:\/\/www.facebook.com\/bolting.eu","https:\/\/www.instagram.com\/bolting.eu\/"],"address":{"@id":"https:\/\/bolting.eu\/en\/shop\/bouldering-chalk-bucket-deluxe\/#local-main-place-address"},"geo":{"@type":"GeoCoordinates","latitude":"47.264176340396226","longitude":"11.380109057672346"},"telephone":["+43 699 19083372"],"openingHoursSpecification":[{"@type":"OpeningHoursSpecification","dayOfWeek":["Monday","Wednesday","Friday"],"opens":"14:00","closes":"18:00"},{"@type":"OpeningHoursSpecification","dayOfWeek":["Tuesday","Thursday","Saturday","Sunday"],"opens":"00:00","closes":"00:00"}],"email":"office@bolting.eu","vatID":"ATU59999728","priceRange":"$$","currenciesAccepted":"Euro"},{"@type":"PostalAddress","@id":"https:\/\/bolting.eu\/en\/shop\/bouldering-chalk-bucket-deluxe\/#local-main-place-address","streetAddress":"Fischnalerstra\u00dfe 4","addressLocality":"Innsbruck","postalCode":"6020","addressRegion":"Tirol","addressCountry":"AT"},{"@type":"ImageObject","inLanguage":"en-US","@id":"https:\/\/bolting.eu\/en\/shop\/bouldering-chalk-bucket-deluxe\/#local-main-organization-logo","url":"https:\/\/bolting.eu\/wp-content\/uploads\/2019\/09\/bolting-logo.png","contentUrl":"https:\/\/bolting.eu\/wp-content\/uploads\/2019\/09\/bolting-logo.png","width":400,"height":211,"caption":"bolting.eu"}]},"og_availability":"out of stock","product_availability":"out of stock","product_condition":"new","geo.placename":"Innsbruck","geo.position":{"lat":"47.264176340396226","long":"11.380109057672346"},"geo.region":"Austria"},"_links":{"self":[{"href":"https:\/\/bolting.eu\/en\/wp-json\/wp\/v2\/product\/3586","targetHints":{"allow":["GET"]}}],"collection":[{"href":"https:\/\/bolting.eu\/en\/wp-json\/wp\/v2\/product"}],"about":[{"href":"https:\/\/bolting.eu\/en\/wp-json\/wp\/v2\/types\/product"}],"replies":[{"embeddable":true,"href":"https:\/\/bolting.eu\/en\/wp-json\/wp\/v2\/comments?post=3586"}],"wp:featuredmedia":[{"embeddable":true,"href":"https:\/\/bolting.eu\/en\/wp-json\/wp\/v2\/media\/3592"}],"wp:attachment":[{"href":"https:\/\/bolting.eu\/en\/wp-json\/wp\/v2\/media?parent=3586"}],"wp:term":[{"taxonomy":"product_brand","embeddable":true,"href":"https:\/\/bolting.eu\/en\/wp-json\/wp\/v2\/product_brand?post=3586"},{"taxonomy":"product_cat","embeddable":true,"href":"https:\/\/bolting.eu\/en\/wp-json\/wp\/v2\/product_cat?post=3586"},{"taxonomy":"product_tag","embeddable":true,"href":"https:\/\/bolting.eu\/en\/wp-json\/wp\/v2\/product_tag?post=3586"}],"curies":[{"name":"wp","href":"https:\/\/api.w.org\/{rel}","templated":true}]}}