{"id":35858,"date":"2025-12-16T10:12:18","date_gmt":"2025-12-16T09:12:18","guid":{"rendered":"https:\/\/bolting.eu\/?post_type=product&#038;p=35858"},"modified":"2025-12-16T10:15:52","modified_gmt":"2025-12-16T09:15:52","slug":"singing-rock-edge-roller-kantenschuetzer","status":"publish","type":"product","link":"https:\/\/bolting.eu\/en\/shop\/singing-rock-edge-roller-kantenschuetzer\/","title":{"rendered":"Singing Rock Edge Roller Kantensch\u00fctzer"},"content":{"rendered":"<p>Der Singing Rock Edge Roller ist ein modularer Kantensch\u00fctzer. Denn er besteht aus drei einzelnen Elementen. Diese k\u00f6nnt ihr dann beliebig mit kleinen <a href=\"https:\/\/bolting.eu\/produkt-kategorie\/einbohrartikel\/schraubglied-rapidglied\/\">Schraubgliedern<\/a> miteinander verbinden.<\/p>\n<p>Somit k\u00f6nnt ihr eure <a href=\"https:\/\/bolting.eu\/produkt-kategorie\/industriekletter-ausruestung\/statikseile\/\">Statikseile<\/a> gleich an mehreren, eng beieinander liegenden Kanten perfekt sch\u00fctzen. Sowohl fix h\u00e4ngende als auch gleitende Seile. Mit dem <a href=\"https:\/\/bolting.eu\/shop\/singing-rock-atika-kantenschutz\/\">Atika Seilschutz<\/a> z.B. geht das nur an einer (1) Kante.<\/p>\n<p>Fazit. Nicht umsonst ein Bestseller in unserem Industrieklettershop!<\/p>\n<h2>Eigenschaften Singing Rock Edge Roller<\/h2>\n<ul>\n<li>Hersteller: <a href=\"https:\/\/bolting.eu\/produkt-kategorie\/singing-rock\/\">Singing Rock<\/a><\/li>\n<li>Material: Alu, Edelstahl, Polyamid (Reepschnur)<\/li>\n<li>L\u00e4nge: ca. 60cm<\/li>\n<li>Gewicht: 777 Gramm (gesamtes Set) bzw. 232 Gramm (ein Kantenelement)<\/li>\n<li>modularer Kantenschutz f\u00fcr Seile<\/li>\n<li>sch\u00fctzt an mehreren eng aneinander liegenden Kanten, wie z.B. Betongel\u00e4nder<\/li>\n<li>3 Stk. einzelne Segmente<\/li>\n<li>inkl. 6 St\u00fcck 6mm Rapidgliedern<\/li>\n<li>inkl. 2m schwarze <a href=\"https:\/\/bolting.eu\/produkt-kategorie\/kletterausruestung\/reepschnur\/\">Reepschnur<\/a> (keine <a href=\"https:\/\/bolting.eu\/produkt-kategorie\/industriekletter-ausruestung\/psaga\/\">PSAgA<\/a>)<\/li>\n<li><a href=\"https:\/\/www.singingrock.com\/edge-roller#:~:text=PDF%20%2D%200%2C2%20MB-,instructions%20of%20use,-PDF%20%2D%200%2C7%20MB\">Bedienungsanleitung<\/a><\/li>\n<\/ul>\n","protected":false},"excerpt":{"rendered":"<p>Modularer Kantenschutz f\u00fcr fixe und gleitende Seile an gleich mehreren, nahe aneinander liegenden Kanten.<\/p>\n<p>Set aus drei Segmenten, Rapidgliedern und Reepschnur. Kann beliebig erweitert werden.<\/p>\n<p>Versandkostenfrei bis 2kg in\u00a0<img decoding=\"async\" class=\"emoji\" role=\"img\" draggable=\"false\" src=\"https:\/\/s.w.org\/images\/core\/emoji\/14.0.0\/svg\/1f1e6-1f1f9.svg\" alt=\"\ud83c\udde6\ud83c\uddf9\" \/>\u00a0ab \u20ac 100,- und\u00a0<img decoding=\"async\" class=\"emoji\" role=\"img\" draggable=\"false\" src=\"https:\/\/s.w.org\/images\/core\/emoji\/14.0.0\/svg\/1f1e9-1f1ea.svg\" alt=\"\ud83c\udde9\ud83c\uddea\" \/>\u00a0ab \u20ac 200,-!<\/p>\n<p>&nbsp;<\/p>\n","protected":false},"featured_media":35863,"comment_status":"closed","ping_status":"closed","template":"","meta":[],"product_brand":[],"product_cat":[12141,14513,15315],"product_tag":[],"class_list":{"0":"post-35858","1":"product","2":"type-product","3":"status-publish","4":"has-post-thumbnail","6":"product_cat-singing-rock","7":"product_cat-industriekletter-ausruestung","8":"product_cat-seil-kantenschutz","10":"first","11":"instock","12":"sale","13":"taxable","14":"shipping-taxable","15":"purchasable","16":"product-type-simple"},"yoast_head":"<!-- This site is optimized with the Yoast SEO Premium plugin v26.9 (Yoast SEO v26.9) - https:\/\/yoast.com\/product\/yoast-seo-premium-wordpress\/ -->\n<title>Singing Rock Edge Roller Kantensch\u00fctzer | bolting.eu<\/title>\n<meta name=\"description\" content=\"Singing Rock Edge Roller Kantenschutz online kaufen \u2705 Trusted Shop \u2705 kostenloser Versand* \u2705 14 Tage R\u00fcckgaberecht \u2705 Co2 neutrale Zustellung\" \/>\n<meta name=\"robots\" content=\"index, follow, max-snippet:-1, max-image-preview:large, max-video-preview:-1\" \/>\n<link rel=\"canonical\" href=\"https:\/\/bolting.eu\/en\/shop\/singing-rock-edge-roller-kantenschuetzer\/\" \/>\n<meta property=\"og:locale\" content=\"en_US\" \/>\n<meta property=\"og:type\" content=\"article\" \/>\n<meta property=\"og:title\" content=\"Singing Rock Edge Roller Kantensch\u00fctzer\" \/>\n<meta property=\"og:description\" content=\"Singing Rock Edge Roller Kantenschutz online kaufen \u2705 Trusted Shop \u2705 kostenloser Versand* \u2705 14 Tage R\u00fcckgaberecht \u2705 Co2 neutrale Zustellung\" \/>\n<meta property=\"og:url\" content=\"https:\/\/bolting.eu\/en\/shop\/singing-rock-edge-roller-kantenschuetzer\/\" \/>\n<meta property=\"og:site_name\" content=\"bolting.eu\" \/>\n<meta property=\"article:publisher\" content=\"https:\/\/www.facebook.com\/bolting.eu\" \/>\n<meta property=\"article:modified_time\" content=\"2025-12-16T09:15:52+00:00\" \/>\n<meta property=\"og:image\" content=\"https:\/\/bolting.eu\/wp-content\/uploads\/2025\/12\/Singing-Rock-Edge-Roller-2.jpg\" \/>\n\t<meta property=\"og:image:width\" content=\"700\" \/>\n\t<meta property=\"og:image:height\" content=\"700\" \/>\n\t<meta property=\"og:image:type\" content=\"image\/jpeg\" \/>\n<meta name=\"twitter:card\" content=\"summary_large_image\" \/>\n<meta name=\"twitter:label1\" content=\"Price\" \/>\n\t<meta name=\"twitter:data1\" content=\"&euro;&nbsp;109,90\" \/>\n\t<meta name=\"twitter:label2\" content=\"Availability\" \/>\n\t<meta name=\"twitter:data2\" content=\"In stock\" \/>\n<script type=\"application\/ld+json\" class=\"yoast-schema-graph\">{\"@context\":\"https:\/\/schema.org\",\"@graph\":[{\"@type\":[\"WebPage\",\"ItemPage\"],\"@id\":\"https:\/\/bolting.eu\/en\/shop\/singing-rock-edge-roller-kantenschuetzer\/\",\"url\":\"https:\/\/bolting.eu\/en\/shop\/singing-rock-edge-roller-kantenschuetzer\/\",\"name\":\"Singing Rock Edge Roller Kantensch\u00fctzer | bolting.eu\",\"isPartOf\":{\"@id\":\"https:\/\/bolting.eu\/en\/#website\"},\"primaryImageOfPage\":{\"@id\":\"https:\/\/bolting.eu\/en\/shop\/singing-rock-edge-roller-kantenschuetzer\/#primaryimage\"},\"image\":{\"@id\":\"https:\/\/bolting.eu\/en\/shop\/singing-rock-edge-roller-kantenschuetzer\/#primaryimage\"},\"thumbnailUrl\":\"https:\/\/bolting.eu\/wp-content\/uploads\/2025\/12\/Singing-Rock-Edge-Roller-2.jpg\",\"datePublished\":\"2025-12-16T09:12:18+00:00\",\"dateModified\":\"2025-12-16T09:15:52+00:00\",\"description\":\"Singing Rock Edge Roller Kantenschutz online kaufen \u2705 Trusted Shop \u2705 kostenloser Versand* \u2705 14 Tage R\u00fcckgaberecht \u2705 Co2 neutrale Zustellung\",\"breadcrumb\":{\"@id\":\"https:\/\/bolting.eu\/en\/shop\/singing-rock-edge-roller-kantenschuetzer\/#breadcrumb\"},\"inLanguage\":\"en-US\",\"potentialAction\":[{\"@type\":\"ReadAction\",\"target\":[\"https:\/\/bolting.eu\/en\/shop\/singing-rock-edge-roller-kantenschuetzer\/\"]}]},{\"@type\":\"ImageObject\",\"inLanguage\":\"en-US\",\"@id\":\"https:\/\/bolting.eu\/en\/shop\/singing-rock-edge-roller-kantenschuetzer\/#primaryimage\",\"url\":\"https:\/\/bolting.eu\/wp-content\/uploads\/2025\/12\/Singing-Rock-Edge-Roller-2.jpg\",\"contentUrl\":\"https:\/\/bolting.eu\/wp-content\/uploads\/2025\/12\/Singing-Rock-Edge-Roller-2.jpg\",\"width\":700,\"height\":700,\"caption\":\"Singing Rock Edge Roller Kantenschutz aus drei orange silbernen Aluminium Elementen.\"},{\"@type\":\"BreadcrumbList\",\"@id\":\"https:\/\/bolting.eu\/en\/shop\/singing-rock-edge-roller-kantenschuetzer\/#breadcrumb\",\"itemListElement\":[{\"@type\":\"ListItem\",\"position\":1,\"name\":\"Shop\",\"item\":\"https:\/\/bolting.eu\/en\/shop\/\"},{\"@type\":\"ListItem\",\"position\":2,\"name\":\"Industrial climbing gear\",\"item\":\"https:\/\/bolting.eu\/en\/produkt-kategorie\/industrial-climbing-gear\/\"},{\"@type\":\"ListItem\",\"position\":3,\"name\":\"Seil Kantenschutz\",\"item\":\"https:\/\/bolting.eu\/produkt-kategorie\/industriekletter-ausruestung\/seil-kantenschutz\/\"},{\"@type\":\"ListItem\",\"position\":4,\"name\":\"Singing Rock Edge Roller Kantensch\u00fctzer\"}]},{\"@type\":\"WebSite\",\"@id\":\"https:\/\/bolting.eu\/en\/#website\",\"url\":\"https:\/\/bolting.eu\/en\/\",\"name\":\"bolting.eu\",\"description\":\"we make climbs happen\",\"publisher\":{\"@id\":\"https:\/\/bolting.eu\/en\/#organization\"},\"potentialAction\":[{\"@type\":\"SearchAction\",\"target\":{\"@type\":\"EntryPoint\",\"urlTemplate\":\"https:\/\/bolting.eu\/en\/?s={search_term_string}\"},\"query-input\":{\"@type\":\"PropertyValueSpecification\",\"valueRequired\":true,\"valueName\":\"search_term_string\"}}],\"inLanguage\":\"en-US\"},{\"@type\":[\"Organization\",\"Place\",\"SportingGoodsStore\"],\"@id\":\"https:\/\/bolting.eu\/en\/#organization\",\"name\":\"bolting.eu\",\"url\":\"https:\/\/bolting.eu\/en\/\",\"logo\":{\"@id\":\"https:\/\/bolting.eu\/en\/shop\/singing-rock-edge-roller-kantenschuetzer\/#local-main-organization-logo\"},\"image\":{\"@id\":\"https:\/\/bolting.eu\/en\/shop\/singing-rock-edge-roller-kantenschuetzer\/#local-main-organization-logo\"},\"sameAs\":[\"https:\/\/www.facebook.com\/bolting.eu\",\"https:\/\/www.instagram.com\/bolting.eu\/\"],\"address\":{\"@id\":\"https:\/\/bolting.eu\/en\/shop\/singing-rock-edge-roller-kantenschuetzer\/#local-main-place-address\"},\"geo\":{\"@type\":\"GeoCoordinates\",\"latitude\":\"47.264176340396226\",\"longitude\":\"11.380109057672346\"},\"telephone\":[\"+43 699 19083372\"],\"openingHoursSpecification\":[{\"@type\":\"OpeningHoursSpecification\",\"dayOfWeek\":[\"Monday\",\"Wednesday\",\"Friday\"],\"opens\":\"14:00\",\"closes\":\"18:00\"},{\"@type\":\"OpeningHoursSpecification\",\"dayOfWeek\":[\"Tuesday\",\"Thursday\",\"Saturday\",\"Sunday\"],\"opens\":\"00:00\",\"closes\":\"00:00\"}],\"email\":\"office@bolting.eu\",\"vatID\":\"ATU59999728\",\"priceRange\":\"$$\",\"currenciesAccepted\":\"Euro\"},{\"@type\":\"PostalAddress\",\"@id\":\"https:\/\/bolting.eu\/en\/shop\/singing-rock-edge-roller-kantenschuetzer\/#local-main-place-address\",\"streetAddress\":\"Fischnalerstra\u00dfe 4\",\"addressLocality\":\"Innsbruck\",\"postalCode\":\"6020\",\"addressRegion\":\"Tirol\",\"addressCountry\":\"AT\"},{\"@type\":\"ImageObject\",\"inLanguage\":\"en-US\",\"@id\":\"https:\/\/bolting.eu\/en\/shop\/singing-rock-edge-roller-kantenschuetzer\/#local-main-organization-logo\",\"url\":\"https:\/\/bolting.eu\/wp-content\/uploads\/2019\/09\/bolting-logo.png\",\"contentUrl\":\"https:\/\/bolting.eu\/wp-content\/uploads\/2019\/09\/bolting-logo.png\",\"width\":400,\"height\":211,\"caption\":\"bolting.eu\"}]}<\/script>\n<meta property=\"product:price:amount\" content=\"109.90\" \/>\n<meta property=\"product:price:currency\" content=\"EUR\" \/>\n<meta property=\"og:availability\" content=\"instock\" \/>\n<meta property=\"product:availability\" content=\"instock\" \/>\n<meta property=\"product:retailer_item_id\" content=\"K0050OS03\" \/>\n<meta property=\"product:condition\" content=\"new\" \/>\n<meta name=\"geo.placename\" content=\"Innsbruck\" \/>\n<meta name=\"geo.position\" content=\"47.264176340396226;11.380109057672346\" \/>\n<meta name=\"geo.region\" content=\"Austria\" \/>\n<!-- \/ Yoast SEO Premium plugin. -->","yoast_head_json":{"title":"Singing Rock Edge Roller Kantensch\u00fctzer | bolting.eu","description":"Singing Rock Edge Roller Kantenschutz online kaufen \u2705 Trusted Shop \u2705 kostenloser Versand* \u2705 14 Tage R\u00fcckgaberecht \u2705 Co2 neutrale Zustellung","robots":{"index":"index","follow":"follow","max-snippet":"max-snippet:-1","max-image-preview":"max-image-preview:large","max-video-preview":"max-video-preview:-1"},"canonical":"https:\/\/bolting.eu\/en\/shop\/singing-rock-edge-roller-kantenschuetzer\/","og_locale":"en_US","og_type":"article","og_title":"Singing Rock Edge Roller Kantensch\u00fctzer","og_description":"Singing Rock Edge Roller Kantenschutz online kaufen \u2705 Trusted Shop \u2705 kostenloser Versand* \u2705 14 Tage R\u00fcckgaberecht \u2705 Co2 neutrale Zustellung","og_url":"https:\/\/bolting.eu\/en\/shop\/singing-rock-edge-roller-kantenschuetzer\/","og_site_name":"bolting.eu","article_publisher":"https:\/\/www.facebook.com\/bolting.eu","article_modified_time":"2025-12-16T09:15:52+00:00","og_image":[{"width":700,"height":700,"url":"https:\/\/bolting.eu\/wp-content\/uploads\/2025\/12\/Singing-Rock-Edge-Roller-2.jpg","type":"image\/jpeg"}],"twitter_card":"summary_large_image","twitter_misc":{"Price":"&euro;&nbsp;109,90","Availability":"In stock"},"schema":{"@context":"https:\/\/schema.org","@graph":[{"@type":["WebPage","ItemPage"],"@id":"https:\/\/bolting.eu\/en\/shop\/singing-rock-edge-roller-kantenschuetzer\/","url":"https:\/\/bolting.eu\/en\/shop\/singing-rock-edge-roller-kantenschuetzer\/","name":"Singing Rock Edge Roller Kantensch\u00fctzer | bolting.eu","isPartOf":{"@id":"https:\/\/bolting.eu\/en\/#website"},"primaryImageOfPage":{"@id":"https:\/\/bolting.eu\/en\/shop\/singing-rock-edge-roller-kantenschuetzer\/#primaryimage"},"image":{"@id":"https:\/\/bolting.eu\/en\/shop\/singing-rock-edge-roller-kantenschuetzer\/#primaryimage"},"thumbnailUrl":"https:\/\/bolting.eu\/wp-content\/uploads\/2025\/12\/Singing-Rock-Edge-Roller-2.jpg","datePublished":"2025-12-16T09:12:18+00:00","dateModified":"2025-12-16T09:15:52+00:00","description":"Singing Rock Edge Roller Kantenschutz online kaufen \u2705 Trusted Shop \u2705 kostenloser Versand* \u2705 14 Tage R\u00fcckgaberecht \u2705 Co2 neutrale Zustellung","breadcrumb":{"@id":"https:\/\/bolting.eu\/en\/shop\/singing-rock-edge-roller-kantenschuetzer\/#breadcrumb"},"inLanguage":"en-US","potentialAction":[{"@type":"ReadAction","target":["https:\/\/bolting.eu\/en\/shop\/singing-rock-edge-roller-kantenschuetzer\/"]}]},{"@type":"ImageObject","inLanguage":"en-US","@id":"https:\/\/bolting.eu\/en\/shop\/singing-rock-edge-roller-kantenschuetzer\/#primaryimage","url":"https:\/\/bolting.eu\/wp-content\/uploads\/2025\/12\/Singing-Rock-Edge-Roller-2.jpg","contentUrl":"https:\/\/bolting.eu\/wp-content\/uploads\/2025\/12\/Singing-Rock-Edge-Roller-2.jpg","width":700,"height":700,"caption":"Singing Rock Edge Roller Kantenschutz aus drei orange silbernen Aluminium Elementen."},{"@type":"BreadcrumbList","@id":"https:\/\/bolting.eu\/en\/shop\/singing-rock-edge-roller-kantenschuetzer\/#breadcrumb","itemListElement":[{"@type":"ListItem","position":1,"name":"Shop","item":"https:\/\/bolting.eu\/en\/shop\/"},{"@type":"ListItem","position":2,"name":"Industrial climbing gear","item":"https:\/\/bolting.eu\/en\/produkt-kategorie\/industrial-climbing-gear\/"},{"@type":"ListItem","position":3,"name":"Seil Kantenschutz","item":"https:\/\/bolting.eu\/produkt-kategorie\/industriekletter-ausruestung\/seil-kantenschutz\/"},{"@type":"ListItem","position":4,"name":"Singing Rock Edge Roller Kantensch\u00fctzer"}]},{"@type":"WebSite","@id":"https:\/\/bolting.eu\/en\/#website","url":"https:\/\/bolting.eu\/en\/","name":"bolting.eu","description":"we make climbs happen","publisher":{"@id":"https:\/\/bolting.eu\/en\/#organization"},"potentialAction":[{"@type":"SearchAction","target":{"@type":"EntryPoint","urlTemplate":"https:\/\/bolting.eu\/en\/?s={search_term_string}"},"query-input":{"@type":"PropertyValueSpecification","valueRequired":true,"valueName":"search_term_string"}}],"inLanguage":"en-US"},{"@type":["Organization","Place","SportingGoodsStore"],"@id":"https:\/\/bolting.eu\/en\/#organization","name":"bolting.eu","url":"https:\/\/bolting.eu\/en\/","logo":{"@id":"https:\/\/bolting.eu\/en\/shop\/singing-rock-edge-roller-kantenschuetzer\/#local-main-organization-logo"},"image":{"@id":"https:\/\/bolting.eu\/en\/shop\/singing-rock-edge-roller-kantenschuetzer\/#local-main-organization-logo"},"sameAs":["https:\/\/www.facebook.com\/bolting.eu","https:\/\/www.instagram.com\/bolting.eu\/"],"address":{"@id":"https:\/\/bolting.eu\/en\/shop\/singing-rock-edge-roller-kantenschuetzer\/#local-main-place-address"},"geo":{"@type":"GeoCoordinates","latitude":"47.264176340396226","longitude":"11.380109057672346"},"telephone":["+43 699 19083372"],"openingHoursSpecification":[{"@type":"OpeningHoursSpecification","dayOfWeek":["Monday","Wednesday","Friday"],"opens":"14:00","closes":"18:00"},{"@type":"OpeningHoursSpecification","dayOfWeek":["Tuesday","Thursday","Saturday","Sunday"],"opens":"00:00","closes":"00:00"}],"email":"office@bolting.eu","vatID":"ATU59999728","priceRange":"$$","currenciesAccepted":"Euro"},{"@type":"PostalAddress","@id":"https:\/\/bolting.eu\/en\/shop\/singing-rock-edge-roller-kantenschuetzer\/#local-main-place-address","streetAddress":"Fischnalerstra\u00dfe 4","addressLocality":"Innsbruck","postalCode":"6020","addressRegion":"Tirol","addressCountry":"AT"},{"@type":"ImageObject","inLanguage":"en-US","@id":"https:\/\/bolting.eu\/en\/shop\/singing-rock-edge-roller-kantenschuetzer\/#local-main-organization-logo","url":"https:\/\/bolting.eu\/wp-content\/uploads\/2019\/09\/bolting-logo.png","contentUrl":"https:\/\/bolting.eu\/wp-content\/uploads\/2019\/09\/bolting-logo.png","width":400,"height":211,"caption":"bolting.eu"}]},"product_price_amount":"109.90","product_price_currency":"EUR","og_availability":"instock","product_availability":"instock","product_retailer_item_id":"K0050OS03","product_condition":"new","geo.placename":"Innsbruck","geo.position":{"lat":"47.264176340396226","long":"11.380109057672346"},"geo.region":"Austria"},"_links":{"self":[{"href":"https:\/\/bolting.eu\/en\/wp-json\/wp\/v2\/product\/35858","targetHints":{"allow":["GET"]}}],"collection":[{"href":"https:\/\/bolting.eu\/en\/wp-json\/wp\/v2\/product"}],"about":[{"href":"https:\/\/bolting.eu\/en\/wp-json\/wp\/v2\/types\/product"}],"replies":[{"embeddable":true,"href":"https:\/\/bolting.eu\/en\/wp-json\/wp\/v2\/comments?post=35858"}],"wp:featuredmedia":[{"embeddable":true,"href":"https:\/\/bolting.eu\/en\/wp-json\/wp\/v2\/media\/35863"}],"wp:attachment":[{"href":"https:\/\/bolting.eu\/en\/wp-json\/wp\/v2\/media?parent=35858"}],"wp:term":[{"taxonomy":"product_brand","embeddable":true,"href":"https:\/\/bolting.eu\/en\/wp-json\/wp\/v2\/product_brand?post=35858"},{"taxonomy":"product_cat","embeddable":true,"href":"https:\/\/bolting.eu\/en\/wp-json\/wp\/v2\/product_cat?post=35858"},{"taxonomy":"product_tag","embeddable":true,"href":"https:\/\/bolting.eu\/en\/wp-json\/wp\/v2\/product_tag?post=35858"}],"curies":[{"name":"wp","href":"https:\/\/api.w.org\/{rel}","templated":true}]}}