{"id":3576,"date":"2020-05-28T14:17:42","date_gmt":"2020-05-28T12:17:42","guid":{"rendered":"https:\/\/bolting.eu\/?post_type=product&#038;p=3576"},"modified":"2023-09-14T14:56:59","modified_gmt":"2023-09-14T12:56:59","slug":"moon-bouldering-chalkbag","status":"publish","type":"product","link":"https:\/\/bolting.eu\/en\/shop\/moon-bouldering-chalkbag\/","title":{"rendered":"Moon Bouldering Chalkbag"},"content":{"rendered":"<p>Das Moon Bouldering Chalkbag ist einer der zwei Boulder <a href=\"https:\/\/bolting.eu\/produkt-kategorie\/chalkbag\/\">Magnesiumbeutel<\/a> dieser Marke. Es zeichnet sich durch ein paar richtig coole Features aus.<\/p>\n<p>Erstens dem langlebigen P600D Ripstop Nylon. Damit ist dieses Bag quasi nicht kaputt zu kriegen.<\/p>\n<p>Zweitens hat es ein super Verschluss System. Zuerst macht man einen Klettverschluss zu um den Beutel zu schlie\u00dfen. Dann klappt man den Verschluss einfach um und klippt die seitlichen Stecker zusammen. Somit quillt kein Chalk beim Transport im Rucksack heraus.<\/p>\n<p>Drittens hat das Bouldering Chalkbag einen breiten Boden. Dadurch hat es einen festen Stand und f\u00e4llt nicht um.<\/p>\n<p>Abschlie\u00dfend taugt uns bei diesem Bag die seitliche B\u00fcrstenhalterung. Zudem finden wir die kleine Front-Tasche klasse. Denn die ist mit einem Zipper sowohl leicht zu \u00f6ffnen als auch sch\u00f6n ger\u00e4umig. So hat man kleine <a href=\"https:\/\/bolting.eu\/produkt-kategorie\/boulderbuersten\/\">Boulderb\u00fcrsten<\/a>, Klettertape oder den Nagelklipps immer mit dabei!<\/p>\n<p>Kurzum. Boulderherz was willst du mehr!<\/p>\n<h3>Eigenschaften Moon Bouldering Chalkbag<\/h3>\n<ul>\n<li>Hersteller: <a href=\"https:\/\/bolting.eu\/produkt-kategorie\/moon\/\">Moon Climbing<\/a><\/li>\n<li>zum Reinfassen mit beiden H\u00e4nden<\/li>\n<li>Durchmesser: ca. 20 cm<\/li>\n<li>Verschluss: Klettverschluss plus B\u00fcgel Klipps<\/li>\n<li>B\u00fcrstenhalterung seitlich<\/li>\n<li>breiter Boden f\u00fcr festen Stand<\/li>\n<li>Front Tasche f\u00fcr Kleinzeugs<\/li>\n<li>Farben: rot -blau &#8211; schwarz &#8211; violett<\/li>\n<\/ul>\n<figure id=\"attachment_3580\" aria-describedby=\"caption-attachment-3580\" style=\"width: 762px\" class=\"wp-caption alignnone\"><a href=\"https:\/\/bolting.eu\/wp-content\/uploads\/2020\/05\/Moon-Bouldering-Chalkbag-Modelle.jpg\"><img loading=\"lazy\" decoding=\"async\" class=\"wp-image-3580 size-medium\" src=\"https:\/\/bolting.eu\/wp-content\/uploads\/2020\/05\/Moon-Bouldering-Chalkbag-Modelle-762x400.jpg\" alt=\"das Bild zeigt vier Modelle des Moon Bouldering Chalkbag. Die Boulder Magnesiumbeutel stehen nebeneinander. Von links nach rechts in den Farben schwarz, rot, blau und violett.\" width=\"762\" height=\"400\" srcset=\"https:\/\/bolting.eu\/wp-content\/uploads\/2020\/05\/Moon-Bouldering-Chalkbag-Modelle-762x400.jpg 762w, https:\/\/bolting.eu\/wp-content\/uploads\/2020\/05\/Moon-Bouldering-Chalkbag-Modelle-510x268.jpg 510w, https:\/\/bolting.eu\/wp-content\/uploads\/2020\/05\/Moon-Bouldering-Chalkbag-Modelle-768x403.jpg 768w, https:\/\/bolting.eu\/wp-content\/uploads\/2020\/05\/Moon-Bouldering-Chalkbag-Modelle-600x315.jpg 600w, https:\/\/bolting.eu\/wp-content\/uploads\/2020\/05\/Moon-Bouldering-Chalkbag-Modelle.jpg 1200w\" sizes=\"auto, (max-width: 762px) 100vw, 762px\" \/><\/a><figcaption id=\"caption-attachment-3580\" class=\"wp-caption-text\">Die verf\u00fcgbaren Farben des Moon Bouldering Chalkbag bei bolting.eu.<\/figcaption><\/figure>\n<h3>Ideal zum Bouldern<\/h3>\n<p>Das Moon Bouldering Chalkbag ist eines von zwei Boulder Magnesiumbeutel von Moon.<\/p>\n<p>Es hat alle Features die man sich von einem guten Boulder Chalkbag w\u00fcnschen kann. Uns taugt, dass man dieses Beutel sehr gut verschlie\u00dfen kann. Denn somit kann man ihn sowohl in die zusammengefaltete Matte stecken als auch einfach in die Bouldertasche werfen. Es kommt so gut wie kein Magnesiastaub heraus.<\/p>\n<p>Und einmal solide aufgestellt geht das Nachchalken voll gut!<\/p>\n<h3>Video Moon Bouldering Chalkbag<\/h3>\n<p>Im Folgenden gibt es ein Video, wo dieser Boulder Magnesiumbeutel vorgestellt wird. Alleine schon wegen dem coolen Akzent anschauen Leute \ud83d\ude42<\/p>\n<p><iframe loading=\"lazy\" src=\"https:\/\/www.youtube.com\/embed\/wcHckch3z6E\" width=\"100%\" height=\"450\" frameborder=\"0\" allowfullscreen=\"allowfullscreen\"><span data-mce-type=\"bookmark\" style=\"display: inline-block; width: 0px; overflow: hidden; line-height: 0;\" class=\"mce_SELRES_start\">\ufeff<\/span><\/iframe><\/p>\n<h3>Moon Chalkbags<\/h3>\n<p>Wir haben vier verschiedene Moon Magnesiumbeutel im Programm. Neben dem Moon Bouldering Chalkbag haben wir zudem auch die Deluxe Version. Und des weiteren zwei unterschiedliche Beutel zum Sportklettern. Zum einen das Sport Chalkbag. Und zum anderen das gr\u00f6\u00dfere Trad Chalkbag.<\/p>\n<p>Egal welche Gr\u00f6\u00dfe, welche Farbe, und wieviel <a href=\"https:\/\/bolting.eu\/produkt-kategorie\/chalk-klettern\/\">Kletter Chalk<\/a> ihr nehmt. Wenn euch die Marke Moon gef\u00e4llt dann seid ihr bei uns genau richtig.<\/p>\n<h3>Praxis Tipp &#8211; Chalk<\/h3>\n<p>Jede Haut ist verschieden. Zudem hat jeder von uns hat ein anderes Schwitz-Verhalten auf den H\u00e4nden. Deshalb empfehlen wir euch beim Magnesium f\u00fcr euer Moon Bouldering Chalkbag etwas herum zu probieren. Versucht heraus zu finden, welches Chalk f\u00fcr Euch das Beste ist. Es lohnt sich hier etwas Zeit und Geld aufzuwenden. Denn ist die Lieblingssorte einmal gefunden, f\u00e4llt Nachschub besorgen nicht mehr schwer!<\/p>\n<p>Link Tipp: <a href=\"https:\/\/moonclimbing.com\/\" target=\"_blank\" rel=\"noopener noreferrer\">zum Hersteller<\/a><\/p>\n","protected":false},"excerpt":{"rendered":"<ul>\n<li>Hersteller: Moon Climbing<\/li>\n<li>zum Reinfassen mit beiden H\u00e4nden<\/li>\n<li>Durchmesser: ca. 20 cm<\/li>\n<li>Verschluss: Klettverschluss plus B\u00fcgel Klipps<\/li>\n<li>B\u00fcrstenhalterung seitlich<\/li>\n<li>breiter Boden f\u00fcr festen Stand<\/li>\n<li>Front Tasche f\u00fcr Kleinzeugs<\/li>\n<li>Farben: rot -blau &#8211; schwarz &#8211; violett<\/li>\n<\/ul>\n","protected":false},"featured_media":3581,"comment_status":"open","ping_status":"closed","template":"","meta":[],"product_brand":[],"product_cat":[5006,8333],"product_tag":[264],"class_list":{"0":"post-3576","1":"product","2":"type-product","3":"status-publish","4":"has-post-thumbnail","6":"product_cat-chalkbag","7":"product_cat-moon","8":"product_tag-sportklettern","10":"first","11":"outofstock","12":"sale","13":"taxable","14":"shipping-taxable","15":"purchasable","16":"product-type-variable"},"yoast_head":"<!-- This site is optimized with the Yoast SEO Premium plugin v26.9 (Yoast SEO v26.9) - https:\/\/yoast.com\/product\/yoast-seo-premium-wordpress\/ -->\n<title>Moon Bouldering Chalkbag jetzt online kaufen beim Kletterprofi | bolting.eu<\/title>\n<meta name=\"description\" content=\"Hier findest Du das MOON BOULDER CHALKBAG. Einen ger\u00e4umigen Boulder Magnesiumbeutel mit Seitetasche. Jetzt online kaufen beim Kletterprofi aus \ud83c\udde6\ud83c\uddf9!\" \/>\n<meta name=\"robots\" content=\"index, follow, max-snippet:-1, max-image-preview:large, max-video-preview:-1\" \/>\n<link rel=\"canonical\" href=\"https:\/\/bolting.eu\/en\/shop\/moon-bouldering-chalkbag\/\" \/>\n<meta property=\"og:locale\" content=\"en_US\" \/>\n<meta property=\"og:type\" content=\"article\" \/>\n<meta property=\"og:title\" content=\"Moon Bouldering Chalkbag\" \/>\n<meta property=\"og:description\" content=\"Hier findest Du das MOON BOULDER CHALKBAG. Einen ger\u00e4umigen Boulder Magnesiumbeutel mit Seitetasche. Jetzt online kaufen beim Kletterprofi aus \ud83c\udde6\ud83c\uddf9!\" \/>\n<meta property=\"og:url\" content=\"https:\/\/bolting.eu\/en\/shop\/moon-bouldering-chalkbag\/\" \/>\n<meta property=\"og:site_name\" content=\"bolting.eu\" \/>\n<meta property=\"article:publisher\" content=\"https:\/\/www.facebook.com\/bolting.eu\" \/>\n<meta property=\"article:modified_time\" content=\"2023-09-14T12:56:59+00:00\" \/>\n<meta property=\"og:image\" content=\"https:\/\/bolting.eu\/wp-content\/uploads\/2020\/05\/Moon-Bouldering-Chalkbag-violett.jpg\" \/>\n\t<meta property=\"og:image:width\" content=\"700\" \/>\n\t<meta property=\"og:image:height\" content=\"700\" \/>\n\t<meta property=\"og:image:type\" content=\"image\/jpeg\" \/>\n<meta name=\"twitter:card\" content=\"summary_large_image\" \/>\n<meta name=\"twitter:label1\" content=\"Availability\" \/>\n\t<meta name=\"twitter:data1\" content=\"Out of stock\" \/>\n<script type=\"application\/ld+json\" class=\"yoast-schema-graph\">{\"@context\":\"https:\/\/schema.org\",\"@graph\":[{\"@type\":[\"WebPage\",\"ItemPage\"],\"@id\":\"https:\/\/bolting.eu\/en\/shop\/moon-bouldering-chalkbag\/\",\"url\":\"https:\/\/bolting.eu\/en\/shop\/moon-bouldering-chalkbag\/\",\"name\":\"Moon Bouldering Chalkbag jetzt online kaufen beim Kletterprofi | bolting.eu\",\"isPartOf\":{\"@id\":\"https:\/\/bolting.eu\/en\/#website\"},\"primaryImageOfPage\":{\"@id\":\"https:\/\/bolting.eu\/en\/shop\/moon-bouldering-chalkbag\/#primaryimage\"},\"image\":{\"@id\":\"https:\/\/bolting.eu\/en\/shop\/moon-bouldering-chalkbag\/#primaryimage\"},\"thumbnailUrl\":\"https:\/\/bolting.eu\/wp-content\/uploads\/2020\/05\/Moon-Bouldering-Chalkbag-violett.jpg\",\"datePublished\":\"2020-05-28T12:17:42+00:00\",\"dateModified\":\"2023-09-14T12:56:59+00:00\",\"description\":\"Hier findest Du das MOON BOULDER CHALKBAG. Einen ger\u00e4umigen Boulder Magnesiumbeutel mit Seitetasche. Jetzt online kaufen beim Kletterprofi aus \ud83c\udde6\ud83c\uddf9!\",\"breadcrumb\":{\"@id\":\"https:\/\/bolting.eu\/en\/shop\/moon-bouldering-chalkbag\/#breadcrumb\"},\"inLanguage\":\"en-US\",\"potentialAction\":[{\"@type\":\"ReadAction\",\"target\":[\"https:\/\/bolting.eu\/en\/shop\/moon-bouldering-chalkbag\/\"]}]},{\"@type\":\"ImageObject\",\"inLanguage\":\"en-US\",\"@id\":\"https:\/\/bolting.eu\/en\/shop\/moon-bouldering-chalkbag\/#primaryimage\",\"url\":\"https:\/\/bolting.eu\/wp-content\/uploads\/2020\/05\/Moon-Bouldering-Chalkbag-violett.jpg\",\"contentUrl\":\"https:\/\/bolting.eu\/wp-content\/uploads\/2020\/05\/Moon-Bouldering-Chalkbag-violett.jpg\",\"width\":700,\"height\":700,\"caption\":\"Das Bild zeigt das Moon Bouldering Chalkbag in der FArbe violett. Der Boulder Magnesiumbeutel ist in Bildmitte, man erkennt alle seine Features sehr gut.\"},{\"@type\":\"BreadcrumbList\",\"@id\":\"https:\/\/bolting.eu\/en\/shop\/moon-bouldering-chalkbag\/#breadcrumb\",\"itemListElement\":[{\"@type\":\"ListItem\",\"position\":1,\"name\":\"Shop\",\"item\":\"https:\/\/bolting.eu\/en\/shop\/\"},{\"@type\":\"ListItem\",\"position\":2,\"name\":\"climbing equipment\",\"item\":\"https:\/\/bolting.eu\/en\/produkt-kategorie\/climbing-equipment\/\"},{\"@type\":\"ListItem\",\"position\":3,\"name\":\"Chalkbag\",\"item\":\"https:\/\/bolting.eu\/produkt-kategorie\/kletterausruestung\/chalkbag\/\"},{\"@type\":\"ListItem\",\"position\":4,\"name\":\"Moon Bouldering Chalkbag\"}]},{\"@type\":\"WebSite\",\"@id\":\"https:\/\/bolting.eu\/en\/#website\",\"url\":\"https:\/\/bolting.eu\/en\/\",\"name\":\"bolting.eu\",\"description\":\"we make climbs happen\",\"publisher\":{\"@id\":\"https:\/\/bolting.eu\/en\/#organization\"},\"potentialAction\":[{\"@type\":\"SearchAction\",\"target\":{\"@type\":\"EntryPoint\",\"urlTemplate\":\"https:\/\/bolting.eu\/en\/?s={search_term_string}\"},\"query-input\":{\"@type\":\"PropertyValueSpecification\",\"valueRequired\":true,\"valueName\":\"search_term_string\"}}],\"inLanguage\":\"en-US\"},{\"@type\":[\"Organization\",\"Place\",\"SportingGoodsStore\"],\"@id\":\"https:\/\/bolting.eu\/en\/#organization\",\"name\":\"bolting.eu\",\"url\":\"https:\/\/bolting.eu\/en\/\",\"logo\":{\"@id\":\"https:\/\/bolting.eu\/en\/shop\/moon-bouldering-chalkbag\/#local-main-organization-logo\"},\"image\":{\"@id\":\"https:\/\/bolting.eu\/en\/shop\/moon-bouldering-chalkbag\/#local-main-organization-logo\"},\"sameAs\":[\"https:\/\/www.facebook.com\/bolting.eu\",\"https:\/\/www.instagram.com\/bolting.eu\/\"],\"address\":{\"@id\":\"https:\/\/bolting.eu\/en\/shop\/moon-bouldering-chalkbag\/#local-main-place-address\"},\"geo\":{\"@type\":\"GeoCoordinates\",\"latitude\":\"47.264176340396226\",\"longitude\":\"11.380109057672346\"},\"telephone\":[\"+43 699 19083372\"],\"openingHoursSpecification\":[{\"@type\":\"OpeningHoursSpecification\",\"dayOfWeek\":[\"Monday\",\"Wednesday\",\"Friday\"],\"opens\":\"14:00\",\"closes\":\"18:00\"},{\"@type\":\"OpeningHoursSpecification\",\"dayOfWeek\":[\"Tuesday\",\"Thursday\",\"Saturday\",\"Sunday\"],\"opens\":\"00:00\",\"closes\":\"00:00\"}],\"email\":\"office@bolting.eu\",\"vatID\":\"ATU59999728\",\"priceRange\":\"$$\",\"currenciesAccepted\":\"Euro\"},{\"@type\":\"PostalAddress\",\"@id\":\"https:\/\/bolting.eu\/en\/shop\/moon-bouldering-chalkbag\/#local-main-place-address\",\"streetAddress\":\"Fischnalerstra\u00dfe 4\",\"addressLocality\":\"Innsbruck\",\"postalCode\":\"6020\",\"addressRegion\":\"Tirol\",\"addressCountry\":\"AT\"},{\"@type\":\"ImageObject\",\"inLanguage\":\"en-US\",\"@id\":\"https:\/\/bolting.eu\/en\/shop\/moon-bouldering-chalkbag\/#local-main-organization-logo\",\"url\":\"https:\/\/bolting.eu\/wp-content\/uploads\/2019\/09\/bolting-logo.png\",\"contentUrl\":\"https:\/\/bolting.eu\/wp-content\/uploads\/2019\/09\/bolting-logo.png\",\"width\":400,\"height\":211,\"caption\":\"bolting.eu\"}]}<\/script>\n<meta property=\"og:availability\" content=\"out of stock\" \/>\n<meta property=\"product:availability\" content=\"out of stock\" \/>\n<meta property=\"product:condition\" content=\"new\" \/>\n<meta name=\"geo.placename\" content=\"Innsbruck\" \/>\n<meta name=\"geo.position\" content=\"47.264176340396226;11.380109057672346\" \/>\n<meta name=\"geo.region\" content=\"Austria\" \/>\n<!-- \/ Yoast SEO Premium plugin. -->","yoast_head_json":{"title":"Moon Bouldering Chalkbag jetzt online kaufen beim Kletterprofi | bolting.eu","description":"Hier findest Du das MOON BOULDER CHALKBAG. Einen ger\u00e4umigen Boulder Magnesiumbeutel mit Seitetasche. Jetzt online kaufen beim Kletterprofi aus \ud83c\udde6\ud83c\uddf9!","robots":{"index":"index","follow":"follow","max-snippet":"max-snippet:-1","max-image-preview":"max-image-preview:large","max-video-preview":"max-video-preview:-1"},"canonical":"https:\/\/bolting.eu\/en\/shop\/moon-bouldering-chalkbag\/","og_locale":"en_US","og_type":"article","og_title":"Moon Bouldering Chalkbag","og_description":"Hier findest Du das MOON BOULDER CHALKBAG. Einen ger\u00e4umigen Boulder Magnesiumbeutel mit Seitetasche. Jetzt online kaufen beim Kletterprofi aus \ud83c\udde6\ud83c\uddf9!","og_url":"https:\/\/bolting.eu\/en\/shop\/moon-bouldering-chalkbag\/","og_site_name":"bolting.eu","article_publisher":"https:\/\/www.facebook.com\/bolting.eu","article_modified_time":"2023-09-14T12:56:59+00:00","og_image":[{"width":700,"height":700,"url":"https:\/\/bolting.eu\/wp-content\/uploads\/2020\/05\/Moon-Bouldering-Chalkbag-violett.jpg","type":"image\/jpeg"}],"twitter_card":"summary_large_image","twitter_misc":{"Availability":"Out of stock"},"schema":{"@context":"https:\/\/schema.org","@graph":[{"@type":["WebPage","ItemPage"],"@id":"https:\/\/bolting.eu\/en\/shop\/moon-bouldering-chalkbag\/","url":"https:\/\/bolting.eu\/en\/shop\/moon-bouldering-chalkbag\/","name":"Moon Bouldering Chalkbag jetzt online kaufen beim Kletterprofi | bolting.eu","isPartOf":{"@id":"https:\/\/bolting.eu\/en\/#website"},"primaryImageOfPage":{"@id":"https:\/\/bolting.eu\/en\/shop\/moon-bouldering-chalkbag\/#primaryimage"},"image":{"@id":"https:\/\/bolting.eu\/en\/shop\/moon-bouldering-chalkbag\/#primaryimage"},"thumbnailUrl":"https:\/\/bolting.eu\/wp-content\/uploads\/2020\/05\/Moon-Bouldering-Chalkbag-violett.jpg","datePublished":"2020-05-28T12:17:42+00:00","dateModified":"2023-09-14T12:56:59+00:00","description":"Hier findest Du das MOON BOULDER CHALKBAG. Einen ger\u00e4umigen Boulder Magnesiumbeutel mit Seitetasche. Jetzt online kaufen beim Kletterprofi aus \ud83c\udde6\ud83c\uddf9!","breadcrumb":{"@id":"https:\/\/bolting.eu\/en\/shop\/moon-bouldering-chalkbag\/#breadcrumb"},"inLanguage":"en-US","potentialAction":[{"@type":"ReadAction","target":["https:\/\/bolting.eu\/en\/shop\/moon-bouldering-chalkbag\/"]}]},{"@type":"ImageObject","inLanguage":"en-US","@id":"https:\/\/bolting.eu\/en\/shop\/moon-bouldering-chalkbag\/#primaryimage","url":"https:\/\/bolting.eu\/wp-content\/uploads\/2020\/05\/Moon-Bouldering-Chalkbag-violett.jpg","contentUrl":"https:\/\/bolting.eu\/wp-content\/uploads\/2020\/05\/Moon-Bouldering-Chalkbag-violett.jpg","width":700,"height":700,"caption":"Das Bild zeigt das Moon Bouldering Chalkbag in der FArbe violett. Der Boulder Magnesiumbeutel ist in Bildmitte, man erkennt alle seine Features sehr gut."},{"@type":"BreadcrumbList","@id":"https:\/\/bolting.eu\/en\/shop\/moon-bouldering-chalkbag\/#breadcrumb","itemListElement":[{"@type":"ListItem","position":1,"name":"Shop","item":"https:\/\/bolting.eu\/en\/shop\/"},{"@type":"ListItem","position":2,"name":"climbing equipment","item":"https:\/\/bolting.eu\/en\/produkt-kategorie\/climbing-equipment\/"},{"@type":"ListItem","position":3,"name":"Chalkbag","item":"https:\/\/bolting.eu\/produkt-kategorie\/kletterausruestung\/chalkbag\/"},{"@type":"ListItem","position":4,"name":"Moon Bouldering Chalkbag"}]},{"@type":"WebSite","@id":"https:\/\/bolting.eu\/en\/#website","url":"https:\/\/bolting.eu\/en\/","name":"bolting.eu","description":"we make climbs happen","publisher":{"@id":"https:\/\/bolting.eu\/en\/#organization"},"potentialAction":[{"@type":"SearchAction","target":{"@type":"EntryPoint","urlTemplate":"https:\/\/bolting.eu\/en\/?s={search_term_string}"},"query-input":{"@type":"PropertyValueSpecification","valueRequired":true,"valueName":"search_term_string"}}],"inLanguage":"en-US"},{"@type":["Organization","Place","SportingGoodsStore"],"@id":"https:\/\/bolting.eu\/en\/#organization","name":"bolting.eu","url":"https:\/\/bolting.eu\/en\/","logo":{"@id":"https:\/\/bolting.eu\/en\/shop\/moon-bouldering-chalkbag\/#local-main-organization-logo"},"image":{"@id":"https:\/\/bolting.eu\/en\/shop\/moon-bouldering-chalkbag\/#local-main-organization-logo"},"sameAs":["https:\/\/www.facebook.com\/bolting.eu","https:\/\/www.instagram.com\/bolting.eu\/"],"address":{"@id":"https:\/\/bolting.eu\/en\/shop\/moon-bouldering-chalkbag\/#local-main-place-address"},"geo":{"@type":"GeoCoordinates","latitude":"47.264176340396226","longitude":"11.380109057672346"},"telephone":["+43 699 19083372"],"openingHoursSpecification":[{"@type":"OpeningHoursSpecification","dayOfWeek":["Monday","Wednesday","Friday"],"opens":"14:00","closes":"18:00"},{"@type":"OpeningHoursSpecification","dayOfWeek":["Tuesday","Thursday","Saturday","Sunday"],"opens":"00:00","closes":"00:00"}],"email":"office@bolting.eu","vatID":"ATU59999728","priceRange":"$$","currenciesAccepted":"Euro"},{"@type":"PostalAddress","@id":"https:\/\/bolting.eu\/en\/shop\/moon-bouldering-chalkbag\/#local-main-place-address","streetAddress":"Fischnalerstra\u00dfe 4","addressLocality":"Innsbruck","postalCode":"6020","addressRegion":"Tirol","addressCountry":"AT"},{"@type":"ImageObject","inLanguage":"en-US","@id":"https:\/\/bolting.eu\/en\/shop\/moon-bouldering-chalkbag\/#local-main-organization-logo","url":"https:\/\/bolting.eu\/wp-content\/uploads\/2019\/09\/bolting-logo.png","contentUrl":"https:\/\/bolting.eu\/wp-content\/uploads\/2019\/09\/bolting-logo.png","width":400,"height":211,"caption":"bolting.eu"}]},"og_availability":"out of stock","product_availability":"out of stock","product_condition":"new","geo.placename":"Innsbruck","geo.position":{"lat":"47.264176340396226","long":"11.380109057672346"},"geo.region":"Austria"},"_links":{"self":[{"href":"https:\/\/bolting.eu\/en\/wp-json\/wp\/v2\/product\/3576","targetHints":{"allow":["GET"]}}],"collection":[{"href":"https:\/\/bolting.eu\/en\/wp-json\/wp\/v2\/product"}],"about":[{"href":"https:\/\/bolting.eu\/en\/wp-json\/wp\/v2\/types\/product"}],"replies":[{"embeddable":true,"href":"https:\/\/bolting.eu\/en\/wp-json\/wp\/v2\/comments?post=3576"}],"wp:featuredmedia":[{"embeddable":true,"href":"https:\/\/bolting.eu\/en\/wp-json\/wp\/v2\/media\/3581"}],"wp:attachment":[{"href":"https:\/\/bolting.eu\/en\/wp-json\/wp\/v2\/media?parent=3576"}],"wp:term":[{"taxonomy":"product_brand","embeddable":true,"href":"https:\/\/bolting.eu\/en\/wp-json\/wp\/v2\/product_brand?post=3576"},{"taxonomy":"product_cat","embeddable":true,"href":"https:\/\/bolting.eu\/en\/wp-json\/wp\/v2\/product_cat?post=3576"},{"taxonomy":"product_tag","embeddable":true,"href":"https:\/\/bolting.eu\/en\/wp-json\/wp\/v2\/product_tag?post=3576"}],"curies":[{"name":"wp","href":"https:\/\/api.w.org\/{rel}","templated":true}]}}