{"id":35676,"date":"2025-12-10T12:48:55","date_gmt":"2025-12-10T11:48:55","guid":{"rendered":"https:\/\/bolting.eu\/?post_type=product&#038;p=35676"},"modified":"2026-04-27T13:58:52","modified_gmt":"2026-04-27T11:58:52","slug":"edelrid-ohmega-bremsassistent-einfachseile","status":"publish","type":"product","link":"https:\/\/bolting.eu\/en\/shop\/edelrid-ohmega-bremsassistent-einfachseile\/","title":{"rendered":"Edelrid OHMEGA &#8211; Bremsassistent f\u00fcr Einfachseile"},"content":{"rendered":"<p>Das Edelrid OHMEGA ist ein toller Bremsassistent f\u00fcr Einfachseile. Denn dieses kleine Ger\u00e4t verringert die Kraft, welche auf den Sichernden einwirkt.<\/p>\n<p>Egal ob ihr Anf\u00e4nger oder Profi seid. Ob ihr im Klettergarten, Alpin oder in der Halle unterwegs seid. Der Nachfolger des legend\u00e4ren Ohm behebt die alten Probleme noch besser dank neue, Design und viel weniger Gewicht.<\/p>\n<p>Drei m\u00f6gliche Bremsstufen federn gro\u00dfe Gewichtsunterschiede zwischen Kletterer und Sicherer ab. Somit verringert es die Chance einer Kollision bzw. Bodensturzes.<\/p>\n<p>Zudem verringert eine Rolle im Ger\u00e4t die Reibung an der 1. <a href=\"https:\/\/bolting.eu\/produkt-kategorie\/kletterausruestung\/expressschlingen\/\">Expressschlinge<\/a>.<\/p>\n<p>Abschlie\u00dfend hat das Ger\u00e4t nur mehr 190 Gramm und ein winziges Packma\u00df.<\/p>\n<h2>Eigenschaften Edelrid OHMEGA<\/h2>\n<ul>\n<li>Hersteller Edelrid<\/li>\n<li>Made in Germany<\/li>\n<li>Material: Edelstahl, Kunststoff, HDPE<\/li>\n<li>Gewicht: 190 Gramm<\/li>\n<li>f\u00fcr <a href=\"https:\/\/bolting.eu\/produkt-kategorie\/kletterausruestung\/kletterseil\/\">Kletterseile<\/a> 8,6 &#8211; 10,5mm<\/li>\n<li>innovativer Bremsassistent f\u00fcr Einfachseile<\/li>\n<li>verringert die Kraft die auf den Sichernden einwirkt<\/li>\n<li>verringert Gefahr von Bodensturz oder Kollisionen in der Luft<\/li>\n<li>drei verstellbare Bremsstufen<\/li>\n<li>bremst auch bei Sturz direkt ins Ger\u00e4t<\/li>\n<li>verursacht am 1. Haken weniger Reibung als eine Express<\/li>\n<li>f\u00fcr die Halle, Klettergarten und Mehrseill\u00e4ngen (Verwendung Einfachseil)<\/li>\n<li>empfohlener Karabiner: <a href=\"https:\/\/bolting.eu\/shop\/petzl-ok-triact-lock\/\">Petzl OK TL<\/a><\/li>\n<li><a href=\"https:\/\/avs.edelrid.com\/images\/attribut\/54732_GAL_OHMEGA_Part_I_Part_II_ANSICHT.pdf?_gl=1*18wzht3*_gcl_au*ODk0NTE1MTguMTc2NTM2NDI0OQ..\" target=\"_blank\" rel=\"noopener\">Bedienungsanleitung<\/a><\/li>\n<\/ul>\n<h3>Produktvideo<\/h3>\n<p>Im Folgenden stellt euch der Edelrid Produktmanager Daniel die Basis Funktionen des Ger\u00e4t nochmals ausf\u00fchrlich vor.<\/p>\n<p>Die &#8220;fortgeschrittenen Funktionen&#8221; werden in einem <a href=\"https:\/\/youtu.be\/za9XNWKRTcU\" target=\"_blank\" rel=\"noopener\">weiteren Video<\/a> vorgestellt.<\/p>\n<p><iframe loading=\"lazy\" title=\"OHMEGA: Basic Functions | EDELRID\" src=\"https:\/\/www.youtube.com\/embed\/cRkLYw0WGqU\" width=\"75%\" height=\"75%\" frameborder=\"0\" allowfullscreen=\"allowfullscreen\"><span data-mce-type=\"bookmark\" style=\"display: inline-block; width: 0px; overflow: hidden; line-height: 0;\" class=\"mce_SELRES_start\">\ufeff<\/span><span data-mce-type=\"bookmark\" style=\"display: inline-block; width: 0px; overflow: hidden; line-height: 0;\" class=\"mce_SELRES_start\">\ufeff<\/span><\/iframe><\/p>\n<h3>Bremsassistent f\u00fcr Einfachseile &#8211; kein &#8220;Vorschaltwiderstand&#8221; mehr<\/h3>\n<p>Das OHMEGA ist ja die Weiterentwicklung des Vorschaltwiderstands &#8220;Ohm&#8221;.<\/p>\n<p>Die \u00fcberarbeitete Version nun jedoch eine gelagerte <a href=\"https:\/\/bolting.eu\/produkt-kategorie\/kletterausruestung\/seilrollen\/\">Seilrolle<\/a> mit aktivem Klemmbacken. Der schwere &#8220;Kopf&#8221; mit dem passiven &#8220;Schlitz&#8221; ist Geschichte.<\/p>\n<p>Somit habt ihr es hier mit einer ganz anderen Art des Mechanismus zu tun. Folglich wird das Ger\u00e4t jetzt eben auch als &#8220;Bremsassistent&#8221; bezeichnet.<\/p>\n","protected":false},"excerpt":{"rendered":"<p>Genialer Bremsassistent (Einfachseile 8,6 &#8211; 10,5mm) mit drei verstellbaren Bremsstufen f\u00fcr Anf\u00e4nger als auch Profis.<\/p>\n<p>Ideal f\u00fcr Seilschaften mit deutlichem Gewichtsunterschied.<\/p>\n<p>Geeignet f\u00fcr die Halle, Klettergarten und Mehrseill\u00e4ngen.<\/p>\n<p>Versandkostenfrei bis 2kg in\u00a0<img decoding=\"async\" class=\"emoji\" role=\"img\" draggable=\"false\" src=\"https:\/\/s.w.org\/images\/core\/emoji\/14.0.0\/svg\/1f1e6-1f1f9.svg\" alt=\"\ud83c\udde6\ud83c\uddf9\" \/>\u00a0ab \u20ac 100,- und\u00a0<img decoding=\"async\" class=\"emoji\" role=\"img\" draggable=\"false\" src=\"https:\/\/s.w.org\/images\/core\/emoji\/14.0.0\/svg\/1f1e9-1f1ea.svg\" alt=\"\ud83c\udde9\ud83c\uddea\" \/>\u00a0ab \u20ac 200,-!<\/p>\n","protected":false},"featured_media":35681,"comment_status":"closed","ping_status":"closed","template":"","meta":[],"product_brand":[],"product_cat":[29,220,4655],"product_tag":[],"class_list":{"0":"post-35676","1":"product","2":"type-product","3":"status-publish","4":"has-post-thumbnail","6":"product_cat-kletterausruestung","7":"product_cat-expressschlingen","8":"product_cat-edelrid","10":"first","11":"instock","12":"sale","13":"taxable","14":"shipping-taxable","15":"purchasable","16":"product-type-simple"},"yoast_head":"<!-- This site is optimized with the Yoast SEO Premium plugin v26.9 (Yoast SEO v26.9) - https:\/\/yoast.com\/product\/yoast-seo-premium-wordpress\/ -->\n<title>Edelrid OHMEGA - Bremsassistent f\u00fcr Einfachseile | bolting.eu<\/title>\n<meta name=\"description\" content=\"Edelrid OHMEGA Bremsassistent f\u00fcr Einfachseile kaufen \u2705 Trusted Shop \u2705 kostenloser Versand* \u2705 14 Tage R\u00fcckgaberecht \u2705 Co2 neutrale Zustellung\" \/>\n<meta name=\"robots\" content=\"index, follow, max-snippet:-1, max-image-preview:large, max-video-preview:-1\" \/>\n<link rel=\"canonical\" href=\"https:\/\/bolting.eu\/en\/shop\/edelrid-ohmega-bremsassistent-einfachseile\/\" \/>\n<meta property=\"og:locale\" content=\"en_US\" \/>\n<meta property=\"og:type\" content=\"article\" \/>\n<meta property=\"og:title\" content=\"Edelrid OHMEGA - Bremsassistent f\u00fcr Einfachseile\" \/>\n<meta property=\"og:description\" content=\"Edelrid OHMEGA Bremsassistent f\u00fcr Einfachseile kaufen \u2705 Trusted Shop \u2705 kostenloser Versand* \u2705 14 Tage R\u00fcckgaberecht \u2705 Co2 neutrale Zustellung\" \/>\n<meta property=\"og:url\" content=\"https:\/\/bolting.eu\/en\/shop\/edelrid-ohmega-bremsassistent-einfachseile\/\" \/>\n<meta property=\"og:site_name\" content=\"bolting.eu\" \/>\n<meta property=\"article:publisher\" content=\"https:\/\/www.facebook.com\/bolting.eu\" \/>\n<meta property=\"article:modified_time\" content=\"2026-04-27T11:58:52+00:00\" \/>\n<meta property=\"og:image\" content=\"https:\/\/bolting.eu\/wp-content\/uploads\/2025\/12\/Edelrid-Ohm-4.jpg\" \/>\n\t<meta property=\"og:image:width\" content=\"700\" \/>\n\t<meta property=\"og:image:height\" content=\"700\" \/>\n\t<meta property=\"og:image:type\" content=\"image\/jpeg\" \/>\n<meta name=\"twitter:card\" content=\"summary_large_image\" \/>\n<meta name=\"twitter:label1\" content=\"Price\" \/>\n\t<meta name=\"twitter:data1\" content=\"&euro;&nbsp;115,00\" \/>\n\t<meta name=\"twitter:label2\" content=\"Availability\" \/>\n\t<meta name=\"twitter:data2\" content=\"In stock\" \/>\n<script type=\"application\/ld+json\" class=\"yoast-schema-graph\">{\"@context\":\"https:\/\/schema.org\",\"@graph\":[{\"@type\":[\"WebPage\",\"ItemPage\"],\"@id\":\"https:\/\/bolting.eu\/en\/shop\/edelrid-ohmega-bremsassistent-einfachseile\/\",\"url\":\"https:\/\/bolting.eu\/en\/shop\/edelrid-ohmega-bremsassistent-einfachseile\/\",\"name\":\"Edelrid OHMEGA - Bremsassistent f\u00fcr Einfachseile | bolting.eu\",\"isPartOf\":{\"@id\":\"https:\/\/bolting.eu\/en\/#website\"},\"primaryImageOfPage\":{\"@id\":\"https:\/\/bolting.eu\/en\/shop\/edelrid-ohmega-bremsassistent-einfachseile\/#primaryimage\"},\"image\":{\"@id\":\"https:\/\/bolting.eu\/en\/shop\/edelrid-ohmega-bremsassistent-einfachseile\/#primaryimage\"},\"thumbnailUrl\":\"https:\/\/bolting.eu\/wp-content\/uploads\/2025\/12\/Edelrid-Ohm-4.jpg\",\"datePublished\":\"2025-12-10T11:48:55+00:00\",\"dateModified\":\"2026-04-27T11:58:52+00:00\",\"description\":\"Edelrid OHMEGA Bremsassistent f\u00fcr Einfachseile kaufen \u2705 Trusted Shop \u2705 kostenloser Versand* \u2705 14 Tage R\u00fcckgaberecht \u2705 Co2 neutrale Zustellung\",\"breadcrumb\":{\"@id\":\"https:\/\/bolting.eu\/en\/shop\/edelrid-ohmega-bremsassistent-einfachseile\/#breadcrumb\"},\"inLanguage\":\"en-US\",\"potentialAction\":[{\"@type\":\"ReadAction\",\"target\":[\"https:\/\/bolting.eu\/en\/shop\/edelrid-ohmega-bremsassistent-einfachseile\/\"]}]},{\"@type\":\"ImageObject\",\"inLanguage\":\"en-US\",\"@id\":\"https:\/\/bolting.eu\/en\/shop\/edelrid-ohmega-bremsassistent-einfachseile\/#primaryimage\",\"url\":\"https:\/\/bolting.eu\/wp-content\/uploads\/2025\/12\/Edelrid-Ohm-4.jpg\",\"contentUrl\":\"https:\/\/bolting.eu\/wp-content\/uploads\/2025\/12\/Edelrid-Ohm-4.jpg\",\"width\":700,\"height\":700,\"caption\":\"Edelrid Ohmega Bremsassistent Einfachseile Vorschaltwiderstand Klettern Ohm Nachfolger Klettershop Innsbruck\"},{\"@type\":\"BreadcrumbList\",\"@id\":\"https:\/\/bolting.eu\/en\/shop\/edelrid-ohmega-bremsassistent-einfachseile\/#breadcrumb\",\"itemListElement\":[{\"@type\":\"ListItem\",\"position\":1,\"name\":\"Shop\",\"item\":\"https:\/\/bolting.eu\/en\/shop\/\"},{\"@type\":\"ListItem\",\"position\":2,\"name\":\"climbing equipment\",\"item\":\"https:\/\/bolting.eu\/en\/produkt-kategorie\/climbing-equipment\/\"},{\"@type\":\"ListItem\",\"position\":3,\"name\":\"Quickdraws\",\"item\":\"https:\/\/bolting.eu\/en\/produkt-kategorie\/quickdraws\/\"},{\"@type\":\"ListItem\",\"position\":4,\"name\":\"Edelrid OHMEGA &#8211; Bremsassistent f\u00fcr Einfachseile\"}]},{\"@type\":\"WebSite\",\"@id\":\"https:\/\/bolting.eu\/en\/#website\",\"url\":\"https:\/\/bolting.eu\/en\/\",\"name\":\"bolting.eu\",\"description\":\"we make climbs happen\",\"publisher\":{\"@id\":\"https:\/\/bolting.eu\/en\/#organization\"},\"potentialAction\":[{\"@type\":\"SearchAction\",\"target\":{\"@type\":\"EntryPoint\",\"urlTemplate\":\"https:\/\/bolting.eu\/en\/?s={search_term_string}\"},\"query-input\":{\"@type\":\"PropertyValueSpecification\",\"valueRequired\":true,\"valueName\":\"search_term_string\"}}],\"inLanguage\":\"en-US\"},{\"@type\":[\"Organization\",\"Place\",\"SportingGoodsStore\"],\"@id\":\"https:\/\/bolting.eu\/en\/#organization\",\"name\":\"bolting.eu\",\"url\":\"https:\/\/bolting.eu\/en\/\",\"logo\":{\"@id\":\"https:\/\/bolting.eu\/en\/shop\/edelrid-ohmega-bremsassistent-einfachseile\/#local-main-organization-logo\"},\"image\":{\"@id\":\"https:\/\/bolting.eu\/en\/shop\/edelrid-ohmega-bremsassistent-einfachseile\/#local-main-organization-logo\"},\"sameAs\":[\"https:\/\/www.facebook.com\/bolting.eu\",\"https:\/\/www.instagram.com\/bolting.eu\/\"],\"address\":{\"@id\":\"https:\/\/bolting.eu\/en\/shop\/edelrid-ohmega-bremsassistent-einfachseile\/#local-main-place-address\"},\"geo\":{\"@type\":\"GeoCoordinates\",\"latitude\":\"47.264176340396226\",\"longitude\":\"11.380109057672346\"},\"telephone\":[\"+43 699 19083372\"],\"openingHoursSpecification\":[{\"@type\":\"OpeningHoursSpecification\",\"dayOfWeek\":[\"Monday\",\"Wednesday\",\"Friday\"],\"opens\":\"14:00\",\"closes\":\"18:00\"},{\"@type\":\"OpeningHoursSpecification\",\"dayOfWeek\":[\"Tuesday\",\"Thursday\",\"Saturday\",\"Sunday\"],\"opens\":\"00:00\",\"closes\":\"00:00\"}],\"email\":\"office@bolting.eu\",\"vatID\":\"ATU59999728\",\"priceRange\":\"$$\",\"currenciesAccepted\":\"Euro\"},{\"@type\":\"PostalAddress\",\"@id\":\"https:\/\/bolting.eu\/en\/shop\/edelrid-ohmega-bremsassistent-einfachseile\/#local-main-place-address\",\"streetAddress\":\"Fischnalerstra\u00dfe 4\",\"addressLocality\":\"Innsbruck\",\"postalCode\":\"6020\",\"addressRegion\":\"Tirol\",\"addressCountry\":\"AT\"},{\"@type\":\"ImageObject\",\"inLanguage\":\"en-US\",\"@id\":\"https:\/\/bolting.eu\/en\/shop\/edelrid-ohmega-bremsassistent-einfachseile\/#local-main-organization-logo\",\"url\":\"https:\/\/bolting.eu\/wp-content\/uploads\/2019\/09\/bolting-logo.png\",\"contentUrl\":\"https:\/\/bolting.eu\/wp-content\/uploads\/2019\/09\/bolting-logo.png\",\"width\":400,\"height\":211,\"caption\":\"bolting.eu\"}]}<\/script>\n<meta property=\"og:video\" content=\"https:\/\/www.youtube.com\/embed\/cRkLYw0WGqU\" \/>\n<meta property=\"og:video:type\" content=\"text\/html\" \/>\n<meta property=\"og:video:duration\" content=\"398\" \/>\n<meta property=\"og:video:width\" content=\"480\" \/>\n<meta property=\"og:video:height\" content=\"270\" \/>\n<meta property=\"ya:ovs:adult\" content=\"false\" \/>\n<meta property=\"ya:ovs:upload_date\" content=\"2025-12-10T11:48:55+00:00\" \/>\n<meta property=\"ya:ovs:allow_embed\" content=\"true\" \/>\n<meta property=\"product:price:amount\" content=\"115.00\" \/>\n<meta property=\"product:price:currency\" content=\"EUR\" \/>\n<meta property=\"og:availability\" content=\"instock\" \/>\n<meta property=\"product:availability\" content=\"instock\" \/>\n<meta property=\"product:retailer_item_id\" content=\"738400001380\" \/>\n<meta property=\"product:condition\" content=\"new\" \/>\n<meta name=\"geo.placename\" content=\"Innsbruck\" \/>\n<meta name=\"geo.position\" content=\"47.264176340396226;11.380109057672346\" \/>\n<meta name=\"geo.region\" content=\"Austria\" \/>\n<!-- \/ Yoast SEO Premium plugin. -->","yoast_head_json":{"title":"Edelrid OHMEGA - Bremsassistent f\u00fcr Einfachseile | bolting.eu","description":"Edelrid OHMEGA Bremsassistent f\u00fcr Einfachseile kaufen \u2705 Trusted Shop \u2705 kostenloser Versand* \u2705 14 Tage R\u00fcckgaberecht \u2705 Co2 neutrale Zustellung","robots":{"index":"index","follow":"follow","max-snippet":"max-snippet:-1","max-image-preview":"max-image-preview:large","max-video-preview":"max-video-preview:-1"},"canonical":"https:\/\/bolting.eu\/en\/shop\/edelrid-ohmega-bremsassistent-einfachseile\/","og_locale":"en_US","og_type":"article","og_title":"Edelrid OHMEGA - Bremsassistent f\u00fcr Einfachseile","og_description":"Edelrid OHMEGA Bremsassistent f\u00fcr Einfachseile kaufen \u2705 Trusted Shop \u2705 kostenloser Versand* \u2705 14 Tage R\u00fcckgaberecht \u2705 Co2 neutrale Zustellung","og_url":"https:\/\/bolting.eu\/en\/shop\/edelrid-ohmega-bremsassistent-einfachseile\/","og_site_name":"bolting.eu","article_publisher":"https:\/\/www.facebook.com\/bolting.eu","article_modified_time":"2026-04-27T11:58:52+00:00","og_image":[{"width":700,"height":700,"url":"https:\/\/bolting.eu\/wp-content\/uploads\/2025\/12\/Edelrid-Ohm-4.jpg","type":"image\/jpeg"}],"twitter_card":"summary_large_image","twitter_misc":{"Price":"&euro;&nbsp;115,00","Availability":"In stock"},"schema":{"@context":"https:\/\/schema.org","@graph":[{"@type":["WebPage","ItemPage"],"@id":"https:\/\/bolting.eu\/en\/shop\/edelrid-ohmega-bremsassistent-einfachseile\/","url":"https:\/\/bolting.eu\/en\/shop\/edelrid-ohmega-bremsassistent-einfachseile\/","name":"Edelrid OHMEGA - Bremsassistent f\u00fcr Einfachseile | bolting.eu","isPartOf":{"@id":"https:\/\/bolting.eu\/en\/#website"},"primaryImageOfPage":{"@id":"https:\/\/bolting.eu\/en\/shop\/edelrid-ohmega-bremsassistent-einfachseile\/#primaryimage"},"image":{"@id":"https:\/\/bolting.eu\/en\/shop\/edelrid-ohmega-bremsassistent-einfachseile\/#primaryimage"},"thumbnailUrl":"https:\/\/bolting.eu\/wp-content\/uploads\/2025\/12\/Edelrid-Ohm-4.jpg","datePublished":"2025-12-10T11:48:55+00:00","dateModified":"2026-04-27T11:58:52+00:00","description":"Edelrid OHMEGA Bremsassistent f\u00fcr Einfachseile kaufen \u2705 Trusted Shop \u2705 kostenloser Versand* \u2705 14 Tage R\u00fcckgaberecht \u2705 Co2 neutrale Zustellung","breadcrumb":{"@id":"https:\/\/bolting.eu\/en\/shop\/edelrid-ohmega-bremsassistent-einfachseile\/#breadcrumb"},"inLanguage":"en-US","potentialAction":[{"@type":"ReadAction","target":["https:\/\/bolting.eu\/en\/shop\/edelrid-ohmega-bremsassistent-einfachseile\/"]}]},{"@type":"ImageObject","inLanguage":"en-US","@id":"https:\/\/bolting.eu\/en\/shop\/edelrid-ohmega-bremsassistent-einfachseile\/#primaryimage","url":"https:\/\/bolting.eu\/wp-content\/uploads\/2025\/12\/Edelrid-Ohm-4.jpg","contentUrl":"https:\/\/bolting.eu\/wp-content\/uploads\/2025\/12\/Edelrid-Ohm-4.jpg","width":700,"height":700,"caption":"Edelrid Ohmega Bremsassistent Einfachseile Vorschaltwiderstand Klettern Ohm Nachfolger Klettershop Innsbruck"},{"@type":"BreadcrumbList","@id":"https:\/\/bolting.eu\/en\/shop\/edelrid-ohmega-bremsassistent-einfachseile\/#breadcrumb","itemListElement":[{"@type":"ListItem","position":1,"name":"Shop","item":"https:\/\/bolting.eu\/en\/shop\/"},{"@type":"ListItem","position":2,"name":"climbing equipment","item":"https:\/\/bolting.eu\/en\/produkt-kategorie\/climbing-equipment\/"},{"@type":"ListItem","position":3,"name":"Quickdraws","item":"https:\/\/bolting.eu\/en\/produkt-kategorie\/quickdraws\/"},{"@type":"ListItem","position":4,"name":"Edelrid OHMEGA &#8211; Bremsassistent f\u00fcr Einfachseile"}]},{"@type":"WebSite","@id":"https:\/\/bolting.eu\/en\/#website","url":"https:\/\/bolting.eu\/en\/","name":"bolting.eu","description":"we make climbs happen","publisher":{"@id":"https:\/\/bolting.eu\/en\/#organization"},"potentialAction":[{"@type":"SearchAction","target":{"@type":"EntryPoint","urlTemplate":"https:\/\/bolting.eu\/en\/?s={search_term_string}"},"query-input":{"@type":"PropertyValueSpecification","valueRequired":true,"valueName":"search_term_string"}}],"inLanguage":"en-US"},{"@type":["Organization","Place","SportingGoodsStore"],"@id":"https:\/\/bolting.eu\/en\/#organization","name":"bolting.eu","url":"https:\/\/bolting.eu\/en\/","logo":{"@id":"https:\/\/bolting.eu\/en\/shop\/edelrid-ohmega-bremsassistent-einfachseile\/#local-main-organization-logo"},"image":{"@id":"https:\/\/bolting.eu\/en\/shop\/edelrid-ohmega-bremsassistent-einfachseile\/#local-main-organization-logo"},"sameAs":["https:\/\/www.facebook.com\/bolting.eu","https:\/\/www.instagram.com\/bolting.eu\/"],"address":{"@id":"https:\/\/bolting.eu\/en\/shop\/edelrid-ohmega-bremsassistent-einfachseile\/#local-main-place-address"},"geo":{"@type":"GeoCoordinates","latitude":"47.264176340396226","longitude":"11.380109057672346"},"telephone":["+43 699 19083372"],"openingHoursSpecification":[{"@type":"OpeningHoursSpecification","dayOfWeek":["Monday","Wednesday","Friday"],"opens":"14:00","closes":"18:00"},{"@type":"OpeningHoursSpecification","dayOfWeek":["Tuesday","Thursday","Saturday","Sunday"],"opens":"00:00","closes":"00:00"}],"email":"office@bolting.eu","vatID":"ATU59999728","priceRange":"$$","currenciesAccepted":"Euro"},{"@type":"PostalAddress","@id":"https:\/\/bolting.eu\/en\/shop\/edelrid-ohmega-bremsassistent-einfachseile\/#local-main-place-address","streetAddress":"Fischnalerstra\u00dfe 4","addressLocality":"Innsbruck","postalCode":"6020","addressRegion":"Tirol","addressCountry":"AT"},{"@type":"ImageObject","inLanguage":"en-US","@id":"https:\/\/bolting.eu\/en\/shop\/edelrid-ohmega-bremsassistent-einfachseile\/#local-main-organization-logo","url":"https:\/\/bolting.eu\/wp-content\/uploads\/2019\/09\/bolting-logo.png","contentUrl":"https:\/\/bolting.eu\/wp-content\/uploads\/2019\/09\/bolting-logo.png","width":400,"height":211,"caption":"bolting.eu"}]},"og_video":"https:\/\/www.youtube.com\/embed\/cRkLYw0WGqU","og_video_type":"text\/html","og_video_duration":"398","og_video_width":"480","og_video_height":"270","ya_ovs_adult":"false","ya_ovs_upload_date":"2025-12-10T11:48:55+00:00","ya_ovs_allow_embed":"true","product_price_amount":"115.00","product_price_currency":"EUR","og_availability":"instock","product_availability":"instock","product_retailer_item_id":"738400001380","product_condition":"new","geo.placename":"Innsbruck","geo.position":{"lat":"47.264176340396226","long":"11.380109057672346"},"geo.region":"Austria"},"_links":{"self":[{"href":"https:\/\/bolting.eu\/en\/wp-json\/wp\/v2\/product\/35676","targetHints":{"allow":["GET"]}}],"collection":[{"href":"https:\/\/bolting.eu\/en\/wp-json\/wp\/v2\/product"}],"about":[{"href":"https:\/\/bolting.eu\/en\/wp-json\/wp\/v2\/types\/product"}],"replies":[{"embeddable":true,"href":"https:\/\/bolting.eu\/en\/wp-json\/wp\/v2\/comments?post=35676"}],"wp:featuredmedia":[{"embeddable":true,"href":"https:\/\/bolting.eu\/en\/wp-json\/wp\/v2\/media\/35681"}],"wp:attachment":[{"href":"https:\/\/bolting.eu\/en\/wp-json\/wp\/v2\/media?parent=35676"}],"wp:term":[{"taxonomy":"product_brand","embeddable":true,"href":"https:\/\/bolting.eu\/en\/wp-json\/wp\/v2\/product_brand?post=35676"},{"taxonomy":"product_cat","embeddable":true,"href":"https:\/\/bolting.eu\/en\/wp-json\/wp\/v2\/product_cat?post=35676"},{"taxonomy":"product_tag","embeddable":true,"href":"https:\/\/bolting.eu\/en\/wp-json\/wp\/v2\/product_tag?post=35676"}],"curies":[{"name":"wp","href":"https:\/\/api.w.org\/{rel}","templated":true}]}}