{"id":3566,"date":"2020-05-28T13:47:28","date_gmt":"2020-05-28T11:47:28","guid":{"rendered":"https:\/\/bolting.eu\/?post_type=product&#038;p=3566"},"modified":"2026-04-08T18:47:04","modified_gmt":"2026-04-08T16:47:04","slug":"moon-trad-chalkbag","status":"publish","type":"product","link":"https:\/\/bolting.eu\/en\/shop\/moon-trad-chalkbag\/","title":{"rendered":"Moon Trad Chalkbag"},"content":{"rendered":"<p>Das Moon Trad Chalkbag ist der mittelgro\u00dfe <a href=\"https:\/\/bolting.eu\/produkt-kategorie\/chalkbag\/\">Magnesiumbeutel<\/a> dieser Marke. Es zeichnet sich durch ein paar richtig coole Features aus.<\/p>\n<p>Erstens dem langlebigen P600D Ripstop Nylon. Damit ist dieses Bag quasi nicht kaputt zu kriegen. Zweitens hat es den genialen &#8220;Popper-Lock&#8221; Verschluss der ohne Kordel und Tanka auskommt. So quillt kein Chalk beim Transport im Rucksack heraus. Und drittens wird dieses Chalkbag mit verstellbarem H\u00fcftband und Verschluss geliefert.<\/p>\n<p>Kurzum. Kletterherz was willst du mehr!<\/p>\n<h3>Eigenschaften Moon Trad Chalkbag<\/h3>\n<ul>\n<li>Hersteller: <a href=\"https:\/\/bolting.eu\/produkt-kategorie\/moon\/\">Moon Climbing<\/a><\/li>\n<li>gro\u00df und perfekt f\u00fcr getapete H\u00e4nde<\/li>\n<li>Durchmesser: 14 cm<\/li>\n<li>Popper-Lock Verschluss System<\/li>\n<li>B\u00fcrstenhalterung seitlich<\/li>\n<li>gesticktes logo auf der Vorderseite<\/li>\n<li>inkl. verstellbarem H\u00fcftband<\/li>\n<li>extrem langlebig<\/li>\n<li>Farben: rot -blau &#8211; schwarz<\/li>\n<\/ul>\n<figure id=\"attachment_3572\" aria-describedby=\"caption-attachment-3572\" style=\"width: 762px\" class=\"wp-caption alignnone\"><a href=\"https:\/\/bolting.eu\/wp-content\/uploads\/2020\/05\/Moon-Trad-Chalkbag-Modelle-2.jpg\"><img loading=\"lazy\" decoding=\"async\" class=\"wp-image-3572 size-medium\" src=\"https:\/\/bolting.eu\/wp-content\/uploads\/2020\/05\/Moon-Trad-Chalkbag-Modelle-2-762x400.jpg\" alt=\"Das Bild zeigt drei Moon Trad Chalkbag Modelle. Von links nach rechts ist ein roter, schwarzer und blauer Magnesiumbeutel Tradklettern zu sehen.\" width=\"762\" height=\"400\" srcset=\"https:\/\/bolting.eu\/wp-content\/uploads\/2020\/05\/Moon-Trad-Chalkbag-Modelle-2-762x400.jpg 762w, https:\/\/bolting.eu\/wp-content\/uploads\/2020\/05\/Moon-Trad-Chalkbag-Modelle-2-510x268.jpg 510w, https:\/\/bolting.eu\/wp-content\/uploads\/2020\/05\/Moon-Trad-Chalkbag-Modelle-2-768x403.jpg 768w, https:\/\/bolting.eu\/wp-content\/uploads\/2020\/05\/Moon-Trad-Chalkbag-Modelle-2-600x315.jpg 600w, https:\/\/bolting.eu\/wp-content\/uploads\/2020\/05\/Moon-Trad-Chalkbag-Modelle-2.jpg 1200w\" sizes=\"auto, (max-width: 762px) 100vw, 762px\" \/><\/a><figcaption id=\"caption-attachment-3572\" class=\"wp-caption-text\">Unsere Moon Trad Chalkbag Auswahl bei bolting.eu<\/figcaption><\/figure>\n<h3>Ideal f\u00fcr kleinere H\u00e4nde<\/h3>\n<p>Das Moon Trad Chalkbag ist wie bereits erw\u00e4hnt das mittelgro\u00dfe dieses Herstellers. Es ist f\u00fcr alle Kletterer gedacht die entweder gro\u00dfe H\u00e4nde haben. Oder die ihre H\u00e4nde zum Trad Klettern eingetaped haben. Mit einem Durchmesser von 14cm sollte das super passen. Das n\u00e4chst gr\u00f6\u00dfere Chalkbag ist \u00fcbrigens das Boulder Chalkbag.<\/p>\n<h3>Video Moon Trad Chalkbag<\/h3>\n<p>Im Folgenden gibt es ein Video, wo dieser Magnesiumbeutel vorgestellt wird. Alleine schon wegen dem coolen Akzent anschauen Leute \ud83d\ude42<\/p>\n<p><iframe loading=\"lazy\" src=\"https:\/\/www.youtube.com\/embed\/h6MP5rpwFm4\" width=\"100%\" height=\"450\" frameborder=\"0\" allowfullscreen=\"allowfullscreen\"><span data-mce-type=\"bookmark\" style=\"display: inline-block; width: 0px; overflow: hidden; line-height: 0;\" class=\"mce_SELRES_start\">\ufeff<\/span><span data-mce-type=\"bookmark\" style=\"display: inline-block; width: 0px; overflow: hidden; line-height: 0;\" class=\"mce_SELRES_start\">\ufeff<\/span><\/iframe><\/p>\n<h3>Moon Chalkbags<\/h3>\n<p>Wir haben drei verschiedene Moon Magnesiumbeutel im Programm. Neben dem Moon Trad Chalkbag haben wir zudem auch das kleinere Sport Chalkbag. Und des weiteren zwei unterschiedliche <a href=\"https:\/\/bolting.eu\/produkt-kategorie\/chalkbag\/chalkbag-bouldern\/\">Boulder Chalkbags<\/a>. Zum einen das Boulder Chalkbag. Und zum anderen das Bouldering Chalkbag Deluxe.<\/p>\n<p>Egal welche Gr\u00f6\u00dfe, welche Farbe, und wieviel <a href=\"https:\/\/bolting.eu\/produkt-kategorie\/chalk-klettern\/\">Kletter Chalk<\/a> ihr nehmt. Wenn euch die Marke Moon gef\u00e4llt dann seid ihr bei uns genau richtig.<\/p>\n<h3>Praxis Tipp &#8211; Chalk<\/h3>\n<p>Jede Haut ist verschieden. Zudem hat jeder von uns hat ein anderes Schwitz-Verhalten auf den H\u00e4nden. Deshalb empfehlen wir euch beim Magnesium f\u00fcr euer Moon Trad Chalkbag etwas herum zu probieren. Versucht heraus zu finden, welches Chalk f\u00fcr Euch das Beste ist. Es lohnt sich hier etwas Zeit und Geld aufzuwenden. Denn ist die Lieblingssorte einmal gefunden, f\u00e4llt Nachschub besorgen nicht mehr schwer!<\/p>\n<p>Link Tipp: <a href=\"https:\/\/moonclimbing.com\/\" target=\"_blank\" rel=\"noopener noreferrer\">zum Hersteller<\/a><\/p>\n","protected":false},"excerpt":{"rendered":"<ul>\n<li>Hersteller: Moon Climbing<\/li>\n<li>gro\u00df und perfekt f\u00fcr getapete H\u00e4nde<\/li>\n<li>Durchmesser: 14 cm<\/li>\n<li>Popper-Lock Verschluss System<\/li>\n<li>B\u00fcrstenhalterung seitlich<\/li>\n<li>gesticktes logo auf der Vorderseite<\/li>\n<li>inkl. verstellbarem H\u00fcftband<\/li>\n<li>extrem langlebig<\/li>\n<li>Farben: rot -blau &#8211; schwarz<\/li>\n<\/ul>\n","protected":false},"featured_media":3571,"comment_status":"open","ping_status":"closed","template":"","meta":[],"product_brand":[],"product_cat":[5006,5790,29,8333,14319],"product_tag":[264],"class_list":{"0":"post-3566","1":"product","2":"type-product","3":"status-publish","4":"has-post-thumbnail","6":"product_cat-chalkbag","7":"product_cat-chalkbag-gross","8":"product_cat-kletterausruestung","9":"product_cat-moon","10":"product_cat-sale-klettern","11":"product_tag-sportklettern","13":"first","14":"instock","15":"sale","16":"taxable","17":"shipping-taxable","18":"purchasable","19":"product-type-variable","20":"has-default-attributes"},"yoast_head":"<!-- This site is optimized with the Yoast SEO Premium plugin v26.9 (Yoast SEO v26.9) - https:\/\/yoast.com\/product\/yoast-seo-premium-wordpress\/ -->\n<title>Moon Trad Chalkbag jetzt online kaufen beim Kletter Experten | bolting.eu<\/title>\n<meta name=\"description\" content=\"Hier findest Du das MOON Trad CHALKBAG. Einen gro\u00dfen Magnesiumbeutel f\u00fcr alle Kletterdisziplinen. Jetzt online kaufen beim Kletterprofi aus \ud83c\udde6\ud83c\uddf9!\" \/>\n<meta name=\"robots\" content=\"index, follow, max-snippet:-1, max-image-preview:large, max-video-preview:-1\" \/>\n<link rel=\"canonical\" href=\"https:\/\/bolting.eu\/en\/shop\/moon-trad-chalkbag\/\" \/>\n<meta property=\"og:locale\" content=\"en_US\" \/>\n<meta property=\"og:type\" content=\"article\" \/>\n<meta property=\"og:title\" content=\"Moon Trad Chalkbag\" \/>\n<meta property=\"og:description\" content=\"Hier findest Du das MOON Trad CHALKBAG. Einen gro\u00dfen Magnesiumbeutel f\u00fcr alle Kletterdisziplinen. Jetzt online kaufen beim Kletterprofi aus \ud83c\udde6\ud83c\uddf9!\" \/>\n<meta property=\"og:url\" content=\"https:\/\/bolting.eu\/en\/shop\/moon-trad-chalkbag\/\" \/>\n<meta property=\"og:site_name\" content=\"bolting.eu\" \/>\n<meta property=\"article:publisher\" content=\"https:\/\/www.facebook.com\/bolting.eu\" \/>\n<meta property=\"article:modified_time\" content=\"2026-04-08T16:47:04+00:00\" \/>\n<meta property=\"og:image\" content=\"https:\/\/bolting.eu\/wp-content\/uploads\/2020\/05\/Moon-Trad-Chalkbag-159-rot.jpg\" \/>\n\t<meta property=\"og:image:width\" content=\"700\" \/>\n\t<meta property=\"og:image:height\" content=\"700\" \/>\n\t<meta property=\"og:image:type\" content=\"image\/jpeg\" \/>\n<meta name=\"twitter:card\" content=\"summary_large_image\" \/>\n<meta name=\"twitter:label1\" content=\"Availability\" \/>\n\t<meta name=\"twitter:data1\" content=\"In stock\" \/>\n<script type=\"application\/ld+json\" class=\"yoast-schema-graph\">{\"@context\":\"https:\/\/schema.org\",\"@graph\":[{\"@type\":[\"WebPage\",\"ItemPage\"],\"@id\":\"https:\/\/bolting.eu\/en\/shop\/moon-trad-chalkbag\/\",\"url\":\"https:\/\/bolting.eu\/en\/shop\/moon-trad-chalkbag\/\",\"name\":\"Moon Trad Chalkbag jetzt online kaufen beim Kletter Experten | bolting.eu\",\"isPartOf\":{\"@id\":\"https:\/\/bolting.eu\/en\/#website\"},\"primaryImageOfPage\":{\"@id\":\"https:\/\/bolting.eu\/en\/shop\/moon-trad-chalkbag\/#primaryimage\"},\"image\":{\"@id\":\"https:\/\/bolting.eu\/en\/shop\/moon-trad-chalkbag\/#primaryimage\"},\"thumbnailUrl\":\"https:\/\/bolting.eu\/wp-content\/uploads\/2020\/05\/Moon-Trad-Chalkbag-159-rot.jpg\",\"datePublished\":\"2020-05-28T11:47:28+00:00\",\"dateModified\":\"2026-04-08T16:47:04+00:00\",\"description\":\"Hier findest Du das MOON Trad CHALKBAG. Einen gro\u00dfen Magnesiumbeutel f\u00fcr alle Kletterdisziplinen. Jetzt online kaufen beim Kletterprofi aus \ud83c\udde6\ud83c\uddf9!\",\"breadcrumb\":{\"@id\":\"https:\/\/bolting.eu\/en\/shop\/moon-trad-chalkbag\/#breadcrumb\"},\"inLanguage\":\"en-US\",\"potentialAction\":[{\"@type\":\"ReadAction\",\"target\":[\"https:\/\/bolting.eu\/en\/shop\/moon-trad-chalkbag\/\"]}]},{\"@type\":\"ImageObject\",\"inLanguage\":\"en-US\",\"@id\":\"https:\/\/bolting.eu\/en\/shop\/moon-trad-chalkbag\/#primaryimage\",\"url\":\"https:\/\/bolting.eu\/wp-content\/uploads\/2020\/05\/Moon-Trad-Chalkbag-159-rot.jpg\",\"contentUrl\":\"https:\/\/bolting.eu\/wp-content\/uploads\/2020\/05\/Moon-Trad-Chalkbag-159-rot.jpg\",\"width\":700,\"height\":700,\"caption\":\"Das Bild zeigt das Moon Trad Chalkbag. Der rote Magnesiumbeutel ist in Bildmitte zu sehen. Man erkennt alle Produktdetails und das H\u00fcftband.\"},{\"@type\":\"BreadcrumbList\",\"@id\":\"https:\/\/bolting.eu\/en\/shop\/moon-trad-chalkbag\/#breadcrumb\",\"itemListElement\":[{\"@type\":\"ListItem\",\"position\":1,\"name\":\"Shop\",\"item\":\"https:\/\/bolting.eu\/en\/shop\/\"},{\"@type\":\"ListItem\",\"position\":2,\"name\":\"climbing equipment\",\"item\":\"https:\/\/bolting.eu\/en\/produkt-kategorie\/climbing-equipment\/\"},{\"@type\":\"ListItem\",\"position\":3,\"name\":\"Chalkbag\",\"item\":\"https:\/\/bolting.eu\/produkt-kategorie\/kletterausruestung\/chalkbag\/\"},{\"@type\":\"ListItem\",\"position\":4,\"name\":\"Moon Trad Chalkbag\"}]},{\"@type\":\"WebSite\",\"@id\":\"https:\/\/bolting.eu\/en\/#website\",\"url\":\"https:\/\/bolting.eu\/en\/\",\"name\":\"bolting.eu\",\"description\":\"we make climbs happen\",\"publisher\":{\"@id\":\"https:\/\/bolting.eu\/en\/#organization\"},\"potentialAction\":[{\"@type\":\"SearchAction\",\"target\":{\"@type\":\"EntryPoint\",\"urlTemplate\":\"https:\/\/bolting.eu\/en\/?s={search_term_string}\"},\"query-input\":{\"@type\":\"PropertyValueSpecification\",\"valueRequired\":true,\"valueName\":\"search_term_string\"}}],\"inLanguage\":\"en-US\"},{\"@type\":[\"Organization\",\"Place\",\"SportingGoodsStore\"],\"@id\":\"https:\/\/bolting.eu\/en\/#organization\",\"name\":\"bolting.eu\",\"url\":\"https:\/\/bolting.eu\/en\/\",\"logo\":{\"@id\":\"https:\/\/bolting.eu\/en\/shop\/moon-trad-chalkbag\/#local-main-organization-logo\"},\"image\":{\"@id\":\"https:\/\/bolting.eu\/en\/shop\/moon-trad-chalkbag\/#local-main-organization-logo\"},\"sameAs\":[\"https:\/\/www.facebook.com\/bolting.eu\",\"https:\/\/www.instagram.com\/bolting.eu\/\"],\"address\":{\"@id\":\"https:\/\/bolting.eu\/en\/shop\/moon-trad-chalkbag\/#local-main-place-address\"},\"geo\":{\"@type\":\"GeoCoordinates\",\"latitude\":\"47.264176340396226\",\"longitude\":\"11.380109057672346\"},\"telephone\":[\"+43 699 19083372\"],\"openingHoursSpecification\":[{\"@type\":\"OpeningHoursSpecification\",\"dayOfWeek\":[\"Monday\",\"Wednesday\",\"Friday\"],\"opens\":\"14:00\",\"closes\":\"18:00\"},{\"@type\":\"OpeningHoursSpecification\",\"dayOfWeek\":[\"Tuesday\",\"Thursday\",\"Saturday\",\"Sunday\"],\"opens\":\"00:00\",\"closes\":\"00:00\"}],\"email\":\"office@bolting.eu\",\"vatID\":\"ATU59999728\",\"priceRange\":\"$$\",\"currenciesAccepted\":\"Euro\"},{\"@type\":\"PostalAddress\",\"@id\":\"https:\/\/bolting.eu\/en\/shop\/moon-trad-chalkbag\/#local-main-place-address\",\"streetAddress\":\"Fischnalerstra\u00dfe 4\",\"addressLocality\":\"Innsbruck\",\"postalCode\":\"6020\",\"addressRegion\":\"Tirol\",\"addressCountry\":\"AT\"},{\"@type\":\"ImageObject\",\"inLanguage\":\"en-US\",\"@id\":\"https:\/\/bolting.eu\/en\/shop\/moon-trad-chalkbag\/#local-main-organization-logo\",\"url\":\"https:\/\/bolting.eu\/wp-content\/uploads\/2019\/09\/bolting-logo.png\",\"contentUrl\":\"https:\/\/bolting.eu\/wp-content\/uploads\/2019\/09\/bolting-logo.png\",\"width\":400,\"height\":211,\"caption\":\"bolting.eu\"}]}<\/script>\n<meta property=\"og:video\" content=\"https:\/\/www.youtube.com\/embed\/h6MP5rpwFm4\" \/>\n<meta property=\"og:video:type\" content=\"text\/html\" \/>\n<meta property=\"og:video:duration\" content=\"24\" \/>\n<meta property=\"og:video:width\" content=\"480\" \/>\n<meta property=\"og:video:height\" content=\"360\" \/>\n<meta property=\"ya:ovs:adult\" content=\"false\" \/>\n<meta property=\"ya:ovs:upload_date\" content=\"2020-05-28T11:47:28+00:00\" \/>\n<meta property=\"ya:ovs:allow_embed\" content=\"true\" \/>\n<meta property=\"og:availability\" content=\"instock\" \/>\n<meta property=\"product:availability\" content=\"instock\" \/>\n<meta property=\"product:condition\" content=\"new\" \/>\n<meta name=\"geo.placename\" content=\"Innsbruck\" \/>\n<meta name=\"geo.position\" content=\"47.264176340396226;11.380109057672346\" \/>\n<meta name=\"geo.region\" content=\"Austria\" \/>\n<!-- \/ Yoast SEO Premium plugin. -->","yoast_head_json":{"title":"Moon Trad Chalkbag jetzt online kaufen beim Kletter Experten | bolting.eu","description":"Hier findest Du das MOON Trad CHALKBAG. Einen gro\u00dfen Magnesiumbeutel f\u00fcr alle Kletterdisziplinen. Jetzt online kaufen beim Kletterprofi aus \ud83c\udde6\ud83c\uddf9!","robots":{"index":"index","follow":"follow","max-snippet":"max-snippet:-1","max-image-preview":"max-image-preview:large","max-video-preview":"max-video-preview:-1"},"canonical":"https:\/\/bolting.eu\/en\/shop\/moon-trad-chalkbag\/","og_locale":"en_US","og_type":"article","og_title":"Moon Trad Chalkbag","og_description":"Hier findest Du das MOON Trad CHALKBAG. Einen gro\u00dfen Magnesiumbeutel f\u00fcr alle Kletterdisziplinen. Jetzt online kaufen beim Kletterprofi aus \ud83c\udde6\ud83c\uddf9!","og_url":"https:\/\/bolting.eu\/en\/shop\/moon-trad-chalkbag\/","og_site_name":"bolting.eu","article_publisher":"https:\/\/www.facebook.com\/bolting.eu","article_modified_time":"2026-04-08T16:47:04+00:00","og_image":[{"width":700,"height":700,"url":"https:\/\/bolting.eu\/wp-content\/uploads\/2020\/05\/Moon-Trad-Chalkbag-159-rot.jpg","type":"image\/jpeg"}],"twitter_card":"summary_large_image","twitter_misc":{"Availability":"In stock"},"schema":{"@context":"https:\/\/schema.org","@graph":[{"@type":["WebPage","ItemPage"],"@id":"https:\/\/bolting.eu\/en\/shop\/moon-trad-chalkbag\/","url":"https:\/\/bolting.eu\/en\/shop\/moon-trad-chalkbag\/","name":"Moon Trad Chalkbag jetzt online kaufen beim Kletter Experten | bolting.eu","isPartOf":{"@id":"https:\/\/bolting.eu\/en\/#website"},"primaryImageOfPage":{"@id":"https:\/\/bolting.eu\/en\/shop\/moon-trad-chalkbag\/#primaryimage"},"image":{"@id":"https:\/\/bolting.eu\/en\/shop\/moon-trad-chalkbag\/#primaryimage"},"thumbnailUrl":"https:\/\/bolting.eu\/wp-content\/uploads\/2020\/05\/Moon-Trad-Chalkbag-159-rot.jpg","datePublished":"2020-05-28T11:47:28+00:00","dateModified":"2026-04-08T16:47:04+00:00","description":"Hier findest Du das MOON Trad CHALKBAG. Einen gro\u00dfen Magnesiumbeutel f\u00fcr alle Kletterdisziplinen. Jetzt online kaufen beim Kletterprofi aus \ud83c\udde6\ud83c\uddf9!","breadcrumb":{"@id":"https:\/\/bolting.eu\/en\/shop\/moon-trad-chalkbag\/#breadcrumb"},"inLanguage":"en-US","potentialAction":[{"@type":"ReadAction","target":["https:\/\/bolting.eu\/en\/shop\/moon-trad-chalkbag\/"]}]},{"@type":"ImageObject","inLanguage":"en-US","@id":"https:\/\/bolting.eu\/en\/shop\/moon-trad-chalkbag\/#primaryimage","url":"https:\/\/bolting.eu\/wp-content\/uploads\/2020\/05\/Moon-Trad-Chalkbag-159-rot.jpg","contentUrl":"https:\/\/bolting.eu\/wp-content\/uploads\/2020\/05\/Moon-Trad-Chalkbag-159-rot.jpg","width":700,"height":700,"caption":"Das Bild zeigt das Moon Trad Chalkbag. Der rote Magnesiumbeutel ist in Bildmitte zu sehen. Man erkennt alle Produktdetails und das H\u00fcftband."},{"@type":"BreadcrumbList","@id":"https:\/\/bolting.eu\/en\/shop\/moon-trad-chalkbag\/#breadcrumb","itemListElement":[{"@type":"ListItem","position":1,"name":"Shop","item":"https:\/\/bolting.eu\/en\/shop\/"},{"@type":"ListItem","position":2,"name":"climbing equipment","item":"https:\/\/bolting.eu\/en\/produkt-kategorie\/climbing-equipment\/"},{"@type":"ListItem","position":3,"name":"Chalkbag","item":"https:\/\/bolting.eu\/produkt-kategorie\/kletterausruestung\/chalkbag\/"},{"@type":"ListItem","position":4,"name":"Moon Trad Chalkbag"}]},{"@type":"WebSite","@id":"https:\/\/bolting.eu\/en\/#website","url":"https:\/\/bolting.eu\/en\/","name":"bolting.eu","description":"we make climbs happen","publisher":{"@id":"https:\/\/bolting.eu\/en\/#organization"},"potentialAction":[{"@type":"SearchAction","target":{"@type":"EntryPoint","urlTemplate":"https:\/\/bolting.eu\/en\/?s={search_term_string}"},"query-input":{"@type":"PropertyValueSpecification","valueRequired":true,"valueName":"search_term_string"}}],"inLanguage":"en-US"},{"@type":["Organization","Place","SportingGoodsStore"],"@id":"https:\/\/bolting.eu\/en\/#organization","name":"bolting.eu","url":"https:\/\/bolting.eu\/en\/","logo":{"@id":"https:\/\/bolting.eu\/en\/shop\/moon-trad-chalkbag\/#local-main-organization-logo"},"image":{"@id":"https:\/\/bolting.eu\/en\/shop\/moon-trad-chalkbag\/#local-main-organization-logo"},"sameAs":["https:\/\/www.facebook.com\/bolting.eu","https:\/\/www.instagram.com\/bolting.eu\/"],"address":{"@id":"https:\/\/bolting.eu\/en\/shop\/moon-trad-chalkbag\/#local-main-place-address"},"geo":{"@type":"GeoCoordinates","latitude":"47.264176340396226","longitude":"11.380109057672346"},"telephone":["+43 699 19083372"],"openingHoursSpecification":[{"@type":"OpeningHoursSpecification","dayOfWeek":["Monday","Wednesday","Friday"],"opens":"14:00","closes":"18:00"},{"@type":"OpeningHoursSpecification","dayOfWeek":["Tuesday","Thursday","Saturday","Sunday"],"opens":"00:00","closes":"00:00"}],"email":"office@bolting.eu","vatID":"ATU59999728","priceRange":"$$","currenciesAccepted":"Euro"},{"@type":"PostalAddress","@id":"https:\/\/bolting.eu\/en\/shop\/moon-trad-chalkbag\/#local-main-place-address","streetAddress":"Fischnalerstra\u00dfe 4","addressLocality":"Innsbruck","postalCode":"6020","addressRegion":"Tirol","addressCountry":"AT"},{"@type":"ImageObject","inLanguage":"en-US","@id":"https:\/\/bolting.eu\/en\/shop\/moon-trad-chalkbag\/#local-main-organization-logo","url":"https:\/\/bolting.eu\/wp-content\/uploads\/2019\/09\/bolting-logo.png","contentUrl":"https:\/\/bolting.eu\/wp-content\/uploads\/2019\/09\/bolting-logo.png","width":400,"height":211,"caption":"bolting.eu"}]},"og_video":"https:\/\/www.youtube.com\/embed\/h6MP5rpwFm4","og_video_type":"text\/html","og_video_duration":"24","og_video_width":"480","og_video_height":"360","ya_ovs_adult":"false","ya_ovs_upload_date":"2020-05-28T11:47:28+00:00","ya_ovs_allow_embed":"true","og_availability":"instock","product_availability":"instock","product_condition":"new","geo.placename":"Innsbruck","geo.position":{"lat":"47.264176340396226","long":"11.380109057672346"},"geo.region":"Austria"},"_links":{"self":[{"href":"https:\/\/bolting.eu\/en\/wp-json\/wp\/v2\/product\/3566","targetHints":{"allow":["GET"]}}],"collection":[{"href":"https:\/\/bolting.eu\/en\/wp-json\/wp\/v2\/product"}],"about":[{"href":"https:\/\/bolting.eu\/en\/wp-json\/wp\/v2\/types\/product"}],"replies":[{"embeddable":true,"href":"https:\/\/bolting.eu\/en\/wp-json\/wp\/v2\/comments?post=3566"}],"wp:featuredmedia":[{"embeddable":true,"href":"https:\/\/bolting.eu\/en\/wp-json\/wp\/v2\/media\/3571"}],"wp:attachment":[{"href":"https:\/\/bolting.eu\/en\/wp-json\/wp\/v2\/media?parent=3566"}],"wp:term":[{"taxonomy":"product_brand","embeddable":true,"href":"https:\/\/bolting.eu\/en\/wp-json\/wp\/v2\/product_brand?post=3566"},{"taxonomy":"product_cat","embeddable":true,"href":"https:\/\/bolting.eu\/en\/wp-json\/wp\/v2\/product_cat?post=3566"},{"taxonomy":"product_tag","embeddable":true,"href":"https:\/\/bolting.eu\/en\/wp-json\/wp\/v2\/product_tag?post=3566"}],"curies":[{"name":"wp","href":"https:\/\/api.w.org\/{rel}","templated":true}]}}